{"id":10388,"date":"2024-05-28T10:02:10","date_gmt":"2024-05-28T07:02:10","guid":{"rendered":"https:\/\/jak.fi\/products\/bez-kategorii\/gilotyna\/"},"modified":"2025-08-21T15:15:28","modified_gmt":"2025-08-21T12:15:28","slug":"gilotyna","status":"publish","type":"product","link":"https:\/\/jak.fi\/pl\/produkty\/akcesoria-do-glowic-biomasowych\/gilotyna\/","title":{"rendered":"Gilotyna"},"content":{"rendered":"<h2 data-start=\"101\" data-end=\"167\">Gilotyna JAK &#8211; wydajne akcesorium do g\u0142owicy biomasowej<\/h2>\n<p data-start=\"169\" data-end=\"369\"><strong data-start=\"169\" data-end=\"194\">Gilotyna JAK<\/strong> sprawia, \u017ce korzystanie z g\u0142owicy biomasowej jest dok\u0142adniejsze, bardziej wszechstronne i bezpieczniejsze. Urz\u0105dzenie umo\u017cliwia wydajne ci\u0119cie i obr\u00f3bk\u0119 drzew bez zb\u0119dnych operacji. <\/p>\n<h3 data-start=\"371\" data-end=\"409\">Skuteczne roz\u0142\u0105czanie i kontrolowany chwyt<\/h3>\n<p data-start=\"410\" data-end=\"746\"><strong data-start=\"410\" data-end=\"439\">Gilotyna JAK-350<\/strong> zgrabnie tnie k\u0142ody o grubo\u015bci do 350 mm. W\u0105skie ostrza zapewniaj\u0105 r\u00f3wnie\u017c \u0142atwe ci\u0119cie ma\u0142ych i elastycznych wierzb. Wysoka konstrukcja g\u0142owicy biomasowej w po\u0142\u0105czeniu z dwustopniow\u0105 funkcj\u0105 ci\u0119cia sprawia, \u017ce nawet grube pnie pozostaj\u0105 pewnie w u\u015bcisku szcz\u0119k przez ca\u0142y cykl roboczy.  <\/p>\n<h3 data-start=\"748\" data-end=\"799\">Wszechstronne zastosowanie bez konieczno\u015bci demonta\u017cu ostrzy<\/h3>\n<p data-start=\"800\" data-end=\"980\">Gdy lemiesz jest otwarty, g\u0142owica biomasowa mo\u017ce by\u0107 u\u017cywana bez wysi\u0142ku do za\u0142adunku, przenoszenia pali i przenoszenia drzew. Zapewnia to elastyczno\u015b\u0107 pracy bez konieczno\u015bci demonta\u017cu ostrzy. <\/p>\n<h3 data-start=\"982\" data-end=\"1013\">\u0141atwa instalacja i u\u017cytkowanie<\/h3>\n<p data-start=\"1014\" data-end=\"1323\">Jednostka gilotynowa jest opcjonalnym akcesorium, kt\u00f3re mo\u017cna \u0142atwo zainstalowa\u0107 w dolnej cz\u0119\u015bci g\u0142owicy biomasowej serii R &#8211; nawet po jej zako\u0144czeniu. Urz\u0105dzenie korzysta z tej samej hydrauliki pomocniczej co g\u0142owica biomasowa i nie wymaga zasilania elektrycznego. W razie potrzeby mo\u017cna go pod\u0142\u0105czy\u0107, aby dzia\u0142a\u0142 automatycznie ze szcz\u0119kami chwytaka biomasowego za pomoc\u0105 jednego uk\u0142adu hydraulicznego.  <\/p>\n<h3 data-start=\"1325\" data-end=\"1375\">Blok gilotyny &#8211; wi\u0119ksza elastyczno\u015b\u0107<\/h3>\n<p data-start=\"1376\" data-end=\"1587\">Dla <strong data-start=\"1423\" data-end=\"1450\">jednostki gilotyny dost\u0119pny jest r\u00f3wnie\u017c blok jednostki gilotyny<\/strong>, kt\u00f3ry umo\u017cliwia obs\u0142ug\u0119 g\u0142owicy biomasowej i jednostki gilotyny z jednej pomocniczej linii hydraulicznej (powr\u00f3t\/powr\u00f3t) bez oddzielnych po\u0142\u0105cze\u0144.<\/p>\n<h3 data-start=\"1594\" data-end=\"1624\">Korzy\u015bci w skr\u00f3cie:<\/h3>\n<ul data-start=\"1625\" data-end=\"1977\">\n<li data-start=\"1625\" data-end=\"1672\">\n<p data-start=\"1627\" data-end=\"1672\">Precyzyjne ci\u0119cie pni o grubo\u015bci do 350 mm<\/p>\n<\/li>\n<li data-start=\"1673\" data-end=\"1746\">\n<p data-start=\"1675\" data-end=\"1746\">W\u0105skie, zamykane ostrza u\u0142atwiaj\u0105 prac\u0119 z wierzbami i ga\u0142\u0105zkami<\/p>\n<\/li>\n<li data-start=\"1747\" data-end=\"1820\">\n<p data-start=\"1749\" data-end=\"1820\">Umo\u017cliwia za\u0142adunek i przenoszenie pali bez konieczno\u015bci demonta\u017cu ostrzy.<\/p>\n<\/li>\n<li data-start=\"1821\" data-end=\"1880\">\n<p data-start=\"1823\" data-end=\"1880\">\u0141atwa modernizacja r\u00f3wnie\u017c dla g\u0142owic biomasowych serii R<\/p>\n<\/li>\n<li data-start=\"1881\" data-end=\"1923\">\n<p data-start=\"1883\" data-end=\"1923\">Nie wymaga zasilania elektrycznego &#8211; dzia\u0142a hydraulicznie<\/p>\n<\/li>\n<li data-start=\"1924\" data-end=\"1977\">\n<p data-start=\"1926\" data-end=\"1977\">Dost\u0119pny z opcjonalnym blokiem gilotyny<\/p>\n<\/li>\n<\/ul>\n<p data-start=\"1979\" data-end=\"2108\"><strong data-start=\"1979\" data-end=\"2004\">Gilotyna JAK<\/strong> to doskona\u0142e rozwi\u0105zanie dla bezpieczniejszej, bardziej wszechstronnej i wydajniejszej gospodarki le\u015bnej.<\/p>\n","protected":false},"excerpt":{"rendered":"<p>Gilotyna JAK &#8211; wydajne akcesorium do g\u0142owicy biomasowej Gilotyna JAK sprawia, \u017ce korzystanie z g\u0142owicy biomasowej jest dok\u0142adniejsze, bardziej wszechstronne i bezpieczniejsze. Urz\u0105dzenie umo\u017cliwia wydajne ci\u0119cie i obr\u00f3bk\u0119 drzew bez zb\u0119dnych operacji. Skuteczne roz\u0142\u0105czanie i kontrolowany chwyt Gilotyna JAK-350 zgrabnie tnie k\u0142ody o grubo\u015bci do 350 mm. W\u0105skie ostrza zapewniaj\u0105 r\u00f3wnie\u017c \u0142atwe ci\u0119cie ma\u0142ych i [&hellip;]<\/p>\n","protected":false},"featured_media":10389,"template":"","meta":{"_acf_changed":false},"product_brand":[],"product_cat":[627],"product_tag":[],"class_list":{"0":"post-10388","1":"product","2":"type-product","3":"status-publish","4":"has-post-thumbnail","6":"product_cat-akcesoria-do-glowic-biomasowych","8":"first","9":"instock","10":"shipping-taxable","11":"product-type-simple"},"acf":[],"yoast_head":"<!-- This site is optimized with the Yoast SEO plugin v27.3 - https:\/\/yoast.com\/product\/yoast-seo-wordpress\/ -->\n<title>Gilotyna &#8211; JAK-Metalli Oy<\/title>\n<meta name=\"description\" content=\"Jednostka gilotynowa zwi\u0119ksza wydajno\u015b\u0107 g\u0142owicy biomasowej JAK Energy i sprawia, \u017ce obr\u00f3bka drewna jest bardziej precyzyjna, wszechstronna i bezpieczna.\" \/>\n<meta name=\"robots\" content=\"index, follow, max-snippet:-1, max-image-preview:large, max-video-preview:-1\" \/>\n<link rel=\"canonical\" href=\"https:\/\/jak.fi\/pl\/produkty\/akcesoria-do-glowic-biomasowych\/gilotyna\/\" \/>\n<meta property=\"og:locale\" content=\"pl_PL\" \/>\n<meta property=\"og:type\" content=\"article\" \/>\n<meta property=\"og:title\" content=\"Gilotyna &#8211; JAK-Metalli Oy\" \/>\n<meta property=\"og:description\" content=\"Jednostka gilotynowa zwi\u0119ksza wydajno\u015b\u0107 g\u0142owicy biomasowej JAK Energy i sprawia, \u017ce obr\u00f3bka drewna jest bardziej precyzyjna, wszechstronna i bezpieczna.\" \/>\n<meta property=\"og:url\" content=\"https:\/\/jak.fi\/pl\/produkty\/akcesoria-do-glowic-biomasowych\/gilotyna\/\" \/>\n<meta property=\"og:site_name\" content=\"JAK-Metalli Oy\" \/>\n<meta property=\"article:publisher\" content=\"https:\/\/www.facebook.com\/jaktreeshears\" \/>\n<meta property=\"article:modified_time\" content=\"2025-08-21T12:15:28+00:00\" \/>\n<meta property=\"og:image\" content=\"https:\/\/jak.fi\/wp-content\/uploads\/2024\/05\/JAK-350-Guillotine-Unit-web-2.png\" \/>\n\t<meta property=\"og:image:width\" content=\"1000\" \/>\n\t<meta property=\"og:image:height\" content=\"666\" \/>\n\t<meta property=\"og:image:type\" content=\"image\/png\" \/>\n<meta name=\"twitter:card\" content=\"summary_large_image\" \/>\n<meta name=\"twitter:label1\" content=\"Szacowany czas czytania\" \/>\n\t<meta name=\"twitter:data1\" content=\"2 minuta\" \/>\n<script type=\"application\/ld+json\" class=\"yoast-schema-graph\">{\"@context\":\"https:\\\/\\\/schema.org\",\"@graph\":[{\"@type\":\"WebPage\",\"@id\":\"https:\\\/\\\/jak.fi\\\/pl\\\/produkty\\\/akcesoria-do-glowic-biomasowych\\\/gilotyna\\\/\",\"url\":\"https:\\\/\\\/jak.fi\\\/pl\\\/produkty\\\/akcesoria-do-glowic-biomasowych\\\/gilotyna\\\/\",\"name\":\"Gilotyna &#8211; JAK-Metalli Oy\",\"isPartOf\":{\"@id\":\"https:\\\/\\\/jak.fi\\\/pl\\\/#website\"},\"primaryImageOfPage\":{\"@id\":\"https:\\\/\\\/jak.fi\\\/pl\\\/produkty\\\/akcesoria-do-glowic-biomasowych\\\/gilotyna\\\/#primaryimage\"},\"image\":{\"@id\":\"https:\\\/\\\/jak.fi\\\/pl\\\/produkty\\\/akcesoria-do-glowic-biomasowych\\\/gilotyna\\\/#primaryimage\"},\"thumbnailUrl\":\"https:\\\/\\\/jak.fi\\\/wp-content\\\/uploads\\\/2024\\\/05\\\/JAK-350-Guillotine-Unit-web-2.png\",\"datePublished\":\"2024-05-28T07:02:10+00:00\",\"dateModified\":\"2025-08-21T12:15:28+00:00\",\"description\":\"Jednostka gilotynowa zwi\u0119ksza wydajno\u015b\u0107 g\u0142owicy biomasowej JAK Energy i sprawia, \u017ce obr\u00f3bka drewna jest bardziej precyzyjna, wszechstronna i bezpieczna.\",\"breadcrumb\":{\"@id\":\"https:\\\/\\\/jak.fi\\\/pl\\\/produkty\\\/akcesoria-do-glowic-biomasowych\\\/gilotyna\\\/#breadcrumb\"},\"inLanguage\":\"pl-PL\",\"potentialAction\":[{\"@type\":\"ReadAction\",\"target\":[\"https:\\\/\\\/jak.fi\\\/pl\\\/produkty\\\/akcesoria-do-glowic-biomasowych\\\/gilotyna\\\/\"]}]},{\"@type\":\"ImageObject\",\"inLanguage\":\"pl-PL\",\"@id\":\"https:\\\/\\\/jak.fi\\\/pl\\\/produkty\\\/akcesoria-do-glowic-biomasowych\\\/gilotyna\\\/#primaryimage\",\"url\":\"https:\\\/\\\/jak.fi\\\/wp-content\\\/uploads\\\/2024\\\/05\\\/JAK-350-Guillotine-Unit-web-2.png\",\"contentUrl\":\"https:\\\/\\\/jak.fi\\\/wp-content\\\/uploads\\\/2024\\\/05\\\/JAK-350-Guillotine-Unit-web-2.png\",\"width\":1000,\"height\":666},{\"@type\":\"BreadcrumbList\",\"@id\":\"https:\\\/\\\/jak.fi\\\/pl\\\/produkty\\\/akcesoria-do-glowic-biomasowych\\\/gilotyna\\\/#breadcrumb\",\"itemListElement\":[{\"@type\":\"ListItem\",\"position\":1,\"name\":\"Etusivu\",\"item\":\"https:\\\/\\\/jak.fi\\\/pl\\\/\"},{\"@type\":\"ListItem\",\"position\":2,\"name\":\"Produkty\",\"item\":\"https:\\\/\\\/jak.fi\\\/pl\\\/produkty\\\/\"},{\"@type\":\"ListItem\",\"position\":3,\"name\":\"Gilotyna\"}]},{\"@type\":\"WebSite\",\"@id\":\"https:\\\/\\\/jak.fi\\\/pl\\\/#website\",\"url\":\"https:\\\/\\\/jak.fi\\\/pl\\\/\",\"name\":\"JAK-Metalli Oy\",\"description\":\"\",\"publisher\":{\"@id\":\"https:\\\/\\\/jak.fi\\\/pl\\\/#organization\"},\"alternateName\":\"JAK Tree shears\",\"potentialAction\":[{\"@type\":\"SearchAction\",\"target\":{\"@type\":\"EntryPoint\",\"urlTemplate\":\"https:\\\/\\\/jak.fi\\\/pl\\\/?s={search_term_string}\"},\"query-input\":{\"@type\":\"PropertyValueSpecification\",\"valueRequired\":true,\"valueName\":\"search_term_string\"}}],\"inLanguage\":\"pl-PL\"},{\"@type\":\"Organization\",\"@id\":\"https:\\\/\\\/jak.fi\\\/pl\\\/#organization\",\"name\":\"JAK-Metalli Oy\",\"alternateName\":\"JAK Tree shears\",\"url\":\"https:\\\/\\\/jak.fi\\\/pl\\\/\",\"logo\":{\"@type\":\"ImageObject\",\"inLanguage\":\"pl-PL\",\"@id\":\"https:\\\/\\\/jak.fi\\\/pl\\\/#\\\/schema\\\/logo\\\/image\\\/\",\"url\":\"https:\\\/\\\/jak.fi\\\/wp-content\\\/uploads\\\/2024\\\/09\\\/JAK-logo-696x696-1.jpg\",\"contentUrl\":\"https:\\\/\\\/jak.fi\\\/wp-content\\\/uploads\\\/2024\\\/09\\\/JAK-logo-696x696-1.jpg\",\"width\":696,\"height\":696,\"caption\":\"JAK-Metalli Oy\"},\"image\":{\"@id\":\"https:\\\/\\\/jak.fi\\\/pl\\\/#\\\/schema\\\/logo\\\/image\\\/\"},\"sameAs\":[\"https:\\\/\\\/www.facebook.com\\\/jaktreeshears\",\"https:\\\/\\\/www.instagram.com\\\/jaktreeshears\\\/\",\"https:\\\/\\\/www.youtube.com\\\/channel\\\/UCAwvaVhBBkPie8MeAGbdY1w\"]}]}<\/script>\n<!-- \/ Yoast SEO plugin. -->","yoast_head_json":{"title":"Gilotyna &#8211; JAK-Metalli Oy","description":"Jednostka gilotynowa zwi\u0119ksza wydajno\u015b\u0107 g\u0142owicy biomasowej JAK Energy i sprawia, \u017ce obr\u00f3bka drewna jest bardziej precyzyjna, wszechstronna i bezpieczna.","robots":{"index":"index","follow":"follow","max-snippet":"max-snippet:-1","max-image-preview":"max-image-preview:large","max-video-preview":"max-video-preview:-1"},"canonical":"https:\/\/jak.fi\/pl\/produkty\/akcesoria-do-glowic-biomasowych\/gilotyna\/","og_locale":"pl_PL","og_type":"article","og_title":"Gilotyna &#8211; JAK-Metalli Oy","og_description":"Jednostka gilotynowa zwi\u0119ksza wydajno\u015b\u0107 g\u0142owicy biomasowej JAK Energy i sprawia, \u017ce obr\u00f3bka drewna jest bardziej precyzyjna, wszechstronna i bezpieczna.","og_url":"https:\/\/jak.fi\/pl\/produkty\/akcesoria-do-glowic-biomasowych\/gilotyna\/","og_site_name":"JAK-Metalli Oy","article_publisher":"https:\/\/www.facebook.com\/jaktreeshears","article_modified_time":"2025-08-21T12:15:28+00:00","og_image":[{"width":1000,"height":666,"url":"https:\/\/jak.fi\/wp-content\/uploads\/2024\/05\/JAK-350-Guillotine-Unit-web-2.png","type":"image\/png"}],"twitter_card":"summary_large_image","twitter_misc":{"Szacowany czas czytania":"2 minuta"},"schema":{"@context":"https:\/\/schema.org","@graph":[{"@type":"WebPage","@id":"https:\/\/jak.fi\/pl\/produkty\/akcesoria-do-glowic-biomasowych\/gilotyna\/","url":"https:\/\/jak.fi\/pl\/produkty\/akcesoria-do-glowic-biomasowych\/gilotyna\/","name":"Gilotyna &#8211; JAK-Metalli Oy","isPartOf":{"@id":"https:\/\/jak.fi\/pl\/#website"},"primaryImageOfPage":{"@id":"https:\/\/jak.fi\/pl\/produkty\/akcesoria-do-glowic-biomasowych\/gilotyna\/#primaryimage"},"image":{"@id":"https:\/\/jak.fi\/pl\/produkty\/akcesoria-do-glowic-biomasowych\/gilotyna\/#primaryimage"},"thumbnailUrl":"https:\/\/jak.fi\/wp-content\/uploads\/2024\/05\/JAK-350-Guillotine-Unit-web-2.png","datePublished":"2024-05-28T07:02:10+00:00","dateModified":"2025-08-21T12:15:28+00:00","description":"Jednostka gilotynowa zwi\u0119ksza wydajno\u015b\u0107 g\u0142owicy biomasowej JAK Energy i sprawia, \u017ce obr\u00f3bka drewna jest bardziej precyzyjna, wszechstronna i bezpieczna.","breadcrumb":{"@id":"https:\/\/jak.fi\/pl\/produkty\/akcesoria-do-glowic-biomasowych\/gilotyna\/#breadcrumb"},"inLanguage":"pl-PL","potentialAction":[{"@type":"ReadAction","target":["https:\/\/jak.fi\/pl\/produkty\/akcesoria-do-glowic-biomasowych\/gilotyna\/"]}]},{"@type":"ImageObject","inLanguage":"pl-PL","@id":"https:\/\/jak.fi\/pl\/produkty\/akcesoria-do-glowic-biomasowych\/gilotyna\/#primaryimage","url":"https:\/\/jak.fi\/wp-content\/uploads\/2024\/05\/JAK-350-Guillotine-Unit-web-2.png","contentUrl":"https:\/\/jak.fi\/wp-content\/uploads\/2024\/05\/JAK-350-Guillotine-Unit-web-2.png","width":1000,"height":666},{"@type":"BreadcrumbList","@id":"https:\/\/jak.fi\/pl\/produkty\/akcesoria-do-glowic-biomasowych\/gilotyna\/#breadcrumb","itemListElement":[{"@type":"ListItem","position":1,"name":"Etusivu","item":"https:\/\/jak.fi\/pl\/"},{"@type":"ListItem","position":2,"name":"Produkty","item":"https:\/\/jak.fi\/pl\/produkty\/"},{"@type":"ListItem","position":3,"name":"Gilotyna"}]},{"@type":"WebSite","@id":"https:\/\/jak.fi\/pl\/#website","url":"https:\/\/jak.fi\/pl\/","name":"JAK-Metalli Oy","description":"","publisher":{"@id":"https:\/\/jak.fi\/pl\/#organization"},"alternateName":"JAK Tree shears","potentialAction":[{"@type":"SearchAction","target":{"@type":"EntryPoint","urlTemplate":"https:\/\/jak.fi\/pl\/?s={search_term_string}"},"query-input":{"@type":"PropertyValueSpecification","valueRequired":true,"valueName":"search_term_string"}}],"inLanguage":"pl-PL"},{"@type":"Organization","@id":"https:\/\/jak.fi\/pl\/#organization","name":"JAK-Metalli Oy","alternateName":"JAK Tree shears","url":"https:\/\/jak.fi\/pl\/","logo":{"@type":"ImageObject","inLanguage":"pl-PL","@id":"https:\/\/jak.fi\/pl\/#\/schema\/logo\/image\/","url":"https:\/\/jak.fi\/wp-content\/uploads\/2024\/09\/JAK-logo-696x696-1.jpg","contentUrl":"https:\/\/jak.fi\/wp-content\/uploads\/2024\/09\/JAK-logo-696x696-1.jpg","width":696,"height":696,"caption":"JAK-Metalli Oy"},"image":{"@id":"https:\/\/jak.fi\/pl\/#\/schema\/logo\/image\/"},"sameAs":["https:\/\/www.facebook.com\/jaktreeshears","https:\/\/www.instagram.com\/jaktreeshears\/","https:\/\/www.youtube.com\/channel\/UCAwvaVhBBkPie8MeAGbdY1w"]}]}},"_links":{"self":[{"href":"https:\/\/jak.fi\/pl\/wp-json\/wp\/v2\/product\/10388","targetHints":{"allow":["GET"]}}],"collection":[{"href":"https:\/\/jak.fi\/pl\/wp-json\/wp\/v2\/product"}],"about":[{"href":"https:\/\/jak.fi\/pl\/wp-json\/wp\/v2\/types\/product"}],"wp:featuredmedia":[{"embeddable":true,"href":"https:\/\/jak.fi\/pl\/wp-json\/wp\/v2\/media\/10389"}],"wp:attachment":[{"href":"https:\/\/jak.fi\/pl\/wp-json\/wp\/v2\/media?parent=10388"}],"wp:term":[{"taxonomy":"product_brand","embeddable":true,"href":"https:\/\/jak.fi\/pl\/wp-json\/wp\/v2\/product_brand?post=10388"},{"taxonomy":"product_cat","embeddable":true,"href":"https:\/\/jak.fi\/pl\/wp-json\/wp\/v2\/product_cat?post=10388"},{"taxonomy":"product_tag","embeddable":true,"href":"https:\/\/jak.fi\/pl\/wp-json\/wp\/v2\/product_tag?post=10388"}],"curies":[{"name":"wp","href":"https:\/\/api.w.org\/{rel}","templated":true}]}}