{"id":10430,"date":"2024-05-28T10:04:25","date_gmt":"2024-05-28T07:04:25","guid":{"rendered":"https:\/\/jak.fi\/products\/bez-kategorii\/kolektor-gen2-serii-b-r\/"},"modified":"2025-08-18T15:07:03","modified_gmt":"2025-08-18T12:07:03","slug":"kolektor-gen2-serii-b-r","status":"publish","type":"product","link":"https:\/\/jak.fi\/pl\/produkty\/akcesoria-do-glowic-biomasowych\/kolektor-gen2-serii-b-r\/","title":{"rendered":"Kolektor Gen2 serii B\/R"},"content":{"rendered":"<h3>Zwi\u0119ksz wydajno\u015b\u0107 pracy i oszcz\u0119dzaj czas!<\/h3>\n<p>Nowa generacja dwuklapowych kolektor\u00f3w masy z serii B\/R to innowacyjna g\u0142owica biomasowa zaprojektowana z my\u015bl\u0105 o zwi\u0119kszeniu wydajno\u015bci i skr\u00f3ceniu czasu pracy. Jego mocne i wytrzyma\u0142e szcz\u0119ki pozwalaj\u0105 na szybsze i bardziej bezwysi\u0142kowe zbieranie, dzi\u0119ki czemu czyszczenie jest dziecinnie proste. <\/p>\n<p>Pojemno\u015b\u0107 kolektora masy odpowiada rozmiarowi ostrza u\u017cywanej g\u0142owicy biomasowej &#8211; wi\u0119c to, co mo\u017cna wyci\u0105\u0107 za pomoc\u0105 g\u0142owicy biomasowej, mo\u017cna zebra\u0107 za pomoc\u0105 kolektora masy.<\/p>\n<p>Kolektor masy potrzebuje do pracy w\u0142asnej hydrauliki. Mo\u017cna go pod\u0142\u0105czy\u0107 za pomoc\u0105 elektrycznie sterowanego zaworu 6\/2 do uk\u0142adu hydraulicznego g\u0142owicy biomasowej. <\/p>\n<p><strong>Uwaga!<\/strong>  Dzi\u0119ki pro\u015bbom naszych klient\u00f3w, mo\u017cliwe jest teraz zainstalowanie nowej g\u0142owicy biomasowej Gen2 r\u00f3wnie\u017c na innych g\u0142owicach biomasowych i starszym modelu JAK Energy Gatherer.<\/p>\n<p><strong>Zapytaj wi\u0119cej o nasz\u0105 sprzeda\u017c!<\/strong><\/p>\n","protected":false},"excerpt":{"rendered":"<p>Zwi\u0119ksz wydajno\u015b\u0107 pracy i oszcz\u0119dzaj czas! Nowa generacja dwuklapowych kolektor\u00f3w masy z serii B\/R to innowacyjna g\u0142owica biomasowa zaprojektowana z my\u015bl\u0105 o zwi\u0119kszeniu wydajno\u015bci i skr\u00f3ceniu czasu pracy. Jego mocne i wytrzyma\u0142e szcz\u0119ki pozwalaj\u0105 na szybsze i bardziej bezwysi\u0142kowe zbieranie, dzi\u0119ki czemu czyszczenie jest dziecinnie proste. Pojemno\u015b\u0107 kolektora masy odpowiada rozmiarowi ostrza u\u017cywanej g\u0142owicy biomasowej [&hellip;]<\/p>\n","protected":false},"featured_media":10431,"template":"","meta":{"_acf_changed":false},"product_brand":[],"product_cat":[627],"product_tag":[],"class_list":{"0":"post-10430","1":"product","2":"type-product","3":"status-publish","4":"has-post-thumbnail","6":"product_cat-akcesoria-do-glowic-biomasowych","8":"first","9":"instock","10":"shipping-taxable","11":"product-type-simple"},"acf":[],"yoast_head":"<!-- This site is optimized with the Yoast SEO plugin v27.3 - https:\/\/yoast.com\/product\/yoast-seo-wordpress\/ -->\n<title>Kolektor Gen2 serii B\/R &#8211; JAK-Metalli Oy<\/title>\n<meta name=\"description\" content=\"Kolektor z serii B\/R Gen2 to akcesorium do g\u0142owicy biomasowej zaprojektowane w celu zwi\u0119kszenia wydajno\u015bci i skr\u00f3cenia czasu pracy.\" \/>\n<meta name=\"robots\" content=\"index, follow, max-snippet:-1, max-image-preview:large, max-video-preview:-1\" \/>\n<link rel=\"canonical\" href=\"https:\/\/jak.fi\/pl\/produkty\/akcesoria-do-glowic-biomasowych\/kolektor-gen2-serii-b-r\/\" \/>\n<meta property=\"og:locale\" content=\"pl_PL\" \/>\n<meta property=\"og:type\" content=\"article\" \/>\n<meta property=\"og:title\" content=\"Kolektor Gen2 serii B\/R &#8211; JAK-Metalli Oy\" \/>\n<meta property=\"og:description\" content=\"Kolektor z serii B\/R Gen2 to akcesorium do g\u0142owicy biomasowej zaprojektowane w celu zwi\u0119kszenia wydajno\u015bci i skr\u00f3cenia czasu pracy.\" \/>\n<meta property=\"og:url\" content=\"https:\/\/jak.fi\/pl\/produkty\/akcesoria-do-glowic-biomasowych\/kolektor-gen2-serii-b-r\/\" \/>\n<meta property=\"og:site_name\" content=\"JAK-Metalli Oy\" \/>\n<meta property=\"article:publisher\" content=\"https:\/\/www.facebook.com\/jaktreeshears\" \/>\n<meta property=\"article:modified_time\" content=\"2025-08-18T12:07:03+00:00\" \/>\n<meta property=\"og:image\" content=\"https:\/\/jak.fi\/wp-content\/uploads\/2024\/05\/Collector-gen2-for-B-R-series-01.png\" \/>\n\t<meta property=\"og:image:width\" content=\"1000\" \/>\n\t<meta property=\"og:image:height\" content=\"667\" \/>\n\t<meta property=\"og:image:type\" content=\"image\/png\" \/>\n<meta name=\"twitter:card\" content=\"summary_large_image\" \/>\n<meta name=\"twitter:label1\" content=\"Szacowany czas czytania\" \/>\n\t<meta name=\"twitter:data1\" content=\"1 minuta\" \/>\n<script type=\"application\/ld+json\" class=\"yoast-schema-graph\">{\"@context\":\"https:\\\/\\\/schema.org\",\"@graph\":[{\"@type\":\"WebPage\",\"@id\":\"https:\\\/\\\/jak.fi\\\/pl\\\/produkty\\\/akcesoria-do-glowic-biomasowych\\\/kolektor-gen2-serii-b-r\\\/\",\"url\":\"https:\\\/\\\/jak.fi\\\/pl\\\/produkty\\\/akcesoria-do-glowic-biomasowych\\\/kolektor-gen2-serii-b-r\\\/\",\"name\":\"Kolektor Gen2 serii B\\\/R &#8211; JAK-Metalli Oy\",\"isPartOf\":{\"@id\":\"https:\\\/\\\/jak.fi\\\/pl\\\/#website\"},\"primaryImageOfPage\":{\"@id\":\"https:\\\/\\\/jak.fi\\\/pl\\\/produkty\\\/akcesoria-do-glowic-biomasowych\\\/kolektor-gen2-serii-b-r\\\/#primaryimage\"},\"image\":{\"@id\":\"https:\\\/\\\/jak.fi\\\/pl\\\/produkty\\\/akcesoria-do-glowic-biomasowych\\\/kolektor-gen2-serii-b-r\\\/#primaryimage\"},\"thumbnailUrl\":\"https:\\\/\\\/jak.fi\\\/wp-content\\\/uploads\\\/2024\\\/05\\\/Collector-gen2-for-B-R-series-01.png\",\"datePublished\":\"2024-05-28T07:04:25+00:00\",\"dateModified\":\"2025-08-18T12:07:03+00:00\",\"description\":\"Kolektor z serii B\\\/R Gen2 to akcesorium do g\u0142owicy biomasowej zaprojektowane w celu zwi\u0119kszenia wydajno\u015bci i skr\u00f3cenia czasu pracy.\",\"breadcrumb\":{\"@id\":\"https:\\\/\\\/jak.fi\\\/pl\\\/produkty\\\/akcesoria-do-glowic-biomasowych\\\/kolektor-gen2-serii-b-r\\\/#breadcrumb\"},\"inLanguage\":\"pl-PL\",\"potentialAction\":[{\"@type\":\"ReadAction\",\"target\":[\"https:\\\/\\\/jak.fi\\\/pl\\\/produkty\\\/akcesoria-do-glowic-biomasowych\\\/kolektor-gen2-serii-b-r\\\/\"]}]},{\"@type\":\"ImageObject\",\"inLanguage\":\"pl-PL\",\"@id\":\"https:\\\/\\\/jak.fi\\\/pl\\\/produkty\\\/akcesoria-do-glowic-biomasowych\\\/kolektor-gen2-serii-b-r\\\/#primaryimage\",\"url\":\"https:\\\/\\\/jak.fi\\\/wp-content\\\/uploads\\\/2024\\\/05\\\/Collector-gen2-for-B-R-series-01.png\",\"contentUrl\":\"https:\\\/\\\/jak.fi\\\/wp-content\\\/uploads\\\/2024\\\/05\\\/Collector-gen2-for-B-R-series-01.png\",\"width\":1000,\"height\":667,\"caption\":\"Kolektor masy JAK do g\u0142owicy biomasowej - skuteczne oczyszczanie.\"},{\"@type\":\"BreadcrumbList\",\"@id\":\"https:\\\/\\\/jak.fi\\\/pl\\\/produkty\\\/akcesoria-do-glowic-biomasowych\\\/kolektor-gen2-serii-b-r\\\/#breadcrumb\",\"itemListElement\":[{\"@type\":\"ListItem\",\"position\":1,\"name\":\"Etusivu\",\"item\":\"https:\\\/\\\/jak.fi\\\/pl\\\/\"},{\"@type\":\"ListItem\",\"position\":2,\"name\":\"Produkty\",\"item\":\"https:\\\/\\\/jak.fi\\\/pl\\\/produkty\\\/\"},{\"@type\":\"ListItem\",\"position\":3,\"name\":\"Kolektor Gen2 serii B\\\/R\"}]},{\"@type\":\"WebSite\",\"@id\":\"https:\\\/\\\/jak.fi\\\/pl\\\/#website\",\"url\":\"https:\\\/\\\/jak.fi\\\/pl\\\/\",\"name\":\"JAK-Metalli Oy\",\"description\":\"\",\"publisher\":{\"@id\":\"https:\\\/\\\/jak.fi\\\/pl\\\/#organization\"},\"alternateName\":\"JAK Tree shears\",\"potentialAction\":[{\"@type\":\"SearchAction\",\"target\":{\"@type\":\"EntryPoint\",\"urlTemplate\":\"https:\\\/\\\/jak.fi\\\/pl\\\/?s={search_term_string}\"},\"query-input\":{\"@type\":\"PropertyValueSpecification\",\"valueRequired\":true,\"valueName\":\"search_term_string\"}}],\"inLanguage\":\"pl-PL\"},{\"@type\":\"Organization\",\"@id\":\"https:\\\/\\\/jak.fi\\\/pl\\\/#organization\",\"name\":\"JAK-Metalli Oy\",\"alternateName\":\"JAK Tree shears\",\"url\":\"https:\\\/\\\/jak.fi\\\/pl\\\/\",\"logo\":{\"@type\":\"ImageObject\",\"inLanguage\":\"pl-PL\",\"@id\":\"https:\\\/\\\/jak.fi\\\/pl\\\/#\\\/schema\\\/logo\\\/image\\\/\",\"url\":\"https:\\\/\\\/jak.fi\\\/wp-content\\\/uploads\\\/2024\\\/09\\\/JAK-logo-696x696-1.jpg\",\"contentUrl\":\"https:\\\/\\\/jak.fi\\\/wp-content\\\/uploads\\\/2024\\\/09\\\/JAK-logo-696x696-1.jpg\",\"width\":696,\"height\":696,\"caption\":\"JAK-Metalli Oy\"},\"image\":{\"@id\":\"https:\\\/\\\/jak.fi\\\/pl\\\/#\\\/schema\\\/logo\\\/image\\\/\"},\"sameAs\":[\"https:\\\/\\\/www.facebook.com\\\/jaktreeshears\",\"https:\\\/\\\/www.instagram.com\\\/jaktreeshears\\\/\",\"https:\\\/\\\/www.youtube.com\\\/channel\\\/UCAwvaVhBBkPie8MeAGbdY1w\"]}]}<\/script>\n<!-- \/ Yoast SEO plugin. -->","yoast_head_json":{"title":"Kolektor Gen2 serii B\/R &#8211; JAK-Metalli Oy","description":"Kolektor z serii B\/R Gen2 to akcesorium do g\u0142owicy biomasowej zaprojektowane w celu zwi\u0119kszenia wydajno\u015bci i skr\u00f3cenia czasu pracy.","robots":{"index":"index","follow":"follow","max-snippet":"max-snippet:-1","max-image-preview":"max-image-preview:large","max-video-preview":"max-video-preview:-1"},"canonical":"https:\/\/jak.fi\/pl\/produkty\/akcesoria-do-glowic-biomasowych\/kolektor-gen2-serii-b-r\/","og_locale":"pl_PL","og_type":"article","og_title":"Kolektor Gen2 serii B\/R &#8211; JAK-Metalli Oy","og_description":"Kolektor z serii B\/R Gen2 to akcesorium do g\u0142owicy biomasowej zaprojektowane w celu zwi\u0119kszenia wydajno\u015bci i skr\u00f3cenia czasu pracy.","og_url":"https:\/\/jak.fi\/pl\/produkty\/akcesoria-do-glowic-biomasowych\/kolektor-gen2-serii-b-r\/","og_site_name":"JAK-Metalli Oy","article_publisher":"https:\/\/www.facebook.com\/jaktreeshears","article_modified_time":"2025-08-18T12:07:03+00:00","og_image":[{"width":1000,"height":667,"url":"https:\/\/jak.fi\/wp-content\/uploads\/2024\/05\/Collector-gen2-for-B-R-series-01.png","type":"image\/png"}],"twitter_card":"summary_large_image","twitter_misc":{"Szacowany czas czytania":"1 minuta"},"schema":{"@context":"https:\/\/schema.org","@graph":[{"@type":"WebPage","@id":"https:\/\/jak.fi\/pl\/produkty\/akcesoria-do-glowic-biomasowych\/kolektor-gen2-serii-b-r\/","url":"https:\/\/jak.fi\/pl\/produkty\/akcesoria-do-glowic-biomasowych\/kolektor-gen2-serii-b-r\/","name":"Kolektor Gen2 serii B\/R &#8211; JAK-Metalli Oy","isPartOf":{"@id":"https:\/\/jak.fi\/pl\/#website"},"primaryImageOfPage":{"@id":"https:\/\/jak.fi\/pl\/produkty\/akcesoria-do-glowic-biomasowych\/kolektor-gen2-serii-b-r\/#primaryimage"},"image":{"@id":"https:\/\/jak.fi\/pl\/produkty\/akcesoria-do-glowic-biomasowych\/kolektor-gen2-serii-b-r\/#primaryimage"},"thumbnailUrl":"https:\/\/jak.fi\/wp-content\/uploads\/2024\/05\/Collector-gen2-for-B-R-series-01.png","datePublished":"2024-05-28T07:04:25+00:00","dateModified":"2025-08-18T12:07:03+00:00","description":"Kolektor z serii B\/R Gen2 to akcesorium do g\u0142owicy biomasowej zaprojektowane w celu zwi\u0119kszenia wydajno\u015bci i skr\u00f3cenia czasu pracy.","breadcrumb":{"@id":"https:\/\/jak.fi\/pl\/produkty\/akcesoria-do-glowic-biomasowych\/kolektor-gen2-serii-b-r\/#breadcrumb"},"inLanguage":"pl-PL","potentialAction":[{"@type":"ReadAction","target":["https:\/\/jak.fi\/pl\/produkty\/akcesoria-do-glowic-biomasowych\/kolektor-gen2-serii-b-r\/"]}]},{"@type":"ImageObject","inLanguage":"pl-PL","@id":"https:\/\/jak.fi\/pl\/produkty\/akcesoria-do-glowic-biomasowych\/kolektor-gen2-serii-b-r\/#primaryimage","url":"https:\/\/jak.fi\/wp-content\/uploads\/2024\/05\/Collector-gen2-for-B-R-series-01.png","contentUrl":"https:\/\/jak.fi\/wp-content\/uploads\/2024\/05\/Collector-gen2-for-B-R-series-01.png","width":1000,"height":667,"caption":"Kolektor masy JAK do g\u0142owicy biomasowej - skuteczne oczyszczanie."},{"@type":"BreadcrumbList","@id":"https:\/\/jak.fi\/pl\/produkty\/akcesoria-do-glowic-biomasowych\/kolektor-gen2-serii-b-r\/#breadcrumb","itemListElement":[{"@type":"ListItem","position":1,"name":"Etusivu","item":"https:\/\/jak.fi\/pl\/"},{"@type":"ListItem","position":2,"name":"Produkty","item":"https:\/\/jak.fi\/pl\/produkty\/"},{"@type":"ListItem","position":3,"name":"Kolektor Gen2 serii B\/R"}]},{"@type":"WebSite","@id":"https:\/\/jak.fi\/pl\/#website","url":"https:\/\/jak.fi\/pl\/","name":"JAK-Metalli Oy","description":"","publisher":{"@id":"https:\/\/jak.fi\/pl\/#organization"},"alternateName":"JAK Tree shears","potentialAction":[{"@type":"SearchAction","target":{"@type":"EntryPoint","urlTemplate":"https:\/\/jak.fi\/pl\/?s={search_term_string}"},"query-input":{"@type":"PropertyValueSpecification","valueRequired":true,"valueName":"search_term_string"}}],"inLanguage":"pl-PL"},{"@type":"Organization","@id":"https:\/\/jak.fi\/pl\/#organization","name":"JAK-Metalli Oy","alternateName":"JAK Tree shears","url":"https:\/\/jak.fi\/pl\/","logo":{"@type":"ImageObject","inLanguage":"pl-PL","@id":"https:\/\/jak.fi\/pl\/#\/schema\/logo\/image\/","url":"https:\/\/jak.fi\/wp-content\/uploads\/2024\/09\/JAK-logo-696x696-1.jpg","contentUrl":"https:\/\/jak.fi\/wp-content\/uploads\/2024\/09\/JAK-logo-696x696-1.jpg","width":696,"height":696,"caption":"JAK-Metalli Oy"},"image":{"@id":"https:\/\/jak.fi\/pl\/#\/schema\/logo\/image\/"},"sameAs":["https:\/\/www.facebook.com\/jaktreeshears","https:\/\/www.instagram.com\/jaktreeshears\/","https:\/\/www.youtube.com\/channel\/UCAwvaVhBBkPie8MeAGbdY1w"]}]}},"_links":{"self":[{"href":"https:\/\/jak.fi\/pl\/wp-json\/wp\/v2\/product\/10430","targetHints":{"allow":["GET"]}}],"collection":[{"href":"https:\/\/jak.fi\/pl\/wp-json\/wp\/v2\/product"}],"about":[{"href":"https:\/\/jak.fi\/pl\/wp-json\/wp\/v2\/types\/product"}],"wp:featuredmedia":[{"embeddable":true,"href":"https:\/\/jak.fi\/pl\/wp-json\/wp\/v2\/media\/10431"}],"wp:attachment":[{"href":"https:\/\/jak.fi\/pl\/wp-json\/wp\/v2\/media?parent=10430"}],"wp:term":[{"taxonomy":"product_brand","embeddable":true,"href":"https:\/\/jak.fi\/pl\/wp-json\/wp\/v2\/product_brand?post=10430"},{"taxonomy":"product_cat","embeddable":true,"href":"https:\/\/jak.fi\/pl\/wp-json\/wp\/v2\/product_cat?post=10430"},{"taxonomy":"product_tag","embeddable":true,"href":"https:\/\/jak.fi\/pl\/wp-json\/wp\/v2\/product_tag?post=10430"}],"curies":[{"name":"wp","href":"https:\/\/api.w.org\/{rel}","templated":true}]}}