{"id":10476,"date":"2025-06-12T10:33:12","date_gmt":"2025-06-12T07:33:12","guid":{"rendered":"https:\/\/jak.fi\/products\/bez-kategorii\/jak-300k-pro-glowica-biomasowa\/"},"modified":"2025-09-02T10:22:49","modified_gmt":"2025-09-02T07:22:49","slug":"jak-300k-pro-glowica-biomasowa","status":"publish","type":"product","link":"https:\/\/jak.fi\/pl\/produkty\/glowice-biomasowe-dla-traktorow-i-maszyn-lesnych\/jak-300k-pro-glowica-biomasowa\/","title":{"rendered":"JAK-300K PRO G\u0142owica biomasowa"},"content":{"rendered":"<h2><strong>G\u0142owica biomasowa JAK-300K Pro &#8211; do profesjonalnych maszyn le\u015bnych<\/strong><\/h2>\n<p>JAK-300K Pro to pot\u0119\u017cna g\u0142owica biomasowa zaprojektowana specjalnie dla maszyn le\u015bnych, gotowa do najbardziej wymagaj\u0105cych prac zwi\u0105zanych z trzebie\u017c\u0105 i karczowaniem. Wykonany z wysokiej jako\u015bci stali Hardox\u00ae odpornej na zu\u017cycie<strong>,<\/strong>JAK-300K Pro oferuje trwa\u0142o\u015b\u0107 i precyzj\u0119 w sytuacjach, w kt\u00f3rych wymagana jest wydajno\u015b\u0107 i niezawodno\u015b\u0107.<\/p>\n<h4><strong>Kolektor masy i sterowanie radiowe &#8211; maksymalna wydajno\u015b\u0107<\/strong><\/h4>\n<p>zintegrowany<a href=\"https:\/\/jak.fi\/pl\/produkty\/akcesoria-do-glowic-biomasowych\/kolektor-gen2-serii-b-r\/\" target=\"_blank\" rel=\"noopener\"> <strong>kolektor masy<\/strong><\/a> i <a href=\"https:\/\/jak.fi\/pl\/produkty\/akcesoria-do-glowic-biomasowych\/sterowanie-radiowe\/\" target=\"_blank\" rel=\"noopener\"><strong>sterowanie radiowe<\/strong><\/a> usprawniaj\u0105 obs\u0142ug\u0119 drewna. Mo\u017cna poci\u0105\u0107 wi\u0119cej drewna przed opr\u00f3\u017cnieniem zsypu. Ponadto mo\u017cna \u015bcina\u0107 wierzcho\u0142ki drzew w kontrolowany i bezpieczny spos\u00f3b w pozycji pionowej, poniewa\u017c g\u0142owica biomasowa jest sterowana elektrycznie, a nie ci\u015bnieniowo.<\/p>\n<h4><strong>Wydajna i bezpieczna praca &#8211; do 300 mm drzew<\/strong><\/h4>\n<p>Wyposa\u017cona w dwa si\u0142owniki i elektrycznie sterowan\u0105 hydraulik\u0119 pilarka JAK-300K Pro umo\u017cliwia kontrolowane i bezpieczne ci\u0119cie drewna. Szeroki otw\u00f3r 840 mm umo\u017cliwia \u015bcinanie wi\u0119kszej liczby drzew jednocze\u015bnie &#8211; przenosz\u0105c wydajno\u015b\u0107 i produktywno\u015b\u0107 na nowy poziom.<\/p>\n<h4><strong>\u0141atwa instalacja<\/strong><\/h4>\n<p>JAK-300K Pro jest zasilany <strong>przez pojedynczy podw\u00f3jny uk\u0142ad hydrauliczny<\/strong> i mo\u017ce by\u0107 instalowany bezpo\u015brednio w miejsce tradycyjnego chwytaka do k\u0142\u00f3d &#8211; bez \u017cadnych dodatkowych modyfikacji.<\/p>\n<h4>Wydajniejsza praca z akcesoriami<\/h4>\n<ul>\n<li><strong>eBoost\u00ae &#8211; <\/strong>zwi\u0119ksza pr\u0119dko\u015b\u0107, bezpiecze\u0144stwo i wydajno\u015b\u0107 Twojej g\u0142owicy biomasowej. Wi\u0119cej informacji mo\u017cna znale\u017a\u0107 na stronie <a href=\"https:\/\/jak.fi\/pl\/produkty\/akcesoria-do-glowic-biomasowych\/system-hydrauliczny-eboost\/\" target=\"_blank\" rel=\"noopener\">uk\u0142adu hydraulicznego eBoost\u00ae<\/a>.<\/li>\n<li><strong>Opcje cylindra<\/strong> &#8211; wp\u0142ywaj\u0105 na moc ci\u0119cia, pr\u0119dko\u015b\u0107 i wymagania uchwytu g\u0142owicy biomasowej.<\/li>\n<li><strong>Rami\u0119<\/strong> chwytaka z trzema <strong>odnogami<\/strong> &#8211; pewniejszy chwyt ci\u0119tego drewna.<\/li>\n<\/ul>\n<p>&nbsp;<\/p>\n","protected":false},"excerpt":{"rendered":"<ul>\n<li>Zintegrowany kolektor masy i sterowanie radiowe<\/li>\n<li>Dost\u0119pne z uk\u0142adem hydraulicznym eBoost<\/li>\n<li>Wykonane z odpornej na zu\u017cycie stali Hardox<\/li>\n<li>Wysoka i trwa\u0142a konstrukcja<\/li>\n<li>Zatwierdzony przez CE<\/li>\n<li>Wyprodukowano w Finlandii<\/li>\n<li>Od\u0142\u0105czane ostrze<\/li>\n<\/ul>\n","protected":false},"featured_media":10328,"template":"","meta":{"_acf_changed":false},"product_brand":[],"product_cat":[636],"product_tag":[],"class_list":{"0":"post-10476","1":"product","2":"type-product","3":"status-publish","4":"has-post-thumbnail","6":"product_cat-glowice-biomasowe-dla-traktorow-i-maszyn-lesnych","8":"first","9":"instock","10":"shipping-taxable","11":"product-type-simple"},"acf":[],"yoast_head":"<!-- This site is optimized with the Yoast SEO plugin v27.2 - https:\/\/yoast.com\/product\/yoast-seo-wordpress\/ -->\n<title>JAK-300K PRO G\u0142owica biomasowa &#8211; JAK-Metalli Oy<\/title>\n<meta name=\"description\" content=\"G\u0142owica biomasowa JAK-300K Pro do traktor\u00f3w i maszyn le\u015bnych - kolektor masy, sterowanie radiowe, hydraulika eBoost\u00ae i \u0142atwy monta\u017c bez modyfikacji.\" \/>\n<meta name=\"robots\" content=\"index, follow, max-snippet:-1, max-image-preview:large, max-video-preview:-1\" \/>\n<link rel=\"canonical\" href=\"https:\/\/jak.fi\/pl\/produkty\/glowice-biomasowe-dla-traktorow-i-maszyn-lesnych\/jak-300k-pro-glowica-biomasowa\/\" \/>\n<meta property=\"og:locale\" content=\"pl_PL\" \/>\n<meta property=\"og:type\" content=\"article\" \/>\n<meta property=\"og:title\" content=\"JAK-300K PRO G\u0142owica biomasowa &#8211; JAK-Metalli Oy\" \/>\n<meta property=\"og:description\" content=\"G\u0142owica biomasowa JAK-300K Pro do traktor\u00f3w i maszyn le\u015bnych - kolektor masy, sterowanie radiowe, hydraulika eBoost\u00ae i \u0142atwy monta\u017c bez modyfikacji.\" \/>\n<meta property=\"og:url\" content=\"https:\/\/jak.fi\/pl\/produkty\/glowice-biomasowe-dla-traktorow-i-maszyn-lesnych\/jak-300k-pro-glowica-biomasowa\/\" \/>\n<meta property=\"og:site_name\" content=\"JAK-Metalli Oy\" \/>\n<meta property=\"article:publisher\" content=\"https:\/\/www.facebook.com\/jaktreeshears\" \/>\n<meta property=\"article:modified_time\" content=\"2025-09-02T07:22:49+00:00\" \/>\n<meta property=\"og:image\" content=\"https:\/\/jak.fi\/wp-content\/uploads\/2025\/04\/JAK-250K-Pro-Tree-Shear-Web-10.png\" \/>\n\t<meta property=\"og:image:width\" content=\"1000\" \/>\n\t<meta property=\"og:image:height\" content=\"667\" \/>\n\t<meta property=\"og:image:type\" content=\"image\/png\" \/>\n<meta name=\"twitter:card\" content=\"summary_large_image\" \/>\n<meta name=\"twitter:label1\" content=\"Szacowany czas czytania\" \/>\n\t<meta name=\"twitter:data1\" content=\"2 minuta\" \/>\n<script type=\"application\/ld+json\" class=\"yoast-schema-graph\">{\"@context\":\"https:\/\/schema.org\",\"@graph\":[{\"@type\":\"WebPage\",\"@id\":\"https:\/\/jak.fi\/pl\/produkty\/glowice-biomasowe-dla-traktorow-i-maszyn-lesnych\/jak-300k-pro-glowica-biomasowa\/\",\"url\":\"https:\/\/jak.fi\/pl\/produkty\/glowice-biomasowe-dla-traktorow-i-maszyn-lesnych\/jak-300k-pro-glowica-biomasowa\/\",\"name\":\"JAK-300K PRO G\u0142owica biomasowa &#8211; JAK-Metalli Oy\",\"isPartOf\":{\"@id\":\"https:\/\/jak.fi\/pl\/#website\"},\"primaryImageOfPage\":{\"@id\":\"https:\/\/jak.fi\/pl\/produkty\/glowice-biomasowe-dla-traktorow-i-maszyn-lesnych\/jak-300k-pro-glowica-biomasowa\/#primaryimage\"},\"image\":{\"@id\":\"https:\/\/jak.fi\/pl\/produkty\/glowice-biomasowe-dla-traktorow-i-maszyn-lesnych\/jak-300k-pro-glowica-biomasowa\/#primaryimage\"},\"thumbnailUrl\":\"https:\/\/jak.fi\/wp-content\/uploads\/2025\/04\/JAK-250K-Pro-Tree-Shear-Web-10.png\",\"datePublished\":\"2025-06-12T07:33:12+00:00\",\"dateModified\":\"2025-09-02T07:22:49+00:00\",\"description\":\"G\u0142owica biomasowa JAK-300K Pro do traktor\u00f3w i maszyn le\u015bnych - kolektor masy, sterowanie radiowe, hydraulika eBoost\u00ae i \u0142atwy monta\u017c bez modyfikacji.\",\"breadcrumb\":{\"@id\":\"https:\/\/jak.fi\/pl\/produkty\/glowice-biomasowe-dla-traktorow-i-maszyn-lesnych\/jak-300k-pro-glowica-biomasowa\/#breadcrumb\"},\"inLanguage\":\"pl-PL\",\"potentialAction\":[{\"@type\":\"ReadAction\",\"target\":[\"https:\/\/jak.fi\/pl\/produkty\/glowice-biomasowe-dla-traktorow-i-maszyn-lesnych\/jak-300k-pro-glowica-biomasowa\/\"]}]},{\"@type\":\"ImageObject\",\"inLanguage\":\"pl-PL\",\"@id\":\"https:\/\/jak.fi\/pl\/produkty\/glowice-biomasowe-dla-traktorow-i-maszyn-lesnych\/jak-300k-pro-glowica-biomasowa\/#primaryimage\",\"url\":\"https:\/\/jak.fi\/wp-content\/uploads\/2025\/04\/JAK-250K-Pro-Tree-Shear-Web-10.png\",\"contentUrl\":\"https:\/\/jak.fi\/wp-content\/uploads\/2025\/04\/JAK-250K-Pro-Tree-Shear-Web-10.png\",\"width\":1000,\"height\":667,\"caption\":\"G\u0142owica biomasowa JAK-250K Pro do traktora lub maszyny le\u015bnej\"},{\"@type\":\"BreadcrumbList\",\"@id\":\"https:\/\/jak.fi\/pl\/produkty\/glowice-biomasowe-dla-traktorow-i-maszyn-lesnych\/jak-300k-pro-glowica-biomasowa\/#breadcrumb\",\"itemListElement\":[{\"@type\":\"ListItem\",\"position\":1,\"name\":\"Etusivu\",\"item\":\"https:\/\/jak.fi\/pl\/\"},{\"@type\":\"ListItem\",\"position\":2,\"name\":\"Produkty\",\"item\":\"https:\/\/jak.fi\/pl\/produkty\/\"},{\"@type\":\"ListItem\",\"position\":3,\"name\":\"JAK-300K PRO G\u0142owica biomasowa\"}]},{\"@type\":\"WebSite\",\"@id\":\"https:\/\/jak.fi\/pl\/#website\",\"url\":\"https:\/\/jak.fi\/pl\/\",\"name\":\"JAK-Metalli Oy\",\"description\":\"\",\"publisher\":{\"@id\":\"https:\/\/jak.fi\/pl\/#organization\"},\"alternateName\":\"JAK Tree shears\",\"potentialAction\":[{\"@type\":\"SearchAction\",\"target\":{\"@type\":\"EntryPoint\",\"urlTemplate\":\"https:\/\/jak.fi\/pl\/?s={search_term_string}\"},\"query-input\":{\"@type\":\"PropertyValueSpecification\",\"valueRequired\":true,\"valueName\":\"search_term_string\"}}],\"inLanguage\":\"pl-PL\"},{\"@type\":\"Organization\",\"@id\":\"https:\/\/jak.fi\/pl\/#organization\",\"name\":\"JAK-Metalli Oy\",\"alternateName\":\"JAK Tree shears\",\"url\":\"https:\/\/jak.fi\/pl\/\",\"logo\":{\"@type\":\"ImageObject\",\"inLanguage\":\"pl-PL\",\"@id\":\"https:\/\/jak.fi\/pl\/#\/schema\/logo\/image\/\",\"url\":\"https:\/\/jak.fi\/wp-content\/uploads\/2024\/09\/JAK-logo-696x696-1.jpg\",\"contentUrl\":\"https:\/\/jak.fi\/wp-content\/uploads\/2024\/09\/JAK-logo-696x696-1.jpg\",\"width\":696,\"height\":696,\"caption\":\"JAK-Metalli Oy\"},\"image\":{\"@id\":\"https:\/\/jak.fi\/pl\/#\/schema\/logo\/image\/\"},\"sameAs\":[\"https:\/\/www.facebook.com\/jaktreeshears\",\"https:\/\/www.instagram.com\/jaktreeshears\/\",\"https:\/\/www.youtube.com\/channel\/UCAwvaVhBBkPie8MeAGbdY1w\"]}]}<\/script>\n<!-- \/ Yoast SEO plugin. -->","yoast_head_json":{"title":"JAK-300K PRO G\u0142owica biomasowa &#8211; JAK-Metalli Oy","description":"G\u0142owica biomasowa JAK-300K Pro do traktor\u00f3w i maszyn le\u015bnych - kolektor masy, sterowanie radiowe, hydraulika eBoost\u00ae i \u0142atwy monta\u017c bez modyfikacji.","robots":{"index":"index","follow":"follow","max-snippet":"max-snippet:-1","max-image-preview":"max-image-preview:large","max-video-preview":"max-video-preview:-1"},"canonical":"https:\/\/jak.fi\/pl\/produkty\/glowice-biomasowe-dla-traktorow-i-maszyn-lesnych\/jak-300k-pro-glowica-biomasowa\/","og_locale":"pl_PL","og_type":"article","og_title":"JAK-300K PRO G\u0142owica biomasowa &#8211; JAK-Metalli Oy","og_description":"G\u0142owica biomasowa JAK-300K Pro do traktor\u00f3w i maszyn le\u015bnych - kolektor masy, sterowanie radiowe, hydraulika eBoost\u00ae i \u0142atwy monta\u017c bez modyfikacji.","og_url":"https:\/\/jak.fi\/pl\/produkty\/glowice-biomasowe-dla-traktorow-i-maszyn-lesnych\/jak-300k-pro-glowica-biomasowa\/","og_site_name":"JAK-Metalli Oy","article_publisher":"https:\/\/www.facebook.com\/jaktreeshears","article_modified_time":"2025-09-02T07:22:49+00:00","og_image":[{"width":1000,"height":667,"url":"https:\/\/jak.fi\/wp-content\/uploads\/2025\/04\/JAK-250K-Pro-Tree-Shear-Web-10.png","type":"image\/png"}],"twitter_card":"summary_large_image","twitter_misc":{"Szacowany czas czytania":"2 minuta"},"schema":{"@context":"https:\/\/schema.org","@graph":[{"@type":"WebPage","@id":"https:\/\/jak.fi\/pl\/produkty\/glowice-biomasowe-dla-traktorow-i-maszyn-lesnych\/jak-300k-pro-glowica-biomasowa\/","url":"https:\/\/jak.fi\/pl\/produkty\/glowice-biomasowe-dla-traktorow-i-maszyn-lesnych\/jak-300k-pro-glowica-biomasowa\/","name":"JAK-300K PRO G\u0142owica biomasowa &#8211; JAK-Metalli Oy","isPartOf":{"@id":"https:\/\/jak.fi\/pl\/#website"},"primaryImageOfPage":{"@id":"https:\/\/jak.fi\/pl\/produkty\/glowice-biomasowe-dla-traktorow-i-maszyn-lesnych\/jak-300k-pro-glowica-biomasowa\/#primaryimage"},"image":{"@id":"https:\/\/jak.fi\/pl\/produkty\/glowice-biomasowe-dla-traktorow-i-maszyn-lesnych\/jak-300k-pro-glowica-biomasowa\/#primaryimage"},"thumbnailUrl":"https:\/\/jak.fi\/wp-content\/uploads\/2025\/04\/JAK-250K-Pro-Tree-Shear-Web-10.png","datePublished":"2025-06-12T07:33:12+00:00","dateModified":"2025-09-02T07:22:49+00:00","description":"G\u0142owica biomasowa JAK-300K Pro do traktor\u00f3w i maszyn le\u015bnych - kolektor masy, sterowanie radiowe, hydraulika eBoost\u00ae i \u0142atwy monta\u017c bez modyfikacji.","breadcrumb":{"@id":"https:\/\/jak.fi\/pl\/produkty\/glowice-biomasowe-dla-traktorow-i-maszyn-lesnych\/jak-300k-pro-glowica-biomasowa\/#breadcrumb"},"inLanguage":"pl-PL","potentialAction":[{"@type":"ReadAction","target":["https:\/\/jak.fi\/pl\/produkty\/glowice-biomasowe-dla-traktorow-i-maszyn-lesnych\/jak-300k-pro-glowica-biomasowa\/"]}]},{"@type":"ImageObject","inLanguage":"pl-PL","@id":"https:\/\/jak.fi\/pl\/produkty\/glowice-biomasowe-dla-traktorow-i-maszyn-lesnych\/jak-300k-pro-glowica-biomasowa\/#primaryimage","url":"https:\/\/jak.fi\/wp-content\/uploads\/2025\/04\/JAK-250K-Pro-Tree-Shear-Web-10.png","contentUrl":"https:\/\/jak.fi\/wp-content\/uploads\/2025\/04\/JAK-250K-Pro-Tree-Shear-Web-10.png","width":1000,"height":667,"caption":"G\u0142owica biomasowa JAK-250K Pro do traktora lub maszyny le\u015bnej"},{"@type":"BreadcrumbList","@id":"https:\/\/jak.fi\/pl\/produkty\/glowice-biomasowe-dla-traktorow-i-maszyn-lesnych\/jak-300k-pro-glowica-biomasowa\/#breadcrumb","itemListElement":[{"@type":"ListItem","position":1,"name":"Etusivu","item":"https:\/\/jak.fi\/pl\/"},{"@type":"ListItem","position":2,"name":"Produkty","item":"https:\/\/jak.fi\/pl\/produkty\/"},{"@type":"ListItem","position":3,"name":"JAK-300K PRO G\u0142owica biomasowa"}]},{"@type":"WebSite","@id":"https:\/\/jak.fi\/pl\/#website","url":"https:\/\/jak.fi\/pl\/","name":"JAK-Metalli Oy","description":"","publisher":{"@id":"https:\/\/jak.fi\/pl\/#organization"},"alternateName":"JAK Tree shears","potentialAction":[{"@type":"SearchAction","target":{"@type":"EntryPoint","urlTemplate":"https:\/\/jak.fi\/pl\/?s={search_term_string}"},"query-input":{"@type":"PropertyValueSpecification","valueRequired":true,"valueName":"search_term_string"}}],"inLanguage":"pl-PL"},{"@type":"Organization","@id":"https:\/\/jak.fi\/pl\/#organization","name":"JAK-Metalli Oy","alternateName":"JAK Tree shears","url":"https:\/\/jak.fi\/pl\/","logo":{"@type":"ImageObject","inLanguage":"pl-PL","@id":"https:\/\/jak.fi\/pl\/#\/schema\/logo\/image\/","url":"https:\/\/jak.fi\/wp-content\/uploads\/2024\/09\/JAK-logo-696x696-1.jpg","contentUrl":"https:\/\/jak.fi\/wp-content\/uploads\/2024\/09\/JAK-logo-696x696-1.jpg","width":696,"height":696,"caption":"JAK-Metalli Oy"},"image":{"@id":"https:\/\/jak.fi\/pl\/#\/schema\/logo\/image\/"},"sameAs":["https:\/\/www.facebook.com\/jaktreeshears","https:\/\/www.instagram.com\/jaktreeshears\/","https:\/\/www.youtube.com\/channel\/UCAwvaVhBBkPie8MeAGbdY1w"]}]}},"_links":{"self":[{"href":"https:\/\/jak.fi\/pl\/wp-json\/wp\/v2\/product\/10476","targetHints":{"allow":["GET"]}}],"collection":[{"href":"https:\/\/jak.fi\/pl\/wp-json\/wp\/v2\/product"}],"about":[{"href":"https:\/\/jak.fi\/pl\/wp-json\/wp\/v2\/types\/product"}],"wp:featuredmedia":[{"embeddable":true,"href":"https:\/\/jak.fi\/pl\/wp-json\/wp\/v2\/media\/10328"}],"wp:attachment":[{"href":"https:\/\/jak.fi\/pl\/wp-json\/wp\/v2\/media?parent=10476"}],"wp:term":[{"taxonomy":"product_brand","embeddable":true,"href":"https:\/\/jak.fi\/pl\/wp-json\/wp\/v2\/product_brand?post=10476"},{"taxonomy":"product_cat","embeddable":true,"href":"https:\/\/jak.fi\/pl\/wp-json\/wp\/v2\/product_cat?post=10476"},{"taxonomy":"product_tag","embeddable":true,"href":"https:\/\/jak.fi\/pl\/wp-json\/wp\/v2\/product_tag?post=10476"}],"curies":[{"name":"wp","href":"https:\/\/api.w.org\/{rel}","templated":true}]}}