{"id":16067,"date":"2025-10-10T09:04:45","date_gmt":"2025-10-10T06:04:45","guid":{"rendered":"https:\/\/jak.fi\/products\/bez-kategorii\/procesor-drewna-opalowego-splitmate\/"},"modified":"2025-11-26T11:24:31","modified_gmt":"2025-11-26T08:24:31","slug":"procesor-drewna-opalowego-splitmate","status":"publish","type":"product","link":"https:\/\/jak.fi\/pl\/produkty\/procesor-drewna-opalowego\/procesor-drewna-opalowego-splitmate\/","title":{"rendered":"Procesor drewna opa\u0142owego SplitMate"},"content":{"rendered":"<h1 class=\"mt-4\">Procesor drewna opa\u0142owego<\/h1>\n<p>Exator SplitMate to hydraulicznie sterowany, montowany na podstawie procesor do drewna opa\u0142owego, kt\u00f3ry obs\u0142uguje za\u0142adunek, ci\u0119cie i roz\u0142upywanie w jednym urz\u0105dzeniu &#8211; bezpo\u015brednio z kabiny. Kompaktowa i \u0142atwa w transporcie, przetwarza drzewa tam, gdzie si\u0119 znajduj\u0105 i zrzuca gotowe p\u0142aty bezpo\u015brednio w \u017c\u0105dane miejsce. Mo\u017ce by\u0107 obs\u0142ugiwana bez zasilania elektrycznego, za pomoc\u0105 jednego dwufunkcyjnego uk\u0142adu hydraulicznego.<\/p>\n<h2>Prosty proces aplikacji<\/h2>\n<ol>\n<li><strong>Za\u0142adunek k\u0142\u00f3d:<\/strong> do podnoszenia k\u0142\u00f3d ze stosu u\u017cywany jest podno\u015bnik. Od jednej do trzech k\u0142\u00f3d naraz mo\u017ce by\u0107 podnoszonych na procesor drewna opa\u0142owego w oczekiwaniu na przeniesienie na st\u00f3\u0142 podawczy.<\/li>\n<li><strong>St\u00f3\u0142 podaj\u0105cy:<\/strong> hydraulicznie przesuwany st\u00f3\u0142 o sile roz\u0142upywania 10 ton.<\/li>\n<li><strong>Blokowanie i pomiar k\u0142\u00f3d:<\/strong> k\u0142oda jest podawana do ogranicznika k\u0142ody, kt\u00f3ry jest dostosowany do \u017c\u0105danego rozmiaru drewna opa\u0142owego. Gdy noga chwytaj\u0105ca jest opuszczona, st\u00f3\u0142 podaj\u0105cy mo\u017cna wycofa\u0107.<\/li>\n<li><strong>Ci\u0119cie:<\/strong> k\u0142oda jest ci\u0119ta na okre\u015blon\u0105 d\u0142ugo\u015b\u0107 (maksymalna \u015brednica ci\u0119cia 400 mm). Podczas fazy pi\u0142owania k\u0142ody s\u0105 szybkoz\u0142\u0105cze przytrzymywane przez szekl\u0119 chwytaj\u0105c\u0105. W przypadku d\u0142ugich k\u0142\u00f3d dost\u0119pna jest regulowana podpora.<\/li>\n<li><strong>Roz\u0142upywanie:<\/strong> \u015bci\u0119te drzewo wpada do rynny roz\u0142upuj\u0105cej, a nast\u0119pny ruch podaj\u0105cy roz\u0142upuje je hydraulicznie. Ko\u0142o roz\u0142upuj\u0105ce jest wymienne na 2, 4 lub 6 sekcji.<\/li>\n<\/ol>\n<p>&nbsp;<\/p>\n<div class=\"wp-block-columns product-columns is-layout-flex wp-container-core-columns-is-layout-9d6595d7 wp-block-columns-is-layout-flex\">\n<div class=\"wp-block-column is-layout-flow wp-block-column-is-layout-flow\">\n<div class=\"wp-block-columns is-not-stacked-on-mobile is-layout-flex wp-container-core-columns-is-layout-9d6595d7 wp-block-columns-is-layout-flex\">\n<div class=\"wp-block-column is-layout-flow wp-block-column-is-layout-flow\">\n<h2 class=\"wp-block-heading mt-0 has-medium-font-size\">Kompaktowy przep\u0142yw pracy z jednym u\u017cytkownikiem<\/h2>\n<p>Procesor do drewna opa\u0142owego Exator SplitMate \u0142\u0105czy trzy operacje w jednej maszynie: za\u0142adunek, ci\u0119cie i dzielenie mog\u0105 by\u0107 \u0142atwo wykonane przez jednego operatora, bezpo\u015brednio z kabiny.<\/p>\n<\/div>\n<\/div>\n<\/div>\n<div class=\"wp-block-column is-layout-flow wp-block-column-is-layout-flow\">\n<div class=\"wp-block-columns is-not-stacked-on-mobile is-layout-flex wp-container-core-columns-is-layout-9d6595d7 wp-block-columns-is-layout-flex\">\n<div class=\"wp-block-column is-layout-flow wp-block-column-is-layout-flow\">\n<h2 class=\"wp-block-heading mt-0 has-medium-font-size\">\u0141atwe wdra\u017canie<\/h2>\n<p>Szybko si\u0119 j\u0105 pod\u0142\u0105cza i od\u0142\u0105cza &#8211; bez skomplikowanych ustawie\u0144, w ci\u0105gu kilku minut jest gotowa do pracy. Procesor do drewna opa\u0142owego Exator dzia\u0142a w oparciu o pojedynczy uk\u0142ad hydrauliczny o podw\u00f3jnym dzia\u0142aniu, bez zasilania elektrycznego.<\/p>\n<\/div>\n<\/div>\n<\/div>\n<\/div>\n<div class=\"wp-block-columns product-columns is-layout-flex wp-container-core-columns-is-layout-9d6595d7 wp-block-columns-is-layout-flex\">\n<div class=\"wp-block-column is-layout-flow wp-block-column-is-layout-flow\">\n<div class=\"wp-block-columns is-not-stacked-on-mobile is-layout-flex wp-container-core-columns-is-layout-9d6595d7 wp-block-columns-is-layout-flex\">\n<div class=\"wp-block-column is-layout-flow wp-block-column-is-layout-flow\">\n<h2 class=\"wp-block-heading mt-0 has-medium-font-size\">Pracuj tam, gdzie s\u0105 drzewa<\/h2>\n<p>Zabierz procesor drewna opa\u0142owego do lasu i przygotuj drewno opa\u0142owe na miejscu &#8211; koniec z wo\u017ceniem ci\u0119\u017ckich k\u0142\u00f3d.<\/p>\n<\/div>\n<\/div>\n<\/div>\n<div class=\"wp-block-column is-layout-flow wp-block-column-is-layout-flow\">\n<div class=\"wp-block-columns is-not-stacked-on-mobile is-layout-flex wp-container-core-columns-is-layout-9d6595d7 wp-block-columns-is-layout-flex\">\n<div class=\"wp-block-column is-layout-flow wp-block-column-is-layout-flow\">\n<h2 class=\"wp-block-heading mt-0 has-medium-font-size\">Wydajne i bezproblemowe \u0142adowanie<\/h2>\n<p>Przetwarzaj drzewa bezpo\u015brednio w poje\u017adzie i unikaj niepotrzebnej obs\u0142ugi. Oszcz\u0119dza to zar\u00f3wno czas, jak i wysi\u0142ek.<\/p>\n<\/div>\n<\/div>\n<\/div>\n<\/div>\n<h3>Wi\u0119cej informacji mo\u017cna znale\u017a\u0107 na stronie <a href=\"https:\/\/exator.fi\/exator-splitmate-klapikone\/\" target=\"_blank\" rel=\"noopener\">exator.fi<\/a><\/h3>\n","protected":false},"excerpt":{"rendered":"<div class=\"wp-block-columns product-columns is-layout-flex wp-container-core-columns-is-layout-9d6595d7 wp-block-columns-is-layout-flex\">\n<div class=\"wp-block-column is-layout-flow wp-block-column-is-layout-flow\">\n<div class=\"wp-block-columns is-not-stacked-on-mobile is-layout-flex wp-container-core-columns-is-layout-9d6595d7 wp-block-columns-is-layout-flex\">\n<div class=\"wp-block-column is-layout-flow wp-block-column-is-layout-flow\">\n<ul>\n<li class=\"wp-block-heading mt-0 has-medium-font-size\">Kompaktowy przep\u0142yw pracy z jednym u\u017cytkownikiem<\/li>\n<li>Obs\u0142uga jest mo\u017cliwa bez zasilania elektrycznego, dzi\u0119ki pojedynczemu uk\u0142adowi hydraulicznemu dwustronnego dzia\u0142ania.<\/li>\n<li class=\"wp-block-heading mt-0 has-medium-font-size\">\u0141atwe wdra\u017canie<\/li>\n<li class=\"wp-block-heading mt-0 has-medium-font-size\">Pracuj tam, gdzie s\u0105 drzewa<\/li>\n<\/ul>\n<\/div>\n<\/div>\n<\/div>\n<\/div>\n<div class=\"wp-block-columns product-columns is-layout-flex wp-container-core-columns-is-layout-9d6595d7 wp-block-columns-is-layout-flex\">\n<div class=\"wp-block-column is-layout-flow wp-block-column-is-layout-flow\">\n<div class=\"wp-block-columns is-not-stacked-on-mobile is-layout-flex wp-container-core-columns-is-layout-9d6595d7 wp-block-columns-is-layout-flex\"><\/div>\n<\/div>\n<\/div>\n","protected":false},"featured_media":15120,"template":"","meta":{"_acf_changed":false},"product_brand":[],"product_cat":[658],"product_tag":[],"class_list":{"0":"post-16067","1":"product","2":"type-product","3":"status-publish","4":"has-post-thumbnail","6":"product_cat-procesor-drewna-opalowego","8":"first","9":"instock","10":"shipping-taxable","11":"product-type-simple"},"acf":[],"yoast_head":"<!-- This site is optimized with the Yoast SEO plugin v27.3 - https:\/\/yoast.com\/product\/yoast-seo-wordpress\/ -->\n<title>Procesor drewna opa\u0142owego SplitMate &#8211; JAK-Metalli Oy<\/title>\n<meta name=\"description\" content=\"SplitMate to hydraulicznie sterowany, przymocowany do podstawy procesor do drewna opa\u0142owego, kt\u00f3ry obs\u0142uguje za\u0142adunek, ci\u0119cie i dzielenie w jednym urz\u0105dzeniu.\" \/>\n<meta name=\"robots\" content=\"index, follow, max-snippet:-1, max-image-preview:large, max-video-preview:-1\" \/>\n<link rel=\"canonical\" href=\"https:\/\/jak.fi\/pl\/produkty\/procesor-drewna-opalowego\/procesor-drewna-opalowego-splitmate\/\" \/>\n<meta property=\"og:locale\" content=\"pl_PL\" \/>\n<meta property=\"og:type\" content=\"article\" \/>\n<meta property=\"og:title\" content=\"Procesor drewna opa\u0142owego SplitMate &#8211; JAK-Metalli Oy\" \/>\n<meta property=\"og:description\" content=\"SplitMate to hydraulicznie sterowany, przymocowany do podstawy procesor do drewna opa\u0142owego, kt\u00f3ry obs\u0142uguje za\u0142adunek, ci\u0119cie i dzielenie w jednym urz\u0105dzeniu.\" \/>\n<meta property=\"og:url\" content=\"https:\/\/jak.fi\/pl\/produkty\/procesor-drewna-opalowego\/procesor-drewna-opalowego-splitmate\/\" \/>\n<meta property=\"og:site_name\" content=\"JAK-Metalli Oy\" \/>\n<meta property=\"article:publisher\" content=\"https:\/\/www.facebook.com\/jaktreeshears\" \/>\n<meta property=\"article:modified_time\" content=\"2025-11-26T08:24:31+00:00\" \/>\n<meta property=\"og:image\" content=\"https:\/\/jak.fi\/wp-content\/uploads\/2025\/10\/SplitMate-klapikone-14.jpg\" \/>\n\t<meta property=\"og:image:width\" content=\"1000\" \/>\n\t<meta property=\"og:image:height\" content=\"667\" \/>\n\t<meta property=\"og:image:type\" content=\"image\/jpeg\" \/>\n<meta name=\"twitter:card\" content=\"summary_large_image\" \/>\n<meta name=\"twitter:label1\" content=\"Szacowany czas czytania\" \/>\n\t<meta name=\"twitter:data1\" content=\"3 minuta\" \/>\n<script type=\"application\/ld+json\" class=\"yoast-schema-graph\">{\"@context\":\"https:\\\/\\\/schema.org\",\"@graph\":[{\"@type\":\"WebPage\",\"@id\":\"https:\\\/\\\/jak.fi\\\/pl\\\/produkty\\\/procesor-drewna-opalowego\\\/procesor-drewna-opalowego-splitmate\\\/\",\"url\":\"https:\\\/\\\/jak.fi\\\/pl\\\/produkty\\\/procesor-drewna-opalowego\\\/procesor-drewna-opalowego-splitmate\\\/\",\"name\":\"Procesor drewna opa\u0142owego SplitMate &#8211; JAK-Metalli Oy\",\"isPartOf\":{\"@id\":\"https:\\\/\\\/jak.fi\\\/pl\\\/#website\"},\"primaryImageOfPage\":{\"@id\":\"https:\\\/\\\/jak.fi\\\/pl\\\/produkty\\\/procesor-drewna-opalowego\\\/procesor-drewna-opalowego-splitmate\\\/#primaryimage\"},\"image\":{\"@id\":\"https:\\\/\\\/jak.fi\\\/pl\\\/produkty\\\/procesor-drewna-opalowego\\\/procesor-drewna-opalowego-splitmate\\\/#primaryimage\"},\"thumbnailUrl\":\"https:\\\/\\\/jak.fi\\\/wp-content\\\/uploads\\\/2025\\\/10\\\/SplitMate-klapikone-14.jpg\",\"datePublished\":\"2025-10-10T06:04:45+00:00\",\"dateModified\":\"2025-11-26T08:24:31+00:00\",\"description\":\"SplitMate to hydraulicznie sterowany, przymocowany do podstawy procesor do drewna opa\u0142owego, kt\u00f3ry obs\u0142uguje za\u0142adunek, ci\u0119cie i dzielenie w jednym urz\u0105dzeniu.\",\"breadcrumb\":{\"@id\":\"https:\\\/\\\/jak.fi\\\/pl\\\/produkty\\\/procesor-drewna-opalowego\\\/procesor-drewna-opalowego-splitmate\\\/#breadcrumb\"},\"inLanguage\":\"pl-PL\",\"potentialAction\":[{\"@type\":\"ReadAction\",\"target\":[\"https:\\\/\\\/jak.fi\\\/pl\\\/produkty\\\/procesor-drewna-opalowego\\\/procesor-drewna-opalowego-splitmate\\\/\"]}]},{\"@type\":\"ImageObject\",\"inLanguage\":\"pl-PL\",\"@id\":\"https:\\\/\\\/jak.fi\\\/pl\\\/produkty\\\/procesor-drewna-opalowego\\\/procesor-drewna-opalowego-splitmate\\\/#primaryimage\",\"url\":\"https:\\\/\\\/jak.fi\\\/wp-content\\\/uploads\\\/2025\\\/10\\\/SplitMate-klapikone-14.jpg\",\"contentUrl\":\"https:\\\/\\\/jak.fi\\\/wp-content\\\/uploads\\\/2025\\\/10\\\/SplitMate-klapikone-14.jpg\",\"width\":1000,\"height\":667},{\"@type\":\"BreadcrumbList\",\"@id\":\"https:\\\/\\\/jak.fi\\\/pl\\\/produkty\\\/procesor-drewna-opalowego\\\/procesor-drewna-opalowego-splitmate\\\/#breadcrumb\",\"itemListElement\":[{\"@type\":\"ListItem\",\"position\":1,\"name\":\"Etusivu\",\"item\":\"https:\\\/\\\/jak.fi\\\/pl\\\/\"},{\"@type\":\"ListItem\",\"position\":2,\"name\":\"Produkty\",\"item\":\"https:\\\/\\\/jak.fi\\\/pl\\\/produkty\\\/\"},{\"@type\":\"ListItem\",\"position\":3,\"name\":\"Procesor drewna opa\u0142owego SplitMate\"}]},{\"@type\":\"WebSite\",\"@id\":\"https:\\\/\\\/jak.fi\\\/pl\\\/#website\",\"url\":\"https:\\\/\\\/jak.fi\\\/pl\\\/\",\"name\":\"JAK-Metalli Oy\",\"description\":\"\",\"publisher\":{\"@id\":\"https:\\\/\\\/jak.fi\\\/pl\\\/#organization\"},\"alternateName\":\"JAK Tree shears\",\"potentialAction\":[{\"@type\":\"SearchAction\",\"target\":{\"@type\":\"EntryPoint\",\"urlTemplate\":\"https:\\\/\\\/jak.fi\\\/pl\\\/?s={search_term_string}\"},\"query-input\":{\"@type\":\"PropertyValueSpecification\",\"valueRequired\":true,\"valueName\":\"search_term_string\"}}],\"inLanguage\":\"pl-PL\"},{\"@type\":\"Organization\",\"@id\":\"https:\\\/\\\/jak.fi\\\/pl\\\/#organization\",\"name\":\"JAK-Metalli Oy\",\"alternateName\":\"JAK Tree shears\",\"url\":\"https:\\\/\\\/jak.fi\\\/pl\\\/\",\"logo\":{\"@type\":\"ImageObject\",\"inLanguage\":\"pl-PL\",\"@id\":\"https:\\\/\\\/jak.fi\\\/pl\\\/#\\\/schema\\\/logo\\\/image\\\/\",\"url\":\"https:\\\/\\\/jak.fi\\\/wp-content\\\/uploads\\\/2024\\\/09\\\/JAK-logo-696x696-1.jpg\",\"contentUrl\":\"https:\\\/\\\/jak.fi\\\/wp-content\\\/uploads\\\/2024\\\/09\\\/JAK-logo-696x696-1.jpg\",\"width\":696,\"height\":696,\"caption\":\"JAK-Metalli Oy\"},\"image\":{\"@id\":\"https:\\\/\\\/jak.fi\\\/pl\\\/#\\\/schema\\\/logo\\\/image\\\/\"},\"sameAs\":[\"https:\\\/\\\/www.facebook.com\\\/jaktreeshears\",\"https:\\\/\\\/www.instagram.com\\\/jaktreeshears\\\/\",\"https:\\\/\\\/www.youtube.com\\\/channel\\\/UCAwvaVhBBkPie8MeAGbdY1w\"]}]}<\/script>\n<!-- \/ Yoast SEO plugin. -->","yoast_head_json":{"title":"Procesor drewna opa\u0142owego SplitMate &#8211; JAK-Metalli Oy","description":"SplitMate to hydraulicznie sterowany, przymocowany do podstawy procesor do drewna opa\u0142owego, kt\u00f3ry obs\u0142uguje za\u0142adunek, ci\u0119cie i dzielenie w jednym urz\u0105dzeniu.","robots":{"index":"index","follow":"follow","max-snippet":"max-snippet:-1","max-image-preview":"max-image-preview:large","max-video-preview":"max-video-preview:-1"},"canonical":"https:\/\/jak.fi\/pl\/produkty\/procesor-drewna-opalowego\/procesor-drewna-opalowego-splitmate\/","og_locale":"pl_PL","og_type":"article","og_title":"Procesor drewna opa\u0142owego SplitMate &#8211; JAK-Metalli Oy","og_description":"SplitMate to hydraulicznie sterowany, przymocowany do podstawy procesor do drewna opa\u0142owego, kt\u00f3ry obs\u0142uguje za\u0142adunek, ci\u0119cie i dzielenie w jednym urz\u0105dzeniu.","og_url":"https:\/\/jak.fi\/pl\/produkty\/procesor-drewna-opalowego\/procesor-drewna-opalowego-splitmate\/","og_site_name":"JAK-Metalli Oy","article_publisher":"https:\/\/www.facebook.com\/jaktreeshears","article_modified_time":"2025-11-26T08:24:31+00:00","og_image":[{"width":1000,"height":667,"url":"https:\/\/jak.fi\/wp-content\/uploads\/2025\/10\/SplitMate-klapikone-14.jpg","type":"image\/jpeg"}],"twitter_card":"summary_large_image","twitter_misc":{"Szacowany czas czytania":"3 minuta"},"schema":{"@context":"https:\/\/schema.org","@graph":[{"@type":"WebPage","@id":"https:\/\/jak.fi\/pl\/produkty\/procesor-drewna-opalowego\/procesor-drewna-opalowego-splitmate\/","url":"https:\/\/jak.fi\/pl\/produkty\/procesor-drewna-opalowego\/procesor-drewna-opalowego-splitmate\/","name":"Procesor drewna opa\u0142owego SplitMate &#8211; JAK-Metalli Oy","isPartOf":{"@id":"https:\/\/jak.fi\/pl\/#website"},"primaryImageOfPage":{"@id":"https:\/\/jak.fi\/pl\/produkty\/procesor-drewna-opalowego\/procesor-drewna-opalowego-splitmate\/#primaryimage"},"image":{"@id":"https:\/\/jak.fi\/pl\/produkty\/procesor-drewna-opalowego\/procesor-drewna-opalowego-splitmate\/#primaryimage"},"thumbnailUrl":"https:\/\/jak.fi\/wp-content\/uploads\/2025\/10\/SplitMate-klapikone-14.jpg","datePublished":"2025-10-10T06:04:45+00:00","dateModified":"2025-11-26T08:24:31+00:00","description":"SplitMate to hydraulicznie sterowany, przymocowany do podstawy procesor do drewna opa\u0142owego, kt\u00f3ry obs\u0142uguje za\u0142adunek, ci\u0119cie i dzielenie w jednym urz\u0105dzeniu.","breadcrumb":{"@id":"https:\/\/jak.fi\/pl\/produkty\/procesor-drewna-opalowego\/procesor-drewna-opalowego-splitmate\/#breadcrumb"},"inLanguage":"pl-PL","potentialAction":[{"@type":"ReadAction","target":["https:\/\/jak.fi\/pl\/produkty\/procesor-drewna-opalowego\/procesor-drewna-opalowego-splitmate\/"]}]},{"@type":"ImageObject","inLanguage":"pl-PL","@id":"https:\/\/jak.fi\/pl\/produkty\/procesor-drewna-opalowego\/procesor-drewna-opalowego-splitmate\/#primaryimage","url":"https:\/\/jak.fi\/wp-content\/uploads\/2025\/10\/SplitMate-klapikone-14.jpg","contentUrl":"https:\/\/jak.fi\/wp-content\/uploads\/2025\/10\/SplitMate-klapikone-14.jpg","width":1000,"height":667},{"@type":"BreadcrumbList","@id":"https:\/\/jak.fi\/pl\/produkty\/procesor-drewna-opalowego\/procesor-drewna-opalowego-splitmate\/#breadcrumb","itemListElement":[{"@type":"ListItem","position":1,"name":"Etusivu","item":"https:\/\/jak.fi\/pl\/"},{"@type":"ListItem","position":2,"name":"Produkty","item":"https:\/\/jak.fi\/pl\/produkty\/"},{"@type":"ListItem","position":3,"name":"Procesor drewna opa\u0142owego SplitMate"}]},{"@type":"WebSite","@id":"https:\/\/jak.fi\/pl\/#website","url":"https:\/\/jak.fi\/pl\/","name":"JAK-Metalli Oy","description":"","publisher":{"@id":"https:\/\/jak.fi\/pl\/#organization"},"alternateName":"JAK Tree shears","potentialAction":[{"@type":"SearchAction","target":{"@type":"EntryPoint","urlTemplate":"https:\/\/jak.fi\/pl\/?s={search_term_string}"},"query-input":{"@type":"PropertyValueSpecification","valueRequired":true,"valueName":"search_term_string"}}],"inLanguage":"pl-PL"},{"@type":"Organization","@id":"https:\/\/jak.fi\/pl\/#organization","name":"JAK-Metalli Oy","alternateName":"JAK Tree shears","url":"https:\/\/jak.fi\/pl\/","logo":{"@type":"ImageObject","inLanguage":"pl-PL","@id":"https:\/\/jak.fi\/pl\/#\/schema\/logo\/image\/","url":"https:\/\/jak.fi\/wp-content\/uploads\/2024\/09\/JAK-logo-696x696-1.jpg","contentUrl":"https:\/\/jak.fi\/wp-content\/uploads\/2024\/09\/JAK-logo-696x696-1.jpg","width":696,"height":696,"caption":"JAK-Metalli Oy"},"image":{"@id":"https:\/\/jak.fi\/pl\/#\/schema\/logo\/image\/"},"sameAs":["https:\/\/www.facebook.com\/jaktreeshears","https:\/\/www.instagram.com\/jaktreeshears\/","https:\/\/www.youtube.com\/channel\/UCAwvaVhBBkPie8MeAGbdY1w"]}]}},"_links":{"self":[{"href":"https:\/\/jak.fi\/pl\/wp-json\/wp\/v2\/product\/16067","targetHints":{"allow":["GET"]}}],"collection":[{"href":"https:\/\/jak.fi\/pl\/wp-json\/wp\/v2\/product"}],"about":[{"href":"https:\/\/jak.fi\/pl\/wp-json\/wp\/v2\/types\/product"}],"wp:featuredmedia":[{"embeddable":true,"href":"https:\/\/jak.fi\/pl\/wp-json\/wp\/v2\/media\/15120"}],"wp:attachment":[{"href":"https:\/\/jak.fi\/pl\/wp-json\/wp\/v2\/media?parent=16067"}],"wp:term":[{"taxonomy":"product_brand","embeddable":true,"href":"https:\/\/jak.fi\/pl\/wp-json\/wp\/v2\/product_brand?post=16067"},{"taxonomy":"product_cat","embeddable":true,"href":"https:\/\/jak.fi\/pl\/wp-json\/wp\/v2\/product_cat?post=16067"},{"taxonomy":"product_tag","embeddable":true,"href":"https:\/\/jak.fi\/pl\/wp-json\/wp\/v2\/product_tag?post=16067"}],"curies":[{"name":"wp","href":"https:\/\/api.w.org\/{rel}","templated":true}]}}