{"id":9058,"date":"2024-11-06T13:42:38","date_gmt":"2024-11-06T10:42:38","guid":{"rendered":"https:\/\/jak.fi\/products\/Ei-luokiteltu\/automatyczna-funkcja-kolektora\/"},"modified":"2025-06-11T12:32:53","modified_gmt":"2025-06-11T09:32:53","slug":"automatyczna-funkcja-kolektora","status":"publish","type":"product","link":"https:\/\/jak.fi\/pl\/produkty\/akcesoria-do-glowic-biomasowych\/automatyczna-funkcja-kolektora\/","title":{"rendered":"Automatyczna funkcja kolektora"},"content":{"rendered":"<p><strong>Prostota i wydajno\u015b\u0107 &#8211; automatyczne zbieranie drzew<\/strong><\/p>\n<p>Dzi\u0119ki temu akcesorium, kt\u00f3re mo\u017cna zainstalowa\u0107 jako dodatek do kolektora masy, kolektor masy automatycznie wsp\u00f3\u0142pracuje z g\u0142owic\u0105 biomasow\u0105 urz\u0105dzenia tn\u0105cego. Gdy szcz\u0119ki g\u0142owicy biomasowej zamykaj\u0105 si\u0119, szcz\u0119ki kolektora masy automatycznie otwieraj\u0105 si\u0119, aby zebra\u0107 drewno. Podobnie, gdy szcz\u0119ki kolektora masy zamykaj\u0105 si\u0119, szcz\u0119ki g\u0142owicy biomasowej otwieraj\u0105 si\u0119. Wystarczy tylko jeden przycisk, aby zwolni\u0107 gotow\u0105, zebran\u0105 k\u0142od\u0119.   <\/p>\n<p>Automatyczna funkcja kolektora masy przyspiesza i upraszcza prac\u0119, zdejmuj\u0105c z operatora zb\u0119dne czynno\u015bci. Ta automatyczna funkcja sprawia, \u017ce zbieranie drobnego drewna jest znacznie bardziej wydajne. <\/p>\n<p>Ponadto, ta automatyczna funkcja pozwala na prac\u0119 g\u0142owicy biomasowej i kolektora masy z tej samej linii hydraulicznej (powr\u00f3t\/powr\u00f3t).<\/p>\n<p>Opr\u00f3cz u\u0142atwiania pracy, funkcja ta prowadzi u\u017cytkownika. \u015aledz\u0105c ruch szcz\u0119ki kolektora masy, u\u017cytkownik wie, kiedy zwolni\u0107 wi\u0105zk\u0119 drewna do zebrania. Gdy szcz\u0119ka kolektora masy jest widoczna podczas pracy, w kolektorze masy jest jeszcze miejsce na wi\u0119cej drewna. Je\u015bli szcz\u0119ka kolektora nie jest widoczna podczas pracy, oznacza to, \u017ce wi\u0105zka wymaga opr\u00f3\u017cnienia.   <\/p>\n","protected":false},"excerpt":{"rendered":"<p>Prostota i wydajno\u015b\u0107 &#8211; automatyczne zbieranie drzew Dzi\u0119ki temu akcesorium, kt\u00f3re mo\u017cna zainstalowa\u0107 jako dodatek do kolektora masy, kolektor masy automatycznie wsp\u00f3\u0142pracuje z g\u0142owic\u0105 biomasow\u0105 urz\u0105dzenia tn\u0105cego. Gdy szcz\u0119ki g\u0142owicy biomasowej zamykaj\u0105 si\u0119, szcz\u0119ki kolektora masy automatycznie otwieraj\u0105 si\u0119, aby zebra\u0107 drewno. Podobnie, gdy szcz\u0119ki kolektora masy zamykaj\u0105 si\u0119, szcz\u0119ki g\u0142owicy biomasowej otwieraj\u0105 si\u0119. Wystarczy [&hellip;]<\/p>\n","protected":false},"featured_media":9059,"template":"","meta":{"_acf_changed":false},"product_brand":[],"product_cat":[627],"product_tag":[],"class_list":{"0":"post-9058","1":"product","2":"type-product","3":"status-publish","4":"has-post-thumbnail","6":"product_cat-akcesoria-do-glowic-biomasowych","8":"first","9":"instock","10":"shipping-taxable","11":"product-type-simple"},"acf":[],"yoast_head":"<!-- This site is optimized with the Yoast SEO plugin v27.2 - https:\/\/yoast.com\/product\/yoast-seo-wordpress\/ -->\n<title>Automatyczna funkcja kolektora &#8211; JAK-Metalli Oy<\/title>\n<meta name=\"description\" content=\"JAK Automatyczna funkcja kolektora wnosi wydajno\u015b\u0107 do pozyskiwania drewna energetycznego, sprawiaj\u0105c, \u017ce korzystanie z chwytak\u00f3w jest p\u0142ynniejsze i szybsze.\" \/>\n<meta name=\"robots\" content=\"index, follow, max-snippet:-1, max-image-preview:large, max-video-preview:-1\" \/>\n<link rel=\"canonical\" href=\"https:\/\/jak.fi\/pl\/produkty\/akcesoria-do-glowic-biomasowych\/automatyczna-funkcja-kolektora\/\" \/>\n<meta property=\"og:locale\" content=\"pl_PL\" \/>\n<meta property=\"og:type\" content=\"article\" \/>\n<meta property=\"og:title\" content=\"Automatyczna funkcja kolektora &#8211; JAK-Metalli Oy\" \/>\n<meta property=\"og:description\" content=\"JAK Automatyczna funkcja kolektora wnosi wydajno\u015b\u0107 do pozyskiwania drewna energetycznego, sprawiaj\u0105c, \u017ce korzystanie z chwytak\u00f3w jest p\u0142ynniejsze i szybsze.\" \/>\n<meta property=\"og:url\" content=\"https:\/\/jak.fi\/pl\/produkty\/akcesoria-do-glowic-biomasowych\/automatyczna-funkcja-kolektora\/\" \/>\n<meta property=\"og:site_name\" content=\"JAK-Metalli Oy\" \/>\n<meta property=\"article:publisher\" content=\"https:\/\/www.facebook.com\/jaktreeshears\" \/>\n<meta property=\"article:modified_time\" content=\"2025-06-11T09:32:53+00:00\" \/>\n<meta property=\"og:image\" content=\"https:\/\/jak.fi\/wp-content\/uploads\/2024\/11\/Joukkokeraimen-automaattitoiminto.png\" \/>\n\t<meta property=\"og:image:width\" content=\"1000\" \/>\n\t<meta property=\"og:image:height\" content=\"667\" \/>\n\t<meta property=\"og:image:type\" content=\"image\/png\" \/>\n<meta name=\"twitter:card\" content=\"summary_large_image\" \/>\n<meta name=\"twitter:label1\" content=\"Szacowany czas czytania\" \/>\n\t<meta name=\"twitter:data1\" content=\"1 minuta\" \/>\n<script type=\"application\/ld+json\" class=\"yoast-schema-graph\">{\"@context\":\"https:\/\/schema.org\",\"@graph\":[{\"@type\":\"WebPage\",\"@id\":\"https:\/\/jak.fi\/pl\/produkty\/akcesoria-do-glowic-biomasowych\/automatyczna-funkcja-kolektora\/\",\"url\":\"https:\/\/jak.fi\/pl\/produkty\/akcesoria-do-glowic-biomasowych\/automatyczna-funkcja-kolektora\/\",\"name\":\"Automatyczna funkcja kolektora &#8211; JAK-Metalli Oy\",\"isPartOf\":{\"@id\":\"https:\/\/jak.fi\/pl\/#website\"},\"primaryImageOfPage\":{\"@id\":\"https:\/\/jak.fi\/pl\/produkty\/akcesoria-do-glowic-biomasowych\/automatyczna-funkcja-kolektora\/#primaryimage\"},\"image\":{\"@id\":\"https:\/\/jak.fi\/pl\/produkty\/akcesoria-do-glowic-biomasowych\/automatyczna-funkcja-kolektora\/#primaryimage\"},\"thumbnailUrl\":\"https:\/\/jak.fi\/wp-content\/uploads\/2024\/11\/Joukkokeraimen-automaattitoiminto.png\",\"datePublished\":\"2024-11-06T10:42:38+00:00\",\"dateModified\":\"2025-06-11T09:32:53+00:00\",\"description\":\"JAK Automatyczna funkcja kolektora wnosi wydajno\u015b\u0107 do pozyskiwania drewna energetycznego, sprawiaj\u0105c, \u017ce korzystanie z chwytak\u00f3w jest p\u0142ynniejsze i szybsze.\",\"breadcrumb\":{\"@id\":\"https:\/\/jak.fi\/pl\/produkty\/akcesoria-do-glowic-biomasowych\/automatyczna-funkcja-kolektora\/#breadcrumb\"},\"inLanguage\":\"pl-PL\",\"potentialAction\":[{\"@type\":\"ReadAction\",\"target\":[\"https:\/\/jak.fi\/pl\/produkty\/akcesoria-do-glowic-biomasowych\/automatyczna-funkcja-kolektora\/\"]}]},{\"@type\":\"ImageObject\",\"inLanguage\":\"pl-PL\",\"@id\":\"https:\/\/jak.fi\/pl\/produkty\/akcesoria-do-glowic-biomasowych\/automatyczna-funkcja-kolektora\/#primaryimage\",\"url\":\"https:\/\/jak.fi\/wp-content\/uploads\/2024\/11\/Joukkokeraimen-automaattitoiminto.png\",\"contentUrl\":\"https:\/\/jak.fi\/wp-content\/uploads\/2024\/11\/Joukkokeraimen-automaattitoiminto.png\",\"width\":1000,\"height\":667,\"caption\":\"Automatyczna funkcja kolektora JAK Obraz produktu z przezroczystym t\u0142em\"},{\"@type\":\"BreadcrumbList\",\"@id\":\"https:\/\/jak.fi\/pl\/produkty\/akcesoria-do-glowic-biomasowych\/automatyczna-funkcja-kolektora\/#breadcrumb\",\"itemListElement\":[{\"@type\":\"ListItem\",\"position\":1,\"name\":\"Etusivu\",\"item\":\"https:\/\/jak.fi\/pl\/\"},{\"@type\":\"ListItem\",\"position\":2,\"name\":\"Produkty\",\"item\":\"https:\/\/jak.fi\/pl\/produkty\/\"},{\"@type\":\"ListItem\",\"position\":3,\"name\":\"Automatyczna funkcja kolektora\"}]},{\"@type\":\"WebSite\",\"@id\":\"https:\/\/jak.fi\/pl\/#website\",\"url\":\"https:\/\/jak.fi\/pl\/\",\"name\":\"JAK-Metalli Oy\",\"description\":\"\",\"publisher\":{\"@id\":\"https:\/\/jak.fi\/pl\/#organization\"},\"alternateName\":\"JAK Tree shears\",\"potentialAction\":[{\"@type\":\"SearchAction\",\"target\":{\"@type\":\"EntryPoint\",\"urlTemplate\":\"https:\/\/jak.fi\/pl\/?s={search_term_string}\"},\"query-input\":{\"@type\":\"PropertyValueSpecification\",\"valueRequired\":true,\"valueName\":\"search_term_string\"}}],\"inLanguage\":\"pl-PL\"},{\"@type\":\"Organization\",\"@id\":\"https:\/\/jak.fi\/pl\/#organization\",\"name\":\"JAK-Metalli Oy\",\"alternateName\":\"JAK Tree shears\",\"url\":\"https:\/\/jak.fi\/pl\/\",\"logo\":{\"@type\":\"ImageObject\",\"inLanguage\":\"pl-PL\",\"@id\":\"https:\/\/jak.fi\/pl\/#\/schema\/logo\/image\/\",\"url\":\"https:\/\/jak.fi\/wp-content\/uploads\/2024\/09\/JAK-logo-696x696-1.jpg\",\"contentUrl\":\"https:\/\/jak.fi\/wp-content\/uploads\/2024\/09\/JAK-logo-696x696-1.jpg\",\"width\":696,\"height\":696,\"caption\":\"JAK-Metalli Oy\"},\"image\":{\"@id\":\"https:\/\/jak.fi\/pl\/#\/schema\/logo\/image\/\"},\"sameAs\":[\"https:\/\/www.facebook.com\/jaktreeshears\",\"https:\/\/www.instagram.com\/jaktreeshears\/\",\"https:\/\/www.youtube.com\/channel\/UCAwvaVhBBkPie8MeAGbdY1w\"]}]}<\/script>\n<!-- \/ Yoast SEO plugin. -->","yoast_head_json":{"title":"Automatyczna funkcja kolektora &#8211; JAK-Metalli Oy","description":"JAK Automatyczna funkcja kolektora wnosi wydajno\u015b\u0107 do pozyskiwania drewna energetycznego, sprawiaj\u0105c, \u017ce korzystanie z chwytak\u00f3w jest p\u0142ynniejsze i szybsze.","robots":{"index":"index","follow":"follow","max-snippet":"max-snippet:-1","max-image-preview":"max-image-preview:large","max-video-preview":"max-video-preview:-1"},"canonical":"https:\/\/jak.fi\/pl\/produkty\/akcesoria-do-glowic-biomasowych\/automatyczna-funkcja-kolektora\/","og_locale":"pl_PL","og_type":"article","og_title":"Automatyczna funkcja kolektora &#8211; JAK-Metalli Oy","og_description":"JAK Automatyczna funkcja kolektora wnosi wydajno\u015b\u0107 do pozyskiwania drewna energetycznego, sprawiaj\u0105c, \u017ce korzystanie z chwytak\u00f3w jest p\u0142ynniejsze i szybsze.","og_url":"https:\/\/jak.fi\/pl\/produkty\/akcesoria-do-glowic-biomasowych\/automatyczna-funkcja-kolektora\/","og_site_name":"JAK-Metalli Oy","article_publisher":"https:\/\/www.facebook.com\/jaktreeshears","article_modified_time":"2025-06-11T09:32:53+00:00","og_image":[{"width":1000,"height":667,"url":"https:\/\/jak.fi\/wp-content\/uploads\/2024\/11\/Joukkokeraimen-automaattitoiminto.png","type":"image\/png"}],"twitter_card":"summary_large_image","twitter_misc":{"Szacowany czas czytania":"1 minuta"},"schema":{"@context":"https:\/\/schema.org","@graph":[{"@type":"WebPage","@id":"https:\/\/jak.fi\/pl\/produkty\/akcesoria-do-glowic-biomasowych\/automatyczna-funkcja-kolektora\/","url":"https:\/\/jak.fi\/pl\/produkty\/akcesoria-do-glowic-biomasowych\/automatyczna-funkcja-kolektora\/","name":"Automatyczna funkcja kolektora &#8211; JAK-Metalli Oy","isPartOf":{"@id":"https:\/\/jak.fi\/pl\/#website"},"primaryImageOfPage":{"@id":"https:\/\/jak.fi\/pl\/produkty\/akcesoria-do-glowic-biomasowych\/automatyczna-funkcja-kolektora\/#primaryimage"},"image":{"@id":"https:\/\/jak.fi\/pl\/produkty\/akcesoria-do-glowic-biomasowych\/automatyczna-funkcja-kolektora\/#primaryimage"},"thumbnailUrl":"https:\/\/jak.fi\/wp-content\/uploads\/2024\/11\/Joukkokeraimen-automaattitoiminto.png","datePublished":"2024-11-06T10:42:38+00:00","dateModified":"2025-06-11T09:32:53+00:00","description":"JAK Automatyczna funkcja kolektora wnosi wydajno\u015b\u0107 do pozyskiwania drewna energetycznego, sprawiaj\u0105c, \u017ce korzystanie z chwytak\u00f3w jest p\u0142ynniejsze i szybsze.","breadcrumb":{"@id":"https:\/\/jak.fi\/pl\/produkty\/akcesoria-do-glowic-biomasowych\/automatyczna-funkcja-kolektora\/#breadcrumb"},"inLanguage":"pl-PL","potentialAction":[{"@type":"ReadAction","target":["https:\/\/jak.fi\/pl\/produkty\/akcesoria-do-glowic-biomasowych\/automatyczna-funkcja-kolektora\/"]}]},{"@type":"ImageObject","inLanguage":"pl-PL","@id":"https:\/\/jak.fi\/pl\/produkty\/akcesoria-do-glowic-biomasowych\/automatyczna-funkcja-kolektora\/#primaryimage","url":"https:\/\/jak.fi\/wp-content\/uploads\/2024\/11\/Joukkokeraimen-automaattitoiminto.png","contentUrl":"https:\/\/jak.fi\/wp-content\/uploads\/2024\/11\/Joukkokeraimen-automaattitoiminto.png","width":1000,"height":667,"caption":"Automatyczna funkcja kolektora JAK Obraz produktu z przezroczystym t\u0142em"},{"@type":"BreadcrumbList","@id":"https:\/\/jak.fi\/pl\/produkty\/akcesoria-do-glowic-biomasowych\/automatyczna-funkcja-kolektora\/#breadcrumb","itemListElement":[{"@type":"ListItem","position":1,"name":"Etusivu","item":"https:\/\/jak.fi\/pl\/"},{"@type":"ListItem","position":2,"name":"Produkty","item":"https:\/\/jak.fi\/pl\/produkty\/"},{"@type":"ListItem","position":3,"name":"Automatyczna funkcja kolektora"}]},{"@type":"WebSite","@id":"https:\/\/jak.fi\/pl\/#website","url":"https:\/\/jak.fi\/pl\/","name":"JAK-Metalli Oy","description":"","publisher":{"@id":"https:\/\/jak.fi\/pl\/#organization"},"alternateName":"JAK Tree shears","potentialAction":[{"@type":"SearchAction","target":{"@type":"EntryPoint","urlTemplate":"https:\/\/jak.fi\/pl\/?s={search_term_string}"},"query-input":{"@type":"PropertyValueSpecification","valueRequired":true,"valueName":"search_term_string"}}],"inLanguage":"pl-PL"},{"@type":"Organization","@id":"https:\/\/jak.fi\/pl\/#organization","name":"JAK-Metalli Oy","alternateName":"JAK Tree shears","url":"https:\/\/jak.fi\/pl\/","logo":{"@type":"ImageObject","inLanguage":"pl-PL","@id":"https:\/\/jak.fi\/pl\/#\/schema\/logo\/image\/","url":"https:\/\/jak.fi\/wp-content\/uploads\/2024\/09\/JAK-logo-696x696-1.jpg","contentUrl":"https:\/\/jak.fi\/wp-content\/uploads\/2024\/09\/JAK-logo-696x696-1.jpg","width":696,"height":696,"caption":"JAK-Metalli Oy"},"image":{"@id":"https:\/\/jak.fi\/pl\/#\/schema\/logo\/image\/"},"sameAs":["https:\/\/www.facebook.com\/jaktreeshears","https:\/\/www.instagram.com\/jaktreeshears\/","https:\/\/www.youtube.com\/channel\/UCAwvaVhBBkPie8MeAGbdY1w"]}]}},"_links":{"self":[{"href":"https:\/\/jak.fi\/pl\/wp-json\/wp\/v2\/product\/9058","targetHints":{"allow":["GET"]}}],"collection":[{"href":"https:\/\/jak.fi\/pl\/wp-json\/wp\/v2\/product"}],"about":[{"href":"https:\/\/jak.fi\/pl\/wp-json\/wp\/v2\/types\/product"}],"wp:featuredmedia":[{"embeddable":true,"href":"https:\/\/jak.fi\/pl\/wp-json\/wp\/v2\/media\/9059"}],"wp:attachment":[{"href":"https:\/\/jak.fi\/pl\/wp-json\/wp\/v2\/media?parent=9058"}],"wp:term":[{"taxonomy":"product_brand","embeddable":true,"href":"https:\/\/jak.fi\/pl\/wp-json\/wp\/v2\/product_brand?post=9058"},{"taxonomy":"product_cat","embeddable":true,"href":"https:\/\/jak.fi\/pl\/wp-json\/wp\/v2\/product_cat?post=9058"},{"taxonomy":"product_tag","embeddable":true,"href":"https:\/\/jak.fi\/pl\/wp-json\/wp\/v2\/product_tag?post=9058"}],"curies":[{"name":"wp","href":"https:\/\/api.w.org\/{rel}","templated":true}]}}