{"id":9067,"date":"2024-06-03T08:49:57","date_gmt":"2024-06-03T05:49:57","guid":{"rendered":"https:\/\/jak.fi\/products\/Ei-luokiteltu\/jak-400c-glowica-biomasowa-do-koparki\/"},"modified":"2025-09-02T15:24:27","modified_gmt":"2025-09-02T12:24:27","slug":"jak-400c-glowica-biomasowa-do-koparki","status":"publish","type":"product","link":"https:\/\/jak.fi\/pl\/produkty\/glowice-biomasowe-do-koparek\/jak-400c-glowica-biomasowa-do-koparki\/","title":{"rendered":"JAK-400C G\u0142owica biomasowa do koparki 14-30t"},"content":{"rendered":"<h2>JAK-400C G\u0142owica biomasowa do koparki<\/h2>\n<p>G\u0142owica biomasowa JAK-400C do koparek, zaprojektowana specjalnie do koparek o masie od 14 do 30 ton (30864-66138 funt\u00f3w). Chwytak koncentruje si\u0142\u0119 ci\u0119cia w pojedynczej szcz\u0119ce zaciskowej, co pozwala na l\u017cejsz\u0105 konstrukcj\u0119 i ni\u017csz\u0105 cen\u0119 bez uszczerbku dla wydajno\u015bci. Dzi\u0119ki du\u017cemu rozmiarowi JAK-400C skutecznie tnie pnie drzew o grubo\u015bci do 400 mm, co czyni go doskona\u0142ym wyborem do wymagaj\u0105cych prac le\u015bnych i karczowania.<\/p>\n<p>Ta wielofunkcyjna g\u0142owica biomasowa jest wynikiem d\u0142ugotrwa\u0142ego rozwoju produktu i bada\u0144. Podczas procesu rozwoju, projekt chwytaka zosta\u0142 oparty na rzeczywistych do\u015bwiadczeniach z naszego w\u0142asnego do\u015bwiadczenia w obr\u00f3bce drewna, a tak\u017ce na pomys\u0142ach u\u017cytkownik\u00f3w. Ta g\u0142owica biomasowa przesz\u0142a wymagaj\u0105cy proces testowania w trudnych warunkach.<\/p>\n<p>Stosujemy odporn\u0105 na zu\u017cycie stal Hardox\u00ae. Domowa konstrukcja i zastosowanie najwy\u017cszej jako\u015bci materia\u0142\u00f3w r\u00f3wnie\u017c przyczyniaj\u0105 si\u0119 do konstrukcji i niezawodno\u015bci, kt\u00f3re mog\u0105 wytrzyma\u0107 najtrudniejsze sytuacje i warunki.<\/p>\n<p>&nbsp;<\/p>\n<p><strong>Szybkoz\u0142\u0105cze<\/strong><\/p>\n<p>Najpopularniejszy osprz\u0119t do koparek<\/p>\n<p>Na \u017cyczenie zgodnie z typem maszyny zam\u00f3wionej przez klienta<\/p>\n","protected":false},"excerpt":{"rendered":"<ul>\n<li>\u015arednica ci\u0119cia do 400 mm<\/li>\n<li>Dost\u0119pny z jedn\u0105 opcjonaln\u0105 lini\u0105 hydrauliczn\u0105<\/li>\n<li>Wykonane z odpornej na zu\u017cycie stali Hardox<\/li>\n<li>Ta\u0144sza alternatywa<\/li>\n<li>Zatwierdzony przez CE<\/li>\n<li>Wyprodukowano w Finlandii<\/li>\n<li>Od\u0142\u0105czane ostrze<\/li>\n<\/ul>\n","protected":false},"featured_media":9080,"template":"","meta":{"_acf_changed":false},"product_brand":[],"product_cat":[635],"product_tag":[],"class_list":{"0":"post-9067","1":"product","2":"type-product","3":"status-publish","4":"has-post-thumbnail","6":"product_cat-glowice-biomasowe-do-koparek","8":"first","9":"instock","10":"shipping-taxable","11":"product-type-simple"},"acf":[],"yoast_head":"<!-- This site is optimized with the Yoast SEO plugin v27.3 - https:\/\/yoast.com\/product\/yoast-seo-wordpress\/ -->\n<title>JAK-400C G\u0142owica biomasowa do koparki 14-30t &#8211; JAK-Metalli Oy<\/title>\n<meta name=\"description\" content=\"G\u0142owica biomasowa JAK-400C do koparek, zaprojektowana specjalnie do koparek o masie od 14 do 30 ton. Chwytak koncentruje si\u0142\u0119 ci\u0119cia na pojedynczej szcz\u0119ce ze szcz\u0119k\u0105 zaciskow\u0105\" \/>\n<meta name=\"robots\" content=\"index, follow, max-snippet:-1, max-image-preview:large, max-video-preview:-1\" \/>\n<link rel=\"canonical\" href=\"https:\/\/jak.fi\/pl\/produkty\/glowice-biomasowe-do-koparek\/jak-400c-glowica-biomasowa-do-koparki\/\" \/>\n<meta property=\"og:locale\" content=\"pl_PL\" \/>\n<meta property=\"og:type\" content=\"article\" \/>\n<meta property=\"og:title\" content=\"JAK-400C G\u0142owica biomasowa do koparki 14-30t &#8211; JAK-Metalli Oy\" \/>\n<meta property=\"og:description\" content=\"G\u0142owica biomasowa JAK-400C do koparek, zaprojektowana specjalnie do koparek o masie od 14 do 30 ton. Chwytak koncentruje si\u0142\u0119 ci\u0119cia na pojedynczej szcz\u0119ce ze szcz\u0119k\u0105 zaciskow\u0105\" \/>\n<meta property=\"og:url\" content=\"https:\/\/jak.fi\/pl\/produkty\/glowice-biomasowe-do-koparek\/jak-400c-glowica-biomasowa-do-koparki\/\" \/>\n<meta property=\"og:site_name\" content=\"JAK-Metalli Oy\" \/>\n<meta property=\"article:publisher\" content=\"https:\/\/www.facebook.com\/jaktreeshears\" \/>\n<meta property=\"article:modified_time\" content=\"2025-09-02T12:24:27+00:00\" \/>\n<meta property=\"og:image\" content=\"https:\/\/jak.fi\/wp-content\/uploads\/2024\/06\/JAK-400C-with-collector-left-1200x861.png\" \/>\n\t<meta property=\"og:image:width\" content=\"1200\" \/>\n\t<meta property=\"og:image:height\" content=\"861\" \/>\n\t<meta property=\"og:image:type\" content=\"image\/png\" \/>\n<meta name=\"twitter:card\" content=\"summary_large_image\" \/>\n<meta name=\"twitter:label1\" content=\"Szacowany czas czytania\" \/>\n\t<meta name=\"twitter:data1\" content=\"2 minuta\" \/>\n<script type=\"application\/ld+json\" class=\"yoast-schema-graph\">{\"@context\":\"https:\\\/\\\/schema.org\",\"@graph\":[{\"@type\":\"WebPage\",\"@id\":\"https:\\\/\\\/jak.fi\\\/pl\\\/produkty\\\/glowice-biomasowe-do-koparek\\\/jak-400c-glowica-biomasowa-do-koparki\\\/\",\"url\":\"https:\\\/\\\/jak.fi\\\/pl\\\/produkty\\\/glowice-biomasowe-do-koparek\\\/jak-400c-glowica-biomasowa-do-koparki\\\/\",\"name\":\"JAK-400C G\u0142owica biomasowa do koparki 14-30t &#8211; JAK-Metalli Oy\",\"isPartOf\":{\"@id\":\"https:\\\/\\\/jak.fi\\\/pl\\\/#website\"},\"primaryImageOfPage\":{\"@id\":\"https:\\\/\\\/jak.fi\\\/pl\\\/produkty\\\/glowice-biomasowe-do-koparek\\\/jak-400c-glowica-biomasowa-do-koparki\\\/#primaryimage\"},\"image\":{\"@id\":\"https:\\\/\\\/jak.fi\\\/pl\\\/produkty\\\/glowice-biomasowe-do-koparek\\\/jak-400c-glowica-biomasowa-do-koparki\\\/#primaryimage\"},\"thumbnailUrl\":\"https:\\\/\\\/jak.fi\\\/wp-content\\\/uploads\\\/2024\\\/06\\\/JAK-400C-with-collector-left.png\",\"datePublished\":\"2024-06-03T05:49:57+00:00\",\"dateModified\":\"2025-09-02T12:24:27+00:00\",\"description\":\"G\u0142owica biomasowa JAK-400C do koparek, zaprojektowana specjalnie do koparek o masie od 14 do 30 ton. Chwytak koncentruje si\u0142\u0119 ci\u0119cia na pojedynczej szcz\u0119ce ze szcz\u0119k\u0105 zaciskow\u0105\",\"breadcrumb\":{\"@id\":\"https:\\\/\\\/jak.fi\\\/pl\\\/produkty\\\/glowice-biomasowe-do-koparek\\\/jak-400c-glowica-biomasowa-do-koparki\\\/#breadcrumb\"},\"inLanguage\":\"pl-PL\",\"potentialAction\":[{\"@type\":\"ReadAction\",\"target\":[\"https:\\\/\\\/jak.fi\\\/pl\\\/produkty\\\/glowice-biomasowe-do-koparek\\\/jak-400c-glowica-biomasowa-do-koparki\\\/\"]}]},{\"@type\":\"ImageObject\",\"inLanguage\":\"pl-PL\",\"@id\":\"https:\\\/\\\/jak.fi\\\/pl\\\/produkty\\\/glowice-biomasowe-do-koparek\\\/jak-400c-glowica-biomasowa-do-koparki\\\/#primaryimage\",\"url\":\"https:\\\/\\\/jak.fi\\\/wp-content\\\/uploads\\\/2024\\\/06\\\/JAK-400C-with-collector-left.png\",\"contentUrl\":\"https:\\\/\\\/jak.fi\\\/wp-content\\\/uploads\\\/2024\\\/06\\\/JAK-400C-with-collector-left.png\",\"width\":1920,\"height\":1378,\"caption\":\"Chwytak energetyczny JAK-400C - bardzo mocna i wytrzyma\u0142a g\u0142owica biomasowa do du\u017cych koparek.\"},{\"@type\":\"BreadcrumbList\",\"@id\":\"https:\\\/\\\/jak.fi\\\/pl\\\/produkty\\\/glowice-biomasowe-do-koparek\\\/jak-400c-glowica-biomasowa-do-koparki\\\/#breadcrumb\",\"itemListElement\":[{\"@type\":\"ListItem\",\"position\":1,\"name\":\"Etusivu\",\"item\":\"https:\\\/\\\/jak.fi\\\/pl\\\/\"},{\"@type\":\"ListItem\",\"position\":2,\"name\":\"Produkty\",\"item\":\"https:\\\/\\\/jak.fi\\\/pl\\\/produkty\\\/\"},{\"@type\":\"ListItem\",\"position\":3,\"name\":\"JAK-400C G\u0142owica biomasowa do koparki 14-30t\"}]},{\"@type\":\"WebSite\",\"@id\":\"https:\\\/\\\/jak.fi\\\/pl\\\/#website\",\"url\":\"https:\\\/\\\/jak.fi\\\/pl\\\/\",\"name\":\"JAK-Metalli Oy\",\"description\":\"\",\"publisher\":{\"@id\":\"https:\\\/\\\/jak.fi\\\/pl\\\/#organization\"},\"alternateName\":\"JAK Tree shears\",\"potentialAction\":[{\"@type\":\"SearchAction\",\"target\":{\"@type\":\"EntryPoint\",\"urlTemplate\":\"https:\\\/\\\/jak.fi\\\/pl\\\/?s={search_term_string}\"},\"query-input\":{\"@type\":\"PropertyValueSpecification\",\"valueRequired\":true,\"valueName\":\"search_term_string\"}}],\"inLanguage\":\"pl-PL\"},{\"@type\":\"Organization\",\"@id\":\"https:\\\/\\\/jak.fi\\\/pl\\\/#organization\",\"name\":\"JAK-Metalli Oy\",\"alternateName\":\"JAK Tree shears\",\"url\":\"https:\\\/\\\/jak.fi\\\/pl\\\/\",\"logo\":{\"@type\":\"ImageObject\",\"inLanguage\":\"pl-PL\",\"@id\":\"https:\\\/\\\/jak.fi\\\/pl\\\/#\\\/schema\\\/logo\\\/image\\\/\",\"url\":\"https:\\\/\\\/jak.fi\\\/wp-content\\\/uploads\\\/2024\\\/09\\\/JAK-logo-696x696-1.jpg\",\"contentUrl\":\"https:\\\/\\\/jak.fi\\\/wp-content\\\/uploads\\\/2024\\\/09\\\/JAK-logo-696x696-1.jpg\",\"width\":696,\"height\":696,\"caption\":\"JAK-Metalli Oy\"},\"image\":{\"@id\":\"https:\\\/\\\/jak.fi\\\/pl\\\/#\\\/schema\\\/logo\\\/image\\\/\"},\"sameAs\":[\"https:\\\/\\\/www.facebook.com\\\/jaktreeshears\",\"https:\\\/\\\/www.instagram.com\\\/jaktreeshears\\\/\",\"https:\\\/\\\/www.youtube.com\\\/channel\\\/UCAwvaVhBBkPie8MeAGbdY1w\"]}]}<\/script>\n<!-- \/ Yoast SEO plugin. -->","yoast_head_json":{"title":"JAK-400C G\u0142owica biomasowa do koparki 14-30t &#8211; JAK-Metalli Oy","description":"G\u0142owica biomasowa JAK-400C do koparek, zaprojektowana specjalnie do koparek o masie od 14 do 30 ton. Chwytak koncentruje si\u0142\u0119 ci\u0119cia na pojedynczej szcz\u0119ce ze szcz\u0119k\u0105 zaciskow\u0105","robots":{"index":"index","follow":"follow","max-snippet":"max-snippet:-1","max-image-preview":"max-image-preview:large","max-video-preview":"max-video-preview:-1"},"canonical":"https:\/\/jak.fi\/pl\/produkty\/glowice-biomasowe-do-koparek\/jak-400c-glowica-biomasowa-do-koparki\/","og_locale":"pl_PL","og_type":"article","og_title":"JAK-400C G\u0142owica biomasowa do koparki 14-30t &#8211; JAK-Metalli Oy","og_description":"G\u0142owica biomasowa JAK-400C do koparek, zaprojektowana specjalnie do koparek o masie od 14 do 30 ton. Chwytak koncentruje si\u0142\u0119 ci\u0119cia na pojedynczej szcz\u0119ce ze szcz\u0119k\u0105 zaciskow\u0105","og_url":"https:\/\/jak.fi\/pl\/produkty\/glowice-biomasowe-do-koparek\/jak-400c-glowica-biomasowa-do-koparki\/","og_site_name":"JAK-Metalli Oy","article_publisher":"https:\/\/www.facebook.com\/jaktreeshears","article_modified_time":"2025-09-02T12:24:27+00:00","og_image":[{"width":1200,"height":861,"url":"https:\/\/jak.fi\/wp-content\/uploads\/2024\/06\/JAK-400C-with-collector-left-1200x861.png","type":"image\/png"}],"twitter_card":"summary_large_image","twitter_misc":{"Szacowany czas czytania":"2 minuta"},"schema":{"@context":"https:\/\/schema.org","@graph":[{"@type":"WebPage","@id":"https:\/\/jak.fi\/pl\/produkty\/glowice-biomasowe-do-koparek\/jak-400c-glowica-biomasowa-do-koparki\/","url":"https:\/\/jak.fi\/pl\/produkty\/glowice-biomasowe-do-koparek\/jak-400c-glowica-biomasowa-do-koparki\/","name":"JAK-400C G\u0142owica biomasowa do koparki 14-30t &#8211; JAK-Metalli Oy","isPartOf":{"@id":"https:\/\/jak.fi\/pl\/#website"},"primaryImageOfPage":{"@id":"https:\/\/jak.fi\/pl\/produkty\/glowice-biomasowe-do-koparek\/jak-400c-glowica-biomasowa-do-koparki\/#primaryimage"},"image":{"@id":"https:\/\/jak.fi\/pl\/produkty\/glowice-biomasowe-do-koparek\/jak-400c-glowica-biomasowa-do-koparki\/#primaryimage"},"thumbnailUrl":"https:\/\/jak.fi\/wp-content\/uploads\/2024\/06\/JAK-400C-with-collector-left.png","datePublished":"2024-06-03T05:49:57+00:00","dateModified":"2025-09-02T12:24:27+00:00","description":"G\u0142owica biomasowa JAK-400C do koparek, zaprojektowana specjalnie do koparek o masie od 14 do 30 ton. Chwytak koncentruje si\u0142\u0119 ci\u0119cia na pojedynczej szcz\u0119ce ze szcz\u0119k\u0105 zaciskow\u0105","breadcrumb":{"@id":"https:\/\/jak.fi\/pl\/produkty\/glowice-biomasowe-do-koparek\/jak-400c-glowica-biomasowa-do-koparki\/#breadcrumb"},"inLanguage":"pl-PL","potentialAction":[{"@type":"ReadAction","target":["https:\/\/jak.fi\/pl\/produkty\/glowice-biomasowe-do-koparek\/jak-400c-glowica-biomasowa-do-koparki\/"]}]},{"@type":"ImageObject","inLanguage":"pl-PL","@id":"https:\/\/jak.fi\/pl\/produkty\/glowice-biomasowe-do-koparek\/jak-400c-glowica-biomasowa-do-koparki\/#primaryimage","url":"https:\/\/jak.fi\/wp-content\/uploads\/2024\/06\/JAK-400C-with-collector-left.png","contentUrl":"https:\/\/jak.fi\/wp-content\/uploads\/2024\/06\/JAK-400C-with-collector-left.png","width":1920,"height":1378,"caption":"Chwytak energetyczny JAK-400C - bardzo mocna i wytrzyma\u0142a g\u0142owica biomasowa do du\u017cych koparek."},{"@type":"BreadcrumbList","@id":"https:\/\/jak.fi\/pl\/produkty\/glowice-biomasowe-do-koparek\/jak-400c-glowica-biomasowa-do-koparki\/#breadcrumb","itemListElement":[{"@type":"ListItem","position":1,"name":"Etusivu","item":"https:\/\/jak.fi\/pl\/"},{"@type":"ListItem","position":2,"name":"Produkty","item":"https:\/\/jak.fi\/pl\/produkty\/"},{"@type":"ListItem","position":3,"name":"JAK-400C G\u0142owica biomasowa do koparki 14-30t"}]},{"@type":"WebSite","@id":"https:\/\/jak.fi\/pl\/#website","url":"https:\/\/jak.fi\/pl\/","name":"JAK-Metalli Oy","description":"","publisher":{"@id":"https:\/\/jak.fi\/pl\/#organization"},"alternateName":"JAK Tree shears","potentialAction":[{"@type":"SearchAction","target":{"@type":"EntryPoint","urlTemplate":"https:\/\/jak.fi\/pl\/?s={search_term_string}"},"query-input":{"@type":"PropertyValueSpecification","valueRequired":true,"valueName":"search_term_string"}}],"inLanguage":"pl-PL"},{"@type":"Organization","@id":"https:\/\/jak.fi\/pl\/#organization","name":"JAK-Metalli Oy","alternateName":"JAK Tree shears","url":"https:\/\/jak.fi\/pl\/","logo":{"@type":"ImageObject","inLanguage":"pl-PL","@id":"https:\/\/jak.fi\/pl\/#\/schema\/logo\/image\/","url":"https:\/\/jak.fi\/wp-content\/uploads\/2024\/09\/JAK-logo-696x696-1.jpg","contentUrl":"https:\/\/jak.fi\/wp-content\/uploads\/2024\/09\/JAK-logo-696x696-1.jpg","width":696,"height":696,"caption":"JAK-Metalli Oy"},"image":{"@id":"https:\/\/jak.fi\/pl\/#\/schema\/logo\/image\/"},"sameAs":["https:\/\/www.facebook.com\/jaktreeshears","https:\/\/www.instagram.com\/jaktreeshears\/","https:\/\/www.youtube.com\/channel\/UCAwvaVhBBkPie8MeAGbdY1w"]}]}},"_links":{"self":[{"href":"https:\/\/jak.fi\/pl\/wp-json\/wp\/v2\/product\/9067","targetHints":{"allow":["GET"]}}],"collection":[{"href":"https:\/\/jak.fi\/pl\/wp-json\/wp\/v2\/product"}],"about":[{"href":"https:\/\/jak.fi\/pl\/wp-json\/wp\/v2\/types\/product"}],"wp:featuredmedia":[{"embeddable":true,"href":"https:\/\/jak.fi\/pl\/wp-json\/wp\/v2\/media\/9080"}],"wp:attachment":[{"href":"https:\/\/jak.fi\/pl\/wp-json\/wp\/v2\/media?parent=9067"}],"wp:term":[{"taxonomy":"product_brand","embeddable":true,"href":"https:\/\/jak.fi\/pl\/wp-json\/wp\/v2\/product_brand?post=9067"},{"taxonomy":"product_cat","embeddable":true,"href":"https:\/\/jak.fi\/pl\/wp-json\/wp\/v2\/product_cat?post=9067"},{"taxonomy":"product_tag","embeddable":true,"href":"https:\/\/jak.fi\/pl\/wp-json\/wp\/v2\/product_tag?post=9067"}],"curies":[{"name":"wp","href":"https:\/\/api.w.org\/{rel}","templated":true}]}}