{"id":9183,"date":"2024-06-03T08:38:49","date_gmt":"2024-06-03T05:38:49","guid":{"rendered":"https:\/\/jak.fi\/products\/Ei-luokiteltu\/jak-250b-glowica-biomasowa-gen4-do-koparki\/"},"modified":"2025-08-12T11:46:57","modified_gmt":"2025-08-12T08:46:57","slug":"jak-250b-glowica-biomasowa-gen4-do-koparki","status":"publish","type":"product","link":"https:\/\/jak.fi\/pl\/produkty\/glowice-biomasowe-do-koparek\/jak-250b-glowica-biomasowa-gen4-do-koparki\/","title":{"rendered":"JAK-250B G\u0142owica biomasowa do koparki 5-12t"},"content":{"rendered":"<h2><strong>G\u0142owica biomasowa JAK-250B do koparek mo\u017ce by\u0107 wyposa\u017cona w uk\u0142ad hydrauliczny eBoost!<\/strong><\/h2>\n<p>Chwytak biomasowy JAK-250B GEN4 do koparek to kompaktowe, szybkie i wydajne rozwi\u0105zanie dla koparek o masie od 5 do 12 ton (11000-26455 funt\u00f3w). Ten wysokowydajny chwytak zosta\u0142 zaprojektowany z my\u015bl\u0105 o zapewnieniu wyj\u0105tkowej wydajno\u015bci w ka\u017cdych warunkach pracy. Opcjonalny uk\u0142ad hydrauliczny eBoost zapewnia nawet 100% popraw\u0119 pr\u0119dko\u015bci bez uszczerbku dla mocy, dzi\u0119ki czemu JAK-250B GEN4 jest jeszcze bardziej wydajnym i produktywnym narz\u0119dziem.<\/p>\n<p>Dzi\u0119ki zmodernizowanemu podwoziu liczba akcesori\u00f3w znacznie wzros\u0142a. Chroniona przed uszkodzeniami konstrukcja z podw\u00f3jnymi szcz\u0119kami zapewnia solidny i pewny chwyt pnia drzewa. Za pomoc\u0105 tej g\u0142owicy biomasowej mo\u017cna z \u0142atwo\u015bci\u0105 usuwa\u0107 drzewa o grubo\u015bci do 250 mm. Dzi\u0119ki od\u0142\u0105czanej g\u0142owicy biomasowej mo\u017cna r\u00f3wnie\u017c u\u017cywa\u0107 JAK-250B jako zwyk\u0142ego chwytaka do drzew.<\/p>\n<p>U\u017cywamy stali trudno\u015bcieralnej Hardox\u00ae o wysokiej wytrzyma\u0142o\u015bci, zapewniaj\u0105cej trwa\u0142o\u015b\u0107 i niezawodno\u015b\u0107 w ka\u017cdej sytuacji i w ka\u017cdych warunkach. Domowa konstrukcja i wysokiej jako\u015bci materia\u0142y to podstawa chwytaka biomasowego JAK-250B.<\/p>\n<div class=\"wp-block-button\"><a class=\"wp-block-button__link has-text-align-center wp-element-button\" href=\"https:\/\/jak.fi\/pl\/glowice-biomasowe-gen4-jak-nowe-aktualizacje-i-lepsza-wydajnosc\/\" target=\"_blank\" rel=\"noopener\">Przeczytaj wi\u0119cej o aktualizacjach GEN4<\/a><\/div>\n<p>&nbsp;<\/p>\n<p><strong>Szybkoz\u0142\u0105cze<\/strong><\/p>\n<p>Najpopularniejszy osprz\u0119t do koparek<\/p>\n<p>Na \u017cyczenie zgodnie z typem maszyny zam\u00f3wionej przez klienta<\/p>\n","protected":false},"excerpt":{"rendered":"<ul>\n<li>Dost\u0119pny z uk\u0142adem hydraulicznym eBoost<\/li>\n<li>Dost\u0119pny z jedn\u0105 opcjonaln\u0105 lini\u0105 hydrauliczn\u0105<\/li>\n<li>Wykonane z odpornej na zu\u017cycie stali Hardox<\/li>\n<li>Zatwierdzony przez CE<\/li>\n<li>Wyprodukowano w Finlandii<\/li>\n<li>Od\u0142\u0105czane ostrze<\/li>\n<\/ul>\n","protected":false},"featured_media":10222,"template":"","meta":{"_acf_changed":false},"product_brand":[],"product_cat":[635],"product_tag":[],"class_list":{"0":"post-9183","1":"product","2":"type-product","3":"status-publish","4":"has-post-thumbnail","6":"product_cat-glowice-biomasowe-do-koparek","8":"first","9":"instock","10":"shipping-taxable","11":"product-type-simple"},"acf":[],"yoast_head":"<!-- This site is optimized with the Yoast SEO plugin v27.2 - https:\/\/yoast.com\/product\/yoast-seo-wordpress\/ -->\n<title>JAK-250B G\u0142owica biomasowa do koparki 5-12t &#8211; JAK-Metalli Oy<\/title>\n<meta name=\"description\" content=\"JAK-250B GEN4 to szybka, kompaktowa i wydajna g\u0142owica biomasowa przeznaczona do u\u017cytku na koparkach o masie od 5 do 12 ton.\" \/>\n<meta name=\"robots\" content=\"index, follow, max-snippet:-1, max-image-preview:large, max-video-preview:-1\" \/>\n<link rel=\"canonical\" href=\"https:\/\/jak.fi\/pl\/produkty\/glowice-biomasowe-do-koparek\/jak-250b-glowica-biomasowa-gen4-do-koparki\/\" \/>\n<meta property=\"og:locale\" content=\"pl_PL\" \/>\n<meta property=\"og:type\" content=\"article\" \/>\n<meta property=\"og:title\" content=\"JAK-250B G\u0142owica biomasowa do koparki 5-12t &#8211; JAK-Metalli Oy\" \/>\n<meta property=\"og:description\" content=\"JAK-250B GEN4 to szybka, kompaktowa i wydajna g\u0142owica biomasowa przeznaczona do u\u017cytku na koparkach o masie od 5 do 12 ton.\" \/>\n<meta property=\"og:url\" content=\"https:\/\/jak.fi\/pl\/produkty\/glowice-biomasowe-do-koparek\/jak-250b-glowica-biomasowa-gen4-do-koparki\/\" \/>\n<meta property=\"og:site_name\" content=\"JAK-Metalli Oy\" \/>\n<meta property=\"article:publisher\" content=\"https:\/\/www.facebook.com\/jaktreeshears\" \/>\n<meta property=\"article:modified_time\" content=\"2025-08-12T08:46:57+00:00\" \/>\n<meta property=\"og:image\" content=\"https:\/\/jak.fi\/wp-content\/uploads\/2024\/05\/JAK-300B-tree-shear-right-frontside.png\" \/>\n\t<meta property=\"og:image:width\" content=\"1000\" \/>\n\t<meta property=\"og:image:height\" content=\"667\" \/>\n\t<meta property=\"og:image:type\" content=\"image\/png\" \/>\n<meta name=\"twitter:card\" content=\"summary_large_image\" \/>\n<meta name=\"twitter:label1\" content=\"Szacowany czas czytania\" \/>\n\t<meta name=\"twitter:data1\" content=\"2 minuta\" \/>\n<script type=\"application\/ld+json\" class=\"yoast-schema-graph\">{\"@context\":\"https:\/\/schema.org\",\"@graph\":[{\"@type\":\"WebPage\",\"@id\":\"https:\/\/jak.fi\/pl\/produkty\/glowice-biomasowe-do-koparek\/jak-250b-glowica-biomasowa-gen4-do-koparki\/\",\"url\":\"https:\/\/jak.fi\/pl\/produkty\/glowice-biomasowe-do-koparek\/jak-250b-glowica-biomasowa-gen4-do-koparki\/\",\"name\":\"JAK-250B G\u0142owica biomasowa do koparki 5-12t &#8211; JAK-Metalli Oy\",\"isPartOf\":{\"@id\":\"https:\/\/jak.fi\/pl\/#website\"},\"primaryImageOfPage\":{\"@id\":\"https:\/\/jak.fi\/pl\/produkty\/glowice-biomasowe-do-koparek\/jak-250b-glowica-biomasowa-gen4-do-koparki\/#primaryimage\"},\"image\":{\"@id\":\"https:\/\/jak.fi\/pl\/produkty\/glowice-biomasowe-do-koparek\/jak-250b-glowica-biomasowa-gen4-do-koparki\/#primaryimage\"},\"thumbnailUrl\":\"https:\/\/jak.fi\/wp-content\/uploads\/2025\/06\/JAK-300B-GEN4-with-collector.webp\",\"datePublished\":\"2024-06-03T05:38:49+00:00\",\"dateModified\":\"2025-08-12T08:46:57+00:00\",\"description\":\"JAK-250B GEN4 to szybka, kompaktowa i wydajna g\u0142owica biomasowa przeznaczona do u\u017cytku na koparkach o masie od 5 do 12 ton.\",\"breadcrumb\":{\"@id\":\"https:\/\/jak.fi\/pl\/produkty\/glowice-biomasowe-do-koparek\/jak-250b-glowica-biomasowa-gen4-do-koparki\/#breadcrumb\"},\"inLanguage\":\"pl-PL\",\"potentialAction\":[{\"@type\":\"ReadAction\",\"target\":[\"https:\/\/jak.fi\/pl\/produkty\/glowice-biomasowe-do-koparek\/jak-250b-glowica-biomasowa-gen4-do-koparki\/\"]}]},{\"@type\":\"ImageObject\",\"inLanguage\":\"pl-PL\",\"@id\":\"https:\/\/jak.fi\/pl\/produkty\/glowice-biomasowe-do-koparek\/jak-250b-glowica-biomasowa-gen4-do-koparki\/#primaryimage\",\"url\":\"https:\/\/jak.fi\/wp-content\/uploads\/2025\/06\/JAK-300B-GEN4-with-collector.webp\",\"contentUrl\":\"https:\/\/jak.fi\/wp-content\/uploads\/2025\/06\/JAK-300B-GEN4-with-collector.webp\",\"width\":1000,\"height\":667},{\"@type\":\"BreadcrumbList\",\"@id\":\"https:\/\/jak.fi\/pl\/produkty\/glowice-biomasowe-do-koparek\/jak-250b-glowica-biomasowa-gen4-do-koparki\/#breadcrumb\",\"itemListElement\":[{\"@type\":\"ListItem\",\"position\":1,\"name\":\"Etusivu\",\"item\":\"https:\/\/jak.fi\/pl\/\"},{\"@type\":\"ListItem\",\"position\":2,\"name\":\"Produkty\",\"item\":\"https:\/\/jak.fi\/pl\/produkty\/\"},{\"@type\":\"ListItem\",\"position\":3,\"name\":\"JAK-250B G\u0142owica biomasowa do koparki 5-12t\"}]},{\"@type\":\"WebSite\",\"@id\":\"https:\/\/jak.fi\/pl\/#website\",\"url\":\"https:\/\/jak.fi\/pl\/\",\"name\":\"JAK-Metalli Oy\",\"description\":\"\",\"publisher\":{\"@id\":\"https:\/\/jak.fi\/pl\/#organization\"},\"alternateName\":\"JAK Tree shears\",\"potentialAction\":[{\"@type\":\"SearchAction\",\"target\":{\"@type\":\"EntryPoint\",\"urlTemplate\":\"https:\/\/jak.fi\/pl\/?s={search_term_string}\"},\"query-input\":{\"@type\":\"PropertyValueSpecification\",\"valueRequired\":true,\"valueName\":\"search_term_string\"}}],\"inLanguage\":\"pl-PL\"},{\"@type\":\"Organization\",\"@id\":\"https:\/\/jak.fi\/pl\/#organization\",\"name\":\"JAK-Metalli Oy\",\"alternateName\":\"JAK Tree shears\",\"url\":\"https:\/\/jak.fi\/pl\/\",\"logo\":{\"@type\":\"ImageObject\",\"inLanguage\":\"pl-PL\",\"@id\":\"https:\/\/jak.fi\/pl\/#\/schema\/logo\/image\/\",\"url\":\"https:\/\/jak.fi\/wp-content\/uploads\/2024\/09\/JAK-logo-696x696-1.jpg\",\"contentUrl\":\"https:\/\/jak.fi\/wp-content\/uploads\/2024\/09\/JAK-logo-696x696-1.jpg\",\"width\":696,\"height\":696,\"caption\":\"JAK-Metalli Oy\"},\"image\":{\"@id\":\"https:\/\/jak.fi\/pl\/#\/schema\/logo\/image\/\"},\"sameAs\":[\"https:\/\/www.facebook.com\/jaktreeshears\",\"https:\/\/www.instagram.com\/jaktreeshears\/\",\"https:\/\/www.youtube.com\/channel\/UCAwvaVhBBkPie8MeAGbdY1w\"]}]}<\/script>\n<!-- \/ Yoast SEO plugin. -->","yoast_head_json":{"title":"JAK-250B G\u0142owica biomasowa do koparki 5-12t &#8211; JAK-Metalli Oy","description":"JAK-250B GEN4 to szybka, kompaktowa i wydajna g\u0142owica biomasowa przeznaczona do u\u017cytku na koparkach o masie od 5 do 12 ton.","robots":{"index":"index","follow":"follow","max-snippet":"max-snippet:-1","max-image-preview":"max-image-preview:large","max-video-preview":"max-video-preview:-1"},"canonical":"https:\/\/jak.fi\/pl\/produkty\/glowice-biomasowe-do-koparek\/jak-250b-glowica-biomasowa-gen4-do-koparki\/","og_locale":"pl_PL","og_type":"article","og_title":"JAK-250B G\u0142owica biomasowa do koparki 5-12t &#8211; JAK-Metalli Oy","og_description":"JAK-250B GEN4 to szybka, kompaktowa i wydajna g\u0142owica biomasowa przeznaczona do u\u017cytku na koparkach o masie od 5 do 12 ton.","og_url":"https:\/\/jak.fi\/pl\/produkty\/glowice-biomasowe-do-koparek\/jak-250b-glowica-biomasowa-gen4-do-koparki\/","og_site_name":"JAK-Metalli Oy","article_publisher":"https:\/\/www.facebook.com\/jaktreeshears","article_modified_time":"2025-08-12T08:46:57+00:00","og_image":[{"width":1000,"height":667,"url":"https:\/\/jak.fi\/wp-content\/uploads\/2024\/05\/JAK-300B-tree-shear-right-frontside.png","type":"image\/png"}],"twitter_card":"summary_large_image","twitter_misc":{"Szacowany czas czytania":"2 minuta"},"schema":{"@context":"https:\/\/schema.org","@graph":[{"@type":"WebPage","@id":"https:\/\/jak.fi\/pl\/produkty\/glowice-biomasowe-do-koparek\/jak-250b-glowica-biomasowa-gen4-do-koparki\/","url":"https:\/\/jak.fi\/pl\/produkty\/glowice-biomasowe-do-koparek\/jak-250b-glowica-biomasowa-gen4-do-koparki\/","name":"JAK-250B G\u0142owica biomasowa do koparki 5-12t &#8211; JAK-Metalli Oy","isPartOf":{"@id":"https:\/\/jak.fi\/pl\/#website"},"primaryImageOfPage":{"@id":"https:\/\/jak.fi\/pl\/produkty\/glowice-biomasowe-do-koparek\/jak-250b-glowica-biomasowa-gen4-do-koparki\/#primaryimage"},"image":{"@id":"https:\/\/jak.fi\/pl\/produkty\/glowice-biomasowe-do-koparek\/jak-250b-glowica-biomasowa-gen4-do-koparki\/#primaryimage"},"thumbnailUrl":"https:\/\/jak.fi\/wp-content\/uploads\/2025\/06\/JAK-300B-GEN4-with-collector.webp","datePublished":"2024-06-03T05:38:49+00:00","dateModified":"2025-08-12T08:46:57+00:00","description":"JAK-250B GEN4 to szybka, kompaktowa i wydajna g\u0142owica biomasowa przeznaczona do u\u017cytku na koparkach o masie od 5 do 12 ton.","breadcrumb":{"@id":"https:\/\/jak.fi\/pl\/produkty\/glowice-biomasowe-do-koparek\/jak-250b-glowica-biomasowa-gen4-do-koparki\/#breadcrumb"},"inLanguage":"pl-PL","potentialAction":[{"@type":"ReadAction","target":["https:\/\/jak.fi\/pl\/produkty\/glowice-biomasowe-do-koparek\/jak-250b-glowica-biomasowa-gen4-do-koparki\/"]}]},{"@type":"ImageObject","inLanguage":"pl-PL","@id":"https:\/\/jak.fi\/pl\/produkty\/glowice-biomasowe-do-koparek\/jak-250b-glowica-biomasowa-gen4-do-koparki\/#primaryimage","url":"https:\/\/jak.fi\/wp-content\/uploads\/2025\/06\/JAK-300B-GEN4-with-collector.webp","contentUrl":"https:\/\/jak.fi\/wp-content\/uploads\/2025\/06\/JAK-300B-GEN4-with-collector.webp","width":1000,"height":667},{"@type":"BreadcrumbList","@id":"https:\/\/jak.fi\/pl\/produkty\/glowice-biomasowe-do-koparek\/jak-250b-glowica-biomasowa-gen4-do-koparki\/#breadcrumb","itemListElement":[{"@type":"ListItem","position":1,"name":"Etusivu","item":"https:\/\/jak.fi\/pl\/"},{"@type":"ListItem","position":2,"name":"Produkty","item":"https:\/\/jak.fi\/pl\/produkty\/"},{"@type":"ListItem","position":3,"name":"JAK-250B G\u0142owica biomasowa do koparki 5-12t"}]},{"@type":"WebSite","@id":"https:\/\/jak.fi\/pl\/#website","url":"https:\/\/jak.fi\/pl\/","name":"JAK-Metalli Oy","description":"","publisher":{"@id":"https:\/\/jak.fi\/pl\/#organization"},"alternateName":"JAK Tree shears","potentialAction":[{"@type":"SearchAction","target":{"@type":"EntryPoint","urlTemplate":"https:\/\/jak.fi\/pl\/?s={search_term_string}"},"query-input":{"@type":"PropertyValueSpecification","valueRequired":true,"valueName":"search_term_string"}}],"inLanguage":"pl-PL"},{"@type":"Organization","@id":"https:\/\/jak.fi\/pl\/#organization","name":"JAK-Metalli Oy","alternateName":"JAK Tree shears","url":"https:\/\/jak.fi\/pl\/","logo":{"@type":"ImageObject","inLanguage":"pl-PL","@id":"https:\/\/jak.fi\/pl\/#\/schema\/logo\/image\/","url":"https:\/\/jak.fi\/wp-content\/uploads\/2024\/09\/JAK-logo-696x696-1.jpg","contentUrl":"https:\/\/jak.fi\/wp-content\/uploads\/2024\/09\/JAK-logo-696x696-1.jpg","width":696,"height":696,"caption":"JAK-Metalli Oy"},"image":{"@id":"https:\/\/jak.fi\/pl\/#\/schema\/logo\/image\/"},"sameAs":["https:\/\/www.facebook.com\/jaktreeshears","https:\/\/www.instagram.com\/jaktreeshears\/","https:\/\/www.youtube.com\/channel\/UCAwvaVhBBkPie8MeAGbdY1w"]}]}},"_links":{"self":[{"href":"https:\/\/jak.fi\/pl\/wp-json\/wp\/v2\/product\/9183","targetHints":{"allow":["GET"]}}],"collection":[{"href":"https:\/\/jak.fi\/pl\/wp-json\/wp\/v2\/product"}],"about":[{"href":"https:\/\/jak.fi\/pl\/wp-json\/wp\/v2\/types\/product"}],"wp:featuredmedia":[{"embeddable":true,"href":"https:\/\/jak.fi\/pl\/wp-json\/wp\/v2\/media\/10222"}],"wp:attachment":[{"href":"https:\/\/jak.fi\/pl\/wp-json\/wp\/v2\/media?parent=9183"}],"wp:term":[{"taxonomy":"product_brand","embeddable":true,"href":"https:\/\/jak.fi\/pl\/wp-json\/wp\/v2\/product_brand?post=9183"},{"taxonomy":"product_cat","embeddable":true,"href":"https:\/\/jak.fi\/pl\/wp-json\/wp\/v2\/product_cat?post=9183"},{"taxonomy":"product_tag","embeddable":true,"href":"https:\/\/jak.fi\/pl\/wp-json\/wp\/v2\/product_tag?post=9183"}],"curies":[{"name":"wp","href":"https:\/\/api.w.org\/{rel}","templated":true}]}}