{"id":9193,"date":"2024-06-03T08:44:46","date_gmt":"2024-06-03T05:44:46","guid":{"rendered":"https:\/\/jak.fi\/products\/Ei-luokiteltu\/jak-220c-glowica-biomasowa-do-koparki\/"},"modified":"2026-03-24T09:34:24","modified_gmt":"2026-03-24T06:34:24","slug":"jak-220c-glowica-biomasowa-do-koparki","status":"publish","type":"product","link":"https:\/\/jak.fi\/pl\/produkty\/glowice-biomasowe-do-koparek\/jak-220c-glowica-biomasowa-do-koparki\/","title":{"rendered":"JAK-220C G\u0142owica biomasowa do koparki 2-8t"},"content":{"rendered":"<h2>G\u0142owica biomasowa JAK-220C do koparek &#8211; lekki i wytrzyma\u0142y wyb\u00f3r dla ma\u0142ych koparek<\/h2>\n<p>JAK-220C to g\u0142owica biomasowa z si\u0142\u0105 skrawania skoncentrowan\u0105 po jednej stronie szcz\u0119ki, przeznaczona do ma\u0142ych koparek o masie 2-8 t (4409-17637 funt\u00f3w). Rozwi\u0105zanie to pozwala na l\u017cejsz\u0105 konstrukcj\u0119, mniejszy rozmiar wi\u00f3r\u00f3w, a tak\u017ce ni\u017csz\u0105 cen\u0119.<\/p>\n<p>Ta wielofunkcyjna g\u0142owica biomasowa jest wynikiem d\u0142ugotrwa\u0142ego rozwoju produktu i bada\u0144. Podczas procesu rozwoju, projekt chwytaka zosta\u0142 oparty na rzeczywistych do\u015bwiadczeniach z naszego w\u0142asnego do\u015bwiadczenia w obr\u00f3bce drewna, a tak\u017ce na pomys\u0142ach u\u017cytkownik\u00f3w. Ta g\u0142owica biomasowa przesz\u0142a wymagaj\u0105cy proces testowania w trudnych warunkach.<\/p>\n<p>Stosujemy odporn\u0105 na zu\u017cycie stal Hardox\u00ae. Domowa konstrukcja i zastosowanie najwy\u017cszej jako\u015bci materia\u0142\u00f3w r\u00f3wnie\u017c przyczyniaj\u0105 si\u0119 do konstrukcji i niezawodno\u015bci, kt\u00f3re mog\u0105 wytrzyma\u0107 najtrudniejsze sytuacje i warunki.<\/p>\n<p>&nbsp;<\/p>\n<p><strong>Szybkoz\u0142\u0105cze<\/strong><\/p>\n<p>Najpopularniejszy osprz\u0119t do koparek<\/p>\n<p>Na \u017cyczenie zgodnie z typem maszyny zam\u00f3wionej przez klienta<\/p>\n","protected":false},"excerpt":{"rendered":"<ul>\n<li>Wykonane z odpornej na zu\u017cycie stali Hardox<\/li>\n<li>Dost\u0119pny z jedn\u0105 opcjonaln\u0105 lini\u0105 hydrauliczn\u0105<\/li>\n<li>Zatwierdzony przez CE<\/li>\n<li>Ta\u0144sza alternatywa<\/li>\n<li>Wyprodukowano w Finlandii<\/li>\n<li>Od\u0142\u0105czane ostrze<\/li>\n<\/ul>\n","protected":false},"featured_media":9211,"template":"","meta":{"_acf_changed":false},"product_brand":[],"product_cat":[635],"product_tag":[],"class_list":{"0":"post-9193","1":"product","2":"type-product","3":"status-publish","4":"has-post-thumbnail","6":"product_cat-glowice-biomasowe-do-koparek","8":"first","9":"instock","10":"shipping-taxable","11":"product-type-simple"},"acf":[],"yoast_head":"<!-- This site is optimized with the Yoast SEO plugin v27.2 - https:\/\/yoast.com\/product\/yoast-seo-wordpress\/ -->\n<title>JAK-220C G\u0142owica biomasowa do koparki 2-8t &#8211; JAK-Metalli Oy<\/title>\n<meta name=\"description\" content=\"JAK-220C to g\u0142owica biomasowa z si\u0142\u0105 skrawania skoncentrowan\u0105 po jednej stronie szcz\u0119ki, przeznaczona do ma\u0142ych koparek o masie 2-6 ton.\" \/>\n<meta name=\"robots\" content=\"index, follow, max-snippet:-1, max-image-preview:large, max-video-preview:-1\" \/>\n<link rel=\"canonical\" href=\"https:\/\/jak.fi\/pl\/produkty\/glowice-biomasowe-do-koparek\/jak-220c-glowica-biomasowa-do-koparki\/\" \/>\n<meta property=\"og:locale\" content=\"pl_PL\" \/>\n<meta property=\"og:type\" content=\"article\" \/>\n<meta property=\"og:title\" content=\"JAK-220C G\u0142owica biomasowa do koparki 2-8t &#8211; JAK-Metalli Oy\" \/>\n<meta property=\"og:description\" content=\"JAK-220C to g\u0142owica biomasowa z si\u0142\u0105 skrawania skoncentrowan\u0105 po jednej stronie szcz\u0119ki, przeznaczona do ma\u0142ych koparek o masie 2-6 ton.\" \/>\n<meta property=\"og:url\" content=\"https:\/\/jak.fi\/pl\/produkty\/glowice-biomasowe-do-koparek\/jak-220c-glowica-biomasowa-do-koparki\/\" \/>\n<meta property=\"og:site_name\" content=\"JAK-Metalli Oy\" \/>\n<meta property=\"article:publisher\" content=\"https:\/\/www.facebook.com\/jaktreeshears\" \/>\n<meta property=\"article:modified_time\" content=\"2026-03-24T06:34:24+00:00\" \/>\n<meta property=\"og:image\" content=\"https:\/\/jak.fi\/wp-content\/uploads\/2024\/06\/JAK-220C-with-collector.png\" \/>\n\t<meta property=\"og:image:width\" content=\"1920\" \/>\n\t<meta property=\"og:image:height\" content=\"1674\" \/>\n\t<meta property=\"og:image:type\" content=\"image\/png\" \/>\n<meta name=\"twitter:card\" content=\"summary_large_image\" \/>\n<meta name=\"twitter:label1\" content=\"Szacowany czas czytania\" \/>\n\t<meta name=\"twitter:data1\" content=\"2 minuta\" \/>\n<script type=\"application\/ld+json\" class=\"yoast-schema-graph\">{\"@context\":\"https:\/\/schema.org\",\"@graph\":[{\"@type\":\"WebPage\",\"@id\":\"https:\/\/jak.fi\/pl\/produkty\/glowice-biomasowe-do-koparek\/jak-220c-glowica-biomasowa-do-koparki\/\",\"url\":\"https:\/\/jak.fi\/pl\/produkty\/glowice-biomasowe-do-koparek\/jak-220c-glowica-biomasowa-do-koparki\/\",\"name\":\"JAK-220C G\u0142owica biomasowa do koparki 2-8t &#8211; JAK-Metalli Oy\",\"isPartOf\":{\"@id\":\"https:\/\/jak.fi\/pl\/#website\"},\"primaryImageOfPage\":{\"@id\":\"https:\/\/jak.fi\/pl\/produkty\/glowice-biomasowe-do-koparek\/jak-220c-glowica-biomasowa-do-koparki\/#primaryimage\"},\"image\":{\"@id\":\"https:\/\/jak.fi\/pl\/produkty\/glowice-biomasowe-do-koparek\/jak-220c-glowica-biomasowa-do-koparki\/#primaryimage\"},\"thumbnailUrl\":\"https:\/\/jak.fi\/wp-content\/uploads\/2024\/06\/JAK-220C-with-collector.png\",\"datePublished\":\"2024-06-03T05:44:46+00:00\",\"dateModified\":\"2026-03-24T06:34:24+00:00\",\"description\":\"JAK-220C to g\u0142owica biomasowa z si\u0142\u0105 skrawania skoncentrowan\u0105 po jednej stronie szcz\u0119ki, przeznaczona do ma\u0142ych koparek o masie 2-6 ton.\",\"breadcrumb\":{\"@id\":\"https:\/\/jak.fi\/pl\/produkty\/glowice-biomasowe-do-koparek\/jak-220c-glowica-biomasowa-do-koparki\/#breadcrumb\"},\"inLanguage\":\"pl-PL\",\"potentialAction\":[{\"@type\":\"ReadAction\",\"target\":[\"https:\/\/jak.fi\/pl\/produkty\/glowice-biomasowe-do-koparek\/jak-220c-glowica-biomasowa-do-koparki\/\"]}]},{\"@type\":\"ImageObject\",\"inLanguage\":\"pl-PL\",\"@id\":\"https:\/\/jak.fi\/pl\/produkty\/glowice-biomasowe-do-koparek\/jak-220c-glowica-biomasowa-do-koparki\/#primaryimage\",\"url\":\"https:\/\/jak.fi\/wp-content\/uploads\/2024\/06\/JAK-220C-with-collector.png\",\"contentUrl\":\"https:\/\/jak.fi\/wp-content\/uploads\/2024\/06\/JAK-220C-with-collector.png\",\"width\":1920,\"height\":1674,\"caption\":\"Chwytak energetyczny JAK-220C - lekka i wydajna g\u0142owica biomasowa do ma\u0142ych koparek. Idealny do ci\u0119cia i pozyskiwania drobnego drewna.\"},{\"@type\":\"BreadcrumbList\",\"@id\":\"https:\/\/jak.fi\/pl\/produkty\/glowice-biomasowe-do-koparek\/jak-220c-glowica-biomasowa-do-koparki\/#breadcrumb\",\"itemListElement\":[{\"@type\":\"ListItem\",\"position\":1,\"name\":\"Etusivu\",\"item\":\"https:\/\/jak.fi\/pl\/\"},{\"@type\":\"ListItem\",\"position\":2,\"name\":\"Produkty\",\"item\":\"https:\/\/jak.fi\/pl\/produkty\/\"},{\"@type\":\"ListItem\",\"position\":3,\"name\":\"JAK-220C G\u0142owica biomasowa do koparki 2-8t\"}]},{\"@type\":\"WebSite\",\"@id\":\"https:\/\/jak.fi\/pl\/#website\",\"url\":\"https:\/\/jak.fi\/pl\/\",\"name\":\"JAK-Metalli Oy\",\"description\":\"\",\"publisher\":{\"@id\":\"https:\/\/jak.fi\/pl\/#organization\"},\"alternateName\":\"JAK Tree shears\",\"potentialAction\":[{\"@type\":\"SearchAction\",\"target\":{\"@type\":\"EntryPoint\",\"urlTemplate\":\"https:\/\/jak.fi\/pl\/?s={search_term_string}\"},\"query-input\":{\"@type\":\"PropertyValueSpecification\",\"valueRequired\":true,\"valueName\":\"search_term_string\"}}],\"inLanguage\":\"pl-PL\"},{\"@type\":\"Organization\",\"@id\":\"https:\/\/jak.fi\/pl\/#organization\",\"name\":\"JAK-Metalli Oy\",\"alternateName\":\"JAK Tree shears\",\"url\":\"https:\/\/jak.fi\/pl\/\",\"logo\":{\"@type\":\"ImageObject\",\"inLanguage\":\"pl-PL\",\"@id\":\"https:\/\/jak.fi\/pl\/#\/schema\/logo\/image\/\",\"url\":\"https:\/\/jak.fi\/wp-content\/uploads\/2024\/09\/JAK-logo-696x696-1.jpg\",\"contentUrl\":\"https:\/\/jak.fi\/wp-content\/uploads\/2024\/09\/JAK-logo-696x696-1.jpg\",\"width\":696,\"height\":696,\"caption\":\"JAK-Metalli Oy\"},\"image\":{\"@id\":\"https:\/\/jak.fi\/pl\/#\/schema\/logo\/image\/\"},\"sameAs\":[\"https:\/\/www.facebook.com\/jaktreeshears\",\"https:\/\/www.instagram.com\/jaktreeshears\/\",\"https:\/\/www.youtube.com\/channel\/UCAwvaVhBBkPie8MeAGbdY1w\"]}]}<\/script>\n<!-- \/ Yoast SEO plugin. -->","yoast_head_json":{"title":"JAK-220C G\u0142owica biomasowa do koparki 2-8t &#8211; JAK-Metalli Oy","description":"JAK-220C to g\u0142owica biomasowa z si\u0142\u0105 skrawania skoncentrowan\u0105 po jednej stronie szcz\u0119ki, przeznaczona do ma\u0142ych koparek o masie 2-6 ton.","robots":{"index":"index","follow":"follow","max-snippet":"max-snippet:-1","max-image-preview":"max-image-preview:large","max-video-preview":"max-video-preview:-1"},"canonical":"https:\/\/jak.fi\/pl\/produkty\/glowice-biomasowe-do-koparek\/jak-220c-glowica-biomasowa-do-koparki\/","og_locale":"pl_PL","og_type":"article","og_title":"JAK-220C G\u0142owica biomasowa do koparki 2-8t &#8211; JAK-Metalli Oy","og_description":"JAK-220C to g\u0142owica biomasowa z si\u0142\u0105 skrawania skoncentrowan\u0105 po jednej stronie szcz\u0119ki, przeznaczona do ma\u0142ych koparek o masie 2-6 ton.","og_url":"https:\/\/jak.fi\/pl\/produkty\/glowice-biomasowe-do-koparek\/jak-220c-glowica-biomasowa-do-koparki\/","og_site_name":"JAK-Metalli Oy","article_publisher":"https:\/\/www.facebook.com\/jaktreeshears","article_modified_time":"2026-03-24T06:34:24+00:00","og_image":[{"width":1920,"height":1674,"url":"https:\/\/jak.fi\/wp-content\/uploads\/2024\/06\/JAK-220C-with-collector.png","type":"image\/png"}],"twitter_card":"summary_large_image","twitter_misc":{"Szacowany czas czytania":"2 minuta"},"schema":{"@context":"https:\/\/schema.org","@graph":[{"@type":"WebPage","@id":"https:\/\/jak.fi\/pl\/produkty\/glowice-biomasowe-do-koparek\/jak-220c-glowica-biomasowa-do-koparki\/","url":"https:\/\/jak.fi\/pl\/produkty\/glowice-biomasowe-do-koparek\/jak-220c-glowica-biomasowa-do-koparki\/","name":"JAK-220C G\u0142owica biomasowa do koparki 2-8t &#8211; JAK-Metalli Oy","isPartOf":{"@id":"https:\/\/jak.fi\/pl\/#website"},"primaryImageOfPage":{"@id":"https:\/\/jak.fi\/pl\/produkty\/glowice-biomasowe-do-koparek\/jak-220c-glowica-biomasowa-do-koparki\/#primaryimage"},"image":{"@id":"https:\/\/jak.fi\/pl\/produkty\/glowice-biomasowe-do-koparek\/jak-220c-glowica-biomasowa-do-koparki\/#primaryimage"},"thumbnailUrl":"https:\/\/jak.fi\/wp-content\/uploads\/2024\/06\/JAK-220C-with-collector.png","datePublished":"2024-06-03T05:44:46+00:00","dateModified":"2026-03-24T06:34:24+00:00","description":"JAK-220C to g\u0142owica biomasowa z si\u0142\u0105 skrawania skoncentrowan\u0105 po jednej stronie szcz\u0119ki, przeznaczona do ma\u0142ych koparek o masie 2-6 ton.","breadcrumb":{"@id":"https:\/\/jak.fi\/pl\/produkty\/glowice-biomasowe-do-koparek\/jak-220c-glowica-biomasowa-do-koparki\/#breadcrumb"},"inLanguage":"pl-PL","potentialAction":[{"@type":"ReadAction","target":["https:\/\/jak.fi\/pl\/produkty\/glowice-biomasowe-do-koparek\/jak-220c-glowica-biomasowa-do-koparki\/"]}]},{"@type":"ImageObject","inLanguage":"pl-PL","@id":"https:\/\/jak.fi\/pl\/produkty\/glowice-biomasowe-do-koparek\/jak-220c-glowica-biomasowa-do-koparki\/#primaryimage","url":"https:\/\/jak.fi\/wp-content\/uploads\/2024\/06\/JAK-220C-with-collector.png","contentUrl":"https:\/\/jak.fi\/wp-content\/uploads\/2024\/06\/JAK-220C-with-collector.png","width":1920,"height":1674,"caption":"Chwytak energetyczny JAK-220C - lekka i wydajna g\u0142owica biomasowa do ma\u0142ych koparek. Idealny do ci\u0119cia i pozyskiwania drobnego drewna."},{"@type":"BreadcrumbList","@id":"https:\/\/jak.fi\/pl\/produkty\/glowice-biomasowe-do-koparek\/jak-220c-glowica-biomasowa-do-koparki\/#breadcrumb","itemListElement":[{"@type":"ListItem","position":1,"name":"Etusivu","item":"https:\/\/jak.fi\/pl\/"},{"@type":"ListItem","position":2,"name":"Produkty","item":"https:\/\/jak.fi\/pl\/produkty\/"},{"@type":"ListItem","position":3,"name":"JAK-220C G\u0142owica biomasowa do koparki 2-8t"}]},{"@type":"WebSite","@id":"https:\/\/jak.fi\/pl\/#website","url":"https:\/\/jak.fi\/pl\/","name":"JAK-Metalli Oy","description":"","publisher":{"@id":"https:\/\/jak.fi\/pl\/#organization"},"alternateName":"JAK Tree shears","potentialAction":[{"@type":"SearchAction","target":{"@type":"EntryPoint","urlTemplate":"https:\/\/jak.fi\/pl\/?s={search_term_string}"},"query-input":{"@type":"PropertyValueSpecification","valueRequired":true,"valueName":"search_term_string"}}],"inLanguage":"pl-PL"},{"@type":"Organization","@id":"https:\/\/jak.fi\/pl\/#organization","name":"JAK-Metalli Oy","alternateName":"JAK Tree shears","url":"https:\/\/jak.fi\/pl\/","logo":{"@type":"ImageObject","inLanguage":"pl-PL","@id":"https:\/\/jak.fi\/pl\/#\/schema\/logo\/image\/","url":"https:\/\/jak.fi\/wp-content\/uploads\/2024\/09\/JAK-logo-696x696-1.jpg","contentUrl":"https:\/\/jak.fi\/wp-content\/uploads\/2024\/09\/JAK-logo-696x696-1.jpg","width":696,"height":696,"caption":"JAK-Metalli Oy"},"image":{"@id":"https:\/\/jak.fi\/pl\/#\/schema\/logo\/image\/"},"sameAs":["https:\/\/www.facebook.com\/jaktreeshears","https:\/\/www.instagram.com\/jaktreeshears\/","https:\/\/www.youtube.com\/channel\/UCAwvaVhBBkPie8MeAGbdY1w"]}]}},"_links":{"self":[{"href":"https:\/\/jak.fi\/pl\/wp-json\/wp\/v2\/product\/9193","targetHints":{"allow":["GET"]}}],"collection":[{"href":"https:\/\/jak.fi\/pl\/wp-json\/wp\/v2\/product"}],"about":[{"href":"https:\/\/jak.fi\/pl\/wp-json\/wp\/v2\/types\/product"}],"wp:featuredmedia":[{"embeddable":true,"href":"https:\/\/jak.fi\/pl\/wp-json\/wp\/v2\/media\/9211"}],"wp:attachment":[{"href":"https:\/\/jak.fi\/pl\/wp-json\/wp\/v2\/media?parent=9193"}],"wp:term":[{"taxonomy":"product_brand","embeddable":true,"href":"https:\/\/jak.fi\/pl\/wp-json\/wp\/v2\/product_brand?post=9193"},{"taxonomy":"product_cat","embeddable":true,"href":"https:\/\/jak.fi\/pl\/wp-json\/wp\/v2\/product_cat?post=9193"},{"taxonomy":"product_tag","embeddable":true,"href":"https:\/\/jak.fi\/pl\/wp-json\/wp\/v2\/product_tag?post=9193"}],"curies":[{"name":"wp","href":"https:\/\/api.w.org\/{rel}","templated":true}]}}