{"id":9313,"date":"2024-05-28T13:49:30","date_gmt":"2024-05-28T10:49:30","guid":{"rendered":"https:\/\/jak.fi\/products\/Ei-luokiteltu\/jak-200k-glowica-biomasowa-gen4\/"},"modified":"2025-09-02T15:36:08","modified_gmt":"2025-09-02T12:36:08","slug":"jak-200k-glowica-biomasowa-gen4","status":"publish","type":"product","link":"https:\/\/jak.fi\/pl\/produkty\/glowice-biomasowe-dla-traktorow-i-maszyn-lesnych\/jak-200k-glowica-biomasowa-gen4\/","title":{"rendered":"JAK-200K G\u0142owica biomasowa GEN4"},"content":{"rendered":"<h2>JAK-200K G\u0142owica biomasowa GEN4 do \u0142adowarek do drewna i ma\u0142ych traktor\u00f3w &#8211; Mocna, trwa\u0142a i bezpieczna do ci\u0119cia k\u0142\u00f3d o grubo\u015bci do 200 mm<\/h2>\n<p>Chwytak energetyczny JAK-200K GEN4 to pot\u0119\u017cna dwucylindrowa g\u0142owica biomasowa przeznaczona do profesjonalnego u\u017cytku na \u0142adowarkach do drewna i ma\u0142ych traktorach. Opracowany z my\u015bl\u0105 o intensywnym u\u017cytkowaniu, JAK-200K GEN4 skutecznie tnie pnie drzew o grubo\u015bci do 200 mm, dzi\u0119ki czemu r\u00f3\u017cne operacje trzebie\u017cy i oczyszczania mog\u0105 by\u0107 wykonywane dok\u0142adnie i wydajnie.<\/p>\n<p>Mocne szcz\u0119ki i wysoki profil g\u0142owicy biomasowej zapewniaj\u0105 pewny i niezawodny chwyt drewna, dzi\u0119ki czemu praca z drewnem jest \u0142atwa i bezpieczna. Szeroki otw\u00f3r 600 mm modelu JAK-200K u\u0142atwia r\u00f3wnie\u017c ci\u0119cie kilku drzew jednocze\u015bnie.<\/p>\n<p>JAK-200K GEN4 jest zasilany przez pojedynczy uk\u0142ad hydrauliczny dwustronnego dzia\u0142ania i mo\u017ce by\u0107 zainstalowany zamiast standardowego chwytaka do drewna. Ostrze tn\u0105ce mo\u017cna w razie potrzeby od\u0142\u0105czy\u0107, dzi\u0119ki czemu chwytak mo\u017ce by\u0107 u\u017cywany jako chwytak do drewna.<\/p>\n<p>Stosujemy odporn\u0105 na zu\u017cycie stal Hardox\u00ae. Domowa konstrukcja i zastosowanie najwy\u017cszej jako\u015bci materia\u0142\u00f3w r\u00f3wnie\u017c przyczyniaj\u0105 si\u0119 do konstrukcji i niezawodno\u015bci, kt\u00f3re mog\u0105 wytrzyma\u0107 najtrudniejsze sytuacje i warunki.<\/p>\n","protected":false},"excerpt":{"rendered":"<ul>\n<li>Wykonane z odpornej na zu\u017cycie stali Hardox<\/li>\n<li>Wysoka i trwa\u0142a konstrukcja<\/li>\n<li>Brak zapotrzebowania na energi\u0119 elektryczn\u0105<\/li>\n<li>Zatwierdzony przez CE<\/li>\n<li>Wyprodukowano w Finlandii<\/li>\n<li>Zdejmowane ostrze<\/li>\n<\/ul>\n","protected":false},"featured_media":9326,"template":"","meta":{"_acf_changed":false},"product_brand":[],"product_cat":[636],"product_tag":[],"class_list":{"0":"post-9313","1":"product","2":"type-product","3":"status-publish","4":"has-post-thumbnail","6":"product_cat-glowice-biomasowe-dla-traktorow-i-maszyn-lesnych","8":"first","9":"instock","10":"shipping-taxable","11":"product-type-simple"},"acf":[],"yoast_head":"<!-- This site is optimized with the Yoast SEO plugin v27.2 - https:\/\/yoast.com\/product\/yoast-seo-wordpress\/ -->\n<title>JAK-200K G\u0142owica biomasowa GEN4 &#8211; JAK-Metalli Oy<\/title>\n<meta name=\"description\" content=\"JAK-200K GEN4 to dwucylindrowa g\u0142owica biomasowa przeznaczona do stosowania w \u0142adowarkach do drewna i ma\u0142ych traktorach.\" \/>\n<meta name=\"robots\" content=\"index, follow, max-snippet:-1, max-image-preview:large, max-video-preview:-1\" \/>\n<link rel=\"canonical\" href=\"https:\/\/jak.fi\/pl\/produkty\/glowice-biomasowe-dla-traktorow-i-maszyn-lesnych\/jak-200k-glowica-biomasowa-gen4\/\" \/>\n<meta property=\"og:locale\" content=\"pl_PL\" \/>\n<meta property=\"og:type\" content=\"article\" \/>\n<meta property=\"og:title\" content=\"JAK-200K G\u0142owica biomasowa GEN4 &#8211; JAK-Metalli Oy\" \/>\n<meta property=\"og:description\" content=\"JAK-200K GEN4 to dwucylindrowa g\u0142owica biomasowa przeznaczona do stosowania w \u0142adowarkach do drewna i ma\u0142ych traktorach.\" \/>\n<meta property=\"og:url\" content=\"https:\/\/jak.fi\/pl\/produkty\/glowice-biomasowe-dla-traktorow-i-maszyn-lesnych\/jak-200k-glowica-biomasowa-gen4\/\" \/>\n<meta property=\"og:site_name\" content=\"JAK-Metalli Oy\" \/>\n<meta property=\"article:publisher\" content=\"https:\/\/www.facebook.com\/jaktreeshears\" \/>\n<meta property=\"article:modified_time\" content=\"2025-09-02T12:36:08+00:00\" \/>\n<meta property=\"og:image\" content=\"https:\/\/jak.fi\/wp-content\/uploads\/2024\/05\/jak-200k-4-1.png\" \/>\n\t<meta property=\"og:image:width\" content=\"1000\" \/>\n\t<meta property=\"og:image:height\" content=\"666\" \/>\n\t<meta property=\"og:image:type\" content=\"image\/png\" \/>\n<meta name=\"twitter:card\" content=\"summary_large_image\" \/>\n<meta name=\"twitter:label1\" content=\"Szacowany czas czytania\" \/>\n\t<meta name=\"twitter:data1\" content=\"2 minuta\" \/>\n<script type=\"application\/ld+json\" class=\"yoast-schema-graph\">{\"@context\":\"https:\/\/schema.org\",\"@graph\":[{\"@type\":\"WebPage\",\"@id\":\"https:\/\/jak.fi\/pl\/produkty\/glowice-biomasowe-dla-traktorow-i-maszyn-lesnych\/jak-200k-glowica-biomasowa-gen4\/\",\"url\":\"https:\/\/jak.fi\/pl\/produkty\/glowice-biomasowe-dla-traktorow-i-maszyn-lesnych\/jak-200k-glowica-biomasowa-gen4\/\",\"name\":\"JAK-200K G\u0142owica biomasowa GEN4 &#8211; JAK-Metalli Oy\",\"isPartOf\":{\"@id\":\"https:\/\/jak.fi\/pl\/#website\"},\"primaryImageOfPage\":{\"@id\":\"https:\/\/jak.fi\/pl\/produkty\/glowice-biomasowe-dla-traktorow-i-maszyn-lesnych\/jak-200k-glowica-biomasowa-gen4\/#primaryimage\"},\"image\":{\"@id\":\"https:\/\/jak.fi\/pl\/produkty\/glowice-biomasowe-dla-traktorow-i-maszyn-lesnych\/jak-200k-glowica-biomasowa-gen4\/#primaryimage\"},\"thumbnailUrl\":\"https:\/\/jak.fi\/wp-content\/uploads\/2024\/05\/jak-200k-4-1.png\",\"datePublished\":\"2024-05-28T10:49:30+00:00\",\"dateModified\":\"2025-09-02T12:36:08+00:00\",\"description\":\"JAK-200K GEN4 to dwucylindrowa g\u0142owica biomasowa przeznaczona do stosowania w \u0142adowarkach do drewna i ma\u0142ych traktorach.\",\"breadcrumb\":{\"@id\":\"https:\/\/jak.fi\/pl\/produkty\/glowice-biomasowe-dla-traktorow-i-maszyn-lesnych\/jak-200k-glowica-biomasowa-gen4\/#breadcrumb\"},\"inLanguage\":\"pl-PL\",\"potentialAction\":[{\"@type\":\"ReadAction\",\"target\":[\"https:\/\/jak.fi\/pl\/produkty\/glowice-biomasowe-dla-traktorow-i-maszyn-lesnych\/jak-200k-glowica-biomasowa-gen4\/\"]}]},{\"@type\":\"ImageObject\",\"inLanguage\":\"pl-PL\",\"@id\":\"https:\/\/jak.fi\/pl\/produkty\/glowice-biomasowe-dla-traktorow-i-maszyn-lesnych\/jak-200k-glowica-biomasowa-gen4\/#primaryimage\",\"url\":\"https:\/\/jak.fi\/wp-content\/uploads\/2024\/05\/jak-200k-4-1.png\",\"contentUrl\":\"https:\/\/jak.fi\/wp-content\/uploads\/2024\/05\/jak-200k-4-1.png\",\"width\":1000,\"height\":666},{\"@type\":\"BreadcrumbList\",\"@id\":\"https:\/\/jak.fi\/pl\/produkty\/glowice-biomasowe-dla-traktorow-i-maszyn-lesnych\/jak-200k-glowica-biomasowa-gen4\/#breadcrumb\",\"itemListElement\":[{\"@type\":\"ListItem\",\"position\":1,\"name\":\"Etusivu\",\"item\":\"https:\/\/jak.fi\/pl\/\"},{\"@type\":\"ListItem\",\"position\":2,\"name\":\"Produkty\",\"item\":\"https:\/\/jak.fi\/pl\/produkty\/\"},{\"@type\":\"ListItem\",\"position\":3,\"name\":\"JAK-200K G\u0142owica biomasowa GEN4\"}]},{\"@type\":\"WebSite\",\"@id\":\"https:\/\/jak.fi\/pl\/#website\",\"url\":\"https:\/\/jak.fi\/pl\/\",\"name\":\"JAK-Metalli Oy\",\"description\":\"\",\"publisher\":{\"@id\":\"https:\/\/jak.fi\/pl\/#organization\"},\"alternateName\":\"JAK Tree shears\",\"potentialAction\":[{\"@type\":\"SearchAction\",\"target\":{\"@type\":\"EntryPoint\",\"urlTemplate\":\"https:\/\/jak.fi\/pl\/?s={search_term_string}\"},\"query-input\":{\"@type\":\"PropertyValueSpecification\",\"valueRequired\":true,\"valueName\":\"search_term_string\"}}],\"inLanguage\":\"pl-PL\"},{\"@type\":\"Organization\",\"@id\":\"https:\/\/jak.fi\/pl\/#organization\",\"name\":\"JAK-Metalli Oy\",\"alternateName\":\"JAK Tree shears\",\"url\":\"https:\/\/jak.fi\/pl\/\",\"logo\":{\"@type\":\"ImageObject\",\"inLanguage\":\"pl-PL\",\"@id\":\"https:\/\/jak.fi\/pl\/#\/schema\/logo\/image\/\",\"url\":\"https:\/\/jak.fi\/wp-content\/uploads\/2024\/09\/JAK-logo-696x696-1.jpg\",\"contentUrl\":\"https:\/\/jak.fi\/wp-content\/uploads\/2024\/09\/JAK-logo-696x696-1.jpg\",\"width\":696,\"height\":696,\"caption\":\"JAK-Metalli Oy\"},\"image\":{\"@id\":\"https:\/\/jak.fi\/pl\/#\/schema\/logo\/image\/\"},\"sameAs\":[\"https:\/\/www.facebook.com\/jaktreeshears\",\"https:\/\/www.instagram.com\/jaktreeshears\/\",\"https:\/\/www.youtube.com\/channel\/UCAwvaVhBBkPie8MeAGbdY1w\"]}]}<\/script>\n<!-- \/ Yoast SEO plugin. -->","yoast_head_json":{"title":"JAK-200K G\u0142owica biomasowa GEN4 &#8211; JAK-Metalli Oy","description":"JAK-200K GEN4 to dwucylindrowa g\u0142owica biomasowa przeznaczona do stosowania w \u0142adowarkach do drewna i ma\u0142ych traktorach.","robots":{"index":"index","follow":"follow","max-snippet":"max-snippet:-1","max-image-preview":"max-image-preview:large","max-video-preview":"max-video-preview:-1"},"canonical":"https:\/\/jak.fi\/pl\/produkty\/glowice-biomasowe-dla-traktorow-i-maszyn-lesnych\/jak-200k-glowica-biomasowa-gen4\/","og_locale":"pl_PL","og_type":"article","og_title":"JAK-200K G\u0142owica biomasowa GEN4 &#8211; JAK-Metalli Oy","og_description":"JAK-200K GEN4 to dwucylindrowa g\u0142owica biomasowa przeznaczona do stosowania w \u0142adowarkach do drewna i ma\u0142ych traktorach.","og_url":"https:\/\/jak.fi\/pl\/produkty\/glowice-biomasowe-dla-traktorow-i-maszyn-lesnych\/jak-200k-glowica-biomasowa-gen4\/","og_site_name":"JAK-Metalli Oy","article_publisher":"https:\/\/www.facebook.com\/jaktreeshears","article_modified_time":"2025-09-02T12:36:08+00:00","og_image":[{"width":1000,"height":666,"url":"https:\/\/jak.fi\/wp-content\/uploads\/2024\/05\/jak-200k-4-1.png","type":"image\/png"}],"twitter_card":"summary_large_image","twitter_misc":{"Szacowany czas czytania":"2 minuta"},"schema":{"@context":"https:\/\/schema.org","@graph":[{"@type":"WebPage","@id":"https:\/\/jak.fi\/pl\/produkty\/glowice-biomasowe-dla-traktorow-i-maszyn-lesnych\/jak-200k-glowica-biomasowa-gen4\/","url":"https:\/\/jak.fi\/pl\/produkty\/glowice-biomasowe-dla-traktorow-i-maszyn-lesnych\/jak-200k-glowica-biomasowa-gen4\/","name":"JAK-200K G\u0142owica biomasowa GEN4 &#8211; JAK-Metalli Oy","isPartOf":{"@id":"https:\/\/jak.fi\/pl\/#website"},"primaryImageOfPage":{"@id":"https:\/\/jak.fi\/pl\/produkty\/glowice-biomasowe-dla-traktorow-i-maszyn-lesnych\/jak-200k-glowica-biomasowa-gen4\/#primaryimage"},"image":{"@id":"https:\/\/jak.fi\/pl\/produkty\/glowice-biomasowe-dla-traktorow-i-maszyn-lesnych\/jak-200k-glowica-biomasowa-gen4\/#primaryimage"},"thumbnailUrl":"https:\/\/jak.fi\/wp-content\/uploads\/2024\/05\/jak-200k-4-1.png","datePublished":"2024-05-28T10:49:30+00:00","dateModified":"2025-09-02T12:36:08+00:00","description":"JAK-200K GEN4 to dwucylindrowa g\u0142owica biomasowa przeznaczona do stosowania w \u0142adowarkach do drewna i ma\u0142ych traktorach.","breadcrumb":{"@id":"https:\/\/jak.fi\/pl\/produkty\/glowice-biomasowe-dla-traktorow-i-maszyn-lesnych\/jak-200k-glowica-biomasowa-gen4\/#breadcrumb"},"inLanguage":"pl-PL","potentialAction":[{"@type":"ReadAction","target":["https:\/\/jak.fi\/pl\/produkty\/glowice-biomasowe-dla-traktorow-i-maszyn-lesnych\/jak-200k-glowica-biomasowa-gen4\/"]}]},{"@type":"ImageObject","inLanguage":"pl-PL","@id":"https:\/\/jak.fi\/pl\/produkty\/glowice-biomasowe-dla-traktorow-i-maszyn-lesnych\/jak-200k-glowica-biomasowa-gen4\/#primaryimage","url":"https:\/\/jak.fi\/wp-content\/uploads\/2024\/05\/jak-200k-4-1.png","contentUrl":"https:\/\/jak.fi\/wp-content\/uploads\/2024\/05\/jak-200k-4-1.png","width":1000,"height":666},{"@type":"BreadcrumbList","@id":"https:\/\/jak.fi\/pl\/produkty\/glowice-biomasowe-dla-traktorow-i-maszyn-lesnych\/jak-200k-glowica-biomasowa-gen4\/#breadcrumb","itemListElement":[{"@type":"ListItem","position":1,"name":"Etusivu","item":"https:\/\/jak.fi\/pl\/"},{"@type":"ListItem","position":2,"name":"Produkty","item":"https:\/\/jak.fi\/pl\/produkty\/"},{"@type":"ListItem","position":3,"name":"JAK-200K G\u0142owica biomasowa GEN4"}]},{"@type":"WebSite","@id":"https:\/\/jak.fi\/pl\/#website","url":"https:\/\/jak.fi\/pl\/","name":"JAK-Metalli Oy","description":"","publisher":{"@id":"https:\/\/jak.fi\/pl\/#organization"},"alternateName":"JAK Tree shears","potentialAction":[{"@type":"SearchAction","target":{"@type":"EntryPoint","urlTemplate":"https:\/\/jak.fi\/pl\/?s={search_term_string}"},"query-input":{"@type":"PropertyValueSpecification","valueRequired":true,"valueName":"search_term_string"}}],"inLanguage":"pl-PL"},{"@type":"Organization","@id":"https:\/\/jak.fi\/pl\/#organization","name":"JAK-Metalli Oy","alternateName":"JAK Tree shears","url":"https:\/\/jak.fi\/pl\/","logo":{"@type":"ImageObject","inLanguage":"pl-PL","@id":"https:\/\/jak.fi\/pl\/#\/schema\/logo\/image\/","url":"https:\/\/jak.fi\/wp-content\/uploads\/2024\/09\/JAK-logo-696x696-1.jpg","contentUrl":"https:\/\/jak.fi\/wp-content\/uploads\/2024\/09\/JAK-logo-696x696-1.jpg","width":696,"height":696,"caption":"JAK-Metalli Oy"},"image":{"@id":"https:\/\/jak.fi\/pl\/#\/schema\/logo\/image\/"},"sameAs":["https:\/\/www.facebook.com\/jaktreeshears","https:\/\/www.instagram.com\/jaktreeshears\/","https:\/\/www.youtube.com\/channel\/UCAwvaVhBBkPie8MeAGbdY1w"]}]}},"_links":{"self":[{"href":"https:\/\/jak.fi\/pl\/wp-json\/wp\/v2\/product\/9313","targetHints":{"allow":["GET"]}}],"collection":[{"href":"https:\/\/jak.fi\/pl\/wp-json\/wp\/v2\/product"}],"about":[{"href":"https:\/\/jak.fi\/pl\/wp-json\/wp\/v2\/types\/product"}],"wp:featuredmedia":[{"embeddable":true,"href":"https:\/\/jak.fi\/pl\/wp-json\/wp\/v2\/media\/9326"}],"wp:attachment":[{"href":"https:\/\/jak.fi\/pl\/wp-json\/wp\/v2\/media?parent=9313"}],"wp:term":[{"taxonomy":"product_brand","embeddable":true,"href":"https:\/\/jak.fi\/pl\/wp-json\/wp\/v2\/product_brand?post=9313"},{"taxonomy":"product_cat","embeddable":true,"href":"https:\/\/jak.fi\/pl\/wp-json\/wp\/v2\/product_cat?post=9313"},{"taxonomy":"product_tag","embeddable":true,"href":"https:\/\/jak.fi\/pl\/wp-json\/wp\/v2\/product_tag?post=9313"}],"curies":[{"name":"wp","href":"https:\/\/api.w.org\/{rel}","templated":true}]}}