{"id":9569,"date":"2024-05-30T09:11:48","date_gmt":"2024-05-30T06:11:48","guid":{"rendered":"https:\/\/jak.fi\/products\/Ei-luokiteltu\/jak-300c-glowica-biomasowa-do-koparki\/"},"modified":"2025-08-12T11:50:53","modified_gmt":"2025-08-12T08:50:53","slug":"jak-300c-glowica-biomasowa-do-koparki","status":"publish","type":"product","link":"https:\/\/jak.fi\/pl\/produkty\/glowice-biomasowe-do-koparek\/jak-300c-glowica-biomasowa-do-koparki\/","title":{"rendered":"JAK-300C G\u0142owica biomasowa do koparki 6-20t"},"content":{"rendered":"<h2 data-start=\"176\" data-end=\"274\">JAK-300C G\u0142owica biomasowa &#8211; lekka, trwa\u0142a i wszechstronna<\/h2>\n<p data-start=\"276\" data-end=\"563\">G\u0142owica biomasowa JAK-300C to lekki i wydajny chwytak do drewna, kt\u00f3ry jest wystarczaj\u0105co wszechstronny dla koparek o masie od 6 do 20 ton (13227-44092 funt\u00f3w). Si\u0142a ci\u0119cia jest skoncentrowana po jednej stronie szcz\u0119ki zaciskowej, co pozwala na l\u017cejsz\u0105 konstrukcj\u0119, rozmiar wi\u00f3r\u00f3w i op\u0142acalno\u015b\u0107 bez uszczerbku dla wydajno\u015bci.<\/p>\n<p data-start=\"565\" data-end=\"908\">Ta wielofunkcyjna g\u0142owica biomasowa jest wynikiem d\u0142ugotrwa\u0142ego rozwoju produktu i praktycznego do\u015bwiadczenia. Konstrukcja opiera si\u0119 na naszej solidnej wiedzy w zakresie pozyskiwania drewna i cennych opiniach u\u017cytkownik\u00f3w. Ta g\u0142owica biomasowa zosta\u0142a r\u00f3wnie\u017c przetestowana w wymagaj\u0105cych warunkach, zapewniaj\u0105c jej niezawodno\u015b\u0107 i trwa\u0142o\u015b\u0107 przy intensywnym u\u017cytkowaniu.<\/p>\n<p data-start=\"910\" data-end=\"1132\">Do produkcji u\u017cywamy wy\u0142\u0105cznie odpornej na zu\u017cycie stali Hardox\u00ae. Krajowa konstrukcja i najwy\u017cszej jako\u015bci materia\u0142y zapewniaj\u0105, \u017ce g\u0142owica biomasowa JAK Energy Grab wytrzyma najtrudniejsze warunki na placu budowy rok po roku.<\/p>\n<p>&nbsp;<\/p>\n<p><strong>Szybkoz\u0142\u0105cze<\/strong><\/p>\n<p>Najpopularniejszy osprz\u0119t do koparek<\/p>\n<p>Na \u017cyczenie zgodnie z typem maszyny zam\u00f3wionej przez klienta<\/p>\n","protected":false},"excerpt":{"rendered":"<ul>\n<li>Wykonane z odpornej na zu\u017cycie stali Hardox<\/li>\n<li>Dost\u0119pny z jedn\u0105 opcjonaln\u0105 lini\u0105 hydrauliczn\u0105<\/li>\n<li>Zatwierdzony przez CE<\/li>\n<li>Ta\u0144sza alternatywa<\/li>\n<li>Wyprodukowano w Finlandii<\/li>\n<li>Od\u0142\u0105czane ostrze<\/li>\n<\/ul>\n","protected":false},"featured_media":9571,"template":"","meta":{"_acf_changed":false},"product_brand":[],"product_cat":[635],"product_tag":[],"class_list":{"0":"post-9569","1":"product","2":"type-product","3":"status-publish","4":"has-post-thumbnail","6":"product_cat-glowice-biomasowe-do-koparek","8":"first","9":"instock","10":"shipping-taxable","11":"product-type-simple"},"acf":[],"yoast_head":"<!-- This site is optimized with the Yoast SEO plugin v27.2 - https:\/\/yoast.com\/product\/yoast-seo-wordpress\/ -->\n<title>JAK-300C G\u0142owica biomasowa do koparki 6-20t &#8211; JAK-Metalli Oy<\/title>\n<meta name=\"description\" content=\"JAK-300C to g\u0142owica biomasowa, w kt\u00f3rej si\u0142a tn\u0105ca skoncentrowana jest po jednej stronie szcz\u0119ki. G\u0142owica biomasowa JAK-300C przesz\u0142a wymagaj\u0105cy proces testowania.\" \/>\n<meta name=\"robots\" content=\"index, follow, max-snippet:-1, max-image-preview:large, max-video-preview:-1\" \/>\n<link rel=\"canonical\" href=\"https:\/\/jak.fi\/pl\/produkty\/glowice-biomasowe-do-koparek\/jak-300c-glowica-biomasowa-do-koparki\/\" \/>\n<meta property=\"og:locale\" content=\"pl_PL\" \/>\n<meta property=\"og:type\" content=\"article\" \/>\n<meta property=\"og:title\" content=\"JAK-300C G\u0142owica biomasowa do koparki 6-20t &#8211; JAK-Metalli Oy\" \/>\n<meta property=\"og:description\" content=\"JAK-300C to g\u0142owica biomasowa, w kt\u00f3rej si\u0142a tn\u0105ca skoncentrowana jest po jednej stronie szcz\u0119ki. G\u0142owica biomasowa JAK-300C przesz\u0142a wymagaj\u0105cy proces testowania.\" \/>\n<meta property=\"og:url\" content=\"https:\/\/jak.fi\/pl\/produkty\/glowice-biomasowe-do-koparek\/jak-300c-glowica-biomasowa-do-koparki\/\" \/>\n<meta property=\"og:site_name\" content=\"JAK-Metalli Oy\" \/>\n<meta property=\"article:publisher\" content=\"https:\/\/www.facebook.com\/jaktreeshears\" \/>\n<meta property=\"article:modified_time\" content=\"2025-08-12T08:50:53+00:00\" \/>\n<meta property=\"og:image\" content=\"https:\/\/jak.fi\/wp-content\/uploads\/2024\/05\/jak-300c-tree-shear-with-collector-1-1.png\" \/>\n\t<meta property=\"og:image:width\" content=\"1000\" \/>\n\t<meta property=\"og:image:height\" content=\"666\" \/>\n\t<meta property=\"og:image:type\" content=\"image\/png\" \/>\n<meta name=\"twitter:card\" content=\"summary_large_image\" \/>\n<meta name=\"twitter:label1\" content=\"Szacowany czas czytania\" \/>\n\t<meta name=\"twitter:data1\" content=\"2 minuta\" \/>\n<script type=\"application\/ld+json\" class=\"yoast-schema-graph\">{\"@context\":\"https:\/\/schema.org\",\"@graph\":[{\"@type\":\"WebPage\",\"@id\":\"https:\/\/jak.fi\/pl\/produkty\/glowice-biomasowe-do-koparek\/jak-300c-glowica-biomasowa-do-koparki\/\",\"url\":\"https:\/\/jak.fi\/pl\/produkty\/glowice-biomasowe-do-koparek\/jak-300c-glowica-biomasowa-do-koparki\/\",\"name\":\"JAK-300C G\u0142owica biomasowa do koparki 6-20t &#8211; JAK-Metalli Oy\",\"isPartOf\":{\"@id\":\"https:\/\/jak.fi\/pl\/#website\"},\"primaryImageOfPage\":{\"@id\":\"https:\/\/jak.fi\/pl\/produkty\/glowice-biomasowe-do-koparek\/jak-300c-glowica-biomasowa-do-koparki\/#primaryimage\"},\"image\":{\"@id\":\"https:\/\/jak.fi\/pl\/produkty\/glowice-biomasowe-do-koparek\/jak-300c-glowica-biomasowa-do-koparki\/#primaryimage\"},\"thumbnailUrl\":\"https:\/\/jak.fi\/wp-content\/uploads\/2024\/05\/jak-300c-tree-shear-with-collector-1-1.png\",\"datePublished\":\"2024-05-30T06:11:48+00:00\",\"dateModified\":\"2025-08-12T08:50:53+00:00\",\"description\":\"JAK-300C to g\u0142owica biomasowa, w kt\u00f3rej si\u0142a tn\u0105ca skoncentrowana jest po jednej stronie szcz\u0119ki. G\u0142owica biomasowa JAK-300C przesz\u0142a wymagaj\u0105cy proces testowania.\",\"breadcrumb\":{\"@id\":\"https:\/\/jak.fi\/pl\/produkty\/glowice-biomasowe-do-koparek\/jak-300c-glowica-biomasowa-do-koparki\/#breadcrumb\"},\"inLanguage\":\"pl-PL\",\"potentialAction\":[{\"@type\":\"ReadAction\",\"target\":[\"https:\/\/jak.fi\/pl\/produkty\/glowice-biomasowe-do-koparek\/jak-300c-glowica-biomasowa-do-koparki\/\"]}]},{\"@type\":\"ImageObject\",\"inLanguage\":\"pl-PL\",\"@id\":\"https:\/\/jak.fi\/pl\/produkty\/glowice-biomasowe-do-koparek\/jak-300c-glowica-biomasowa-do-koparki\/#primaryimage\",\"url\":\"https:\/\/jak.fi\/wp-content\/uploads\/2024\/05\/jak-300c-tree-shear-with-collector-1-1.png\",\"contentUrl\":\"https:\/\/jak.fi\/wp-content\/uploads\/2024\/05\/jak-300c-tree-shear-with-collector-1-1.png\",\"width\":1000,\"height\":666,\"caption\":\"Chwytak energetyczny JAK-300C - mocna i wytrzyma\u0142a g\u0142owica biomasowa do koparek. Zaprojektowany z my\u015bl\u0105 o wydajnym pozyskiwaniu drewna w wymagaj\u0105cych warunkach.\"},{\"@type\":\"BreadcrumbList\",\"@id\":\"https:\/\/jak.fi\/pl\/produkty\/glowice-biomasowe-do-koparek\/jak-300c-glowica-biomasowa-do-koparki\/#breadcrumb\",\"itemListElement\":[{\"@type\":\"ListItem\",\"position\":1,\"name\":\"Etusivu\",\"item\":\"https:\/\/jak.fi\/pl\/\"},{\"@type\":\"ListItem\",\"position\":2,\"name\":\"Produkty\",\"item\":\"https:\/\/jak.fi\/pl\/produkty\/\"},{\"@type\":\"ListItem\",\"position\":3,\"name\":\"JAK-300C G\u0142owica biomasowa do koparki 6-20t\"}]},{\"@type\":\"WebSite\",\"@id\":\"https:\/\/jak.fi\/pl\/#website\",\"url\":\"https:\/\/jak.fi\/pl\/\",\"name\":\"JAK-Metalli Oy\",\"description\":\"\",\"publisher\":{\"@id\":\"https:\/\/jak.fi\/pl\/#organization\"},\"alternateName\":\"JAK Tree shears\",\"potentialAction\":[{\"@type\":\"SearchAction\",\"target\":{\"@type\":\"EntryPoint\",\"urlTemplate\":\"https:\/\/jak.fi\/pl\/?s={search_term_string}\"},\"query-input\":{\"@type\":\"PropertyValueSpecification\",\"valueRequired\":true,\"valueName\":\"search_term_string\"}}],\"inLanguage\":\"pl-PL\"},{\"@type\":\"Organization\",\"@id\":\"https:\/\/jak.fi\/pl\/#organization\",\"name\":\"JAK-Metalli Oy\",\"alternateName\":\"JAK Tree shears\",\"url\":\"https:\/\/jak.fi\/pl\/\",\"logo\":{\"@type\":\"ImageObject\",\"inLanguage\":\"pl-PL\",\"@id\":\"https:\/\/jak.fi\/pl\/#\/schema\/logo\/image\/\",\"url\":\"https:\/\/jak.fi\/wp-content\/uploads\/2024\/09\/JAK-logo-696x696-1.jpg\",\"contentUrl\":\"https:\/\/jak.fi\/wp-content\/uploads\/2024\/09\/JAK-logo-696x696-1.jpg\",\"width\":696,\"height\":696,\"caption\":\"JAK-Metalli Oy\"},\"image\":{\"@id\":\"https:\/\/jak.fi\/pl\/#\/schema\/logo\/image\/\"},\"sameAs\":[\"https:\/\/www.facebook.com\/jaktreeshears\",\"https:\/\/www.instagram.com\/jaktreeshears\/\",\"https:\/\/www.youtube.com\/channel\/UCAwvaVhBBkPie8MeAGbdY1w\"]}]}<\/script>\n<!-- \/ Yoast SEO plugin. -->","yoast_head_json":{"title":"JAK-300C G\u0142owica biomasowa do koparki 6-20t &#8211; JAK-Metalli Oy","description":"JAK-300C to g\u0142owica biomasowa, w kt\u00f3rej si\u0142a tn\u0105ca skoncentrowana jest po jednej stronie szcz\u0119ki. G\u0142owica biomasowa JAK-300C przesz\u0142a wymagaj\u0105cy proces testowania.","robots":{"index":"index","follow":"follow","max-snippet":"max-snippet:-1","max-image-preview":"max-image-preview:large","max-video-preview":"max-video-preview:-1"},"canonical":"https:\/\/jak.fi\/pl\/produkty\/glowice-biomasowe-do-koparek\/jak-300c-glowica-biomasowa-do-koparki\/","og_locale":"pl_PL","og_type":"article","og_title":"JAK-300C G\u0142owica biomasowa do koparki 6-20t &#8211; JAK-Metalli Oy","og_description":"JAK-300C to g\u0142owica biomasowa, w kt\u00f3rej si\u0142a tn\u0105ca skoncentrowana jest po jednej stronie szcz\u0119ki. G\u0142owica biomasowa JAK-300C przesz\u0142a wymagaj\u0105cy proces testowania.","og_url":"https:\/\/jak.fi\/pl\/produkty\/glowice-biomasowe-do-koparek\/jak-300c-glowica-biomasowa-do-koparki\/","og_site_name":"JAK-Metalli Oy","article_publisher":"https:\/\/www.facebook.com\/jaktreeshears","article_modified_time":"2025-08-12T08:50:53+00:00","og_image":[{"width":1000,"height":666,"url":"https:\/\/jak.fi\/wp-content\/uploads\/2024\/05\/jak-300c-tree-shear-with-collector-1-1.png","type":"image\/png"}],"twitter_card":"summary_large_image","twitter_misc":{"Szacowany czas czytania":"2 minuta"},"schema":{"@context":"https:\/\/schema.org","@graph":[{"@type":"WebPage","@id":"https:\/\/jak.fi\/pl\/produkty\/glowice-biomasowe-do-koparek\/jak-300c-glowica-biomasowa-do-koparki\/","url":"https:\/\/jak.fi\/pl\/produkty\/glowice-biomasowe-do-koparek\/jak-300c-glowica-biomasowa-do-koparki\/","name":"JAK-300C G\u0142owica biomasowa do koparki 6-20t &#8211; JAK-Metalli Oy","isPartOf":{"@id":"https:\/\/jak.fi\/pl\/#website"},"primaryImageOfPage":{"@id":"https:\/\/jak.fi\/pl\/produkty\/glowice-biomasowe-do-koparek\/jak-300c-glowica-biomasowa-do-koparki\/#primaryimage"},"image":{"@id":"https:\/\/jak.fi\/pl\/produkty\/glowice-biomasowe-do-koparek\/jak-300c-glowica-biomasowa-do-koparki\/#primaryimage"},"thumbnailUrl":"https:\/\/jak.fi\/wp-content\/uploads\/2024\/05\/jak-300c-tree-shear-with-collector-1-1.png","datePublished":"2024-05-30T06:11:48+00:00","dateModified":"2025-08-12T08:50:53+00:00","description":"JAK-300C to g\u0142owica biomasowa, w kt\u00f3rej si\u0142a tn\u0105ca skoncentrowana jest po jednej stronie szcz\u0119ki. G\u0142owica biomasowa JAK-300C przesz\u0142a wymagaj\u0105cy proces testowania.","breadcrumb":{"@id":"https:\/\/jak.fi\/pl\/produkty\/glowice-biomasowe-do-koparek\/jak-300c-glowica-biomasowa-do-koparki\/#breadcrumb"},"inLanguage":"pl-PL","potentialAction":[{"@type":"ReadAction","target":["https:\/\/jak.fi\/pl\/produkty\/glowice-biomasowe-do-koparek\/jak-300c-glowica-biomasowa-do-koparki\/"]}]},{"@type":"ImageObject","inLanguage":"pl-PL","@id":"https:\/\/jak.fi\/pl\/produkty\/glowice-biomasowe-do-koparek\/jak-300c-glowica-biomasowa-do-koparki\/#primaryimage","url":"https:\/\/jak.fi\/wp-content\/uploads\/2024\/05\/jak-300c-tree-shear-with-collector-1-1.png","contentUrl":"https:\/\/jak.fi\/wp-content\/uploads\/2024\/05\/jak-300c-tree-shear-with-collector-1-1.png","width":1000,"height":666,"caption":"Chwytak energetyczny JAK-300C - mocna i wytrzyma\u0142a g\u0142owica biomasowa do koparek. Zaprojektowany z my\u015bl\u0105 o wydajnym pozyskiwaniu drewna w wymagaj\u0105cych warunkach."},{"@type":"BreadcrumbList","@id":"https:\/\/jak.fi\/pl\/produkty\/glowice-biomasowe-do-koparek\/jak-300c-glowica-biomasowa-do-koparki\/#breadcrumb","itemListElement":[{"@type":"ListItem","position":1,"name":"Etusivu","item":"https:\/\/jak.fi\/pl\/"},{"@type":"ListItem","position":2,"name":"Produkty","item":"https:\/\/jak.fi\/pl\/produkty\/"},{"@type":"ListItem","position":3,"name":"JAK-300C G\u0142owica biomasowa do koparki 6-20t"}]},{"@type":"WebSite","@id":"https:\/\/jak.fi\/pl\/#website","url":"https:\/\/jak.fi\/pl\/","name":"JAK-Metalli Oy","description":"","publisher":{"@id":"https:\/\/jak.fi\/pl\/#organization"},"alternateName":"JAK Tree shears","potentialAction":[{"@type":"SearchAction","target":{"@type":"EntryPoint","urlTemplate":"https:\/\/jak.fi\/pl\/?s={search_term_string}"},"query-input":{"@type":"PropertyValueSpecification","valueRequired":true,"valueName":"search_term_string"}}],"inLanguage":"pl-PL"},{"@type":"Organization","@id":"https:\/\/jak.fi\/pl\/#organization","name":"JAK-Metalli Oy","alternateName":"JAK Tree shears","url":"https:\/\/jak.fi\/pl\/","logo":{"@type":"ImageObject","inLanguage":"pl-PL","@id":"https:\/\/jak.fi\/pl\/#\/schema\/logo\/image\/","url":"https:\/\/jak.fi\/wp-content\/uploads\/2024\/09\/JAK-logo-696x696-1.jpg","contentUrl":"https:\/\/jak.fi\/wp-content\/uploads\/2024\/09\/JAK-logo-696x696-1.jpg","width":696,"height":696,"caption":"JAK-Metalli Oy"},"image":{"@id":"https:\/\/jak.fi\/pl\/#\/schema\/logo\/image\/"},"sameAs":["https:\/\/www.facebook.com\/jaktreeshears","https:\/\/www.instagram.com\/jaktreeshears\/","https:\/\/www.youtube.com\/channel\/UCAwvaVhBBkPie8MeAGbdY1w"]}]}},"_links":{"self":[{"href":"https:\/\/jak.fi\/pl\/wp-json\/wp\/v2\/product\/9569","targetHints":{"allow":["GET"]}}],"collection":[{"href":"https:\/\/jak.fi\/pl\/wp-json\/wp\/v2\/product"}],"about":[{"href":"https:\/\/jak.fi\/pl\/wp-json\/wp\/v2\/types\/product"}],"wp:featuredmedia":[{"embeddable":true,"href":"https:\/\/jak.fi\/pl\/wp-json\/wp\/v2\/media\/9571"}],"wp:attachment":[{"href":"https:\/\/jak.fi\/pl\/wp-json\/wp\/v2\/media?parent=9569"}],"wp:term":[{"taxonomy":"product_brand","embeddable":true,"href":"https:\/\/jak.fi\/pl\/wp-json\/wp\/v2\/product_brand?post=9569"},{"taxonomy":"product_cat","embeddable":true,"href":"https:\/\/jak.fi\/pl\/wp-json\/wp\/v2\/product_cat?post=9569"},{"taxonomy":"product_tag","embeddable":true,"href":"https:\/\/jak.fi\/pl\/wp-json\/wp\/v2\/product_tag?post=9569"}],"curies":[{"name":"wp","href":"https:\/\/api.w.org\/{rel}","templated":true}]}}