{"id":9570,"date":"2024-05-28T10:08:25","date_gmt":"2024-05-28T07:08:25","guid":{"rendered":"https:\/\/jak.fi\/products\/Ei-luokiteltu\/tylna-czesc-ladowarki-kolowej-i-ladowarki-teleskopowej\/"},"modified":"2025-06-11T12:32:54","modified_gmt":"2025-06-11T09:32:54","slug":"tylna-czesc-ladowarki-kolowej-i-ladowarki-teleskopowej","status":"publish","type":"product","link":"https:\/\/jak.fi\/pl\/produkty\/akcesoria-do-glowic-biomasowych\/tylna-czesc-ladowarki-kolowej-i-ladowarki-teleskopowej\/","title":{"rendered":"Tylna cz\u0119\u015b\u0107 \u0142adowarki ko\u0142owej i \u0142adowarki teleskopowej"},"content":{"rendered":"<p>Tylna cz\u0119\u015b\u0107 \u0142adowarki i wysi\u0119gnika to akcesorium do modeli JAK Energy Grab z serii R, kt\u00f3re umo\u017cliwia zamocowanie g\u0142owicy biomasowej do r\u00f3\u017cnych \u0142adowarek ko\u0142owych i wysi\u0119gnik\u00f3w. Tylna cz\u0119\u015b\u0107 \u0142adowarki ko\u0142owej i wysi\u0119gnika jest dost\u0119pna w trzech r\u00f3\u017cnych rozmiarach, w zale\u017cno\u015bci od wielko\u015bci i przeznaczenia podwozia maszyny. <\/p>\n<p>Dzia\u0142anie g\u0142owicy biomasowej i rufy zosta\u0142o r\u00f3wnie\u017c zaprojektowane w taki spos\u00f3b, aby w razie potrzeby tyln\u0105 cz\u0119\u015b\u0107 mo\u017cna by\u0142o zmieni\u0107 na inny typ maszyny przy niewielkim wysi\u0142ku. Dzi\u0119ki zmianie tylnej cz\u0119\u015bci chwytaka, chwytaki energetyczne serii R mog\u0105 by\u0107 r\u00f3wnie\u017c u\u017cywane np. na koparkach. <\/p>\n","protected":false},"excerpt":{"rendered":"<p>Tylna cz\u0119\u015b\u0107 \u0142adowarki i wysi\u0119gnika to akcesorium do modeli JAK Energy Grab z serii R, kt\u00f3re umo\u017cliwia zamocowanie g\u0142owicy biomasowej do r\u00f3\u017cnych \u0142adowarek ko\u0142owych i wysi\u0119gnik\u00f3w. Tylna cz\u0119\u015b\u0107 \u0142adowarki ko\u0142owej i wysi\u0119gnika jest dost\u0119pna w trzech r\u00f3\u017cnych rozmiarach, w zale\u017cno\u015bci od wielko\u015bci i przeznaczenia podwozia maszyny. Dzia\u0142anie g\u0142owicy biomasowej i rufy zosta\u0142o r\u00f3wnie\u017c zaprojektowane w [&hellip;]<\/p>\n","protected":false},"featured_media":9583,"template":"","meta":{"_acf_changed":false},"product_brand":[],"product_cat":[627],"product_tag":[],"class_list":{"0":"post-9570","1":"product","2":"type-product","3":"status-publish","4":"has-post-thumbnail","6":"product_cat-akcesoria-do-glowic-biomasowych","8":"first","9":"instock","10":"shipping-taxable","11":"product-type-simple"},"acf":[],"yoast_head":"<!-- This site is optimized with the Yoast SEO plugin v27.2 - https:\/\/yoast.com\/product\/yoast-seo-wordpress\/ -->\n<title>Tylna cz\u0119\u015b\u0107 \u0142adowarki ko\u0142owej i \u0142adowarki teleskopowej &#8211; JAK-Metalli Oy<\/title>\n<meta name=\"description\" content=\"Dzia\u0142anie g\u0142owicy biomasowej i rufy zosta\u0142o zaprojektowane w taki spos\u00f3b, aby w razie potrzeby mo\u017cna by\u0142o samodzielnie zmieni\u0107 ruf\u0119 na inny typ maszyny.\" \/>\n<meta name=\"robots\" content=\"index, follow, max-snippet:-1, max-image-preview:large, max-video-preview:-1\" \/>\n<link rel=\"canonical\" href=\"https:\/\/jak.fi\/pl\/produkty\/akcesoria-do-glowic-biomasowych\/tylna-czesc-ladowarki-kolowej-i-ladowarki-teleskopowej\/\" \/>\n<meta property=\"og:locale\" content=\"pl_PL\" \/>\n<meta property=\"og:type\" content=\"article\" \/>\n<meta property=\"og:title\" content=\"Tylna cz\u0119\u015b\u0107 \u0142adowarki ko\u0142owej i \u0142adowarki teleskopowej &#8211; JAK-Metalli Oy\" \/>\n<meta property=\"og:description\" content=\"Dzia\u0142anie g\u0142owicy biomasowej i rufy zosta\u0142o zaprojektowane w taki spos\u00f3b, aby w razie potrzeby mo\u017cna by\u0142o samodzielnie zmieni\u0107 ruf\u0119 na inny typ maszyny.\" \/>\n<meta property=\"og:url\" content=\"https:\/\/jak.fi\/pl\/produkty\/akcesoria-do-glowic-biomasowych\/tylna-czesc-ladowarki-kolowej-i-ladowarki-teleskopowej\/\" \/>\n<meta property=\"og:site_name\" content=\"JAK-Metalli Oy\" \/>\n<meta property=\"article:publisher\" content=\"https:\/\/www.facebook.com\/jaktreeshears\" \/>\n<meta property=\"article:modified_time\" content=\"2025-06-11T09:32:54+00:00\" \/>\n<meta property=\"og:image\" content=\"https:\/\/jak.fi\/wp-content\/uploads\/2024\/05\/tree-shear-multimount-adapter.png\" \/>\n\t<meta property=\"og:image:width\" content=\"1000\" \/>\n\t<meta property=\"og:image:height\" content=\"666\" \/>\n\t<meta property=\"og:image:type\" content=\"image\/png\" \/>\n<meta name=\"twitter:card\" content=\"summary_large_image\" \/>\n<meta name=\"twitter:label1\" content=\"Szacowany czas czytania\" \/>\n\t<meta name=\"twitter:data1\" content=\"1 minuta\" \/>\n<script type=\"application\/ld+json\" class=\"yoast-schema-graph\">{\"@context\":\"https:\/\/schema.org\",\"@graph\":[{\"@type\":\"WebPage\",\"@id\":\"https:\/\/jak.fi\/pl\/produkty\/akcesoria-do-glowic-biomasowych\/tylna-czesc-ladowarki-kolowej-i-ladowarki-teleskopowej\/\",\"url\":\"https:\/\/jak.fi\/pl\/produkty\/akcesoria-do-glowic-biomasowych\/tylna-czesc-ladowarki-kolowej-i-ladowarki-teleskopowej\/\",\"name\":\"Tylna cz\u0119\u015b\u0107 \u0142adowarki ko\u0142owej i \u0142adowarki teleskopowej &#8211; JAK-Metalli Oy\",\"isPartOf\":{\"@id\":\"https:\/\/jak.fi\/pl\/#website\"},\"primaryImageOfPage\":{\"@id\":\"https:\/\/jak.fi\/pl\/produkty\/akcesoria-do-glowic-biomasowych\/tylna-czesc-ladowarki-kolowej-i-ladowarki-teleskopowej\/#primaryimage\"},\"image\":{\"@id\":\"https:\/\/jak.fi\/pl\/produkty\/akcesoria-do-glowic-biomasowych\/tylna-czesc-ladowarki-kolowej-i-ladowarki-teleskopowej\/#primaryimage\"},\"thumbnailUrl\":\"https:\/\/jak.fi\/wp-content\/uploads\/2024\/05\/tree-shear-multimount-adapter.png\",\"datePublished\":\"2024-05-28T07:08:25+00:00\",\"dateModified\":\"2025-06-11T09:32:54+00:00\",\"description\":\"Dzia\u0142anie g\u0142owicy biomasowej i rufy zosta\u0142o zaprojektowane w taki spos\u00f3b, aby w razie potrzeby mo\u017cna by\u0142o samodzielnie zmieni\u0107 ruf\u0119 na inny typ maszyny.\",\"breadcrumb\":{\"@id\":\"https:\/\/jak.fi\/pl\/produkty\/akcesoria-do-glowic-biomasowych\/tylna-czesc-ladowarki-kolowej-i-ladowarki-teleskopowej\/#breadcrumb\"},\"inLanguage\":\"pl-PL\",\"potentialAction\":[{\"@type\":\"ReadAction\",\"target\":[\"https:\/\/jak.fi\/pl\/produkty\/akcesoria-do-glowic-biomasowych\/tylna-czesc-ladowarki-kolowej-i-ladowarki-teleskopowej\/\"]}]},{\"@type\":\"ImageObject\",\"inLanguage\":\"pl-PL\",\"@id\":\"https:\/\/jak.fi\/pl\/produkty\/akcesoria-do-glowic-biomasowych\/tylna-czesc-ladowarki-kolowej-i-ladowarki-teleskopowej\/#primaryimage\",\"url\":\"https:\/\/jak.fi\/wp-content\/uploads\/2024\/05\/tree-shear-multimount-adapter.png\",\"contentUrl\":\"https:\/\/jak.fi\/wp-content\/uploads\/2024\/05\/tree-shear-multimount-adapter.png\",\"width\":1000,\"height\":666,\"caption\":\"G\u0142owica biomasowa tylna cz\u0119\u015b\u0107 do \u0142adowarki\"},{\"@type\":\"BreadcrumbList\",\"@id\":\"https:\/\/jak.fi\/pl\/produkty\/akcesoria-do-glowic-biomasowych\/tylna-czesc-ladowarki-kolowej-i-ladowarki-teleskopowej\/#breadcrumb\",\"itemListElement\":[{\"@type\":\"ListItem\",\"position\":1,\"name\":\"Etusivu\",\"item\":\"https:\/\/jak.fi\/pl\/\"},{\"@type\":\"ListItem\",\"position\":2,\"name\":\"Produkty\",\"item\":\"https:\/\/jak.fi\/pl\/produkty\/\"},{\"@type\":\"ListItem\",\"position\":3,\"name\":\"Tylna cz\u0119\u015b\u0107 \u0142adowarki ko\u0142owej i \u0142adowarki teleskopowej\"}]},{\"@type\":\"WebSite\",\"@id\":\"https:\/\/jak.fi\/pl\/#website\",\"url\":\"https:\/\/jak.fi\/pl\/\",\"name\":\"JAK-Metalli Oy\",\"description\":\"\",\"publisher\":{\"@id\":\"https:\/\/jak.fi\/pl\/#organization\"},\"alternateName\":\"JAK Tree shears\",\"potentialAction\":[{\"@type\":\"SearchAction\",\"target\":{\"@type\":\"EntryPoint\",\"urlTemplate\":\"https:\/\/jak.fi\/pl\/?s={search_term_string}\"},\"query-input\":{\"@type\":\"PropertyValueSpecification\",\"valueRequired\":true,\"valueName\":\"search_term_string\"}}],\"inLanguage\":\"pl-PL\"},{\"@type\":\"Organization\",\"@id\":\"https:\/\/jak.fi\/pl\/#organization\",\"name\":\"JAK-Metalli Oy\",\"alternateName\":\"JAK Tree shears\",\"url\":\"https:\/\/jak.fi\/pl\/\",\"logo\":{\"@type\":\"ImageObject\",\"inLanguage\":\"pl-PL\",\"@id\":\"https:\/\/jak.fi\/pl\/#\/schema\/logo\/image\/\",\"url\":\"https:\/\/jak.fi\/wp-content\/uploads\/2024\/09\/JAK-logo-696x696-1.jpg\",\"contentUrl\":\"https:\/\/jak.fi\/wp-content\/uploads\/2024\/09\/JAK-logo-696x696-1.jpg\",\"width\":696,\"height\":696,\"caption\":\"JAK-Metalli Oy\"},\"image\":{\"@id\":\"https:\/\/jak.fi\/pl\/#\/schema\/logo\/image\/\"},\"sameAs\":[\"https:\/\/www.facebook.com\/jaktreeshears\",\"https:\/\/www.instagram.com\/jaktreeshears\/\",\"https:\/\/www.youtube.com\/channel\/UCAwvaVhBBkPie8MeAGbdY1w\"]}]}<\/script>\n<!-- \/ Yoast SEO plugin. -->","yoast_head_json":{"title":"Tylna cz\u0119\u015b\u0107 \u0142adowarki ko\u0142owej i \u0142adowarki teleskopowej &#8211; JAK-Metalli Oy","description":"Dzia\u0142anie g\u0142owicy biomasowej i rufy zosta\u0142o zaprojektowane w taki spos\u00f3b, aby w razie potrzeby mo\u017cna by\u0142o samodzielnie zmieni\u0107 ruf\u0119 na inny typ maszyny.","robots":{"index":"index","follow":"follow","max-snippet":"max-snippet:-1","max-image-preview":"max-image-preview:large","max-video-preview":"max-video-preview:-1"},"canonical":"https:\/\/jak.fi\/pl\/produkty\/akcesoria-do-glowic-biomasowych\/tylna-czesc-ladowarki-kolowej-i-ladowarki-teleskopowej\/","og_locale":"pl_PL","og_type":"article","og_title":"Tylna cz\u0119\u015b\u0107 \u0142adowarki ko\u0142owej i \u0142adowarki teleskopowej &#8211; JAK-Metalli Oy","og_description":"Dzia\u0142anie g\u0142owicy biomasowej i rufy zosta\u0142o zaprojektowane w taki spos\u00f3b, aby w razie potrzeby mo\u017cna by\u0142o samodzielnie zmieni\u0107 ruf\u0119 na inny typ maszyny.","og_url":"https:\/\/jak.fi\/pl\/produkty\/akcesoria-do-glowic-biomasowych\/tylna-czesc-ladowarki-kolowej-i-ladowarki-teleskopowej\/","og_site_name":"JAK-Metalli Oy","article_publisher":"https:\/\/www.facebook.com\/jaktreeshears","article_modified_time":"2025-06-11T09:32:54+00:00","og_image":[{"width":1000,"height":666,"url":"https:\/\/jak.fi\/wp-content\/uploads\/2024\/05\/tree-shear-multimount-adapter.png","type":"image\/png"}],"twitter_card":"summary_large_image","twitter_misc":{"Szacowany czas czytania":"1 minuta"},"schema":{"@context":"https:\/\/schema.org","@graph":[{"@type":"WebPage","@id":"https:\/\/jak.fi\/pl\/produkty\/akcesoria-do-glowic-biomasowych\/tylna-czesc-ladowarki-kolowej-i-ladowarki-teleskopowej\/","url":"https:\/\/jak.fi\/pl\/produkty\/akcesoria-do-glowic-biomasowych\/tylna-czesc-ladowarki-kolowej-i-ladowarki-teleskopowej\/","name":"Tylna cz\u0119\u015b\u0107 \u0142adowarki ko\u0142owej i \u0142adowarki teleskopowej &#8211; JAK-Metalli Oy","isPartOf":{"@id":"https:\/\/jak.fi\/pl\/#website"},"primaryImageOfPage":{"@id":"https:\/\/jak.fi\/pl\/produkty\/akcesoria-do-glowic-biomasowych\/tylna-czesc-ladowarki-kolowej-i-ladowarki-teleskopowej\/#primaryimage"},"image":{"@id":"https:\/\/jak.fi\/pl\/produkty\/akcesoria-do-glowic-biomasowych\/tylna-czesc-ladowarki-kolowej-i-ladowarki-teleskopowej\/#primaryimage"},"thumbnailUrl":"https:\/\/jak.fi\/wp-content\/uploads\/2024\/05\/tree-shear-multimount-adapter.png","datePublished":"2024-05-28T07:08:25+00:00","dateModified":"2025-06-11T09:32:54+00:00","description":"Dzia\u0142anie g\u0142owicy biomasowej i rufy zosta\u0142o zaprojektowane w taki spos\u00f3b, aby w razie potrzeby mo\u017cna by\u0142o samodzielnie zmieni\u0107 ruf\u0119 na inny typ maszyny.","breadcrumb":{"@id":"https:\/\/jak.fi\/pl\/produkty\/akcesoria-do-glowic-biomasowych\/tylna-czesc-ladowarki-kolowej-i-ladowarki-teleskopowej\/#breadcrumb"},"inLanguage":"pl-PL","potentialAction":[{"@type":"ReadAction","target":["https:\/\/jak.fi\/pl\/produkty\/akcesoria-do-glowic-biomasowych\/tylna-czesc-ladowarki-kolowej-i-ladowarki-teleskopowej\/"]}]},{"@type":"ImageObject","inLanguage":"pl-PL","@id":"https:\/\/jak.fi\/pl\/produkty\/akcesoria-do-glowic-biomasowych\/tylna-czesc-ladowarki-kolowej-i-ladowarki-teleskopowej\/#primaryimage","url":"https:\/\/jak.fi\/wp-content\/uploads\/2024\/05\/tree-shear-multimount-adapter.png","contentUrl":"https:\/\/jak.fi\/wp-content\/uploads\/2024\/05\/tree-shear-multimount-adapter.png","width":1000,"height":666,"caption":"G\u0142owica biomasowa tylna cz\u0119\u015b\u0107 do \u0142adowarki"},{"@type":"BreadcrumbList","@id":"https:\/\/jak.fi\/pl\/produkty\/akcesoria-do-glowic-biomasowych\/tylna-czesc-ladowarki-kolowej-i-ladowarki-teleskopowej\/#breadcrumb","itemListElement":[{"@type":"ListItem","position":1,"name":"Etusivu","item":"https:\/\/jak.fi\/pl\/"},{"@type":"ListItem","position":2,"name":"Produkty","item":"https:\/\/jak.fi\/pl\/produkty\/"},{"@type":"ListItem","position":3,"name":"Tylna cz\u0119\u015b\u0107 \u0142adowarki ko\u0142owej i \u0142adowarki teleskopowej"}]},{"@type":"WebSite","@id":"https:\/\/jak.fi\/pl\/#website","url":"https:\/\/jak.fi\/pl\/","name":"JAK-Metalli Oy","description":"","publisher":{"@id":"https:\/\/jak.fi\/pl\/#organization"},"alternateName":"JAK Tree shears","potentialAction":[{"@type":"SearchAction","target":{"@type":"EntryPoint","urlTemplate":"https:\/\/jak.fi\/pl\/?s={search_term_string}"},"query-input":{"@type":"PropertyValueSpecification","valueRequired":true,"valueName":"search_term_string"}}],"inLanguage":"pl-PL"},{"@type":"Organization","@id":"https:\/\/jak.fi\/pl\/#organization","name":"JAK-Metalli Oy","alternateName":"JAK Tree shears","url":"https:\/\/jak.fi\/pl\/","logo":{"@type":"ImageObject","inLanguage":"pl-PL","@id":"https:\/\/jak.fi\/pl\/#\/schema\/logo\/image\/","url":"https:\/\/jak.fi\/wp-content\/uploads\/2024\/09\/JAK-logo-696x696-1.jpg","contentUrl":"https:\/\/jak.fi\/wp-content\/uploads\/2024\/09\/JAK-logo-696x696-1.jpg","width":696,"height":696,"caption":"JAK-Metalli Oy"},"image":{"@id":"https:\/\/jak.fi\/pl\/#\/schema\/logo\/image\/"},"sameAs":["https:\/\/www.facebook.com\/jaktreeshears","https:\/\/www.instagram.com\/jaktreeshears\/","https:\/\/www.youtube.com\/channel\/UCAwvaVhBBkPie8MeAGbdY1w"]}]}},"_links":{"self":[{"href":"https:\/\/jak.fi\/pl\/wp-json\/wp\/v2\/product\/9570","targetHints":{"allow":["GET"]}}],"collection":[{"href":"https:\/\/jak.fi\/pl\/wp-json\/wp\/v2\/product"}],"about":[{"href":"https:\/\/jak.fi\/pl\/wp-json\/wp\/v2\/types\/product"}],"wp:featuredmedia":[{"embeddable":true,"href":"https:\/\/jak.fi\/pl\/wp-json\/wp\/v2\/media\/9583"}],"wp:attachment":[{"href":"https:\/\/jak.fi\/pl\/wp-json\/wp\/v2\/media?parent=9570"}],"wp:term":[{"taxonomy":"product_brand","embeddable":true,"href":"https:\/\/jak.fi\/pl\/wp-json\/wp\/v2\/product_brand?post=9570"},{"taxonomy":"product_cat","embeddable":true,"href":"https:\/\/jak.fi\/pl\/wp-json\/wp\/v2\/product_cat?post=9570"},{"taxonomy":"product_tag","embeddable":true,"href":"https:\/\/jak.fi\/pl\/wp-json\/wp\/v2\/product_tag?post=9570"}],"curies":[{"name":"wp","href":"https:\/\/api.w.org\/{rel}","templated":true}]}}