{"id":9683,"date":"2024-05-28T10:27:55","date_gmt":"2024-05-28T07:27:55","guid":{"rendered":"https:\/\/jak.fi\/products\/Ei-luokiteltu\/jak-200r-glowica-biomasowa-gen4-do-koparki\/"},"modified":"2025-08-12T11:44:32","modified_gmt":"2025-08-12T08:44:32","slug":"jak-200r-glowica-biomasowa-gen4-do-koparki","status":"publish","type":"product","link":"https:\/\/jak.fi\/pl\/produkty\/glowice-biomasowe-do-koparek\/jak-200r-glowica-biomasowa-gen4-do-koparki\/","title":{"rendered":"JAK-200R G\u0142owica biomasowa do koparki 1,8-5t"},"content":{"rendered":"<h2><strong>G\u0142owica biomasowa JAK-200R mo\u017ce by\u0107 wyposa\u017cona w system obrotu 360\u00b0!<\/strong><\/h2>\n<p>JAK-200R GEN4 to kompaktowa i wydajna g\u0142owica biomasowa, zaprojektowana specjalnie dla mniejszych koparek. Wyposa\u017cony w system obrotu o 360\u00b0, chwytak JAK-200R Energy Grapple mo\u017ce by\u0107 swobodnie obracany w obu kierunkach r\u00f3wnolegle do osi nadwozia. Je\u015bli masz kopark\u0119 o masie 1,8-5 t (4000-11000 funt\u00f3w) i potrzebujesz rotatora do chwytaka biomasowego, jest to w\u0142a\u015bciwy wyb\u00f3r dla Ciebie!<\/p>\n<p>Konstrukcja z podw\u00f3jnymi szcz\u0119kami zapewnia pewny i bezpieczny chwyt pnia drzewa. Za pomoc\u0105 tej g\u0142owicy biomasowej mo\u017cna z \u0142atwo\u015bci\u0105 usuwa\u0107 drzewa o grubo\u015bci pnia do 200 mm. Dzi\u0119ki od\u0142\u0105czanemu ostrzu mo\u017cna go r\u00f3wnie\u017c u\u017cywa\u0107 jako zwyk\u0142ego chwytaka do drewna.<\/p>\n<p>Dzi\u0119ki wymianie tylnej cz\u0119\u015bci, g\u0142owica biomasowa JAK-200R GEN4 mo\u017ce by\u0107 r\u00f3wnie\u017c stosowana w \u0142adowarkach ko\u0142owych i podno\u015bnikach.<\/p>\n<p>U\u017cywamy stali trudno\u015bcieralnej Hardox\u00ae zapewniaj\u0105cej trwa\u0142o\u015b\u0107 i niezawodno\u015b\u0107 w ka\u017cdej sytuacji i warunkach. Domowa konstrukcja i wysokiej jako\u015bci materia\u0142y to podstawa chwytaka biomasowego JAK-200R.<\/p>\n<div class=\"wp-block-button\"><a class=\"wp-block-button__link has-text-align-center wp-element-button\" href=\"https:\/\/jak.fi\/pl\/glowice-biomasowe-gen4-jak-nowe-aktualizacje-i-lepsza-wydajnosc\/\" target=\"_blank\" rel=\"noopener\">Przeczytaj wi\u0119cej o aktualizacjach GEN4<\/a><\/div>\n<div><\/div>\n<p>&nbsp;<\/p>\n<p><strong>Szybkoz\u0142\u0105cze<\/strong><\/p>\n<p>Najpopularniejszy osprz\u0119t do koparek<\/p>\n<p>Na \u017cyczenie zgodnie z typem maszyny zam\u00f3wionej przez klienta<\/p>\n","protected":false},"excerpt":{"rendered":"<ul>\n<li>Dost\u0119pny z systemem obrotowym 360<\/li>\n<li>Dost\u0119pny z jedn\u0105 opcjonaln\u0105 lini\u0105 hydrauliczn\u0105<\/li>\n<li>Wykonane z odpornej na zu\u017cycie stali Hardox<\/li>\n<li>Zatwierdzony przez CE<\/li>\n<li>Wyprodukowano w Finlandii<\/li>\n<li>Od\u0142\u0105czane ostrze<\/li>\n<\/ul>\n","protected":false},"featured_media":9684,"template":"","meta":{"_acf_changed":false},"product_brand":[],"product_cat":[635],"product_tag":[],"class_list":{"0":"post-9683","1":"product","2":"type-product","3":"status-publish","4":"has-post-thumbnail","6":"product_cat-glowice-biomasowe-do-koparek","8":"first","9":"instock","10":"shipping-taxable","11":"product-type-simple"},"acf":[],"yoast_head":"<!-- This site is optimized with the Yoast SEO plugin v27.2 - https:\/\/yoast.com\/product\/yoast-seo-wordpress\/ -->\n<title>JAK-200R G\u0142owica biomasowa do koparki 1,8-5t &#8211; JAK-Metalli Oy<\/title>\n<meta name=\"description\" content=\"JAK-200R GEN4 to kompaktowa i mocna g\u0142owica biomasowa zaprojektowana specjalnie dla mniejszych koparek. Wyposa\u017cony w system obrotu o 360\u00b0.\" \/>\n<meta name=\"robots\" content=\"index, follow, max-snippet:-1, max-image-preview:large, max-video-preview:-1\" \/>\n<link rel=\"canonical\" href=\"https:\/\/jak.fi\/pl\/produkty\/glowice-biomasowe-do-koparek\/jak-200r-glowica-biomasowa-gen4-do-koparki\/\" \/>\n<meta property=\"og:locale\" content=\"pl_PL\" \/>\n<meta property=\"og:type\" content=\"article\" \/>\n<meta property=\"og:title\" content=\"JAK-200R G\u0142owica biomasowa do koparki 1,8-5t &#8211; JAK-Metalli Oy\" \/>\n<meta property=\"og:description\" content=\"JAK-200R GEN4 to kompaktowa i mocna g\u0142owica biomasowa zaprojektowana specjalnie dla mniejszych koparek. Wyposa\u017cony w system obrotu o 360\u00b0.\" \/>\n<meta property=\"og:url\" content=\"https:\/\/jak.fi\/pl\/produkty\/glowice-biomasowe-do-koparek\/jak-200r-glowica-biomasowa-gen4-do-koparki\/\" \/>\n<meta property=\"og:site_name\" content=\"JAK-Metalli Oy\" \/>\n<meta property=\"article:publisher\" content=\"https:\/\/www.facebook.com\/jaktreeshears\" \/>\n<meta property=\"article:modified_time\" content=\"2025-08-12T08:44:32+00:00\" \/>\n<meta property=\"og:image\" content=\"https:\/\/jak.fi\/wp-content\/uploads\/2025\/03\/JAK-200R-360-rotator-web.png\" \/>\n\t<meta property=\"og:image:width\" content=\"1000\" \/>\n\t<meta property=\"og:image:height\" content=\"667\" \/>\n\t<meta property=\"og:image:type\" content=\"image\/png\" \/>\n<meta name=\"twitter:card\" content=\"summary_large_image\" \/>\n<meta name=\"twitter:label1\" content=\"Szacowany czas czytania\" \/>\n\t<meta name=\"twitter:data1\" content=\"2 minuta\" \/>\n<script type=\"application\/ld+json\" class=\"yoast-schema-graph\">{\"@context\":\"https:\/\/schema.org\",\"@graph\":[{\"@type\":\"WebPage\",\"@id\":\"https:\/\/jak.fi\/pl\/produkty\/glowice-biomasowe-do-koparek\/jak-200r-glowica-biomasowa-gen4-do-koparki\/\",\"url\":\"https:\/\/jak.fi\/pl\/produkty\/glowice-biomasowe-do-koparek\/jak-200r-glowica-biomasowa-gen4-do-koparki\/\",\"name\":\"JAK-200R G\u0142owica biomasowa do koparki 1,8-5t &#8211; JAK-Metalli Oy\",\"isPartOf\":{\"@id\":\"https:\/\/jak.fi\/pl\/#website\"},\"primaryImageOfPage\":{\"@id\":\"https:\/\/jak.fi\/pl\/produkty\/glowice-biomasowe-do-koparek\/jak-200r-glowica-biomasowa-gen4-do-koparki\/#primaryimage\"},\"image\":{\"@id\":\"https:\/\/jak.fi\/pl\/produkty\/glowice-biomasowe-do-koparek\/jak-200r-glowica-biomasowa-gen4-do-koparki\/#primaryimage\"},\"thumbnailUrl\":\"https:\/\/jak.fi\/wp-content\/uploads\/2025\/03\/JAK-200R-360-rotator-web.png\",\"datePublished\":\"2024-05-28T07:27:55+00:00\",\"dateModified\":\"2025-08-12T08:44:32+00:00\",\"description\":\"JAK-200R GEN4 to kompaktowa i mocna g\u0142owica biomasowa zaprojektowana specjalnie dla mniejszych koparek. Wyposa\u017cony w system obrotu o 360\u00b0.\",\"breadcrumb\":{\"@id\":\"https:\/\/jak.fi\/pl\/produkty\/glowice-biomasowe-do-koparek\/jak-200r-glowica-biomasowa-gen4-do-koparki\/#breadcrumb\"},\"inLanguage\":\"pl-PL\",\"potentialAction\":[{\"@type\":\"ReadAction\",\"target\":[\"https:\/\/jak.fi\/pl\/produkty\/glowice-biomasowe-do-koparek\/jak-200r-glowica-biomasowa-gen4-do-koparki\/\"]}]},{\"@type\":\"ImageObject\",\"inLanguage\":\"pl-PL\",\"@id\":\"https:\/\/jak.fi\/pl\/produkty\/glowice-biomasowe-do-koparek\/jak-200r-glowica-biomasowa-gen4-do-koparki\/#primaryimage\",\"url\":\"https:\/\/jak.fi\/wp-content\/uploads\/2025\/03\/JAK-200R-360-rotator-web.png\",\"contentUrl\":\"https:\/\/jak.fi\/wp-content\/uploads\/2025\/03\/JAK-200R-360-rotator-web.png\",\"width\":1000,\"height\":667,\"caption\":\"Chwytak energetyczny JAK-200R - mocna g\u0142owica biomasowa do koparek. Idealny do ci\u0119cia i zbierania drobnego drewna. Trwa\u0142y i wydajny wyb\u00f3r do prac le\u015bnych.\"},{\"@type\":\"BreadcrumbList\",\"@id\":\"https:\/\/jak.fi\/pl\/produkty\/glowice-biomasowe-do-koparek\/jak-200r-glowica-biomasowa-gen4-do-koparki\/#breadcrumb\",\"itemListElement\":[{\"@type\":\"ListItem\",\"position\":1,\"name\":\"Etusivu\",\"item\":\"https:\/\/jak.fi\/pl\/\"},{\"@type\":\"ListItem\",\"position\":2,\"name\":\"Produkty\",\"item\":\"https:\/\/jak.fi\/pl\/produkty\/\"},{\"@type\":\"ListItem\",\"position\":3,\"name\":\"JAK-200R G\u0142owica biomasowa do koparki 1,8-5t\"}]},{\"@type\":\"WebSite\",\"@id\":\"https:\/\/jak.fi\/pl\/#website\",\"url\":\"https:\/\/jak.fi\/pl\/\",\"name\":\"JAK-Metalli Oy\",\"description\":\"\",\"publisher\":{\"@id\":\"https:\/\/jak.fi\/pl\/#organization\"},\"alternateName\":\"JAK Tree shears\",\"potentialAction\":[{\"@type\":\"SearchAction\",\"target\":{\"@type\":\"EntryPoint\",\"urlTemplate\":\"https:\/\/jak.fi\/pl\/?s={search_term_string}\"},\"query-input\":{\"@type\":\"PropertyValueSpecification\",\"valueRequired\":true,\"valueName\":\"search_term_string\"}}],\"inLanguage\":\"pl-PL\"},{\"@type\":\"Organization\",\"@id\":\"https:\/\/jak.fi\/pl\/#organization\",\"name\":\"JAK-Metalli Oy\",\"alternateName\":\"JAK Tree shears\",\"url\":\"https:\/\/jak.fi\/pl\/\",\"logo\":{\"@type\":\"ImageObject\",\"inLanguage\":\"pl-PL\",\"@id\":\"https:\/\/jak.fi\/pl\/#\/schema\/logo\/image\/\",\"url\":\"https:\/\/jak.fi\/wp-content\/uploads\/2024\/09\/JAK-logo-696x696-1.jpg\",\"contentUrl\":\"https:\/\/jak.fi\/wp-content\/uploads\/2024\/09\/JAK-logo-696x696-1.jpg\",\"width\":696,\"height\":696,\"caption\":\"JAK-Metalli Oy\"},\"image\":{\"@id\":\"https:\/\/jak.fi\/pl\/#\/schema\/logo\/image\/\"},\"sameAs\":[\"https:\/\/www.facebook.com\/jaktreeshears\",\"https:\/\/www.instagram.com\/jaktreeshears\/\",\"https:\/\/www.youtube.com\/channel\/UCAwvaVhBBkPie8MeAGbdY1w\"]}]}<\/script>\n<!-- \/ Yoast SEO plugin. -->","yoast_head_json":{"title":"JAK-200R G\u0142owica biomasowa do koparki 1,8-5t &#8211; JAK-Metalli Oy","description":"JAK-200R GEN4 to kompaktowa i mocna g\u0142owica biomasowa zaprojektowana specjalnie dla mniejszych koparek. Wyposa\u017cony w system obrotu o 360\u00b0.","robots":{"index":"index","follow":"follow","max-snippet":"max-snippet:-1","max-image-preview":"max-image-preview:large","max-video-preview":"max-video-preview:-1"},"canonical":"https:\/\/jak.fi\/pl\/produkty\/glowice-biomasowe-do-koparek\/jak-200r-glowica-biomasowa-gen4-do-koparki\/","og_locale":"pl_PL","og_type":"article","og_title":"JAK-200R G\u0142owica biomasowa do koparki 1,8-5t &#8211; JAK-Metalli Oy","og_description":"JAK-200R GEN4 to kompaktowa i mocna g\u0142owica biomasowa zaprojektowana specjalnie dla mniejszych koparek. Wyposa\u017cony w system obrotu o 360\u00b0.","og_url":"https:\/\/jak.fi\/pl\/produkty\/glowice-biomasowe-do-koparek\/jak-200r-glowica-biomasowa-gen4-do-koparki\/","og_site_name":"JAK-Metalli Oy","article_publisher":"https:\/\/www.facebook.com\/jaktreeshears","article_modified_time":"2025-08-12T08:44:32+00:00","og_image":[{"width":1000,"height":667,"url":"https:\/\/jak.fi\/wp-content\/uploads\/2025\/03\/JAK-200R-360-rotator-web.png","type":"image\/png"}],"twitter_card":"summary_large_image","twitter_misc":{"Szacowany czas czytania":"2 minuta"},"schema":{"@context":"https:\/\/schema.org","@graph":[{"@type":"WebPage","@id":"https:\/\/jak.fi\/pl\/produkty\/glowice-biomasowe-do-koparek\/jak-200r-glowica-biomasowa-gen4-do-koparki\/","url":"https:\/\/jak.fi\/pl\/produkty\/glowice-biomasowe-do-koparek\/jak-200r-glowica-biomasowa-gen4-do-koparki\/","name":"JAK-200R G\u0142owica biomasowa do koparki 1,8-5t &#8211; JAK-Metalli Oy","isPartOf":{"@id":"https:\/\/jak.fi\/pl\/#website"},"primaryImageOfPage":{"@id":"https:\/\/jak.fi\/pl\/produkty\/glowice-biomasowe-do-koparek\/jak-200r-glowica-biomasowa-gen4-do-koparki\/#primaryimage"},"image":{"@id":"https:\/\/jak.fi\/pl\/produkty\/glowice-biomasowe-do-koparek\/jak-200r-glowica-biomasowa-gen4-do-koparki\/#primaryimage"},"thumbnailUrl":"https:\/\/jak.fi\/wp-content\/uploads\/2025\/03\/JAK-200R-360-rotator-web.png","datePublished":"2024-05-28T07:27:55+00:00","dateModified":"2025-08-12T08:44:32+00:00","description":"JAK-200R GEN4 to kompaktowa i mocna g\u0142owica biomasowa zaprojektowana specjalnie dla mniejszych koparek. Wyposa\u017cony w system obrotu o 360\u00b0.","breadcrumb":{"@id":"https:\/\/jak.fi\/pl\/produkty\/glowice-biomasowe-do-koparek\/jak-200r-glowica-biomasowa-gen4-do-koparki\/#breadcrumb"},"inLanguage":"pl-PL","potentialAction":[{"@type":"ReadAction","target":["https:\/\/jak.fi\/pl\/produkty\/glowice-biomasowe-do-koparek\/jak-200r-glowica-biomasowa-gen4-do-koparki\/"]}]},{"@type":"ImageObject","inLanguage":"pl-PL","@id":"https:\/\/jak.fi\/pl\/produkty\/glowice-biomasowe-do-koparek\/jak-200r-glowica-biomasowa-gen4-do-koparki\/#primaryimage","url":"https:\/\/jak.fi\/wp-content\/uploads\/2025\/03\/JAK-200R-360-rotator-web.png","contentUrl":"https:\/\/jak.fi\/wp-content\/uploads\/2025\/03\/JAK-200R-360-rotator-web.png","width":1000,"height":667,"caption":"Chwytak energetyczny JAK-200R - mocna g\u0142owica biomasowa do koparek. Idealny do ci\u0119cia i zbierania drobnego drewna. Trwa\u0142y i wydajny wyb\u00f3r do prac le\u015bnych."},{"@type":"BreadcrumbList","@id":"https:\/\/jak.fi\/pl\/produkty\/glowice-biomasowe-do-koparek\/jak-200r-glowica-biomasowa-gen4-do-koparki\/#breadcrumb","itemListElement":[{"@type":"ListItem","position":1,"name":"Etusivu","item":"https:\/\/jak.fi\/pl\/"},{"@type":"ListItem","position":2,"name":"Produkty","item":"https:\/\/jak.fi\/pl\/produkty\/"},{"@type":"ListItem","position":3,"name":"JAK-200R G\u0142owica biomasowa do koparki 1,8-5t"}]},{"@type":"WebSite","@id":"https:\/\/jak.fi\/pl\/#website","url":"https:\/\/jak.fi\/pl\/","name":"JAK-Metalli Oy","description":"","publisher":{"@id":"https:\/\/jak.fi\/pl\/#organization"},"alternateName":"JAK Tree shears","potentialAction":[{"@type":"SearchAction","target":{"@type":"EntryPoint","urlTemplate":"https:\/\/jak.fi\/pl\/?s={search_term_string}"},"query-input":{"@type":"PropertyValueSpecification","valueRequired":true,"valueName":"search_term_string"}}],"inLanguage":"pl-PL"},{"@type":"Organization","@id":"https:\/\/jak.fi\/pl\/#organization","name":"JAK-Metalli Oy","alternateName":"JAK Tree shears","url":"https:\/\/jak.fi\/pl\/","logo":{"@type":"ImageObject","inLanguage":"pl-PL","@id":"https:\/\/jak.fi\/pl\/#\/schema\/logo\/image\/","url":"https:\/\/jak.fi\/wp-content\/uploads\/2024\/09\/JAK-logo-696x696-1.jpg","contentUrl":"https:\/\/jak.fi\/wp-content\/uploads\/2024\/09\/JAK-logo-696x696-1.jpg","width":696,"height":696,"caption":"JAK-Metalli Oy"},"image":{"@id":"https:\/\/jak.fi\/pl\/#\/schema\/logo\/image\/"},"sameAs":["https:\/\/www.facebook.com\/jaktreeshears","https:\/\/www.instagram.com\/jaktreeshears\/","https:\/\/www.youtube.com\/channel\/UCAwvaVhBBkPie8MeAGbdY1w"]}]}},"_links":{"self":[{"href":"https:\/\/jak.fi\/pl\/wp-json\/wp\/v2\/product\/9683","targetHints":{"allow":["GET"]}}],"collection":[{"href":"https:\/\/jak.fi\/pl\/wp-json\/wp\/v2\/product"}],"about":[{"href":"https:\/\/jak.fi\/pl\/wp-json\/wp\/v2\/types\/product"}],"wp:featuredmedia":[{"embeddable":true,"href":"https:\/\/jak.fi\/pl\/wp-json\/wp\/v2\/media\/9684"}],"wp:attachment":[{"href":"https:\/\/jak.fi\/pl\/wp-json\/wp\/v2\/media?parent=9683"}],"wp:term":[{"taxonomy":"product_brand","embeddable":true,"href":"https:\/\/jak.fi\/pl\/wp-json\/wp\/v2\/product_brand?post=9683"},{"taxonomy":"product_cat","embeddable":true,"href":"https:\/\/jak.fi\/pl\/wp-json\/wp\/v2\/product_cat?post=9683"},{"taxonomy":"product_tag","embeddable":true,"href":"https:\/\/jak.fi\/pl\/wp-json\/wp\/v2\/product_tag?post=9683"}],"curies":[{"name":"wp","href":"https:\/\/api.w.org\/{rel}","templated":true}]}}