{"id":9702,"date":"2024-05-28T10:15:30","date_gmt":"2024-05-28T07:15:30","guid":{"rendered":"https:\/\/jak.fi\/products\/Ei-luokiteltu\/opcje-cylindra\/"},"modified":"2025-06-11T12:32:53","modified_gmt":"2025-06-11T09:32:53","slug":"opcje-cylindra","status":"publish","type":"product","link":"https:\/\/jak.fi\/pl\/produkty\/akcesoria-do-glowic-biomasowych\/opcje-cylindra\/","title":{"rendered":"Opcje cylindra"},"content":{"rendered":"<p>W zale\u017cno\u015bci od potrzeb klienta i charakterystyki maszyny podwoziowej, dla g\u0142owicy biomasowej JAK Energy Crane dost\u0119pny jest standardowy cylinder lub cylinder LP. Opcje cylindra mog\u0105 by\u0107 wykorzystane do wp\u0142ywania na moc ci\u0119cia, pr\u0119dko\u015b\u0107 i wymagania maszyny podwoziowej dla g\u0142owicy biomasowej. <\/p>\n<p>Si\u0142ownik LP jest przeznaczony do sytuacji, w kt\u00f3rych ci\u015bnienie w podwoziu maszyny wynosi 240 bar\u00f3w lub mniej. W takich przypadkach si\u0142ownik LP zapewnia dodatkow\u0105 moc ci\u0119cia chwytaka przy ni\u017cszym ci\u015bnieniu maszyny. Gdy ci\u015bnienie w podwoziu wynosi od 240 do 300 bar\u00f3w, w\u0142a\u015bciwym wyborem jest standardowa butla. Wtedy chwytak ma wystarczaj\u0105c\u0105 moc i jest szybki.   <\/p>\n<p>Chwytaki z cylindrem LP s\u0105 wyposa\u017cone w zaw\u00f3r bezpiecze\u0144stwa zapobiegaj\u0105cy uszkodzeniom spowodowanym nadmiernymi skokami ci\u015bnienia. Cylinder LP nie sprawia, \u017ce chwytaki stosowane w maszynach o podwoziu 240-300 bar\u00f3w s\u0105 mocniejsze, ale znacznie spowalnia si\u0119 proces pozyskiwania energii. <\/p>\n","protected":false},"excerpt":{"rendered":"<p>W zale\u017cno\u015bci od potrzeb klienta i charakterystyki maszyny podwoziowej, dla g\u0142owicy biomasowej JAK Energy Crane dost\u0119pny jest standardowy cylinder lub cylinder LP. Opcje cylindra mog\u0105 by\u0107 wykorzystane do wp\u0142ywania na moc ci\u0119cia, pr\u0119dko\u015b\u0107 i wymagania maszyny podwoziowej dla g\u0142owicy biomasowej. Si\u0142ownik LP jest przeznaczony do sytuacji, w kt\u00f3rych ci\u015bnienie w podwoziu maszyny wynosi 240 bar\u00f3w [&hellip;]<\/p>\n","protected":false},"featured_media":9703,"template":"","meta":{"_acf_changed":false},"product_brand":[],"product_cat":[627],"product_tag":[],"class_list":{"0":"post-9702","1":"product","2":"type-product","3":"status-publish","4":"has-post-thumbnail","6":"product_cat-akcesoria-do-glowic-biomasowych","8":"first","9":"instock","10":"shipping-taxable","11":"product-type-simple"},"acf":[],"yoast_head":"<!-- This site is optimized with the Yoast SEO plugin v27.2 - https:\/\/yoast.com\/product\/yoast-seo-wordpress\/ -->\n<title>Opcje cylindra &#8211; JAK-Metalli Oy<\/title>\n<meta name=\"description\" content=\"JAK oferuje szereg opcji cylindr\u00f3w do g\u0142owic biomasowych, kt\u00f3re poprawiaj\u0105 wydajno\u015b\u0107 i dywersyfikuj\u0105 zakres zastosowa\u0144.\" \/>\n<meta name=\"robots\" content=\"index, follow, max-snippet:-1, max-image-preview:large, max-video-preview:-1\" \/>\n<link rel=\"canonical\" href=\"https:\/\/jak.fi\/pl\/produkty\/akcesoria-do-glowic-biomasowych\/opcje-cylindra\/\" \/>\n<meta property=\"og:locale\" content=\"pl_PL\" \/>\n<meta property=\"og:type\" content=\"article\" \/>\n<meta property=\"og:title\" content=\"Opcje cylindra &#8211; JAK-Metalli Oy\" \/>\n<meta property=\"og:description\" content=\"JAK oferuje szereg opcji cylindr\u00f3w do g\u0142owic biomasowych, kt\u00f3re poprawiaj\u0105 wydajno\u015b\u0107 i dywersyfikuj\u0105 zakres zastosowa\u0144.\" \/>\n<meta property=\"og:url\" content=\"https:\/\/jak.fi\/pl\/produkty\/akcesoria-do-glowic-biomasowych\/opcje-cylindra\/\" \/>\n<meta property=\"og:site_name\" content=\"JAK-Metalli Oy\" \/>\n<meta property=\"article:publisher\" content=\"https:\/\/www.facebook.com\/jaktreeshears\" \/>\n<meta property=\"article:modified_time\" content=\"2025-06-11T09:32:53+00:00\" \/>\n<meta property=\"og:image\" content=\"https:\/\/jak.fi\/wp-content\/uploads\/2024\/06\/JAK-cylinder-web.png\" \/>\n\t<meta property=\"og:image:width\" content=\"1000\" \/>\n\t<meta property=\"og:image:height\" content=\"667\" \/>\n\t<meta property=\"og:image:type\" content=\"image\/png\" \/>\n<meta name=\"twitter:card\" content=\"summary_large_image\" \/>\n<meta name=\"twitter:label1\" content=\"Szacowany czas czytania\" \/>\n\t<meta name=\"twitter:data1\" content=\"1 minuta\" \/>\n<script type=\"application\/ld+json\" class=\"yoast-schema-graph\">{\"@context\":\"https:\/\/schema.org\",\"@graph\":[{\"@type\":\"WebPage\",\"@id\":\"https:\/\/jak.fi\/pl\/produkty\/akcesoria-do-glowic-biomasowych\/opcje-cylindra\/\",\"url\":\"https:\/\/jak.fi\/pl\/produkty\/akcesoria-do-glowic-biomasowych\/opcje-cylindra\/\",\"name\":\"Opcje cylindra &#8211; JAK-Metalli Oy\",\"isPartOf\":{\"@id\":\"https:\/\/jak.fi\/pl\/#website\"},\"primaryImageOfPage\":{\"@id\":\"https:\/\/jak.fi\/pl\/produkty\/akcesoria-do-glowic-biomasowych\/opcje-cylindra\/#primaryimage\"},\"image\":{\"@id\":\"https:\/\/jak.fi\/pl\/produkty\/akcesoria-do-glowic-biomasowych\/opcje-cylindra\/#primaryimage\"},\"thumbnailUrl\":\"https:\/\/jak.fi\/wp-content\/uploads\/2024\/06\/JAK-cylinder-web.png\",\"datePublished\":\"2024-05-28T07:15:30+00:00\",\"dateModified\":\"2025-06-11T09:32:53+00:00\",\"description\":\"JAK oferuje szereg opcji cylindr\u00f3w do g\u0142owic biomasowych, kt\u00f3re poprawiaj\u0105 wydajno\u015b\u0107 i dywersyfikuj\u0105 zakres zastosowa\u0144.\",\"breadcrumb\":{\"@id\":\"https:\/\/jak.fi\/pl\/produkty\/akcesoria-do-glowic-biomasowych\/opcje-cylindra\/#breadcrumb\"},\"inLanguage\":\"pl-PL\",\"potentialAction\":[{\"@type\":\"ReadAction\",\"target\":[\"https:\/\/jak.fi\/pl\/produkty\/akcesoria-do-glowic-biomasowych\/opcje-cylindra\/\"]}]},{\"@type\":\"ImageObject\",\"inLanguage\":\"pl-PL\",\"@id\":\"https:\/\/jak.fi\/pl\/produkty\/akcesoria-do-glowic-biomasowych\/opcje-cylindra\/#primaryimage\",\"url\":\"https:\/\/jak.fi\/wp-content\/uploads\/2024\/06\/JAK-cylinder-web.png\",\"contentUrl\":\"https:\/\/jak.fi\/wp-content\/uploads\/2024\/06\/JAK-cylinder-web.png\",\"width\":1000,\"height\":667,\"caption\":\"Obraz produktu butli LP z przezroczystym t\u0142em\"},{\"@type\":\"BreadcrumbList\",\"@id\":\"https:\/\/jak.fi\/pl\/produkty\/akcesoria-do-glowic-biomasowych\/opcje-cylindra\/#breadcrumb\",\"itemListElement\":[{\"@type\":\"ListItem\",\"position\":1,\"name\":\"Etusivu\",\"item\":\"https:\/\/jak.fi\/pl\/\"},{\"@type\":\"ListItem\",\"position\":2,\"name\":\"Produkty\",\"item\":\"https:\/\/jak.fi\/pl\/produkty\/\"},{\"@type\":\"ListItem\",\"position\":3,\"name\":\"Opcje cylindra\"}]},{\"@type\":\"WebSite\",\"@id\":\"https:\/\/jak.fi\/pl\/#website\",\"url\":\"https:\/\/jak.fi\/pl\/\",\"name\":\"JAK-Metalli Oy\",\"description\":\"\",\"publisher\":{\"@id\":\"https:\/\/jak.fi\/pl\/#organization\"},\"alternateName\":\"JAK Tree shears\",\"potentialAction\":[{\"@type\":\"SearchAction\",\"target\":{\"@type\":\"EntryPoint\",\"urlTemplate\":\"https:\/\/jak.fi\/pl\/?s={search_term_string}\"},\"query-input\":{\"@type\":\"PropertyValueSpecification\",\"valueRequired\":true,\"valueName\":\"search_term_string\"}}],\"inLanguage\":\"pl-PL\"},{\"@type\":\"Organization\",\"@id\":\"https:\/\/jak.fi\/pl\/#organization\",\"name\":\"JAK-Metalli Oy\",\"alternateName\":\"JAK Tree shears\",\"url\":\"https:\/\/jak.fi\/pl\/\",\"logo\":{\"@type\":\"ImageObject\",\"inLanguage\":\"pl-PL\",\"@id\":\"https:\/\/jak.fi\/pl\/#\/schema\/logo\/image\/\",\"url\":\"https:\/\/jak.fi\/wp-content\/uploads\/2024\/09\/JAK-logo-696x696-1.jpg\",\"contentUrl\":\"https:\/\/jak.fi\/wp-content\/uploads\/2024\/09\/JAK-logo-696x696-1.jpg\",\"width\":696,\"height\":696,\"caption\":\"JAK-Metalli Oy\"},\"image\":{\"@id\":\"https:\/\/jak.fi\/pl\/#\/schema\/logo\/image\/\"},\"sameAs\":[\"https:\/\/www.facebook.com\/jaktreeshears\",\"https:\/\/www.instagram.com\/jaktreeshears\/\",\"https:\/\/www.youtube.com\/channel\/UCAwvaVhBBkPie8MeAGbdY1w\"]}]}<\/script>\n<!-- \/ Yoast SEO plugin. -->","yoast_head_json":{"title":"Opcje cylindra &#8211; JAK-Metalli Oy","description":"JAK oferuje szereg opcji cylindr\u00f3w do g\u0142owic biomasowych, kt\u00f3re poprawiaj\u0105 wydajno\u015b\u0107 i dywersyfikuj\u0105 zakres zastosowa\u0144.","robots":{"index":"index","follow":"follow","max-snippet":"max-snippet:-1","max-image-preview":"max-image-preview:large","max-video-preview":"max-video-preview:-1"},"canonical":"https:\/\/jak.fi\/pl\/produkty\/akcesoria-do-glowic-biomasowych\/opcje-cylindra\/","og_locale":"pl_PL","og_type":"article","og_title":"Opcje cylindra &#8211; JAK-Metalli Oy","og_description":"JAK oferuje szereg opcji cylindr\u00f3w do g\u0142owic biomasowych, kt\u00f3re poprawiaj\u0105 wydajno\u015b\u0107 i dywersyfikuj\u0105 zakres zastosowa\u0144.","og_url":"https:\/\/jak.fi\/pl\/produkty\/akcesoria-do-glowic-biomasowych\/opcje-cylindra\/","og_site_name":"JAK-Metalli Oy","article_publisher":"https:\/\/www.facebook.com\/jaktreeshears","article_modified_time":"2025-06-11T09:32:53+00:00","og_image":[{"width":1000,"height":667,"url":"https:\/\/jak.fi\/wp-content\/uploads\/2024\/06\/JAK-cylinder-web.png","type":"image\/png"}],"twitter_card":"summary_large_image","twitter_misc":{"Szacowany czas czytania":"1 minuta"},"schema":{"@context":"https:\/\/schema.org","@graph":[{"@type":"WebPage","@id":"https:\/\/jak.fi\/pl\/produkty\/akcesoria-do-glowic-biomasowych\/opcje-cylindra\/","url":"https:\/\/jak.fi\/pl\/produkty\/akcesoria-do-glowic-biomasowych\/opcje-cylindra\/","name":"Opcje cylindra &#8211; JAK-Metalli Oy","isPartOf":{"@id":"https:\/\/jak.fi\/pl\/#website"},"primaryImageOfPage":{"@id":"https:\/\/jak.fi\/pl\/produkty\/akcesoria-do-glowic-biomasowych\/opcje-cylindra\/#primaryimage"},"image":{"@id":"https:\/\/jak.fi\/pl\/produkty\/akcesoria-do-glowic-biomasowych\/opcje-cylindra\/#primaryimage"},"thumbnailUrl":"https:\/\/jak.fi\/wp-content\/uploads\/2024\/06\/JAK-cylinder-web.png","datePublished":"2024-05-28T07:15:30+00:00","dateModified":"2025-06-11T09:32:53+00:00","description":"JAK oferuje szereg opcji cylindr\u00f3w do g\u0142owic biomasowych, kt\u00f3re poprawiaj\u0105 wydajno\u015b\u0107 i dywersyfikuj\u0105 zakres zastosowa\u0144.","breadcrumb":{"@id":"https:\/\/jak.fi\/pl\/produkty\/akcesoria-do-glowic-biomasowych\/opcje-cylindra\/#breadcrumb"},"inLanguage":"pl-PL","potentialAction":[{"@type":"ReadAction","target":["https:\/\/jak.fi\/pl\/produkty\/akcesoria-do-glowic-biomasowych\/opcje-cylindra\/"]}]},{"@type":"ImageObject","inLanguage":"pl-PL","@id":"https:\/\/jak.fi\/pl\/produkty\/akcesoria-do-glowic-biomasowych\/opcje-cylindra\/#primaryimage","url":"https:\/\/jak.fi\/wp-content\/uploads\/2024\/06\/JAK-cylinder-web.png","contentUrl":"https:\/\/jak.fi\/wp-content\/uploads\/2024\/06\/JAK-cylinder-web.png","width":1000,"height":667,"caption":"Obraz produktu butli LP z przezroczystym t\u0142em"},{"@type":"BreadcrumbList","@id":"https:\/\/jak.fi\/pl\/produkty\/akcesoria-do-glowic-biomasowych\/opcje-cylindra\/#breadcrumb","itemListElement":[{"@type":"ListItem","position":1,"name":"Etusivu","item":"https:\/\/jak.fi\/pl\/"},{"@type":"ListItem","position":2,"name":"Produkty","item":"https:\/\/jak.fi\/pl\/produkty\/"},{"@type":"ListItem","position":3,"name":"Opcje cylindra"}]},{"@type":"WebSite","@id":"https:\/\/jak.fi\/pl\/#website","url":"https:\/\/jak.fi\/pl\/","name":"JAK-Metalli Oy","description":"","publisher":{"@id":"https:\/\/jak.fi\/pl\/#organization"},"alternateName":"JAK Tree shears","potentialAction":[{"@type":"SearchAction","target":{"@type":"EntryPoint","urlTemplate":"https:\/\/jak.fi\/pl\/?s={search_term_string}"},"query-input":{"@type":"PropertyValueSpecification","valueRequired":true,"valueName":"search_term_string"}}],"inLanguage":"pl-PL"},{"@type":"Organization","@id":"https:\/\/jak.fi\/pl\/#organization","name":"JAK-Metalli Oy","alternateName":"JAK Tree shears","url":"https:\/\/jak.fi\/pl\/","logo":{"@type":"ImageObject","inLanguage":"pl-PL","@id":"https:\/\/jak.fi\/pl\/#\/schema\/logo\/image\/","url":"https:\/\/jak.fi\/wp-content\/uploads\/2024\/09\/JAK-logo-696x696-1.jpg","contentUrl":"https:\/\/jak.fi\/wp-content\/uploads\/2024\/09\/JAK-logo-696x696-1.jpg","width":696,"height":696,"caption":"JAK-Metalli Oy"},"image":{"@id":"https:\/\/jak.fi\/pl\/#\/schema\/logo\/image\/"},"sameAs":["https:\/\/www.facebook.com\/jaktreeshears","https:\/\/www.instagram.com\/jaktreeshears\/","https:\/\/www.youtube.com\/channel\/UCAwvaVhBBkPie8MeAGbdY1w"]}]}},"_links":{"self":[{"href":"https:\/\/jak.fi\/pl\/wp-json\/wp\/v2\/product\/9702","targetHints":{"allow":["GET"]}}],"collection":[{"href":"https:\/\/jak.fi\/pl\/wp-json\/wp\/v2\/product"}],"about":[{"href":"https:\/\/jak.fi\/pl\/wp-json\/wp\/v2\/types\/product"}],"wp:featuredmedia":[{"embeddable":true,"href":"https:\/\/jak.fi\/pl\/wp-json\/wp\/v2\/media\/9703"}],"wp:attachment":[{"href":"https:\/\/jak.fi\/pl\/wp-json\/wp\/v2\/media?parent=9702"}],"wp:term":[{"taxonomy":"product_brand","embeddable":true,"href":"https:\/\/jak.fi\/pl\/wp-json\/wp\/v2\/product_brand?post=9702"},{"taxonomy":"product_cat","embeddable":true,"href":"https:\/\/jak.fi\/pl\/wp-json\/wp\/v2\/product_cat?post=9702"},{"taxonomy":"product_tag","embeddable":true,"href":"https:\/\/jak.fi\/pl\/wp-json\/wp\/v2\/product_tag?post=9702"}],"curies":[{"name":"wp","href":"https:\/\/api.w.org\/{rel}","templated":true}]}}