{"id":9705,"date":"2024-05-28T10:12:49","date_gmt":"2024-05-28T07:12:49","guid":{"rendered":"https:\/\/jak.fi\/products\/Ei-luokiteltu\/uklad-hydrauliczny-eboost\/"},"modified":"2026-02-11T09:51:23","modified_gmt":"2026-02-11T06:51:23","slug":"system-hydrauliczny-eboost","status":"publish","type":"product","link":"https:\/\/jak.fi\/pl\/produkty\/akcesoria-do-glowic-biomasowych\/system-hydrauliczny-eboost\/","title":{"rendered":"System hydrauliczny eBoost"},"content":{"rendered":"<h2><strong>JAK serii B i R dla g\u0142owicy biomasowej &#8211; Zobacz korzy\u015bci eBoost w kalkulatorze<\/strong><\/h2>\n<p>System hydrauliczny eBoost\u00ae zwi\u0119ksza pr\u0119dko\u015b\u0107 obrotow\u0105 g\u0142owicy biomasowej nawet o 100% bez zmniejszania mocy. eBoost\u00ae umo\u017cliwia r\u00f3wnie\u017c stosowanie g\u0142owicy biomasowej w maszynach z podwoziem o ni\u017cszym ci\u015bnieniu i ni\u017cszym przep\u0142ywie oleju. System hydrauliczny eBoost\u00ae umo\u017cliwia przepuszczenie g\u0142owicy biomasowej przez przeno\u015bnik kube\u0142kowy bez utraty pr\u0119dko\u015bci i mocy. Ten opatentowany i unikalny system hydrauliczny jest ca\u0142kowicie odmienny pod wzgl\u0119dem funkcji, dost\u0119pno\u015bci i niezawodno\u015bci od wcze\u015bniej znanych metod.<\/p>\n<p><strong>System hydrauliczny eBoost\u00ae:<\/strong><\/p>\n<ul>\n<li>Szybciej\n<ul>\n<li>Przyspieszenie dzia\u0142ania produktu nawet o 100%<\/li>\n<\/ul>\n<\/li>\n<li>Wi\u0119ksza moc\n<ul>\n<li>Wi\u0119ksze cylindry mog\u0105 by\u0107 u\u017cywane bez spowalniania pr\u0119dko\u015bci.<\/li>\n<li>U\u017cywanie przez przeno\u015bnik kube\u0142kowy lub w maszynach niskoci\u015bnieniowych bez zmniejszania mocy.<\/li>\n<\/ul>\n<\/li>\n<li>Bardziej ekonomiczny\n<ul>\n<li>Zu\u017cywa mniej paliwa<\/li>\n<\/ul>\n<\/li>\n<li>Bezpieczniej\n<ul>\n<li>Drzewa pozostaj\u0105 pod lepsz\u0105 kontrol\u0105, gdy ruchy s\u0105 szybsze.<\/li>\n<\/ul>\n<\/li>\n<li>Bardziej zr\u00f3wnowa\u017cony\n<ul>\n<li>Chroni uk\u0142ad hydrauliczny i eliminuje wstrz\u0105sy ci\u015bnieniowe.<\/li>\n<\/ul>\n<\/li>\n<\/ul>\n<div class=\"wp-block-button\"><a class=\"wp-block-button__link has-text-align-center wp-element-button\" href=\"https:\/\/eboost.fi\/\" target=\"_blank\" rel=\"noopener\">Czytaj wi\u0119cej<\/a><\/div>\n","protected":false},"excerpt":{"rendered":"<p>JAK serii B i R dla g\u0142owicy biomasowej &#8211; Zobacz korzy\u015bci eBoost w kalkulatorze System hydrauliczny eBoost\u00ae zwi\u0119ksza pr\u0119dko\u015b\u0107 obrotow\u0105 g\u0142owicy biomasowej nawet o 100% bez zmniejszania mocy. eBoost\u00ae umo\u017cliwia r\u00f3wnie\u017c stosowanie g\u0142owicy biomasowej w maszynach z podwoziem o ni\u017cszym ci\u015bnieniu i ni\u017cszym przep\u0142ywie oleju. System hydrauliczny eBoost\u00ae umo\u017cliwia przepuszczenie g\u0142owicy biomasowej przez przeno\u015bnik kube\u0142kowy [&hellip;]<\/p>\n","protected":false},"featured_media":9706,"template":"","meta":{"_acf_changed":false},"product_brand":[],"product_cat":[627],"product_tag":[],"class_list":{"0":"post-9705","1":"product","2":"type-product","3":"status-publish","4":"has-post-thumbnail","6":"product_cat-akcesoria-do-glowic-biomasowych","8":"first","9":"instock","10":"shipping-taxable","11":"product-type-simple"},"acf":[],"yoast_head":"<!-- This site is optimized with the Yoast SEO plugin v27.2 - https:\/\/yoast.com\/product\/yoast-seo-wordpress\/ -->\n<title>System hydrauliczny eBoost &#8211; JAK-Metalli Oy<\/title>\n<meta name=\"description\" content=\"System hydrauliczny eBoost zwi\u0119ksza pr\u0119dko\u015b\u0107 g\u0142owicy biomasowej nawet o 100% bez zmniejszania mocy. Szybciej, mocniej i oszcz\u0119dniej.\" \/>\n<meta name=\"robots\" content=\"index, follow, max-snippet:-1, max-image-preview:large, max-video-preview:-1\" \/>\n<link rel=\"canonical\" href=\"https:\/\/jak.fi\/pl\/produkty\/akcesoria-do-glowic-biomasowych\/system-hydrauliczny-eboost\/\" \/>\n<meta property=\"og:locale\" content=\"pl_PL\" \/>\n<meta property=\"og:type\" content=\"article\" \/>\n<meta property=\"og:title\" content=\"System hydrauliczny eBoost &#8211; JAK-Metalli Oy\" \/>\n<meta property=\"og:description\" content=\"System hydrauliczny eBoost zwi\u0119ksza pr\u0119dko\u015b\u0107 g\u0142owicy biomasowej nawet o 100% bez zmniejszania mocy. Szybciej, mocniej i oszcz\u0119dniej.\" \/>\n<meta property=\"og:url\" content=\"https:\/\/jak.fi\/pl\/produkty\/akcesoria-do-glowic-biomasowych\/system-hydrauliczny-eboost\/\" \/>\n<meta property=\"og:site_name\" content=\"JAK-Metalli Oy\" \/>\n<meta property=\"article:publisher\" content=\"https:\/\/www.facebook.com\/jaktreeshears\" \/>\n<meta property=\"article:modified_time\" content=\"2026-02-11T06:51:23+00:00\" \/>\n<meta property=\"og:image\" content=\"https:\/\/jak.fi\/wp-content\/uploads\/2024\/05\/eboost-hydraulic-system-blue-web-01.png\" \/>\n\t<meta property=\"og:image:width\" content=\"1000\" \/>\n\t<meta property=\"og:image:height\" content=\"667\" \/>\n\t<meta property=\"og:image:type\" content=\"image\/png\" \/>\n<meta name=\"twitter:card\" content=\"summary_large_image\" \/>\n<meta name=\"twitter:label1\" content=\"Szacowany czas czytania\" \/>\n\t<meta name=\"twitter:data1\" content=\"2 minuta\" \/>\n<script type=\"application\/ld+json\" class=\"yoast-schema-graph\">{\"@context\":\"https:\/\/schema.org\",\"@graph\":[{\"@type\":\"WebPage\",\"@id\":\"https:\/\/jak.fi\/pl\/produkty\/akcesoria-do-glowic-biomasowych\/system-hydrauliczny-eboost\/\",\"url\":\"https:\/\/jak.fi\/pl\/produkty\/akcesoria-do-glowic-biomasowych\/system-hydrauliczny-eboost\/\",\"name\":\"System hydrauliczny eBoost &#8211; JAK-Metalli Oy\",\"isPartOf\":{\"@id\":\"https:\/\/jak.fi\/pl\/#website\"},\"primaryImageOfPage\":{\"@id\":\"https:\/\/jak.fi\/pl\/produkty\/akcesoria-do-glowic-biomasowych\/system-hydrauliczny-eboost\/#primaryimage\"},\"image\":{\"@id\":\"https:\/\/jak.fi\/pl\/produkty\/akcesoria-do-glowic-biomasowych\/system-hydrauliczny-eboost\/#primaryimage\"},\"thumbnailUrl\":\"https:\/\/jak.fi\/wp-content\/uploads\/2024\/05\/eboost-hydraulic-system-blue-web-01.png\",\"datePublished\":\"2024-05-28T07:12:49+00:00\",\"dateModified\":\"2026-02-11T06:51:23+00:00\",\"description\":\"System hydrauliczny eBoost zwi\u0119ksza pr\u0119dko\u015b\u0107 g\u0142owicy biomasowej nawet o 100% bez zmniejszania mocy. Szybciej, mocniej i oszcz\u0119dniej.\",\"breadcrumb\":{\"@id\":\"https:\/\/jak.fi\/pl\/produkty\/akcesoria-do-glowic-biomasowych\/system-hydrauliczny-eboost\/#breadcrumb\"},\"inLanguage\":\"pl-PL\",\"potentialAction\":[{\"@type\":\"ReadAction\",\"target\":[\"https:\/\/jak.fi\/pl\/produkty\/akcesoria-do-glowic-biomasowych\/system-hydrauliczny-eboost\/\"]}]},{\"@type\":\"ImageObject\",\"inLanguage\":\"pl-PL\",\"@id\":\"https:\/\/jak.fi\/pl\/produkty\/akcesoria-do-glowic-biomasowych\/system-hydrauliczny-eboost\/#primaryimage\",\"url\":\"https:\/\/jak.fi\/wp-content\/uploads\/2024\/05\/eboost-hydraulic-system-blue-web-01.png\",\"contentUrl\":\"https:\/\/jak.fi\/wp-content\/uploads\/2024\/05\/eboost-hydraulic-system-blue-web-01.png\",\"width\":1000,\"height\":667,\"caption\":\"System hydrauliczny eBoost - wydajne i energooszcz\u0119dne akcesorium zwi\u0119kszaj\u0105ce wydajno\u015b\u0107 koparek i g\u0142owic biomasowych\"},{\"@type\":\"BreadcrumbList\",\"@id\":\"https:\/\/jak.fi\/pl\/produkty\/akcesoria-do-glowic-biomasowych\/system-hydrauliczny-eboost\/#breadcrumb\",\"itemListElement\":[{\"@type\":\"ListItem\",\"position\":1,\"name\":\"Etusivu\",\"item\":\"https:\/\/jak.fi\/pl\/\"},{\"@type\":\"ListItem\",\"position\":2,\"name\":\"Produkty\",\"item\":\"https:\/\/jak.fi\/pl\/produkty\/\"},{\"@type\":\"ListItem\",\"position\":3,\"name\":\"System hydrauliczny eBoost\"}]},{\"@type\":\"WebSite\",\"@id\":\"https:\/\/jak.fi\/pl\/#website\",\"url\":\"https:\/\/jak.fi\/pl\/\",\"name\":\"JAK-Metalli Oy\",\"description\":\"\",\"publisher\":{\"@id\":\"https:\/\/jak.fi\/pl\/#organization\"},\"alternateName\":\"JAK Tree shears\",\"potentialAction\":[{\"@type\":\"SearchAction\",\"target\":{\"@type\":\"EntryPoint\",\"urlTemplate\":\"https:\/\/jak.fi\/pl\/?s={search_term_string}\"},\"query-input\":{\"@type\":\"PropertyValueSpecification\",\"valueRequired\":true,\"valueName\":\"search_term_string\"}}],\"inLanguage\":\"pl-PL\"},{\"@type\":\"Organization\",\"@id\":\"https:\/\/jak.fi\/pl\/#organization\",\"name\":\"JAK-Metalli Oy\",\"alternateName\":\"JAK Tree shears\",\"url\":\"https:\/\/jak.fi\/pl\/\",\"logo\":{\"@type\":\"ImageObject\",\"inLanguage\":\"pl-PL\",\"@id\":\"https:\/\/jak.fi\/pl\/#\/schema\/logo\/image\/\",\"url\":\"https:\/\/jak.fi\/wp-content\/uploads\/2024\/09\/JAK-logo-696x696-1.jpg\",\"contentUrl\":\"https:\/\/jak.fi\/wp-content\/uploads\/2024\/09\/JAK-logo-696x696-1.jpg\",\"width\":696,\"height\":696,\"caption\":\"JAK-Metalli Oy\"},\"image\":{\"@id\":\"https:\/\/jak.fi\/pl\/#\/schema\/logo\/image\/\"},\"sameAs\":[\"https:\/\/www.facebook.com\/jaktreeshears\",\"https:\/\/www.instagram.com\/jaktreeshears\/\",\"https:\/\/www.youtube.com\/channel\/UCAwvaVhBBkPie8MeAGbdY1w\"]}]}<\/script>\n<!-- \/ Yoast SEO plugin. -->","yoast_head_json":{"title":"System hydrauliczny eBoost &#8211; JAK-Metalli Oy","description":"System hydrauliczny eBoost zwi\u0119ksza pr\u0119dko\u015b\u0107 g\u0142owicy biomasowej nawet o 100% bez zmniejszania mocy. Szybciej, mocniej i oszcz\u0119dniej.","robots":{"index":"index","follow":"follow","max-snippet":"max-snippet:-1","max-image-preview":"max-image-preview:large","max-video-preview":"max-video-preview:-1"},"canonical":"https:\/\/jak.fi\/pl\/produkty\/akcesoria-do-glowic-biomasowych\/system-hydrauliczny-eboost\/","og_locale":"pl_PL","og_type":"article","og_title":"System hydrauliczny eBoost &#8211; JAK-Metalli Oy","og_description":"System hydrauliczny eBoost zwi\u0119ksza pr\u0119dko\u015b\u0107 g\u0142owicy biomasowej nawet o 100% bez zmniejszania mocy. Szybciej, mocniej i oszcz\u0119dniej.","og_url":"https:\/\/jak.fi\/pl\/produkty\/akcesoria-do-glowic-biomasowych\/system-hydrauliczny-eboost\/","og_site_name":"JAK-Metalli Oy","article_publisher":"https:\/\/www.facebook.com\/jaktreeshears","article_modified_time":"2026-02-11T06:51:23+00:00","og_image":[{"width":1000,"height":667,"url":"https:\/\/jak.fi\/wp-content\/uploads\/2024\/05\/eboost-hydraulic-system-blue-web-01.png","type":"image\/png"}],"twitter_card":"summary_large_image","twitter_misc":{"Szacowany czas czytania":"2 minuta"},"schema":{"@context":"https:\/\/schema.org","@graph":[{"@type":"WebPage","@id":"https:\/\/jak.fi\/pl\/produkty\/akcesoria-do-glowic-biomasowych\/system-hydrauliczny-eboost\/","url":"https:\/\/jak.fi\/pl\/produkty\/akcesoria-do-glowic-biomasowych\/system-hydrauliczny-eboost\/","name":"System hydrauliczny eBoost &#8211; JAK-Metalli Oy","isPartOf":{"@id":"https:\/\/jak.fi\/pl\/#website"},"primaryImageOfPage":{"@id":"https:\/\/jak.fi\/pl\/produkty\/akcesoria-do-glowic-biomasowych\/system-hydrauliczny-eboost\/#primaryimage"},"image":{"@id":"https:\/\/jak.fi\/pl\/produkty\/akcesoria-do-glowic-biomasowych\/system-hydrauliczny-eboost\/#primaryimage"},"thumbnailUrl":"https:\/\/jak.fi\/wp-content\/uploads\/2024\/05\/eboost-hydraulic-system-blue-web-01.png","datePublished":"2024-05-28T07:12:49+00:00","dateModified":"2026-02-11T06:51:23+00:00","description":"System hydrauliczny eBoost zwi\u0119ksza pr\u0119dko\u015b\u0107 g\u0142owicy biomasowej nawet o 100% bez zmniejszania mocy. Szybciej, mocniej i oszcz\u0119dniej.","breadcrumb":{"@id":"https:\/\/jak.fi\/pl\/produkty\/akcesoria-do-glowic-biomasowych\/system-hydrauliczny-eboost\/#breadcrumb"},"inLanguage":"pl-PL","potentialAction":[{"@type":"ReadAction","target":["https:\/\/jak.fi\/pl\/produkty\/akcesoria-do-glowic-biomasowych\/system-hydrauliczny-eboost\/"]}]},{"@type":"ImageObject","inLanguage":"pl-PL","@id":"https:\/\/jak.fi\/pl\/produkty\/akcesoria-do-glowic-biomasowych\/system-hydrauliczny-eboost\/#primaryimage","url":"https:\/\/jak.fi\/wp-content\/uploads\/2024\/05\/eboost-hydraulic-system-blue-web-01.png","contentUrl":"https:\/\/jak.fi\/wp-content\/uploads\/2024\/05\/eboost-hydraulic-system-blue-web-01.png","width":1000,"height":667,"caption":"System hydrauliczny eBoost - wydajne i energooszcz\u0119dne akcesorium zwi\u0119kszaj\u0105ce wydajno\u015b\u0107 koparek i g\u0142owic biomasowych"},{"@type":"BreadcrumbList","@id":"https:\/\/jak.fi\/pl\/produkty\/akcesoria-do-glowic-biomasowych\/system-hydrauliczny-eboost\/#breadcrumb","itemListElement":[{"@type":"ListItem","position":1,"name":"Etusivu","item":"https:\/\/jak.fi\/pl\/"},{"@type":"ListItem","position":2,"name":"Produkty","item":"https:\/\/jak.fi\/pl\/produkty\/"},{"@type":"ListItem","position":3,"name":"System hydrauliczny eBoost"}]},{"@type":"WebSite","@id":"https:\/\/jak.fi\/pl\/#website","url":"https:\/\/jak.fi\/pl\/","name":"JAK-Metalli Oy","description":"","publisher":{"@id":"https:\/\/jak.fi\/pl\/#organization"},"alternateName":"JAK Tree shears","potentialAction":[{"@type":"SearchAction","target":{"@type":"EntryPoint","urlTemplate":"https:\/\/jak.fi\/pl\/?s={search_term_string}"},"query-input":{"@type":"PropertyValueSpecification","valueRequired":true,"valueName":"search_term_string"}}],"inLanguage":"pl-PL"},{"@type":"Organization","@id":"https:\/\/jak.fi\/pl\/#organization","name":"JAK-Metalli Oy","alternateName":"JAK Tree shears","url":"https:\/\/jak.fi\/pl\/","logo":{"@type":"ImageObject","inLanguage":"pl-PL","@id":"https:\/\/jak.fi\/pl\/#\/schema\/logo\/image\/","url":"https:\/\/jak.fi\/wp-content\/uploads\/2024\/09\/JAK-logo-696x696-1.jpg","contentUrl":"https:\/\/jak.fi\/wp-content\/uploads\/2024\/09\/JAK-logo-696x696-1.jpg","width":696,"height":696,"caption":"JAK-Metalli Oy"},"image":{"@id":"https:\/\/jak.fi\/pl\/#\/schema\/logo\/image\/"},"sameAs":["https:\/\/www.facebook.com\/jaktreeshears","https:\/\/www.instagram.com\/jaktreeshears\/","https:\/\/www.youtube.com\/channel\/UCAwvaVhBBkPie8MeAGbdY1w"]}]}},"_links":{"self":[{"href":"https:\/\/jak.fi\/pl\/wp-json\/wp\/v2\/product\/9705","targetHints":{"allow":["GET"]}}],"collection":[{"href":"https:\/\/jak.fi\/pl\/wp-json\/wp\/v2\/product"}],"about":[{"href":"https:\/\/jak.fi\/pl\/wp-json\/wp\/v2\/types\/product"}],"wp:featuredmedia":[{"embeddable":true,"href":"https:\/\/jak.fi\/pl\/wp-json\/wp\/v2\/media\/9706"}],"wp:attachment":[{"href":"https:\/\/jak.fi\/pl\/wp-json\/wp\/v2\/media?parent=9705"}],"wp:term":[{"taxonomy":"product_brand","embeddable":true,"href":"https:\/\/jak.fi\/pl\/wp-json\/wp\/v2\/product_brand?post=9705"},{"taxonomy":"product_cat","embeddable":true,"href":"https:\/\/jak.fi\/pl\/wp-json\/wp\/v2\/product_cat?post=9705"},{"taxonomy":"product_tag","embeddable":true,"href":"https:\/\/jak.fi\/pl\/wp-json\/wp\/v2\/product_tag?post=9705"}],"curies":[{"name":"wp","href":"https:\/\/api.w.org\/{rel}","templated":true}]}}