{"id":9728,"date":"2024-05-28T10:11:47","date_gmt":"2024-05-28T07:11:47","guid":{"rendered":"https:\/\/jak.fi\/products\/bez-kategorii\/ramie-chwytaka-z-trzema-odnogami\/"},"modified":"2025-06-11T12:32:53","modified_gmt":"2025-06-11T09:32:53","slug":"ramie-chwytaka-z-trzema-odnogami","status":"publish","type":"product","link":"https:\/\/jak.fi\/pl\/produkty\/akcesoria-do-glowic-biomasowych\/ramie-chwytaka-z-trzema-odnogami\/","title":{"rendered":"Rami\u0119 chwytaka z trzema odnogami"},"content":{"rendered":"<p>G\u0142owica biomasowa JAK Energy Gripper jest dost\u0119pna ze standardow\u0105 szcz\u0119k\u0105 dwupalcow\u0105 lub alternatywnie ze szcz\u0119k\u0105 tr\u00f3jpalcow\u0105, w zale\u017cno\u015bci od potrzeb klienta. Rami\u0119 chwytaka z trzema odnogami zapewnia mocniejszy chwyt ci\u0119tego drewna, zwi\u0119kszaj\u0105c bezpiecze\u0144stwo i dok\u0142adno\u015b\u0107 pracy z chwytakiem. <\/p>\n","protected":false},"excerpt":{"rendered":"<p>G\u0142owica biomasowa JAK Energy Gripper jest dost\u0119pna ze standardow\u0105 szcz\u0119k\u0105 dwupalcow\u0105 lub alternatywnie ze szcz\u0119k\u0105 tr\u00f3jpalcow\u0105, w zale\u017cno\u015bci od potrzeb klienta. Rami\u0119 chwytaka z trzema odnogami zapewnia mocniejszy chwyt ci\u0119tego drewna, zwi\u0119kszaj\u0105c bezpiecze\u0144stwo i dok\u0142adno\u015b\u0107 pracy z chwytakiem.<\/p>\n","protected":false},"featured_media":9729,"template":"","meta":{"_acf_changed":false},"product_brand":[],"product_cat":[627],"product_tag":[],"class_list":{"0":"post-9728","1":"product","2":"type-product","3":"status-publish","4":"has-post-thumbnail","6":"product_cat-akcesoria-do-glowic-biomasowych","8":"first","9":"instock","10":"shipping-taxable","11":"product-type-simple"},"acf":[],"yoast_head":"<!-- This site is optimized with the Yoast SEO plugin v27.2 - https:\/\/yoast.com\/product\/yoast-seo-wordpress\/ -->\n<title>Rami\u0119 chwytaka z trzema odnogami &#8211; JAK-Metalli Oy<\/title>\n<meta name=\"description\" content=\"Rami\u0119 chwytaka z trzema odnogami firmy JAK poprawia przyczepno\u015b\u0107 chwytaka biomasowego, dzi\u0119ki czemu obr\u00f3bka drewna jest bardziej precyzyjna i wydajna. Dost\u0119pne dla r\u00f3\u017cnych modeli.\" \/>\n<meta name=\"robots\" content=\"index, follow, max-snippet:-1, max-image-preview:large, max-video-preview:-1\" \/>\n<link rel=\"canonical\" href=\"https:\/\/jak.fi\/pl\/produkty\/akcesoria-do-glowic-biomasowych\/ramie-chwytaka-z-trzema-odnogami\/\" \/>\n<meta property=\"og:locale\" content=\"pl_PL\" \/>\n<meta property=\"og:type\" content=\"article\" \/>\n<meta property=\"og:title\" content=\"Rami\u0119 chwytaka z trzema odnogami &#8211; JAK-Metalli Oy\" \/>\n<meta property=\"og:description\" content=\"Rami\u0119 chwytaka z trzema odnogami firmy JAK poprawia przyczepno\u015b\u0107 chwytaka biomasowego, dzi\u0119ki czemu obr\u00f3bka drewna jest bardziej precyzyjna i wydajna. Dost\u0119pne dla r\u00f3\u017cnych modeli.\" \/>\n<meta property=\"og:url\" content=\"https:\/\/jak.fi\/pl\/produkty\/akcesoria-do-glowic-biomasowych\/ramie-chwytaka-z-trzema-odnogami\/\" \/>\n<meta property=\"og:site_name\" content=\"JAK-Metalli Oy\" \/>\n<meta property=\"article:publisher\" content=\"https:\/\/www.facebook.com\/jaktreeshears\" \/>\n<meta property=\"article:modified_time\" content=\"2025-06-11T09:32:53+00:00\" \/>\n<meta property=\"og:image\" content=\"https:\/\/jak.fi\/wp-content\/uploads\/2024\/05\/three-finger-work-jaw03.png\" \/>\n\t<meta property=\"og:image:width\" content=\"1000\" \/>\n\t<meta property=\"og:image:height\" content=\"1000\" \/>\n\t<meta property=\"og:image:type\" content=\"image\/png\" \/>\n<meta name=\"twitter:card\" content=\"summary_large_image\" \/>\n<script type=\"application\/ld+json\" class=\"yoast-schema-graph\">{\"@context\":\"https:\/\/schema.org\",\"@graph\":[{\"@type\":\"WebPage\",\"@id\":\"https:\/\/jak.fi\/pl\/produkty\/akcesoria-do-glowic-biomasowych\/ramie-chwytaka-z-trzema-odnogami\/\",\"url\":\"https:\/\/jak.fi\/pl\/produkty\/akcesoria-do-glowic-biomasowych\/ramie-chwytaka-z-trzema-odnogami\/\",\"name\":\"Rami\u0119 chwytaka z trzema odnogami &#8211; JAK-Metalli Oy\",\"isPartOf\":{\"@id\":\"https:\/\/jak.fi\/pl\/#website\"},\"primaryImageOfPage\":{\"@id\":\"https:\/\/jak.fi\/pl\/produkty\/akcesoria-do-glowic-biomasowych\/ramie-chwytaka-z-trzema-odnogami\/#primaryimage\"},\"image\":{\"@id\":\"https:\/\/jak.fi\/pl\/produkty\/akcesoria-do-glowic-biomasowych\/ramie-chwytaka-z-trzema-odnogami\/#primaryimage\"},\"thumbnailUrl\":\"https:\/\/jak.fi\/wp-content\/uploads\/2024\/05\/three-finger-work-jaw03.png\",\"datePublished\":\"2024-05-28T07:11:47+00:00\",\"dateModified\":\"2025-06-11T09:32:53+00:00\",\"description\":\"Rami\u0119 chwytaka z trzema odnogami firmy JAK poprawia przyczepno\u015b\u0107 chwytaka biomasowego, dzi\u0119ki czemu obr\u00f3bka drewna jest bardziej precyzyjna i wydajna. Dost\u0119pne dla r\u00f3\u017cnych modeli.\",\"breadcrumb\":{\"@id\":\"https:\/\/jak.fi\/pl\/produkty\/akcesoria-do-glowic-biomasowych\/ramie-chwytaka-z-trzema-odnogami\/#breadcrumb\"},\"inLanguage\":\"pl-PL\",\"potentialAction\":[{\"@type\":\"ReadAction\",\"target\":[\"https:\/\/jak.fi\/pl\/produkty\/akcesoria-do-glowic-biomasowych\/ramie-chwytaka-z-trzema-odnogami\/\"]}]},{\"@type\":\"ImageObject\",\"inLanguage\":\"pl-PL\",\"@id\":\"https:\/\/jak.fi\/pl\/produkty\/akcesoria-do-glowic-biomasowych\/ramie-chwytaka-z-trzema-odnogami\/#primaryimage\",\"url\":\"https:\/\/jak.fi\/wp-content\/uploads\/2024\/05\/three-finger-work-jaw03.png\",\"contentUrl\":\"https:\/\/jak.fi\/wp-content\/uploads\/2024\/05\/three-finger-work-jaw03.png\",\"width\":1000,\"height\":1000,\"caption\":\"G\u0142owica biomasowa z trzema palcami.\"},{\"@type\":\"BreadcrumbList\",\"@id\":\"https:\/\/jak.fi\/pl\/produkty\/akcesoria-do-glowic-biomasowych\/ramie-chwytaka-z-trzema-odnogami\/#breadcrumb\",\"itemListElement\":[{\"@type\":\"ListItem\",\"position\":1,\"name\":\"Etusivu\",\"item\":\"https:\/\/jak.fi\/pl\/\"},{\"@type\":\"ListItem\",\"position\":2,\"name\":\"Produkty\",\"item\":\"https:\/\/jak.fi\/pl\/produkty\/\"},{\"@type\":\"ListItem\",\"position\":3,\"name\":\"Rami\u0119 chwytaka z trzema odnogami\"}]},{\"@type\":\"WebSite\",\"@id\":\"https:\/\/jak.fi\/pl\/#website\",\"url\":\"https:\/\/jak.fi\/pl\/\",\"name\":\"JAK-Metalli Oy\",\"description\":\"\",\"publisher\":{\"@id\":\"https:\/\/jak.fi\/pl\/#organization\"},\"alternateName\":\"JAK Tree shears\",\"potentialAction\":[{\"@type\":\"SearchAction\",\"target\":{\"@type\":\"EntryPoint\",\"urlTemplate\":\"https:\/\/jak.fi\/pl\/?s={search_term_string}\"},\"query-input\":{\"@type\":\"PropertyValueSpecification\",\"valueRequired\":true,\"valueName\":\"search_term_string\"}}],\"inLanguage\":\"pl-PL\"},{\"@type\":\"Organization\",\"@id\":\"https:\/\/jak.fi\/pl\/#organization\",\"name\":\"JAK-Metalli Oy\",\"alternateName\":\"JAK Tree shears\",\"url\":\"https:\/\/jak.fi\/pl\/\",\"logo\":{\"@type\":\"ImageObject\",\"inLanguage\":\"pl-PL\",\"@id\":\"https:\/\/jak.fi\/pl\/#\/schema\/logo\/image\/\",\"url\":\"https:\/\/jak.fi\/wp-content\/uploads\/2024\/09\/JAK-logo-696x696-1.jpg\",\"contentUrl\":\"https:\/\/jak.fi\/wp-content\/uploads\/2024\/09\/JAK-logo-696x696-1.jpg\",\"width\":696,\"height\":696,\"caption\":\"JAK-Metalli Oy\"},\"image\":{\"@id\":\"https:\/\/jak.fi\/pl\/#\/schema\/logo\/image\/\"},\"sameAs\":[\"https:\/\/www.facebook.com\/jaktreeshears\",\"https:\/\/www.instagram.com\/jaktreeshears\/\",\"https:\/\/www.youtube.com\/channel\/UCAwvaVhBBkPie8MeAGbdY1w\"]}]}<\/script>\n<!-- \/ Yoast SEO plugin. -->","yoast_head_json":{"title":"Rami\u0119 chwytaka z trzema odnogami &#8211; JAK-Metalli Oy","description":"Rami\u0119 chwytaka z trzema odnogami firmy JAK poprawia przyczepno\u015b\u0107 chwytaka biomasowego, dzi\u0119ki czemu obr\u00f3bka drewna jest bardziej precyzyjna i wydajna. Dost\u0119pne dla r\u00f3\u017cnych modeli.","robots":{"index":"index","follow":"follow","max-snippet":"max-snippet:-1","max-image-preview":"max-image-preview:large","max-video-preview":"max-video-preview:-1"},"canonical":"https:\/\/jak.fi\/pl\/produkty\/akcesoria-do-glowic-biomasowych\/ramie-chwytaka-z-trzema-odnogami\/","og_locale":"pl_PL","og_type":"article","og_title":"Rami\u0119 chwytaka z trzema odnogami &#8211; JAK-Metalli Oy","og_description":"Rami\u0119 chwytaka z trzema odnogami firmy JAK poprawia przyczepno\u015b\u0107 chwytaka biomasowego, dzi\u0119ki czemu obr\u00f3bka drewna jest bardziej precyzyjna i wydajna. Dost\u0119pne dla r\u00f3\u017cnych modeli.","og_url":"https:\/\/jak.fi\/pl\/produkty\/akcesoria-do-glowic-biomasowych\/ramie-chwytaka-z-trzema-odnogami\/","og_site_name":"JAK-Metalli Oy","article_publisher":"https:\/\/www.facebook.com\/jaktreeshears","article_modified_time":"2025-06-11T09:32:53+00:00","og_image":[{"width":1000,"height":1000,"url":"https:\/\/jak.fi\/wp-content\/uploads\/2024\/05\/three-finger-work-jaw03.png","type":"image\/png"}],"twitter_card":"summary_large_image","schema":{"@context":"https:\/\/schema.org","@graph":[{"@type":"WebPage","@id":"https:\/\/jak.fi\/pl\/produkty\/akcesoria-do-glowic-biomasowych\/ramie-chwytaka-z-trzema-odnogami\/","url":"https:\/\/jak.fi\/pl\/produkty\/akcesoria-do-glowic-biomasowych\/ramie-chwytaka-z-trzema-odnogami\/","name":"Rami\u0119 chwytaka z trzema odnogami &#8211; JAK-Metalli Oy","isPartOf":{"@id":"https:\/\/jak.fi\/pl\/#website"},"primaryImageOfPage":{"@id":"https:\/\/jak.fi\/pl\/produkty\/akcesoria-do-glowic-biomasowych\/ramie-chwytaka-z-trzema-odnogami\/#primaryimage"},"image":{"@id":"https:\/\/jak.fi\/pl\/produkty\/akcesoria-do-glowic-biomasowych\/ramie-chwytaka-z-trzema-odnogami\/#primaryimage"},"thumbnailUrl":"https:\/\/jak.fi\/wp-content\/uploads\/2024\/05\/three-finger-work-jaw03.png","datePublished":"2024-05-28T07:11:47+00:00","dateModified":"2025-06-11T09:32:53+00:00","description":"Rami\u0119 chwytaka z trzema odnogami firmy JAK poprawia przyczepno\u015b\u0107 chwytaka biomasowego, dzi\u0119ki czemu obr\u00f3bka drewna jest bardziej precyzyjna i wydajna. Dost\u0119pne dla r\u00f3\u017cnych modeli.","breadcrumb":{"@id":"https:\/\/jak.fi\/pl\/produkty\/akcesoria-do-glowic-biomasowych\/ramie-chwytaka-z-trzema-odnogami\/#breadcrumb"},"inLanguage":"pl-PL","potentialAction":[{"@type":"ReadAction","target":["https:\/\/jak.fi\/pl\/produkty\/akcesoria-do-glowic-biomasowych\/ramie-chwytaka-z-trzema-odnogami\/"]}]},{"@type":"ImageObject","inLanguage":"pl-PL","@id":"https:\/\/jak.fi\/pl\/produkty\/akcesoria-do-glowic-biomasowych\/ramie-chwytaka-z-trzema-odnogami\/#primaryimage","url":"https:\/\/jak.fi\/wp-content\/uploads\/2024\/05\/three-finger-work-jaw03.png","contentUrl":"https:\/\/jak.fi\/wp-content\/uploads\/2024\/05\/three-finger-work-jaw03.png","width":1000,"height":1000,"caption":"G\u0142owica biomasowa z trzema palcami."},{"@type":"BreadcrumbList","@id":"https:\/\/jak.fi\/pl\/produkty\/akcesoria-do-glowic-biomasowych\/ramie-chwytaka-z-trzema-odnogami\/#breadcrumb","itemListElement":[{"@type":"ListItem","position":1,"name":"Etusivu","item":"https:\/\/jak.fi\/pl\/"},{"@type":"ListItem","position":2,"name":"Produkty","item":"https:\/\/jak.fi\/pl\/produkty\/"},{"@type":"ListItem","position":3,"name":"Rami\u0119 chwytaka z trzema odnogami"}]},{"@type":"WebSite","@id":"https:\/\/jak.fi\/pl\/#website","url":"https:\/\/jak.fi\/pl\/","name":"JAK-Metalli Oy","description":"","publisher":{"@id":"https:\/\/jak.fi\/pl\/#organization"},"alternateName":"JAK Tree shears","potentialAction":[{"@type":"SearchAction","target":{"@type":"EntryPoint","urlTemplate":"https:\/\/jak.fi\/pl\/?s={search_term_string}"},"query-input":{"@type":"PropertyValueSpecification","valueRequired":true,"valueName":"search_term_string"}}],"inLanguage":"pl-PL"},{"@type":"Organization","@id":"https:\/\/jak.fi\/pl\/#organization","name":"JAK-Metalli Oy","alternateName":"JAK Tree shears","url":"https:\/\/jak.fi\/pl\/","logo":{"@type":"ImageObject","inLanguage":"pl-PL","@id":"https:\/\/jak.fi\/pl\/#\/schema\/logo\/image\/","url":"https:\/\/jak.fi\/wp-content\/uploads\/2024\/09\/JAK-logo-696x696-1.jpg","contentUrl":"https:\/\/jak.fi\/wp-content\/uploads\/2024\/09\/JAK-logo-696x696-1.jpg","width":696,"height":696,"caption":"JAK-Metalli Oy"},"image":{"@id":"https:\/\/jak.fi\/pl\/#\/schema\/logo\/image\/"},"sameAs":["https:\/\/www.facebook.com\/jaktreeshears","https:\/\/www.instagram.com\/jaktreeshears\/","https:\/\/www.youtube.com\/channel\/UCAwvaVhBBkPie8MeAGbdY1w"]}]}},"_links":{"self":[{"href":"https:\/\/jak.fi\/pl\/wp-json\/wp\/v2\/product\/9728","targetHints":{"allow":["GET"]}}],"collection":[{"href":"https:\/\/jak.fi\/pl\/wp-json\/wp\/v2\/product"}],"about":[{"href":"https:\/\/jak.fi\/pl\/wp-json\/wp\/v2\/types\/product"}],"wp:featuredmedia":[{"embeddable":true,"href":"https:\/\/jak.fi\/pl\/wp-json\/wp\/v2\/media\/9729"}],"wp:attachment":[{"href":"https:\/\/jak.fi\/pl\/wp-json\/wp\/v2\/media?parent=9728"}],"wp:term":[{"taxonomy":"product_brand","embeddable":true,"href":"https:\/\/jak.fi\/pl\/wp-json\/wp\/v2\/product_brand?post=9728"},{"taxonomy":"product_cat","embeddable":true,"href":"https:\/\/jak.fi\/pl\/wp-json\/wp\/v2\/product_cat?post=9728"},{"taxonomy":"product_tag","embeddable":true,"href":"https:\/\/jak.fi\/pl\/wp-json\/wp\/v2\/product_tag?post=9728"}],"curies":[{"name":"wp","href":"https:\/\/api.w.org\/{rel}","templated":true}]}}