{"id":9746,"date":"2024-06-03T08:21:37","date_gmt":"2024-06-03T05:21:37","guid":{"rendered":"https:\/\/jak.fi\/products\/bez-kategorii\/jak-250r-glowica-biomasowa-gen4-do-ladowarki-i-reachera\/"},"modified":"2025-06-11T12:32:58","modified_gmt":"2025-06-11T09:32:58","slug":"jak-250r-glowica-biomasowa-gen4-do-ladowarki-i-reachera","status":"publish","type":"product","link":"https:\/\/jak.fi\/pl\/produkty\/glowice-biomasowe-do-ladowarek-i-wysiegnikow\/jak-250r-glowica-biomasowa-gen4-do-ladowarki-i-reachera\/","title":{"rendered":"JAK-250R G\u0142owica biomasowa GEN4 do \u0142adowarki i reachera"},"content":{"rendered":"<h2><strong>G\u0142owica biomasowa JAK-250R do \u0142adowarki teleskopowej i wysi\u0119gnika mo\u017ce by\u0107 wyposa\u017cona w system rotatora 360\u00b0!<\/strong><\/h2>\n<p>JAK-250R GEN4 to szybka, kompaktowa i wydajna g\u0142owica biomasowa, zaprojektowana r\u00f3wnie\u017c do u\u017cytku na \u0142adowarkach ko\u0142owych i \u0142adowarkach teleskopowych dzi\u0119ki wymiennej tylnej cz\u0119\u015bci. Wyposa\u017cona w system obrotu o 360\u00b0, g\u0142owica biomasowa mo\u017ce by\u0107 swobodnie obracana w obu kierunkach wzd\u0142u\u017c osi korpusu. Opcjonalny uk\u0142ad hydrauliczny eBoost zwi\u0119ksza pr\u0119dko\u015b\u0107 pracy g\u0142owicy biomasowej nawet o 100% bez zmniejszania mocy.  <\/p>\n<p>Konstrukcja z podw\u00f3jnymi szcz\u0119kami zapewnia pewny i bezpieczny chwyt pnia drzewa. Za pomoc\u0105 tej g\u0142owicy biomasowej mo\u017cna z \u0142atwo\u015bci\u0105 usuwa\u0107 drzewa o grubo\u015bci pnia do 250 mm. Dzi\u0119ki od\u0142\u0105czanemu ostrzu mo\u017cna go r\u00f3wnie\u017c u\u017cywa\u0107 jako zwyk\u0142ego chwytaka do drewna.  <\/p>\n<p>Dzi\u0119ki wymianie tylnej cz\u0119\u015bci, g\u0142owica biomasowa JAK-250R do \u0142adowarek teleskopowych mo\u017ce by\u0107 r\u00f3wnie\u017c u\u017cywana na koparkach.<\/p>\n<p>U\u017cywamy stali trudno\u015bcieralnej Hardox\u00ae o wysokiej wytrzyma\u0142o\u015bci, zapewniaj\u0105cej trwa\u0142o\u015b\u0107 i niezawodno\u015b\u0107 w ka\u017cdej sytuacji i w ka\u017cdych warunkach. Domowa konstrukcja i wysokiej jako\u015bci materia\u0142y to podstawa chwytaka energetycznego JAK-250R GEN4. <\/p>\n<div class=\"wp-block-button\"><a class=\"wp-block-button__link has-text-align-center wp-element-button\" href=\"https:\/\/jak.fi\/pl\/glowice-biomasowe-gen4-jak-nowe-aktualizacje-i-lepsza-wydajnosc\/\" target=\"_blank\" rel=\"noopener\">Przeczytaj wi\u0119cej o aktualizacjach GEN4<\/a><\/div>\n<div><\/div>\n","protected":false},"excerpt":{"rendered":"<ul>\n<li>Dost\u0119pny z systemem obrotowym 360<\/li>\n<li>Dost\u0119pny z uk\u0142adem hydraulicznym eBoost<\/li>\n<li>Dost\u0119pny z jedn\u0105 opcjonaln\u0105 lini\u0105 hydrauliczn\u0105<\/li>\n<li>Wykonane z odpornej na zu\u017cycie stali Hardox<\/li>\n<li>Zatwierdzony przez CE<\/li>\n<li>Wyprodukowano w Finlandii<\/li>\n<li>Zdejmowane ostrze<\/li>\n<\/ul>\n","protected":false},"featured_media":9747,"template":"","meta":{"_acf_changed":false},"product_brand":[],"product_cat":[628],"product_tag":[],"class_list":{"0":"post-9746","1":"product","2":"type-product","3":"status-publish","4":"has-post-thumbnail","6":"product_cat-glowice-biomasowe-do-ladowarek-i-wysiegnikow","8":"first","9":"instock","10":"shipping-taxable","11":"product-type-simple"},"acf":[],"yoast_head":"<!-- This site is optimized with the Yoast SEO plugin v27.2 - https:\/\/yoast.com\/product\/yoast-seo-wordpress\/ -->\n<title>JAK-250R G\u0142owica biomasowa GEN4 do \u0142adowarki i reachera &#8211; JAK-Metalli Oy<\/title>\n<meta name=\"description\" content=\"Chwytak energetyczny JAK-250R do \u0142adowarek teleskopowych to szybki i wydajny chwytak energetyczny, kt\u00f3ry z \u0142atwo\u015bci\u0105 tnie drzewa o grubo\u015bci do 250 mm.\" \/>\n<meta name=\"robots\" content=\"index, follow, max-snippet:-1, max-image-preview:large, max-video-preview:-1\" \/>\n<link rel=\"canonical\" href=\"https:\/\/jak.fi\/pl\/produkty\/glowice-biomasowe-do-ladowarek-i-wysiegnikow\/jak-250r-glowica-biomasowa-gen4-do-ladowarki-i-reachera\/\" \/>\n<meta property=\"og:locale\" content=\"pl_PL\" \/>\n<meta property=\"og:type\" content=\"article\" \/>\n<meta property=\"og:title\" content=\"JAK-250R G\u0142owica biomasowa GEN4 do \u0142adowarki i reachera &#8211; JAK-Metalli Oy\" \/>\n<meta property=\"og:description\" content=\"Chwytak energetyczny JAK-250R do \u0142adowarek teleskopowych to szybki i wydajny chwytak energetyczny, kt\u00f3ry z \u0142atwo\u015bci\u0105 tnie drzewa o grubo\u015bci do 250 mm.\" \/>\n<meta property=\"og:url\" content=\"https:\/\/jak.fi\/pl\/produkty\/glowice-biomasowe-do-ladowarek-i-wysiegnikow\/jak-250r-glowica-biomasowa-gen4-do-ladowarki-i-reachera\/\" \/>\n<meta property=\"og:site_name\" content=\"JAK-Metalli Oy\" \/>\n<meta property=\"article:publisher\" content=\"https:\/\/www.facebook.com\/jaktreeshears\" \/>\n<meta property=\"article:modified_time\" content=\"2025-06-11T09:32:58+00:00\" \/>\n<meta property=\"og:image\" content=\"https:\/\/jak.fi\/wp-content\/uploads\/2024\/06\/jak-250r-tree-shear-for-wheel-loaders-and-telehandlers-front-right-view-1.png\" \/>\n\t<meta property=\"og:image:width\" content=\"1000\" \/>\n\t<meta property=\"og:image:height\" content=\"666\" \/>\n\t<meta property=\"og:image:type\" content=\"image\/png\" \/>\n<meta name=\"twitter:card\" content=\"summary_large_image\" \/>\n<meta name=\"twitter:label1\" content=\"Szacowany czas czytania\" \/>\n\t<meta name=\"twitter:data1\" content=\"1 minuta\" \/>\n<script type=\"application\/ld+json\" class=\"yoast-schema-graph\">{\"@context\":\"https:\/\/schema.org\",\"@graph\":[{\"@type\":\"WebPage\",\"@id\":\"https:\/\/jak.fi\/pl\/produkty\/glowice-biomasowe-do-ladowarek-i-wysiegnikow\/jak-250r-glowica-biomasowa-gen4-do-ladowarki-i-reachera\/\",\"url\":\"https:\/\/jak.fi\/pl\/produkty\/glowice-biomasowe-do-ladowarek-i-wysiegnikow\/jak-250r-glowica-biomasowa-gen4-do-ladowarki-i-reachera\/\",\"name\":\"JAK-250R G\u0142owica biomasowa GEN4 do \u0142adowarki i reachera &#8211; JAK-Metalli Oy\",\"isPartOf\":{\"@id\":\"https:\/\/jak.fi\/pl\/#website\"},\"primaryImageOfPage\":{\"@id\":\"https:\/\/jak.fi\/pl\/produkty\/glowice-biomasowe-do-ladowarek-i-wysiegnikow\/jak-250r-glowica-biomasowa-gen4-do-ladowarki-i-reachera\/#primaryimage\"},\"image\":{\"@id\":\"https:\/\/jak.fi\/pl\/produkty\/glowice-biomasowe-do-ladowarek-i-wysiegnikow\/jak-250r-glowica-biomasowa-gen4-do-ladowarki-i-reachera\/#primaryimage\"},\"thumbnailUrl\":\"https:\/\/jak.fi\/wp-content\/uploads\/2024\/06\/jak-250r-tree-shear-for-wheel-loaders-and-telehandlers-front-right-view-1.png\",\"datePublished\":\"2024-06-03T05:21:37+00:00\",\"dateModified\":\"2025-06-11T09:32:58+00:00\",\"description\":\"Chwytak energetyczny JAK-250R do \u0142adowarek teleskopowych to szybki i wydajny chwytak energetyczny, kt\u00f3ry z \u0142atwo\u015bci\u0105 tnie drzewa o grubo\u015bci do 250 mm.\",\"breadcrumb\":{\"@id\":\"https:\/\/jak.fi\/pl\/produkty\/glowice-biomasowe-do-ladowarek-i-wysiegnikow\/jak-250r-glowica-biomasowa-gen4-do-ladowarki-i-reachera\/#breadcrumb\"},\"inLanguage\":\"pl-PL\",\"potentialAction\":[{\"@type\":\"ReadAction\",\"target\":[\"https:\/\/jak.fi\/pl\/produkty\/glowice-biomasowe-do-ladowarek-i-wysiegnikow\/jak-250r-glowica-biomasowa-gen4-do-ladowarki-i-reachera\/\"]}]},{\"@type\":\"ImageObject\",\"inLanguage\":\"pl-PL\",\"@id\":\"https:\/\/jak.fi\/pl\/produkty\/glowice-biomasowe-do-ladowarek-i-wysiegnikow\/jak-250r-glowica-biomasowa-gen4-do-ladowarki-i-reachera\/#primaryimage\",\"url\":\"https:\/\/jak.fi\/wp-content\/uploads\/2024\/06\/jak-250r-tree-shear-for-wheel-loaders-and-telehandlers-front-right-view-1.png\",\"contentUrl\":\"https:\/\/jak.fi\/wp-content\/uploads\/2024\/06\/jak-250r-tree-shear-for-wheel-loaders-and-telehandlers-front-right-view-1.png\",\"width\":1000,\"height\":666},{\"@type\":\"BreadcrumbList\",\"@id\":\"https:\/\/jak.fi\/pl\/produkty\/glowice-biomasowe-do-ladowarek-i-wysiegnikow\/jak-250r-glowica-biomasowa-gen4-do-ladowarki-i-reachera\/#breadcrumb\",\"itemListElement\":[{\"@type\":\"ListItem\",\"position\":1,\"name\":\"Etusivu\",\"item\":\"https:\/\/jak.fi\/pl\/\"},{\"@type\":\"ListItem\",\"position\":2,\"name\":\"Produkty\",\"item\":\"https:\/\/jak.fi\/pl\/produkty\/\"},{\"@type\":\"ListItem\",\"position\":3,\"name\":\"JAK-250R G\u0142owica biomasowa GEN4 do \u0142adowarki i reachera\"}]},{\"@type\":\"WebSite\",\"@id\":\"https:\/\/jak.fi\/pl\/#website\",\"url\":\"https:\/\/jak.fi\/pl\/\",\"name\":\"JAK-Metalli Oy\",\"description\":\"\",\"publisher\":{\"@id\":\"https:\/\/jak.fi\/pl\/#organization\"},\"alternateName\":\"JAK Tree shears\",\"potentialAction\":[{\"@type\":\"SearchAction\",\"target\":{\"@type\":\"EntryPoint\",\"urlTemplate\":\"https:\/\/jak.fi\/pl\/?s={search_term_string}\"},\"query-input\":{\"@type\":\"PropertyValueSpecification\",\"valueRequired\":true,\"valueName\":\"search_term_string\"}}],\"inLanguage\":\"pl-PL\"},{\"@type\":\"Organization\",\"@id\":\"https:\/\/jak.fi\/pl\/#organization\",\"name\":\"JAK-Metalli Oy\",\"alternateName\":\"JAK Tree shears\",\"url\":\"https:\/\/jak.fi\/pl\/\",\"logo\":{\"@type\":\"ImageObject\",\"inLanguage\":\"pl-PL\",\"@id\":\"https:\/\/jak.fi\/pl\/#\/schema\/logo\/image\/\",\"url\":\"https:\/\/jak.fi\/wp-content\/uploads\/2024\/09\/JAK-logo-696x696-1.jpg\",\"contentUrl\":\"https:\/\/jak.fi\/wp-content\/uploads\/2024\/09\/JAK-logo-696x696-1.jpg\",\"width\":696,\"height\":696,\"caption\":\"JAK-Metalli Oy\"},\"image\":{\"@id\":\"https:\/\/jak.fi\/pl\/#\/schema\/logo\/image\/\"},\"sameAs\":[\"https:\/\/www.facebook.com\/jaktreeshears\",\"https:\/\/www.instagram.com\/jaktreeshears\/\",\"https:\/\/www.youtube.com\/channel\/UCAwvaVhBBkPie8MeAGbdY1w\"]}]}<\/script>\n<!-- \/ Yoast SEO plugin. -->","yoast_head_json":{"title":"JAK-250R G\u0142owica biomasowa GEN4 do \u0142adowarki i reachera &#8211; JAK-Metalli Oy","description":"Chwytak energetyczny JAK-250R do \u0142adowarek teleskopowych to szybki i wydajny chwytak energetyczny, kt\u00f3ry z \u0142atwo\u015bci\u0105 tnie drzewa o grubo\u015bci do 250 mm.","robots":{"index":"index","follow":"follow","max-snippet":"max-snippet:-1","max-image-preview":"max-image-preview:large","max-video-preview":"max-video-preview:-1"},"canonical":"https:\/\/jak.fi\/pl\/produkty\/glowice-biomasowe-do-ladowarek-i-wysiegnikow\/jak-250r-glowica-biomasowa-gen4-do-ladowarki-i-reachera\/","og_locale":"pl_PL","og_type":"article","og_title":"JAK-250R G\u0142owica biomasowa GEN4 do \u0142adowarki i reachera &#8211; JAK-Metalli Oy","og_description":"Chwytak energetyczny JAK-250R do \u0142adowarek teleskopowych to szybki i wydajny chwytak energetyczny, kt\u00f3ry z \u0142atwo\u015bci\u0105 tnie drzewa o grubo\u015bci do 250 mm.","og_url":"https:\/\/jak.fi\/pl\/produkty\/glowice-biomasowe-do-ladowarek-i-wysiegnikow\/jak-250r-glowica-biomasowa-gen4-do-ladowarki-i-reachera\/","og_site_name":"JAK-Metalli Oy","article_publisher":"https:\/\/www.facebook.com\/jaktreeshears","article_modified_time":"2025-06-11T09:32:58+00:00","og_image":[{"width":1000,"height":666,"url":"https:\/\/jak.fi\/wp-content\/uploads\/2024\/06\/jak-250r-tree-shear-for-wheel-loaders-and-telehandlers-front-right-view-1.png","type":"image\/png"}],"twitter_card":"summary_large_image","twitter_misc":{"Szacowany czas czytania":"1 minuta"},"schema":{"@context":"https:\/\/schema.org","@graph":[{"@type":"WebPage","@id":"https:\/\/jak.fi\/pl\/produkty\/glowice-biomasowe-do-ladowarek-i-wysiegnikow\/jak-250r-glowica-biomasowa-gen4-do-ladowarki-i-reachera\/","url":"https:\/\/jak.fi\/pl\/produkty\/glowice-biomasowe-do-ladowarek-i-wysiegnikow\/jak-250r-glowica-biomasowa-gen4-do-ladowarki-i-reachera\/","name":"JAK-250R G\u0142owica biomasowa GEN4 do \u0142adowarki i reachera &#8211; JAK-Metalli Oy","isPartOf":{"@id":"https:\/\/jak.fi\/pl\/#website"},"primaryImageOfPage":{"@id":"https:\/\/jak.fi\/pl\/produkty\/glowice-biomasowe-do-ladowarek-i-wysiegnikow\/jak-250r-glowica-biomasowa-gen4-do-ladowarki-i-reachera\/#primaryimage"},"image":{"@id":"https:\/\/jak.fi\/pl\/produkty\/glowice-biomasowe-do-ladowarek-i-wysiegnikow\/jak-250r-glowica-biomasowa-gen4-do-ladowarki-i-reachera\/#primaryimage"},"thumbnailUrl":"https:\/\/jak.fi\/wp-content\/uploads\/2024\/06\/jak-250r-tree-shear-for-wheel-loaders-and-telehandlers-front-right-view-1.png","datePublished":"2024-06-03T05:21:37+00:00","dateModified":"2025-06-11T09:32:58+00:00","description":"Chwytak energetyczny JAK-250R do \u0142adowarek teleskopowych to szybki i wydajny chwytak energetyczny, kt\u00f3ry z \u0142atwo\u015bci\u0105 tnie drzewa o grubo\u015bci do 250 mm.","breadcrumb":{"@id":"https:\/\/jak.fi\/pl\/produkty\/glowice-biomasowe-do-ladowarek-i-wysiegnikow\/jak-250r-glowica-biomasowa-gen4-do-ladowarki-i-reachera\/#breadcrumb"},"inLanguage":"pl-PL","potentialAction":[{"@type":"ReadAction","target":["https:\/\/jak.fi\/pl\/produkty\/glowice-biomasowe-do-ladowarek-i-wysiegnikow\/jak-250r-glowica-biomasowa-gen4-do-ladowarki-i-reachera\/"]}]},{"@type":"ImageObject","inLanguage":"pl-PL","@id":"https:\/\/jak.fi\/pl\/produkty\/glowice-biomasowe-do-ladowarek-i-wysiegnikow\/jak-250r-glowica-biomasowa-gen4-do-ladowarki-i-reachera\/#primaryimage","url":"https:\/\/jak.fi\/wp-content\/uploads\/2024\/06\/jak-250r-tree-shear-for-wheel-loaders-and-telehandlers-front-right-view-1.png","contentUrl":"https:\/\/jak.fi\/wp-content\/uploads\/2024\/06\/jak-250r-tree-shear-for-wheel-loaders-and-telehandlers-front-right-view-1.png","width":1000,"height":666},{"@type":"BreadcrumbList","@id":"https:\/\/jak.fi\/pl\/produkty\/glowice-biomasowe-do-ladowarek-i-wysiegnikow\/jak-250r-glowica-biomasowa-gen4-do-ladowarki-i-reachera\/#breadcrumb","itemListElement":[{"@type":"ListItem","position":1,"name":"Etusivu","item":"https:\/\/jak.fi\/pl\/"},{"@type":"ListItem","position":2,"name":"Produkty","item":"https:\/\/jak.fi\/pl\/produkty\/"},{"@type":"ListItem","position":3,"name":"JAK-250R G\u0142owica biomasowa GEN4 do \u0142adowarki i reachera"}]},{"@type":"WebSite","@id":"https:\/\/jak.fi\/pl\/#website","url":"https:\/\/jak.fi\/pl\/","name":"JAK-Metalli Oy","description":"","publisher":{"@id":"https:\/\/jak.fi\/pl\/#organization"},"alternateName":"JAK Tree shears","potentialAction":[{"@type":"SearchAction","target":{"@type":"EntryPoint","urlTemplate":"https:\/\/jak.fi\/pl\/?s={search_term_string}"},"query-input":{"@type":"PropertyValueSpecification","valueRequired":true,"valueName":"search_term_string"}}],"inLanguage":"pl-PL"},{"@type":"Organization","@id":"https:\/\/jak.fi\/pl\/#organization","name":"JAK-Metalli Oy","alternateName":"JAK Tree shears","url":"https:\/\/jak.fi\/pl\/","logo":{"@type":"ImageObject","inLanguage":"pl-PL","@id":"https:\/\/jak.fi\/pl\/#\/schema\/logo\/image\/","url":"https:\/\/jak.fi\/wp-content\/uploads\/2024\/09\/JAK-logo-696x696-1.jpg","contentUrl":"https:\/\/jak.fi\/wp-content\/uploads\/2024\/09\/JAK-logo-696x696-1.jpg","width":696,"height":696,"caption":"JAK-Metalli Oy"},"image":{"@id":"https:\/\/jak.fi\/pl\/#\/schema\/logo\/image\/"},"sameAs":["https:\/\/www.facebook.com\/jaktreeshears","https:\/\/www.instagram.com\/jaktreeshears\/","https:\/\/www.youtube.com\/channel\/UCAwvaVhBBkPie8MeAGbdY1w"]}]}},"_links":{"self":[{"href":"https:\/\/jak.fi\/pl\/wp-json\/wp\/v2\/product\/9746","targetHints":{"allow":["GET"]}}],"collection":[{"href":"https:\/\/jak.fi\/pl\/wp-json\/wp\/v2\/product"}],"about":[{"href":"https:\/\/jak.fi\/pl\/wp-json\/wp\/v2\/types\/product"}],"wp:featuredmedia":[{"embeddable":true,"href":"https:\/\/jak.fi\/pl\/wp-json\/wp\/v2\/media\/9747"}],"wp:attachment":[{"href":"https:\/\/jak.fi\/pl\/wp-json\/wp\/v2\/media?parent=9746"}],"wp:term":[{"taxonomy":"product_brand","embeddable":true,"href":"https:\/\/jak.fi\/pl\/wp-json\/wp\/v2\/product_brand?post=9746"},{"taxonomy":"product_cat","embeddable":true,"href":"https:\/\/jak.fi\/pl\/wp-json\/wp\/v2\/product_cat?post=9746"},{"taxonomy":"product_tag","embeddable":true,"href":"https:\/\/jak.fi\/pl\/wp-json\/wp\/v2\/product_tag?post=9746"}],"curies":[{"name":"wp","href":"https:\/\/api.w.org\/{rel}","templated":true}]}}