{"id":5688,"date":"2024-05-21T06:14:16","date_gmt":"2024-05-21T03:14:16","guid":{"rendered":"https:\/\/jak.fi\/valj-den-basta-energigriparen-pa-marknaden-jak-energy-grabber\/"},"modified":"2025-06-11T15:35:39","modified_gmt":"2025-06-11T12:35:39","slug":"valj-den-basta-energigriparen-pa-marknaden-jak-energy-grabber","status":"publish","type":"page","link":"https:\/\/jak.fi\/sv\/","title":{"rendered":"JAK Energiklipp &#8211; V\u00e4lj det b\u00e4sta energigreppet p\u00e5 marknaden"},"content":{"rendered":"\n<h2 class=\"wp-block-heading has-text-align-center\">Varf\u00f6r v\u00e4lja JAK Energiklipp?<\/h2>\n\n\n\n<p class=\"has-text-align-center has-blue-color has-text-color has-link-color has-medium-font-size wp-elements-8f9af8590f522099ee002bd053b49c27\">JAK Energiklipp erbjuder h\u00f6gkvalitativa och h\u00e5llbara energiklipp som \u00e4r l\u00e4mpliga f\u00f6r gr\u00e4vmaskiner, hjullastare, teleskoplastare, traktorer och skogsmaskiner. Dessa energiklipp \u00e4r utformade f\u00f6r att vara ett effektivt verktyg vid avverkning, r\u00f6jning och andra skogsbruks\u00e5tg\u00e4rder. I v\u00e5rt sortiment hittar du olika storlekar och modeller som passar olika stora maskiner och arbetsuppgifter. Vi har ocks\u00e5 ett komplett utbud av tillbeh\u00f6r och kundanpassade speciall\u00f6sningar som g\u00f6r avverkningen smidigare och mer produktiv. L\u00e4s mer och hitta r\u00e4tt energiklipp f\u00f6r dina behov!<\/p>\n\n\n\n<div style=\"height:100px\" aria-hidden=\"true\" class=\"wp-block-spacer\"><\/div>\n\n\n\n<div class=\"wp-block-columns is-layout-flex wp-container-core-columns-is-layout-9d6595d7 wp-block-columns-is-layout-flex\">\n<div class=\"wp-block-column is-layout-flow wp-block-column-is-layout-flow\">\n<div class=\"wp-block-columns is-layout-flex wp-container-core-columns-is-layout-9d6595d7 wp-block-columns-is-layout-flex\">\n<div class=\"wp-block-column is-layout-flow wp-block-column-is-layout-flow\"><div class=\"wp-block-image\">\n<figure class=\"aligncenter size-full\"><img loading=\"lazy\" decoding=\"async\" width=\"72\" height=\"72\" src=\"https:\/\/jak.fi\/wp-content\/uploads\/2024\/06\/luokkansa-nopein.png\" alt=\"Hastighetsm\u00e4tarikon f\u00f6r att \u00e5terspegla energiklippets hastighet\" class=\"wp-image-858\"\/><\/figure>\n<\/div>\n\n\n<p class=\"has-text-align-center has-blue-color has-text-color has-link-color wp-elements-9de1b8120fdf66103a29d8eaa2cd64f8\"><strong>Alltid den snabbaste i sin klass.  <br><\/strong>eBoost\u00ae \u00f6kar energiklippets hastighet med upp till 100 %<\/p>\n<\/div>\n\n\n\n<div class=\"wp-block-column is-layout-flow wp-block-column-is-layout-flow\"><div class=\"wp-block-image\">\n<figure class=\"aligncenter size-full\"><img loading=\"lazy\" decoding=\"async\" width=\"70\" height=\"65\" src=\"https:\/\/jak.fi\/wp-content\/uploads\/2024\/06\/paras-takuu.png\" alt=\"En garantiikon f\u00f6r energiklipp med ett papper och en penna.\" class=\"wp-image-860\"\/><\/figure>\n<\/div>\n\n\n<p class=\"has-text-align-center has-blue-color has-text-color has-link-color wp-elements-a7badfef43189d020d3041667a6daae7\"><strong>Den b\u00e4sta garantin.  <br><\/strong>Testad under verkliga f\u00f6rh\u00e5llanden<\/p>\n<\/div>\n<\/div>\n<\/div>\n\n\n\n<div class=\"wp-block-column is-layout-flow wp-block-column-is-layout-flow\">\n<div class=\"wp-block-columns is-layout-flex wp-container-core-columns-is-layout-9d6595d7 wp-block-columns-is-layout-flex\">\n<div class=\"wp-block-column is-layout-flow wp-block-column-is-layout-flow\"><div class=\"wp-block-image\">\n<figure class=\"aligncenter size-full\"><img loading=\"lazy\" decoding=\"async\" width=\"66\" height=\"68\" src=\"https:\/\/jak.fi\/wp-content\/uploads\/2024\/06\/tehty-kestamaan.png\" alt=\"Certifikatdokument HIMB-ikon\" class=\"wp-image-864\"\/><\/figure>\n<\/div>\n\n\n<p class=\"has-text-align-center has-blue-color has-text-color has-link-color wp-elements-c31d319f5892c5991f189319ef228e8e\"><strong>Gjord f\u00f6r att h\u00e5lla.  <br><\/strong>Alla v\u00e5ra energiklipp \u00e4r HIMB-certifierade.<\/p>\n<\/div>\n\n\n\n<div class=\"wp-block-column is-layout-flow wp-block-column-is-layout-flow\"><div class=\"wp-block-image\">\n<figure class=\"aligncenter size-full\"><img loading=\"lazy\" decoding=\"async\" width=\"43\" height=\"75\" src=\"https:\/\/jak.fi\/wp-content\/uploads\/2024\/06\/suomalainen.png\" alt=\"En karta \u00f6ver Finland f\u00f6r att visa att v\u00e5ra energiklipp tillverkas och utformas i Finland.\" class=\"wp-image-862\"\/><\/figure>\n<\/div>\n\n\n<p class=\"has-text-align-center has-blue-color has-text-color has-link-color wp-elements-2df3f8585237c9465ccf03bdb3ec7d5b\"><strong>Finska.  <br><\/strong>Designad och tillverkad i Finland<\/p>\n<\/div>\n<\/div>\n<\/div>\n<\/div>\n\n\n\n<div class=\"wp-block-buttons is-content-justification-center is-layout-flex wp-container-core-buttons-is-layout-16018d1d wp-block-buttons-is-layout-flex\">\n<div class=\"wp-block-button is-style-fill\"><a class=\"wp-block-button__link has-white-color has-text-color has-link-color wp-element-button\" href=\"https:\/\/jak.fi\/sv\/energiklipp\/\">L\u00e4s mer<\/a><\/div>\n<\/div>\n","protected":false},"excerpt":{"rendered":"<p>Varf\u00f6r v\u00e4lja JAK Energiklipp? JAK Energiklipp erbjuder h\u00f6gkvalitativa och h\u00e5llbara energiklipp som \u00e4r l\u00e4mpliga f\u00f6r gr\u00e4vmaskiner, hjullastare, teleskoplastare, traktorer och skogsmaskiner. Dessa energiklipp \u00e4r utformade f\u00f6r att vara ett effektivt verktyg vid avverkning, r\u00f6jning och andra skogsbruks\u00e5tg\u00e4rder. I v\u00e5rt sortiment hittar du olika storlekar och modeller som passar olika stora maskiner och arbetsuppgifter. Vi har [&hellip;]<\/p>\n","protected":false},"author":1,"featured_media":17147,"parent":0,"menu_order":194,"comment_status":"closed","ping_status":"open","template":"","meta":{"_acf_changed":false,"footnotes":""},"class_list":["post-5688","page","type-page","status-publish","has-post-thumbnail","hentry"],"acf":[],"yoast_head":"<!-- This site is optimized with the Yoast SEO plugin v27.3 - https:\/\/yoast.com\/product\/yoast-seo-wordpress\/ -->\n<title>JAK Energiklipp - V\u00e4lj det b\u00e4sta energigreppet p\u00e5 marknaden &#8211; JAK-Metalli Oy<\/title>\n<meta name=\"description\" content=\"JAK Energiklipp \u2013 ett kraftfullt och h\u00e5llbart energiklipp f\u00f6r gr\u00e4vmaskiner, lastare och teleskoplastare. Tillverkad i Finland.\" \/>\n<meta name=\"robots\" content=\"index, follow, max-snippet:-1, max-image-preview:large, max-video-preview:-1\" \/>\n<link rel=\"canonical\" href=\"https:\/\/jak.fi\/sv\/\" \/>\n<meta property=\"og:locale\" content=\"sv_SE\" \/>\n<meta property=\"og:type\" content=\"article\" \/>\n<meta property=\"og:title\" content=\"JAK Energiklipp - V\u00e4lj det b\u00e4sta energigreppet p\u00e5 marknaden &#8211; JAK-Metalli Oy\" \/>\n<meta property=\"og:description\" content=\"JAK Energiklipp \u2013 ett kraftfullt och h\u00e5llbart energiklipp f\u00f6r gr\u00e4vmaskiner, lastare och teleskoplastare. Tillverkad i Finland.\" \/>\n<meta property=\"og:url\" content=\"https:\/\/jak.fi\/sv\/\" \/>\n<meta property=\"og:site_name\" content=\"JAK-Metalli Oy\" \/>\n<meta property=\"article:publisher\" content=\"https:\/\/www.facebook.com\/jaktreeshears\" \/>\n<meta property=\"article:modified_time\" content=\"2025-06-11T12:35:39+00:00\" \/>\n<meta property=\"og:image\" content=\"https:\/\/jak.fi\/wp-content\/uploads\/2024\/06\/jak-ylakuva-2.jpg\" \/>\n\t<meta property=\"og:image:width\" content=\"2000\" \/>\n\t<meta property=\"og:image:height\" content=\"900\" \/>\n\t<meta property=\"og:image:type\" content=\"image\/jpeg\" \/>\n<meta name=\"twitter:card\" content=\"summary_large_image\" \/>\n<meta name=\"twitter:label1\" content=\"Ber\u00e4knad l\u00e4stid\" \/>\n\t<meta name=\"twitter:data1\" content=\"2 minut\" \/>\n<script type=\"application\/ld+json\" class=\"yoast-schema-graph\">{\"@context\":\"https:\\\/\\\/schema.org\",\"@graph\":[{\"@type\":\"WebPage\",\"@id\":\"https:\\\/\\\/jak.fi\\\/sv\\\/\",\"url\":\"https:\\\/\\\/jak.fi\\\/sv\\\/\",\"name\":\"JAK Energiklipp - V\u00e4lj det b\u00e4sta energigreppet p\u00e5 marknaden &#8211; JAK-Metalli Oy\",\"isPartOf\":{\"@id\":\"https:\\\/\\\/jak.fi\\\/sv\\\/#website\"},\"primaryImageOfPage\":{\"@id\":\"https:\\\/\\\/jak.fi\\\/sv\\\/#primaryimage\"},\"image\":{\"@id\":\"https:\\\/\\\/jak.fi\\\/sv\\\/#primaryimage\"},\"thumbnailUrl\":\"https:\\\/\\\/jak.fi\\\/wp-content\\\/uploads\\\/2026\\\/03\\\/jak-ylakuva-test-2.webp\",\"datePublished\":\"2024-05-21T03:14:16+00:00\",\"dateModified\":\"2025-06-11T12:35:39+00:00\",\"description\":\"JAK Energiklipp \u2013 ett kraftfullt och h\u00e5llbart energiklipp f\u00f6r gr\u00e4vmaskiner, lastare och teleskoplastare. Tillverkad i Finland.\",\"breadcrumb\":{\"@id\":\"https:\\\/\\\/jak.fi\\\/sv\\\/#breadcrumb\"},\"inLanguage\":\"sv-SE\",\"potentialAction\":[{\"@type\":\"ReadAction\",\"target\":[\"https:\\\/\\\/jak.fi\\\/sv\\\/\"]}]},{\"@type\":\"ImageObject\",\"inLanguage\":\"sv-SE\",\"@id\":\"https:\\\/\\\/jak.fi\\\/sv\\\/#primaryimage\",\"url\":\"https:\\\/\\\/jak.fi\\\/wp-content\\\/uploads\\\/2026\\\/03\\\/jak-ylakuva-test-2.webp\",\"contentUrl\":\"https:\\\/\\\/jak.fi\\\/wp-content\\\/uploads\\\/2026\\\/03\\\/jak-ylakuva-test-2.webp\",\"width\":2000,\"height\":900},{\"@type\":\"BreadcrumbList\",\"@id\":\"https:\\\/\\\/jak.fi\\\/sv\\\/#breadcrumb\",\"itemListElement\":[{\"@type\":\"ListItem\",\"position\":1,\"name\":\"Etusivu\",\"item\":\"https:\\\/\\\/jak.fi\\\/sv\\\/\"},{\"@type\":\"ListItem\",\"position\":2,\"name\":\"JAK Energiklipp &#8211; V\u00e4lj det b\u00e4sta energigreppet p\u00e5 marknaden\"}]},{\"@type\":\"WebSite\",\"@id\":\"https:\\\/\\\/jak.fi\\\/sv\\\/#website\",\"url\":\"https:\\\/\\\/jak.fi\\\/sv\\\/\",\"name\":\"JAK-Metalli Oy\",\"description\":\"\",\"publisher\":{\"@id\":\"https:\\\/\\\/jak.fi\\\/sv\\\/#organization\"},\"alternateName\":\"JAK Tree shears\",\"potentialAction\":[{\"@type\":\"SearchAction\",\"target\":{\"@type\":\"EntryPoint\",\"urlTemplate\":\"https:\\\/\\\/jak.fi\\\/sv\\\/?s={search_term_string}\"},\"query-input\":{\"@type\":\"PropertyValueSpecification\",\"valueRequired\":true,\"valueName\":\"search_term_string\"}}],\"inLanguage\":\"sv-SE\"},{\"@type\":\"Organization\",\"@id\":\"https:\\\/\\\/jak.fi\\\/sv\\\/#organization\",\"name\":\"JAK-Metalli Oy\",\"alternateName\":\"JAK Tree shears\",\"url\":\"https:\\\/\\\/jak.fi\\\/sv\\\/\",\"logo\":{\"@type\":\"ImageObject\",\"inLanguage\":\"sv-SE\",\"@id\":\"https:\\\/\\\/jak.fi\\\/sv\\\/#\\\/schema\\\/logo\\\/image\\\/\",\"url\":\"https:\\\/\\\/jak.fi\\\/wp-content\\\/uploads\\\/2024\\\/09\\\/JAK-logo-696x696-1.jpg\",\"contentUrl\":\"https:\\\/\\\/jak.fi\\\/wp-content\\\/uploads\\\/2024\\\/09\\\/JAK-logo-696x696-1.jpg\",\"width\":696,\"height\":696,\"caption\":\"JAK-Metalli Oy\"},\"image\":{\"@id\":\"https:\\\/\\\/jak.fi\\\/sv\\\/#\\\/schema\\\/logo\\\/image\\\/\"},\"sameAs\":[\"https:\\\/\\\/www.facebook.com\\\/jaktreeshears\",\"https:\\\/\\\/www.instagram.com\\\/jaktreeshears\\\/\",\"https:\\\/\\\/www.youtube.com\\\/channel\\\/UCAwvaVhBBkPie8MeAGbdY1w\"]}]}<\/script>\n<!-- \/ Yoast SEO plugin. -->","yoast_head_json":{"title":"JAK Energiklipp - V\u00e4lj det b\u00e4sta energigreppet p\u00e5 marknaden &#8211; JAK-Metalli Oy","description":"JAK Energiklipp \u2013 ett kraftfullt och h\u00e5llbart energiklipp f\u00f6r gr\u00e4vmaskiner, lastare och teleskoplastare. Tillverkad i Finland.","robots":{"index":"index","follow":"follow","max-snippet":"max-snippet:-1","max-image-preview":"max-image-preview:large","max-video-preview":"max-video-preview:-1"},"canonical":"https:\/\/jak.fi\/sv\/","og_locale":"sv_SE","og_type":"article","og_title":"JAK Energiklipp - V\u00e4lj det b\u00e4sta energigreppet p\u00e5 marknaden &#8211; JAK-Metalli Oy","og_description":"JAK Energiklipp \u2013 ett kraftfullt och h\u00e5llbart energiklipp f\u00f6r gr\u00e4vmaskiner, lastare och teleskoplastare. Tillverkad i Finland.","og_url":"https:\/\/jak.fi\/sv\/","og_site_name":"JAK-Metalli Oy","article_publisher":"https:\/\/www.facebook.com\/jaktreeshears","article_modified_time":"2025-06-11T12:35:39+00:00","og_image":[{"width":2000,"height":900,"url":"https:\/\/jak.fi\/wp-content\/uploads\/2024\/06\/jak-ylakuva-2.jpg","type":"image\/jpeg"}],"twitter_card":"summary_large_image","twitter_misc":{"Ber\u00e4knad l\u00e4stid":"2 minut"},"schema":{"@context":"https:\/\/schema.org","@graph":[{"@type":"WebPage","@id":"https:\/\/jak.fi\/sv\/","url":"https:\/\/jak.fi\/sv\/","name":"JAK Energiklipp - V\u00e4lj det b\u00e4sta energigreppet p\u00e5 marknaden &#8211; JAK-Metalli Oy","isPartOf":{"@id":"https:\/\/jak.fi\/sv\/#website"},"primaryImageOfPage":{"@id":"https:\/\/jak.fi\/sv\/#primaryimage"},"image":{"@id":"https:\/\/jak.fi\/sv\/#primaryimage"},"thumbnailUrl":"https:\/\/jak.fi\/wp-content\/uploads\/2026\/03\/jak-ylakuva-test-2.webp","datePublished":"2024-05-21T03:14:16+00:00","dateModified":"2025-06-11T12:35:39+00:00","description":"JAK Energiklipp \u2013 ett kraftfullt och h\u00e5llbart energiklipp f\u00f6r gr\u00e4vmaskiner, lastare och teleskoplastare. Tillverkad i Finland.","breadcrumb":{"@id":"https:\/\/jak.fi\/sv\/#breadcrumb"},"inLanguage":"sv-SE","potentialAction":[{"@type":"ReadAction","target":["https:\/\/jak.fi\/sv\/"]}]},{"@type":"ImageObject","inLanguage":"sv-SE","@id":"https:\/\/jak.fi\/sv\/#primaryimage","url":"https:\/\/jak.fi\/wp-content\/uploads\/2026\/03\/jak-ylakuva-test-2.webp","contentUrl":"https:\/\/jak.fi\/wp-content\/uploads\/2026\/03\/jak-ylakuva-test-2.webp","width":2000,"height":900},{"@type":"BreadcrumbList","@id":"https:\/\/jak.fi\/sv\/#breadcrumb","itemListElement":[{"@type":"ListItem","position":1,"name":"Etusivu","item":"https:\/\/jak.fi\/sv\/"},{"@type":"ListItem","position":2,"name":"JAK Energiklipp &#8211; V\u00e4lj det b\u00e4sta energigreppet p\u00e5 marknaden"}]},{"@type":"WebSite","@id":"https:\/\/jak.fi\/sv\/#website","url":"https:\/\/jak.fi\/sv\/","name":"JAK-Metalli Oy","description":"","publisher":{"@id":"https:\/\/jak.fi\/sv\/#organization"},"alternateName":"JAK Tree shears","potentialAction":[{"@type":"SearchAction","target":{"@type":"EntryPoint","urlTemplate":"https:\/\/jak.fi\/sv\/?s={search_term_string}"},"query-input":{"@type":"PropertyValueSpecification","valueRequired":true,"valueName":"search_term_string"}}],"inLanguage":"sv-SE"},{"@type":"Organization","@id":"https:\/\/jak.fi\/sv\/#organization","name":"JAK-Metalli Oy","alternateName":"JAK Tree shears","url":"https:\/\/jak.fi\/sv\/","logo":{"@type":"ImageObject","inLanguage":"sv-SE","@id":"https:\/\/jak.fi\/sv\/#\/schema\/logo\/image\/","url":"https:\/\/jak.fi\/wp-content\/uploads\/2024\/09\/JAK-logo-696x696-1.jpg","contentUrl":"https:\/\/jak.fi\/wp-content\/uploads\/2024\/09\/JAK-logo-696x696-1.jpg","width":696,"height":696,"caption":"JAK-Metalli Oy"},"image":{"@id":"https:\/\/jak.fi\/sv\/#\/schema\/logo\/image\/"},"sameAs":["https:\/\/www.facebook.com\/jaktreeshears","https:\/\/www.instagram.com\/jaktreeshears\/","https:\/\/www.youtube.com\/channel\/UCAwvaVhBBkPie8MeAGbdY1w"]}]}},"_links":{"self":[{"href":"https:\/\/jak.fi\/sv\/wp-json\/wp\/v2\/pages\/5688","targetHints":{"allow":["GET"]}}],"collection":[{"href":"https:\/\/jak.fi\/sv\/wp-json\/wp\/v2\/pages"}],"about":[{"href":"https:\/\/jak.fi\/sv\/wp-json\/wp\/v2\/types\/page"}],"author":[{"embeddable":true,"href":"https:\/\/jak.fi\/sv\/wp-json\/wp\/v2\/users\/1"}],"replies":[{"embeddable":true,"href":"https:\/\/jak.fi\/sv\/wp-json\/wp\/v2\/comments?post=5688"}],"version-history":[{"count":20,"href":"https:\/\/jak.fi\/sv\/wp-json\/wp\/v2\/pages\/5688\/revisions"}],"predecessor-version":[{"id":10269,"href":"https:\/\/jak.fi\/sv\/wp-json\/wp\/v2\/pages\/5688\/revisions\/10269"}],"wp:featuredmedia":[{"embeddable":true,"href":"https:\/\/jak.fi\/sv\/wp-json\/wp\/v2\/media\/17147"}],"wp:attachment":[{"href":"https:\/\/jak.fi\/sv\/wp-json\/wp\/v2\/media?parent=5688"}],"curies":[{"name":"wp","href":"https:\/\/api.w.org\/{rel}","templated":true}]}}