{"id":5701,"date":"2024-05-21T15:31:08","date_gmt":"2024-05-21T12:31:08","guid":{"rendered":"https:\/\/jak.fi\/vanliga-fragor\/"},"modified":"2025-04-17T13:48:23","modified_gmt":"2025-04-17T10:48:23","slug":"vanliga-fragor","status":"publish","type":"page","link":"https:\/\/jak.fi\/sv\/vanliga-fragor\/","title":{"rendered":"VANLIGA FR\u00c5GOR"},"content":{"rendered":"\n<h2 class=\"wp-block-heading has-text-align-center\">Svar p\u00e5 de vanligaste fr\u00e5gorna<\/h2>\n\n<div style=\"height:100px\" aria-hidden=\"true\" class=\"wp-block-spacer\"><\/div>\n\n<p class=\"has-red-color has-text-color has-link-color wp-elements-27a1bab9da5faa6226552c26b5ff06ae\"><strong>Fungerar energiklippet genom rotatorn?<\/strong><\/p>\n\n<p>Det fungerar. Genom att utrusta energiklippet med eBoost hydrauliksystem och LP-cylindern fungerar energiklippet snabbt och kraftfullt. <\/p>\n\n<p><\/p>\n\n<p class=\"has-red-color has-text-color has-link-color wp-elements-c305b3dac5844eda86e9f22743fb4e3c\"><strong>Vad kr\u00e4ver en samlare av en basmaskin f\u00f6r att fungera?<\/strong><\/p>\n\n<p>Det r\u00e4cker med ett dubbelverkande hydraulsystem. Beroende p\u00e5 basmaskinens kapacitet \u00f6verv\u00e4gs alltid det b\u00e4sta alternativet f\u00f6r implementering av kopplingen. <\/p>\n\n<p><\/p>\n\n<p class=\"has-red-color has-text-color has-link-color wp-elements-56b4d338d77a80872250ff602d1af44c\"><strong>Hur mycket tr\u00e4 kan samlas in i en storbeh\u00e5llare?<\/strong><\/p>\n\n<p>Genom diametern p\u00e5 sk\u00e4rbladet. S\u00e5 till exempel kan du i en JAK-300 massainsamlare samla in 300 mm tr\u00e4 fr\u00e5n rot\u00e4nden. <\/p>\n\n<p><\/p>\n\n<p class=\"has-red-color has-text-color has-link-color wp-elements-3e7a42eb7fc060048484823e466b7825\"><strong>Hur mycket oljetryck\/litrar beh\u00f6ver energiklippet?<\/strong><\/p>\n\n<p>Kontrollera den tekniska informationen p\u00e5 produktsidan f\u00f6r det specifika energiklippet.<\/p>\n\n<p><\/p>\n\n<p class=\"has-red-color has-text-color has-link-color wp-elements-3cd18d39c3b4d83e390f7ade43eb8777\"><strong>Finns det en besk\u00e4rningsfunktion p\u00e5 energiklippet?<\/strong><\/p>\n\n<p>Nej.<\/p>\n\n<p><\/p>\n\n<p class=\"has-red-color has-text-color has-link-color wp-elements-cce43cd21358cc96ecb22dd54ce3b8df\"><strong>Finns giljotin tillg\u00e4nglig i andra storlekar \u00e4n 350?<\/strong><\/p>\n\n<p>Nej.<\/p>\n\n<p><\/p>\n\n<p class=\"has-red-color has-text-color has-link-color wp-elements-0fd73f1e297e3bd4f74641c06f6354a8\"><strong>Finns det en samlare tillg\u00e4nglig f\u00f6r K-seriens energiklipp?<\/strong><\/p>\n\n<p>Nej.<\/p>\n\n<p><\/p>\n\n<p class=\"has-red-color has-text-color has-link-color wp-elements-a2815340fae91404d664238463090ca6\"><strong>Finns det en samlare tillg\u00e4nglig f\u00f6r energiklippet JAK-200B?<\/strong><\/p>\n\n<p>Ja.<\/p>\n\n<p><\/p>\n\n<p class=\"has-red-color has-text-color has-link-color wp-elements-bd667c5af886b22fc1950ae7a19f9d22\"><strong>Vad \u00e4r b\u00e4ttre med JAK energiklipp \u00e4n andra energiklipp?<\/strong><\/p>\n\n<p>Bland annat garanti, f\u00f6rdelarna med eBoost hydrauliksystem, tillverkningen av alla energiklipp fr\u00e5n b\u00f6rjan till slut p\u00e5 egna fabriker och HIMB-certifikatet.<\/p>\n\n<p><\/p>\n\n<p class=\"has-red-color has-text-color has-link-color wp-elements-8a529dd0e2f03ee32e85c3f11dbff80a\"><strong>Packas sn\u00f6\/ol\u00e4mplig smuts inuti energiklippet?<\/strong><\/p>\n\n<p>Tack vare den \u00f6ppna konstruktionen packas inte sn\u00f6 och smuts inuti energiklippet.<\/p>\n\n<p><\/p>\n\n<p class=\"has-red-color has-text-color has-link-color wp-elements-96554e994c5089330734ee516519e304\"><strong>Kommer garantin att fungera om behovet uppst\u00e5r?<\/strong><\/p>\n\n<p>Naturligtvis! Alla garantianspr\u00e5k kommer att hanteras snabbt och eventuella skador under garantin kommer att \u00e5tg\u00e4rdas. <\/p>\n","protected":false},"excerpt":{"rendered":"<p>Svar p\u00e5 de vanligaste fr\u00e5gorna Fungerar energiklippet genom rotatorn? Det fungerar. Genom att utrusta energiklippet med eBoost hydrauliksystem och LP-cylindern fungerar energiklippet snabbt och kraftfullt. Vad kr\u00e4ver en samlare av en basmaskin f\u00f6r att fungera? Det r\u00e4cker med ett dubbelverkande hydraulsystem. Beroende p\u00e5 basmaskinens kapacitet \u00f6verv\u00e4gs alltid det b\u00e4sta alternativet f\u00f6r implementering av kopplingen. Hur [&hellip;]<\/p>\n","protected":false},"author":1,"featured_media":0,"parent":0,"menu_order":159,"comment_status":"closed","ping_status":"closed","template":"page-narrow.php","meta":{"_acf_changed":false,"footnotes":""},"class_list":["post-5701","page","type-page","status-publish","hentry"],"acf":[],"yoast_head":"<!-- This site is optimized with the Yoast SEO plugin v27.2 - https:\/\/yoast.com\/product\/yoast-seo-wordpress\/ -->\n<title>VANLIGA FR\u00c5GOR &#8211; JAK-Metalli Oy<\/title>\n<meta name=\"description\" content=\"Svar p\u00e5 vanliga fr\u00e5gor om energiklipp, installation och anv\u00e4ndning. Hitta l\u00f6sningar enkelt p\u00e5 ett och samma st\u00e4lle.\" \/>\n<meta name=\"robots\" content=\"index, follow, max-snippet:-1, max-image-preview:large, max-video-preview:-1\" \/>\n<link rel=\"canonical\" href=\"https:\/\/jak.fi\/sv\/vanliga-fragor\/\" \/>\n<meta property=\"og:locale\" content=\"sv_SE\" \/>\n<meta property=\"og:type\" content=\"article\" \/>\n<meta property=\"og:title\" content=\"VANLIGA FR\u00c5GOR &#8211; JAK-Metalli Oy\" \/>\n<meta property=\"og:description\" content=\"Svar p\u00e5 vanliga fr\u00e5gor om energiklipp, installation och anv\u00e4ndning. Hitta l\u00f6sningar enkelt p\u00e5 ett och samma st\u00e4lle.\" \/>\n<meta property=\"og:url\" content=\"https:\/\/jak.fi\/sv\/vanliga-fragor\/\" \/>\n<meta property=\"og:site_name\" content=\"JAK-Metalli Oy\" \/>\n<meta property=\"article:publisher\" content=\"https:\/\/www.facebook.com\/jaktreeshears\" \/>\n<meta property=\"article:modified_time\" content=\"2025-04-17T10:48:23+00:00\" \/>\n<meta property=\"og:image\" content=\"https:\/\/jak.fi\/wp-content\/uploads\/2024\/05\/jak-ylakuva-1-2000x600px-1.jpg\" \/>\n\t<meta property=\"og:image:width\" content=\"2000\" \/>\n\t<meta property=\"og:image:height\" content=\"600\" \/>\n\t<meta property=\"og:image:type\" content=\"image\/jpeg\" \/>\n<meta name=\"twitter:card\" content=\"summary_large_image\" \/>\n<meta name=\"twitter:label1\" content=\"Ber\u00e4knad l\u00e4stid\" \/>\n\t<meta name=\"twitter:data1\" content=\"1 minut\" \/>\n<script type=\"application\/ld+json\" class=\"yoast-schema-graph\">{\"@context\":\"https:\/\/schema.org\",\"@graph\":[{\"@type\":\"WebPage\",\"@id\":\"https:\/\/jak.fi\/sv\/vanliga-fragor\/\",\"url\":\"https:\/\/jak.fi\/sv\/vanliga-fragor\/\",\"name\":\"VANLIGA FR\u00c5GOR &#8211; JAK-Metalli Oy\",\"isPartOf\":{\"@id\":\"https:\/\/jak.fi\/sv\/#website\"},\"datePublished\":\"2024-05-21T12:31:08+00:00\",\"dateModified\":\"2025-04-17T10:48:23+00:00\",\"description\":\"Svar p\u00e5 vanliga fr\u00e5gor om energiklipp, installation och anv\u00e4ndning. Hitta l\u00f6sningar enkelt p\u00e5 ett och samma st\u00e4lle.\",\"breadcrumb\":{\"@id\":\"https:\/\/jak.fi\/sv\/vanliga-fragor\/#breadcrumb\"},\"inLanguage\":\"sv-SE\",\"potentialAction\":[{\"@type\":\"ReadAction\",\"target\":[\"https:\/\/jak.fi\/sv\/vanliga-fragor\/\"]}]},{\"@type\":\"BreadcrumbList\",\"@id\":\"https:\/\/jak.fi\/sv\/vanliga-fragor\/#breadcrumb\",\"itemListElement\":[{\"@type\":\"ListItem\",\"position\":1,\"name\":\"Etusivu\",\"item\":\"https:\/\/jak.fi\/sv\/\"},{\"@type\":\"ListItem\",\"position\":2,\"name\":\"VANLIGA FR\u00c5GOR\"}]},{\"@type\":\"WebSite\",\"@id\":\"https:\/\/jak.fi\/sv\/#website\",\"url\":\"https:\/\/jak.fi\/sv\/\",\"name\":\"JAK-Metalli Oy\",\"description\":\"\",\"publisher\":{\"@id\":\"https:\/\/jak.fi\/sv\/#organization\"},\"alternateName\":\"JAK Tree shears\",\"potentialAction\":[{\"@type\":\"SearchAction\",\"target\":{\"@type\":\"EntryPoint\",\"urlTemplate\":\"https:\/\/jak.fi\/sv\/?s={search_term_string}\"},\"query-input\":{\"@type\":\"PropertyValueSpecification\",\"valueRequired\":true,\"valueName\":\"search_term_string\"}}],\"inLanguage\":\"sv-SE\"},{\"@type\":\"Organization\",\"@id\":\"https:\/\/jak.fi\/sv\/#organization\",\"name\":\"JAK-Metalli Oy\",\"alternateName\":\"JAK Tree shears\",\"url\":\"https:\/\/jak.fi\/sv\/\",\"logo\":{\"@type\":\"ImageObject\",\"inLanguage\":\"sv-SE\",\"@id\":\"https:\/\/jak.fi\/sv\/#\/schema\/logo\/image\/\",\"url\":\"https:\/\/jak.fi\/wp-content\/uploads\/2024\/09\/JAK-logo-696x696-1.jpg\",\"contentUrl\":\"https:\/\/jak.fi\/wp-content\/uploads\/2024\/09\/JAK-logo-696x696-1.jpg\",\"width\":696,\"height\":696,\"caption\":\"JAK-Metalli Oy\"},\"image\":{\"@id\":\"https:\/\/jak.fi\/sv\/#\/schema\/logo\/image\/\"},\"sameAs\":[\"https:\/\/www.facebook.com\/jaktreeshears\",\"https:\/\/www.instagram.com\/jaktreeshears\/\",\"https:\/\/www.youtube.com\/channel\/UCAwvaVhBBkPie8MeAGbdY1w\"]}]}<\/script>\n<!-- \/ Yoast SEO plugin. -->","yoast_head_json":{"title":"VANLIGA FR\u00c5GOR &#8211; JAK-Metalli Oy","description":"Svar p\u00e5 vanliga fr\u00e5gor om energiklipp, installation och anv\u00e4ndning. Hitta l\u00f6sningar enkelt p\u00e5 ett och samma st\u00e4lle.","robots":{"index":"index","follow":"follow","max-snippet":"max-snippet:-1","max-image-preview":"max-image-preview:large","max-video-preview":"max-video-preview:-1"},"canonical":"https:\/\/jak.fi\/sv\/vanliga-fragor\/","og_locale":"sv_SE","og_type":"article","og_title":"VANLIGA FR\u00c5GOR &#8211; JAK-Metalli Oy","og_description":"Svar p\u00e5 vanliga fr\u00e5gor om energiklipp, installation och anv\u00e4ndning. Hitta l\u00f6sningar enkelt p\u00e5 ett och samma st\u00e4lle.","og_url":"https:\/\/jak.fi\/sv\/vanliga-fragor\/","og_site_name":"JAK-Metalli Oy","article_publisher":"https:\/\/www.facebook.com\/jaktreeshears","article_modified_time":"2025-04-17T10:48:23+00:00","og_image":[{"width":2000,"height":600,"url":"https:\/\/jak.fi\/wp-content\/uploads\/2024\/05\/jak-ylakuva-1-2000x600px-1.jpg","type":"image\/jpeg"}],"twitter_card":"summary_large_image","twitter_misc":{"Ber\u00e4knad l\u00e4stid":"1 minut"},"schema":{"@context":"https:\/\/schema.org","@graph":[{"@type":"WebPage","@id":"https:\/\/jak.fi\/sv\/vanliga-fragor\/","url":"https:\/\/jak.fi\/sv\/vanliga-fragor\/","name":"VANLIGA FR\u00c5GOR &#8211; JAK-Metalli Oy","isPartOf":{"@id":"https:\/\/jak.fi\/sv\/#website"},"datePublished":"2024-05-21T12:31:08+00:00","dateModified":"2025-04-17T10:48:23+00:00","description":"Svar p\u00e5 vanliga fr\u00e5gor om energiklipp, installation och anv\u00e4ndning. Hitta l\u00f6sningar enkelt p\u00e5 ett och samma st\u00e4lle.","breadcrumb":{"@id":"https:\/\/jak.fi\/sv\/vanliga-fragor\/#breadcrumb"},"inLanguage":"sv-SE","potentialAction":[{"@type":"ReadAction","target":["https:\/\/jak.fi\/sv\/vanliga-fragor\/"]}]},{"@type":"BreadcrumbList","@id":"https:\/\/jak.fi\/sv\/vanliga-fragor\/#breadcrumb","itemListElement":[{"@type":"ListItem","position":1,"name":"Etusivu","item":"https:\/\/jak.fi\/sv\/"},{"@type":"ListItem","position":2,"name":"VANLIGA FR\u00c5GOR"}]},{"@type":"WebSite","@id":"https:\/\/jak.fi\/sv\/#website","url":"https:\/\/jak.fi\/sv\/","name":"JAK-Metalli Oy","description":"","publisher":{"@id":"https:\/\/jak.fi\/sv\/#organization"},"alternateName":"JAK Tree shears","potentialAction":[{"@type":"SearchAction","target":{"@type":"EntryPoint","urlTemplate":"https:\/\/jak.fi\/sv\/?s={search_term_string}"},"query-input":{"@type":"PropertyValueSpecification","valueRequired":true,"valueName":"search_term_string"}}],"inLanguage":"sv-SE"},{"@type":"Organization","@id":"https:\/\/jak.fi\/sv\/#organization","name":"JAK-Metalli Oy","alternateName":"JAK Tree shears","url":"https:\/\/jak.fi\/sv\/","logo":{"@type":"ImageObject","inLanguage":"sv-SE","@id":"https:\/\/jak.fi\/sv\/#\/schema\/logo\/image\/","url":"https:\/\/jak.fi\/wp-content\/uploads\/2024\/09\/JAK-logo-696x696-1.jpg","contentUrl":"https:\/\/jak.fi\/wp-content\/uploads\/2024\/09\/JAK-logo-696x696-1.jpg","width":696,"height":696,"caption":"JAK-Metalli Oy"},"image":{"@id":"https:\/\/jak.fi\/sv\/#\/schema\/logo\/image\/"},"sameAs":["https:\/\/www.facebook.com\/jaktreeshears","https:\/\/www.instagram.com\/jaktreeshears\/","https:\/\/www.youtube.com\/channel\/UCAwvaVhBBkPie8MeAGbdY1w"]}]}},"_links":{"self":[{"href":"https:\/\/jak.fi\/sv\/wp-json\/wp\/v2\/pages\/5701","targetHints":{"allow":["GET"]}}],"collection":[{"href":"https:\/\/jak.fi\/sv\/wp-json\/wp\/v2\/pages"}],"about":[{"href":"https:\/\/jak.fi\/sv\/wp-json\/wp\/v2\/types\/page"}],"author":[{"embeddable":true,"href":"https:\/\/jak.fi\/sv\/wp-json\/wp\/v2\/users\/1"}],"replies":[{"embeddable":true,"href":"https:\/\/jak.fi\/sv\/wp-json\/wp\/v2\/comments?post=5701"}],"version-history":[{"count":5,"href":"https:\/\/jak.fi\/sv\/wp-json\/wp\/v2\/pages\/5701\/revisions"}],"predecessor-version":[{"id":8076,"href":"https:\/\/jak.fi\/sv\/wp-json\/wp\/v2\/pages\/5701\/revisions\/8076"}],"wp:attachment":[{"href":"https:\/\/jak.fi\/sv\/wp-json\/wp\/v2\/media?parent=5701"}],"curies":[{"name":"wp","href":"https:\/\/api.w.org\/{rel}","templated":true}]}}