{"id":5724,"date":"2024-05-28T09:31:14","date_gmt":"2024-05-28T06:31:14","guid":{"rendered":"https:\/\/jak.fi\/foretag\/jak-som-foretag\/"},"modified":"2025-04-01T09:56:58","modified_gmt":"2025-04-01T06:56:58","slug":"jak-som-foretag","status":"publish","type":"page","link":"https:\/\/jak.fi\/sv\/foretag\/jak-som-foretag\/","title":{"rendered":"JAK Som f\u00f6retag"},"content":{"rendered":"\n<h2 class=\"wp-block-heading has-text-align-center\">Originala JAK energiklipp sedan 2012<\/h2>\n\n<div style=\"height:35px\" aria-hidden=\"true\" class=\"wp-block-spacer\"><\/div>\n\n<div class=\"wp-block-columns is-layout-flex wp-container-core-columns-is-layout-9d6595d7 wp-block-columns-is-layout-flex\">\n<div class=\"wp-block-column is-layout-flow wp-block-column-is-layout-flow\">\n<p>JAK-Metalli Oy \u00e4r ett exportf\u00f6retag inom metallindustrin och en av de f\u00f6rsta utvecklarna och tillverkarna av energivedsklipp p\u00e5 marknaden. Finl\u00e4ndare \u00e4r k\u00e4nda f\u00f6r sin utm\u00e4rkta kompetens inom skogsindustrin och skogsbruk \u2013 och vi \u00e4r inget undantag. V\u00e5ra energiklipp har utvecklats till sin nuvarande form genom m\u00e5lmedveten design- och utvecklingsarbete samt ett l\u00e5ngvarigt samarbete med yrkesverksamma inom branschen.  <\/p>\n<\/div>\n\n\n\n<div class=\"wp-block-column is-layout-flow wp-block-column-is-layout-flow\">\n<ul class=\"wp-block-list\">\n<li>Etablerades 2012<\/li>\n\n\n\n<li>Specialiserad p\u00e5 tillverkning av tillbeh\u00f6r till gr\u00e4vmaskiner och skogsmaskiner<\/li>\n\n\n\n<li>Globalt distributionsn\u00e4tverk<\/li>\n\n\n\n<li>Produktion i tv\u00e5 fabriker<\/li>\n\n\n\n<li>Kontor i M\u00e4ntt\u00e4-Vilppula, Finland<\/li>\n\n\n\n<li>JAK energiklipp har s\u00e5lts till \u00f6ver 30 olika l\u00e4nder.<\/li>\n<\/ul>\n<\/div>\n<\/div>\n\n<p>V\u00e5ra produkter har varit betrodda av yrkesverksamma runt om i v\u00e4rlden i m\u00e5nga \u00e5r. Vi har internationella distribut\u00f6rer p\u00e5 n\u00e4stan alla kontinenter och v\u00e5rt n\u00e4tverk v\u00e4xer. V\u00e5rt f\u00f6retag \u00e4r inriktat p\u00e5 internationalisering, vilket starkt \u00e5terspeglas i v\u00e5rt produktions- och utvecklingsarbete, eftersom kraven p\u00e5 energigreppets egenskaper skiljer sig \u00e5t i olika delar av v\u00e4rlden.  <\/p>\n\n<div style=\"height:30px\" aria-hidden=\"true\" class=\"wp-block-spacer\"><\/div>\n\n<div class=\"wp-block-columns is-layout-flex wp-container-core-columns-is-layout-9d6595d7 wp-block-columns-is-layout-flex\">\n<div class=\"wp-block-column is-layout-flow wp-block-column-is-layout-flow\">\n<h2 class=\"wp-block-heading\">Uppdrag<\/h2>\n\n\n\n<p>Vi lyckas tillsammans med v\u00e5ra kunder<\/p>\n<\/div>\n\n\n\n<div class=\"wp-block-column is-layout-flow wp-block-column-is-layout-flow\">\n<h2 class=\"wp-block-heading\">V\u00e4rden<\/h2>\n\n\n\n<ul class=\"wp-block-list\">\n<li>Vi bryr oss om v\u00e5ra kunder och om varandra<\/li>\n\n\n\n<li>Vi behandlar alla med respekt<\/li>\n\n\n\n<li>Vi g\u00f6r v\u00e5rt b\u00e4sta varje dag<\/li>\n\n\n\n<li>Vi h\u00e5ller v\u00e5ra l\u00f6ften och tar v\u00e5rt ansvar<\/li>\n\n\n\n<li>Vi utvecklar v\u00e5r verksamhet p\u00e5 ett milj\u00f6- och kundorienterat s\u00e4tt<\/li>\n\n\n\n<li>Vi v\u00e5gar vara nyfikna och f\u00f6rv\u00e4ntansfulla inf\u00f6r det nya<\/li>\n<\/ul>\n<\/div>\n\n\n\n<div class=\"wp-block-column is-layout-flow wp-block-column-is-layout-flow\">\n<h2 class=\"wp-block-heading\">Visio<\/h2>\n\n\n\n<p>Vi \u00e4r den b\u00e4sta, mest eftertraktade och p\u00e5litligaste partnern internationellt som tillverkare av energiklipp.<\/p>\n<\/div>\n<\/div>\n\n<div class=\"wp-block-columns are-vertically-aligned-top is-layout-flex wp-container-core-columns-is-layout-9d6595d7 wp-block-columns-is-layout-flex\">\n<div class=\"wp-block-column is-vertically-aligned-top is-layout-flow wp-block-column-is-layout-flow\">\n<figure class=\"wp-block-image size-large\"><img loading=\"lazy\" decoding=\"async\" width=\"1200\" height=\"802\" src=\"https:\/\/jak.fi\/wp-content\/uploads\/2024\/06\/jak-metalli-oy-production-23-scaled-1-1200x802.jpg\" alt=\"\" class=\"wp-image-635\" srcset=\"https:\/\/jak.fi\/wp-content\/uploads\/2024\/06\/jak-metalli-oy-production-23-scaled-1-1200x802.jpg 1200w, https:\/\/jak.fi\/wp-content\/uploads\/2024\/06\/jak-metalli-oy-production-23-scaled-1-700x468.jpg 700w, https:\/\/jak.fi\/wp-content\/uploads\/2024\/06\/jak-metalli-oy-production-23-scaled-1-768x513.jpg 768w, https:\/\/jak.fi\/wp-content\/uploads\/2024\/06\/jak-metalli-oy-production-23-scaled-1-1536x1026.jpg 1536w, https:\/\/jak.fi\/wp-content\/uploads\/2024\/06\/jak-metalli-oy-production-23-scaled-1-2048x1368.jpg 2048w, https:\/\/jak.fi\/wp-content\/uploads\/2024\/06\/jak-metalli-oy-production-23-scaled-1-800x534.jpg 800w\" sizes=\"auto, (max-width: 1200px) 100vw, 1200px\" \/><\/figure>\n<\/div>\n\n\n\n<div class=\"wp-block-column is-vertically-aligned-top is-layout-flow wp-block-column-is-layout-flow\">\n<h2 class=\"wp-block-heading\">Partnerskap f\u00f6r Hardox\u00ae In My Body<\/h2>\n\n\n\n<p>JAK-Metalli Oy har varit en SSAB Hardox\u00ae In My Body-partner sedan starten, och alla v\u00e5ra energiklipp har en HARDOX\u00ae-m\u00e4rkning som garanterar anv\u00e4ndningen av \u00e4kta Hardox\u00ae slitst\u00e5l i produkten. I den bifogade videon ber\u00e4ttar vi om tillverkningen av JAK energiklipp och samarbetet med HARDOX\u00ae. <\/p>\n<\/div>\n<\/div>\n\n<figure class=\"wp-block-embed is-type-video is-provider-youtube wp-block-embed-youtube wp-embed-aspect-16-9 wp-has-aspect-ratio\"><div class=\"wp-block-embed__wrapper\">\n<iframe loading=\"lazy\" title=\"Hardox\u00ae wear plate in JAK Tree Sheers for durability and productivity\" width=\"500\" height=\"281\" src=\"https:\/\/www.youtube.com\/embed\/w6100b1gxM4?feature=oembed\" frameborder=\"0\" allow=\"accelerometer; autoplay; clipboard-write; encrypted-media; gyroscope; picture-in-picture; web-share\" referrerpolicy=\"strict-origin-when-cross-origin\" allowfullscreen><\/iframe>\n<\/div><\/figure>\n\n<h2 class=\"wp-block-heading\">JAK-Metalli Oy:s h\u00f6gkvalitativa produktionsanl\u00e4ggningar<\/h2>\n\n<div class=\"wp-block-columns is-layout-flex wp-container-core-columns-is-layout-9d6595d7 wp-block-columns-is-layout-flex\">\n<div class=\"wp-block-column is-layout-flow wp-block-column-is-layout-flow\">\n<p>F\u00f6r oss \u00e4r det viktigt att vara n\u00e4rvarande i de olika stegen av produktionsprocessen. P\u00e5 s\u00e5 s\u00e4tt kan vi s\u00e4kerst\u00e4lla att v\u00e5ra kvalitetskriterier uppfylls och veta att vi alltid levererar h\u00f6gkvalitativa produkter till slutanv\u00e4ndare \u00f6ver hela v\u00e4rlden via v\u00e5ra \u00e5terf\u00f6rs\u00e4ljare. Av dessa sk\u00e4l tillverkar vi JAK energiklipp helt och h\u00e5llet p\u00e5 v\u00e5r fabrik i M\u00e4ntt\u00e4-Vilppula.  <\/p>\n\n\n\n<p>K\u00e4rnan i v\u00e5r verksamhet \u00e4r v\u00e5ra produktionsanl\u00e4ggningar, som utg\u00f6r ett f\u00f6rstklassigt ramverk f\u00f6r tillverkning och kvalitetskontroll. Vi har produktions- och lageranl\u00e4ggningar p\u00e5 tv\u00e5 platser. <\/p>\n\n\n\n<p>Under de senaste \u00e5ren har vi byggt ut v\u00e5ra lokaler och genomf\u00f6rt reformer f\u00f6r att effektivisera produktionsprocesser och korta ledtider.<\/p>\n<\/div>\n\n\n\n<div class=\"wp-block-column is-layout-flow wp-block-column-is-layout-flow\">\n<p class=\"has-red-color has-text-color has-link-color wp-elements-3feba542c93a99f68d0e2c1cbfbe524f\"><strong>I produktionen anv\u00e4nder vi:<\/strong><\/p>\n\n\n\n<ul class=\"wp-block-list\">\n<li>5-axlig CNC-svarv<\/li>\n\n\n\n<li>Tre CNC-svarvar, automatisk st\u00e5ngsvarvningsmaskin<\/li>\n\n\n\n<li>Tre horisontella CNC-bearbetningscentra<\/li>\n\n\n\n<li>Tv\u00e5 vertikala CNC-bearbetningscentra<\/li>\n\n\n\n<li>Tv\u00e5 CNC-s\u00e5gar<\/li>\n\n\n\n<li>9-axligt svetsrobotsystem<\/li>\n<\/ul>\n<\/div>\n<\/div>\n\n<h2 class=\"wp-block-heading\">Produktionskedja och produktdesign<\/h2>\n\n<div class=\"wp-block-columns is-layout-flex wp-container-core-columns-is-layout-9d6595d7 wp-block-columns-is-layout-flex\">\n<div class=\"wp-block-column is-layout-flow wp-block-column-is-layout-flow\">\n<p>V\u00e5ra energiklipp har utvecklats till sin nuvarande form genom l\u00e5ngvarig forskning och erfarenhet. Vi vet att kraven p\u00e5 v\u00e5ra produkter \u00e4r mycket h\u00f6ga bland yrkesverksamma. D\u00e4rf\u00f6r har v\u00e5ra energiklipp alltid utvecklats i n\u00e4ra samarbete med branschexperter, vilket har m\u00f6jliggjort kontinuerlig testning av produkternas kvalitet och prestanda under verkliga f\u00f6rh\u00e5llanden.  <\/p>\n<\/div>\n\n\n\n<div class=\"wp-block-column is-layout-flow wp-block-column-is-layout-flow\">\n<ul class=\"wp-block-list\">\n<li>V\u00e5r produktion sker helt i egen regi<\/li>\n\n\n\n<li>Kontinuerlig \u00f6vervakning under hela tillverkningsprocessen<\/li>\n\n\n\n<li>F\u00f6rm\u00e5ga att snabbt reagera p\u00e5 f\u00f6r\u00e4ndringar i efterfr\u00e5gan p\u00e5 marknaden<\/li>\n\n\n\n<li>Flexibel anpassning till kundernas specifika behov<\/li>\n<\/ul>\n<\/div>\n<\/div>\n\n<p>I konstruktionen kombineras analytiskt t\u00e4nkande, produktionsm\u00e4ssiga och ekonomiska krav samt kunskap om verkliga driftsf\u00f6rh\u00e5llanden f\u00f6r att ge v\u00e5ra produkter deras slutliga form. SolidWorks programvara och kraftfull IT-utrustning s\u00e4kerst\u00e4ller ett snabbt och smidigt konstruktionsarbete i alla skeden av konstruktionsprocessen. <\/p>\n\n<p>Prototyputveckling, modellering av nya delar och funktioner, dokumentation och analys av produktions- och driftsegenskaper utg\u00f6r en kontinuerlig produktutvecklingsprocess. Konstruktionsarbetet tar h\u00e4nsyn till effektiviteten i tillverkningen, anv\u00e4ndningen av r\u00e5material och de \u00f6nskade kvalitetsegenskaperna hos v\u00e5ra produkter, s\u00e4rskilt ur slutanv\u00e4ndarens synvinkel. <\/p>\n\n<div style=\"height:30px\" aria-hidden=\"true\" class=\"wp-block-spacer\"><\/div>\n\n<figure class=\"wp-block-image size-large\"><img loading=\"lazy\" decoding=\"async\" width=\"1200\" height=\"633\" src=\"https:\/\/jak.fi\/wp-content\/uploads\/2024\/06\/jak-metalli-oy-engineering-1-1200x633.jpg\" alt=\"\" class=\"wp-image-630\" srcset=\"https:\/\/jak.fi\/wp-content\/uploads\/2024\/06\/jak-metalli-oy-engineering-1-1200x633.jpg 1200w, https:\/\/jak.fi\/wp-content\/uploads\/2024\/06\/jak-metalli-oy-engineering-1-700x369.jpg 700w, https:\/\/jak.fi\/wp-content\/uploads\/2024\/06\/jak-metalli-oy-engineering-1-768x405.jpg 768w, https:\/\/jak.fi\/wp-content\/uploads\/2024\/06\/jak-metalli-oy-engineering-1-1536x810.jpg 1536w, https:\/\/jak.fi\/wp-content\/uploads\/2024\/06\/jak-metalli-oy-engineering-1-2048x1080.jpg 2048w, https:\/\/jak.fi\/wp-content\/uploads\/2024\/06\/jak-metalli-oy-engineering-1-800x422.jpg 800w\" sizes=\"auto, (max-width: 1200px) 100vw, 1200px\" \/><\/figure>\n\n<h2 class=\"wp-block-heading\">Samarbete mellan produktion och anv\u00e4ndare<\/h2>\n\n<p>Anv\u00e4ndningsomr\u00e5dena och marknaderna f\u00f6r v\u00e5ra produkter varierar kraftigt beroende p\u00e5 destinationsland. Vi vill lyssna p\u00e5 v\u00e5ra kunder och vara beredda att utveckla v\u00e5ra produkter. V\u00e5r design bygger p\u00e5 en dialog med v\u00e5ra kunder. V\u00e5rt m\u00e5l \u00e4r att tillsammans med v\u00e5ra kunder utforma produkter och l\u00f6sningar f\u00f6r olika m\u00e5ll\u00e4nders behov.   <\/p>\n\n<p>V\u00e5r designavdelning har ett n\u00e4ra samarbete med produkttester och produktion f\u00f6r att s\u00e4kerst\u00e4lla produktens prestanda. Vi analyserar praktisk information och produkterfarenheter fr\u00e5n slutanv\u00e4ndare runt om i v\u00e4rlden. Dessa data anv\u00e4nds som ett verktyg f\u00f6r v\u00e5ra konstrukt\u00f6rer f\u00f6r att f\u00f6rb\u00e4ttra befintliga produkter och utveckla helt nya l\u00f6sningar.  <\/p>\n\n<div style=\"height:30px\" aria-hidden=\"true\" class=\"wp-block-spacer\"><\/div>\n\n<figure class=\"wp-block-image size-large\"><img loading=\"lazy\" decoding=\"async\" width=\"1200\" height=\"675\" src=\"https:\/\/jak.fi\/wp-content\/uploads\/2024\/06\/JAK-welding-worker-tree-shear-1200x675.jpg\" alt=\"\" class=\"wp-image-632\" srcset=\"https:\/\/jak.fi\/wp-content\/uploads\/2024\/06\/JAK-welding-worker-tree-shear-1200x675.jpg 1200w, https:\/\/jak.fi\/wp-content\/uploads\/2024\/06\/JAK-welding-worker-tree-shear-700x394.jpg 700w, https:\/\/jak.fi\/wp-content\/uploads\/2024\/06\/JAK-welding-worker-tree-shear-768x432.jpg 768w, https:\/\/jak.fi\/wp-content\/uploads\/2024\/06\/JAK-welding-worker-tree-shear-1536x864.jpg 1536w, https:\/\/jak.fi\/wp-content\/uploads\/2024\/06\/JAK-welding-worker-tree-shear-800x450.jpg 800w, https:\/\/jak.fi\/wp-content\/uploads\/2024\/06\/JAK-welding-worker-tree-shear.jpg 1920w\" sizes=\"auto, (max-width: 1200px) 100vw, 1200px\" \/><\/figure>\n","protected":false},"excerpt":{"rendered":"<p>Originala JAK energiklipp sedan 2012 JAK-Metalli Oy \u00e4r ett exportf\u00f6retag inom metallindustrin och en av de f\u00f6rsta utvecklarna och tillverkarna av energivedsklipp p\u00e5 marknaden. Finl\u00e4ndare \u00e4r k\u00e4nda f\u00f6r sin utm\u00e4rkta kompetens inom skogsindustrin och skogsbruk \u2013 och vi \u00e4r inget undantag. V\u00e5ra energiklipp har utvecklats till sin nuvarande form genom m\u00e5lmedveten design- och utvecklingsarbete samt [&hellip;]<\/p>\n","protected":false},"author":1,"featured_media":5729,"parent":5696,"menu_order":98,"comment_status":"closed","ping_status":"closed","template":"","meta":{"_acf_changed":false,"footnotes":""},"class_list":["post-5724","page","type-page","status-publish","has-post-thumbnail","hentry"],"acf":[],"yoast_head":"<!-- This site is optimized with the Yoast SEO plugin v27.2 - https:\/\/yoast.com\/product\/yoast-seo-wordpress\/ -->\n<title>JAK Som f\u00f6retag &#8211; JAK-Metalli Oy<\/title>\n<meta name=\"description\" content=\"JAK-Metalli Oy \u00e4r ett exportf\u00f6retag inom metallindustrin och en av de f\u00f6rsta utvecklarna och tillverkarna av energivedsklipp p\u00e5 marknaden.\" \/>\n<meta name=\"robots\" content=\"index, follow, max-snippet:-1, max-image-preview:large, max-video-preview:-1\" \/>\n<link rel=\"canonical\" href=\"https:\/\/jak.fi\/sv\/foretag\/jak-som-foretag\/\" \/>\n<meta property=\"og:locale\" content=\"sv_SE\" \/>\n<meta property=\"og:type\" content=\"article\" \/>\n<meta property=\"og:title\" content=\"JAK Som f\u00f6retag &#8211; JAK-Metalli Oy\" \/>\n<meta property=\"og:description\" content=\"JAK-Metalli Oy \u00e4r ett exportf\u00f6retag inom metallindustrin och en av de f\u00f6rsta utvecklarna och tillverkarna av energivedsklipp p\u00e5 marknaden.\" \/>\n<meta property=\"og:url\" content=\"https:\/\/jak.fi\/sv\/foretag\/jak-som-foretag\/\" \/>\n<meta property=\"og:site_name\" content=\"JAK-Metalli Oy\" \/>\n<meta property=\"article:publisher\" content=\"https:\/\/www.facebook.com\/jaktreeshears\" \/>\n<meta property=\"article:modified_time\" content=\"2025-04-01T06:56:58+00:00\" \/>\n<meta property=\"og:image\" content=\"https:\/\/jak.fi\/wp-content\/uploads\/2024\/06\/JAK_header_worker.jpg\" \/>\n\t<meta property=\"og:image:width\" content=\"2240\" \/>\n\t<meta property=\"og:image:height\" content=\"700\" \/>\n\t<meta property=\"og:image:type\" content=\"image\/jpeg\" \/>\n<meta name=\"twitter:card\" content=\"summary_large_image\" \/>\n<meta name=\"twitter:label1\" content=\"Ber\u00e4knad l\u00e4stid\" \/>\n\t<meta name=\"twitter:data1\" content=\"4 minut\" \/>\n<script type=\"application\/ld+json\" class=\"yoast-schema-graph\">{\"@context\":\"https:\/\/schema.org\",\"@graph\":[{\"@type\":\"WebPage\",\"@id\":\"https:\/\/jak.fi\/sv\/foretag\/jak-som-foretag\/\",\"url\":\"https:\/\/jak.fi\/sv\/foretag\/jak-som-foretag\/\",\"name\":\"JAK Som f\u00f6retag &#8211; JAK-Metalli Oy\",\"isPartOf\":{\"@id\":\"https:\/\/jak.fi\/sv\/#website\"},\"primaryImageOfPage\":{\"@id\":\"https:\/\/jak.fi\/sv\/foretag\/jak-som-foretag\/#primaryimage\"},\"image\":{\"@id\":\"https:\/\/jak.fi\/sv\/foretag\/jak-som-foretag\/#primaryimage\"},\"thumbnailUrl\":\"https:\/\/jak.fi\/wp-content\/uploads\/2024\/06\/JAK_header_worker.jpg\",\"datePublished\":\"2024-05-28T06:31:14+00:00\",\"dateModified\":\"2025-04-01T06:56:58+00:00\",\"description\":\"JAK-Metalli Oy \u00e4r ett exportf\u00f6retag inom metallindustrin och en av de f\u00f6rsta utvecklarna och tillverkarna av energivedsklipp p\u00e5 marknaden.\",\"breadcrumb\":{\"@id\":\"https:\/\/jak.fi\/sv\/foretag\/jak-som-foretag\/#breadcrumb\"},\"inLanguage\":\"sv-SE\",\"potentialAction\":[{\"@type\":\"ReadAction\",\"target\":[\"https:\/\/jak.fi\/sv\/foretag\/jak-som-foretag\/\"]}]},{\"@type\":\"ImageObject\",\"inLanguage\":\"sv-SE\",\"@id\":\"https:\/\/jak.fi\/sv\/foretag\/jak-som-foretag\/#primaryimage\",\"url\":\"https:\/\/jak.fi\/wp-content\/uploads\/2024\/06\/JAK_header_worker.jpg\",\"contentUrl\":\"https:\/\/jak.fi\/wp-content\/uploads\/2024\/06\/JAK_header_worker.jpg\",\"width\":2240,\"height\":700,\"caption\":\"Hitsaaja ty\u00f6skentelee energiakouran p\"},{\"@type\":\"BreadcrumbList\",\"@id\":\"https:\/\/jak.fi\/sv\/foretag\/jak-som-foretag\/#breadcrumb\",\"itemListElement\":[{\"@type\":\"ListItem\",\"position\":1,\"name\":\"Etusivu\",\"item\":\"https:\/\/jak.fi\/sv\/\"},{\"@type\":\"ListItem\",\"position\":2,\"name\":\"F\u00f6retag\",\"item\":\"https:\/\/jak.fi\/sv\/?page_id=5696\"},{\"@type\":\"ListItem\",\"position\":3,\"name\":\"JAK Som f\u00f6retag\"}]},{\"@type\":\"WebSite\",\"@id\":\"https:\/\/jak.fi\/sv\/#website\",\"url\":\"https:\/\/jak.fi\/sv\/\",\"name\":\"JAK-Metalli Oy\",\"description\":\"\",\"publisher\":{\"@id\":\"https:\/\/jak.fi\/sv\/#organization\"},\"alternateName\":\"JAK Tree shears\",\"potentialAction\":[{\"@type\":\"SearchAction\",\"target\":{\"@type\":\"EntryPoint\",\"urlTemplate\":\"https:\/\/jak.fi\/sv\/?s={search_term_string}\"},\"query-input\":{\"@type\":\"PropertyValueSpecification\",\"valueRequired\":true,\"valueName\":\"search_term_string\"}}],\"inLanguage\":\"sv-SE\"},{\"@type\":\"Organization\",\"@id\":\"https:\/\/jak.fi\/sv\/#organization\",\"name\":\"JAK-Metalli Oy\",\"alternateName\":\"JAK Tree shears\",\"url\":\"https:\/\/jak.fi\/sv\/\",\"logo\":{\"@type\":\"ImageObject\",\"inLanguage\":\"sv-SE\",\"@id\":\"https:\/\/jak.fi\/sv\/#\/schema\/logo\/image\/\",\"url\":\"https:\/\/jak.fi\/wp-content\/uploads\/2024\/09\/JAK-logo-696x696-1.jpg\",\"contentUrl\":\"https:\/\/jak.fi\/wp-content\/uploads\/2024\/09\/JAK-logo-696x696-1.jpg\",\"width\":696,\"height\":696,\"caption\":\"JAK-Metalli Oy\"},\"image\":{\"@id\":\"https:\/\/jak.fi\/sv\/#\/schema\/logo\/image\/\"},\"sameAs\":[\"https:\/\/www.facebook.com\/jaktreeshears\",\"https:\/\/www.instagram.com\/jaktreeshears\/\",\"https:\/\/www.youtube.com\/channel\/UCAwvaVhBBkPie8MeAGbdY1w\"]}]}<\/script>\n<!-- \/ Yoast SEO plugin. -->","yoast_head_json":{"title":"JAK Som f\u00f6retag &#8211; JAK-Metalli Oy","description":"JAK-Metalli Oy \u00e4r ett exportf\u00f6retag inom metallindustrin och en av de f\u00f6rsta utvecklarna och tillverkarna av energivedsklipp p\u00e5 marknaden.","robots":{"index":"index","follow":"follow","max-snippet":"max-snippet:-1","max-image-preview":"max-image-preview:large","max-video-preview":"max-video-preview:-1"},"canonical":"https:\/\/jak.fi\/sv\/foretag\/jak-som-foretag\/","og_locale":"sv_SE","og_type":"article","og_title":"JAK Som f\u00f6retag &#8211; JAK-Metalli Oy","og_description":"JAK-Metalli Oy \u00e4r ett exportf\u00f6retag inom metallindustrin och en av de f\u00f6rsta utvecklarna och tillverkarna av energivedsklipp p\u00e5 marknaden.","og_url":"https:\/\/jak.fi\/sv\/foretag\/jak-som-foretag\/","og_site_name":"JAK-Metalli Oy","article_publisher":"https:\/\/www.facebook.com\/jaktreeshears","article_modified_time":"2025-04-01T06:56:58+00:00","og_image":[{"width":2240,"height":700,"url":"https:\/\/jak.fi\/wp-content\/uploads\/2024\/06\/JAK_header_worker.jpg","type":"image\/jpeg"}],"twitter_card":"summary_large_image","twitter_misc":{"Ber\u00e4knad l\u00e4stid":"4 minut"},"schema":{"@context":"https:\/\/schema.org","@graph":[{"@type":"WebPage","@id":"https:\/\/jak.fi\/sv\/foretag\/jak-som-foretag\/","url":"https:\/\/jak.fi\/sv\/foretag\/jak-som-foretag\/","name":"JAK Som f\u00f6retag &#8211; JAK-Metalli Oy","isPartOf":{"@id":"https:\/\/jak.fi\/sv\/#website"},"primaryImageOfPage":{"@id":"https:\/\/jak.fi\/sv\/foretag\/jak-som-foretag\/#primaryimage"},"image":{"@id":"https:\/\/jak.fi\/sv\/foretag\/jak-som-foretag\/#primaryimage"},"thumbnailUrl":"https:\/\/jak.fi\/wp-content\/uploads\/2024\/06\/JAK_header_worker.jpg","datePublished":"2024-05-28T06:31:14+00:00","dateModified":"2025-04-01T06:56:58+00:00","description":"JAK-Metalli Oy \u00e4r ett exportf\u00f6retag inom metallindustrin och en av de f\u00f6rsta utvecklarna och tillverkarna av energivedsklipp p\u00e5 marknaden.","breadcrumb":{"@id":"https:\/\/jak.fi\/sv\/foretag\/jak-som-foretag\/#breadcrumb"},"inLanguage":"sv-SE","potentialAction":[{"@type":"ReadAction","target":["https:\/\/jak.fi\/sv\/foretag\/jak-som-foretag\/"]}]},{"@type":"ImageObject","inLanguage":"sv-SE","@id":"https:\/\/jak.fi\/sv\/foretag\/jak-som-foretag\/#primaryimage","url":"https:\/\/jak.fi\/wp-content\/uploads\/2024\/06\/JAK_header_worker.jpg","contentUrl":"https:\/\/jak.fi\/wp-content\/uploads\/2024\/06\/JAK_header_worker.jpg","width":2240,"height":700,"caption":"Hitsaaja ty\u00f6skentelee energiakouran p"},{"@type":"BreadcrumbList","@id":"https:\/\/jak.fi\/sv\/foretag\/jak-som-foretag\/#breadcrumb","itemListElement":[{"@type":"ListItem","position":1,"name":"Etusivu","item":"https:\/\/jak.fi\/sv\/"},{"@type":"ListItem","position":2,"name":"F\u00f6retag","item":"https:\/\/jak.fi\/sv\/?page_id=5696"},{"@type":"ListItem","position":3,"name":"JAK Som f\u00f6retag"}]},{"@type":"WebSite","@id":"https:\/\/jak.fi\/sv\/#website","url":"https:\/\/jak.fi\/sv\/","name":"JAK-Metalli Oy","description":"","publisher":{"@id":"https:\/\/jak.fi\/sv\/#organization"},"alternateName":"JAK Tree shears","potentialAction":[{"@type":"SearchAction","target":{"@type":"EntryPoint","urlTemplate":"https:\/\/jak.fi\/sv\/?s={search_term_string}"},"query-input":{"@type":"PropertyValueSpecification","valueRequired":true,"valueName":"search_term_string"}}],"inLanguage":"sv-SE"},{"@type":"Organization","@id":"https:\/\/jak.fi\/sv\/#organization","name":"JAK-Metalli Oy","alternateName":"JAK Tree shears","url":"https:\/\/jak.fi\/sv\/","logo":{"@type":"ImageObject","inLanguage":"sv-SE","@id":"https:\/\/jak.fi\/sv\/#\/schema\/logo\/image\/","url":"https:\/\/jak.fi\/wp-content\/uploads\/2024\/09\/JAK-logo-696x696-1.jpg","contentUrl":"https:\/\/jak.fi\/wp-content\/uploads\/2024\/09\/JAK-logo-696x696-1.jpg","width":696,"height":696,"caption":"JAK-Metalli Oy"},"image":{"@id":"https:\/\/jak.fi\/sv\/#\/schema\/logo\/image\/"},"sameAs":["https:\/\/www.facebook.com\/jaktreeshears","https:\/\/www.instagram.com\/jaktreeshears\/","https:\/\/www.youtube.com\/channel\/UCAwvaVhBBkPie8MeAGbdY1w"]}]}},"_links":{"self":[{"href":"https:\/\/jak.fi\/sv\/wp-json\/wp\/v2\/pages\/5724","targetHints":{"allow":["GET"]}}],"collection":[{"href":"https:\/\/jak.fi\/sv\/wp-json\/wp\/v2\/pages"}],"about":[{"href":"https:\/\/jak.fi\/sv\/wp-json\/wp\/v2\/types\/page"}],"author":[{"embeddable":true,"href":"https:\/\/jak.fi\/sv\/wp-json\/wp\/v2\/users\/1"}],"replies":[{"embeddable":true,"href":"https:\/\/jak.fi\/sv\/wp-json\/wp\/v2\/comments?post=5724"}],"version-history":[{"count":4,"href":"https:\/\/jak.fi\/sv\/wp-json\/wp\/v2\/pages\/5724\/revisions"}],"predecessor-version":[{"id":6250,"href":"https:\/\/jak.fi\/sv\/wp-json\/wp\/v2\/pages\/5724\/revisions\/6250"}],"up":[{"embeddable":true,"href":"https:\/\/jak.fi\/sv\/wp-json\/wp\/v2\/pages\/5696"}],"wp:featuredmedia":[{"embeddable":true,"href":"https:\/\/jak.fi\/sv\/wp-json\/wp\/v2\/media\/5729"}],"wp:attachment":[{"href":"https:\/\/jak.fi\/sv\/wp-json\/wp\/v2\/media?parent=5724"}],"curies":[{"name":"wp","href":"https:\/\/api.w.org\/{rel}","templated":true}]}}