{"id":5730,"date":"2024-05-21T15:31:48","date_gmt":"2024-05-21T12:31:48","guid":{"rendered":"https:\/\/jak.fi\/foretag\/faktureringsinformation\/"},"modified":"2025-04-17T13:48:23","modified_gmt":"2025-04-17T10:48:23","slug":"faktureringsinformation","status":"publish","type":"page","link":"https:\/\/jak.fi\/sv\/foretag\/faktureringsinformation\/","title":{"rendered":"Faktureringsinformation"},"content":{"rendered":"\n<div style=\"height:50px\" aria-hidden=\"true\" class=\"wp-block-spacer\"><\/div>\n\n<h2 class=\"wp-block-heading has-text-align-left\">V\u00e5r faktureringsadress<\/h2>\n\n<p class=\"has-red-color has-text-color has-link-color wp-elements-877392bdd4875755095bd948ee1b20ab\">En bra partner,<\/p>\n\n<p>har vi \u00f6verg\u00e5tt till elektronisk hantering av ink\u00f6psfakturor och e-fakturering f\u00f6r att effektivisera v\u00e5r verksamhet. V\u00e5r e-fakturaoperat\u00f6r \u00e4r Maventa. V\u00e5ra uppgifter f\u00f6r e-fakturering \u00e4r:  <\/p>\n\n<h3 class=\"wp-block-heading\">V\u00e5r f\u00f6retagsinformation:<\/h3>\n\n<figure class=\"wp-block-table\"><table><tbody><tr><td><strong>Namn<\/strong><\/td><td><strong>F\u00f6retags-ID<\/strong><\/td><td><strong>Webbadress<\/strong><\/td><\/tr><tr><td>  JAK-Metalli Oy<\/td><td>2467108-7<\/td><td>003724671087<\/td><\/tr><\/tbody><\/table><\/figure>\n\n<h3 class=\"wp-block-heading\">Information om m\u00e4klare<\/h3>\n\n<figure class=\"wp-block-table\"><table><tbody><tr><td><strong>Alternativ f\u00f6r m\u00e4klare<\/strong><\/td><td><strong>M\u00e4klarens ID<\/strong><\/td><\/tr><tr><td>Om din e-fakturaf\u00f6rmedlare \u00e4r en operat\u00f6r, t.ex. Itella, Basware etc. \u00e4r f\u00f6rmedlarens ID  <\/td><td>003721291126<\/td><\/tr><tr><td>Om din e-fakturam\u00e4klare \u00e4r en bank, t.ex. Nordea, Osuuspankki etc., \u00e4r m\u00e4klar-ID:t  <\/td><td>DABAFIHH<\/td><\/tr><\/tbody><\/table><\/figure>\n\n<p><strong>Obs!  <\/strong>Var noga med transport\u00f6rkoden s\u00e5 att dina fakturor kommer fram utan problem.<\/p>\n\n<p>Vi kan ocks\u00e5 skicka med en bildfil av fakturan och andra bilagor i PDF-format med dina e-fakturor.<\/p>\n\n<p>Om du inte har m\u00f6jlighet att skicka fakturor online, v\u00e4nligen skicka dina ink\u00f6psfakturor direkt till skanningstj\u00e4nsten p\u00e5 papper eller via e-post, enligt instruktionerna nedan.<\/p>\n\n<h2 class=\"wp-block-heading\">Faktureringsadress och instruktioner f\u00f6r pappersfakturor<\/h2>\n\n<div class=\"wp-block-columns is-layout-flex wp-container-core-columns-is-layout-9d6595d7 wp-block-columns-is-layout-flex\">\n<div class=\"wp-block-column is-layout-flow wp-block-column-is-layout-flow\">\n<p>Observera! Serienumret under f\u00f6retagsnamnet \u00e4r f\u00f6retagsnamnet f\u00f6r det f\u00f6retag som ska faktureras utan bindestreck. <\/p>\n<\/div>\n\n\n\n<div class=\"wp-block-column is-layout-flow wp-block-column-is-layout-flow\">\n<p><br\/><br\/><br\/>JAK-METALLI OY 24671087 PL 100 80020 Collector Scan<\/p>\n<\/div>\n<\/div>\n\n<p><strong>Viktigt att t\u00e4nka p\u00e5 n\u00e4r du skickar pappersfakturor till skanningstj\u00e4nsten:<\/strong><\/p>\n\n<ul class=\"wp-block-list\">\n<li>Det \u00e4r mycket viktigt att endast fakturan och dess bilagor ligger i kuvertet. Om annat material \u00e4n fakturan kommer med i kuvertet kommer vi att leverera det till mottagaren via e-post eller post och fakturera mottagaren enligt g\u00e4llande prislista. <\/li>\n\n\n\n<li>L\u00e4gg inte betalningsp\u00e5minnelser eller inkassobrev i skanningstj\u00e4nsten, eftersom de inte \u00e4r fakturor. Vi fakturerar mottagaren f\u00f6r leveransen av dem enligt g\u00e4llande prislista <\/li>\n\n\n\n<li>Uppgiften om serienummer m\u00e5ste \u00e4ven finnas p\u00e5 pappersfakturan i adressf\u00e4ltet f\u00f6r faktureringsadressen under f\u00f6retaget, inte bara p\u00e5 kuvertet. Vi debiterar mottagaren f\u00f6r att l\u00e4gga till serienumret enligt g\u00e4llande prislista. <\/li>\n\n\n\n<li>Med PDF-fakturor beh\u00f6ver serienumret inte finnas i adressf\u00e4ltet, eftersom det mottagande f\u00f6retaget identifieras av e-postadressen<\/li>\n\n\n\n<li>Flersidiga fakturor f\u00e5r inte delas upp p\u00e5 flera kuvert<\/li>\n\n\n\n<li>Fakturorna skrivs ut p\u00e5 en skrivare av h\u00f6g kvalitet<\/li>\n\n\n\n<li>Fakturans sidor f\u00e5r inte sammanfogas p\u00e5 n\u00e5got s\u00e4tt (med h\u00e4ftapparat eller liknande).<\/li>\n\n\n\n<li>Fakturan m\u00e5ste ha ett totalbelopp<\/li>\n<\/ul>\n\n<h2 class=\"wp-block-heading\">E-posta fakturamottagare och instruktioner<\/h2>\n\n<p>Adressen till mottagaren av e-postmeddelandet \u00e4r enligt nedan. Fakturan kommer att dirigeras till r\u00e4tt konto enligt serienummer. <br\/><a href=\"mailto:invoice-24671087@kollektor.fi\">invoice-24671087@kollektor.fi<\/a><\/p>\n\n<p><strong>Viktigt att t\u00e4nka p\u00e5 n\u00e4r du skickar e-postfakturor till skanningstj\u00e4nsten:<\/strong><\/p>\n\n<ul class=\"wp-block-list\">\n<li>Fakturor skickas som e-postbilagor i PDF-format<\/li>\n\n\n\n<li>En faktura per fil, inneh\u00e5llande alla sidor och andra bilagor till fakturan<\/li>\n\n\n\n<li>Ett e-postmeddelande kan vara maximalt 10Mb stort<\/li>\n\n\n\n<li>PDF-filer m\u00e5ste vara \u00e4kta PDF-dokument version 1.3 eller h\u00f6gre<\/li>\n\n\n\n<li>PDF-filer f\u00e5r inte vara l\u00e5sta eller l\u00f6senordsskyddade<\/li>\n\n\n\n<li>Den maximala storleken p\u00e5 dokumentet \u00e4r 210&#215;297 mm, dvs. A4<\/li>\n\n\n\n<li>Filnamnet f\u00e5r inte inneh\u00e5lla fler \u00e4n de vanliga tecknen, a-z, A-Z, 0-9<\/li>\n<\/ul>\n\n<h2 class=\"wp-block-heading\">Information vid behov:<\/h2>\n\n<p>Tiina Salin<br\/>+358400804658<br\/><a href=\"mailto:tiina.salin@jak.fi\">tiina.salin@jak.fi<\/a><\/p>\n","protected":false},"excerpt":{"rendered":"<p>V\u00e5r faktureringsadress En bra partner, har vi \u00f6verg\u00e5tt till elektronisk hantering av ink\u00f6psfakturor och e-fakturering f\u00f6r att effektivisera v\u00e5r verksamhet. V\u00e5r e-fakturaoperat\u00f6r \u00e4r Maventa. V\u00e5ra uppgifter f\u00f6r e-fakturering \u00e4r: V\u00e5r f\u00f6retagsinformation: Namn F\u00f6retags-ID Webbadress JAK-Metalli Oy 2467108-7 003724671087 Information om m\u00e4klare Alternativ f\u00f6r m\u00e4klare M\u00e4klarens ID Om din e-fakturaf\u00f6rmedlare \u00e4r en operat\u00f6r, t.ex. Itella, Basware [&hellip;]<\/p>\n","protected":false},"author":1,"featured_media":0,"parent":5696,"menu_order":143,"comment_status":"closed","ping_status":"closed","template":"page-narrow.php","meta":{"_acf_changed":false,"footnotes":""},"class_list":["post-5730","page","type-page","status-publish","hentry"],"acf":[],"yoast_head":"<!-- This site is optimized with the Yoast SEO plugin v27.3 - https:\/\/yoast.com\/product\/yoast-seo-wordpress\/ -->\n<title>Faktureringsinformation &#8211; JAK-Metalli Oy<\/title>\n<meta name=\"description\" content=\"Aktuell faktureringsinformation f\u00f6r JAK-produkter och instruktioner f\u00f6r e-fakturering och e-fakturering - l\u00e4s mer.\" \/>\n<meta name=\"robots\" content=\"index, follow, max-snippet:-1, max-image-preview:large, max-video-preview:-1\" \/>\n<link rel=\"canonical\" href=\"https:\/\/jak.fi\/sv\/foretag\/faktureringsinformation\/\" \/>\n<meta property=\"og:locale\" content=\"sv_SE\" \/>\n<meta property=\"og:type\" content=\"article\" \/>\n<meta property=\"og:title\" content=\"Faktureringsinformation &#8211; JAK-Metalli Oy\" \/>\n<meta property=\"og:description\" content=\"Aktuell faktureringsinformation f\u00f6r JAK-produkter och instruktioner f\u00f6r e-fakturering och e-fakturering - l\u00e4s mer.\" \/>\n<meta property=\"og:url\" content=\"https:\/\/jak.fi\/sv\/foretag\/faktureringsinformation\/\" \/>\n<meta property=\"og:site_name\" content=\"JAK-Metalli Oy\" \/>\n<meta property=\"article:publisher\" content=\"https:\/\/www.facebook.com\/jaktreeshears\" \/>\n<meta property=\"article:modified_time\" content=\"2025-04-17T10:48:23+00:00\" \/>\n<meta property=\"og:image\" content=\"https:\/\/jak.fi\/wp-content\/uploads\/2024\/05\/jak-ylakuva-1-2000x600px-1.jpg\" \/>\n\t<meta property=\"og:image:width\" content=\"2000\" \/>\n\t<meta property=\"og:image:height\" content=\"600\" \/>\n\t<meta property=\"og:image:type\" content=\"image\/jpeg\" \/>\n<meta name=\"twitter:card\" content=\"summary_large_image\" \/>\n<meta name=\"twitter:label1\" content=\"Ber\u00e4knad l\u00e4stid\" \/>\n\t<meta name=\"twitter:data1\" content=\"2 minut\" \/>\n<script type=\"application\/ld+json\" class=\"yoast-schema-graph\">{\"@context\":\"https:\\\/\\\/schema.org\",\"@graph\":[{\"@type\":\"WebPage\",\"@id\":\"https:\\\/\\\/jak.fi\\\/sv\\\/foretag\\\/faktureringsinformation\\\/\",\"url\":\"https:\\\/\\\/jak.fi\\\/sv\\\/foretag\\\/faktureringsinformation\\\/\",\"name\":\"Faktureringsinformation &#8211; JAK-Metalli Oy\",\"isPartOf\":{\"@id\":\"https:\\\/\\\/jak.fi\\\/sv\\\/#website\"},\"datePublished\":\"2024-05-21T12:31:48+00:00\",\"dateModified\":\"2025-04-17T10:48:23+00:00\",\"description\":\"Aktuell faktureringsinformation f\u00f6r JAK-produkter och instruktioner f\u00f6r e-fakturering och e-fakturering - l\u00e4s mer.\",\"breadcrumb\":{\"@id\":\"https:\\\/\\\/jak.fi\\\/sv\\\/foretag\\\/faktureringsinformation\\\/#breadcrumb\"},\"inLanguage\":\"sv-SE\",\"potentialAction\":[{\"@type\":\"ReadAction\",\"target\":[\"https:\\\/\\\/jak.fi\\\/sv\\\/foretag\\\/faktureringsinformation\\\/\"]}]},{\"@type\":\"BreadcrumbList\",\"@id\":\"https:\\\/\\\/jak.fi\\\/sv\\\/foretag\\\/faktureringsinformation\\\/#breadcrumb\",\"itemListElement\":[{\"@type\":\"ListItem\",\"position\":1,\"name\":\"Etusivu\",\"item\":\"https:\\\/\\\/jak.fi\\\/sv\\\/\"},{\"@type\":\"ListItem\",\"position\":2,\"name\":\"F\u00f6retag\",\"item\":\"https:\\\/\\\/jak.fi\\\/sv\\\/?page_id=5696\"},{\"@type\":\"ListItem\",\"position\":3,\"name\":\"Faktureringsinformation\"}]},{\"@type\":\"WebSite\",\"@id\":\"https:\\\/\\\/jak.fi\\\/sv\\\/#website\",\"url\":\"https:\\\/\\\/jak.fi\\\/sv\\\/\",\"name\":\"JAK-Metalli Oy\",\"description\":\"\",\"publisher\":{\"@id\":\"https:\\\/\\\/jak.fi\\\/sv\\\/#organization\"},\"alternateName\":\"JAK Tree shears\",\"potentialAction\":[{\"@type\":\"SearchAction\",\"target\":{\"@type\":\"EntryPoint\",\"urlTemplate\":\"https:\\\/\\\/jak.fi\\\/sv\\\/?s={search_term_string}\"},\"query-input\":{\"@type\":\"PropertyValueSpecification\",\"valueRequired\":true,\"valueName\":\"search_term_string\"}}],\"inLanguage\":\"sv-SE\"},{\"@type\":\"Organization\",\"@id\":\"https:\\\/\\\/jak.fi\\\/sv\\\/#organization\",\"name\":\"JAK-Metalli Oy\",\"alternateName\":\"JAK Tree shears\",\"url\":\"https:\\\/\\\/jak.fi\\\/sv\\\/\",\"logo\":{\"@type\":\"ImageObject\",\"inLanguage\":\"sv-SE\",\"@id\":\"https:\\\/\\\/jak.fi\\\/sv\\\/#\\\/schema\\\/logo\\\/image\\\/\",\"url\":\"https:\\\/\\\/jak.fi\\\/wp-content\\\/uploads\\\/2024\\\/09\\\/JAK-logo-696x696-1.jpg\",\"contentUrl\":\"https:\\\/\\\/jak.fi\\\/wp-content\\\/uploads\\\/2024\\\/09\\\/JAK-logo-696x696-1.jpg\",\"width\":696,\"height\":696,\"caption\":\"JAK-Metalli Oy\"},\"image\":{\"@id\":\"https:\\\/\\\/jak.fi\\\/sv\\\/#\\\/schema\\\/logo\\\/image\\\/\"},\"sameAs\":[\"https:\\\/\\\/www.facebook.com\\\/jaktreeshears\",\"https:\\\/\\\/www.instagram.com\\\/jaktreeshears\\\/\",\"https:\\\/\\\/www.youtube.com\\\/channel\\\/UCAwvaVhBBkPie8MeAGbdY1w\"]}]}<\/script>\n<!-- \/ Yoast SEO plugin. -->","yoast_head_json":{"title":"Faktureringsinformation &#8211; JAK-Metalli Oy","description":"Aktuell faktureringsinformation f\u00f6r JAK-produkter och instruktioner f\u00f6r e-fakturering och e-fakturering - l\u00e4s mer.","robots":{"index":"index","follow":"follow","max-snippet":"max-snippet:-1","max-image-preview":"max-image-preview:large","max-video-preview":"max-video-preview:-1"},"canonical":"https:\/\/jak.fi\/sv\/foretag\/faktureringsinformation\/","og_locale":"sv_SE","og_type":"article","og_title":"Faktureringsinformation &#8211; JAK-Metalli Oy","og_description":"Aktuell faktureringsinformation f\u00f6r JAK-produkter och instruktioner f\u00f6r e-fakturering och e-fakturering - l\u00e4s mer.","og_url":"https:\/\/jak.fi\/sv\/foretag\/faktureringsinformation\/","og_site_name":"JAK-Metalli Oy","article_publisher":"https:\/\/www.facebook.com\/jaktreeshears","article_modified_time":"2025-04-17T10:48:23+00:00","og_image":[{"width":2000,"height":600,"url":"https:\/\/jak.fi\/wp-content\/uploads\/2024\/05\/jak-ylakuva-1-2000x600px-1.jpg","type":"image\/jpeg"}],"twitter_card":"summary_large_image","twitter_misc":{"Ber\u00e4knad l\u00e4stid":"2 minut"},"schema":{"@context":"https:\/\/schema.org","@graph":[{"@type":"WebPage","@id":"https:\/\/jak.fi\/sv\/foretag\/faktureringsinformation\/","url":"https:\/\/jak.fi\/sv\/foretag\/faktureringsinformation\/","name":"Faktureringsinformation &#8211; JAK-Metalli Oy","isPartOf":{"@id":"https:\/\/jak.fi\/sv\/#website"},"datePublished":"2024-05-21T12:31:48+00:00","dateModified":"2025-04-17T10:48:23+00:00","description":"Aktuell faktureringsinformation f\u00f6r JAK-produkter och instruktioner f\u00f6r e-fakturering och e-fakturering - l\u00e4s mer.","breadcrumb":{"@id":"https:\/\/jak.fi\/sv\/foretag\/faktureringsinformation\/#breadcrumb"},"inLanguage":"sv-SE","potentialAction":[{"@type":"ReadAction","target":["https:\/\/jak.fi\/sv\/foretag\/faktureringsinformation\/"]}]},{"@type":"BreadcrumbList","@id":"https:\/\/jak.fi\/sv\/foretag\/faktureringsinformation\/#breadcrumb","itemListElement":[{"@type":"ListItem","position":1,"name":"Etusivu","item":"https:\/\/jak.fi\/sv\/"},{"@type":"ListItem","position":2,"name":"F\u00f6retag","item":"https:\/\/jak.fi\/sv\/?page_id=5696"},{"@type":"ListItem","position":3,"name":"Faktureringsinformation"}]},{"@type":"WebSite","@id":"https:\/\/jak.fi\/sv\/#website","url":"https:\/\/jak.fi\/sv\/","name":"JAK-Metalli Oy","description":"","publisher":{"@id":"https:\/\/jak.fi\/sv\/#organization"},"alternateName":"JAK Tree shears","potentialAction":[{"@type":"SearchAction","target":{"@type":"EntryPoint","urlTemplate":"https:\/\/jak.fi\/sv\/?s={search_term_string}"},"query-input":{"@type":"PropertyValueSpecification","valueRequired":true,"valueName":"search_term_string"}}],"inLanguage":"sv-SE"},{"@type":"Organization","@id":"https:\/\/jak.fi\/sv\/#organization","name":"JAK-Metalli Oy","alternateName":"JAK Tree shears","url":"https:\/\/jak.fi\/sv\/","logo":{"@type":"ImageObject","inLanguage":"sv-SE","@id":"https:\/\/jak.fi\/sv\/#\/schema\/logo\/image\/","url":"https:\/\/jak.fi\/wp-content\/uploads\/2024\/09\/JAK-logo-696x696-1.jpg","contentUrl":"https:\/\/jak.fi\/wp-content\/uploads\/2024\/09\/JAK-logo-696x696-1.jpg","width":696,"height":696,"caption":"JAK-Metalli Oy"},"image":{"@id":"https:\/\/jak.fi\/sv\/#\/schema\/logo\/image\/"},"sameAs":["https:\/\/www.facebook.com\/jaktreeshears","https:\/\/www.instagram.com\/jaktreeshears\/","https:\/\/www.youtube.com\/channel\/UCAwvaVhBBkPie8MeAGbdY1w"]}]}},"_links":{"self":[{"href":"https:\/\/jak.fi\/sv\/wp-json\/wp\/v2\/pages\/5730","targetHints":{"allow":["GET"]}}],"collection":[{"href":"https:\/\/jak.fi\/sv\/wp-json\/wp\/v2\/pages"}],"about":[{"href":"https:\/\/jak.fi\/sv\/wp-json\/wp\/v2\/types\/page"}],"author":[{"embeddable":true,"href":"https:\/\/jak.fi\/sv\/wp-json\/wp\/v2\/users\/1"}],"replies":[{"embeddable":true,"href":"https:\/\/jak.fi\/sv\/wp-json\/wp\/v2\/comments?post=5730"}],"version-history":[{"count":3,"href":"https:\/\/jak.fi\/sv\/wp-json\/wp\/v2\/pages\/5730\/revisions"}],"predecessor-version":[{"id":7508,"href":"https:\/\/jak.fi\/sv\/wp-json\/wp\/v2\/pages\/5730\/revisions\/7508"}],"up":[{"embeddable":true,"href":"https:\/\/jak.fi\/sv\/wp-json\/wp\/v2\/pages\/5696"}],"wp:attachment":[{"href":"https:\/\/jak.fi\/sv\/wp-json\/wp\/v2\/media?parent=5730"}],"curies":[{"name":"wp","href":"https:\/\/api.w.org\/{rel}","templated":true}]}}