{"id":5735,"date":"2024-05-28T09:32:03","date_gmt":"2024-05-28T06:32:03","guid":{"rendered":"https:\/\/jak.fi\/foretag\/jak-som-arbetsgivare\/"},"modified":"2025-08-18T09:25:13","modified_gmt":"2025-08-18T06:25:13","slug":"jak-som-arbetsgivare","status":"publish","type":"page","link":"https:\/\/jak.fi\/sv\/foretag\/jak-som-arbetsgivare\/","title":{"rendered":"JAK som arbetsgivare"},"content":{"rendered":"\n<div style=\"height:30px\" aria-hidden=\"true\" class=\"wp-block-spacer\"><\/div>\n\n\n\n<p class=\"has-text-align-center has-red-color has-text-color has-link-color has-medium-font-size wp-elements-0f54de89c14cf2dcbec1e346064ef220\">V\u00e5r vision \u00e4r att vara den b\u00e4sta, mest eftertraktade och p\u00e5litligaste partnern internationellt som tillverkare av energiklipp, och d\u00e4rf\u00f6r vill vi investera i kompetens och en str\u00e4van att bli b\u00e4st i branschen.<\/p>\n\n\n\n<h2 class=\"wp-block-heading has-text-align-center\">JAK-Metalli Oy som arbetsgivare<\/h2>\n\n\n\n<div class=\"wp-block-columns is-layout-flex wp-container-core-columns-is-layout-9d6595d7 wp-block-columns-is-layout-flex\">\n<div class=\"wp-block-column is-layout-flow wp-block-column-is-layout-flow\">\n<p>JAK-Metalli Oy \u00e4r ett tillv\u00e4xtorienterat litet och medelstort f\u00f6retag med en stark vision f\u00f6r internationalisering. Som arbetsgivare erbjuder vi f\u00f6r n\u00e4rvarande anst\u00e4llning till cirka 20 personer. Dessutom \u00e4r ett stort antal f\u00f6rs\u00e4ljnings-, marknadsf\u00f6rings- och logistikanst\u00e4llda n\u00e4ra knutna till v\u00e5r verksamhet.  <\/p>\n\n\n\n<p>V\u00e5r fabrik i M\u00e4ntt\u00e4 Finland \u00e4r basen f\u00f6r v\u00e5r verksamhet och utg\u00f6r en h\u00f6gkvalitativ ram f\u00f6r produktion och personalens v\u00e4lbefinnande. Grundprincipen \u00e4r att alla v\u00e5ra produkter tillverkas i egen regi fr\u00e5n b\u00f6rjan till slut, vilket g\u00f6r att vi kan kontrollera produktionens kvalitet i varje steg. Detta g\u00f6r det ocks\u00e5 m\u00f6jligt f\u00f6r v\u00e5r personal att se de p\u00e5tagliga resultaten av sitt arbete.  <\/p>\n<\/div>\n\n\n\n<div class=\"wp-block-column is-layout-flow wp-block-column-is-layout-flow\">\n<p>I v\u00e5r fabrik kombineras modern automation med finsk hantverkskunskap. Detta \u00e4r en av h\u00f6rnstenarna i v\u00e5r verksamhet, eftersom vi aldrig har velat konkurrera med marknaden med l\u00e4gre priser och l\u00e4gre kvalitet. Finskt arbete v\u00e4rdes\u00e4tts \u00f6ver hela v\u00e4rlden och vi vill att detta ska \u00e5terspeglas i v\u00e5ra produkter. D\u00e4rf\u00f6r \u00e4r vi s\u00e4rskilt stolta \u00f6ver v\u00e5ra duktiga medarbetare, som \u00e4r de som ska ha \u00e4ran f\u00f6r kvaliteten p\u00e5 v\u00e5ra produkter. V\u00e5ra engagerade medarbetare bidrar ocks\u00e5 p\u00e5 ett genuint s\u00e4tt till f\u00f6retaget och det finns en p\u00e5taglig anda av samarbete. Vi har ocks\u00e5 en sammansvetsad och humoristisk arbetsmilj\u00f6 som g\u00f6r det till ett n\u00f6je att komma till jobbet.     <\/p>\n<\/div>\n<\/div>\n\n\n\n<figure class=\"wp-block-image size-full\"><img loading=\"lazy\" decoding=\"async\" width=\"1920\" height=\"1280\" src=\"https:\/\/jak.fi\/wp-content\/uploads\/2024\/06\/henkilosto-kuvitus-3.jpg\" alt=\"\" class=\"wp-image-942\" srcset=\"https:\/\/jak.fi\/wp-content\/uploads\/2024\/06\/henkilosto-kuvitus-3.jpg 1920w, https:\/\/jak.fi\/wp-content\/uploads\/2024\/06\/henkilosto-kuvitus-3-700x467.jpg 700w, https:\/\/jak.fi\/wp-content\/uploads\/2024\/06\/henkilosto-kuvitus-3-1200x800.jpg 1200w, https:\/\/jak.fi\/wp-content\/uploads\/2024\/06\/henkilosto-kuvitus-3-768x512.jpg 768w, https:\/\/jak.fi\/wp-content\/uploads\/2024\/06\/henkilosto-kuvitus-3-1536x1024.jpg 1536w, https:\/\/jak.fi\/wp-content\/uploads\/2024\/06\/henkilosto-kuvitus-3-800x533.jpg 800w\" sizes=\"auto, (max-width: 1920px) 100vw, 1920px\" \/><\/figure>\n\n\n\n<div class=\"wp-block-media-text is-stacked-on-mobile is-image-fill-element\"><figure class=\"wp-block-media-text__media\"><img loading=\"lazy\" decoding=\"async\" width=\"1200\" height=\"800\" src=\"https:\/\/jak.fi\/wp-content\/uploads\/2024\/06\/henkilosto-kuvitus-4-1200x800.jpg\" alt=\"\" class=\"wp-image-937 size-full\" style=\"object-position:39% 29%\" srcset=\"https:\/\/jak.fi\/wp-content\/uploads\/2024\/06\/henkilosto-kuvitus-4-1200x800.jpg 1200w, https:\/\/jak.fi\/wp-content\/uploads\/2024\/06\/henkilosto-kuvitus-4-700x467.jpg 700w, https:\/\/jak.fi\/wp-content\/uploads\/2024\/06\/henkilosto-kuvitus-4-768x512.jpg 768w, https:\/\/jak.fi\/wp-content\/uploads\/2024\/06\/henkilosto-kuvitus-4-1536x1024.jpg 1536w, https:\/\/jak.fi\/wp-content\/uploads\/2024\/06\/henkilosto-kuvitus-4-800x533.jpg 800w, https:\/\/jak.fi\/wp-content\/uploads\/2024\/06\/henkilosto-kuvitus-4.jpg 1920w\" sizes=\"auto, (max-width: 1200px) 100vw, 1200px\" \/><\/figure><div class=\"wp-block-media-text__content\">\n<p><\/p>\n\n\n\n<h3 class=\"wp-block-heading\">VANLIGA FR\u00c5GOR<\/h3>\n\n\n\n<p><strong>Vilken typ av kompetens \u00e4r du s\u00e4rskilt intresserad av?<\/strong><br>Yrkesverksamma inom metallbearbetningssektorn.<\/p>\n\n\n\n<p><strong>Voinko j\u00e4tt\u00e4\u00e4 avoimen hakemuksen?<\/strong><br>Tietenkin! L\u00e4het\u00e4 avoin hakemus alla olevalla lomakkeella tai l\u00e4het\u00e4 s\u00e4hk\u00f6postia osoitteeseen <a href=\"mailto:rekry@jak.fi\">rekry@jak.fi<\/a><\/p>\n\n\n\n<p><strong>Anst\u00e4ller du sommarjobbare?<\/strong><br>V\u00e5r fabrik \u00e4r st\u00e4ngd under juli, s\u00e5 vi har inget behov av sommarjobbare.<\/p>\n\n\n\n<p><strong>Erbjuder ni m\u00f6jligheter till arbetslivserfarenhet eller examensarbete?<\/strong><br>Ja! Kontakta oss g\u00e4rna s\u00e5 pratar vi mer. <\/p>\n<\/div><\/div>\n\n\n\n<h2 class=\"wp-block-heading\">Kontakta oss!<\/h2>\n\n\n\n<div class=\"wpcf7 no-js\" id=\"wpcf7-f5747-o1\" lang=\"sv-SE\" dir=\"ltr\" data-wpcf7-id=\"5747\">\n<div class=\"screen-reader-response\"><p role=\"status\" aria-live=\"polite\" aria-atomic=\"true\"><\/p> <ul><\/ul><\/div>\n<form action=\"\/sv\/wp-json\/wp\/v2\/pages\/5735#wpcf7-f5747-o1\" method=\"post\" class=\"wpcf7-form init\" aria-label=\"Kontaktformul\u00e4r\" novalidate=\"novalidate\" data-status=\"init\">\n<fieldset class=\"hidden-fields-container\"><input type=\"hidden\" name=\"_wpcf7\" value=\"5747\" \/><input type=\"hidden\" name=\"_wpcf7_version\" value=\"6.1.5\" \/><input type=\"hidden\" name=\"_wpcf7_locale\" value=\"sv_SE\" \/><input type=\"hidden\" name=\"_wpcf7_unit_tag\" value=\"wpcf7-f5747-o1\" \/><input type=\"hidden\" name=\"_wpcf7_container_post\" value=\"0\" \/><input type=\"hidden\" name=\"_wpcf7_posted_data_hash\" value=\"\" \/><input type=\"hidden\" name=\"_wpcf7_recaptcha_response\" value=\"\" \/>\n<\/fieldset>\n<div class=\"row\">\n\t<div class=\"col-6 col-md-12 col-lg-6\">\n\t\t<div class=\"form-group\">\n\t\t\t<p><label class=\"control-label\">F\u00f6rnamn<\/label><br \/>\n<span class=\"wpcf7-form-control-wrap\" data-name=\"etunimi\"><input size=\"40\" maxlength=\"400\" class=\"wpcf7-form-control wpcf7-text wpcf7-validates-as-required form-control\" aria-required=\"true\" aria-invalid=\"false\" value=\"\" type=\"text\" name=\"etunimi\" \/><\/span>\n\t\t\t<\/p>\n\t\t<\/div>\n\t<\/div>\n\t<div class=\"col-6 col-md-12 col-lg-6\">\n\t\t<div class=\"form-group\">\n\t\t\t<p><label class=\"control-label\">Efternamn<\/label><br \/>\n<span class=\"wpcf7-form-control-wrap\" data-name=\"sukunimi\"><input size=\"40\" maxlength=\"400\" class=\"wpcf7-form-control wpcf7-text wpcf7-validates-as-required form-control\" aria-required=\"true\" aria-invalid=\"false\" value=\"\" type=\"text\" name=\"sukunimi\" \/><\/span>\n\t\t\t<\/p>\n\t\t<\/div>\n\t<\/div>\n<\/div>\n<div class=\"form-group\">\n\t<p><label class=\"control-label\">E-post<\/label><br \/>\n<span class=\"wpcf7-form-control-wrap\" data-name=\"sahkoposti\"><input size=\"40\" maxlength=\"400\" class=\"wpcf7-form-control wpcf7-email wpcf7-validates-as-required wpcf7-text wpcf7-validates-as-email form-control\" autocomplete=\"email\" aria-required=\"true\" aria-invalid=\"false\" value=\"\" type=\"email\" name=\"sahkoposti\" \/><\/span>\n\t<\/p>\n<\/div>\n<div class=\"form-group\">\n\t<p><label class=\"control-label\">Ditt meddelande<\/label><br \/>\n<span class=\"wpcf7-form-control-wrap\" data-name=\"viestisi\"><textarea cols=\"40\" rows=\"3\" maxlength=\"2000\" class=\"wpcf7-form-control wpcf7-textarea wpcf7-validates-as-required form-control\" aria-required=\"true\" aria-invalid=\"false\" name=\"viestisi\"><\/textarea><\/span>\n\t<\/p>\n<\/div>\n<p><span id=\"wpcf7-69d601b01d5ac-wrapper\" class=\"wpcf7-form-control-wrap email-65-wrap\" style=\"display:none !important; visibility:hidden !important;\"><input type=\"hidden\" name=\"email-65-time-start\" value=\"1775632816\"><input type=\"hidden\" name=\"email-65-time-check\" value=\"10\"><label for=\"wpcf7-69d601b01d5ac-field\" class=\"hp-message\">L\u00e4mna detta f\u00e4lt tomt.<\/label><input id=\"wpcf7-69d601b01d5ac-field\"  class=\"wpcf7-form-control wpcf7-text\" type=\"text\" name=\"email-65\" value=\"\" size=\"40\" tabindex=\"-1\" autocomplete=\"new-password\" \/><\/span><br \/>\n<span class=\"wpcf7-form-control-wrap recaptcha\" data-name=\"recaptcha\"><span data-sitekey=\"6LeH2ykqAAAAABeGFDaq9eWSEJ__65SpcwjgWBPL\" class=\"wpcf7-form-control wpcf7-recaptcha g-recaptcha\"><\/span>\r\n<noscript>\r\n\t<div class=\"grecaptcha-noscript\">\r\n\t\t<iframe loading=\"lazy\" src=\"https:\/\/www.google.com\/recaptcha\/api\/fallback?k=6LeH2ykqAAAAABeGFDaq9eWSEJ__65SpcwjgWBPL\" frameborder=\"0\" scrolling=\"no\" width=\"310\" height=\"430\">\r\n\t\t<\/iframe>\r\n\t\t<textarea name=\"g-recaptcha-response\" rows=\"3\" cols=\"40\" placeholder=\"reCaptcha-svar h\u00e4r\">\r\n\t\t<\/textarea>\r\n\t<\/div>\r\n<\/noscript>\r\n<\/span><br \/>\n<input class=\"wpcf7-form-control wpcf7-submit has-spinner btn\" type=\"submit\" value=\"Skicka till\" \/>\n<\/p><div class=\"wpcf7-response-output\" aria-hidden=\"true\"><\/div>\n<\/form>\n<\/div>\n\n","protected":false},"excerpt":{"rendered":"<p>V\u00e5r vision \u00e4r att vara den b\u00e4sta, mest eftertraktade och p\u00e5litligaste partnern internationellt som tillverkare av energiklipp, och d\u00e4rf\u00f6r vill vi investera i kompetens och en str\u00e4van att bli b\u00e4st i branschen. JAK-Metalli Oy som arbetsgivare JAK-Metalli Oy \u00e4r ett tillv\u00e4xtorienterat litet och medelstort f\u00f6retag med en stark vision f\u00f6r internationalisering. Som arbetsgivare erbjuder vi [&hellip;]<\/p>\n","protected":false},"author":1,"featured_media":5740,"parent":5696,"menu_order":90,"comment_status":"closed","ping_status":"closed","template":"","meta":{"_acf_changed":false,"footnotes":""},"class_list":["post-5735","page","type-page","status-publish","has-post-thumbnail","hentry"],"acf":[],"yoast_head":"<!-- This site is optimized with the Yoast SEO plugin v27.2 - https:\/\/yoast.com\/product\/yoast-seo-wordpress\/ -->\n<title>JAK som arbetsgivare &#8211; JAK-Metalli Oy<\/title>\n<meta name=\"description\" content=\"V\u00e5r vision \u00e4r att vara den b\u00e4sta, mest eftertraktade och p\u00e5litligaste partnern internationellt som tillverkare av energiklipp.\" \/>\n<meta name=\"robots\" content=\"index, follow, max-snippet:-1, max-image-preview:large, max-video-preview:-1\" \/>\n<link rel=\"canonical\" href=\"https:\/\/jak.fi\/sv\/foretag\/jak-som-arbetsgivare\/\" \/>\n<meta property=\"og:locale\" content=\"sv_SE\" \/>\n<meta property=\"og:type\" content=\"article\" \/>\n<meta property=\"og:title\" content=\"JAK som arbetsgivare &#8211; JAK-Metalli Oy\" \/>\n<meta property=\"og:description\" content=\"V\u00e5r vision \u00e4r att vara den b\u00e4sta, mest eftertraktade och p\u00e5litligaste partnern internationellt som tillverkare av energiklipp.\" \/>\n<meta property=\"og:url\" content=\"https:\/\/jak.fi\/sv\/foretag\/jak-som-arbetsgivare\/\" \/>\n<meta property=\"og:site_name\" content=\"JAK-Metalli Oy\" \/>\n<meta property=\"article:publisher\" content=\"https:\/\/www.facebook.com\/jaktreeshears\" \/>\n<meta property=\"article:modified_time\" content=\"2025-08-18T06:25:13+00:00\" \/>\n<meta property=\"og:image\" content=\"https:\/\/jak.fi\/wp-content\/uploads\/2024\/06\/JAK_header_employer.jpg\" \/>\n\t<meta property=\"og:image:width\" content=\"2240\" \/>\n\t<meta property=\"og:image:height\" content=\"700\" \/>\n\t<meta property=\"og:image:type\" content=\"image\/jpeg\" \/>\n<meta name=\"twitter:card\" content=\"summary_large_image\" \/>\n<meta name=\"twitter:label1\" content=\"Ber\u00e4knad l\u00e4stid\" \/>\n\t<meta name=\"twitter:data1\" content=\"1 minut\" \/>\n<script type=\"application\/ld+json\" class=\"yoast-schema-graph\">{\"@context\":\"https:\/\/schema.org\",\"@graph\":[{\"@type\":\"WebPage\",\"@id\":\"https:\/\/jak.fi\/sv\/foretag\/jak-som-arbetsgivare\/\",\"url\":\"https:\/\/jak.fi\/sv\/foretag\/jak-som-arbetsgivare\/\",\"name\":\"JAK som arbetsgivare &#8211; JAK-Metalli Oy\",\"isPartOf\":{\"@id\":\"https:\/\/jak.fi\/sv\/#website\"},\"primaryImageOfPage\":{\"@id\":\"https:\/\/jak.fi\/sv\/foretag\/jak-som-arbetsgivare\/#primaryimage\"},\"image\":{\"@id\":\"https:\/\/jak.fi\/sv\/foretag\/jak-som-arbetsgivare\/#primaryimage\"},\"thumbnailUrl\":\"https:\/\/jak.fi\/wp-content\/uploads\/2024\/06\/JAK_header_employer.jpg\",\"datePublished\":\"2024-05-28T06:32:03+00:00\",\"dateModified\":\"2025-08-18T06:25:13+00:00\",\"description\":\"V\u00e5r vision \u00e4r att vara den b\u00e4sta, mest eftertraktade och p\u00e5litligaste partnern internationellt som tillverkare av energiklipp.\",\"breadcrumb\":{\"@id\":\"https:\/\/jak.fi\/sv\/foretag\/jak-som-arbetsgivare\/#breadcrumb\"},\"inLanguage\":\"sv-SE\",\"potentialAction\":[{\"@type\":\"ReadAction\",\"target\":[\"https:\/\/jak.fi\/sv\/foretag\/jak-som-arbetsgivare\/\"]}]},{\"@type\":\"ImageObject\",\"inLanguage\":\"sv-SE\",\"@id\":\"https:\/\/jak.fi\/sv\/foretag\/jak-som-arbetsgivare\/#primaryimage\",\"url\":\"https:\/\/jak.fi\/wp-content\/uploads\/2024\/06\/JAK_header_employer.jpg\",\"contentUrl\":\"https:\/\/jak.fi\/wp-content\/uploads\/2024\/06\/JAK_header_employer.jpg\",\"width\":2240,\"height\":700,\"caption\":\"JAK-tehtaalla iloinen ty\u00f6mies juttelemassa kollegansa kanssa, ty\u00f6skentely\u00e4 hyv\u00e4ss\u00e4 hengess\u00e4.\"},{\"@type\":\"BreadcrumbList\",\"@id\":\"https:\/\/jak.fi\/sv\/foretag\/jak-som-arbetsgivare\/#breadcrumb\",\"itemListElement\":[{\"@type\":\"ListItem\",\"position\":1,\"name\":\"Etusivu\",\"item\":\"https:\/\/jak.fi\/sv\/\"},{\"@type\":\"ListItem\",\"position\":2,\"name\":\"F\u00f6retag\",\"item\":\"https:\/\/jak.fi\/sv\/?page_id=5696\"},{\"@type\":\"ListItem\",\"position\":3,\"name\":\"JAK som arbetsgivare\"}]},{\"@type\":\"WebSite\",\"@id\":\"https:\/\/jak.fi\/sv\/#website\",\"url\":\"https:\/\/jak.fi\/sv\/\",\"name\":\"JAK-Metalli Oy\",\"description\":\"\",\"publisher\":{\"@id\":\"https:\/\/jak.fi\/sv\/#organization\"},\"alternateName\":\"JAK Tree shears\",\"potentialAction\":[{\"@type\":\"SearchAction\",\"target\":{\"@type\":\"EntryPoint\",\"urlTemplate\":\"https:\/\/jak.fi\/sv\/?s={search_term_string}\"},\"query-input\":{\"@type\":\"PropertyValueSpecification\",\"valueRequired\":true,\"valueName\":\"search_term_string\"}}],\"inLanguage\":\"sv-SE\"},{\"@type\":\"Organization\",\"@id\":\"https:\/\/jak.fi\/sv\/#organization\",\"name\":\"JAK-Metalli Oy\",\"alternateName\":\"JAK Tree shears\",\"url\":\"https:\/\/jak.fi\/sv\/\",\"logo\":{\"@type\":\"ImageObject\",\"inLanguage\":\"sv-SE\",\"@id\":\"https:\/\/jak.fi\/sv\/#\/schema\/logo\/image\/\",\"url\":\"https:\/\/jak.fi\/wp-content\/uploads\/2024\/09\/JAK-logo-696x696-1.jpg\",\"contentUrl\":\"https:\/\/jak.fi\/wp-content\/uploads\/2024\/09\/JAK-logo-696x696-1.jpg\",\"width\":696,\"height\":696,\"caption\":\"JAK-Metalli Oy\"},\"image\":{\"@id\":\"https:\/\/jak.fi\/sv\/#\/schema\/logo\/image\/\"},\"sameAs\":[\"https:\/\/www.facebook.com\/jaktreeshears\",\"https:\/\/www.instagram.com\/jaktreeshears\/\",\"https:\/\/www.youtube.com\/channel\/UCAwvaVhBBkPie8MeAGbdY1w\"]}]}<\/script>\n<!-- \/ Yoast SEO plugin. -->","yoast_head_json":{"title":"JAK som arbetsgivare &#8211; JAK-Metalli Oy","description":"V\u00e5r vision \u00e4r att vara den b\u00e4sta, mest eftertraktade och p\u00e5litligaste partnern internationellt som tillverkare av energiklipp.","robots":{"index":"index","follow":"follow","max-snippet":"max-snippet:-1","max-image-preview":"max-image-preview:large","max-video-preview":"max-video-preview:-1"},"canonical":"https:\/\/jak.fi\/sv\/foretag\/jak-som-arbetsgivare\/","og_locale":"sv_SE","og_type":"article","og_title":"JAK som arbetsgivare &#8211; JAK-Metalli Oy","og_description":"V\u00e5r vision \u00e4r att vara den b\u00e4sta, mest eftertraktade och p\u00e5litligaste partnern internationellt som tillverkare av energiklipp.","og_url":"https:\/\/jak.fi\/sv\/foretag\/jak-som-arbetsgivare\/","og_site_name":"JAK-Metalli Oy","article_publisher":"https:\/\/www.facebook.com\/jaktreeshears","article_modified_time":"2025-08-18T06:25:13+00:00","og_image":[{"width":2240,"height":700,"url":"https:\/\/jak.fi\/wp-content\/uploads\/2024\/06\/JAK_header_employer.jpg","type":"image\/jpeg"}],"twitter_card":"summary_large_image","twitter_misc":{"Ber\u00e4knad l\u00e4stid":"1 minut"},"schema":{"@context":"https:\/\/schema.org","@graph":[{"@type":"WebPage","@id":"https:\/\/jak.fi\/sv\/foretag\/jak-som-arbetsgivare\/","url":"https:\/\/jak.fi\/sv\/foretag\/jak-som-arbetsgivare\/","name":"JAK som arbetsgivare &#8211; JAK-Metalli Oy","isPartOf":{"@id":"https:\/\/jak.fi\/sv\/#website"},"primaryImageOfPage":{"@id":"https:\/\/jak.fi\/sv\/foretag\/jak-som-arbetsgivare\/#primaryimage"},"image":{"@id":"https:\/\/jak.fi\/sv\/foretag\/jak-som-arbetsgivare\/#primaryimage"},"thumbnailUrl":"https:\/\/jak.fi\/wp-content\/uploads\/2024\/06\/JAK_header_employer.jpg","datePublished":"2024-05-28T06:32:03+00:00","dateModified":"2025-08-18T06:25:13+00:00","description":"V\u00e5r vision \u00e4r att vara den b\u00e4sta, mest eftertraktade och p\u00e5litligaste partnern internationellt som tillverkare av energiklipp.","breadcrumb":{"@id":"https:\/\/jak.fi\/sv\/foretag\/jak-som-arbetsgivare\/#breadcrumb"},"inLanguage":"sv-SE","potentialAction":[{"@type":"ReadAction","target":["https:\/\/jak.fi\/sv\/foretag\/jak-som-arbetsgivare\/"]}]},{"@type":"ImageObject","inLanguage":"sv-SE","@id":"https:\/\/jak.fi\/sv\/foretag\/jak-som-arbetsgivare\/#primaryimage","url":"https:\/\/jak.fi\/wp-content\/uploads\/2024\/06\/JAK_header_employer.jpg","contentUrl":"https:\/\/jak.fi\/wp-content\/uploads\/2024\/06\/JAK_header_employer.jpg","width":2240,"height":700,"caption":"JAK-tehtaalla iloinen ty\u00f6mies juttelemassa kollegansa kanssa, ty\u00f6skentely\u00e4 hyv\u00e4ss\u00e4 hengess\u00e4."},{"@type":"BreadcrumbList","@id":"https:\/\/jak.fi\/sv\/foretag\/jak-som-arbetsgivare\/#breadcrumb","itemListElement":[{"@type":"ListItem","position":1,"name":"Etusivu","item":"https:\/\/jak.fi\/sv\/"},{"@type":"ListItem","position":2,"name":"F\u00f6retag","item":"https:\/\/jak.fi\/sv\/?page_id=5696"},{"@type":"ListItem","position":3,"name":"JAK som arbetsgivare"}]},{"@type":"WebSite","@id":"https:\/\/jak.fi\/sv\/#website","url":"https:\/\/jak.fi\/sv\/","name":"JAK-Metalli Oy","description":"","publisher":{"@id":"https:\/\/jak.fi\/sv\/#organization"},"alternateName":"JAK Tree shears","potentialAction":[{"@type":"SearchAction","target":{"@type":"EntryPoint","urlTemplate":"https:\/\/jak.fi\/sv\/?s={search_term_string}"},"query-input":{"@type":"PropertyValueSpecification","valueRequired":true,"valueName":"search_term_string"}}],"inLanguage":"sv-SE"},{"@type":"Organization","@id":"https:\/\/jak.fi\/sv\/#organization","name":"JAK-Metalli Oy","alternateName":"JAK Tree shears","url":"https:\/\/jak.fi\/sv\/","logo":{"@type":"ImageObject","inLanguage":"sv-SE","@id":"https:\/\/jak.fi\/sv\/#\/schema\/logo\/image\/","url":"https:\/\/jak.fi\/wp-content\/uploads\/2024\/09\/JAK-logo-696x696-1.jpg","contentUrl":"https:\/\/jak.fi\/wp-content\/uploads\/2024\/09\/JAK-logo-696x696-1.jpg","width":696,"height":696,"caption":"JAK-Metalli Oy"},"image":{"@id":"https:\/\/jak.fi\/sv\/#\/schema\/logo\/image\/"},"sameAs":["https:\/\/www.facebook.com\/jaktreeshears","https:\/\/www.instagram.com\/jaktreeshears\/","https:\/\/www.youtube.com\/channel\/UCAwvaVhBBkPie8MeAGbdY1w"]}]}},"_links":{"self":[{"href":"https:\/\/jak.fi\/sv\/wp-json\/wp\/v2\/pages\/5735","targetHints":{"allow":["GET"]}}],"collection":[{"href":"https:\/\/jak.fi\/sv\/wp-json\/wp\/v2\/pages"}],"about":[{"href":"https:\/\/jak.fi\/sv\/wp-json\/wp\/v2\/types\/page"}],"author":[{"embeddable":true,"href":"https:\/\/jak.fi\/sv\/wp-json\/wp\/v2\/users\/1"}],"replies":[{"embeddable":true,"href":"https:\/\/jak.fi\/sv\/wp-json\/wp\/v2\/comments?post=5735"}],"version-history":[{"count":6,"href":"https:\/\/jak.fi\/sv\/wp-json\/wp\/v2\/pages\/5735\/revisions"}],"predecessor-version":[{"id":11678,"href":"https:\/\/jak.fi\/sv\/wp-json\/wp\/v2\/pages\/5735\/revisions\/11678"}],"up":[{"embeddable":true,"href":"https:\/\/jak.fi\/sv\/wp-json\/wp\/v2\/pages\/5696"}],"wp:featuredmedia":[{"embeddable":true,"href":"https:\/\/jak.fi\/sv\/wp-json\/wp\/v2\/media\/5740"}],"wp:attachment":[{"href":"https:\/\/jak.fi\/sv\/wp-json\/wp\/v2\/media?parent=5735"}],"curies":[{"name":"wp","href":"https:\/\/api.w.org\/{rel}","templated":true}]}}