{"id":5742,"date":"2024-05-23T10:25:51","date_gmt":"2024-05-23T07:25:51","guid":{"rendered":"https:\/\/jak.fi\/?page_id=5742"},"modified":"2025-04-01T09:57:01","modified_gmt":"2025-04-01T06:57:01","slug":"policy-for-aterbetalning-och-returer","status":"publish","type":"page","link":"https:\/\/jak.fi\/sv\/policy-for-aterbetalning-och-returer\/","title":{"rendered":"Policy f\u00f6r \u00e5terbetalning och returer"},"content":{"rendered":"\n<p><b>Detta \u00e4r en exempelsida.<\/b><\/p>\n\n<h2 class=\"wp-block-heading\">\u00d6versikt<\/h2>\n\n<p>V\u00e5r \u00e5terbetalnings- och returpolicy varar i 30 dagar. Om 30 dagar har g\u00e5tt sedan ditt k\u00f6p kan vi inte erbjuda dig full \u00e5terbetalning eller byte. <\/p>\n\n<p>F\u00f6r att du ska kunna returnera en vara m\u00e5ste den vara oanv\u00e4nd och i samma skick som du fick den. Den m\u00e5ste ocks\u00e5 vara i originalf\u00f6rpackningen. <\/p>\n\n<p>Flera typer av varor \u00e4r undantagna fr\u00e5n att returneras. F\u00f6rg\u00e4ngliga varor som mat, blommor, tidningar eller tidskrifter kan inte returneras. Vi tar inte heller emot produkter som \u00e4r intim- eller hygienartiklar, farliga material eller brandfarliga v\u00e4tskor eller gaser.  <\/p>\n\n<p>Ytterligare artiklar som inte kan returneras:<\/p>\n\n<ul class=\"wp-block-list\">\n<li>Presentkort<\/li>\n<li>Nedladdningsbara programvaruprodukter<\/li>\n<li>Vissa artiklar inom h\u00e4lsa och personlig v\u00e5rd<\/li>\n<\/ul>\n\n<p>F\u00f6r att slutf\u00f6ra din retur beh\u00f6ver vi ett kvitto eller ett k\u00f6pbevis.<\/p>\n\n<p>V\u00e4nligen skicka inte tillbaka ditt k\u00f6p till tillverkaren.<\/p>\n\n<p>Det finns vissa situationer d\u00e4r endast partiell \u00e5terbetalning beviljas:<\/p>\n\n<ul class=\"wp-block-list\">\n<li>Bok med tydliga brukssp\u00e5r<\/li>\n<li>CD, DVD, VHS-band, programvara, videospel, kassettband eller vinylskiva som har \u00f6ppnats.<\/li>\n<li>Alla varor som inte \u00e4r i sitt ursprungliga skick, \u00e4r skadade eller saknar delar av sk\u00e4l som inte beror p\u00e5 v\u00e5rt fel.<\/li>\n<li>Alla varor som returneras mer \u00e4n 30 dagar efter leverans<\/li>\n<\/ul>\n\n<h2>\u00c5terbetalning<\/h2>\n\n<p>N\u00e4r din retur har mottagits och inspekterats skickar vi ett e-postmeddelande till dig f\u00f6r att meddela att vi har mottagit din returnerade vara. Vi meddelar dig ocks\u00e5 om din \u00e5terbetalning godk\u00e4nns eller avsl\u00e5s. <\/p>\n\n<p>Om du godk\u00e4nns kommer din \u00e5terbetalning att behandlas och en kreditering kommer automatiskt att g\u00f6ras p\u00e5 ditt kreditkort eller den ursprungliga betalningsmetoden inom ett visst antal dagar.<\/p>\n\n<h3 class=\"wp-block-heading\">F\u00f6rsenad eller utebliven \u00e5terbetalning<\/h3>\n\n<p>Om du \u00e4nnu inte har f\u00e5tt n\u00e5gon \u00e5terbetalning ska du f\u00f6rst kontrollera ditt bankkonto igen.<\/p>\n\n<p>Kontakta sedan ditt kreditkortsf\u00f6retag, det kan ta lite tid innan din \u00e5terbetalning \u00e4r officiellt bokf\u00f6rd.<\/p>\n\n<p>Kontakta sedan din bank. Det \u00e4r ofta en viss handl\u00e4ggningstid innan en \u00e5terbetalning bokf\u00f6rs. <\/p>\n\n<p>Om du har gjort allt detta och fortfarande inte har f\u00e5tt din \u00e5terbetalning, v\u00e4nligen kontakta oss p\u00e5 {email address}.<\/p>\n\n<h3 class=\"wp-block-heading\">F\u00f6rs\u00e4ljningsvaror<\/h3>\n\n<p>Endast varor till ordinarie pris kan \u00e5terbetalas. Reavaror kan inte \u00e5terbetalas. <\/p>\n\n<h2>Utbyten<\/h2>\n\n<p>Vi ers\u00e4tter endast varor om de \u00e4r defekta eller skadade. Om du beh\u00f6ver byta ut den mot samma vara, skicka oss ett e-postmeddelande p\u00e5 {e-postadress} och skicka din vara till: {fysisk adress}. <\/p>\n\n<h2>G\u00e5vor<\/h2>\n\n<p>Om varan var m\u00e4rkt som en g\u00e5va n\u00e4r den k\u00f6ptes och skickades direkt till dig, f\u00e5r du en presentkredit f\u00f6r v\u00e4rdet av din retur. N\u00e4r den returnerade varan har tagits emot kommer ett presentkort att skickas till dig. <\/p>\n\n<p>Om varan inte var m\u00e4rkt som en g\u00e5va n\u00e4r den k\u00f6ptes, eller om g\u00e5vogivaren fick best\u00e4llningen skickad till sig sj\u00e4lv f\u00f6r att ge till dig senare, skickar vi en \u00e5terbetalning till g\u00e5vogivaren och de kommer att f\u00e5 reda p\u00e5 din retur.<\/p>\n\n<h2>Frakt och retur<\/h2>\n\n<p>F\u00f6r att returnera din produkt ska du skicka produkten till: {fysisk adress}.<\/p>\n\n<p>Du \u00e4r ansvarig f\u00f6r att betala f\u00f6r dina egna fraktkostnader f\u00f6r att returnera din vara. Fraktkostnaderna \u00e5terbetalas inte. Om du f\u00e5r en \u00e5terbetalning kommer kostnaden f\u00f6r returfrakt att dras av fr\u00e5n din \u00e5terbetalning.  <\/p>\n\n<p>Beroende p\u00e5 var du bor kan den tid det tar f\u00f6r din inbytta produkt att n\u00e5 dig variera.<\/p>\n\n<p>Om du returnerar dyrare varor kan du \u00f6verv\u00e4ga att anv\u00e4nda en sp\u00e5rbar frakttj\u00e4nst eller k\u00f6pa fraktf\u00f6rs\u00e4kring. Vi garanterar inte att vi kommer att f\u00e5 din returnerade vara. <\/p>\n\n<h2>Beh\u00f6ver du hj\u00e4lp?<\/h2>\n\n<p>{email} Kontakta oss p\u00e5 f\u00f6r fr\u00e5gor som r\u00f6r \u00e5terbetalningar och returer.<\/p>\n","protected":false},"excerpt":{"rendered":"<p>Detta \u00e4r en exempelsida. \u00d6versikt V\u00e5r \u00e5terbetalnings- och returpolicy varar i 30 dagar. Om 30 dagar har g\u00e5tt sedan ditt k\u00f6p kan vi inte erbjuda dig full \u00e5terbetalning eller byte. F\u00f6r att du ska kunna returnera en vara m\u00e5ste den vara oanv\u00e4nd och i samma skick som du fick den. Den m\u00e5ste ocks\u00e5 vara i [&hellip;]<\/p>\n","protected":false},"author":1,"featured_media":0,"parent":0,"menu_order":129,"comment_status":"closed","ping_status":"closed","template":"","meta":{"_acf_changed":false,"footnotes":""},"class_list":["post-5742","page","type-page","status-publish","hentry"],"acf":[],"yoast_head":"<!-- This site is optimized with the Yoast SEO plugin v27.3 - https:\/\/yoast.com\/product\/yoast-seo-wordpress\/ -->\n<title>Policy f\u00f6r \u00e5terbetalning och returer &#8211; JAK-Metalli Oy<\/title>\n<meta name=\"robots\" content=\"index, follow, max-snippet:-1, max-image-preview:large, max-video-preview:-1\" \/>\n<link rel=\"canonical\" href=\"https:\/\/jak.fi\/sv\/policy-for-aterbetalning-och-returer\/\" \/>\n<meta property=\"og:locale\" content=\"sv_SE\" \/>\n<meta property=\"og:type\" content=\"article\" \/>\n<meta property=\"og:title\" content=\"Policy f\u00f6r \u00e5terbetalning och returer &#8211; JAK-Metalli Oy\" \/>\n<meta property=\"og:description\" content=\"Detta \u00e4r en exempelsida. \u00d6versikt V\u00e5r \u00e5terbetalnings- och returpolicy varar i 30 dagar. Om 30 dagar har g\u00e5tt sedan ditt k\u00f6p kan vi inte erbjuda dig full \u00e5terbetalning eller byte. F\u00f6r att du ska kunna returnera en vara m\u00e5ste den vara oanv\u00e4nd och i samma skick som du fick den. Den m\u00e5ste ocks\u00e5 vara i [&hellip;]\" \/>\n<meta property=\"og:url\" content=\"https:\/\/jak.fi\/sv\/policy-for-aterbetalning-och-returer\/\" \/>\n<meta property=\"og:site_name\" content=\"JAK-Metalli Oy\" \/>\n<meta property=\"article:publisher\" content=\"https:\/\/www.facebook.com\/jaktreeshears\" \/>\n<meta property=\"article:modified_time\" content=\"2025-04-01T06:57:01+00:00\" \/>\n<meta property=\"og:image\" content=\"https:\/\/jak.fi\/wp-content\/uploads\/2024\/05\/jak-ylakuva-1-2000x600px-1.jpg\" \/>\n\t<meta property=\"og:image:width\" content=\"2000\" \/>\n\t<meta property=\"og:image:height\" content=\"600\" \/>\n\t<meta property=\"og:image:type\" content=\"image\/jpeg\" \/>\n<meta name=\"twitter:card\" content=\"summary_large_image\" \/>\n<meta name=\"twitter:label1\" content=\"Ber\u00e4knad l\u00e4stid\" \/>\n\t<meta name=\"twitter:data1\" content=\"3 minut\" \/>\n<script type=\"application\/ld+json\" class=\"yoast-schema-graph\">{\"@context\":\"https:\\\/\\\/schema.org\",\"@graph\":[{\"@type\":\"WebPage\",\"@id\":\"https:\\\/\\\/jak.fi\\\/sv\\\/policy-for-aterbetalning-och-returer\\\/\",\"url\":\"https:\\\/\\\/jak.fi\\\/sv\\\/policy-for-aterbetalning-och-returer\\\/\",\"name\":\"Policy f\u00f6r \u00e5terbetalning och returer &#8211; JAK-Metalli Oy\",\"isPartOf\":{\"@id\":\"https:\\\/\\\/jak.fi\\\/sv\\\/#website\"},\"datePublished\":\"2024-05-23T07:25:51+00:00\",\"dateModified\":\"2025-04-01T06:57:01+00:00\",\"breadcrumb\":{\"@id\":\"https:\\\/\\\/jak.fi\\\/sv\\\/policy-for-aterbetalning-och-returer\\\/#breadcrumb\"},\"inLanguage\":\"sv-SE\",\"potentialAction\":[{\"@type\":\"ReadAction\",\"target\":[\"https:\\\/\\\/jak.fi\\\/sv\\\/policy-for-aterbetalning-och-returer\\\/\"]}]},{\"@type\":\"BreadcrumbList\",\"@id\":\"https:\\\/\\\/jak.fi\\\/sv\\\/policy-for-aterbetalning-och-returer\\\/#breadcrumb\",\"itemListElement\":[{\"@type\":\"ListItem\",\"position\":1,\"name\":\"Etusivu\",\"item\":\"https:\\\/\\\/jak.fi\\\/sv\\\/\"},{\"@type\":\"ListItem\",\"position\":2,\"name\":\"Policy f\u00f6r \u00e5terbetalning och returer\"}]},{\"@type\":\"WebSite\",\"@id\":\"https:\\\/\\\/jak.fi\\\/sv\\\/#website\",\"url\":\"https:\\\/\\\/jak.fi\\\/sv\\\/\",\"name\":\"JAK-Metalli Oy\",\"description\":\"\",\"publisher\":{\"@id\":\"https:\\\/\\\/jak.fi\\\/sv\\\/#organization\"},\"alternateName\":\"JAK Tree shears\",\"potentialAction\":[{\"@type\":\"SearchAction\",\"target\":{\"@type\":\"EntryPoint\",\"urlTemplate\":\"https:\\\/\\\/jak.fi\\\/sv\\\/?s={search_term_string}\"},\"query-input\":{\"@type\":\"PropertyValueSpecification\",\"valueRequired\":true,\"valueName\":\"search_term_string\"}}],\"inLanguage\":\"sv-SE\"},{\"@type\":\"Organization\",\"@id\":\"https:\\\/\\\/jak.fi\\\/sv\\\/#organization\",\"name\":\"JAK-Metalli Oy\",\"alternateName\":\"JAK Tree shears\",\"url\":\"https:\\\/\\\/jak.fi\\\/sv\\\/\",\"logo\":{\"@type\":\"ImageObject\",\"inLanguage\":\"sv-SE\",\"@id\":\"https:\\\/\\\/jak.fi\\\/sv\\\/#\\\/schema\\\/logo\\\/image\\\/\",\"url\":\"https:\\\/\\\/jak.fi\\\/wp-content\\\/uploads\\\/2024\\\/09\\\/JAK-logo-696x696-1.jpg\",\"contentUrl\":\"https:\\\/\\\/jak.fi\\\/wp-content\\\/uploads\\\/2024\\\/09\\\/JAK-logo-696x696-1.jpg\",\"width\":696,\"height\":696,\"caption\":\"JAK-Metalli Oy\"},\"image\":{\"@id\":\"https:\\\/\\\/jak.fi\\\/sv\\\/#\\\/schema\\\/logo\\\/image\\\/\"},\"sameAs\":[\"https:\\\/\\\/www.facebook.com\\\/jaktreeshears\",\"https:\\\/\\\/www.instagram.com\\\/jaktreeshears\\\/\",\"https:\\\/\\\/www.youtube.com\\\/channel\\\/UCAwvaVhBBkPie8MeAGbdY1w\"]}]}<\/script>\n<!-- \/ Yoast SEO plugin. -->","yoast_head_json":{"title":"Policy f\u00f6r \u00e5terbetalning och returer &#8211; JAK-Metalli Oy","robots":{"index":"index","follow":"follow","max-snippet":"max-snippet:-1","max-image-preview":"max-image-preview:large","max-video-preview":"max-video-preview:-1"},"canonical":"https:\/\/jak.fi\/sv\/policy-for-aterbetalning-och-returer\/","og_locale":"sv_SE","og_type":"article","og_title":"Policy f\u00f6r \u00e5terbetalning och returer &#8211; JAK-Metalli Oy","og_description":"Detta \u00e4r en exempelsida. \u00d6versikt V\u00e5r \u00e5terbetalnings- och returpolicy varar i 30 dagar. Om 30 dagar har g\u00e5tt sedan ditt k\u00f6p kan vi inte erbjuda dig full \u00e5terbetalning eller byte. F\u00f6r att du ska kunna returnera en vara m\u00e5ste den vara oanv\u00e4nd och i samma skick som du fick den. Den m\u00e5ste ocks\u00e5 vara i [&hellip;]","og_url":"https:\/\/jak.fi\/sv\/policy-for-aterbetalning-och-returer\/","og_site_name":"JAK-Metalli Oy","article_publisher":"https:\/\/www.facebook.com\/jaktreeshears","article_modified_time":"2025-04-01T06:57:01+00:00","og_image":[{"width":2000,"height":600,"url":"https:\/\/jak.fi\/wp-content\/uploads\/2024\/05\/jak-ylakuva-1-2000x600px-1.jpg","type":"image\/jpeg"}],"twitter_card":"summary_large_image","twitter_misc":{"Ber\u00e4knad l\u00e4stid":"3 minut"},"schema":{"@context":"https:\/\/schema.org","@graph":[{"@type":"WebPage","@id":"https:\/\/jak.fi\/sv\/policy-for-aterbetalning-och-returer\/","url":"https:\/\/jak.fi\/sv\/policy-for-aterbetalning-och-returer\/","name":"Policy f\u00f6r \u00e5terbetalning och returer &#8211; JAK-Metalli Oy","isPartOf":{"@id":"https:\/\/jak.fi\/sv\/#website"},"datePublished":"2024-05-23T07:25:51+00:00","dateModified":"2025-04-01T06:57:01+00:00","breadcrumb":{"@id":"https:\/\/jak.fi\/sv\/policy-for-aterbetalning-och-returer\/#breadcrumb"},"inLanguage":"sv-SE","potentialAction":[{"@type":"ReadAction","target":["https:\/\/jak.fi\/sv\/policy-for-aterbetalning-och-returer\/"]}]},{"@type":"BreadcrumbList","@id":"https:\/\/jak.fi\/sv\/policy-for-aterbetalning-och-returer\/#breadcrumb","itemListElement":[{"@type":"ListItem","position":1,"name":"Etusivu","item":"https:\/\/jak.fi\/sv\/"},{"@type":"ListItem","position":2,"name":"Policy f\u00f6r \u00e5terbetalning och returer"}]},{"@type":"WebSite","@id":"https:\/\/jak.fi\/sv\/#website","url":"https:\/\/jak.fi\/sv\/","name":"JAK-Metalli Oy","description":"","publisher":{"@id":"https:\/\/jak.fi\/sv\/#organization"},"alternateName":"JAK Tree shears","potentialAction":[{"@type":"SearchAction","target":{"@type":"EntryPoint","urlTemplate":"https:\/\/jak.fi\/sv\/?s={search_term_string}"},"query-input":{"@type":"PropertyValueSpecification","valueRequired":true,"valueName":"search_term_string"}}],"inLanguage":"sv-SE"},{"@type":"Organization","@id":"https:\/\/jak.fi\/sv\/#organization","name":"JAK-Metalli Oy","alternateName":"JAK Tree shears","url":"https:\/\/jak.fi\/sv\/","logo":{"@type":"ImageObject","inLanguage":"sv-SE","@id":"https:\/\/jak.fi\/sv\/#\/schema\/logo\/image\/","url":"https:\/\/jak.fi\/wp-content\/uploads\/2024\/09\/JAK-logo-696x696-1.jpg","contentUrl":"https:\/\/jak.fi\/wp-content\/uploads\/2024\/09\/JAK-logo-696x696-1.jpg","width":696,"height":696,"caption":"JAK-Metalli Oy"},"image":{"@id":"https:\/\/jak.fi\/sv\/#\/schema\/logo\/image\/"},"sameAs":["https:\/\/www.facebook.com\/jaktreeshears","https:\/\/www.instagram.com\/jaktreeshears\/","https:\/\/www.youtube.com\/channel\/UCAwvaVhBBkPie8MeAGbdY1w"]}]}},"_links":{"self":[{"href":"https:\/\/jak.fi\/sv\/wp-json\/wp\/v2\/pages\/5742","targetHints":{"allow":["GET"]}}],"collection":[{"href":"https:\/\/jak.fi\/sv\/wp-json\/wp\/v2\/pages"}],"about":[{"href":"https:\/\/jak.fi\/sv\/wp-json\/wp\/v2\/types\/page"}],"author":[{"embeddable":true,"href":"https:\/\/jak.fi\/sv\/wp-json\/wp\/v2\/users\/1"}],"replies":[{"embeddable":true,"href":"https:\/\/jak.fi\/sv\/wp-json\/wp\/v2\/comments?post=5742"}],"version-history":[{"count":2,"href":"https:\/\/jak.fi\/sv\/wp-json\/wp\/v2\/pages\/5742\/revisions"}],"predecessor-version":[{"id":5745,"href":"https:\/\/jak.fi\/sv\/wp-json\/wp\/v2\/pages\/5742\/revisions\/5745"}],"wp:attachment":[{"href":"https:\/\/jak.fi\/sv\/wp-json\/wp\/v2\/media?parent=5742"}],"curies":[{"name":"wp","href":"https:\/\/api.w.org\/{rel}","templated":true}]}}