{"id":5759,"date":"2024-05-29T09:58:10","date_gmt":"2024-05-29T06:58:10","guid":{"rendered":"https:\/\/jak.fi\/energigrepp-for-traktorer-och-skogsmaskiner\/"},"modified":"2025-04-29T14:55:39","modified_gmt":"2025-04-29T11:55:39","slug":"energigrepp-for-traktorer-och-skogsmaskiner","status":"publish","type":"page","link":"https:\/\/jak.fi\/sv\/energigrepp-for-traktorer-och-skogsmaskiner\/","title":{"rendered":"Energiklipp f\u00f6r traktor och skogsmaskin"},"content":{"rendered":"\n<h2 class=\"wp-block-heading has-text-align-center\">JAK Energiklipp f\u00f6r traktor, skogsmaskin eller kran<\/h2>\n\n<p class=\"has-text-align-center has-blue-color has-text-color has-link-color has-medium-font-size wp-elements-0a40e5d34700eb34e7ccafd7223c3bc7\">JAK-Metalli Oy:s sortiment omfattar energiklipp f\u00f6r traktorsk\u00f6rdare och skogsmaskiner. Energiklipp \u00e4r l\u00e4tta och h\u00e5llbara, vilket g\u00f6r dem l\u00e4mpliga f\u00f6r ett brett spektrum av applikationer.   <\/p>\n\n<p class=\"has-text-align-center has-blue-color has-text-color has-link-color has-medium-font-size wp-elements-91c2dfb9d10082ba1d4c67fd138e632f\">V\u00e5ra energiklipp \u00e4r konstruerade f\u00f6r kr\u00e4vande professionell anv\u00e4ndning. Med v\u00e5ra energiklipp f\u00f6r traktorer och skogsmaskiner kan du rensa f\u00e4ltkanter, v\u00e4gkanter och kapa energived utan anstr\u00e4ngning, \u00e4ven \u00f6ver stora omr\u00e5den. Varje JAK energiklipp levereras med 24 m\u00e5naders fabriksgaranti.  <\/p>\n\n<hr class=\"wp-block-separator has-text-color has-red-color has-alpha-channel-opacity has-red-background-color has-background is-style-wide\"\/>\n\n<h2 class=\"wp-block-heading has-text-align-center\">V\u00e4lj r\u00e4tt energiklipp f\u00f6r din <br\/>maskinstorlek<\/h2>\n<div class=\"woocommerce columns-4 \"><div class=\"col-12 col-md-6 col-lg-3 product\"  >\n\t<figure>\n\t\t<img loading=\"lazy\" decoding=\"async\" width=\"800\" height=\"540\" src=\"https:\/\/jak.fi\/wp-content\/uploads\/2025\/04\/JAK-250K-Pro-Tree-Shear-Web-10-800x540.png\" class=\"attachment-woocommerce_thumbnail size-woocommerce_thumbnail\" alt=\"JAK-250K Pro energiklipp f\u00f6r traktor eller skogsmaskin\" \/>\t\t\n\t\t<figcaption>\n\t\n\t\t\t<h3 class=\"\u201dwoocommerce-loop-product__title\u201d\">JAK-200K PRO Energiklipp<\/h3>\n\t\t\t\n\t\t\n\t\t\t\n\t\t\t<p class=\"has-blue-color\">F\u00f6r traktorer och timmerkranar<\/p>\n\t\t\t\t\t\n\t\t\t<\/a>\t\t\t\t\t\n\t\t\t<a href=\"https:\/\/jak.fi\/sv\/produkter\/energiklipp-for-traktorer-och-skogsmaskiner\/jak-200k-pro-energiklipp\/\">Utforska produkten <i class=\"fa-solid fa-chevron-right\" aria-hidden=\"true\"><\/i><\/a>\n\t\t<\/figcaption>\t\t\t\t\t\t\t\n\t<\/figure>\n<\/div>\n<div class=\"col-12 col-md-6 col-lg-3 product\"  >\n\t<figure>\n\t\t<img loading=\"lazy\" decoding=\"async\" width=\"800\" height=\"540\" src=\"https:\/\/jak.fi\/wp-content\/uploads\/2025\/04\/JAK-250K-Pro-Tree-Shear-Web-10-800x540.png\" class=\"attachment-woocommerce_thumbnail size-woocommerce_thumbnail\" alt=\"JAK-250K Pro energiklipp f\u00f6r traktor eller skogsmaskin\" \/>\t\t\n\t\t<figcaption>\n\t\n\t\t\t<h3 class=\"\u201dwoocommerce-loop-product__title\u201d\">JAK-250K PRO Energiklipp<\/h3>\n\t\t\t\n\t\t\n\t\t\t\n\t\t\t<p class=\"has-blue-color\">F\u00f6r skogsmaskiner och stora traktorer<\/p>\n\t\t\t\t\t\n\t\t\t<\/a>\t\t\t\t\t\n\t\t\t<a href=\"https:\/\/jak.fi\/sv\/produkter\/energiklipp-for-traktorer-och-skogsmaskiner\/jak-250k-pro-energiklipp\/\">Utforska produkten <i class=\"fa-solid fa-chevron-right\" aria-hidden=\"true\"><\/i><\/a>\n\t\t<\/figcaption>\t\t\t\t\t\t\t\n\t<\/figure>\n<\/div>\n<div class=\"col-12 col-md-6 col-lg-3 product\"  >\n\t<figure>\n\t\t<img loading=\"lazy\" decoding=\"async\" width=\"800\" height=\"540\" src=\"https:\/\/jak.fi\/wp-content\/uploads\/2025\/04\/JAK-250K-Pro-Tree-Shear-Web-10-800x540.png\" class=\"attachment-woocommerce_thumbnail size-woocommerce_thumbnail\" alt=\"JAK-250K Pro energiklipp f\u00f6r traktor eller skogsmaskin\" \/>\t\t\n\t\t<figcaption>\n\t\n\t\t\t<h3 class=\"\u201dwoocommerce-loop-product__title\u201d\">JAK-300K PRO Energiklipp<\/h3>\n\t\t\t\n\t\t\n\t\t\t\n\t\t\t<p class=\"has-blue-color\">skogsmaskin<\/p>\n\t\t\t\t\t\n\t\t\t<\/a>\t\t\t\t\t\n\t\t\t<a href=\"https:\/\/jak.fi\/sv\/produkter\/energiklipp-for-traktorer-och-skogsmaskiner\/jak-300k-pro-energiklipp\/\">Utforska produkten <i class=\"fa-solid fa-chevron-right\" aria-hidden=\"true\"><\/i><\/a>\n\t\t<\/figcaption>\t\t\t\t\t\t\t\n\t<\/figure>\n<\/div>\n<div class=\"col-12 col-md-6 col-lg-3 product\"  >\n\t<figure>\n\t\t<img loading=\"lazy\" decoding=\"async\" width=\"800\" height=\"540\" src=\"https:\/\/jak.fi\/wp-content\/uploads\/2024\/05\/jak-200k-4-1-800x540.png\" class=\"attachment-woocommerce_thumbnail size-woocommerce_thumbnail\" alt=\"JAK-200K Energiklipp GEN4\" \/>\t\t\n\t\t<figcaption>\n\t\n\t\t\t<h3 class=\"\u201dwoocommerce-loop-product__title\u201d\">JAK-200K Energiklipp GEN4<\/h3>\n\t\t\t\n\t\t\n\t\t\t\n\t\t\t<p class=\"has-blue-color\">F\u00f6r sm\u00e5 traktorer och timmerlastare<\/p>\n\t\t\t\t\t\n\t\t\t<\/a>\t\t\t\t\t\n\t\t\t<a href=\"https:\/\/jak.fi\/sv\/produkter\/energiklipp-for-traktorer-och-skogsmaskiner\/jak-200k-gen4-energiklipp\/\">Utforska produkten <i class=\"fa-solid fa-chevron-right\" aria-hidden=\"true\"><\/i><\/a>\n\t\t<\/figcaption>\t\t\t\t\t\t\t\n\t<\/figure>\n<\/div>\n<div class=\"col-12 col-md-6 col-lg-3 product\"  >\n\t<figure>\n\t\t<img loading=\"lazy\" decoding=\"async\" width=\"800\" height=\"540\" src=\"https:\/\/jak.fi\/wp-content\/uploads\/2024\/06\/jak-250k-4-1-800x540.png\" class=\"attachment-woocommerce_thumbnail size-woocommerce_thumbnail\" alt=\"JAK-250K GEN4 energiklipp f\u00f6r skogsmaskiner och traktorer, effektiv och h\u00e5llbar, kapar 250 mm tjocka tr\u00e4d.\" \/>\t\t\n\t\t<figcaption>\n\t\n\t\t\t<h3 class=\"\u201dwoocommerce-loop-product__title\u201d\">JAK-250K Energiklipp GEN4<\/h3>\n\t\t\t\n\t\t\n\t\t\t\n\t\t\t<p class=\"has-blue-color\">F\u00f6r skogsmaskiner och stora traktorer<\/p>\n\t\t\t\t\t\n\t\t\t<\/a>\t\t\t\t\t\n\t\t\t<a href=\"https:\/\/jak.fi\/sv\/produkter\/energiklipp-for-traktorer-och-skogsmaskiner\/jak-250k-gen4-energiklipp\/\">Utforska produkten <i class=\"fa-solid fa-chevron-right\" aria-hidden=\"true\"><\/i><\/a>\n\t\t<\/figcaption>\t\t\t\t\t\t\t\n\t<\/figure>\n<\/div>\n<\/div>\n\n<div style=\"height:100px\" aria-hidden=\"true\" class=\"wp-block-spacer\"><\/div>\n\n<figure class=\"wp-block-gallery has-nested-images columns-default is-cropped wp-block-gallery-1 is-layout-flex wp-block-gallery-is-layout-flex\">\n<figure class=\"wp-block-image size-large\"><img loading=\"lazy\" decoding=\"async\" width=\"1200\" height=\"841\" data-id=\"478\" src=\"https:\/\/jak.fi\/wp-content\/uploads\/2024\/05\/jak-200k-on-tractor-timber-loader-21-scaled-1-1200x841.jpg\" alt=\"Energiklipp JAK-250K monterad p&#xE5; en traktors timmerlastare, f&#xF6;r effektiv tr&#xE4;df&#xE4;llning i skogsbruket.\" class=\"wp-image-478\" srcset=\"https:\/\/jak.fi\/wp-content\/uploads\/2024\/05\/jak-200k-on-tractor-timber-loader-21-scaled-1-1200x841.jpg 1200w, https:\/\/jak.fi\/wp-content\/uploads\/2024\/05\/jak-200k-on-tractor-timber-loader-21-scaled-1-700x490.jpg 700w, https:\/\/jak.fi\/wp-content\/uploads\/2024\/05\/jak-200k-on-tractor-timber-loader-21-scaled-1-768x538.jpg 768w, https:\/\/jak.fi\/wp-content\/uploads\/2024\/05\/jak-200k-on-tractor-timber-loader-21-scaled-1-1536x1076.jpg 1536w, https:\/\/jak.fi\/wp-content\/uploads\/2024\/05\/jak-200k-on-tractor-timber-loader-21-scaled-1-800x560.jpg 800w, https:\/\/jak.fi\/wp-content\/uploads\/2024\/05\/jak-200k-on-tractor-timber-loader-21-scaled-1.jpg 1920w\" sizes=\"auto, (max-width: 1200px) 100vw, 1200px\" \/><\/figure>\n\n\n\n<figure class=\"wp-block-image size-large\"><img loading=\"lazy\" decoding=\"async\" width=\"1200\" height=\"829\" data-id=\"508\" src=\"https:\/\/jak.fi\/wp-content\/uploads\/2024\/05\/jak-200k-on-tractor-timber-loader-24-scaled-1-1200x829.jpg\" alt=\"Energiklipp JAK-250K monterad p&#xE5; en traktors timmerlastare, f&#xF6;r effektiv tr&#xE4;df&#xE4;llning i skogsbruket.\" class=\"wp-image-508\" srcset=\"https:\/\/jak.fi\/wp-content\/uploads\/2024\/05\/jak-200k-on-tractor-timber-loader-24-scaled-1-1200x829.jpg 1200w, https:\/\/jak.fi\/wp-content\/uploads\/2024\/05\/jak-200k-on-tractor-timber-loader-24-scaled-1-700x484.jpg 700w, https:\/\/jak.fi\/wp-content\/uploads\/2024\/05\/jak-200k-on-tractor-timber-loader-24-scaled-1-768x531.jpg 768w, https:\/\/jak.fi\/wp-content\/uploads\/2024\/05\/jak-200k-on-tractor-timber-loader-24-scaled-1-1536x1062.jpg 1536w, https:\/\/jak.fi\/wp-content\/uploads\/2024\/05\/jak-200k-on-tractor-timber-loader-24-scaled-1-800x553.jpg 800w, https:\/\/jak.fi\/wp-content\/uploads\/2024\/05\/jak-200k-on-tractor-timber-loader-24-scaled-1.jpg 1920w\" sizes=\"auto, (max-width: 1200px) 100vw, 1200px\" \/><\/figure>\n\n\n\n<figure class=\"wp-block-image size-large\"><img loading=\"lazy\" decoding=\"async\" width=\"1200\" height=\"756\" data-id=\"7121\" src=\"https:\/\/jak.fi\/wp-content\/uploads\/2025\/03\/jak-200k-on-tractor-timber-loader-14-scaled-1-1200x756.jpg\" alt=\"\" class=\"wp-image-7121\" srcset=\"https:\/\/jak.fi\/wp-content\/uploads\/2025\/03\/jak-200k-on-tractor-timber-loader-14-scaled-1-1200x756.jpg 1200w, https:\/\/jak.fi\/wp-content\/uploads\/2025\/03\/jak-200k-on-tractor-timber-loader-14-scaled-1-700x441.jpg 700w, https:\/\/jak.fi\/wp-content\/uploads\/2025\/03\/jak-200k-on-tractor-timber-loader-14-scaled-1-768x484.jpg 768w, https:\/\/jak.fi\/wp-content\/uploads\/2025\/03\/jak-200k-on-tractor-timber-loader-14-scaled-1-1536x968.jpg 1536w, https:\/\/jak.fi\/wp-content\/uploads\/2025\/03\/jak-200k-on-tractor-timber-loader-14-scaled-1-2048x1290.jpg 2048w, https:\/\/jak.fi\/wp-content\/uploads\/2025\/03\/jak-200k-on-tractor-timber-loader-14-scaled-1-800x504.jpg 800w\" sizes=\"auto, (max-width: 1200px) 100vw, 1200px\" \/><\/figure>\n<\/figure>\n\n<h2 class=\"wp-block-heading\">JAK energiklipp f\u00f6r traktor- och skogsmaskiner &#8211; effektivare och s\u00e4krare avverkning<\/h2>\n\n<p>JAK:s energiklipp f\u00f6r traktorer och skogsmaskiner ger o\u00f6vertr\u00e4ffad effektivitet och enkelhet vid r\u00f6jning av tr\u00e4d och buskar. Energiklippen \u00e4r konstruerad f\u00f6r kr\u00e4vande anv\u00e4ndning och erbjuder ett brett utbud av funktioner f\u00f6r tr\u00e4dhantering. Oavsett om du r\u00f6jer v\u00e4gkanter, kraftledningar, j\u00e4rnv\u00e4gssp\u00e5r, f\u00e4ltkanter, tomter, skogsmark eller anlagda omr\u00e5den g\u00f6r energiklippen r\u00f6jningsarbetet s\u00e4kert och effektivt.  <\/p>\n\n<p>V\u00e5ra energiklippar \u00e4r kraftfulla, snabba och mycket h\u00e5llbara verktyg, vars driftss\u00e4kerhet litas p\u00e5 av fler och fler yrkesverksamma inom branschen v\u00e4rlden \u00f6ver. Med energiklippen kan tr\u00e4det sk\u00e4ras enkelt och exakt vid \u00f6nskad punkt, varefter det kan lyftas till r\u00e4tt plats f\u00f6r vidare bearbetning. Tack vare energiklippets design fungerar \u00e4ven tr\u00e4dhanteringen och kapningen utm\u00e4rkt p\u00e5 marken.  <\/p>\n\n<p>R\u00f6jning av tr\u00e4d med energiklipp \u00e4r som b\u00e4st n\u00e4r man vill gallra bort tr\u00e4d som inte \u00e4r l\u00e4mpliga f\u00f6r andra anv\u00e4ndningsomr\u00e5den och s\u00e4lja dem, till exempel f\u00f6r energianl\u00e4ggningars behov. Energiklippet \u00e4r ocks\u00e5 ett utm\u00e4rkt verktyg f\u00f6r att ta bort problemtr\u00e4d fr\u00e5n sv\u00e5r\u00e5tkomliga platser, som n\u00e4ra byggnader eller parker. Det anv\u00e4nds ocks\u00e5 f\u00f6r att rensa upp skador orsakade av stormar eller br\u00e4nder.  <\/p>\n","protected":false},"excerpt":{"rendered":"<p>JAK Energiklipp f\u00f6r traktor, skogsmaskin eller kran JAK-Metalli Oy:s sortiment omfattar energiklipp f\u00f6r traktorsk\u00f6rdare och skogsmaskiner. Energiklipp \u00e4r l\u00e4tta och h\u00e5llbara, vilket g\u00f6r dem l\u00e4mpliga f\u00f6r ett brett spektrum av applikationer. V\u00e5ra energiklipp \u00e4r konstruerade f\u00f6r kr\u00e4vande professionell anv\u00e4ndning. Med v\u00e5ra energiklipp f\u00f6r traktorer och skogsmaskiner kan du rensa f\u00e4ltkanter, v\u00e4gkanter och kapa energived utan [&hellip;]<\/p>\n","protected":false},"author":1,"featured_media":5762,"parent":0,"menu_order":66,"comment_status":"closed","ping_status":"closed","template":"","meta":{"_acf_changed":false,"footnotes":""},"class_list":["post-5759","page","type-page","status-publish","has-post-thumbnail","hentry"],"acf":[],"yoast_head":"<!-- This site is optimized with the Yoast SEO plugin v27.2 - https:\/\/yoast.com\/product\/yoast-seo-wordpress\/ -->\n<title>Energiklipp f\u00f6r traktor och skogsmaskin &#8211; JAK-Metalli Oy<\/title>\n<meta name=\"description\" content=\"Energiklipp f\u00f6r traktorer, skogsmaskiner och kranar - JAK:s energiklipp erbjuder effektivitet och h\u00e5llbarhet f\u00f6r kr\u00e4vande jobb.\" \/>\n<meta name=\"robots\" content=\"index, follow, max-snippet:-1, max-image-preview:large, max-video-preview:-1\" \/>\n<link rel=\"canonical\" href=\"https:\/\/jak.fi\/sv\/energigrepp-for-traktorer-och-skogsmaskiner\/\" \/>\n<meta property=\"og:locale\" content=\"sv_SE\" \/>\n<meta property=\"og:type\" content=\"article\" \/>\n<meta property=\"og:title\" content=\"Energiklipp f\u00f6r traktor och skogsmaskin &#8211; JAK-Metalli Oy\" \/>\n<meta property=\"og:description\" content=\"Energiklipp f\u00f6r traktorer, skogsmaskiner och kranar - JAK:s energiklipp erbjuder effektivitet och h\u00e5llbarhet f\u00f6r kr\u00e4vande jobb.\" \/>\n<meta property=\"og:url\" content=\"https:\/\/jak.fi\/sv\/energigrepp-for-traktorer-och-skogsmaskiner\/\" \/>\n<meta property=\"og:site_name\" content=\"JAK-Metalli Oy\" \/>\n<meta property=\"article:publisher\" content=\"https:\/\/www.facebook.com\/jaktreeshears\" \/>\n<meta property=\"article:modified_time\" content=\"2025-04-29T11:55:39+00:00\" \/>\n<meta property=\"og:image\" content=\"https:\/\/jak.fi\/wp-content\/uploads\/2024\/06\/jak_ylakuva_traktorit.jpg\" \/>\n\t<meta property=\"og:image:width\" content=\"2240\" \/>\n\t<meta property=\"og:image:height\" content=\"700\" \/>\n\t<meta property=\"og:image:type\" content=\"image\/jpeg\" \/>\n<meta name=\"twitter:card\" content=\"summary_large_image\" \/>\n<meta name=\"twitter:label1\" content=\"Ber\u00e4knad l\u00e4stid\" \/>\n\t<meta name=\"twitter:data1\" content=\"2 minut\" \/>\n<script type=\"application\/ld+json\" class=\"yoast-schema-graph\">{\"@context\":\"https:\/\/schema.org\",\"@graph\":[{\"@type\":\"WebPage\",\"@id\":\"https:\/\/jak.fi\/sv\/energigrepp-for-traktorer-och-skogsmaskiner\/\",\"url\":\"https:\/\/jak.fi\/sv\/energigrepp-for-traktorer-och-skogsmaskiner\/\",\"name\":\"Energiklipp f\u00f6r traktor och skogsmaskin &#8211; JAK-Metalli Oy\",\"isPartOf\":{\"@id\":\"https:\/\/jak.fi\/sv\/#website\"},\"primaryImageOfPage\":{\"@id\":\"https:\/\/jak.fi\/sv\/energigrepp-for-traktorer-och-skogsmaskiner\/#primaryimage\"},\"image\":{\"@id\":\"https:\/\/jak.fi\/sv\/energigrepp-for-traktorer-och-skogsmaskiner\/#primaryimage\"},\"thumbnailUrl\":\"https:\/\/jak.fi\/wp-content\/uploads\/2024\/06\/jak_ylakuva_traktorit.jpg\",\"datePublished\":\"2024-05-29T06:58:10+00:00\",\"dateModified\":\"2025-04-29T11:55:39+00:00\",\"description\":\"Energiklipp f\u00f6r traktorer, skogsmaskiner och kranar - JAK:s energiklipp erbjuder effektivitet och h\u00e5llbarhet f\u00f6r kr\u00e4vande jobb.\",\"breadcrumb\":{\"@id\":\"https:\/\/jak.fi\/sv\/energigrepp-for-traktorer-och-skogsmaskiner\/#breadcrumb\"},\"inLanguage\":\"sv-SE\",\"potentialAction\":[{\"@type\":\"ReadAction\",\"target\":[\"https:\/\/jak.fi\/sv\/energigrepp-for-traktorer-och-skogsmaskiner\/\"]}]},{\"@type\":\"ImageObject\",\"inLanguage\":\"sv-SE\",\"@id\":\"https:\/\/jak.fi\/sv\/energigrepp-for-traktorer-och-skogsmaskiner\/#primaryimage\",\"url\":\"https:\/\/jak.fi\/wp-content\/uploads\/2024\/06\/jak_ylakuva_traktorit.jpg\",\"contentUrl\":\"https:\/\/jak.fi\/wp-content\/uploads\/2024\/06\/jak_ylakuva_traktorit.jpg\",\"width\":2240,\"height\":700,\"caption\":\"JAK:s energiklipp \u00e4r f\u00e4st vid traktorns timmerlastare, redo att hantera och r\u00f6ja tr\u00e4d.\"},{\"@type\":\"BreadcrumbList\",\"@id\":\"https:\/\/jak.fi\/sv\/energigrepp-for-traktorer-och-skogsmaskiner\/#breadcrumb\",\"itemListElement\":[{\"@type\":\"ListItem\",\"position\":1,\"name\":\"Etusivu\",\"item\":\"https:\/\/jak.fi\/sv\/\"},{\"@type\":\"ListItem\",\"position\":2,\"name\":\"Energiklipp f\u00f6r traktor och skogsmaskin\"}]},{\"@type\":\"WebSite\",\"@id\":\"https:\/\/jak.fi\/sv\/#website\",\"url\":\"https:\/\/jak.fi\/sv\/\",\"name\":\"JAK-Metalli Oy\",\"description\":\"\",\"publisher\":{\"@id\":\"https:\/\/jak.fi\/sv\/#organization\"},\"alternateName\":\"JAK Tree shears\",\"potentialAction\":[{\"@type\":\"SearchAction\",\"target\":{\"@type\":\"EntryPoint\",\"urlTemplate\":\"https:\/\/jak.fi\/sv\/?s={search_term_string}\"},\"query-input\":{\"@type\":\"PropertyValueSpecification\",\"valueRequired\":true,\"valueName\":\"search_term_string\"}}],\"inLanguage\":\"sv-SE\"},{\"@type\":\"Organization\",\"@id\":\"https:\/\/jak.fi\/sv\/#organization\",\"name\":\"JAK-Metalli Oy\",\"alternateName\":\"JAK Tree shears\",\"url\":\"https:\/\/jak.fi\/sv\/\",\"logo\":{\"@type\":\"ImageObject\",\"inLanguage\":\"sv-SE\",\"@id\":\"https:\/\/jak.fi\/sv\/#\/schema\/logo\/image\/\",\"url\":\"https:\/\/jak.fi\/wp-content\/uploads\/2024\/09\/JAK-logo-696x696-1.jpg\",\"contentUrl\":\"https:\/\/jak.fi\/wp-content\/uploads\/2024\/09\/JAK-logo-696x696-1.jpg\",\"width\":696,\"height\":696,\"caption\":\"JAK-Metalli Oy\"},\"image\":{\"@id\":\"https:\/\/jak.fi\/sv\/#\/schema\/logo\/image\/\"},\"sameAs\":[\"https:\/\/www.facebook.com\/jaktreeshears\",\"https:\/\/www.instagram.com\/jaktreeshears\/\",\"https:\/\/www.youtube.com\/channel\/UCAwvaVhBBkPie8MeAGbdY1w\"]}]}<\/script>\n<!-- \/ Yoast SEO plugin. -->","yoast_head_json":{"title":"Energiklipp f\u00f6r traktor och skogsmaskin &#8211; JAK-Metalli Oy","description":"Energiklipp f\u00f6r traktorer, skogsmaskiner och kranar - JAK:s energiklipp erbjuder effektivitet och h\u00e5llbarhet f\u00f6r kr\u00e4vande jobb.","robots":{"index":"index","follow":"follow","max-snippet":"max-snippet:-1","max-image-preview":"max-image-preview:large","max-video-preview":"max-video-preview:-1"},"canonical":"https:\/\/jak.fi\/sv\/energigrepp-for-traktorer-och-skogsmaskiner\/","og_locale":"sv_SE","og_type":"article","og_title":"Energiklipp f\u00f6r traktor och skogsmaskin &#8211; JAK-Metalli Oy","og_description":"Energiklipp f\u00f6r traktorer, skogsmaskiner och kranar - JAK:s energiklipp erbjuder effektivitet och h\u00e5llbarhet f\u00f6r kr\u00e4vande jobb.","og_url":"https:\/\/jak.fi\/sv\/energigrepp-for-traktorer-och-skogsmaskiner\/","og_site_name":"JAK-Metalli Oy","article_publisher":"https:\/\/www.facebook.com\/jaktreeshears","article_modified_time":"2025-04-29T11:55:39+00:00","og_image":[{"width":2240,"height":700,"url":"https:\/\/jak.fi\/wp-content\/uploads\/2024\/06\/jak_ylakuva_traktorit.jpg","type":"image\/jpeg"}],"twitter_card":"summary_large_image","twitter_misc":{"Ber\u00e4knad l\u00e4stid":"2 minut"},"schema":{"@context":"https:\/\/schema.org","@graph":[{"@type":"WebPage","@id":"https:\/\/jak.fi\/sv\/energigrepp-for-traktorer-och-skogsmaskiner\/","url":"https:\/\/jak.fi\/sv\/energigrepp-for-traktorer-och-skogsmaskiner\/","name":"Energiklipp f\u00f6r traktor och skogsmaskin &#8211; JAK-Metalli Oy","isPartOf":{"@id":"https:\/\/jak.fi\/sv\/#website"},"primaryImageOfPage":{"@id":"https:\/\/jak.fi\/sv\/energigrepp-for-traktorer-och-skogsmaskiner\/#primaryimage"},"image":{"@id":"https:\/\/jak.fi\/sv\/energigrepp-for-traktorer-och-skogsmaskiner\/#primaryimage"},"thumbnailUrl":"https:\/\/jak.fi\/wp-content\/uploads\/2024\/06\/jak_ylakuva_traktorit.jpg","datePublished":"2024-05-29T06:58:10+00:00","dateModified":"2025-04-29T11:55:39+00:00","description":"Energiklipp f\u00f6r traktorer, skogsmaskiner och kranar - JAK:s energiklipp erbjuder effektivitet och h\u00e5llbarhet f\u00f6r kr\u00e4vande jobb.","breadcrumb":{"@id":"https:\/\/jak.fi\/sv\/energigrepp-for-traktorer-och-skogsmaskiner\/#breadcrumb"},"inLanguage":"sv-SE","potentialAction":[{"@type":"ReadAction","target":["https:\/\/jak.fi\/sv\/energigrepp-for-traktorer-och-skogsmaskiner\/"]}]},{"@type":"ImageObject","inLanguage":"sv-SE","@id":"https:\/\/jak.fi\/sv\/energigrepp-for-traktorer-och-skogsmaskiner\/#primaryimage","url":"https:\/\/jak.fi\/wp-content\/uploads\/2024\/06\/jak_ylakuva_traktorit.jpg","contentUrl":"https:\/\/jak.fi\/wp-content\/uploads\/2024\/06\/jak_ylakuva_traktorit.jpg","width":2240,"height":700,"caption":"JAK:s energiklipp \u00e4r f\u00e4st vid traktorns timmerlastare, redo att hantera och r\u00f6ja tr\u00e4d."},{"@type":"BreadcrumbList","@id":"https:\/\/jak.fi\/sv\/energigrepp-for-traktorer-och-skogsmaskiner\/#breadcrumb","itemListElement":[{"@type":"ListItem","position":1,"name":"Etusivu","item":"https:\/\/jak.fi\/sv\/"},{"@type":"ListItem","position":2,"name":"Energiklipp f\u00f6r traktor och skogsmaskin"}]},{"@type":"WebSite","@id":"https:\/\/jak.fi\/sv\/#website","url":"https:\/\/jak.fi\/sv\/","name":"JAK-Metalli Oy","description":"","publisher":{"@id":"https:\/\/jak.fi\/sv\/#organization"},"alternateName":"JAK Tree shears","potentialAction":[{"@type":"SearchAction","target":{"@type":"EntryPoint","urlTemplate":"https:\/\/jak.fi\/sv\/?s={search_term_string}"},"query-input":{"@type":"PropertyValueSpecification","valueRequired":true,"valueName":"search_term_string"}}],"inLanguage":"sv-SE"},{"@type":"Organization","@id":"https:\/\/jak.fi\/sv\/#organization","name":"JAK-Metalli Oy","alternateName":"JAK Tree shears","url":"https:\/\/jak.fi\/sv\/","logo":{"@type":"ImageObject","inLanguage":"sv-SE","@id":"https:\/\/jak.fi\/sv\/#\/schema\/logo\/image\/","url":"https:\/\/jak.fi\/wp-content\/uploads\/2024\/09\/JAK-logo-696x696-1.jpg","contentUrl":"https:\/\/jak.fi\/wp-content\/uploads\/2024\/09\/JAK-logo-696x696-1.jpg","width":696,"height":696,"caption":"JAK-Metalli Oy"},"image":{"@id":"https:\/\/jak.fi\/sv\/#\/schema\/logo\/image\/"},"sameAs":["https:\/\/www.facebook.com\/jaktreeshears","https:\/\/www.instagram.com\/jaktreeshears\/","https:\/\/www.youtube.com\/channel\/UCAwvaVhBBkPie8MeAGbdY1w"]}]}},"_links":{"self":[{"href":"https:\/\/jak.fi\/sv\/wp-json\/wp\/v2\/pages\/5759","targetHints":{"allow":["GET"]}}],"collection":[{"href":"https:\/\/jak.fi\/sv\/wp-json\/wp\/v2\/pages"}],"about":[{"href":"https:\/\/jak.fi\/sv\/wp-json\/wp\/v2\/types\/page"}],"author":[{"embeddable":true,"href":"https:\/\/jak.fi\/sv\/wp-json\/wp\/v2\/users\/1"}],"replies":[{"embeddable":true,"href":"https:\/\/jak.fi\/sv\/wp-json\/wp\/v2\/comments?post=5759"}],"version-history":[{"count":8,"href":"https:\/\/jak.fi\/sv\/wp-json\/wp\/v2\/pages\/5759\/revisions"}],"predecessor-version":[{"id":8362,"href":"https:\/\/jak.fi\/sv\/wp-json\/wp\/v2\/pages\/5759\/revisions\/8362"}],"wp:featuredmedia":[{"embeddable":true,"href":"https:\/\/jak.fi\/sv\/wp-json\/wp\/v2\/media\/5762"}],"wp:attachment":[{"href":"https:\/\/jak.fi\/sv\/wp-json\/wp\/v2\/media?parent=5759"}],"curies":[{"name":"wp","href":"https:\/\/api.w.org\/{rel}","templated":true}]}}