{"id":5766,"date":"2024-05-29T10:01:47","date_gmt":"2024-05-29T07:01:47","guid":{"rendered":"https:\/\/jak.fi\/energigrepp-for-lastare-och-reachers\/"},"modified":"2025-04-01T09:57:38","modified_gmt":"2025-04-01T06:57:38","slug":"energigrepp-for-lastare-och-reachers","status":"publish","type":"page","link":"https:\/\/jak.fi\/sv\/energigrepp-for-lastare-och-reachers\/","title":{"rendered":"Energiklipp f\u00f6r lastare och teleskoplastare"},"content":{"rendered":"\n<h2 class=\"wp-block-heading has-text-align-center\">JAK energiklipp f\u00f6r olika storlekar p\u00e5 lastare och teleskoplastare<\/h2>\n\n<p class=\"has-text-align-center\">JAK Energiklipp \u00e4r det perfekta tillbeh\u00f6ret f\u00f6r lastare och teleskoplastare. R-seriens energiklipp, utrustade med en bakre enhet som passar lastare och teleskoplastare, \u00e4r designade f\u00f6r intensivt yrkesbruk och kommer med en full tv\u00e5\u00e5rig fabriksgaranti. <\/p>\n\n<p class=\"has-text-align-center\">V\u00e5ra energiklippar f\u00f6r anv\u00e4ndning p\u00e5 lastare och teleskoplastare kan utrustas med alla vanliga f\u00e4sten f\u00f6r lastare och teleskoplastare.<\/p>\n\n<hr class=\"wp-block-separator has-text-color has-red-color has-alpha-channel-opacity has-red-background-color has-background is-style-wide\"\/>\n\n<h2 class=\"wp-block-heading has-text-align-center\">V\u00e4lj r\u00e4tt energiklipp f\u00f6r din <br\/>maskinstorlek<\/h2>\n<div class=\"woocommerce columns-4 \"><div class=\"col-12 col-md-6 col-lg-3 product\"  >\n\t<figure>\n\t\t<img loading=\"lazy\" decoding=\"async\" width=\"800\" height=\"540\" src=\"https:\/\/jak.fi\/wp-content\/uploads\/2024\/06\/jak-200r-tree-shear-for-wheel-loaders-and-telehandlers-front-right-view-1-800x540.png\" class=\"attachment-woocommerce_thumbnail size-woocommerce_thumbnail\" alt=\"JAK-200R Energiklipp GEN4 f\u00f6r en lastmaskin och teleskoplastare\" \/>\t\t\n\t\t<figcaption>\n\t\n\t\t\t<h3 class=\"\u201dwoocommerce-loop-product__title\u201d\">JAK-200R Energiklipp GEN4 f\u00f6r en lastmaskin och teleskoplastare<\/h3>\n\t\t\t\n\t\t\n\t\t\t\n\t\t\t<p class=\"has-blue-color\"><br \/>\nLastare 1,3-2,5 ton (2866-5511 lbs) Teleskoplastare 450 kg lyftkapacitet (992 lbs)<\/p>\n\t\t\t\t\t\n\t\t\t<\/a>\t\t\t\t\t\n\t\t\t<a href=\"https:\/\/jak.fi\/sv\/produkter\/energiklipp-for-lastare-och-teleskoplastare\/jak-200r-gen4-energiklipp-for-lastare-och-teleskoplastare\/\">Utforska produkten <i class=\"fa-solid fa-chevron-right\" aria-hidden=\"true\"><\/i><\/a>\n\t\t<\/figcaption>\t\t\t\t\t\t\t\n\t<\/figure>\n<\/div>\n<div class=\"col-12 col-md-6 col-lg-3 product\"  >\n\t<figure>\n\t\t<img loading=\"lazy\" decoding=\"async\" width=\"800\" height=\"540\" src=\"https:\/\/jak.fi\/wp-content\/uploads\/2024\/06\/jak-250r-tree-shear-for-wheel-loaders-and-telehandlers-front-right-view-1-800x540.png\" class=\"attachment-woocommerce_thumbnail size-woocommerce_thumbnail\" alt=\"JAK-250R Energiklipp GEN4 f\u00f6r en lastmaskin och en teleskoplastare\" \/>\t\t\n\t\t<figcaption>\n\t\n\t\t\t<h3 class=\"\u201dwoocommerce-loop-product__title\u201d\">JAK-250R Energiklipp GEN4 f\u00f6r en lastmaskin och en teleskoplastare<\/h3>\n\t\t\t\n\t\t\n\t\t\t\n\t\t\t<p class=\"has-blue-color\">Lastare 3-6 tn (6613-13227 lbs) Skjutstativ 900 kg lyftkapacitet (1984 lbs)<\/p>\n\t\t\t\t\t\n\t\t\t<\/a>\t\t\t\t\t\n\t\t\t<a href=\"https:\/\/jak.fi\/sv\/produkter\/energiklipp-for-lastare-och-teleskoplastare\/jak-250r-gen4-energiklipp-for-lastare-och-teleskoplastare\/\">Utforska produkten <i class=\"fa-solid fa-chevron-right\" aria-hidden=\"true\"><\/i><\/a>\n\t\t<\/figcaption>\t\t\t\t\t\t\t\n\t<\/figure>\n<\/div>\n<div class=\"col-12 col-md-6 col-lg-3 product\"  >\n\t<figure>\n\t\t<img loading=\"lazy\" decoding=\"async\" width=\"800\" height=\"540\" src=\"https:\/\/jak.fi\/wp-content\/uploads\/2024\/05\/jak-300r-tree-shear-for-wheel-loader-and-telehandler-front-right-view-1-800x540.png\" class=\"attachment-woocommerce_thumbnail size-woocommerce_thumbnail\" alt=\"JAK-300R Energiklipp f\u00f6r en GEN4 lastmaskin och teleskoplastare\" \/>\t\t\n\t\t<figcaption>\n\t\n\t\t\t<h3 class=\"\u201dwoocommerce-loop-product__title\u201d\">JAK-300R Energiklipp f\u00f6r en GEN4 lastmaskin och teleskoplastare<\/h3>\n\t\t\t\n\t\t\n\t\t\t\n\t\t\t<p class=\"has-blue-color\"><br \/>\nLastare 6-21 tn Portaltruckar 1300 kg lyftkapacitet<\/p>\n\t\t\t\t\t\n\t\t\t<\/a>\t\t\t\t\t\n\t\t\t<a href=\"https:\/\/jak.fi\/sv\/produkter\/energiklipp-for-lastare-och-teleskoplastare\/jak-300r-gen4-energiklipp-for-lastare-och-teleskoplastare\/\">Utforska produkten <i class=\"fa-solid fa-chevron-right\" aria-hidden=\"true\"><\/i><\/a>\n\t\t<\/figcaption>\t\t\t\t\t\t\t\n\t<\/figure>\n<\/div>\n<\/div>\n\n<figure class=\"wp-block-gallery has-nested-images columns-default is-cropped wp-block-gallery-1 is-layout-flex wp-block-gallery-is-layout-flex\">\n<figure class=\"wp-block-image size-large\"><img loading=\"lazy\" decoding=\"async\" width=\"1200\" height=\"823\" data-id=\"476\" src=\"https:\/\/jak.fi\/wp-content\/uploads\/2024\/05\/jak-200r-with-rotator-in-avant-loader-3-scaled-1-1200x823.jpg\" alt=\"Energiklipp JAK-200R f&#xE4;st p&#xE5; en hjullastare, f&#xF6;r effektiv tr&#xE4;df&#xE4;llning i skogsbruket.\" class=\"wp-image-476\" srcset=\"https:\/\/jak.fi\/wp-content\/uploads\/2024\/05\/jak-200r-with-rotator-in-avant-loader-3-scaled-1-1200x823.jpg 1200w, https:\/\/jak.fi\/wp-content\/uploads\/2024\/05\/jak-200r-with-rotator-in-avant-loader-3-scaled-1-700x480.jpg 700w, https:\/\/jak.fi\/wp-content\/uploads\/2024\/05\/jak-200r-with-rotator-in-avant-loader-3-scaled-1-768x526.jpg 768w, https:\/\/jak.fi\/wp-content\/uploads\/2024\/05\/jak-200r-with-rotator-in-avant-loader-3-scaled-1-1536x1053.jpg 1536w, https:\/\/jak.fi\/wp-content\/uploads\/2024\/05\/jak-200r-with-rotator-in-avant-loader-3-scaled-1-800x548.jpg 800w, https:\/\/jak.fi\/wp-content\/uploads\/2024\/05\/jak-200r-with-rotator-in-avant-loader-3-scaled-1.jpg 1920w\" sizes=\"auto, (max-width: 1200px) 100vw, 1200px\" \/><\/figure>\n\n\n\n<figure class=\"wp-block-image size-large\"><img loading=\"lazy\" decoding=\"async\" width=\"1200\" height=\"854\" data-id=\"505\" src=\"https:\/\/jak.fi\/wp-content\/uploads\/2024\/05\/jak-200r-with-rotator-in-avant-loader-22-scaled-1-1200x854.jpg\" alt=\"Energiklipp JAK-200R f&#xE4;st p&#xE5; en hjullastare, f&#xF6;r effektiv tr&#xE4;df&#xE4;llning i skogsbruket.\" class=\"wp-image-505\" srcset=\"https:\/\/jak.fi\/wp-content\/uploads\/2024\/05\/jak-200r-with-rotator-in-avant-loader-22-scaled-1-1200x854.jpg 1200w, https:\/\/jak.fi\/wp-content\/uploads\/2024\/05\/jak-200r-with-rotator-in-avant-loader-22-scaled-1-700x498.jpg 700w, https:\/\/jak.fi\/wp-content\/uploads\/2024\/05\/jak-200r-with-rotator-in-avant-loader-22-scaled-1-768x547.jpg 768w, https:\/\/jak.fi\/wp-content\/uploads\/2024\/05\/jak-200r-with-rotator-in-avant-loader-22-scaled-1-1536x1094.jpg 1536w, https:\/\/jak.fi\/wp-content\/uploads\/2024\/05\/jak-200r-with-rotator-in-avant-loader-22-scaled-1-800x570.jpg 800w, https:\/\/jak.fi\/wp-content\/uploads\/2024\/05\/jak-200r-with-rotator-in-avant-loader-22-scaled-1.jpg 1920w\" sizes=\"auto, (max-width: 1200px) 100vw, 1200px\" \/><\/figure>\n\n\n\n<figure class=\"wp-block-image size-large\"><img loading=\"lazy\" decoding=\"async\" width=\"1200\" height=\"838\" data-id=\"7085\" src=\"https:\/\/jak.fi\/wp-content\/uploads\/2025\/03\/jak-250r-with-rotator-in-telehandler-55-scaled-1-1200x838.jpg\" alt=\"Energiklippet JAK-250R, som &#xE4;r konstruerat f&#xF6;r hjullastare och teleskoplastare, ger effektiv tr&#xE4;df&#xE4;llning och grenhantering samt tillf&#xF6;rlitlig prestanda.\" class=\"wp-image-7085\" srcset=\"https:\/\/jak.fi\/wp-content\/uploads\/2025\/03\/jak-250r-with-rotator-in-telehandler-55-scaled-1-1200x838.jpg 1200w, https:\/\/jak.fi\/wp-content\/uploads\/2025\/03\/jak-250r-with-rotator-in-telehandler-55-scaled-1-700x489.jpg 700w, https:\/\/jak.fi\/wp-content\/uploads\/2025\/03\/jak-250r-with-rotator-in-telehandler-55-scaled-1-768x536.jpg 768w, https:\/\/jak.fi\/wp-content\/uploads\/2025\/03\/jak-250r-with-rotator-in-telehandler-55-scaled-1-1536x1073.jpg 1536w, https:\/\/jak.fi\/wp-content\/uploads\/2025\/03\/jak-250r-with-rotator-in-telehandler-55-scaled-1-2048x1430.jpg 2048w, https:\/\/jak.fi\/wp-content\/uploads\/2025\/03\/jak-250r-with-rotator-in-telehandler-55-scaled-1-800x559.jpg 800w\" sizes=\"auto, (max-width: 1200px) 100vw, 1200px\" \/><\/figure>\n<\/figure>\n\n<h2 class=\"wp-block-heading has-text-align-center\">Effektiva, h\u00e5llbara och m\u00e5ngsidiga l\u00f6sningar f\u00f6r tr\u00e4dr\u00f6jning<\/h2>\n\n<p>Energigripen JAK ger o\u00f6vertr\u00e4ffad effektivitet och enkelhet vid r\u00f6jning av tr\u00e4d och buskar. Gripen \u00e4r konstruerad f\u00f6r kr\u00e4vande anv\u00e4ndning och erbjuder ett brett utbud av funktioner f\u00f6r tr\u00e4dhantering. Oavsett om det g\u00e4ller r\u00f6jning av v\u00e4gkanter, kraftledningar, j\u00e4rnv\u00e4gar, f\u00e4ltkanter, tomter eller skogs- och landskapsomr\u00e5den g\u00f6r v\u00e5ra produkter jobbet s\u00e4kert och effektivt.  <\/p>\n\n<p>V\u00e5ra produkter \u00e4r kraftfulla, snabba och extremt h\u00e5llbara verktyg som anv\u00e4nds av yrkesm\u00e4n \u00f6ver hela v\u00e4rlden. Med dem kan du enkelt och exakt kapa tr\u00e4d vid \u00f6nskad punkt och sedan lyfta tr\u00e4det till \u00f6nskad plats f\u00f6r vidare bearbetning. Designen m\u00f6jligg\u00f6r ocks\u00e5 utm\u00e4rkt hantering och kapning p\u00e5 marken.  <\/p>\n\n<p>Energiklipp \u00e4r s\u00e4rskilt effektivt vid gallring av tr\u00e4d som inte l\u00e4mpar sig f\u00f6r andra anv\u00e4ndningsomr\u00e5den men som s\u00e4ljs f\u00f6r exempelvis energiproduktion. Det \u00e4r ocks\u00e5 ett utm\u00e4rkt verktyg f\u00f6r att ta bort problemtr\u00e4d p\u00e5 utmanande platser, t.ex. n\u00e4ra byggnader eller i parker. Det anv\u00e4nds ocks\u00e5 f\u00f6r att \u00e5tg\u00e4rda storm- och brandskador.  <\/p>\n\n<div style=\"height:100px\" aria-hidden=\"true\" class=\"wp-block-spacer\"><\/div>\n\n<figure class=\"wp-block-image size-large\"><img loading=\"lazy\" decoding=\"async\" width=\"1200\" height=\"800\" src=\"https:\/\/jak.fi\/wp-content\/uploads\/2024\/05\/jak-250r-with-rotator-in-telehandler-25-scaled-1-1200x800.jpg\" alt=\"Energiklippet JAK-250R f&#xE4;st p&#xE5; teleskoplastaren, redo f&#xF6;r effektiv vedhantering och r&#xF6;jning.\" class=\"wp-image-493\" srcset=\"https:\/\/jak.fi\/wp-content\/uploads\/2024\/05\/jak-250r-with-rotator-in-telehandler-25-scaled-1-1200x800.jpg 1200w, https:\/\/jak.fi\/wp-content\/uploads\/2024\/05\/jak-250r-with-rotator-in-telehandler-25-scaled-1-700x467.jpg 700w, https:\/\/jak.fi\/wp-content\/uploads\/2024\/05\/jak-250r-with-rotator-in-telehandler-25-scaled-1-768x512.jpg 768w, https:\/\/jak.fi\/wp-content\/uploads\/2024\/05\/jak-250r-with-rotator-in-telehandler-25-scaled-1-1536x1024.jpg 1536w, https:\/\/jak.fi\/wp-content\/uploads\/2024\/05\/jak-250r-with-rotator-in-telehandler-25-scaled-1-800x533.jpg 800w, https:\/\/jak.fi\/wp-content\/uploads\/2024\/05\/jak-250r-with-rotator-in-telehandler-25-scaled-1.jpg 1920w\" sizes=\"auto, (max-width: 1200px) 100vw, 1200px\" \/><\/figure>\n","protected":false},"excerpt":{"rendered":"<p>JAK energiklipp f\u00f6r olika storlekar p\u00e5 lastare och teleskoplastare JAK Energiklipp \u00e4r det perfekta tillbeh\u00f6ret f\u00f6r lastare och teleskoplastare. R-seriens energiklipp, utrustade med en bakre enhet som passar lastare och teleskoplastare, \u00e4r designade f\u00f6r intensivt yrkesbruk och kommer med en full tv\u00e5\u00e5rig fabriksgaranti. V\u00e5ra energiklippar f\u00f6r anv\u00e4ndning p\u00e5 lastare och teleskoplastare kan utrustas med alla [&hellip;]<\/p>\n","protected":false},"author":1,"featured_media":5770,"parent":0,"menu_order":57,"comment_status":"closed","ping_status":"closed","template":"","meta":{"_acf_changed":false,"footnotes":""},"class_list":["post-5766","page","type-page","status-publish","has-post-thumbnail","hentry"],"acf":[],"yoast_head":"<!-- This site is optimized with the Yoast SEO plugin v27.2 - https:\/\/yoast.com\/product\/yoast-seo-wordpress\/ -->\n<title>Energiklipp f\u00f6r lastare och teleskoplastare &#8211; JAK-Metalli Oy<\/title>\n<meta name=\"description\" content=\"R-seriens energiklipp, utrustade med bakre enhet som passar lastare och teleskoplastare, \u00e4r designade f\u00f6r intensivt yrkesbruk.\" \/>\n<meta name=\"robots\" content=\"index, follow, max-snippet:-1, max-image-preview:large, max-video-preview:-1\" \/>\n<link rel=\"canonical\" href=\"https:\/\/jak.fi\/sv\/energigrepp-for-lastare-och-reachers\/\" \/>\n<meta property=\"og:locale\" content=\"sv_SE\" \/>\n<meta property=\"og:type\" content=\"article\" \/>\n<meta property=\"og:title\" content=\"Energiklipp f\u00f6r lastare och teleskoplastare &#8211; JAK-Metalli Oy\" \/>\n<meta property=\"og:description\" content=\"R-seriens energiklipp, utrustade med bakre enhet som passar lastare och teleskoplastare, \u00e4r designade f\u00f6r intensivt yrkesbruk.\" \/>\n<meta property=\"og:url\" content=\"https:\/\/jak.fi\/sv\/energigrepp-for-lastare-och-reachers\/\" \/>\n<meta property=\"og:site_name\" content=\"JAK-Metalli Oy\" \/>\n<meta property=\"article:publisher\" content=\"https:\/\/www.facebook.com\/jaktreeshears\" \/>\n<meta property=\"article:modified_time\" content=\"2025-04-01T06:57:38+00:00\" \/>\n<meta property=\"og:image\" content=\"https:\/\/jak.fi\/wp-content\/uploads\/2024\/06\/jak_ylakuva_kurottaja.jpg\" \/>\n\t<meta property=\"og:image:width\" content=\"2240\" \/>\n\t<meta property=\"og:image:height\" content=\"700\" \/>\n\t<meta property=\"og:image:type\" content=\"image\/jpeg\" \/>\n<meta name=\"twitter:card\" content=\"summary_large_image\" \/>\n<meta name=\"twitter:label1\" content=\"Ber\u00e4knad l\u00e4stid\" \/>\n\t<meta name=\"twitter:data1\" content=\"1 minut\" \/>\n<script type=\"application\/ld+json\" class=\"yoast-schema-graph\">{\"@context\":\"https:\/\/schema.org\",\"@graph\":[{\"@type\":\"WebPage\",\"@id\":\"https:\/\/jak.fi\/sv\/energigrepp-for-lastare-och-reachers\/\",\"url\":\"https:\/\/jak.fi\/sv\/energigrepp-for-lastare-och-reachers\/\",\"name\":\"Energiklipp f\u00f6r lastare och teleskoplastare &#8211; JAK-Metalli Oy\",\"isPartOf\":{\"@id\":\"https:\/\/jak.fi\/sv\/#website\"},\"primaryImageOfPage\":{\"@id\":\"https:\/\/jak.fi\/sv\/energigrepp-for-lastare-och-reachers\/#primaryimage\"},\"image\":{\"@id\":\"https:\/\/jak.fi\/sv\/energigrepp-for-lastare-och-reachers\/#primaryimage\"},\"thumbnailUrl\":\"https:\/\/jak.fi\/wp-content\/uploads\/2024\/06\/jak_ylakuva_kurottaja.jpg\",\"datePublished\":\"2024-05-29T07:01:47+00:00\",\"dateModified\":\"2025-04-01T06:57:38+00:00\",\"description\":\"R-seriens energiklipp, utrustade med bakre enhet som passar lastare och teleskoplastare, \u00e4r designade f\u00f6r intensivt yrkesbruk.\",\"breadcrumb\":{\"@id\":\"https:\/\/jak.fi\/sv\/energigrepp-for-lastare-och-reachers\/#breadcrumb\"},\"inLanguage\":\"sv-SE\",\"potentialAction\":[{\"@type\":\"ReadAction\",\"target\":[\"https:\/\/jak.fi\/sv\/energigrepp-for-lastare-och-reachers\/\"]}]},{\"@type\":\"ImageObject\",\"inLanguage\":\"sv-SE\",\"@id\":\"https:\/\/jak.fi\/sv\/energigrepp-for-lastare-och-reachers\/#primaryimage\",\"url\":\"https:\/\/jak.fi\/wp-content\/uploads\/2024\/06\/jak_ylakuva_kurottaja.jpg\",\"contentUrl\":\"https:\/\/jak.fi\/wp-content\/uploads\/2024\/06\/jak_ylakuva_kurottaja.jpg\",\"width\":2240,\"height\":700,\"caption\":\"Energiklipp JAK-300R f\u00e4st vid en teleskoplastare som h\u00e5ller i en stor tr\u00e4dstam.\"},{\"@type\":\"BreadcrumbList\",\"@id\":\"https:\/\/jak.fi\/sv\/energigrepp-for-lastare-och-reachers\/#breadcrumb\",\"itemListElement\":[{\"@type\":\"ListItem\",\"position\":1,\"name\":\"Etusivu\",\"item\":\"https:\/\/jak.fi\/sv\/\"},{\"@type\":\"ListItem\",\"position\":2,\"name\":\"Energiklipp f\u00f6r lastare och teleskoplastare\"}]},{\"@type\":\"WebSite\",\"@id\":\"https:\/\/jak.fi\/sv\/#website\",\"url\":\"https:\/\/jak.fi\/sv\/\",\"name\":\"JAK-Metalli Oy\",\"description\":\"\",\"publisher\":{\"@id\":\"https:\/\/jak.fi\/sv\/#organization\"},\"alternateName\":\"JAK Tree shears\",\"potentialAction\":[{\"@type\":\"SearchAction\",\"target\":{\"@type\":\"EntryPoint\",\"urlTemplate\":\"https:\/\/jak.fi\/sv\/?s={search_term_string}\"},\"query-input\":{\"@type\":\"PropertyValueSpecification\",\"valueRequired\":true,\"valueName\":\"search_term_string\"}}],\"inLanguage\":\"sv-SE\"},{\"@type\":\"Organization\",\"@id\":\"https:\/\/jak.fi\/sv\/#organization\",\"name\":\"JAK-Metalli Oy\",\"alternateName\":\"JAK Tree shears\",\"url\":\"https:\/\/jak.fi\/sv\/\",\"logo\":{\"@type\":\"ImageObject\",\"inLanguage\":\"sv-SE\",\"@id\":\"https:\/\/jak.fi\/sv\/#\/schema\/logo\/image\/\",\"url\":\"https:\/\/jak.fi\/wp-content\/uploads\/2024\/09\/JAK-logo-696x696-1.jpg\",\"contentUrl\":\"https:\/\/jak.fi\/wp-content\/uploads\/2024\/09\/JAK-logo-696x696-1.jpg\",\"width\":696,\"height\":696,\"caption\":\"JAK-Metalli Oy\"},\"image\":{\"@id\":\"https:\/\/jak.fi\/sv\/#\/schema\/logo\/image\/\"},\"sameAs\":[\"https:\/\/www.facebook.com\/jaktreeshears\",\"https:\/\/www.instagram.com\/jaktreeshears\/\",\"https:\/\/www.youtube.com\/channel\/UCAwvaVhBBkPie8MeAGbdY1w\"]}]}<\/script>\n<!-- \/ Yoast SEO plugin. -->","yoast_head_json":{"title":"Energiklipp f\u00f6r lastare och teleskoplastare &#8211; JAK-Metalli Oy","description":"R-seriens energiklipp, utrustade med bakre enhet som passar lastare och teleskoplastare, \u00e4r designade f\u00f6r intensivt yrkesbruk.","robots":{"index":"index","follow":"follow","max-snippet":"max-snippet:-1","max-image-preview":"max-image-preview:large","max-video-preview":"max-video-preview:-1"},"canonical":"https:\/\/jak.fi\/sv\/energigrepp-for-lastare-och-reachers\/","og_locale":"sv_SE","og_type":"article","og_title":"Energiklipp f\u00f6r lastare och teleskoplastare &#8211; JAK-Metalli Oy","og_description":"R-seriens energiklipp, utrustade med bakre enhet som passar lastare och teleskoplastare, \u00e4r designade f\u00f6r intensivt yrkesbruk.","og_url":"https:\/\/jak.fi\/sv\/energigrepp-for-lastare-och-reachers\/","og_site_name":"JAK-Metalli Oy","article_publisher":"https:\/\/www.facebook.com\/jaktreeshears","article_modified_time":"2025-04-01T06:57:38+00:00","og_image":[{"width":2240,"height":700,"url":"https:\/\/jak.fi\/wp-content\/uploads\/2024\/06\/jak_ylakuva_kurottaja.jpg","type":"image\/jpeg"}],"twitter_card":"summary_large_image","twitter_misc":{"Ber\u00e4knad l\u00e4stid":"1 minut"},"schema":{"@context":"https:\/\/schema.org","@graph":[{"@type":"WebPage","@id":"https:\/\/jak.fi\/sv\/energigrepp-for-lastare-och-reachers\/","url":"https:\/\/jak.fi\/sv\/energigrepp-for-lastare-och-reachers\/","name":"Energiklipp f\u00f6r lastare och teleskoplastare &#8211; JAK-Metalli Oy","isPartOf":{"@id":"https:\/\/jak.fi\/sv\/#website"},"primaryImageOfPage":{"@id":"https:\/\/jak.fi\/sv\/energigrepp-for-lastare-och-reachers\/#primaryimage"},"image":{"@id":"https:\/\/jak.fi\/sv\/energigrepp-for-lastare-och-reachers\/#primaryimage"},"thumbnailUrl":"https:\/\/jak.fi\/wp-content\/uploads\/2024\/06\/jak_ylakuva_kurottaja.jpg","datePublished":"2024-05-29T07:01:47+00:00","dateModified":"2025-04-01T06:57:38+00:00","description":"R-seriens energiklipp, utrustade med bakre enhet som passar lastare och teleskoplastare, \u00e4r designade f\u00f6r intensivt yrkesbruk.","breadcrumb":{"@id":"https:\/\/jak.fi\/sv\/energigrepp-for-lastare-och-reachers\/#breadcrumb"},"inLanguage":"sv-SE","potentialAction":[{"@type":"ReadAction","target":["https:\/\/jak.fi\/sv\/energigrepp-for-lastare-och-reachers\/"]}]},{"@type":"ImageObject","inLanguage":"sv-SE","@id":"https:\/\/jak.fi\/sv\/energigrepp-for-lastare-och-reachers\/#primaryimage","url":"https:\/\/jak.fi\/wp-content\/uploads\/2024\/06\/jak_ylakuva_kurottaja.jpg","contentUrl":"https:\/\/jak.fi\/wp-content\/uploads\/2024\/06\/jak_ylakuva_kurottaja.jpg","width":2240,"height":700,"caption":"Energiklipp JAK-300R f\u00e4st vid en teleskoplastare som h\u00e5ller i en stor tr\u00e4dstam."},{"@type":"BreadcrumbList","@id":"https:\/\/jak.fi\/sv\/energigrepp-for-lastare-och-reachers\/#breadcrumb","itemListElement":[{"@type":"ListItem","position":1,"name":"Etusivu","item":"https:\/\/jak.fi\/sv\/"},{"@type":"ListItem","position":2,"name":"Energiklipp f\u00f6r lastare och teleskoplastare"}]},{"@type":"WebSite","@id":"https:\/\/jak.fi\/sv\/#website","url":"https:\/\/jak.fi\/sv\/","name":"JAK-Metalli Oy","description":"","publisher":{"@id":"https:\/\/jak.fi\/sv\/#organization"},"alternateName":"JAK Tree shears","potentialAction":[{"@type":"SearchAction","target":{"@type":"EntryPoint","urlTemplate":"https:\/\/jak.fi\/sv\/?s={search_term_string}"},"query-input":{"@type":"PropertyValueSpecification","valueRequired":true,"valueName":"search_term_string"}}],"inLanguage":"sv-SE"},{"@type":"Organization","@id":"https:\/\/jak.fi\/sv\/#organization","name":"JAK-Metalli Oy","alternateName":"JAK Tree shears","url":"https:\/\/jak.fi\/sv\/","logo":{"@type":"ImageObject","inLanguage":"sv-SE","@id":"https:\/\/jak.fi\/sv\/#\/schema\/logo\/image\/","url":"https:\/\/jak.fi\/wp-content\/uploads\/2024\/09\/JAK-logo-696x696-1.jpg","contentUrl":"https:\/\/jak.fi\/wp-content\/uploads\/2024\/09\/JAK-logo-696x696-1.jpg","width":696,"height":696,"caption":"JAK-Metalli Oy"},"image":{"@id":"https:\/\/jak.fi\/sv\/#\/schema\/logo\/image\/"},"sameAs":["https:\/\/www.facebook.com\/jaktreeshears","https:\/\/www.instagram.com\/jaktreeshears\/","https:\/\/www.youtube.com\/channel\/UCAwvaVhBBkPie8MeAGbdY1w"]}]}},"_links":{"self":[{"href":"https:\/\/jak.fi\/sv\/wp-json\/wp\/v2\/pages\/5766","targetHints":{"allow":["GET"]}}],"collection":[{"href":"https:\/\/jak.fi\/sv\/wp-json\/wp\/v2\/pages"}],"about":[{"href":"https:\/\/jak.fi\/sv\/wp-json\/wp\/v2\/types\/page"}],"author":[{"embeddable":true,"href":"https:\/\/jak.fi\/sv\/wp-json\/wp\/v2\/users\/1"}],"replies":[{"embeddable":true,"href":"https:\/\/jak.fi\/sv\/wp-json\/wp\/v2\/comments?post=5766"}],"version-history":[{"count":6,"href":"https:\/\/jak.fi\/sv\/wp-json\/wp\/v2\/pages\/5766\/revisions"}],"predecessor-version":[{"id":7118,"href":"https:\/\/jak.fi\/sv\/wp-json\/wp\/v2\/pages\/5766\/revisions\/7118"}],"wp:featuredmedia":[{"embeddable":true,"href":"https:\/\/jak.fi\/sv\/wp-json\/wp\/v2\/media\/5770"}],"wp:attachment":[{"href":"https:\/\/jak.fi\/sv\/wp-json\/wp\/v2\/media?parent=5766"}],"curies":[{"name":"wp","href":"https:\/\/api.w.org\/{rel}","templated":true}]}}