{"id":5776,"date":"2024-08-19T12:06:55","date_gmt":"2024-08-19T09:06:55","guid":{"rendered":"https:\/\/jak.fi\/allmanna-villkor-for-leverans-av-jak-tradklippningsprodukter-1-2024\/"},"modified":"2025-04-01T09:56:46","modified_gmt":"2025-04-01T06:56:46","slug":"allmanna-villkor-for-leverans-av-jak-tradklippningsprodukter-1-2024","status":"publish","type":"page","link":"https:\/\/jak.fi\/sv\/allmanna-villkor-for-leverans-av-jak-tradklippningsprodukter-1-2024\/","title":{"rendered":"ALLM\u00c4NNA VILLKOR F\u00d6R LEVERANS AV JAK TR\u00c4DKLIPPNINGSPRODUKTER 1\/2024"},"content":{"rendered":"\n<div style=\"height:100px\" aria-hidden=\"true\" class=\"wp-block-spacer\"><\/div>\n\n<p class=\"has-text-align-center\">Du kan ladda ner de allm\u00e4nna villkoren f\u00f6r leverans av JAK Tree Shear-produkter fr\u00e5n knappen nedan.<\/p>\n\n<div class=\"wp-block-buttons is-content-justification-center is-layout-flex wp-container-core-buttons-is-layout-16018d1d wp-block-buttons-is-layout-flex\">\n<div class=\"wp-block-button\"><a class=\"wp-block-button__link has-text-align-center wp-element-button\" href=\"https:\/\/jak.fi\/wp-content\/uploads\/2024\/08\/General-Terms-JAK_02042024_CLEAN.pdf\">Nedladdningar<\/a><\/div>\n<\/div>\n","protected":false},"excerpt":{"rendered":"<p>Du kan ladda ner de allm\u00e4nna villkoren f\u00f6r leverans av JAK Tree Shear-produkter fr\u00e5n knappen nedan.<\/p>\n","protected":false},"author":2,"featured_media":0,"parent":0,"menu_order":31,"comment_status":"closed","ping_status":"closed","template":"","meta":{"_acf_changed":false,"footnotes":""},"class_list":["post-5776","page","type-page","status-publish","hentry"],"acf":[],"yoast_head":"<!-- This site is optimized with the Yoast SEO plugin v27.2 - https:\/\/yoast.com\/product\/yoast-seo-wordpress\/ -->\n<title>ALLM\u00c4NNA VILLKOR F\u00d6R LEVERANS AV JAK TR\u00c4DKLIPPNINGSPRODUKTER 1\/2024 &#8211; JAK-Metalli Oy<\/title>\n<meta name=\"robots\" content=\"index, follow, max-snippet:-1, max-image-preview:large, max-video-preview:-1\" \/>\n<link rel=\"canonical\" href=\"https:\/\/jak.fi\/sv\/allmanna-villkor-for-leverans-av-jak-tradklippningsprodukter-1-2024\/\" \/>\n<meta property=\"og:locale\" content=\"sv_SE\" \/>\n<meta property=\"og:type\" content=\"article\" \/>\n<meta property=\"og:title\" content=\"ALLM\u00c4NNA VILLKOR F\u00d6R LEVERANS AV JAK TR\u00c4DKLIPPNINGSPRODUKTER 1\/2024 &#8211; JAK-Metalli Oy\" \/>\n<meta property=\"og:description\" content=\"Du kan ladda ner de allm\u00e4nna villkoren f\u00f6r leverans av JAK Tree Shear-produkter fr\u00e5n knappen nedan.\" \/>\n<meta property=\"og:url\" content=\"https:\/\/jak.fi\/sv\/allmanna-villkor-for-leverans-av-jak-tradklippningsprodukter-1-2024\/\" \/>\n<meta property=\"og:site_name\" content=\"JAK-Metalli Oy\" \/>\n<meta property=\"article:publisher\" content=\"https:\/\/www.facebook.com\/jaktreeshears\" \/>\n<meta property=\"article:modified_time\" content=\"2025-04-01T06:56:46+00:00\" \/>\n<meta property=\"og:image\" content=\"https:\/\/jak.fi\/wp-content\/uploads\/2024\/05\/jak-ylakuva-1-2000x600px-1.jpg\" \/>\n\t<meta property=\"og:image:width\" content=\"2000\" \/>\n\t<meta property=\"og:image:height\" content=\"600\" \/>\n\t<meta property=\"og:image:type\" content=\"image\/jpeg\" \/>\n<meta name=\"twitter:card\" content=\"summary_large_image\" \/>\n<script type=\"application\/ld+json\" class=\"yoast-schema-graph\">{\"@context\":\"https:\/\/schema.org\",\"@graph\":[{\"@type\":\"WebPage\",\"@id\":\"https:\/\/jak.fi\/sv\/allmanna-villkor-for-leverans-av-jak-tradklippningsprodukter-1-2024\/\",\"url\":\"https:\/\/jak.fi\/sv\/allmanna-villkor-for-leverans-av-jak-tradklippningsprodukter-1-2024\/\",\"name\":\"ALLM\u00c4NNA VILLKOR F\u00d6R LEVERANS AV JAK TR\u00c4DKLIPPNINGSPRODUKTER 1\/2024 &#8211; JAK-Metalli Oy\",\"isPartOf\":{\"@id\":\"https:\/\/jak.fi\/sv\/#website\"},\"datePublished\":\"2024-08-19T09:06:55+00:00\",\"dateModified\":\"2025-04-01T06:56:46+00:00\",\"breadcrumb\":{\"@id\":\"https:\/\/jak.fi\/sv\/allmanna-villkor-for-leverans-av-jak-tradklippningsprodukter-1-2024\/#breadcrumb\"},\"inLanguage\":\"sv-SE\",\"potentialAction\":[{\"@type\":\"ReadAction\",\"target\":[\"https:\/\/jak.fi\/sv\/allmanna-villkor-for-leverans-av-jak-tradklippningsprodukter-1-2024\/\"]}]},{\"@type\":\"BreadcrumbList\",\"@id\":\"https:\/\/jak.fi\/sv\/allmanna-villkor-for-leverans-av-jak-tradklippningsprodukter-1-2024\/#breadcrumb\",\"itemListElement\":[{\"@type\":\"ListItem\",\"position\":1,\"name\":\"Etusivu\",\"item\":\"https:\/\/jak.fi\/sv\/\"},{\"@type\":\"ListItem\",\"position\":2,\"name\":\"ALLM\u00c4NNA VILLKOR F\u00d6R LEVERANS AV JAK TR\u00c4DKLIPPNINGSPRODUKTER 1\/2024\"}]},{\"@type\":\"WebSite\",\"@id\":\"https:\/\/jak.fi\/sv\/#website\",\"url\":\"https:\/\/jak.fi\/sv\/\",\"name\":\"JAK-Metalli Oy\",\"description\":\"\",\"publisher\":{\"@id\":\"https:\/\/jak.fi\/sv\/#organization\"},\"alternateName\":\"JAK Tree shears\",\"potentialAction\":[{\"@type\":\"SearchAction\",\"target\":{\"@type\":\"EntryPoint\",\"urlTemplate\":\"https:\/\/jak.fi\/sv\/?s={search_term_string}\"},\"query-input\":{\"@type\":\"PropertyValueSpecification\",\"valueRequired\":true,\"valueName\":\"search_term_string\"}}],\"inLanguage\":\"sv-SE\"},{\"@type\":\"Organization\",\"@id\":\"https:\/\/jak.fi\/sv\/#organization\",\"name\":\"JAK-Metalli Oy\",\"alternateName\":\"JAK Tree shears\",\"url\":\"https:\/\/jak.fi\/sv\/\",\"logo\":{\"@type\":\"ImageObject\",\"inLanguage\":\"sv-SE\",\"@id\":\"https:\/\/jak.fi\/sv\/#\/schema\/logo\/image\/\",\"url\":\"https:\/\/jak.fi\/wp-content\/uploads\/2024\/09\/JAK-logo-696x696-1.jpg\",\"contentUrl\":\"https:\/\/jak.fi\/wp-content\/uploads\/2024\/09\/JAK-logo-696x696-1.jpg\",\"width\":696,\"height\":696,\"caption\":\"JAK-Metalli Oy\"},\"image\":{\"@id\":\"https:\/\/jak.fi\/sv\/#\/schema\/logo\/image\/\"},\"sameAs\":[\"https:\/\/www.facebook.com\/jaktreeshears\",\"https:\/\/www.instagram.com\/jaktreeshears\/\",\"https:\/\/www.youtube.com\/channel\/UCAwvaVhBBkPie8MeAGbdY1w\"]}]}<\/script>\n<!-- \/ Yoast SEO plugin. -->","yoast_head_json":{"title":"ALLM\u00c4NNA VILLKOR F\u00d6R LEVERANS AV JAK TR\u00c4DKLIPPNINGSPRODUKTER 1\/2024 &#8211; JAK-Metalli Oy","robots":{"index":"index","follow":"follow","max-snippet":"max-snippet:-1","max-image-preview":"max-image-preview:large","max-video-preview":"max-video-preview:-1"},"canonical":"https:\/\/jak.fi\/sv\/allmanna-villkor-for-leverans-av-jak-tradklippningsprodukter-1-2024\/","og_locale":"sv_SE","og_type":"article","og_title":"ALLM\u00c4NNA VILLKOR F\u00d6R LEVERANS AV JAK TR\u00c4DKLIPPNINGSPRODUKTER 1\/2024 &#8211; JAK-Metalli Oy","og_description":"Du kan ladda ner de allm\u00e4nna villkoren f\u00f6r leverans av JAK Tree Shear-produkter fr\u00e5n knappen nedan.","og_url":"https:\/\/jak.fi\/sv\/allmanna-villkor-for-leverans-av-jak-tradklippningsprodukter-1-2024\/","og_site_name":"JAK-Metalli Oy","article_publisher":"https:\/\/www.facebook.com\/jaktreeshears","article_modified_time":"2025-04-01T06:56:46+00:00","og_image":[{"width":2000,"height":600,"url":"https:\/\/jak.fi\/wp-content\/uploads\/2024\/05\/jak-ylakuva-1-2000x600px-1.jpg","type":"image\/jpeg"}],"twitter_card":"summary_large_image","schema":{"@context":"https:\/\/schema.org","@graph":[{"@type":"WebPage","@id":"https:\/\/jak.fi\/sv\/allmanna-villkor-for-leverans-av-jak-tradklippningsprodukter-1-2024\/","url":"https:\/\/jak.fi\/sv\/allmanna-villkor-for-leverans-av-jak-tradklippningsprodukter-1-2024\/","name":"ALLM\u00c4NNA VILLKOR F\u00d6R LEVERANS AV JAK TR\u00c4DKLIPPNINGSPRODUKTER 1\/2024 &#8211; JAK-Metalli Oy","isPartOf":{"@id":"https:\/\/jak.fi\/sv\/#website"},"datePublished":"2024-08-19T09:06:55+00:00","dateModified":"2025-04-01T06:56:46+00:00","breadcrumb":{"@id":"https:\/\/jak.fi\/sv\/allmanna-villkor-for-leverans-av-jak-tradklippningsprodukter-1-2024\/#breadcrumb"},"inLanguage":"sv-SE","potentialAction":[{"@type":"ReadAction","target":["https:\/\/jak.fi\/sv\/allmanna-villkor-for-leverans-av-jak-tradklippningsprodukter-1-2024\/"]}]},{"@type":"BreadcrumbList","@id":"https:\/\/jak.fi\/sv\/allmanna-villkor-for-leverans-av-jak-tradklippningsprodukter-1-2024\/#breadcrumb","itemListElement":[{"@type":"ListItem","position":1,"name":"Etusivu","item":"https:\/\/jak.fi\/sv\/"},{"@type":"ListItem","position":2,"name":"ALLM\u00c4NNA VILLKOR F\u00d6R LEVERANS AV JAK TR\u00c4DKLIPPNINGSPRODUKTER 1\/2024"}]},{"@type":"WebSite","@id":"https:\/\/jak.fi\/sv\/#website","url":"https:\/\/jak.fi\/sv\/","name":"JAK-Metalli Oy","description":"","publisher":{"@id":"https:\/\/jak.fi\/sv\/#organization"},"alternateName":"JAK Tree shears","potentialAction":[{"@type":"SearchAction","target":{"@type":"EntryPoint","urlTemplate":"https:\/\/jak.fi\/sv\/?s={search_term_string}"},"query-input":{"@type":"PropertyValueSpecification","valueRequired":true,"valueName":"search_term_string"}}],"inLanguage":"sv-SE"},{"@type":"Organization","@id":"https:\/\/jak.fi\/sv\/#organization","name":"JAK-Metalli Oy","alternateName":"JAK Tree shears","url":"https:\/\/jak.fi\/sv\/","logo":{"@type":"ImageObject","inLanguage":"sv-SE","@id":"https:\/\/jak.fi\/sv\/#\/schema\/logo\/image\/","url":"https:\/\/jak.fi\/wp-content\/uploads\/2024\/09\/JAK-logo-696x696-1.jpg","contentUrl":"https:\/\/jak.fi\/wp-content\/uploads\/2024\/09\/JAK-logo-696x696-1.jpg","width":696,"height":696,"caption":"JAK-Metalli Oy"},"image":{"@id":"https:\/\/jak.fi\/sv\/#\/schema\/logo\/image\/"},"sameAs":["https:\/\/www.facebook.com\/jaktreeshears","https:\/\/www.instagram.com\/jaktreeshears\/","https:\/\/www.youtube.com\/channel\/UCAwvaVhBBkPie8MeAGbdY1w"]}]}},"_links":{"self":[{"href":"https:\/\/jak.fi\/sv\/wp-json\/wp\/v2\/pages\/5776","targetHints":{"allow":["GET"]}}],"collection":[{"href":"https:\/\/jak.fi\/sv\/wp-json\/wp\/v2\/pages"}],"about":[{"href":"https:\/\/jak.fi\/sv\/wp-json\/wp\/v2\/types\/page"}],"author":[{"embeddable":true,"href":"https:\/\/jak.fi\/sv\/wp-json\/wp\/v2\/users\/2"}],"replies":[{"embeddable":true,"href":"https:\/\/jak.fi\/sv\/wp-json\/wp\/v2\/comments?post=5776"}],"version-history":[{"count":2,"href":"https:\/\/jak.fi\/sv\/wp-json\/wp\/v2\/pages\/5776\/revisions"}],"predecessor-version":[{"id":5780,"href":"https:\/\/jak.fi\/sv\/wp-json\/wp\/v2\/pages\/5776\/revisions\/5780"}],"wp:attachment":[{"href":"https:\/\/jak.fi\/sv\/wp-json\/wp\/v2\/media?parent=5776"}],"curies":[{"name":"wp","href":"https:\/\/api.w.org\/{rel}","templated":true}]}}