{"id":10466,"date":"2025-06-12T10:12:43","date_gmt":"2025-06-12T07:12:43","guid":{"rendered":"https:\/\/jak.fi\/products\/okategoriserad\/jak-200k-pro-energiklipp\/"},"modified":"2025-09-02T13:10:49","modified_gmt":"2025-09-02T10:10:49","slug":"jak-200k-pro-energiklipp","status":"publish","type":"product","link":"https:\/\/jak.fi\/sv\/produkter\/energiklipp-for-traktorer-och-skogsmaskiner\/jak-200k-pro-energiklipp\/","title":{"rendered":"JAK-200K PRO Energiklipp"},"content":{"rendered":"<h2><strong>JAK-200K Pro energiklipp &#8211; F\u00f6r professionell anv\u00e4ndning p\u00e5 traktorer och timmerkranar<\/strong><\/h2>\n<p>JAK-200K Pro \u00e4r en kraftfull energiklipp speciellt utformad f\u00f6r traktorer och timmerlyftare, redo f\u00f6r de mest kr\u00e4vande gallrings- och r\u00f6jningsjobben. JAK-200K Pro \u00e4r tillverkad av h\u00f6gkvalitativt Hardox\u00ae slitstarkt st\u00e5l och erbjuder h\u00e5llbarhet och precision f\u00f6r situationer d\u00e4r prestanda och tillf\u00f6rlitlighet kr\u00e4vs.<\/p>\n<h4><strong>Samlare och radiostyrning &#8211; maximal produktivitet<\/strong><\/h4>\n<p>Integrerad<a href=\"https:\/\/jak.fi\/sv\/produkter\/tillbehor-for-energiklippar\/samlare-gen2-b-r-serie\/\" target=\"_blank\" rel=\"noopener\"> <strong>samlare<\/strong><\/a> och <a href=\"https:\/\/jak.fi\/sv\/produkter\/tillbehor-for-energiklippar\/radiostyrning\/\" target=\"_blank\" rel=\"noopener\"><strong>radiostyrning<\/strong><\/a> g\u00f6r vedhanteringen smidigare. Du kan kapa mer ved innan du t\u00f6mmer utmatningsr\u00f6ret. Dessutom kan du kapa toppen av tr\u00e4det p\u00e5 ett kontrollerat och s\u00e4kert s\u00e4tt i uppr\u00e4tt l\u00e4ge, eftersom energiklippen \u00e4r elektriskt styrd ist\u00e4llet f\u00f6r tryckstyrd.<\/p>\n<h4><strong>Effektivt och s\u00e4kert arbete &#8211; upp till 200 mm tr\u00e4d<\/strong><\/h4>\n<p>JAK-200K Pro \u00e4r utrustad med tv\u00e5 cylindrar och elektriskt styrd hydraulik, vilket ger kontrollerad och s\u00e4ker vedkapning. Den breda 600 mm-\u00f6ppningen g\u00f6r att du kan kapa fler tr\u00e4d samtidigt &#8211; vilket tar effektivitet och produktivitet till en ny niv\u00e5.<\/p>\n<h4><strong>L\u00e4tt att installera<\/strong><\/h4>\n<p>JAK-200K Pro drivs av <strong>ett enda dubbelt hydraulsystem<\/strong> och kan installeras direkt i st\u00e4llet f\u00f6r en traditionell timmergrip &#8211; utan n\u00e5gra ytterligare modifieringar.<\/p>\n<h4>Arbeta mer effektivt med tillbeh\u00f6r<\/h4>\n<ul>\n<li><strong>Arbetsback med tre fingrar<\/strong> &#8211; ett fastare grepp om tr\u00e4et som ska kapas.<\/li>\n<\/ul>\n<p>&nbsp;<\/p>\n","protected":false},"excerpt":{"rendered":"<ul>\n<li>Integrerad samlare och radiostyrning<\/li>\n<li>Tillverkad av Hardox\u00ae slitstarkt st\u00e5l<\/li>\n<li>H\u00f6g och h\u00e5llbar konstruktion<\/li>\n<li>CE-godk\u00e4nd<\/li>\n<li>Tillverkad i Finland<\/li>\n<li>L\u00f6stagbart blad<\/li>\n<\/ul>\n","protected":false},"featured_media":8208,"template":"","meta":{"_acf_changed":false},"product_brand":[],"product_cat":[609],"product_tag":[],"class_list":{"0":"post-10466","1":"product","2":"type-product","3":"status-publish","4":"has-post-thumbnail","6":"product_cat-energiklipp-for-traktorer-och-skogsmaskiner","8":"first","9":"instock","10":"shipping-taxable","11":"product-type-simple"},"acf":[],"yoast_head":"<!-- This site is optimized with the Yoast SEO plugin v27.2 - https:\/\/yoast.com\/product\/yoast-seo-wordpress\/ -->\n<title>JAK-200K PRO Energiklipp &#8211; JAK-Metalli Oy<\/title>\n<meta name=\"description\" content=\"JAK-200K Pro energiklipp f\u00f6r traktorer och flishuggar - samlare, radiostyrning och enkel installation utan modifieringar.\" \/>\n<meta name=\"robots\" content=\"index, follow, max-snippet:-1, max-image-preview:large, max-video-preview:-1\" \/>\n<link rel=\"canonical\" href=\"https:\/\/jak.fi\/sv\/produkter\/energiklipp-for-traktorer-och-skogsmaskiner\/jak-200k-pro-energiklipp\/\" \/>\n<meta property=\"og:locale\" content=\"sv_SE\" \/>\n<meta property=\"og:type\" content=\"article\" \/>\n<meta property=\"og:title\" content=\"JAK-200K PRO Energiklipp &#8211; JAK-Metalli Oy\" \/>\n<meta property=\"og:description\" content=\"JAK-200K Pro energiklipp f\u00f6r traktorer och flishuggar - samlare, radiostyrning och enkel installation utan modifieringar.\" \/>\n<meta property=\"og:url\" content=\"https:\/\/jak.fi\/sv\/produkter\/energiklipp-for-traktorer-och-skogsmaskiner\/jak-200k-pro-energiklipp\/\" \/>\n<meta property=\"og:site_name\" content=\"JAK-Metalli Oy\" \/>\n<meta property=\"article:publisher\" content=\"https:\/\/www.facebook.com\/jaktreeshears\" \/>\n<meta property=\"article:modified_time\" content=\"2025-09-02T10:10:49+00:00\" \/>\n<meta property=\"og:image\" content=\"https:\/\/jak.fi\/wp-content\/uploads\/2025\/04\/JAK-250K-Pro-Tree-Shear-Web-10.png\" \/>\n\t<meta property=\"og:image:width\" content=\"1000\" \/>\n\t<meta property=\"og:image:height\" content=\"667\" \/>\n\t<meta property=\"og:image:type\" content=\"image\/png\" \/>\n<meta name=\"twitter:card\" content=\"summary_large_image\" \/>\n<meta name=\"twitter:label1\" content=\"Ber\u00e4knad l\u00e4stid\" \/>\n\t<meta name=\"twitter:data1\" content=\"2 minut\" \/>\n<script type=\"application\/ld+json\" class=\"yoast-schema-graph\">{\"@context\":\"https:\/\/schema.org\",\"@graph\":[{\"@type\":\"WebPage\",\"@id\":\"https:\/\/jak.fi\/sv\/produkter\/energiklipp-for-traktorer-och-skogsmaskiner\/jak-200k-pro-energiklipp\/\",\"url\":\"https:\/\/jak.fi\/sv\/produkter\/energiklipp-for-traktorer-och-skogsmaskiner\/jak-200k-pro-energiklipp\/\",\"name\":\"JAK-200K PRO Energiklipp &#8211; JAK-Metalli Oy\",\"isPartOf\":{\"@id\":\"https:\/\/jak.fi\/sv\/#website\"},\"primaryImageOfPage\":{\"@id\":\"https:\/\/jak.fi\/sv\/produkter\/energiklipp-for-traktorer-och-skogsmaskiner\/jak-200k-pro-energiklipp\/#primaryimage\"},\"image\":{\"@id\":\"https:\/\/jak.fi\/sv\/produkter\/energiklipp-for-traktorer-och-skogsmaskiner\/jak-200k-pro-energiklipp\/#primaryimage\"},\"thumbnailUrl\":\"https:\/\/jak.fi\/wp-content\/uploads\/2025\/04\/JAK-250K-Pro-Tree-Shear-Web-10.png\",\"datePublished\":\"2025-06-12T07:12:43+00:00\",\"dateModified\":\"2025-09-02T10:10:49+00:00\",\"description\":\"JAK-200K Pro energiklipp f\u00f6r traktorer och flishuggar - samlare, radiostyrning och enkel installation utan modifieringar.\",\"breadcrumb\":{\"@id\":\"https:\/\/jak.fi\/sv\/produkter\/energiklipp-for-traktorer-och-skogsmaskiner\/jak-200k-pro-energiklipp\/#breadcrumb\"},\"inLanguage\":\"sv-SE\",\"potentialAction\":[{\"@type\":\"ReadAction\",\"target\":[\"https:\/\/jak.fi\/sv\/produkter\/energiklipp-for-traktorer-och-skogsmaskiner\/jak-200k-pro-energiklipp\/\"]}]},{\"@type\":\"ImageObject\",\"inLanguage\":\"sv-SE\",\"@id\":\"https:\/\/jak.fi\/sv\/produkter\/energiklipp-for-traktorer-och-skogsmaskiner\/jak-200k-pro-energiklipp\/#primaryimage\",\"url\":\"https:\/\/jak.fi\/wp-content\/uploads\/2025\/04\/JAK-250K-Pro-Tree-Shear-Web-10.png\",\"contentUrl\":\"https:\/\/jak.fi\/wp-content\/uploads\/2025\/04\/JAK-250K-Pro-Tree-Shear-Web-10.png\",\"width\":1000,\"height\":667,\"caption\":\"JAK-250K Pro energiklipp f\u00f6r traktor eller skogsmaskin\"},{\"@type\":\"BreadcrumbList\",\"@id\":\"https:\/\/jak.fi\/sv\/produkter\/energiklipp-for-traktorer-och-skogsmaskiner\/jak-200k-pro-energiklipp\/#breadcrumb\",\"itemListElement\":[{\"@type\":\"ListItem\",\"position\":1,\"name\":\"Etusivu\",\"item\":\"https:\/\/jak.fi\/sv\/\"},{\"@type\":\"ListItem\",\"position\":2,\"name\":\"Produkter\",\"item\":\"https:\/\/jak.fi\/sv\/produkter\/\"},{\"@type\":\"ListItem\",\"position\":3,\"name\":\"JAK-200K PRO Energiklipp\"}]},{\"@type\":\"WebSite\",\"@id\":\"https:\/\/jak.fi\/sv\/#website\",\"url\":\"https:\/\/jak.fi\/sv\/\",\"name\":\"JAK-Metalli Oy\",\"description\":\"\",\"publisher\":{\"@id\":\"https:\/\/jak.fi\/sv\/#organization\"},\"alternateName\":\"JAK Tree shears\",\"potentialAction\":[{\"@type\":\"SearchAction\",\"target\":{\"@type\":\"EntryPoint\",\"urlTemplate\":\"https:\/\/jak.fi\/sv\/?s={search_term_string}\"},\"query-input\":{\"@type\":\"PropertyValueSpecification\",\"valueRequired\":true,\"valueName\":\"search_term_string\"}}],\"inLanguage\":\"sv-SE\"},{\"@type\":\"Organization\",\"@id\":\"https:\/\/jak.fi\/sv\/#organization\",\"name\":\"JAK-Metalli Oy\",\"alternateName\":\"JAK Tree shears\",\"url\":\"https:\/\/jak.fi\/sv\/\",\"logo\":{\"@type\":\"ImageObject\",\"inLanguage\":\"sv-SE\",\"@id\":\"https:\/\/jak.fi\/sv\/#\/schema\/logo\/image\/\",\"url\":\"https:\/\/jak.fi\/wp-content\/uploads\/2024\/09\/JAK-logo-696x696-1.jpg\",\"contentUrl\":\"https:\/\/jak.fi\/wp-content\/uploads\/2024\/09\/JAK-logo-696x696-1.jpg\",\"width\":696,\"height\":696,\"caption\":\"JAK-Metalli Oy\"},\"image\":{\"@id\":\"https:\/\/jak.fi\/sv\/#\/schema\/logo\/image\/\"},\"sameAs\":[\"https:\/\/www.facebook.com\/jaktreeshears\",\"https:\/\/www.instagram.com\/jaktreeshears\/\",\"https:\/\/www.youtube.com\/channel\/UCAwvaVhBBkPie8MeAGbdY1w\"]}]}<\/script>\n<!-- \/ Yoast SEO plugin. -->","yoast_head_json":{"title":"JAK-200K PRO Energiklipp &#8211; JAK-Metalli Oy","description":"JAK-200K Pro energiklipp f\u00f6r traktorer och flishuggar - samlare, radiostyrning och enkel installation utan modifieringar.","robots":{"index":"index","follow":"follow","max-snippet":"max-snippet:-1","max-image-preview":"max-image-preview:large","max-video-preview":"max-video-preview:-1"},"canonical":"https:\/\/jak.fi\/sv\/produkter\/energiklipp-for-traktorer-och-skogsmaskiner\/jak-200k-pro-energiklipp\/","og_locale":"sv_SE","og_type":"article","og_title":"JAK-200K PRO Energiklipp &#8211; JAK-Metalli Oy","og_description":"JAK-200K Pro energiklipp f\u00f6r traktorer och flishuggar - samlare, radiostyrning och enkel installation utan modifieringar.","og_url":"https:\/\/jak.fi\/sv\/produkter\/energiklipp-for-traktorer-och-skogsmaskiner\/jak-200k-pro-energiklipp\/","og_site_name":"JAK-Metalli Oy","article_publisher":"https:\/\/www.facebook.com\/jaktreeshears","article_modified_time":"2025-09-02T10:10:49+00:00","og_image":[{"width":1000,"height":667,"url":"https:\/\/jak.fi\/wp-content\/uploads\/2025\/04\/JAK-250K-Pro-Tree-Shear-Web-10.png","type":"image\/png"}],"twitter_card":"summary_large_image","twitter_misc":{"Ber\u00e4knad l\u00e4stid":"2 minut"},"schema":{"@context":"https:\/\/schema.org","@graph":[{"@type":"WebPage","@id":"https:\/\/jak.fi\/sv\/produkter\/energiklipp-for-traktorer-och-skogsmaskiner\/jak-200k-pro-energiklipp\/","url":"https:\/\/jak.fi\/sv\/produkter\/energiklipp-for-traktorer-och-skogsmaskiner\/jak-200k-pro-energiklipp\/","name":"JAK-200K PRO Energiklipp &#8211; JAK-Metalli Oy","isPartOf":{"@id":"https:\/\/jak.fi\/sv\/#website"},"primaryImageOfPage":{"@id":"https:\/\/jak.fi\/sv\/produkter\/energiklipp-for-traktorer-och-skogsmaskiner\/jak-200k-pro-energiklipp\/#primaryimage"},"image":{"@id":"https:\/\/jak.fi\/sv\/produkter\/energiklipp-for-traktorer-och-skogsmaskiner\/jak-200k-pro-energiklipp\/#primaryimage"},"thumbnailUrl":"https:\/\/jak.fi\/wp-content\/uploads\/2025\/04\/JAK-250K-Pro-Tree-Shear-Web-10.png","datePublished":"2025-06-12T07:12:43+00:00","dateModified":"2025-09-02T10:10:49+00:00","description":"JAK-200K Pro energiklipp f\u00f6r traktorer och flishuggar - samlare, radiostyrning och enkel installation utan modifieringar.","breadcrumb":{"@id":"https:\/\/jak.fi\/sv\/produkter\/energiklipp-for-traktorer-och-skogsmaskiner\/jak-200k-pro-energiklipp\/#breadcrumb"},"inLanguage":"sv-SE","potentialAction":[{"@type":"ReadAction","target":["https:\/\/jak.fi\/sv\/produkter\/energiklipp-for-traktorer-och-skogsmaskiner\/jak-200k-pro-energiklipp\/"]}]},{"@type":"ImageObject","inLanguage":"sv-SE","@id":"https:\/\/jak.fi\/sv\/produkter\/energiklipp-for-traktorer-och-skogsmaskiner\/jak-200k-pro-energiklipp\/#primaryimage","url":"https:\/\/jak.fi\/wp-content\/uploads\/2025\/04\/JAK-250K-Pro-Tree-Shear-Web-10.png","contentUrl":"https:\/\/jak.fi\/wp-content\/uploads\/2025\/04\/JAK-250K-Pro-Tree-Shear-Web-10.png","width":1000,"height":667,"caption":"JAK-250K Pro energiklipp f\u00f6r traktor eller skogsmaskin"},{"@type":"BreadcrumbList","@id":"https:\/\/jak.fi\/sv\/produkter\/energiklipp-for-traktorer-och-skogsmaskiner\/jak-200k-pro-energiklipp\/#breadcrumb","itemListElement":[{"@type":"ListItem","position":1,"name":"Etusivu","item":"https:\/\/jak.fi\/sv\/"},{"@type":"ListItem","position":2,"name":"Produkter","item":"https:\/\/jak.fi\/sv\/produkter\/"},{"@type":"ListItem","position":3,"name":"JAK-200K PRO Energiklipp"}]},{"@type":"WebSite","@id":"https:\/\/jak.fi\/sv\/#website","url":"https:\/\/jak.fi\/sv\/","name":"JAK-Metalli Oy","description":"","publisher":{"@id":"https:\/\/jak.fi\/sv\/#organization"},"alternateName":"JAK Tree shears","potentialAction":[{"@type":"SearchAction","target":{"@type":"EntryPoint","urlTemplate":"https:\/\/jak.fi\/sv\/?s={search_term_string}"},"query-input":{"@type":"PropertyValueSpecification","valueRequired":true,"valueName":"search_term_string"}}],"inLanguage":"sv-SE"},{"@type":"Organization","@id":"https:\/\/jak.fi\/sv\/#organization","name":"JAK-Metalli Oy","alternateName":"JAK Tree shears","url":"https:\/\/jak.fi\/sv\/","logo":{"@type":"ImageObject","inLanguage":"sv-SE","@id":"https:\/\/jak.fi\/sv\/#\/schema\/logo\/image\/","url":"https:\/\/jak.fi\/wp-content\/uploads\/2024\/09\/JAK-logo-696x696-1.jpg","contentUrl":"https:\/\/jak.fi\/wp-content\/uploads\/2024\/09\/JAK-logo-696x696-1.jpg","width":696,"height":696,"caption":"JAK-Metalli Oy"},"image":{"@id":"https:\/\/jak.fi\/sv\/#\/schema\/logo\/image\/"},"sameAs":["https:\/\/www.facebook.com\/jaktreeshears","https:\/\/www.instagram.com\/jaktreeshears\/","https:\/\/www.youtube.com\/channel\/UCAwvaVhBBkPie8MeAGbdY1w"]}]}},"_links":{"self":[{"href":"https:\/\/jak.fi\/sv\/wp-json\/wp\/v2\/product\/10466","targetHints":{"allow":["GET"]}}],"collection":[{"href":"https:\/\/jak.fi\/sv\/wp-json\/wp\/v2\/product"}],"about":[{"href":"https:\/\/jak.fi\/sv\/wp-json\/wp\/v2\/types\/product"}],"wp:featuredmedia":[{"embeddable":true,"href":"https:\/\/jak.fi\/sv\/wp-json\/wp\/v2\/media\/8208"}],"wp:attachment":[{"href":"https:\/\/jak.fi\/sv\/wp-json\/wp\/v2\/media?parent=10466"}],"wp:term":[{"taxonomy":"product_brand","embeddable":true,"href":"https:\/\/jak.fi\/sv\/wp-json\/wp\/v2\/product_brand?post=10466"},{"taxonomy":"product_cat","embeddable":true,"href":"https:\/\/jak.fi\/sv\/wp-json\/wp\/v2\/product_cat?post=10466"},{"taxonomy":"product_tag","embeddable":true,"href":"https:\/\/jak.fi\/sv\/wp-json\/wp\/v2\/product_tag?post=10466"}],"curies":[{"name":"wp","href":"https:\/\/api.w.org\/{rel}","templated":true}]}}