{"id":16066,"date":"2025-10-10T09:04:45","date_gmt":"2025-10-10T06:04:45","guid":{"rendered":"https:\/\/jak.fi\/products\/okategoriserad\/splitmate-vedmaskin\/"},"modified":"2025-11-26T11:22:36","modified_gmt":"2025-11-26T08:22:36","slug":"splitmate-vedmaskin","status":"publish","type":"product","link":"https:\/\/jak.fi\/sv\/produkter\/vedmaskin\/splitmate-vedmaskin\/","title":{"rendered":"SplitMate vedmaskin"},"content":{"rendered":"<h1 class=\"mt-4\">Splitmate vedmaskin<\/h1>\n<p>Exator SplitMate \u00e4r en hydrauliskt man\u00f6vrerad, basmonterad vedmaskin som hanterar lastning, kapning och delning i en enda enhet &#8211; direkt fr\u00e5n hytten. Den \u00e4r kompakt och l\u00e4tt att transportera, bearbetar tr\u00e4den d\u00e4r de st\u00e5r och sl\u00e4pper de f\u00e4rdiga flikarna direkt p\u00e5 \u00f6nskad plats. Den kan drivas utan el, med ett enda hydraulsystem med dubbla funktioner.<\/p>\n<h2>Enkel ans\u00f6kningsprocess<\/h2>\n<ol>\n<li><strong>Lastning av stockarna:<\/strong> en stocklyftare anv\u00e4nds f\u00f6r att lyfta stockarna fr\u00e5n h\u00f6gen. En till tre stockar \u00e5t g\u00e5ngen kan lyftas upp p\u00e5 vedmaskinen i v\u00e4ntan p\u00e5 \u00f6verf\u00f6ring till matarbordet.<\/li>\n<li><strong>Matarbord:<\/strong> hydrauliskt r\u00f6rligt bord med en klyvkraft p\u00e5 10 ton.<\/li>\n<li><strong>Stockl\u00e5sning och m\u00e4tning:<\/strong> stocken matas mot stockstoppet, som justeras till \u00f6nskad vedstorlek. N\u00e4r greppbenet s\u00e4nks kan matarbordet dras tillbaka.<\/li>\n<li><strong>Kapning:<\/strong> stocken s\u00e5gas till angiven l\u00e4ngd (maximal kapdiameter 400 mm). Under s\u00e5gningsfasen h\u00e5lls stockarna stadigt p\u00e5 plats av en gripbygel. F\u00f6r l\u00e5nga stockar finns ett justerbart st\u00f6d.<\/li>\n<li>Klyvning<strong>:<\/strong> det avverkade tr\u00e4det faller ner i klyvr\u00e4nnan, och n\u00e4sta matningsr\u00f6relse klyver det hydrauliskt. Klyvhjulet \u00e4r utbytbart i 2, 4 eller 6 sektioner.<\/li>\n<\/ol>\n<p>&nbsp;<\/p>\n<div class=\"wp-block-columns product-columns is-layout-flex wp-container-core-columns-is-layout-9d6595d7 wp-block-columns-is-layout-flex\">\n<div class=\"wp-block-column is-layout-flow wp-block-column-is-layout-flow\">\n<div class=\"wp-block-columns is-not-stacked-on-mobile is-layout-flex wp-container-core-columns-is-layout-9d6595d7 wp-block-columns-is-layout-flex\">\n<div class=\"wp-block-column is-layout-flow wp-block-column-is-layout-flow\">\n<h2 class=\"wp-block-heading mt-0 has-medium-font-size\">Kompakt arbetsfl\u00f6de med en enda anv\u00e4ndare<\/h2>\n<p>Exator SplitMate vedmaskin kombinerar tre operationer i en och samma maskin: lastning, kapning och delning g\u00f6rs enkelt av en operat\u00f6r, direkt fr\u00e5n hytten.<\/p>\n<\/div>\n<\/div>\n<\/div>\n<div class=\"wp-block-column is-layout-flow wp-block-column-is-layout-flow\">\n<div class=\"wp-block-columns is-not-stacked-on-mobile is-layout-flex wp-container-core-columns-is-layout-9d6595d7 wp-block-columns-is-layout-flex\">\n<div class=\"wp-block-column is-layout-flow wp-block-column-is-layout-flow\">\n<h2 class=\"wp-block-heading mt-0 has-medium-font-size\">Enkel drifts\u00e4ttning<\/h2>\n<p>Den \u00e4r snabb att ansluta och koppla bort &#8211; inga komplicerade inst\u00e4llningar, inom n\u00e5gra minuter \u00e4r du redo att arbeta. Exator vedmaskin arbetar med ett enda dubbelverkande hydraulsystem, utan el.<\/p>\n<\/div>\n<\/div>\n<\/div>\n<\/div>\n<div class=\"wp-block-columns product-columns is-layout-flex wp-container-core-columns-is-layout-9d6595d7 wp-block-columns-is-layout-flex\">\n<div class=\"wp-block-column is-layout-flow wp-block-column-is-layout-flow\">\n<div class=\"wp-block-columns is-not-stacked-on-mobile is-layout-flex wp-container-core-columns-is-layout-9d6595d7 wp-block-columns-is-layout-flex\">\n<div class=\"wp-block-column is-layout-flow wp-block-column-is-layout-flow\">\n<h2 class=\"wp-block-heading mt-0 has-medium-font-size\">Arbeta d\u00e4r tr\u00e4den st\u00e5r<\/h2>\n<p>Ta med vedmaskinen till skogen och g\u00f6r ved p\u00e5 plats &#8211; inga tunga timmertransporter l\u00e4ngre.<\/p>\n<\/div>\n<\/div>\n<\/div>\n<div class=\"wp-block-column is-layout-flow wp-block-column-is-layout-flow\">\n<div class=\"wp-block-columns is-not-stacked-on-mobile is-layout-flex wp-container-core-columns-is-layout-9d6595d7 wp-block-columns-is-layout-flex\">\n<div class=\"wp-block-column is-layout-flow wp-block-column-is-layout-flow\">\n<h2 class=\"wp-block-heading mt-0 has-medium-font-size\">Effektiv och problemfri lastning<\/h2>\n<p>Behandla tr\u00e4den direkt i fordonet och undvik on\u00f6dig hantering. Detta sparar b\u00e5de tid och kraft.<\/p>\n<\/div>\n<\/div>\n<\/div>\n<\/div>\n<h3>F\u00f6r mer information, bes\u00f6k <a href=\"https:\/\/exator.fi\/exator-splitmate-klapikone\/\" target=\"_blank\" rel=\"noopener\">exator.fi<\/a><\/h3>\n","protected":false},"excerpt":{"rendered":"<div class=\"wp-block-columns product-columns is-layout-flex wp-container-core-columns-is-layout-9d6595d7 wp-block-columns-is-layout-flex\">\n<div class=\"wp-block-column is-layout-flow wp-block-column-is-layout-flow\">\n<div class=\"wp-block-columns is-not-stacked-on-mobile is-layout-flex wp-container-core-columns-is-layout-9d6595d7 wp-block-columns-is-layout-flex\">\n<div class=\"wp-block-column is-layout-flow wp-block-column-is-layout-flow\">\n<ul>\n<li class=\"wp-block-heading mt-0 has-medium-font-size\">Kompakt arbetsfl\u00f6de med en enda anv\u00e4ndare<\/li>\n<li>Driften \u00e4r m\u00f6jlig utan el, med ett enda dubbelverkande hydraulsystem.<\/li>\n<li class=\"wp-block-heading mt-0 has-medium-font-size\">Enkel drifts\u00e4ttning<\/li>\n<li class=\"wp-block-heading mt-0 has-medium-font-size\">Arbeta d\u00e4r tr\u00e4den st\u00e5r<\/li>\n<\/ul>\n<\/div>\n<\/div>\n<\/div>\n<\/div>\n<div class=\"wp-block-columns product-columns is-layout-flex wp-container-core-columns-is-layout-9d6595d7 wp-block-columns-is-layout-flex\">\n<div class=\"wp-block-column is-layout-flow wp-block-column-is-layout-flow\">\n<div class=\"wp-block-columns is-not-stacked-on-mobile is-layout-flex wp-container-core-columns-is-layout-9d6595d7 wp-block-columns-is-layout-flex\"><\/div>\n<\/div>\n<\/div>\n","protected":false},"featured_media":15122,"template":"","meta":{"_acf_changed":false},"product_brand":[],"product_cat":[657],"product_tag":[],"class_list":{"0":"post-16066","1":"product","2":"type-product","3":"status-publish","4":"has-post-thumbnail","6":"product_cat-vedmaskin","8":"first","9":"instock","10":"shipping-taxable","11":"product-type-simple"},"acf":[],"yoast_head":"<!-- This site is optimized with the Yoast SEO plugin v27.3 - https:\/\/yoast.com\/product\/yoast-seo-wordpress\/ -->\n<title>SplitMate vedmaskin &#8211; JAK-Metalli Oy<\/title>\n<meta name=\"description\" content=\"SplitMate \u00e4r en hydrauliskt man\u00f6vrerad, basmonterad vedmaskin som hanterar lastning, kapning och delning i en och samma maskin.\" \/>\n<meta name=\"robots\" content=\"index, follow, max-snippet:-1, max-image-preview:large, max-video-preview:-1\" \/>\n<link rel=\"canonical\" href=\"https:\/\/jak.fi\/sv\/produkter\/vedmaskin\/splitmate-vedmaskin\/\" \/>\n<meta property=\"og:locale\" content=\"sv_SE\" \/>\n<meta property=\"og:type\" content=\"article\" \/>\n<meta property=\"og:title\" content=\"SplitMate vedmaskin &#8211; JAK-Metalli Oy\" \/>\n<meta property=\"og:description\" content=\"SplitMate \u00e4r en hydrauliskt man\u00f6vrerad, basmonterad vedmaskin som hanterar lastning, kapning och delning i en och samma maskin.\" \/>\n<meta property=\"og:url\" content=\"https:\/\/jak.fi\/sv\/produkter\/vedmaskin\/splitmate-vedmaskin\/\" \/>\n<meta property=\"og:site_name\" content=\"JAK-Metalli Oy\" \/>\n<meta property=\"article:publisher\" content=\"https:\/\/www.facebook.com\/jaktreeshears\" \/>\n<meta property=\"article:modified_time\" content=\"2025-11-26T08:22:36+00:00\" \/>\n<meta property=\"og:image\" content=\"https:\/\/jak.fi\/wp-content\/uploads\/2025\/10\/SplitMate-klapikone-14.jpg\" \/>\n\t<meta property=\"og:image:width\" content=\"1000\" \/>\n\t<meta property=\"og:image:height\" content=\"667\" \/>\n\t<meta property=\"og:image:type\" content=\"image\/jpeg\" \/>\n<meta name=\"twitter:card\" content=\"summary_large_image\" \/>\n<meta name=\"twitter:label1\" content=\"Ber\u00e4knad l\u00e4stid\" \/>\n\t<meta name=\"twitter:data1\" content=\"2 minut\" \/>\n<script type=\"application\/ld+json\" class=\"yoast-schema-graph\">{\"@context\":\"https:\\\/\\\/schema.org\",\"@graph\":[{\"@type\":\"WebPage\",\"@id\":\"https:\\\/\\\/jak.fi\\\/sv\\\/produkter\\\/vedmaskin\\\/splitmate-vedmaskin\\\/\",\"url\":\"https:\\\/\\\/jak.fi\\\/sv\\\/produkter\\\/vedmaskin\\\/splitmate-vedmaskin\\\/\",\"name\":\"SplitMate vedmaskin &#8211; JAK-Metalli Oy\",\"isPartOf\":{\"@id\":\"https:\\\/\\\/jak.fi\\\/sv\\\/#website\"},\"primaryImageOfPage\":{\"@id\":\"https:\\\/\\\/jak.fi\\\/sv\\\/produkter\\\/vedmaskin\\\/splitmate-vedmaskin\\\/#primaryimage\"},\"image\":{\"@id\":\"https:\\\/\\\/jak.fi\\\/sv\\\/produkter\\\/vedmaskin\\\/splitmate-vedmaskin\\\/#primaryimage\"},\"thumbnailUrl\":\"https:\\\/\\\/jak.fi\\\/wp-content\\\/uploads\\\/2025\\\/10\\\/SplitMate-klapikone-14.jpg\",\"datePublished\":\"2025-10-10T06:04:45+00:00\",\"dateModified\":\"2025-11-26T08:22:36+00:00\",\"description\":\"SplitMate \u00e4r en hydrauliskt man\u00f6vrerad, basmonterad vedmaskin som hanterar lastning, kapning och delning i en och samma maskin.\",\"breadcrumb\":{\"@id\":\"https:\\\/\\\/jak.fi\\\/sv\\\/produkter\\\/vedmaskin\\\/splitmate-vedmaskin\\\/#breadcrumb\"},\"inLanguage\":\"sv-SE\",\"potentialAction\":[{\"@type\":\"ReadAction\",\"target\":[\"https:\\\/\\\/jak.fi\\\/sv\\\/produkter\\\/vedmaskin\\\/splitmate-vedmaskin\\\/\"]}]},{\"@type\":\"ImageObject\",\"inLanguage\":\"sv-SE\",\"@id\":\"https:\\\/\\\/jak.fi\\\/sv\\\/produkter\\\/vedmaskin\\\/splitmate-vedmaskin\\\/#primaryimage\",\"url\":\"https:\\\/\\\/jak.fi\\\/wp-content\\\/uploads\\\/2025\\\/10\\\/SplitMate-klapikone-14.jpg\",\"contentUrl\":\"https:\\\/\\\/jak.fi\\\/wp-content\\\/uploads\\\/2025\\\/10\\\/SplitMate-klapikone-14.jpg\",\"width\":1000,\"height\":667},{\"@type\":\"BreadcrumbList\",\"@id\":\"https:\\\/\\\/jak.fi\\\/sv\\\/produkter\\\/vedmaskin\\\/splitmate-vedmaskin\\\/#breadcrumb\",\"itemListElement\":[{\"@type\":\"ListItem\",\"position\":1,\"name\":\"Etusivu\",\"item\":\"https:\\\/\\\/jak.fi\\\/sv\\\/\"},{\"@type\":\"ListItem\",\"position\":2,\"name\":\"Produkter\",\"item\":\"https:\\\/\\\/jak.fi\\\/sv\\\/produkter\\\/\"},{\"@type\":\"ListItem\",\"position\":3,\"name\":\"SplitMate vedmaskin\"}]},{\"@type\":\"WebSite\",\"@id\":\"https:\\\/\\\/jak.fi\\\/sv\\\/#website\",\"url\":\"https:\\\/\\\/jak.fi\\\/sv\\\/\",\"name\":\"JAK-Metalli Oy\",\"description\":\"\",\"publisher\":{\"@id\":\"https:\\\/\\\/jak.fi\\\/sv\\\/#organization\"},\"alternateName\":\"JAK Tree shears\",\"potentialAction\":[{\"@type\":\"SearchAction\",\"target\":{\"@type\":\"EntryPoint\",\"urlTemplate\":\"https:\\\/\\\/jak.fi\\\/sv\\\/?s={search_term_string}\"},\"query-input\":{\"@type\":\"PropertyValueSpecification\",\"valueRequired\":true,\"valueName\":\"search_term_string\"}}],\"inLanguage\":\"sv-SE\"},{\"@type\":\"Organization\",\"@id\":\"https:\\\/\\\/jak.fi\\\/sv\\\/#organization\",\"name\":\"JAK-Metalli Oy\",\"alternateName\":\"JAK Tree shears\",\"url\":\"https:\\\/\\\/jak.fi\\\/sv\\\/\",\"logo\":{\"@type\":\"ImageObject\",\"inLanguage\":\"sv-SE\",\"@id\":\"https:\\\/\\\/jak.fi\\\/sv\\\/#\\\/schema\\\/logo\\\/image\\\/\",\"url\":\"https:\\\/\\\/jak.fi\\\/wp-content\\\/uploads\\\/2024\\\/09\\\/JAK-logo-696x696-1.jpg\",\"contentUrl\":\"https:\\\/\\\/jak.fi\\\/wp-content\\\/uploads\\\/2024\\\/09\\\/JAK-logo-696x696-1.jpg\",\"width\":696,\"height\":696,\"caption\":\"JAK-Metalli Oy\"},\"image\":{\"@id\":\"https:\\\/\\\/jak.fi\\\/sv\\\/#\\\/schema\\\/logo\\\/image\\\/\"},\"sameAs\":[\"https:\\\/\\\/www.facebook.com\\\/jaktreeshears\",\"https:\\\/\\\/www.instagram.com\\\/jaktreeshears\\\/\",\"https:\\\/\\\/www.youtube.com\\\/channel\\\/UCAwvaVhBBkPie8MeAGbdY1w\"]}]}<\/script>\n<!-- \/ Yoast SEO plugin. -->","yoast_head_json":{"title":"SplitMate vedmaskin &#8211; JAK-Metalli Oy","description":"SplitMate \u00e4r en hydrauliskt man\u00f6vrerad, basmonterad vedmaskin som hanterar lastning, kapning och delning i en och samma maskin.","robots":{"index":"index","follow":"follow","max-snippet":"max-snippet:-1","max-image-preview":"max-image-preview:large","max-video-preview":"max-video-preview:-1"},"canonical":"https:\/\/jak.fi\/sv\/produkter\/vedmaskin\/splitmate-vedmaskin\/","og_locale":"sv_SE","og_type":"article","og_title":"SplitMate vedmaskin &#8211; JAK-Metalli Oy","og_description":"SplitMate \u00e4r en hydrauliskt man\u00f6vrerad, basmonterad vedmaskin som hanterar lastning, kapning och delning i en och samma maskin.","og_url":"https:\/\/jak.fi\/sv\/produkter\/vedmaskin\/splitmate-vedmaskin\/","og_site_name":"JAK-Metalli Oy","article_publisher":"https:\/\/www.facebook.com\/jaktreeshears","article_modified_time":"2025-11-26T08:22:36+00:00","og_image":[{"width":1000,"height":667,"url":"https:\/\/jak.fi\/wp-content\/uploads\/2025\/10\/SplitMate-klapikone-14.jpg","type":"image\/jpeg"}],"twitter_card":"summary_large_image","twitter_misc":{"Ber\u00e4knad l\u00e4stid":"2 minut"},"schema":{"@context":"https:\/\/schema.org","@graph":[{"@type":"WebPage","@id":"https:\/\/jak.fi\/sv\/produkter\/vedmaskin\/splitmate-vedmaskin\/","url":"https:\/\/jak.fi\/sv\/produkter\/vedmaskin\/splitmate-vedmaskin\/","name":"SplitMate vedmaskin &#8211; JAK-Metalli Oy","isPartOf":{"@id":"https:\/\/jak.fi\/sv\/#website"},"primaryImageOfPage":{"@id":"https:\/\/jak.fi\/sv\/produkter\/vedmaskin\/splitmate-vedmaskin\/#primaryimage"},"image":{"@id":"https:\/\/jak.fi\/sv\/produkter\/vedmaskin\/splitmate-vedmaskin\/#primaryimage"},"thumbnailUrl":"https:\/\/jak.fi\/wp-content\/uploads\/2025\/10\/SplitMate-klapikone-14.jpg","datePublished":"2025-10-10T06:04:45+00:00","dateModified":"2025-11-26T08:22:36+00:00","description":"SplitMate \u00e4r en hydrauliskt man\u00f6vrerad, basmonterad vedmaskin som hanterar lastning, kapning och delning i en och samma maskin.","breadcrumb":{"@id":"https:\/\/jak.fi\/sv\/produkter\/vedmaskin\/splitmate-vedmaskin\/#breadcrumb"},"inLanguage":"sv-SE","potentialAction":[{"@type":"ReadAction","target":["https:\/\/jak.fi\/sv\/produkter\/vedmaskin\/splitmate-vedmaskin\/"]}]},{"@type":"ImageObject","inLanguage":"sv-SE","@id":"https:\/\/jak.fi\/sv\/produkter\/vedmaskin\/splitmate-vedmaskin\/#primaryimage","url":"https:\/\/jak.fi\/wp-content\/uploads\/2025\/10\/SplitMate-klapikone-14.jpg","contentUrl":"https:\/\/jak.fi\/wp-content\/uploads\/2025\/10\/SplitMate-klapikone-14.jpg","width":1000,"height":667},{"@type":"BreadcrumbList","@id":"https:\/\/jak.fi\/sv\/produkter\/vedmaskin\/splitmate-vedmaskin\/#breadcrumb","itemListElement":[{"@type":"ListItem","position":1,"name":"Etusivu","item":"https:\/\/jak.fi\/sv\/"},{"@type":"ListItem","position":2,"name":"Produkter","item":"https:\/\/jak.fi\/sv\/produkter\/"},{"@type":"ListItem","position":3,"name":"SplitMate vedmaskin"}]},{"@type":"WebSite","@id":"https:\/\/jak.fi\/sv\/#website","url":"https:\/\/jak.fi\/sv\/","name":"JAK-Metalli Oy","description":"","publisher":{"@id":"https:\/\/jak.fi\/sv\/#organization"},"alternateName":"JAK Tree shears","potentialAction":[{"@type":"SearchAction","target":{"@type":"EntryPoint","urlTemplate":"https:\/\/jak.fi\/sv\/?s={search_term_string}"},"query-input":{"@type":"PropertyValueSpecification","valueRequired":true,"valueName":"search_term_string"}}],"inLanguage":"sv-SE"},{"@type":"Organization","@id":"https:\/\/jak.fi\/sv\/#organization","name":"JAK-Metalli Oy","alternateName":"JAK Tree shears","url":"https:\/\/jak.fi\/sv\/","logo":{"@type":"ImageObject","inLanguage":"sv-SE","@id":"https:\/\/jak.fi\/sv\/#\/schema\/logo\/image\/","url":"https:\/\/jak.fi\/wp-content\/uploads\/2024\/09\/JAK-logo-696x696-1.jpg","contentUrl":"https:\/\/jak.fi\/wp-content\/uploads\/2024\/09\/JAK-logo-696x696-1.jpg","width":696,"height":696,"caption":"JAK-Metalli Oy"},"image":{"@id":"https:\/\/jak.fi\/sv\/#\/schema\/logo\/image\/"},"sameAs":["https:\/\/www.facebook.com\/jaktreeshears","https:\/\/www.instagram.com\/jaktreeshears\/","https:\/\/www.youtube.com\/channel\/UCAwvaVhBBkPie8MeAGbdY1w"]}]}},"_links":{"self":[{"href":"https:\/\/jak.fi\/sv\/wp-json\/wp\/v2\/product\/16066","targetHints":{"allow":["GET"]}}],"collection":[{"href":"https:\/\/jak.fi\/sv\/wp-json\/wp\/v2\/product"}],"about":[{"href":"https:\/\/jak.fi\/sv\/wp-json\/wp\/v2\/types\/product"}],"wp:featuredmedia":[{"embeddable":true,"href":"https:\/\/jak.fi\/sv\/wp-json\/wp\/v2\/media\/15122"}],"wp:attachment":[{"href":"https:\/\/jak.fi\/sv\/wp-json\/wp\/v2\/media?parent=16066"}],"wp:term":[{"taxonomy":"product_brand","embeddable":true,"href":"https:\/\/jak.fi\/sv\/wp-json\/wp\/v2\/product_brand?post=16066"},{"taxonomy":"product_cat","embeddable":true,"href":"https:\/\/jak.fi\/sv\/wp-json\/wp\/v2\/product_cat?post=16066"},{"taxonomy":"product_tag","embeddable":true,"href":"https:\/\/jak.fi\/sv\/wp-json\/wp\/v2\/product_tag?post=16066"}],"curies":[{"name":"wp","href":"https:\/\/api.w.org\/{rel}","templated":true}]}}