{"id":5751,"date":"2024-05-28T10:12:49","date_gmt":"2024-05-28T07:12:49","guid":{"rendered":"https:\/\/jak.fi\/products\/okategoriserad\/hydraulsystem-eboost\/"},"modified":"2026-02-11T09:52:00","modified_gmt":"2026-02-11T06:52:00","slug":"hydraulsystem-eboost","status":"publish","type":"product","link":"https:\/\/jak.fi\/sv\/produkter\/tillbehor-for-energiklippar\/hydraulsystem-eboost\/","title":{"rendered":"Hydraulsystem eBoost"},"content":{"rendered":"<h2><strong>F\u00f6r JAK Energiklipp i B- och R-serien \u2013 Se i r\u00e4knaren vilka f\u00f6rdelar eBoost ger.<\/strong><\/h2>\n<p>Hydraulsystemet eBoost\u00ae \u00f6kar hastigheten p\u00e5 energiklippet med upp till 100% utan att minska effekten. eBoost\u00ae g\u00f6r det ocks\u00e5 m\u00f6jligt att anv\u00e4nda energiklippet p\u00e5 chassimaskiner med l\u00e4gre tryck och l\u00e4gre oljefl\u00f6den. Hydraulsystemet eBoost\u00ae g\u00f6r det m\u00f6jligt att anv\u00e4nda energiklippet genom skoptransport\u00f6ren utan att f\u00f6rlora hastighet och effekt. Detta patenterade och unika hydraulsystem har en helt annan funktion, tillg\u00e4nglighet och tillf\u00f6rlitlighet \u00e4n tidigare k\u00e4nda metoder.<\/p>\n<p><strong>eBoost\u00ae hydraulsystem:<\/strong><\/p>\n<ul>\n<li>Snabbare\n<ul>\n<li>Snabbare produktprestanda med upp till 100%.<\/li>\n<\/ul>\n<\/li>\n<li>Mer kraftfull\n<ul>\n<li>St\u00f6rre cylindrar kan anv\u00e4ndas utan att hastigheten s\u00e4nks<\/li>\n<li>Anv\u00e4nds genom en skoptransport\u00f6r eller i l\u00e5gtrycksmaskiner utan att effekten minskar.<\/li>\n<\/ul>\n<\/li>\n<li>Mer ekonomisk\n<ul>\n<li>F\u00f6rbrukar mindre br\u00e4nsle<\/li>\n<\/ul>\n<\/li>\n<li>S\u00e4krare\n<ul>\n<li>Tr\u00e4den h\u00e5lls under b\u00e4ttre kontroll n\u00e4r r\u00f6relserna \u00e4r snabbare.<\/li>\n<\/ul>\n<\/li>\n<li>Mer h\u00e5llbar\n<ul>\n<li>Skyddar hydraulsystemet och eliminerar tryckst\u00f6tar mot det<\/li>\n<\/ul>\n<\/li>\n<\/ul>\n<div class=\"wp-block-button\"><a class=\"wp-block-button__link has-text-align-center wp-element-button\" href=\"https:\/\/eboost.fi\/\" target=\"_blank\" rel=\"noopener\">L\u00e4s mer<\/a><\/div>\n","protected":false},"excerpt":{"rendered":"<p>F\u00f6r JAK Energiklipp i B- och R-serien \u2013 Se i r\u00e4knaren vilka f\u00f6rdelar eBoost ger. Hydraulsystemet eBoost\u00ae \u00f6kar hastigheten p\u00e5 energiklippet med upp till 100% utan att minska effekten. eBoost\u00ae g\u00f6r det ocks\u00e5 m\u00f6jligt att anv\u00e4nda energiklippet p\u00e5 chassimaskiner med l\u00e4gre tryck och l\u00e4gre oljefl\u00f6den. Hydraulsystemet eBoost\u00ae g\u00f6r det m\u00f6jligt att anv\u00e4nda energiklippet genom skoptransport\u00f6ren [&hellip;]<\/p>\n","protected":false},"featured_media":7658,"template":"","meta":{"_acf_changed":false},"product_brand":[],"product_cat":[603],"product_tag":[],"class_list":{"0":"post-5751","1":"product","2":"type-product","3":"status-publish","4":"has-post-thumbnail","6":"product_cat-tillbehor-for-energiklippar","8":"first","9":"instock","10":"shipping-taxable","11":"product-type-simple"},"acf":[],"yoast_head":"<!-- This site is optimized with the Yoast SEO plugin v27.2 - https:\/\/yoast.com\/product\/yoast-seo-wordpress\/ -->\n<title>Hydraulsystem eBoost &#8211; JAK-Metalli Oy<\/title>\n<meta name=\"description\" content=\"Hydraulsystemet eBoost \u00f6kar energigriparens hastighet med upp till 100 % utan att minska effekten. Snabbare, kraftfullare och mer ekonomiskt.\" \/>\n<meta name=\"robots\" content=\"index, follow, max-snippet:-1, max-image-preview:large, max-video-preview:-1\" \/>\n<link rel=\"canonical\" href=\"https:\/\/jak.fi\/sv\/produkter\/tillbehor-for-energiklippar\/hydraulsystem-eboost\/\" \/>\n<meta property=\"og:locale\" content=\"sv_SE\" \/>\n<meta property=\"og:type\" content=\"article\" \/>\n<meta property=\"og:title\" content=\"Hydraulsystem eBoost &#8211; JAK-Metalli Oy\" \/>\n<meta property=\"og:description\" content=\"Hydraulsystemet eBoost \u00f6kar energigriparens hastighet med upp till 100 % utan att minska effekten. Snabbare, kraftfullare och mer ekonomiskt.\" \/>\n<meta property=\"og:url\" content=\"https:\/\/jak.fi\/sv\/produkter\/tillbehor-for-energiklippar\/hydraulsystem-eboost\/\" \/>\n<meta property=\"og:site_name\" content=\"JAK-Metalli Oy\" \/>\n<meta property=\"article:publisher\" content=\"https:\/\/www.facebook.com\/jaktreeshears\" \/>\n<meta property=\"article:modified_time\" content=\"2026-02-11T06:52:00+00:00\" \/>\n<meta property=\"og:image\" content=\"https:\/\/jak.fi\/wp-content\/uploads\/2024\/05\/eboost-hydraulic-system-blue-web-01.png\" \/>\n\t<meta property=\"og:image:width\" content=\"1000\" \/>\n\t<meta property=\"og:image:height\" content=\"667\" \/>\n\t<meta property=\"og:image:type\" content=\"image\/png\" \/>\n<meta name=\"twitter:card\" content=\"summary_large_image\" \/>\n<meta name=\"twitter:label1\" content=\"Ber\u00e4knad l\u00e4stid\" \/>\n\t<meta name=\"twitter:data1\" content=\"2 minut\" \/>\n<script type=\"application\/ld+json\" class=\"yoast-schema-graph\">{\"@context\":\"https:\/\/schema.org\",\"@graph\":[{\"@type\":\"WebPage\",\"@id\":\"https:\/\/jak.fi\/sv\/produkter\/tillbehor-for-energiklippar\/hydraulsystem-eboost\/\",\"url\":\"https:\/\/jak.fi\/sv\/produkter\/tillbehor-for-energiklippar\/hydraulsystem-eboost\/\",\"name\":\"Hydraulsystem eBoost &#8211; JAK-Metalli Oy\",\"isPartOf\":{\"@id\":\"https:\/\/jak.fi\/sv\/#website\"},\"primaryImageOfPage\":{\"@id\":\"https:\/\/jak.fi\/sv\/produkter\/tillbehor-for-energiklippar\/hydraulsystem-eboost\/#primaryimage\"},\"image\":{\"@id\":\"https:\/\/jak.fi\/sv\/produkter\/tillbehor-for-energiklippar\/hydraulsystem-eboost\/#primaryimage\"},\"thumbnailUrl\":\"https:\/\/jak.fi\/wp-content\/uploads\/2024\/05\/eboost-hydraulic-system-blue-web-01.png\",\"datePublished\":\"2024-05-28T07:12:49+00:00\",\"dateModified\":\"2026-02-11T06:52:00+00:00\",\"description\":\"Hydraulsystemet eBoost \u00f6kar energigriparens hastighet med upp till 100 % utan att minska effekten. Snabbare, kraftfullare och mer ekonomiskt.\",\"breadcrumb\":{\"@id\":\"https:\/\/jak.fi\/sv\/produkter\/tillbehor-for-energiklippar\/hydraulsystem-eboost\/#breadcrumb\"},\"inLanguage\":\"sv-SE\",\"potentialAction\":[{\"@type\":\"ReadAction\",\"target\":[\"https:\/\/jak.fi\/sv\/produkter\/tillbehor-for-energiklippar\/hydraulsystem-eboost\/\"]}]},{\"@type\":\"ImageObject\",\"inLanguage\":\"sv-SE\",\"@id\":\"https:\/\/jak.fi\/sv\/produkter\/tillbehor-for-energiklippar\/hydraulsystem-eboost\/#primaryimage\",\"url\":\"https:\/\/jak.fi\/wp-content\/uploads\/2024\/05\/eboost-hydraulic-system-blue-web-01.png\",\"contentUrl\":\"https:\/\/jak.fi\/wp-content\/uploads\/2024\/05\/eboost-hydraulic-system-blue-web-01.png\",\"width\":1000,\"height\":667,\"caption\":\"Hydraulsystem eBoost - ett kraftfullt och energieffektivt tillbeh\u00f6r f\u00f6r att f\u00f6rb\u00e4ttra prestandan hos gr\u00e4vmaskiner och gr\u00e4vmaskiner f\u00f6r energiskog\"},{\"@type\":\"BreadcrumbList\",\"@id\":\"https:\/\/jak.fi\/sv\/produkter\/tillbehor-for-energiklippar\/hydraulsystem-eboost\/#breadcrumb\",\"itemListElement\":[{\"@type\":\"ListItem\",\"position\":1,\"name\":\"Etusivu\",\"item\":\"https:\/\/jak.fi\/sv\/\"},{\"@type\":\"ListItem\",\"position\":2,\"name\":\"Produkter\",\"item\":\"https:\/\/jak.fi\/sv\/produkter\/\"},{\"@type\":\"ListItem\",\"position\":3,\"name\":\"Hydraulsystem eBoost\"}]},{\"@type\":\"WebSite\",\"@id\":\"https:\/\/jak.fi\/sv\/#website\",\"url\":\"https:\/\/jak.fi\/sv\/\",\"name\":\"JAK-Metalli Oy\",\"description\":\"\",\"publisher\":{\"@id\":\"https:\/\/jak.fi\/sv\/#organization\"},\"alternateName\":\"JAK Tree shears\",\"potentialAction\":[{\"@type\":\"SearchAction\",\"target\":{\"@type\":\"EntryPoint\",\"urlTemplate\":\"https:\/\/jak.fi\/sv\/?s={search_term_string}\"},\"query-input\":{\"@type\":\"PropertyValueSpecification\",\"valueRequired\":true,\"valueName\":\"search_term_string\"}}],\"inLanguage\":\"sv-SE\"},{\"@type\":\"Organization\",\"@id\":\"https:\/\/jak.fi\/sv\/#organization\",\"name\":\"JAK-Metalli Oy\",\"alternateName\":\"JAK Tree shears\",\"url\":\"https:\/\/jak.fi\/sv\/\",\"logo\":{\"@type\":\"ImageObject\",\"inLanguage\":\"sv-SE\",\"@id\":\"https:\/\/jak.fi\/sv\/#\/schema\/logo\/image\/\",\"url\":\"https:\/\/jak.fi\/wp-content\/uploads\/2024\/09\/JAK-logo-696x696-1.jpg\",\"contentUrl\":\"https:\/\/jak.fi\/wp-content\/uploads\/2024\/09\/JAK-logo-696x696-1.jpg\",\"width\":696,\"height\":696,\"caption\":\"JAK-Metalli Oy\"},\"image\":{\"@id\":\"https:\/\/jak.fi\/sv\/#\/schema\/logo\/image\/\"},\"sameAs\":[\"https:\/\/www.facebook.com\/jaktreeshears\",\"https:\/\/www.instagram.com\/jaktreeshears\/\",\"https:\/\/www.youtube.com\/channel\/UCAwvaVhBBkPie8MeAGbdY1w\"]}]}<\/script>\n<!-- \/ Yoast SEO plugin. -->","yoast_head_json":{"title":"Hydraulsystem eBoost &#8211; JAK-Metalli Oy","description":"Hydraulsystemet eBoost \u00f6kar energigriparens hastighet med upp till 100 % utan att minska effekten. Snabbare, kraftfullare och mer ekonomiskt.","robots":{"index":"index","follow":"follow","max-snippet":"max-snippet:-1","max-image-preview":"max-image-preview:large","max-video-preview":"max-video-preview:-1"},"canonical":"https:\/\/jak.fi\/sv\/produkter\/tillbehor-for-energiklippar\/hydraulsystem-eboost\/","og_locale":"sv_SE","og_type":"article","og_title":"Hydraulsystem eBoost &#8211; JAK-Metalli Oy","og_description":"Hydraulsystemet eBoost \u00f6kar energigriparens hastighet med upp till 100 % utan att minska effekten. Snabbare, kraftfullare och mer ekonomiskt.","og_url":"https:\/\/jak.fi\/sv\/produkter\/tillbehor-for-energiklippar\/hydraulsystem-eboost\/","og_site_name":"JAK-Metalli Oy","article_publisher":"https:\/\/www.facebook.com\/jaktreeshears","article_modified_time":"2026-02-11T06:52:00+00:00","og_image":[{"width":1000,"height":667,"url":"https:\/\/jak.fi\/wp-content\/uploads\/2024\/05\/eboost-hydraulic-system-blue-web-01.png","type":"image\/png"}],"twitter_card":"summary_large_image","twitter_misc":{"Ber\u00e4knad l\u00e4stid":"2 minut"},"schema":{"@context":"https:\/\/schema.org","@graph":[{"@type":"WebPage","@id":"https:\/\/jak.fi\/sv\/produkter\/tillbehor-for-energiklippar\/hydraulsystem-eboost\/","url":"https:\/\/jak.fi\/sv\/produkter\/tillbehor-for-energiklippar\/hydraulsystem-eboost\/","name":"Hydraulsystem eBoost &#8211; JAK-Metalli Oy","isPartOf":{"@id":"https:\/\/jak.fi\/sv\/#website"},"primaryImageOfPage":{"@id":"https:\/\/jak.fi\/sv\/produkter\/tillbehor-for-energiklippar\/hydraulsystem-eboost\/#primaryimage"},"image":{"@id":"https:\/\/jak.fi\/sv\/produkter\/tillbehor-for-energiklippar\/hydraulsystem-eboost\/#primaryimage"},"thumbnailUrl":"https:\/\/jak.fi\/wp-content\/uploads\/2024\/05\/eboost-hydraulic-system-blue-web-01.png","datePublished":"2024-05-28T07:12:49+00:00","dateModified":"2026-02-11T06:52:00+00:00","description":"Hydraulsystemet eBoost \u00f6kar energigriparens hastighet med upp till 100 % utan att minska effekten. Snabbare, kraftfullare och mer ekonomiskt.","breadcrumb":{"@id":"https:\/\/jak.fi\/sv\/produkter\/tillbehor-for-energiklippar\/hydraulsystem-eboost\/#breadcrumb"},"inLanguage":"sv-SE","potentialAction":[{"@type":"ReadAction","target":["https:\/\/jak.fi\/sv\/produkter\/tillbehor-for-energiklippar\/hydraulsystem-eboost\/"]}]},{"@type":"ImageObject","inLanguage":"sv-SE","@id":"https:\/\/jak.fi\/sv\/produkter\/tillbehor-for-energiklippar\/hydraulsystem-eboost\/#primaryimage","url":"https:\/\/jak.fi\/wp-content\/uploads\/2024\/05\/eboost-hydraulic-system-blue-web-01.png","contentUrl":"https:\/\/jak.fi\/wp-content\/uploads\/2024\/05\/eboost-hydraulic-system-blue-web-01.png","width":1000,"height":667,"caption":"Hydraulsystem eBoost - ett kraftfullt och energieffektivt tillbeh\u00f6r f\u00f6r att f\u00f6rb\u00e4ttra prestandan hos gr\u00e4vmaskiner och gr\u00e4vmaskiner f\u00f6r energiskog"},{"@type":"BreadcrumbList","@id":"https:\/\/jak.fi\/sv\/produkter\/tillbehor-for-energiklippar\/hydraulsystem-eboost\/#breadcrumb","itemListElement":[{"@type":"ListItem","position":1,"name":"Etusivu","item":"https:\/\/jak.fi\/sv\/"},{"@type":"ListItem","position":2,"name":"Produkter","item":"https:\/\/jak.fi\/sv\/produkter\/"},{"@type":"ListItem","position":3,"name":"Hydraulsystem eBoost"}]},{"@type":"WebSite","@id":"https:\/\/jak.fi\/sv\/#website","url":"https:\/\/jak.fi\/sv\/","name":"JAK-Metalli Oy","description":"","publisher":{"@id":"https:\/\/jak.fi\/sv\/#organization"},"alternateName":"JAK Tree shears","potentialAction":[{"@type":"SearchAction","target":{"@type":"EntryPoint","urlTemplate":"https:\/\/jak.fi\/sv\/?s={search_term_string}"},"query-input":{"@type":"PropertyValueSpecification","valueRequired":true,"valueName":"search_term_string"}}],"inLanguage":"sv-SE"},{"@type":"Organization","@id":"https:\/\/jak.fi\/sv\/#organization","name":"JAK-Metalli Oy","alternateName":"JAK Tree shears","url":"https:\/\/jak.fi\/sv\/","logo":{"@type":"ImageObject","inLanguage":"sv-SE","@id":"https:\/\/jak.fi\/sv\/#\/schema\/logo\/image\/","url":"https:\/\/jak.fi\/wp-content\/uploads\/2024\/09\/JAK-logo-696x696-1.jpg","contentUrl":"https:\/\/jak.fi\/wp-content\/uploads\/2024\/09\/JAK-logo-696x696-1.jpg","width":696,"height":696,"caption":"JAK-Metalli Oy"},"image":{"@id":"https:\/\/jak.fi\/sv\/#\/schema\/logo\/image\/"},"sameAs":["https:\/\/www.facebook.com\/jaktreeshears","https:\/\/www.instagram.com\/jaktreeshears\/","https:\/\/www.youtube.com\/channel\/UCAwvaVhBBkPie8MeAGbdY1w"]}]}},"_links":{"self":[{"href":"https:\/\/jak.fi\/sv\/wp-json\/wp\/v2\/product\/5751","targetHints":{"allow":["GET"]}}],"collection":[{"href":"https:\/\/jak.fi\/sv\/wp-json\/wp\/v2\/product"}],"about":[{"href":"https:\/\/jak.fi\/sv\/wp-json\/wp\/v2\/types\/product"}],"wp:featuredmedia":[{"embeddable":true,"href":"https:\/\/jak.fi\/sv\/wp-json\/wp\/v2\/media\/7658"}],"wp:attachment":[{"href":"https:\/\/jak.fi\/sv\/wp-json\/wp\/v2\/media?parent=5751"}],"wp:term":[{"taxonomy":"product_brand","embeddable":true,"href":"https:\/\/jak.fi\/sv\/wp-json\/wp\/v2\/product_brand?post=5751"},{"taxonomy":"product_cat","embeddable":true,"href":"https:\/\/jak.fi\/sv\/wp-json\/wp\/v2\/product_cat?post=5751"},{"taxonomy":"product_tag","embeddable":true,"href":"https:\/\/jak.fi\/sv\/wp-json\/wp\/v2\/product_tag?post=5751"}],"curies":[{"name":"wp","href":"https:\/\/api.w.org\/{rel}","templated":true}]}}