{"id":5858,"date":"2024-05-28T13:49:30","date_gmt":"2024-05-28T10:49:30","guid":{"rendered":"https:\/\/jak.fi\/products\/okategoriserad\/jak-200k-gen4-energigripare\/"},"modified":"2025-09-02T15:35:27","modified_gmt":"2025-09-02T12:35:27","slug":"jak-200k-gen4-energiklipp","status":"publish","type":"product","link":"https:\/\/jak.fi\/sv\/produkter\/energiklipp-for-traktorer-och-skogsmaskiner\/jak-200k-gen4-energiklipp\/","title":{"rendered":"JAK-200K Energiklipp GEN4"},"content":{"rendered":"<h2>JAK-200K Energiklipp GEN4 f\u00f6r timmerlastare och sm\u00e5 traktorer &#8211; Kraftfull, h\u00e5llbar och s\u00e4ker f\u00f6r kapning av stockar upp till 200 mm tjocka<\/h2>\n<p>JAK-200K energiklipp GEN4 \u00e4r ett kraftfullt tv\u00e5cylindrigt energiklipp som \u00e4r utformat f\u00f6r professionell anv\u00e4ndning p\u00e5 timmerlastare och sm\u00e5 traktorer. JAK-200K GEN4 \u00e4r utvecklad f\u00f6r kr\u00e4vande anv\u00e4ndning och kapar effektivt tr\u00e4dstammar med en tjocklek p\u00e5 upp till 200 mm, s\u00e5 att olika gallrings- och r\u00f6jningsarbeten kan utf\u00f6ras exakt och effektivt.<\/p>\n<p>Energiklippens starka k\u00e4ftar och h\u00f6ga profil ger ett fast och obevekligt grepp om tr\u00e4et, vilket g\u00f6r tr\u00e4hanteringen enkel och s\u00e4ker. Den breda 600 mm-\u00f6ppningen p\u00e5 JAK-200K g\u00f6r det ocks\u00e5 enkelt att kapa flera tr\u00e4d samtidigt.<\/p>\n<p>JAK-200K GEN4 drivs av ett enda dubbelverkande hydraulsystem och kan installeras som s\u00e5dant i st\u00e4llet f\u00f6r en vanlig timmergrip. Sk\u00e4rbladet kan tas bort vid behov, vilket g\u00f6r att gripen kan anv\u00e4ndas som en vedgrip.<\/p>\n<p>Vi anv\u00e4nder slitstarkt Hardox\u00ae-st\u00e5l med h\u00f6g h\u00e5llfasthetsklassning. Hemmam\u00e4ssigheten och anv\u00e4ndningen av material av h\u00f6gsta kvalitet bidrar ocks\u00e5 till en struktur och tillf\u00f6rlitlighet som klarar de tuffaste situationerna och f\u00f6rh\u00e5llandena.<\/p>\n","protected":false},"excerpt":{"rendered":"<ul>\n<li>Tillverkad av Hardox\u00ae slitstarkt st\u00e5l<\/li>\n<li>H\u00f6g och h\u00e5llbar konstruktion<\/li>\n<li>Inget behov av elektricitet<\/li>\n<li>CE-godk\u00e4nd<\/li>\n<li>Tillverkad i Finland<\/li>\n<li>L\u00f6stagbart blad<\/li>\n<\/ul>\n","protected":false},"featured_media":5860,"template":"","meta":{"_acf_changed":false},"product_brand":[],"product_cat":[609],"product_tag":[],"class_list":{"0":"post-5858","1":"product","2":"type-product","3":"status-publish","4":"has-post-thumbnail","6":"product_cat-energiklipp-for-traktorer-och-skogsmaskiner","8":"first","9":"instock","10":"shipping-taxable","11":"product-type-simple"},"acf":[],"yoast_head":"<!-- This site is optimized with the Yoast SEO plugin v27.3 - https:\/\/yoast.com\/product\/yoast-seo-wordpress\/ -->\n<title>JAK-200K Energiklipp GEN4 &#8211; JAK-Metalli Oy<\/title>\n<meta name=\"description\" content=\"JAK-200K GEN4 \u00e4r ett tv\u00e5cylindrigt energiklipp f\u00f6r anv\u00e4ndning p\u00e5 timmerlastare och sm\u00e5 traktorer.\" \/>\n<meta name=\"robots\" content=\"index, follow, max-snippet:-1, max-image-preview:large, max-video-preview:-1\" \/>\n<link rel=\"canonical\" href=\"https:\/\/jak.fi\/sv\/produkter\/energiklipp-for-traktorer-och-skogsmaskiner\/jak-200k-gen4-energiklipp\/\" \/>\n<meta property=\"og:locale\" content=\"sv_SE\" \/>\n<meta property=\"og:type\" content=\"article\" \/>\n<meta property=\"og:title\" content=\"JAK-200K Energiklipp GEN4 &#8211; JAK-Metalli Oy\" \/>\n<meta property=\"og:description\" content=\"JAK-200K GEN4 \u00e4r ett tv\u00e5cylindrigt energiklipp f\u00f6r anv\u00e4ndning p\u00e5 timmerlastare och sm\u00e5 traktorer.\" \/>\n<meta property=\"og:url\" content=\"https:\/\/jak.fi\/sv\/produkter\/energiklipp-for-traktorer-och-skogsmaskiner\/jak-200k-gen4-energiklipp\/\" \/>\n<meta property=\"og:site_name\" content=\"JAK-Metalli Oy\" \/>\n<meta property=\"article:publisher\" content=\"https:\/\/www.facebook.com\/jaktreeshears\" \/>\n<meta property=\"article:modified_time\" content=\"2025-09-02T12:35:27+00:00\" \/>\n<meta property=\"og:image\" content=\"https:\/\/jak.fi\/wp-content\/uploads\/2024\/05\/jak-200k-4-1.png\" \/>\n\t<meta property=\"og:image:width\" content=\"1000\" \/>\n\t<meta property=\"og:image:height\" content=\"666\" \/>\n\t<meta property=\"og:image:type\" content=\"image\/png\" \/>\n<meta name=\"twitter:card\" content=\"summary_large_image\" \/>\n<meta name=\"twitter:label1\" content=\"Ber\u00e4knad l\u00e4stid\" \/>\n\t<meta name=\"twitter:data1\" content=\"2 minut\" \/>\n<script type=\"application\/ld+json\" class=\"yoast-schema-graph\">{\"@context\":\"https:\\\/\\\/schema.org\",\"@graph\":[{\"@type\":\"WebPage\",\"@id\":\"https:\\\/\\\/jak.fi\\\/sv\\\/produkter\\\/energiklipp-for-traktorer-och-skogsmaskiner\\\/jak-200k-gen4-energiklipp\\\/\",\"url\":\"https:\\\/\\\/jak.fi\\\/sv\\\/produkter\\\/energiklipp-for-traktorer-och-skogsmaskiner\\\/jak-200k-gen4-energiklipp\\\/\",\"name\":\"JAK-200K Energiklipp GEN4 &#8211; JAK-Metalli Oy\",\"isPartOf\":{\"@id\":\"https:\\\/\\\/jak.fi\\\/sv\\\/#website\"},\"primaryImageOfPage\":{\"@id\":\"https:\\\/\\\/jak.fi\\\/sv\\\/produkter\\\/energiklipp-for-traktorer-och-skogsmaskiner\\\/jak-200k-gen4-energiklipp\\\/#primaryimage\"},\"image\":{\"@id\":\"https:\\\/\\\/jak.fi\\\/sv\\\/produkter\\\/energiklipp-for-traktorer-och-skogsmaskiner\\\/jak-200k-gen4-energiklipp\\\/#primaryimage\"},\"thumbnailUrl\":\"https:\\\/\\\/jak.fi\\\/wp-content\\\/uploads\\\/2024\\\/05\\\/jak-200k-4-1.png\",\"datePublished\":\"2024-05-28T10:49:30+00:00\",\"dateModified\":\"2025-09-02T12:35:27+00:00\",\"description\":\"JAK-200K GEN4 \u00e4r ett tv\u00e5cylindrigt energiklipp f\u00f6r anv\u00e4ndning p\u00e5 timmerlastare och sm\u00e5 traktorer.\",\"breadcrumb\":{\"@id\":\"https:\\\/\\\/jak.fi\\\/sv\\\/produkter\\\/energiklipp-for-traktorer-och-skogsmaskiner\\\/jak-200k-gen4-energiklipp\\\/#breadcrumb\"},\"inLanguage\":\"sv-SE\",\"potentialAction\":[{\"@type\":\"ReadAction\",\"target\":[\"https:\\\/\\\/jak.fi\\\/sv\\\/produkter\\\/energiklipp-for-traktorer-och-skogsmaskiner\\\/jak-200k-gen4-energiklipp\\\/\"]}]},{\"@type\":\"ImageObject\",\"inLanguage\":\"sv-SE\",\"@id\":\"https:\\\/\\\/jak.fi\\\/sv\\\/produkter\\\/energiklipp-for-traktorer-och-skogsmaskiner\\\/jak-200k-gen4-energiklipp\\\/#primaryimage\",\"url\":\"https:\\\/\\\/jak.fi\\\/wp-content\\\/uploads\\\/2024\\\/05\\\/jak-200k-4-1.png\",\"contentUrl\":\"https:\\\/\\\/jak.fi\\\/wp-content\\\/uploads\\\/2024\\\/05\\\/jak-200k-4-1.png\",\"width\":1000,\"height\":666},{\"@type\":\"BreadcrumbList\",\"@id\":\"https:\\\/\\\/jak.fi\\\/sv\\\/produkter\\\/energiklipp-for-traktorer-och-skogsmaskiner\\\/jak-200k-gen4-energiklipp\\\/#breadcrumb\",\"itemListElement\":[{\"@type\":\"ListItem\",\"position\":1,\"name\":\"Etusivu\",\"item\":\"https:\\\/\\\/jak.fi\\\/sv\\\/\"},{\"@type\":\"ListItem\",\"position\":2,\"name\":\"Produkter\",\"item\":\"https:\\\/\\\/jak.fi\\\/sv\\\/produkter\\\/\"},{\"@type\":\"ListItem\",\"position\":3,\"name\":\"JAK-200K Energiklipp GEN4\"}]},{\"@type\":\"WebSite\",\"@id\":\"https:\\\/\\\/jak.fi\\\/sv\\\/#website\",\"url\":\"https:\\\/\\\/jak.fi\\\/sv\\\/\",\"name\":\"JAK-Metalli Oy\",\"description\":\"\",\"publisher\":{\"@id\":\"https:\\\/\\\/jak.fi\\\/sv\\\/#organization\"},\"alternateName\":\"JAK Tree shears\",\"potentialAction\":[{\"@type\":\"SearchAction\",\"target\":{\"@type\":\"EntryPoint\",\"urlTemplate\":\"https:\\\/\\\/jak.fi\\\/sv\\\/?s={search_term_string}\"},\"query-input\":{\"@type\":\"PropertyValueSpecification\",\"valueRequired\":true,\"valueName\":\"search_term_string\"}}],\"inLanguage\":\"sv-SE\"},{\"@type\":\"Organization\",\"@id\":\"https:\\\/\\\/jak.fi\\\/sv\\\/#organization\",\"name\":\"JAK-Metalli Oy\",\"alternateName\":\"JAK Tree shears\",\"url\":\"https:\\\/\\\/jak.fi\\\/sv\\\/\",\"logo\":{\"@type\":\"ImageObject\",\"inLanguage\":\"sv-SE\",\"@id\":\"https:\\\/\\\/jak.fi\\\/sv\\\/#\\\/schema\\\/logo\\\/image\\\/\",\"url\":\"https:\\\/\\\/jak.fi\\\/wp-content\\\/uploads\\\/2024\\\/09\\\/JAK-logo-696x696-1.jpg\",\"contentUrl\":\"https:\\\/\\\/jak.fi\\\/wp-content\\\/uploads\\\/2024\\\/09\\\/JAK-logo-696x696-1.jpg\",\"width\":696,\"height\":696,\"caption\":\"JAK-Metalli Oy\"},\"image\":{\"@id\":\"https:\\\/\\\/jak.fi\\\/sv\\\/#\\\/schema\\\/logo\\\/image\\\/\"},\"sameAs\":[\"https:\\\/\\\/www.facebook.com\\\/jaktreeshears\",\"https:\\\/\\\/www.instagram.com\\\/jaktreeshears\\\/\",\"https:\\\/\\\/www.youtube.com\\\/channel\\\/UCAwvaVhBBkPie8MeAGbdY1w\"]}]}<\/script>\n<!-- \/ Yoast SEO plugin. -->","yoast_head_json":{"title":"JAK-200K Energiklipp GEN4 &#8211; JAK-Metalli Oy","description":"JAK-200K GEN4 \u00e4r ett tv\u00e5cylindrigt energiklipp f\u00f6r anv\u00e4ndning p\u00e5 timmerlastare och sm\u00e5 traktorer.","robots":{"index":"index","follow":"follow","max-snippet":"max-snippet:-1","max-image-preview":"max-image-preview:large","max-video-preview":"max-video-preview:-1"},"canonical":"https:\/\/jak.fi\/sv\/produkter\/energiklipp-for-traktorer-och-skogsmaskiner\/jak-200k-gen4-energiklipp\/","og_locale":"sv_SE","og_type":"article","og_title":"JAK-200K Energiklipp GEN4 &#8211; JAK-Metalli Oy","og_description":"JAK-200K GEN4 \u00e4r ett tv\u00e5cylindrigt energiklipp f\u00f6r anv\u00e4ndning p\u00e5 timmerlastare och sm\u00e5 traktorer.","og_url":"https:\/\/jak.fi\/sv\/produkter\/energiklipp-for-traktorer-och-skogsmaskiner\/jak-200k-gen4-energiklipp\/","og_site_name":"JAK-Metalli Oy","article_publisher":"https:\/\/www.facebook.com\/jaktreeshears","article_modified_time":"2025-09-02T12:35:27+00:00","og_image":[{"width":1000,"height":666,"url":"https:\/\/jak.fi\/wp-content\/uploads\/2024\/05\/jak-200k-4-1.png","type":"image\/png"}],"twitter_card":"summary_large_image","twitter_misc":{"Ber\u00e4knad l\u00e4stid":"2 minut"},"schema":{"@context":"https:\/\/schema.org","@graph":[{"@type":"WebPage","@id":"https:\/\/jak.fi\/sv\/produkter\/energiklipp-for-traktorer-och-skogsmaskiner\/jak-200k-gen4-energiklipp\/","url":"https:\/\/jak.fi\/sv\/produkter\/energiklipp-for-traktorer-och-skogsmaskiner\/jak-200k-gen4-energiklipp\/","name":"JAK-200K Energiklipp GEN4 &#8211; JAK-Metalli Oy","isPartOf":{"@id":"https:\/\/jak.fi\/sv\/#website"},"primaryImageOfPage":{"@id":"https:\/\/jak.fi\/sv\/produkter\/energiklipp-for-traktorer-och-skogsmaskiner\/jak-200k-gen4-energiklipp\/#primaryimage"},"image":{"@id":"https:\/\/jak.fi\/sv\/produkter\/energiklipp-for-traktorer-och-skogsmaskiner\/jak-200k-gen4-energiklipp\/#primaryimage"},"thumbnailUrl":"https:\/\/jak.fi\/wp-content\/uploads\/2024\/05\/jak-200k-4-1.png","datePublished":"2024-05-28T10:49:30+00:00","dateModified":"2025-09-02T12:35:27+00:00","description":"JAK-200K GEN4 \u00e4r ett tv\u00e5cylindrigt energiklipp f\u00f6r anv\u00e4ndning p\u00e5 timmerlastare och sm\u00e5 traktorer.","breadcrumb":{"@id":"https:\/\/jak.fi\/sv\/produkter\/energiklipp-for-traktorer-och-skogsmaskiner\/jak-200k-gen4-energiklipp\/#breadcrumb"},"inLanguage":"sv-SE","potentialAction":[{"@type":"ReadAction","target":["https:\/\/jak.fi\/sv\/produkter\/energiklipp-for-traktorer-och-skogsmaskiner\/jak-200k-gen4-energiklipp\/"]}]},{"@type":"ImageObject","inLanguage":"sv-SE","@id":"https:\/\/jak.fi\/sv\/produkter\/energiklipp-for-traktorer-och-skogsmaskiner\/jak-200k-gen4-energiklipp\/#primaryimage","url":"https:\/\/jak.fi\/wp-content\/uploads\/2024\/05\/jak-200k-4-1.png","contentUrl":"https:\/\/jak.fi\/wp-content\/uploads\/2024\/05\/jak-200k-4-1.png","width":1000,"height":666},{"@type":"BreadcrumbList","@id":"https:\/\/jak.fi\/sv\/produkter\/energiklipp-for-traktorer-och-skogsmaskiner\/jak-200k-gen4-energiklipp\/#breadcrumb","itemListElement":[{"@type":"ListItem","position":1,"name":"Etusivu","item":"https:\/\/jak.fi\/sv\/"},{"@type":"ListItem","position":2,"name":"Produkter","item":"https:\/\/jak.fi\/sv\/produkter\/"},{"@type":"ListItem","position":3,"name":"JAK-200K Energiklipp GEN4"}]},{"@type":"WebSite","@id":"https:\/\/jak.fi\/sv\/#website","url":"https:\/\/jak.fi\/sv\/","name":"JAK-Metalli Oy","description":"","publisher":{"@id":"https:\/\/jak.fi\/sv\/#organization"},"alternateName":"JAK Tree shears","potentialAction":[{"@type":"SearchAction","target":{"@type":"EntryPoint","urlTemplate":"https:\/\/jak.fi\/sv\/?s={search_term_string}"},"query-input":{"@type":"PropertyValueSpecification","valueRequired":true,"valueName":"search_term_string"}}],"inLanguage":"sv-SE"},{"@type":"Organization","@id":"https:\/\/jak.fi\/sv\/#organization","name":"JAK-Metalli Oy","alternateName":"JAK Tree shears","url":"https:\/\/jak.fi\/sv\/","logo":{"@type":"ImageObject","inLanguage":"sv-SE","@id":"https:\/\/jak.fi\/sv\/#\/schema\/logo\/image\/","url":"https:\/\/jak.fi\/wp-content\/uploads\/2024\/09\/JAK-logo-696x696-1.jpg","contentUrl":"https:\/\/jak.fi\/wp-content\/uploads\/2024\/09\/JAK-logo-696x696-1.jpg","width":696,"height":696,"caption":"JAK-Metalli Oy"},"image":{"@id":"https:\/\/jak.fi\/sv\/#\/schema\/logo\/image\/"},"sameAs":["https:\/\/www.facebook.com\/jaktreeshears","https:\/\/www.instagram.com\/jaktreeshears\/","https:\/\/www.youtube.com\/channel\/UCAwvaVhBBkPie8MeAGbdY1w"]}]}},"_links":{"self":[{"href":"https:\/\/jak.fi\/sv\/wp-json\/wp\/v2\/product\/5858","targetHints":{"allow":["GET"]}}],"collection":[{"href":"https:\/\/jak.fi\/sv\/wp-json\/wp\/v2\/product"}],"about":[{"href":"https:\/\/jak.fi\/sv\/wp-json\/wp\/v2\/types\/product"}],"wp:featuredmedia":[{"embeddable":true,"href":"https:\/\/jak.fi\/sv\/wp-json\/wp\/v2\/media\/5860"}],"wp:attachment":[{"href":"https:\/\/jak.fi\/sv\/wp-json\/wp\/v2\/media?parent=5858"}],"wp:term":[{"taxonomy":"product_brand","embeddable":true,"href":"https:\/\/jak.fi\/sv\/wp-json\/wp\/v2\/product_brand?post=5858"},{"taxonomy":"product_cat","embeddable":true,"href":"https:\/\/jak.fi\/sv\/wp-json\/wp\/v2\/product_cat?post=5858"},{"taxonomy":"product_tag","embeddable":true,"href":"https:\/\/jak.fi\/sv\/wp-json\/wp\/v2\/product_tag?post=5858"}],"curies":[{"name":"wp","href":"https:\/\/api.w.org\/{rel}","templated":true}]}}