{"id":5896,"date":"2024-05-28T10:10:49","date_gmt":"2024-05-28T07:10:49","guid":{"rendered":"https:\/\/jak.fi\/products\/okategoriserad\/hal-c-serie\/"},"modified":"2025-04-11T15:50:05","modified_gmt":"2025-04-11T12:50:05","slug":"hal-c-serie","status":"publish","type":"product","link":"https:\/\/jak.fi\/sv\/produkter\/tillbehor-for-energiklippar\/hal-c-serie\/","title":{"rendered":"H\u00e4l C-serie"},"content":{"rendered":"<p>H\u00e4len \u00e4r ett tillbeh\u00f6r som anv\u00e4nds som st\u00f6dpunkt, till exempel f\u00f6r att lyfta och flytta maskinen. Tillbeh\u00f6ret f\u00e4sts p\u00e5 baksidan av JAK Energiklipp, under f\u00e4stet. H\u00e4len anv\u00e4nds som st\u00f6dpunkt om exempelvis en gr\u00e4vmaskin beh\u00f6ver vridas genom att trycka maskinens bom mot marken.  <\/p>\n<p>Klacken g\u00f6r det l\u00e4ttare att man\u00f6vrera gripskopan och gr\u00e4vmaskinen tillsammans och \u00e4r ocks\u00e5 utformad f\u00f6r att skydda sj\u00e4lva gripskopan fr\u00e5n st\u00f6tar fr\u00e5n h\u00e5rd mark.<\/p>\n","protected":false},"excerpt":{"rendered":"<p>H\u00e4len \u00e4r ett tillbeh\u00f6r som anv\u00e4nds som st\u00f6dpunkt, till exempel f\u00f6r att lyfta och flytta maskinen. Tillbeh\u00f6ret f\u00e4sts p\u00e5 baksidan av JAK Energiklipp, under f\u00e4stet. H\u00e4len anv\u00e4nds som st\u00f6dpunkt om exempelvis en gr\u00e4vmaskin beh\u00f6ver vridas genom att trycka maskinens bom mot marken. Klacken g\u00f6r det l\u00e4ttare att man\u00f6vrera gripskopan och gr\u00e4vmaskinen tillsammans och \u00e4r ocks\u00e5 [&hellip;]<\/p>\n","protected":false},"featured_media":5898,"template":"","meta":{"_acf_changed":false},"product_brand":[],"product_cat":[603],"product_tag":[],"class_list":{"0":"post-5896","1":"product","2":"type-product","3":"status-publish","4":"has-post-thumbnail","6":"product_cat-tillbehor-for-energiklippar","8":"first","9":"instock","10":"shipping-taxable","11":"product-type-simple"},"acf":[],"yoast_head":"<!-- This site is optimized with the Yoast SEO plugin v27.2 - https:\/\/yoast.com\/product\/yoast-seo-wordpress\/ -->\n<title>H\u00e4l C-serie &#8211; JAK-Metalli Oy<\/title>\n<meta name=\"description\" content=\"Klacken f\u00f6rb\u00e4ttrar samspelet mellan energiklippet och gr\u00e4vmaskinen och skyddar klippet fr\u00e5n skador som orsakas av h\u00e5rd mark.\" \/>\n<meta name=\"robots\" content=\"index, follow, max-snippet:-1, max-image-preview:large, max-video-preview:-1\" \/>\n<link rel=\"canonical\" href=\"https:\/\/jak.fi\/sv\/produkter\/tillbehor-for-energiklippar\/hal-c-serie\/\" \/>\n<meta property=\"og:locale\" content=\"sv_SE\" \/>\n<meta property=\"og:type\" content=\"article\" \/>\n<meta property=\"og:title\" content=\"H\u00e4l C-serie &#8211; JAK-Metalli Oy\" \/>\n<meta property=\"og:description\" content=\"Klacken f\u00f6rb\u00e4ttrar samspelet mellan energiklippet och gr\u00e4vmaskinen och skyddar klippet fr\u00e5n skador som orsakas av h\u00e5rd mark.\" \/>\n<meta property=\"og:url\" content=\"https:\/\/jak.fi\/sv\/produkter\/tillbehor-for-energiklippar\/hal-c-serie\/\" \/>\n<meta property=\"og:site_name\" content=\"JAK-Metalli Oy\" \/>\n<meta property=\"article:publisher\" content=\"https:\/\/www.facebook.com\/jaktreeshears\" \/>\n<meta property=\"article:modified_time\" content=\"2025-04-11T12:50:05+00:00\" \/>\n<meta property=\"og:image\" content=\"https:\/\/jak.fi\/wp-content\/uploads\/2024\/05\/220C-foot.png\" \/>\n\t<meta property=\"og:image:width\" content=\"1000\" \/>\n\t<meta property=\"og:image:height\" content=\"806\" \/>\n\t<meta property=\"og:image:type\" content=\"image\/png\" \/>\n<meta name=\"twitter:card\" content=\"summary_large_image\" \/>\n<meta name=\"twitter:label1\" content=\"Ber\u00e4knad l\u00e4stid\" \/>\n\t<meta name=\"twitter:data1\" content=\"1 minut\" \/>\n<script type=\"application\/ld+json\" class=\"yoast-schema-graph\">{\"@context\":\"https:\/\/schema.org\",\"@graph\":[{\"@type\":\"WebPage\",\"@id\":\"https:\/\/jak.fi\/sv\/produkter\/tillbehor-for-energiklippar\/hal-c-serie\/\",\"url\":\"https:\/\/jak.fi\/sv\/produkter\/tillbehor-for-energiklippar\/hal-c-serie\/\",\"name\":\"H\u00e4l C-serie &#8211; JAK-Metalli Oy\",\"isPartOf\":{\"@id\":\"https:\/\/jak.fi\/sv\/#website\"},\"primaryImageOfPage\":{\"@id\":\"https:\/\/jak.fi\/sv\/produkter\/tillbehor-for-energiklippar\/hal-c-serie\/#primaryimage\"},\"image\":{\"@id\":\"https:\/\/jak.fi\/sv\/produkter\/tillbehor-for-energiklippar\/hal-c-serie\/#primaryimage\"},\"thumbnailUrl\":\"https:\/\/jak.fi\/wp-content\/uploads\/2024\/05\/220C-foot.png\",\"datePublished\":\"2024-05-28T07:10:49+00:00\",\"dateModified\":\"2025-04-11T12:50:05+00:00\",\"description\":\"Klacken f\u00f6rb\u00e4ttrar samspelet mellan energiklippet och gr\u00e4vmaskinen och skyddar klippet fr\u00e5n skador som orsakas av h\u00e5rd mark.\",\"breadcrumb\":{\"@id\":\"https:\/\/jak.fi\/sv\/produkter\/tillbehor-for-energiklippar\/hal-c-serie\/#breadcrumb\"},\"inLanguage\":\"sv-SE\",\"potentialAction\":[{\"@type\":\"ReadAction\",\"target\":[\"https:\/\/jak.fi\/sv\/produkter\/tillbehor-for-energiklippar\/hal-c-serie\/\"]}]},{\"@type\":\"ImageObject\",\"inLanguage\":\"sv-SE\",\"@id\":\"https:\/\/jak.fi\/sv\/produkter\/tillbehor-for-energiklippar\/hal-c-serie\/#primaryimage\",\"url\":\"https:\/\/jak.fi\/wp-content\/uploads\/2024\/05\/220C-foot.png\",\"contentUrl\":\"https:\/\/jak.fi\/wp-content\/uploads\/2024\/05\/220C-foot.png\",\"width\":1000,\"height\":806,\"caption\":\"H\u00e4len f\u00f6r C-seriens energiklipp skyddar energiklippet i utmanande terr\u00e4ng.\"},{\"@type\":\"BreadcrumbList\",\"@id\":\"https:\/\/jak.fi\/sv\/produkter\/tillbehor-for-energiklippar\/hal-c-serie\/#breadcrumb\",\"itemListElement\":[{\"@type\":\"ListItem\",\"position\":1,\"name\":\"Etusivu\",\"item\":\"https:\/\/jak.fi\/sv\/\"},{\"@type\":\"ListItem\",\"position\":2,\"name\":\"Produkter\",\"item\":\"https:\/\/jak.fi\/sv\/produkter\/\"},{\"@type\":\"ListItem\",\"position\":3,\"name\":\"H\u00e4l C-serie\"}]},{\"@type\":\"WebSite\",\"@id\":\"https:\/\/jak.fi\/sv\/#website\",\"url\":\"https:\/\/jak.fi\/sv\/\",\"name\":\"JAK-Metalli Oy\",\"description\":\"\",\"publisher\":{\"@id\":\"https:\/\/jak.fi\/sv\/#organization\"},\"alternateName\":\"JAK Tree shears\",\"potentialAction\":[{\"@type\":\"SearchAction\",\"target\":{\"@type\":\"EntryPoint\",\"urlTemplate\":\"https:\/\/jak.fi\/sv\/?s={search_term_string}\"},\"query-input\":{\"@type\":\"PropertyValueSpecification\",\"valueRequired\":true,\"valueName\":\"search_term_string\"}}],\"inLanguage\":\"sv-SE\"},{\"@type\":\"Organization\",\"@id\":\"https:\/\/jak.fi\/sv\/#organization\",\"name\":\"JAK-Metalli Oy\",\"alternateName\":\"JAK Tree shears\",\"url\":\"https:\/\/jak.fi\/sv\/\",\"logo\":{\"@type\":\"ImageObject\",\"inLanguage\":\"sv-SE\",\"@id\":\"https:\/\/jak.fi\/sv\/#\/schema\/logo\/image\/\",\"url\":\"https:\/\/jak.fi\/wp-content\/uploads\/2024\/09\/JAK-logo-696x696-1.jpg\",\"contentUrl\":\"https:\/\/jak.fi\/wp-content\/uploads\/2024\/09\/JAK-logo-696x696-1.jpg\",\"width\":696,\"height\":696,\"caption\":\"JAK-Metalli Oy\"},\"image\":{\"@id\":\"https:\/\/jak.fi\/sv\/#\/schema\/logo\/image\/\"},\"sameAs\":[\"https:\/\/www.facebook.com\/jaktreeshears\",\"https:\/\/www.instagram.com\/jaktreeshears\/\",\"https:\/\/www.youtube.com\/channel\/UCAwvaVhBBkPie8MeAGbdY1w\"]}]}<\/script>\n<!-- \/ Yoast SEO plugin. -->","yoast_head_json":{"title":"H\u00e4l C-serie &#8211; JAK-Metalli Oy","description":"Klacken f\u00f6rb\u00e4ttrar samspelet mellan energiklippet och gr\u00e4vmaskinen och skyddar klippet fr\u00e5n skador som orsakas av h\u00e5rd mark.","robots":{"index":"index","follow":"follow","max-snippet":"max-snippet:-1","max-image-preview":"max-image-preview:large","max-video-preview":"max-video-preview:-1"},"canonical":"https:\/\/jak.fi\/sv\/produkter\/tillbehor-for-energiklippar\/hal-c-serie\/","og_locale":"sv_SE","og_type":"article","og_title":"H\u00e4l C-serie &#8211; JAK-Metalli Oy","og_description":"Klacken f\u00f6rb\u00e4ttrar samspelet mellan energiklippet och gr\u00e4vmaskinen och skyddar klippet fr\u00e5n skador som orsakas av h\u00e5rd mark.","og_url":"https:\/\/jak.fi\/sv\/produkter\/tillbehor-for-energiklippar\/hal-c-serie\/","og_site_name":"JAK-Metalli Oy","article_publisher":"https:\/\/www.facebook.com\/jaktreeshears","article_modified_time":"2025-04-11T12:50:05+00:00","og_image":[{"width":1000,"height":806,"url":"https:\/\/jak.fi\/wp-content\/uploads\/2024\/05\/220C-foot.png","type":"image\/png"}],"twitter_card":"summary_large_image","twitter_misc":{"Ber\u00e4knad l\u00e4stid":"1 minut"},"schema":{"@context":"https:\/\/schema.org","@graph":[{"@type":"WebPage","@id":"https:\/\/jak.fi\/sv\/produkter\/tillbehor-for-energiklippar\/hal-c-serie\/","url":"https:\/\/jak.fi\/sv\/produkter\/tillbehor-for-energiklippar\/hal-c-serie\/","name":"H\u00e4l C-serie &#8211; JAK-Metalli Oy","isPartOf":{"@id":"https:\/\/jak.fi\/sv\/#website"},"primaryImageOfPage":{"@id":"https:\/\/jak.fi\/sv\/produkter\/tillbehor-for-energiklippar\/hal-c-serie\/#primaryimage"},"image":{"@id":"https:\/\/jak.fi\/sv\/produkter\/tillbehor-for-energiklippar\/hal-c-serie\/#primaryimage"},"thumbnailUrl":"https:\/\/jak.fi\/wp-content\/uploads\/2024\/05\/220C-foot.png","datePublished":"2024-05-28T07:10:49+00:00","dateModified":"2025-04-11T12:50:05+00:00","description":"Klacken f\u00f6rb\u00e4ttrar samspelet mellan energiklippet och gr\u00e4vmaskinen och skyddar klippet fr\u00e5n skador som orsakas av h\u00e5rd mark.","breadcrumb":{"@id":"https:\/\/jak.fi\/sv\/produkter\/tillbehor-for-energiklippar\/hal-c-serie\/#breadcrumb"},"inLanguage":"sv-SE","potentialAction":[{"@type":"ReadAction","target":["https:\/\/jak.fi\/sv\/produkter\/tillbehor-for-energiklippar\/hal-c-serie\/"]}]},{"@type":"ImageObject","inLanguage":"sv-SE","@id":"https:\/\/jak.fi\/sv\/produkter\/tillbehor-for-energiklippar\/hal-c-serie\/#primaryimage","url":"https:\/\/jak.fi\/wp-content\/uploads\/2024\/05\/220C-foot.png","contentUrl":"https:\/\/jak.fi\/wp-content\/uploads\/2024\/05\/220C-foot.png","width":1000,"height":806,"caption":"H\u00e4len f\u00f6r C-seriens energiklipp skyddar energiklippet i utmanande terr\u00e4ng."},{"@type":"BreadcrumbList","@id":"https:\/\/jak.fi\/sv\/produkter\/tillbehor-for-energiklippar\/hal-c-serie\/#breadcrumb","itemListElement":[{"@type":"ListItem","position":1,"name":"Etusivu","item":"https:\/\/jak.fi\/sv\/"},{"@type":"ListItem","position":2,"name":"Produkter","item":"https:\/\/jak.fi\/sv\/produkter\/"},{"@type":"ListItem","position":3,"name":"H\u00e4l C-serie"}]},{"@type":"WebSite","@id":"https:\/\/jak.fi\/sv\/#website","url":"https:\/\/jak.fi\/sv\/","name":"JAK-Metalli Oy","description":"","publisher":{"@id":"https:\/\/jak.fi\/sv\/#organization"},"alternateName":"JAK Tree shears","potentialAction":[{"@type":"SearchAction","target":{"@type":"EntryPoint","urlTemplate":"https:\/\/jak.fi\/sv\/?s={search_term_string}"},"query-input":{"@type":"PropertyValueSpecification","valueRequired":true,"valueName":"search_term_string"}}],"inLanguage":"sv-SE"},{"@type":"Organization","@id":"https:\/\/jak.fi\/sv\/#organization","name":"JAK-Metalli Oy","alternateName":"JAK Tree shears","url":"https:\/\/jak.fi\/sv\/","logo":{"@type":"ImageObject","inLanguage":"sv-SE","@id":"https:\/\/jak.fi\/sv\/#\/schema\/logo\/image\/","url":"https:\/\/jak.fi\/wp-content\/uploads\/2024\/09\/JAK-logo-696x696-1.jpg","contentUrl":"https:\/\/jak.fi\/wp-content\/uploads\/2024\/09\/JAK-logo-696x696-1.jpg","width":696,"height":696,"caption":"JAK-Metalli Oy"},"image":{"@id":"https:\/\/jak.fi\/sv\/#\/schema\/logo\/image\/"},"sameAs":["https:\/\/www.facebook.com\/jaktreeshears","https:\/\/www.instagram.com\/jaktreeshears\/","https:\/\/www.youtube.com\/channel\/UCAwvaVhBBkPie8MeAGbdY1w"]}]}},"_links":{"self":[{"href":"https:\/\/jak.fi\/sv\/wp-json\/wp\/v2\/product\/5896","targetHints":{"allow":["GET"]}}],"collection":[{"href":"https:\/\/jak.fi\/sv\/wp-json\/wp\/v2\/product"}],"about":[{"href":"https:\/\/jak.fi\/sv\/wp-json\/wp\/v2\/types\/product"}],"wp:featuredmedia":[{"embeddable":true,"href":"https:\/\/jak.fi\/sv\/wp-json\/wp\/v2\/media\/5898"}],"wp:attachment":[{"href":"https:\/\/jak.fi\/sv\/wp-json\/wp\/v2\/media?parent=5896"}],"wp:term":[{"taxonomy":"product_brand","embeddable":true,"href":"https:\/\/jak.fi\/sv\/wp-json\/wp\/v2\/product_brand?post=5896"},{"taxonomy":"product_cat","embeddable":true,"href":"https:\/\/jak.fi\/sv\/wp-json\/wp\/v2\/product_cat?post=5896"},{"taxonomy":"product_tag","embeddable":true,"href":"https:\/\/jak.fi\/sv\/wp-json\/wp\/v2\/product_tag?post=5896"}],"curies":[{"name":"wp","href":"https:\/\/api.w.org\/{rel}","templated":true}]}}