{"id":5897,"date":"2024-06-03T08:38:49","date_gmt":"2024-06-03T05:38:49","guid":{"rendered":"https:\/\/jak.fi\/products\/okategoriserad\/jak-250b-gen4-energigrepp-for-gravmaskin\/"},"modified":"2025-08-19T15:38:41","modified_gmt":"2025-08-19T12:38:41","slug":"jak-250b-gen4-energiklipp-for-gravmaskin","status":"publish","type":"product","link":"https:\/\/jak.fi\/sv\/produkter\/energiklipp-for-gravmaskiner\/jak-250b-gen4-energiklipp-for-gravmaskin\/","title":{"rendered":"JAK-250B Energiklipp f\u00f6r gr\u00e4vmaskin 5-12t"},"content":{"rendered":"<h2><strong>Energiklippet JAK-250B f\u00f6r gr\u00e4vmaskiner kan utrustas med eBoost-hydraulsystem!<\/strong><\/h2>\n<p>Energiklippet JAK-250B GEN4 f\u00f6r gr\u00e4vmaskiner \u00e4r en kompakt, snabb och effektiv l\u00f6sning f\u00f6r gr\u00e4vmaskiner p\u00e5 5-12 ton (11000-26455 lbs). Denna h\u00f6gpresterande grip \u00e4r konstruerad f\u00f6r att leverera enast\u00e5ende prestanda under alla arbetsf\u00f6rh\u00e5llanden. Hydraulsystemet eBoost (tillval) ger upp till 100 % h\u00f6gre hastighet utan att kompromissa med effekten, vilket g\u00f6r JAK-250B GEN4 till ett \u00e4nnu mer effektivt och produktivt verktyg.  <\/p>\n<p>Tack vare det uppdaterade chassit har antalet tillbeh\u00f6r \u00f6kat avsev\u00e4rt. Den modellskyddade dubbelk\u00e4ftskonstruktionen ger ett stabilt och s\u00e4kert grepp om tr\u00e4dstammen. Med den h\u00e4r energiklippen kan du enkelt r\u00f6ja tr\u00e4d som \u00e4r upp till 250 mm tjocka. Tack vare det l\u00f6stagbara bladet kan du ocks\u00e5 anv\u00e4nda JAK-250B som en vanlig tr\u00e4dgrip.   <\/p>\n<p>Vi anv\u00e4nder slitstarkt Hardox\u00ae-st\u00e5l f\u00f6r h\u00e5llbarhet och tillf\u00f6rlitlighet i alla situationer och under alla f\u00f6rh\u00e5llanden. Hemtrevnad och kvalitetsmaterial \u00e4r grunden f\u00f6r energiklippet JAK-250B. <\/p>\n<div class=\"wp-block-button\"><a class=\"wp-block-button__link has-text-align-center wp-element-button\" href=\"https:\/\/jak.fi\/sv\/gen4-jak-energy-grips-nya-uppdateringar-och-forbattrad-prestanda\/\" target=\"_blank\" rel=\"noopener\">L\u00e4s mer om GEN4-uppdateringar<\/a><\/div>\n<p>&nbsp;<\/p>\n<p><strong>Klipp<\/strong><\/p>\n<p>De vanligaste gr\u00e4vmaskinstillbeh\u00f6ren<\/p>\n<p>P\u00e5 beg\u00e4ran beroende p\u00e5 vilken typ av maskin som best\u00e4lls av kunden<\/p>\n","protected":false},"excerpt":{"rendered":"<ul>\n<li>Tillg\u00e4nglig med eBoost-hydraulsystem<\/li>\n<li>Tillg\u00e4nglig med en valfri hydraulledning<\/li>\n<li>Tillverkad av Hardox\u00ae slitstarkt st\u00e5l<\/li>\n<li>CE-godk\u00e4nd<\/li>\n<li>Tillverkad i Finland<\/li>\n<li>L\u00f6stagbart blad<\/li>\n<\/ul>\n","protected":false},"featured_media":10228,"template":"","meta":{"_acf_changed":false},"product_brand":[],"product_cat":[610],"product_tag":[],"class_list":{"0":"post-5897","1":"product","2":"type-product","3":"status-publish","4":"has-post-thumbnail","6":"product_cat-energiklipp-for-gravmaskiner","8":"first","9":"instock","10":"shipping-taxable","11":"product-type-simple"},"acf":[],"yoast_head":"<!-- This site is optimized with the Yoast SEO plugin v27.2 - https:\/\/yoast.com\/product\/yoast-seo-wordpress\/ -->\n<title>JAK-250B Energiklipp f\u00f6r gr\u00e4vmaskin 5-12t &#8211; JAK-Metalli Oy<\/title>\n<meta name=\"description\" content=\"JAK-250B GEN4 \u00e4r ett snabbt, kompakt och effektivt energiklipp som \u00e4r utformat f\u00f6r anv\u00e4ndning p\u00e5 gr\u00e4vmaskiner som v\u00e4ger mellan 5 och 12 ton.\" \/>\n<meta name=\"robots\" content=\"index, follow, max-snippet:-1, max-image-preview:large, max-video-preview:-1\" \/>\n<link rel=\"canonical\" href=\"https:\/\/jak.fi\/sv\/produkter\/energiklipp-for-gravmaskiner\/jak-250b-gen4-energiklipp-for-gravmaskin\/\" \/>\n<meta property=\"og:locale\" content=\"sv_SE\" \/>\n<meta property=\"og:type\" content=\"article\" \/>\n<meta property=\"og:title\" content=\"JAK-250B Energiklipp f\u00f6r gr\u00e4vmaskin 5-12t &#8211; JAK-Metalli Oy\" \/>\n<meta property=\"og:description\" content=\"JAK-250B GEN4 \u00e4r ett snabbt, kompakt och effektivt energiklipp som \u00e4r utformat f\u00f6r anv\u00e4ndning p\u00e5 gr\u00e4vmaskiner som v\u00e4ger mellan 5 och 12 ton.\" \/>\n<meta property=\"og:url\" content=\"https:\/\/jak.fi\/sv\/produkter\/energiklipp-for-gravmaskiner\/jak-250b-gen4-energiklipp-for-gravmaskin\/\" \/>\n<meta property=\"og:site_name\" content=\"JAK-Metalli Oy\" \/>\n<meta property=\"article:publisher\" content=\"https:\/\/www.facebook.com\/jaktreeshears\" \/>\n<meta property=\"article:modified_time\" content=\"2025-08-19T12:38:41+00:00\" \/>\n<meta property=\"og:image\" content=\"https:\/\/jak.fi\/wp-content\/uploads\/2024\/05\/JAK-300B-tree-shear-right-frontside.png\" \/>\n\t<meta property=\"og:image:width\" content=\"1000\" \/>\n\t<meta property=\"og:image:height\" content=\"667\" \/>\n\t<meta property=\"og:image:type\" content=\"image\/png\" \/>\n<meta name=\"twitter:card\" content=\"summary_large_image\" \/>\n<meta name=\"twitter:label1\" content=\"Ber\u00e4knad l\u00e4stid\" \/>\n\t<meta name=\"twitter:data1\" content=\"2 minut\" \/>\n<script type=\"application\/ld+json\" class=\"yoast-schema-graph\">{\"@context\":\"https:\/\/schema.org\",\"@graph\":[{\"@type\":\"WebPage\",\"@id\":\"https:\/\/jak.fi\/sv\/produkter\/energiklipp-for-gravmaskiner\/jak-250b-gen4-energiklipp-for-gravmaskin\/\",\"url\":\"https:\/\/jak.fi\/sv\/produkter\/energiklipp-for-gravmaskiner\/jak-250b-gen4-energiklipp-for-gravmaskin\/\",\"name\":\"JAK-250B Energiklipp f\u00f6r gr\u00e4vmaskin 5-12t &#8211; JAK-Metalli Oy\",\"isPartOf\":{\"@id\":\"https:\/\/jak.fi\/sv\/#website\"},\"primaryImageOfPage\":{\"@id\":\"https:\/\/jak.fi\/sv\/produkter\/energiklipp-for-gravmaskiner\/jak-250b-gen4-energiklipp-for-gravmaskin\/#primaryimage\"},\"image\":{\"@id\":\"https:\/\/jak.fi\/sv\/produkter\/energiklipp-for-gravmaskiner\/jak-250b-gen4-energiklipp-for-gravmaskin\/#primaryimage\"},\"thumbnailUrl\":\"https:\/\/jak.fi\/wp-content\/uploads\/2025\/06\/JAK-300B-GEN4-with-collector.webp\",\"datePublished\":\"2024-06-03T05:38:49+00:00\",\"dateModified\":\"2025-08-19T12:38:41+00:00\",\"description\":\"JAK-250B GEN4 \u00e4r ett snabbt, kompakt och effektivt energiklipp som \u00e4r utformat f\u00f6r anv\u00e4ndning p\u00e5 gr\u00e4vmaskiner som v\u00e4ger mellan 5 och 12 ton.\",\"breadcrumb\":{\"@id\":\"https:\/\/jak.fi\/sv\/produkter\/energiklipp-for-gravmaskiner\/jak-250b-gen4-energiklipp-for-gravmaskin\/#breadcrumb\"},\"inLanguage\":\"sv-SE\",\"potentialAction\":[{\"@type\":\"ReadAction\",\"target\":[\"https:\/\/jak.fi\/sv\/produkter\/energiklipp-for-gravmaskiner\/jak-250b-gen4-energiklipp-for-gravmaskin\/\"]}]},{\"@type\":\"ImageObject\",\"inLanguage\":\"sv-SE\",\"@id\":\"https:\/\/jak.fi\/sv\/produkter\/energiklipp-for-gravmaskiner\/jak-250b-gen4-energiklipp-for-gravmaskin\/#primaryimage\",\"url\":\"https:\/\/jak.fi\/wp-content\/uploads\/2025\/06\/JAK-300B-GEN4-with-collector.webp\",\"contentUrl\":\"https:\/\/jak.fi\/wp-content\/uploads\/2025\/06\/JAK-300B-GEN4-with-collector.webp\",\"width\":1000,\"height\":667},{\"@type\":\"BreadcrumbList\",\"@id\":\"https:\/\/jak.fi\/sv\/produkter\/energiklipp-for-gravmaskiner\/jak-250b-gen4-energiklipp-for-gravmaskin\/#breadcrumb\",\"itemListElement\":[{\"@type\":\"ListItem\",\"position\":1,\"name\":\"Etusivu\",\"item\":\"https:\/\/jak.fi\/sv\/\"},{\"@type\":\"ListItem\",\"position\":2,\"name\":\"Produkter\",\"item\":\"https:\/\/jak.fi\/sv\/produkter\/\"},{\"@type\":\"ListItem\",\"position\":3,\"name\":\"JAK-250B Energiklipp f\u00f6r gr\u00e4vmaskin 5-12t\"}]},{\"@type\":\"WebSite\",\"@id\":\"https:\/\/jak.fi\/sv\/#website\",\"url\":\"https:\/\/jak.fi\/sv\/\",\"name\":\"JAK-Metalli Oy\",\"description\":\"\",\"publisher\":{\"@id\":\"https:\/\/jak.fi\/sv\/#organization\"},\"alternateName\":\"JAK Tree shears\",\"potentialAction\":[{\"@type\":\"SearchAction\",\"target\":{\"@type\":\"EntryPoint\",\"urlTemplate\":\"https:\/\/jak.fi\/sv\/?s={search_term_string}\"},\"query-input\":{\"@type\":\"PropertyValueSpecification\",\"valueRequired\":true,\"valueName\":\"search_term_string\"}}],\"inLanguage\":\"sv-SE\"},{\"@type\":\"Organization\",\"@id\":\"https:\/\/jak.fi\/sv\/#organization\",\"name\":\"JAK-Metalli Oy\",\"alternateName\":\"JAK Tree shears\",\"url\":\"https:\/\/jak.fi\/sv\/\",\"logo\":{\"@type\":\"ImageObject\",\"inLanguage\":\"sv-SE\",\"@id\":\"https:\/\/jak.fi\/sv\/#\/schema\/logo\/image\/\",\"url\":\"https:\/\/jak.fi\/wp-content\/uploads\/2024\/09\/JAK-logo-696x696-1.jpg\",\"contentUrl\":\"https:\/\/jak.fi\/wp-content\/uploads\/2024\/09\/JAK-logo-696x696-1.jpg\",\"width\":696,\"height\":696,\"caption\":\"JAK-Metalli Oy\"},\"image\":{\"@id\":\"https:\/\/jak.fi\/sv\/#\/schema\/logo\/image\/\"},\"sameAs\":[\"https:\/\/www.facebook.com\/jaktreeshears\",\"https:\/\/www.instagram.com\/jaktreeshears\/\",\"https:\/\/www.youtube.com\/channel\/UCAwvaVhBBkPie8MeAGbdY1w\"]}]}<\/script>\n<!-- \/ Yoast SEO plugin. -->","yoast_head_json":{"title":"JAK-250B Energiklipp f\u00f6r gr\u00e4vmaskin 5-12t &#8211; JAK-Metalli Oy","description":"JAK-250B GEN4 \u00e4r ett snabbt, kompakt och effektivt energiklipp som \u00e4r utformat f\u00f6r anv\u00e4ndning p\u00e5 gr\u00e4vmaskiner som v\u00e4ger mellan 5 och 12 ton.","robots":{"index":"index","follow":"follow","max-snippet":"max-snippet:-1","max-image-preview":"max-image-preview:large","max-video-preview":"max-video-preview:-1"},"canonical":"https:\/\/jak.fi\/sv\/produkter\/energiklipp-for-gravmaskiner\/jak-250b-gen4-energiklipp-for-gravmaskin\/","og_locale":"sv_SE","og_type":"article","og_title":"JAK-250B Energiklipp f\u00f6r gr\u00e4vmaskin 5-12t &#8211; JAK-Metalli Oy","og_description":"JAK-250B GEN4 \u00e4r ett snabbt, kompakt och effektivt energiklipp som \u00e4r utformat f\u00f6r anv\u00e4ndning p\u00e5 gr\u00e4vmaskiner som v\u00e4ger mellan 5 och 12 ton.","og_url":"https:\/\/jak.fi\/sv\/produkter\/energiklipp-for-gravmaskiner\/jak-250b-gen4-energiklipp-for-gravmaskin\/","og_site_name":"JAK-Metalli Oy","article_publisher":"https:\/\/www.facebook.com\/jaktreeshears","article_modified_time":"2025-08-19T12:38:41+00:00","og_image":[{"width":1000,"height":667,"url":"https:\/\/jak.fi\/wp-content\/uploads\/2024\/05\/JAK-300B-tree-shear-right-frontside.png","type":"image\/png"}],"twitter_card":"summary_large_image","twitter_misc":{"Ber\u00e4knad l\u00e4stid":"2 minut"},"schema":{"@context":"https:\/\/schema.org","@graph":[{"@type":"WebPage","@id":"https:\/\/jak.fi\/sv\/produkter\/energiklipp-for-gravmaskiner\/jak-250b-gen4-energiklipp-for-gravmaskin\/","url":"https:\/\/jak.fi\/sv\/produkter\/energiklipp-for-gravmaskiner\/jak-250b-gen4-energiklipp-for-gravmaskin\/","name":"JAK-250B Energiklipp f\u00f6r gr\u00e4vmaskin 5-12t &#8211; JAK-Metalli Oy","isPartOf":{"@id":"https:\/\/jak.fi\/sv\/#website"},"primaryImageOfPage":{"@id":"https:\/\/jak.fi\/sv\/produkter\/energiklipp-for-gravmaskiner\/jak-250b-gen4-energiklipp-for-gravmaskin\/#primaryimage"},"image":{"@id":"https:\/\/jak.fi\/sv\/produkter\/energiklipp-for-gravmaskiner\/jak-250b-gen4-energiklipp-for-gravmaskin\/#primaryimage"},"thumbnailUrl":"https:\/\/jak.fi\/wp-content\/uploads\/2025\/06\/JAK-300B-GEN4-with-collector.webp","datePublished":"2024-06-03T05:38:49+00:00","dateModified":"2025-08-19T12:38:41+00:00","description":"JAK-250B GEN4 \u00e4r ett snabbt, kompakt och effektivt energiklipp som \u00e4r utformat f\u00f6r anv\u00e4ndning p\u00e5 gr\u00e4vmaskiner som v\u00e4ger mellan 5 och 12 ton.","breadcrumb":{"@id":"https:\/\/jak.fi\/sv\/produkter\/energiklipp-for-gravmaskiner\/jak-250b-gen4-energiklipp-for-gravmaskin\/#breadcrumb"},"inLanguage":"sv-SE","potentialAction":[{"@type":"ReadAction","target":["https:\/\/jak.fi\/sv\/produkter\/energiklipp-for-gravmaskiner\/jak-250b-gen4-energiklipp-for-gravmaskin\/"]}]},{"@type":"ImageObject","inLanguage":"sv-SE","@id":"https:\/\/jak.fi\/sv\/produkter\/energiklipp-for-gravmaskiner\/jak-250b-gen4-energiklipp-for-gravmaskin\/#primaryimage","url":"https:\/\/jak.fi\/wp-content\/uploads\/2025\/06\/JAK-300B-GEN4-with-collector.webp","contentUrl":"https:\/\/jak.fi\/wp-content\/uploads\/2025\/06\/JAK-300B-GEN4-with-collector.webp","width":1000,"height":667},{"@type":"BreadcrumbList","@id":"https:\/\/jak.fi\/sv\/produkter\/energiklipp-for-gravmaskiner\/jak-250b-gen4-energiklipp-for-gravmaskin\/#breadcrumb","itemListElement":[{"@type":"ListItem","position":1,"name":"Etusivu","item":"https:\/\/jak.fi\/sv\/"},{"@type":"ListItem","position":2,"name":"Produkter","item":"https:\/\/jak.fi\/sv\/produkter\/"},{"@type":"ListItem","position":3,"name":"JAK-250B Energiklipp f\u00f6r gr\u00e4vmaskin 5-12t"}]},{"@type":"WebSite","@id":"https:\/\/jak.fi\/sv\/#website","url":"https:\/\/jak.fi\/sv\/","name":"JAK-Metalli Oy","description":"","publisher":{"@id":"https:\/\/jak.fi\/sv\/#organization"},"alternateName":"JAK Tree shears","potentialAction":[{"@type":"SearchAction","target":{"@type":"EntryPoint","urlTemplate":"https:\/\/jak.fi\/sv\/?s={search_term_string}"},"query-input":{"@type":"PropertyValueSpecification","valueRequired":true,"valueName":"search_term_string"}}],"inLanguage":"sv-SE"},{"@type":"Organization","@id":"https:\/\/jak.fi\/sv\/#organization","name":"JAK-Metalli Oy","alternateName":"JAK Tree shears","url":"https:\/\/jak.fi\/sv\/","logo":{"@type":"ImageObject","inLanguage":"sv-SE","@id":"https:\/\/jak.fi\/sv\/#\/schema\/logo\/image\/","url":"https:\/\/jak.fi\/wp-content\/uploads\/2024\/09\/JAK-logo-696x696-1.jpg","contentUrl":"https:\/\/jak.fi\/wp-content\/uploads\/2024\/09\/JAK-logo-696x696-1.jpg","width":696,"height":696,"caption":"JAK-Metalli Oy"},"image":{"@id":"https:\/\/jak.fi\/sv\/#\/schema\/logo\/image\/"},"sameAs":["https:\/\/www.facebook.com\/jaktreeshears","https:\/\/www.instagram.com\/jaktreeshears\/","https:\/\/www.youtube.com\/channel\/UCAwvaVhBBkPie8MeAGbdY1w"]}]}},"_links":{"self":[{"href":"https:\/\/jak.fi\/sv\/wp-json\/wp\/v2\/product\/5897","targetHints":{"allow":["GET"]}}],"collection":[{"href":"https:\/\/jak.fi\/sv\/wp-json\/wp\/v2\/product"}],"about":[{"href":"https:\/\/jak.fi\/sv\/wp-json\/wp\/v2\/types\/product"}],"wp:featuredmedia":[{"embeddable":true,"href":"https:\/\/jak.fi\/sv\/wp-json\/wp\/v2\/media\/10228"}],"wp:attachment":[{"href":"https:\/\/jak.fi\/sv\/wp-json\/wp\/v2\/media?parent=5897"}],"wp:term":[{"taxonomy":"product_brand","embeddable":true,"href":"https:\/\/jak.fi\/sv\/wp-json\/wp\/v2\/product_brand?post=5897"},{"taxonomy":"product_cat","embeddable":true,"href":"https:\/\/jak.fi\/sv\/wp-json\/wp\/v2\/product_cat?post=5897"},{"taxonomy":"product_tag","embeddable":true,"href":"https:\/\/jak.fi\/sv\/wp-json\/wp\/v2\/product_tag?post=5897"}],"curies":[{"name":"wp","href":"https:\/\/api.w.org\/{rel}","templated":true}]}}