{"id":5908,"date":"2024-05-28T10:08:07","date_gmt":"2024-05-28T07:08:07","guid":{"rendered":"https:\/\/jak.fi\/products\/okategoriserad\/avantgarde\/"},"modified":"2025-05-27T10:18:43","modified_gmt":"2025-05-27T07:18:43","slug":"avant-bakdel","status":"publish","type":"product","link":"https:\/\/jak.fi\/sv\/produkter\/tillbehor-for-energiklippar\/avant-bakdel\/","title":{"rendered":"Avant bakre del"},"content":{"rendered":"<h3 class=\"\" data-start=\"70\" data-end=\"133\">Avant bakre del &#8211; M\u00e5ngsidighet f\u00f6r JAK:s energiklipp<\/h3>\n<p class=\"\" data-start=\"135\" data-end=\"509\">Avant bakre del \u00e4r kompatibel med JAK:s energiklipp i R-serien och g\u00f6r det enkelt att montera klippet p\u00e5 hjullastare fr\u00e5n Avant. Detta g\u00f6r den till ett utm\u00e4rkt tillbeh\u00f6r f\u00f6r effektiv anv\u00e4ndning av JAK:s energiklipp p\u00e5 Avant hjullastare. Den finns i tv\u00e5 olika storlekar f\u00f6r att passa olika chassistorlekar.  <\/p>\n<p class=\"\" data-start=\"511\" data-end=\"863\">JAK:s energiklipp och bakre delar \u00e4r konstruerade med anv\u00e4ndbarhet och flexibilitet i \u00e5tanke. Om det beh\u00f6vs kan Avant bakre del bytas ut mot en annan kompatibel bakre del, vilket g\u00f6r att samma energiklipp kan anv\u00e4ndas p\u00e5 t.ex. en gr\u00e4vmaskin. Detta m\u00f6jligg\u00f6r en m\u00e5ngsidig och kostnadseffektiv anv\u00e4ndning med ett brett utbud av maskiner.  <\/p>\n<p class=\"\" data-start=\"865\" data-end=\"1003\">Oavsett om du anv\u00e4nder en hjullastare eller en gr\u00e4vmaskin ger den utbytbara bakre delen flexibilitet och fler anv\u00e4ndningsomr\u00e5den f\u00f6r JAK:s energiklipp i R-serien.<\/p>\n","protected":false},"excerpt":{"rendered":"<p>Avant bakre del &#8211; M\u00e5ngsidighet f\u00f6r JAK:s energiklipp Avant bakre del \u00e4r kompatibel med JAK:s energiklipp i R-serien och g\u00f6r det enkelt att montera klippet p\u00e5 hjullastare fr\u00e5n Avant. Detta g\u00f6r den till ett utm\u00e4rkt tillbeh\u00f6r f\u00f6r effektiv anv\u00e4ndning av JAK:s energiklipp p\u00e5 Avant hjullastare. Den finns i tv\u00e5 olika storlekar f\u00f6r att passa olika [&hellip;]<\/p>\n","protected":false},"featured_media":5911,"template":"","meta":{"_acf_changed":false},"product_brand":[],"product_cat":[603],"product_tag":[],"class_list":{"0":"post-5908","1":"product","2":"type-product","3":"status-publish","4":"has-post-thumbnail","6":"product_cat-tillbehor-for-energiklippar","8":"first","9":"instock","10":"shipping-taxable","11":"product-type-simple"},"acf":[],"yoast_head":"<!-- This site is optimized with the Yoast SEO plugin v27.2 - https:\/\/yoast.com\/product\/yoast-seo-wordpress\/ -->\n<title>Avant bakre del &#8211; JAK-Metalli Oy<\/title>\n<meta name=\"description\" content=\"Avant bakre del \u00e4r kompatibel med JAK:s energiklipp i R-serien och g\u00f6r det enkelt att montera klippet p\u00e5 hjullastare fr\u00e5n Avant.\" \/>\n<meta name=\"robots\" content=\"index, follow, max-snippet:-1, max-image-preview:large, max-video-preview:-1\" \/>\n<link rel=\"canonical\" href=\"https:\/\/jak.fi\/sv\/produkter\/tillbehor-for-energiklippar\/avant-bakdel\/\" \/>\n<meta property=\"og:locale\" content=\"sv_SE\" \/>\n<meta property=\"og:type\" content=\"article\" \/>\n<meta property=\"og:title\" content=\"Avant bakre del &#8211; JAK-Metalli Oy\" \/>\n<meta property=\"og:description\" content=\"Avant bakre del \u00e4r kompatibel med JAK:s energiklipp i R-serien och g\u00f6r det enkelt att montera klippet p\u00e5 hjullastare fr\u00e5n Avant.\" \/>\n<meta property=\"og:url\" content=\"https:\/\/jak.fi\/sv\/produkter\/tillbehor-for-energiklippar\/avant-bakdel\/\" \/>\n<meta property=\"og:site_name\" content=\"JAK-Metalli Oy\" \/>\n<meta property=\"article:publisher\" content=\"https:\/\/www.facebook.com\/jaktreeshears\" \/>\n<meta property=\"article:modified_time\" content=\"2025-05-27T07:18:43+00:00\" \/>\n<meta property=\"og:image\" content=\"https:\/\/jak.fi\/wp-content\/uploads\/2024\/05\/tree-shear-avant-adapter.png\" \/>\n\t<meta property=\"og:image:width\" content=\"1000\" \/>\n\t<meta property=\"og:image:height\" content=\"666\" \/>\n\t<meta property=\"og:image:type\" content=\"image\/png\" \/>\n<meta name=\"twitter:card\" content=\"summary_large_image\" \/>\n<meta name=\"twitter:label1\" content=\"Ber\u00e4knad l\u00e4stid\" \/>\n\t<meta name=\"twitter:data1\" content=\"1 minut\" \/>\n<script type=\"application\/ld+json\" class=\"yoast-schema-graph\">{\"@context\":\"https:\/\/schema.org\",\"@graph\":[{\"@type\":\"WebPage\",\"@id\":\"https:\/\/jak.fi\/sv\/produkter\/tillbehor-for-energiklippar\/avant-bakdel\/\",\"url\":\"https:\/\/jak.fi\/sv\/produkter\/tillbehor-for-energiklippar\/avant-bakdel\/\",\"name\":\"Avant bakre del &#8211; JAK-Metalli Oy\",\"isPartOf\":{\"@id\":\"https:\/\/jak.fi\/sv\/#website\"},\"primaryImageOfPage\":{\"@id\":\"https:\/\/jak.fi\/sv\/produkter\/tillbehor-for-energiklippar\/avant-bakdel\/#primaryimage\"},\"image\":{\"@id\":\"https:\/\/jak.fi\/sv\/produkter\/tillbehor-for-energiklippar\/avant-bakdel\/#primaryimage\"},\"thumbnailUrl\":\"https:\/\/jak.fi\/wp-content\/uploads\/2024\/05\/tree-shear-avant-adapter.png\",\"datePublished\":\"2024-05-28T07:08:07+00:00\",\"dateModified\":\"2025-05-27T07:18:43+00:00\",\"description\":\"Avant bakre del \u00e4r kompatibel med JAK:s energiklipp i R-serien och g\u00f6r det enkelt att montera klippet p\u00e5 hjullastare fr\u00e5n Avant.\",\"breadcrumb\":{\"@id\":\"https:\/\/jak.fi\/sv\/produkter\/tillbehor-for-energiklippar\/avant-bakdel\/#breadcrumb\"},\"inLanguage\":\"sv-SE\",\"potentialAction\":[{\"@type\":\"ReadAction\",\"target\":[\"https:\/\/jak.fi\/sv\/produkter\/tillbehor-for-energiklippar\/avant-bakdel\/\"]}]},{\"@type\":\"ImageObject\",\"inLanguage\":\"sv-SE\",\"@id\":\"https:\/\/jak.fi\/sv\/produkter\/tillbehor-for-energiklippar\/avant-bakdel\/#primaryimage\",\"url\":\"https:\/\/jak.fi\/wp-content\/uploads\/2024\/05\/tree-shear-avant-adapter.png\",\"contentUrl\":\"https:\/\/jak.fi\/wp-content\/uploads\/2024\/05\/tree-shear-avant-adapter.png\",\"width\":1000,\"height\":666,\"caption\":\"Avant bakre del f\u00f6r energiklipp\"},{\"@type\":\"BreadcrumbList\",\"@id\":\"https:\/\/jak.fi\/sv\/produkter\/tillbehor-for-energiklippar\/avant-bakdel\/#breadcrumb\",\"itemListElement\":[{\"@type\":\"ListItem\",\"position\":1,\"name\":\"Etusivu\",\"item\":\"https:\/\/jak.fi\/sv\/\"},{\"@type\":\"ListItem\",\"position\":2,\"name\":\"Produkter\",\"item\":\"https:\/\/jak.fi\/sv\/produkter\/\"},{\"@type\":\"ListItem\",\"position\":3,\"name\":\"Avant bakre del\"}]},{\"@type\":\"WebSite\",\"@id\":\"https:\/\/jak.fi\/sv\/#website\",\"url\":\"https:\/\/jak.fi\/sv\/\",\"name\":\"JAK-Metalli Oy\",\"description\":\"\",\"publisher\":{\"@id\":\"https:\/\/jak.fi\/sv\/#organization\"},\"alternateName\":\"JAK Tree shears\",\"potentialAction\":[{\"@type\":\"SearchAction\",\"target\":{\"@type\":\"EntryPoint\",\"urlTemplate\":\"https:\/\/jak.fi\/sv\/?s={search_term_string}\"},\"query-input\":{\"@type\":\"PropertyValueSpecification\",\"valueRequired\":true,\"valueName\":\"search_term_string\"}}],\"inLanguage\":\"sv-SE\"},{\"@type\":\"Organization\",\"@id\":\"https:\/\/jak.fi\/sv\/#organization\",\"name\":\"JAK-Metalli Oy\",\"alternateName\":\"JAK Tree shears\",\"url\":\"https:\/\/jak.fi\/sv\/\",\"logo\":{\"@type\":\"ImageObject\",\"inLanguage\":\"sv-SE\",\"@id\":\"https:\/\/jak.fi\/sv\/#\/schema\/logo\/image\/\",\"url\":\"https:\/\/jak.fi\/wp-content\/uploads\/2024\/09\/JAK-logo-696x696-1.jpg\",\"contentUrl\":\"https:\/\/jak.fi\/wp-content\/uploads\/2024\/09\/JAK-logo-696x696-1.jpg\",\"width\":696,\"height\":696,\"caption\":\"JAK-Metalli Oy\"},\"image\":{\"@id\":\"https:\/\/jak.fi\/sv\/#\/schema\/logo\/image\/\"},\"sameAs\":[\"https:\/\/www.facebook.com\/jaktreeshears\",\"https:\/\/www.instagram.com\/jaktreeshears\/\",\"https:\/\/www.youtube.com\/channel\/UCAwvaVhBBkPie8MeAGbdY1w\"]}]}<\/script>\n<!-- \/ Yoast SEO plugin. -->","yoast_head_json":{"title":"Avant bakre del &#8211; JAK-Metalli Oy","description":"Avant bakre del \u00e4r kompatibel med JAK:s energiklipp i R-serien och g\u00f6r det enkelt att montera klippet p\u00e5 hjullastare fr\u00e5n Avant.","robots":{"index":"index","follow":"follow","max-snippet":"max-snippet:-1","max-image-preview":"max-image-preview:large","max-video-preview":"max-video-preview:-1"},"canonical":"https:\/\/jak.fi\/sv\/produkter\/tillbehor-for-energiklippar\/avant-bakdel\/","og_locale":"sv_SE","og_type":"article","og_title":"Avant bakre del &#8211; JAK-Metalli Oy","og_description":"Avant bakre del \u00e4r kompatibel med JAK:s energiklipp i R-serien och g\u00f6r det enkelt att montera klippet p\u00e5 hjullastare fr\u00e5n Avant.","og_url":"https:\/\/jak.fi\/sv\/produkter\/tillbehor-for-energiklippar\/avant-bakdel\/","og_site_name":"JAK-Metalli Oy","article_publisher":"https:\/\/www.facebook.com\/jaktreeshears","article_modified_time":"2025-05-27T07:18:43+00:00","og_image":[{"width":1000,"height":666,"url":"https:\/\/jak.fi\/wp-content\/uploads\/2024\/05\/tree-shear-avant-adapter.png","type":"image\/png"}],"twitter_card":"summary_large_image","twitter_misc":{"Ber\u00e4knad l\u00e4stid":"1 minut"},"schema":{"@context":"https:\/\/schema.org","@graph":[{"@type":"WebPage","@id":"https:\/\/jak.fi\/sv\/produkter\/tillbehor-for-energiklippar\/avant-bakdel\/","url":"https:\/\/jak.fi\/sv\/produkter\/tillbehor-for-energiklippar\/avant-bakdel\/","name":"Avant bakre del &#8211; JAK-Metalli Oy","isPartOf":{"@id":"https:\/\/jak.fi\/sv\/#website"},"primaryImageOfPage":{"@id":"https:\/\/jak.fi\/sv\/produkter\/tillbehor-for-energiklippar\/avant-bakdel\/#primaryimage"},"image":{"@id":"https:\/\/jak.fi\/sv\/produkter\/tillbehor-for-energiklippar\/avant-bakdel\/#primaryimage"},"thumbnailUrl":"https:\/\/jak.fi\/wp-content\/uploads\/2024\/05\/tree-shear-avant-adapter.png","datePublished":"2024-05-28T07:08:07+00:00","dateModified":"2025-05-27T07:18:43+00:00","description":"Avant bakre del \u00e4r kompatibel med JAK:s energiklipp i R-serien och g\u00f6r det enkelt att montera klippet p\u00e5 hjullastare fr\u00e5n Avant.","breadcrumb":{"@id":"https:\/\/jak.fi\/sv\/produkter\/tillbehor-for-energiklippar\/avant-bakdel\/#breadcrumb"},"inLanguage":"sv-SE","potentialAction":[{"@type":"ReadAction","target":["https:\/\/jak.fi\/sv\/produkter\/tillbehor-for-energiklippar\/avant-bakdel\/"]}]},{"@type":"ImageObject","inLanguage":"sv-SE","@id":"https:\/\/jak.fi\/sv\/produkter\/tillbehor-for-energiklippar\/avant-bakdel\/#primaryimage","url":"https:\/\/jak.fi\/wp-content\/uploads\/2024\/05\/tree-shear-avant-adapter.png","contentUrl":"https:\/\/jak.fi\/wp-content\/uploads\/2024\/05\/tree-shear-avant-adapter.png","width":1000,"height":666,"caption":"Avant bakre del f\u00f6r energiklipp"},{"@type":"BreadcrumbList","@id":"https:\/\/jak.fi\/sv\/produkter\/tillbehor-for-energiklippar\/avant-bakdel\/#breadcrumb","itemListElement":[{"@type":"ListItem","position":1,"name":"Etusivu","item":"https:\/\/jak.fi\/sv\/"},{"@type":"ListItem","position":2,"name":"Produkter","item":"https:\/\/jak.fi\/sv\/produkter\/"},{"@type":"ListItem","position":3,"name":"Avant bakre del"}]},{"@type":"WebSite","@id":"https:\/\/jak.fi\/sv\/#website","url":"https:\/\/jak.fi\/sv\/","name":"JAK-Metalli Oy","description":"","publisher":{"@id":"https:\/\/jak.fi\/sv\/#organization"},"alternateName":"JAK Tree shears","potentialAction":[{"@type":"SearchAction","target":{"@type":"EntryPoint","urlTemplate":"https:\/\/jak.fi\/sv\/?s={search_term_string}"},"query-input":{"@type":"PropertyValueSpecification","valueRequired":true,"valueName":"search_term_string"}}],"inLanguage":"sv-SE"},{"@type":"Organization","@id":"https:\/\/jak.fi\/sv\/#organization","name":"JAK-Metalli Oy","alternateName":"JAK Tree shears","url":"https:\/\/jak.fi\/sv\/","logo":{"@type":"ImageObject","inLanguage":"sv-SE","@id":"https:\/\/jak.fi\/sv\/#\/schema\/logo\/image\/","url":"https:\/\/jak.fi\/wp-content\/uploads\/2024\/09\/JAK-logo-696x696-1.jpg","contentUrl":"https:\/\/jak.fi\/wp-content\/uploads\/2024\/09\/JAK-logo-696x696-1.jpg","width":696,"height":696,"caption":"JAK-Metalli Oy"},"image":{"@id":"https:\/\/jak.fi\/sv\/#\/schema\/logo\/image\/"},"sameAs":["https:\/\/www.facebook.com\/jaktreeshears","https:\/\/www.instagram.com\/jaktreeshears\/","https:\/\/www.youtube.com\/channel\/UCAwvaVhBBkPie8MeAGbdY1w"]}]}},"_links":{"self":[{"href":"https:\/\/jak.fi\/sv\/wp-json\/wp\/v2\/product\/5908","targetHints":{"allow":["GET"]}}],"collection":[{"href":"https:\/\/jak.fi\/sv\/wp-json\/wp\/v2\/product"}],"about":[{"href":"https:\/\/jak.fi\/sv\/wp-json\/wp\/v2\/types\/product"}],"wp:featuredmedia":[{"embeddable":true,"href":"https:\/\/jak.fi\/sv\/wp-json\/wp\/v2\/media\/5911"}],"wp:attachment":[{"href":"https:\/\/jak.fi\/sv\/wp-json\/wp\/v2\/media?parent=5908"}],"wp:term":[{"taxonomy":"product_brand","embeddable":true,"href":"https:\/\/jak.fi\/sv\/wp-json\/wp\/v2\/product_brand?post=5908"},{"taxonomy":"product_cat","embeddable":true,"href":"https:\/\/jak.fi\/sv\/wp-json\/wp\/v2\/product_cat?post=5908"},{"taxonomy":"product_tag","embeddable":true,"href":"https:\/\/jak.fi\/sv\/wp-json\/wp\/v2\/product_tag?post=5908"}],"curies":[{"name":"wp","href":"https:\/\/api.w.org\/{rel}","templated":true}]}}