{"id":5924,"date":"2024-05-28T10:08:25","date_gmt":"2024-05-28T07:08:25","guid":{"rendered":"https:\/\/jak.fi\/products\/okategoriserad\/lastare-och-reachers-bakre-ande\/"},"modified":"2025-04-11T15:50:28","modified_gmt":"2025-04-11T12:50:28","slug":"lastare-och-teleskoplastare-bakdel","status":"publish","type":"product","link":"https:\/\/jak.fi\/sv\/produkter\/tillbehor-for-energiklippar\/lastare-och-teleskoplastare-bakdel\/","title":{"rendered":"Bakre delen av hjullastare och teleskoplastare"},"content":{"rendered":"<p>Bakstycket f\u00f6r lastare och reachers \u00e4r ett tillbeh\u00f6r till JAK Energy Grab-modellerna i R-serien, som g\u00f6r det m\u00f6jligt att montera energigreppet p\u00e5 olika lastare och reachers. Bakstycket f\u00f6r lastare och reachers finns i tre olika storlekar beroende p\u00e5 chassimaskinens storlek och anv\u00e4ndningsomr\u00e5de. <\/p>\n<p>Funktionen hos energigripen och aktern \u00e4r ocks\u00e5 utformad s\u00e5 att aktern kan bytas till en annan maskintyp med liten anstr\u00e4ngning, om det beh\u00f6vs. Genom att byta ut den bakre delen av gripen kan energigriparna i R-serien \u00e4ven anv\u00e4ndas p\u00e5 t.ex. gr\u00e4vmaskiner. <\/p>\n","protected":false},"excerpt":{"rendered":"<p>Bakstycket f\u00f6r lastare och reachers \u00e4r ett tillbeh\u00f6r till JAK Energy Grab-modellerna i R-serien, som g\u00f6r det m\u00f6jligt att montera energigreppet p\u00e5 olika lastare och reachers. Bakstycket f\u00f6r lastare och reachers finns i tre olika storlekar beroende p\u00e5 chassimaskinens storlek och anv\u00e4ndningsomr\u00e5de. Funktionen hos energigripen och aktern \u00e4r ocks\u00e5 utformad s\u00e5 att aktern kan bytas [&hellip;]<\/p>\n","protected":false},"featured_media":5925,"template":"","meta":{"_acf_changed":false},"product_brand":[],"product_cat":[603],"product_tag":[],"class_list":{"0":"post-5924","1":"product","2":"type-product","3":"status-publish","4":"has-post-thumbnail","6":"product_cat-tillbehor-for-energiklippar","8":"first","9":"instock","10":"shipping-taxable","11":"product-type-simple"},"acf":[],"yoast_head":"<!-- This site is optimized with the Yoast SEO plugin v27.3 - https:\/\/yoast.com\/product\/yoast-seo-wordpress\/ -->\n<title>Bakre delen av hjullastare och teleskoplastare &#8211; JAK-Metalli Oy<\/title>\n<meta name=\"description\" content=\"Funktionen f\u00f6r energiklipp och akter \u00e4r utformad s\u00e5 att du sj\u00e4lv kan byta ut aktern till en annan maskintyp vid behov.\" \/>\n<meta name=\"robots\" content=\"index, follow, max-snippet:-1, max-image-preview:large, max-video-preview:-1\" \/>\n<link rel=\"canonical\" href=\"https:\/\/jak.fi\/sv\/produkter\/tillbehor-for-energiklippar\/lastare-och-teleskoplastare-bakdel\/\" \/>\n<meta property=\"og:locale\" content=\"sv_SE\" \/>\n<meta property=\"og:type\" content=\"article\" \/>\n<meta property=\"og:title\" content=\"Bakre delen av hjullastare och teleskoplastare &#8211; JAK-Metalli Oy\" \/>\n<meta property=\"og:description\" content=\"Funktionen f\u00f6r energiklipp och akter \u00e4r utformad s\u00e5 att du sj\u00e4lv kan byta ut aktern till en annan maskintyp vid behov.\" \/>\n<meta property=\"og:url\" content=\"https:\/\/jak.fi\/sv\/produkter\/tillbehor-for-energiklippar\/lastare-och-teleskoplastare-bakdel\/\" \/>\n<meta property=\"og:site_name\" content=\"JAK-Metalli Oy\" \/>\n<meta property=\"article:publisher\" content=\"https:\/\/www.facebook.com\/jaktreeshears\" \/>\n<meta property=\"article:modified_time\" content=\"2025-04-11T12:50:28+00:00\" \/>\n<meta property=\"og:image\" content=\"https:\/\/jak.fi\/wp-content\/uploads\/2024\/05\/tree-shear-multimount-adapter.png\" \/>\n\t<meta property=\"og:image:width\" content=\"1000\" \/>\n\t<meta property=\"og:image:height\" content=\"666\" \/>\n\t<meta property=\"og:image:type\" content=\"image\/png\" \/>\n<meta name=\"twitter:card\" content=\"summary_large_image\" \/>\n<meta name=\"twitter:label1\" content=\"Ber\u00e4knad l\u00e4stid\" \/>\n\t<meta name=\"twitter:data1\" content=\"1 minut\" \/>\n<script type=\"application\/ld+json\" class=\"yoast-schema-graph\">{\"@context\":\"https:\\\/\\\/schema.org\",\"@graph\":[{\"@type\":\"WebPage\",\"@id\":\"https:\\\/\\\/jak.fi\\\/sv\\\/produkter\\\/tillbehor-for-energiklippar\\\/lastare-och-teleskoplastare-bakdel\\\/\",\"url\":\"https:\\\/\\\/jak.fi\\\/sv\\\/produkter\\\/tillbehor-for-energiklippar\\\/lastare-och-teleskoplastare-bakdel\\\/\",\"name\":\"Bakre delen av hjullastare och teleskoplastare &#8211; JAK-Metalli Oy\",\"isPartOf\":{\"@id\":\"https:\\\/\\\/jak.fi\\\/sv\\\/#website\"},\"primaryImageOfPage\":{\"@id\":\"https:\\\/\\\/jak.fi\\\/sv\\\/produkter\\\/tillbehor-for-energiklippar\\\/lastare-och-teleskoplastare-bakdel\\\/#primaryimage\"},\"image\":{\"@id\":\"https:\\\/\\\/jak.fi\\\/sv\\\/produkter\\\/tillbehor-for-energiklippar\\\/lastare-och-teleskoplastare-bakdel\\\/#primaryimage\"},\"thumbnailUrl\":\"https:\\\/\\\/jak.fi\\\/wp-content\\\/uploads\\\/2024\\\/05\\\/tree-shear-multimount-adapter.png\",\"datePublished\":\"2024-05-28T07:08:25+00:00\",\"dateModified\":\"2025-04-11T12:50:28+00:00\",\"description\":\"Funktionen f\u00f6r energiklipp och akter \u00e4r utformad s\u00e5 att du sj\u00e4lv kan byta ut aktern till en annan maskintyp vid behov.\",\"breadcrumb\":{\"@id\":\"https:\\\/\\\/jak.fi\\\/sv\\\/produkter\\\/tillbehor-for-energiklippar\\\/lastare-och-teleskoplastare-bakdel\\\/#breadcrumb\"},\"inLanguage\":\"sv-SE\",\"potentialAction\":[{\"@type\":\"ReadAction\",\"target\":[\"https:\\\/\\\/jak.fi\\\/sv\\\/produkter\\\/tillbehor-for-energiklippar\\\/lastare-och-teleskoplastare-bakdel\\\/\"]}]},{\"@type\":\"ImageObject\",\"inLanguage\":\"sv-SE\",\"@id\":\"https:\\\/\\\/jak.fi\\\/sv\\\/produkter\\\/tillbehor-for-energiklippar\\\/lastare-och-teleskoplastare-bakdel\\\/#primaryimage\",\"url\":\"https:\\\/\\\/jak.fi\\\/wp-content\\\/uploads\\\/2024\\\/05\\\/tree-shear-multimount-adapter.png\",\"contentUrl\":\"https:\\\/\\\/jak.fi\\\/wp-content\\\/uploads\\\/2024\\\/05\\\/tree-shear-multimount-adapter.png\",\"width\":1000,\"height\":666,\"caption\":\"Energiklipp bakre \u00e4nde f\u00f6r en lastmaskin\"},{\"@type\":\"BreadcrumbList\",\"@id\":\"https:\\\/\\\/jak.fi\\\/sv\\\/produkter\\\/tillbehor-for-energiklippar\\\/lastare-och-teleskoplastare-bakdel\\\/#breadcrumb\",\"itemListElement\":[{\"@type\":\"ListItem\",\"position\":1,\"name\":\"Etusivu\",\"item\":\"https:\\\/\\\/jak.fi\\\/sv\\\/\"},{\"@type\":\"ListItem\",\"position\":2,\"name\":\"Produkter\",\"item\":\"https:\\\/\\\/jak.fi\\\/sv\\\/produkter\\\/\"},{\"@type\":\"ListItem\",\"position\":3,\"name\":\"Bakre delen av hjullastare och teleskoplastare\"}]},{\"@type\":\"WebSite\",\"@id\":\"https:\\\/\\\/jak.fi\\\/sv\\\/#website\",\"url\":\"https:\\\/\\\/jak.fi\\\/sv\\\/\",\"name\":\"JAK-Metalli Oy\",\"description\":\"\",\"publisher\":{\"@id\":\"https:\\\/\\\/jak.fi\\\/sv\\\/#organization\"},\"alternateName\":\"JAK Tree shears\",\"potentialAction\":[{\"@type\":\"SearchAction\",\"target\":{\"@type\":\"EntryPoint\",\"urlTemplate\":\"https:\\\/\\\/jak.fi\\\/sv\\\/?s={search_term_string}\"},\"query-input\":{\"@type\":\"PropertyValueSpecification\",\"valueRequired\":true,\"valueName\":\"search_term_string\"}}],\"inLanguage\":\"sv-SE\"},{\"@type\":\"Organization\",\"@id\":\"https:\\\/\\\/jak.fi\\\/sv\\\/#organization\",\"name\":\"JAK-Metalli Oy\",\"alternateName\":\"JAK Tree shears\",\"url\":\"https:\\\/\\\/jak.fi\\\/sv\\\/\",\"logo\":{\"@type\":\"ImageObject\",\"inLanguage\":\"sv-SE\",\"@id\":\"https:\\\/\\\/jak.fi\\\/sv\\\/#\\\/schema\\\/logo\\\/image\\\/\",\"url\":\"https:\\\/\\\/jak.fi\\\/wp-content\\\/uploads\\\/2024\\\/09\\\/JAK-logo-696x696-1.jpg\",\"contentUrl\":\"https:\\\/\\\/jak.fi\\\/wp-content\\\/uploads\\\/2024\\\/09\\\/JAK-logo-696x696-1.jpg\",\"width\":696,\"height\":696,\"caption\":\"JAK-Metalli Oy\"},\"image\":{\"@id\":\"https:\\\/\\\/jak.fi\\\/sv\\\/#\\\/schema\\\/logo\\\/image\\\/\"},\"sameAs\":[\"https:\\\/\\\/www.facebook.com\\\/jaktreeshears\",\"https:\\\/\\\/www.instagram.com\\\/jaktreeshears\\\/\",\"https:\\\/\\\/www.youtube.com\\\/channel\\\/UCAwvaVhBBkPie8MeAGbdY1w\"]}]}<\/script>\n<!-- \/ Yoast SEO plugin. -->","yoast_head_json":{"title":"Bakre delen av hjullastare och teleskoplastare &#8211; JAK-Metalli Oy","description":"Funktionen f\u00f6r energiklipp och akter \u00e4r utformad s\u00e5 att du sj\u00e4lv kan byta ut aktern till en annan maskintyp vid behov.","robots":{"index":"index","follow":"follow","max-snippet":"max-snippet:-1","max-image-preview":"max-image-preview:large","max-video-preview":"max-video-preview:-1"},"canonical":"https:\/\/jak.fi\/sv\/produkter\/tillbehor-for-energiklippar\/lastare-och-teleskoplastare-bakdel\/","og_locale":"sv_SE","og_type":"article","og_title":"Bakre delen av hjullastare och teleskoplastare &#8211; JAK-Metalli Oy","og_description":"Funktionen f\u00f6r energiklipp och akter \u00e4r utformad s\u00e5 att du sj\u00e4lv kan byta ut aktern till en annan maskintyp vid behov.","og_url":"https:\/\/jak.fi\/sv\/produkter\/tillbehor-for-energiklippar\/lastare-och-teleskoplastare-bakdel\/","og_site_name":"JAK-Metalli Oy","article_publisher":"https:\/\/www.facebook.com\/jaktreeshears","article_modified_time":"2025-04-11T12:50:28+00:00","og_image":[{"width":1000,"height":666,"url":"https:\/\/jak.fi\/wp-content\/uploads\/2024\/05\/tree-shear-multimount-adapter.png","type":"image\/png"}],"twitter_card":"summary_large_image","twitter_misc":{"Ber\u00e4knad l\u00e4stid":"1 minut"},"schema":{"@context":"https:\/\/schema.org","@graph":[{"@type":"WebPage","@id":"https:\/\/jak.fi\/sv\/produkter\/tillbehor-for-energiklippar\/lastare-och-teleskoplastare-bakdel\/","url":"https:\/\/jak.fi\/sv\/produkter\/tillbehor-for-energiklippar\/lastare-och-teleskoplastare-bakdel\/","name":"Bakre delen av hjullastare och teleskoplastare &#8211; JAK-Metalli Oy","isPartOf":{"@id":"https:\/\/jak.fi\/sv\/#website"},"primaryImageOfPage":{"@id":"https:\/\/jak.fi\/sv\/produkter\/tillbehor-for-energiklippar\/lastare-och-teleskoplastare-bakdel\/#primaryimage"},"image":{"@id":"https:\/\/jak.fi\/sv\/produkter\/tillbehor-for-energiklippar\/lastare-och-teleskoplastare-bakdel\/#primaryimage"},"thumbnailUrl":"https:\/\/jak.fi\/wp-content\/uploads\/2024\/05\/tree-shear-multimount-adapter.png","datePublished":"2024-05-28T07:08:25+00:00","dateModified":"2025-04-11T12:50:28+00:00","description":"Funktionen f\u00f6r energiklipp och akter \u00e4r utformad s\u00e5 att du sj\u00e4lv kan byta ut aktern till en annan maskintyp vid behov.","breadcrumb":{"@id":"https:\/\/jak.fi\/sv\/produkter\/tillbehor-for-energiklippar\/lastare-och-teleskoplastare-bakdel\/#breadcrumb"},"inLanguage":"sv-SE","potentialAction":[{"@type":"ReadAction","target":["https:\/\/jak.fi\/sv\/produkter\/tillbehor-for-energiklippar\/lastare-och-teleskoplastare-bakdel\/"]}]},{"@type":"ImageObject","inLanguage":"sv-SE","@id":"https:\/\/jak.fi\/sv\/produkter\/tillbehor-for-energiklippar\/lastare-och-teleskoplastare-bakdel\/#primaryimage","url":"https:\/\/jak.fi\/wp-content\/uploads\/2024\/05\/tree-shear-multimount-adapter.png","contentUrl":"https:\/\/jak.fi\/wp-content\/uploads\/2024\/05\/tree-shear-multimount-adapter.png","width":1000,"height":666,"caption":"Energiklipp bakre \u00e4nde f\u00f6r en lastmaskin"},{"@type":"BreadcrumbList","@id":"https:\/\/jak.fi\/sv\/produkter\/tillbehor-for-energiklippar\/lastare-och-teleskoplastare-bakdel\/#breadcrumb","itemListElement":[{"@type":"ListItem","position":1,"name":"Etusivu","item":"https:\/\/jak.fi\/sv\/"},{"@type":"ListItem","position":2,"name":"Produkter","item":"https:\/\/jak.fi\/sv\/produkter\/"},{"@type":"ListItem","position":3,"name":"Bakre delen av hjullastare och teleskoplastare"}]},{"@type":"WebSite","@id":"https:\/\/jak.fi\/sv\/#website","url":"https:\/\/jak.fi\/sv\/","name":"JAK-Metalli Oy","description":"","publisher":{"@id":"https:\/\/jak.fi\/sv\/#organization"},"alternateName":"JAK Tree shears","potentialAction":[{"@type":"SearchAction","target":{"@type":"EntryPoint","urlTemplate":"https:\/\/jak.fi\/sv\/?s={search_term_string}"},"query-input":{"@type":"PropertyValueSpecification","valueRequired":true,"valueName":"search_term_string"}}],"inLanguage":"sv-SE"},{"@type":"Organization","@id":"https:\/\/jak.fi\/sv\/#organization","name":"JAK-Metalli Oy","alternateName":"JAK Tree shears","url":"https:\/\/jak.fi\/sv\/","logo":{"@type":"ImageObject","inLanguage":"sv-SE","@id":"https:\/\/jak.fi\/sv\/#\/schema\/logo\/image\/","url":"https:\/\/jak.fi\/wp-content\/uploads\/2024\/09\/JAK-logo-696x696-1.jpg","contentUrl":"https:\/\/jak.fi\/wp-content\/uploads\/2024\/09\/JAK-logo-696x696-1.jpg","width":696,"height":696,"caption":"JAK-Metalli Oy"},"image":{"@id":"https:\/\/jak.fi\/sv\/#\/schema\/logo\/image\/"},"sameAs":["https:\/\/www.facebook.com\/jaktreeshears","https:\/\/www.instagram.com\/jaktreeshears\/","https:\/\/www.youtube.com\/channel\/UCAwvaVhBBkPie8MeAGbdY1w"]}]}},"_links":{"self":[{"href":"https:\/\/jak.fi\/sv\/wp-json\/wp\/v2\/product\/5924","targetHints":{"allow":["GET"]}}],"collection":[{"href":"https:\/\/jak.fi\/sv\/wp-json\/wp\/v2\/product"}],"about":[{"href":"https:\/\/jak.fi\/sv\/wp-json\/wp\/v2\/types\/product"}],"wp:featuredmedia":[{"embeddable":true,"href":"https:\/\/jak.fi\/sv\/wp-json\/wp\/v2\/media\/5925"}],"wp:attachment":[{"href":"https:\/\/jak.fi\/sv\/wp-json\/wp\/v2\/media?parent=5924"}],"wp:term":[{"taxonomy":"product_brand","embeddable":true,"href":"https:\/\/jak.fi\/sv\/wp-json\/wp\/v2\/product_brand?post=5924"},{"taxonomy":"product_cat","embeddable":true,"href":"https:\/\/jak.fi\/sv\/wp-json\/wp\/v2\/product_cat?post=5924"},{"taxonomy":"product_tag","embeddable":true,"href":"https:\/\/jak.fi\/sv\/wp-json\/wp\/v2\/product_tag?post=5924"}],"curies":[{"name":"wp","href":"https:\/\/api.w.org\/{rel}","templated":true}]}}