{"id":5938,"date":"2024-05-28T10:09:06","date_gmt":"2024-05-28T07:09:06","guid":{"rendered":"https:\/\/jak.fi\/products\/okategoriserad\/gravmaskin-bakre-ande\/"},"modified":"2025-04-11T15:50:41","modified_gmt":"2025-04-11T12:50:41","slug":"gravmaskin-bakre-ande","status":"publish","type":"product","link":"https:\/\/jak.fi\/sv\/produkter\/tillbehor-for-energiklippar\/gravmaskin-bakre-ande\/","title":{"rendered":"Gr\u00e4vmaskin bakre \u00e4nde"},"content":{"rendered":"<p>Beroende p\u00e5 monteringsplatta och gr\u00e4vmaskinstillbeh\u00f6r passar JAK Energy Grab i R-serien med bakstycke f\u00f6r gr\u00e4vmaskin till alla vanliga gr\u00e4vmaskinsmodeller. Basen inneh\u00e5ller en t\u00e4ckplatta p\u00e5 vilken det aktuella gr\u00e4vmaskinstillbeh\u00f6ret kan monteras genom bultning eller svetsning efter behov. <\/p>\n<p>Funktionen hos energigripen och aktern \u00e4r ocks\u00e5 utformad s\u00e5 att aktern kan bytas till en annan maskintyp med liten anstr\u00e4ngning, om det beh\u00f6vs. Genom att byta bakre \u00e4nde p\u00e5 gripen kan energigriparna i R-serien anv\u00e4ndas p\u00e5 t.ex. lastare och reachers. <\/p>\n","protected":false},"excerpt":{"rendered":"<p>Beroende p\u00e5 monteringsplatta och gr\u00e4vmaskinstillbeh\u00f6r passar JAK Energy Grab i R-serien med bakstycke f\u00f6r gr\u00e4vmaskin till alla vanliga gr\u00e4vmaskinsmodeller. Basen inneh\u00e5ller en t\u00e4ckplatta p\u00e5 vilken det aktuella gr\u00e4vmaskinstillbeh\u00f6ret kan monteras genom bultning eller svetsning efter behov. Funktionen hos energigripen och aktern \u00e4r ocks\u00e5 utformad s\u00e5 att aktern kan bytas till en annan maskintyp med liten [&hellip;]<\/p>\n","protected":false},"featured_media":5939,"template":"","meta":{"_acf_changed":false},"product_brand":[],"product_cat":[603],"product_tag":[],"class_list":{"0":"post-5938","1":"product","2":"type-product","3":"status-publish","4":"has-post-thumbnail","6":"product_cat-tillbehor-for-energiklippar","8":"first","9":"instock","10":"shipping-taxable","11":"product-type-simple"},"acf":[],"yoast_head":"<!-- This site is optimized with the Yoast SEO plugin v27.3 - https:\/\/yoast.com\/product\/yoast-seo-wordpress\/ -->\n<title>Gr\u00e4vmaskin bakre \u00e4nde &#8211; JAK-Metalli Oy<\/title>\n<meta name=\"description\" content=\"Funktionen f\u00f6r energiklipp och akter \u00e4r utformad s\u00e5 att du sj\u00e4lv kan byta ut aktern till en annan maskintyp vid behov.\" \/>\n<meta name=\"robots\" content=\"index, follow, max-snippet:-1, max-image-preview:large, max-video-preview:-1\" \/>\n<link rel=\"canonical\" href=\"https:\/\/jak.fi\/sv\/produkter\/tillbehor-for-energiklippar\/gravmaskin-bakre-ande\/\" \/>\n<meta property=\"og:locale\" content=\"sv_SE\" \/>\n<meta property=\"og:type\" content=\"article\" \/>\n<meta property=\"og:title\" content=\"Gr\u00e4vmaskin bakre \u00e4nde &#8211; JAK-Metalli Oy\" \/>\n<meta property=\"og:description\" content=\"Funktionen f\u00f6r energiklipp och akter \u00e4r utformad s\u00e5 att du sj\u00e4lv kan byta ut aktern till en annan maskintyp vid behov.\" \/>\n<meta property=\"og:url\" content=\"https:\/\/jak.fi\/sv\/produkter\/tillbehor-for-energiklippar\/gravmaskin-bakre-ande\/\" \/>\n<meta property=\"og:site_name\" content=\"JAK-Metalli Oy\" \/>\n<meta property=\"article:publisher\" content=\"https:\/\/www.facebook.com\/jaktreeshears\" \/>\n<meta property=\"article:modified_time\" content=\"2025-04-11T12:50:41+00:00\" \/>\n<meta property=\"og:image\" content=\"https:\/\/jak.fi\/wp-content\/uploads\/2024\/05\/tree-shear-excavator-adapter-with-ms08-and-foot.png\" \/>\n\t<meta property=\"og:image:width\" content=\"1000\" \/>\n\t<meta property=\"og:image:height\" content=\"666\" \/>\n\t<meta property=\"og:image:type\" content=\"image\/png\" \/>\n<meta name=\"twitter:card\" content=\"summary_large_image\" \/>\n<script type=\"application\/ld+json\" class=\"yoast-schema-graph\">{\"@context\":\"https:\\\/\\\/schema.org\",\"@graph\":[{\"@type\":\"WebPage\",\"@id\":\"https:\\\/\\\/jak.fi\\\/sv\\\/produkter\\\/tillbehor-for-energiklippar\\\/gravmaskin-bakre-ande\\\/\",\"url\":\"https:\\\/\\\/jak.fi\\\/sv\\\/produkter\\\/tillbehor-for-energiklippar\\\/gravmaskin-bakre-ande\\\/\",\"name\":\"Gr\u00e4vmaskin bakre \u00e4nde &#8211; JAK-Metalli Oy\",\"isPartOf\":{\"@id\":\"https:\\\/\\\/jak.fi\\\/sv\\\/#website\"},\"primaryImageOfPage\":{\"@id\":\"https:\\\/\\\/jak.fi\\\/sv\\\/produkter\\\/tillbehor-for-energiklippar\\\/gravmaskin-bakre-ande\\\/#primaryimage\"},\"image\":{\"@id\":\"https:\\\/\\\/jak.fi\\\/sv\\\/produkter\\\/tillbehor-for-energiklippar\\\/gravmaskin-bakre-ande\\\/#primaryimage\"},\"thumbnailUrl\":\"https:\\\/\\\/jak.fi\\\/wp-content\\\/uploads\\\/2024\\\/05\\\/tree-shear-excavator-adapter-with-ms08-and-foot.png\",\"datePublished\":\"2024-05-28T07:09:06+00:00\",\"dateModified\":\"2025-04-11T12:50:41+00:00\",\"description\":\"Funktionen f\u00f6r energiklipp och akter \u00e4r utformad s\u00e5 att du sj\u00e4lv kan byta ut aktern till en annan maskintyp vid behov.\",\"breadcrumb\":{\"@id\":\"https:\\\/\\\/jak.fi\\\/sv\\\/produkter\\\/tillbehor-for-energiklippar\\\/gravmaskin-bakre-ande\\\/#breadcrumb\"},\"inLanguage\":\"sv-SE\",\"potentialAction\":[{\"@type\":\"ReadAction\",\"target\":[\"https:\\\/\\\/jak.fi\\\/sv\\\/produkter\\\/tillbehor-for-energiklippar\\\/gravmaskin-bakre-ande\\\/\"]}]},{\"@type\":\"ImageObject\",\"inLanguage\":\"sv-SE\",\"@id\":\"https:\\\/\\\/jak.fi\\\/sv\\\/produkter\\\/tillbehor-for-energiklippar\\\/gravmaskin-bakre-ande\\\/#primaryimage\",\"url\":\"https:\\\/\\\/jak.fi\\\/wp-content\\\/uploads\\\/2024\\\/05\\\/tree-shear-excavator-adapter-with-ms08-and-foot.png\",\"contentUrl\":\"https:\\\/\\\/jak.fi\\\/wp-content\\\/uploads\\\/2024\\\/05\\\/tree-shear-excavator-adapter-with-ms08-and-foot.png\",\"width\":1000,\"height\":666,\"caption\":\"Energiklipp bakre \u00e4nde f\u00f6r gr\u00e4vmaskin\"},{\"@type\":\"BreadcrumbList\",\"@id\":\"https:\\\/\\\/jak.fi\\\/sv\\\/produkter\\\/tillbehor-for-energiklippar\\\/gravmaskin-bakre-ande\\\/#breadcrumb\",\"itemListElement\":[{\"@type\":\"ListItem\",\"position\":1,\"name\":\"Etusivu\",\"item\":\"https:\\\/\\\/jak.fi\\\/sv\\\/\"},{\"@type\":\"ListItem\",\"position\":2,\"name\":\"Produkter\",\"item\":\"https:\\\/\\\/jak.fi\\\/sv\\\/produkter\\\/\"},{\"@type\":\"ListItem\",\"position\":3,\"name\":\"Gr\u00e4vmaskin bakre \u00e4nde\"}]},{\"@type\":\"WebSite\",\"@id\":\"https:\\\/\\\/jak.fi\\\/sv\\\/#website\",\"url\":\"https:\\\/\\\/jak.fi\\\/sv\\\/\",\"name\":\"JAK-Metalli Oy\",\"description\":\"\",\"publisher\":{\"@id\":\"https:\\\/\\\/jak.fi\\\/sv\\\/#organization\"},\"alternateName\":\"JAK Tree shears\",\"potentialAction\":[{\"@type\":\"SearchAction\",\"target\":{\"@type\":\"EntryPoint\",\"urlTemplate\":\"https:\\\/\\\/jak.fi\\\/sv\\\/?s={search_term_string}\"},\"query-input\":{\"@type\":\"PropertyValueSpecification\",\"valueRequired\":true,\"valueName\":\"search_term_string\"}}],\"inLanguage\":\"sv-SE\"},{\"@type\":\"Organization\",\"@id\":\"https:\\\/\\\/jak.fi\\\/sv\\\/#organization\",\"name\":\"JAK-Metalli Oy\",\"alternateName\":\"JAK Tree shears\",\"url\":\"https:\\\/\\\/jak.fi\\\/sv\\\/\",\"logo\":{\"@type\":\"ImageObject\",\"inLanguage\":\"sv-SE\",\"@id\":\"https:\\\/\\\/jak.fi\\\/sv\\\/#\\\/schema\\\/logo\\\/image\\\/\",\"url\":\"https:\\\/\\\/jak.fi\\\/wp-content\\\/uploads\\\/2024\\\/09\\\/JAK-logo-696x696-1.jpg\",\"contentUrl\":\"https:\\\/\\\/jak.fi\\\/wp-content\\\/uploads\\\/2024\\\/09\\\/JAK-logo-696x696-1.jpg\",\"width\":696,\"height\":696,\"caption\":\"JAK-Metalli Oy\"},\"image\":{\"@id\":\"https:\\\/\\\/jak.fi\\\/sv\\\/#\\\/schema\\\/logo\\\/image\\\/\"},\"sameAs\":[\"https:\\\/\\\/www.facebook.com\\\/jaktreeshears\",\"https:\\\/\\\/www.instagram.com\\\/jaktreeshears\\\/\",\"https:\\\/\\\/www.youtube.com\\\/channel\\\/UCAwvaVhBBkPie8MeAGbdY1w\"]}]}<\/script>\n<!-- \/ Yoast SEO plugin. -->","yoast_head_json":{"title":"Gr\u00e4vmaskin bakre \u00e4nde &#8211; JAK-Metalli Oy","description":"Funktionen f\u00f6r energiklipp och akter \u00e4r utformad s\u00e5 att du sj\u00e4lv kan byta ut aktern till en annan maskintyp vid behov.","robots":{"index":"index","follow":"follow","max-snippet":"max-snippet:-1","max-image-preview":"max-image-preview:large","max-video-preview":"max-video-preview:-1"},"canonical":"https:\/\/jak.fi\/sv\/produkter\/tillbehor-for-energiklippar\/gravmaskin-bakre-ande\/","og_locale":"sv_SE","og_type":"article","og_title":"Gr\u00e4vmaskin bakre \u00e4nde &#8211; JAK-Metalli Oy","og_description":"Funktionen f\u00f6r energiklipp och akter \u00e4r utformad s\u00e5 att du sj\u00e4lv kan byta ut aktern till en annan maskintyp vid behov.","og_url":"https:\/\/jak.fi\/sv\/produkter\/tillbehor-for-energiklippar\/gravmaskin-bakre-ande\/","og_site_name":"JAK-Metalli Oy","article_publisher":"https:\/\/www.facebook.com\/jaktreeshears","article_modified_time":"2025-04-11T12:50:41+00:00","og_image":[{"width":1000,"height":666,"url":"https:\/\/jak.fi\/wp-content\/uploads\/2024\/05\/tree-shear-excavator-adapter-with-ms08-and-foot.png","type":"image\/png"}],"twitter_card":"summary_large_image","schema":{"@context":"https:\/\/schema.org","@graph":[{"@type":"WebPage","@id":"https:\/\/jak.fi\/sv\/produkter\/tillbehor-for-energiklippar\/gravmaskin-bakre-ande\/","url":"https:\/\/jak.fi\/sv\/produkter\/tillbehor-for-energiklippar\/gravmaskin-bakre-ande\/","name":"Gr\u00e4vmaskin bakre \u00e4nde &#8211; JAK-Metalli Oy","isPartOf":{"@id":"https:\/\/jak.fi\/sv\/#website"},"primaryImageOfPage":{"@id":"https:\/\/jak.fi\/sv\/produkter\/tillbehor-for-energiklippar\/gravmaskin-bakre-ande\/#primaryimage"},"image":{"@id":"https:\/\/jak.fi\/sv\/produkter\/tillbehor-for-energiklippar\/gravmaskin-bakre-ande\/#primaryimage"},"thumbnailUrl":"https:\/\/jak.fi\/wp-content\/uploads\/2024\/05\/tree-shear-excavator-adapter-with-ms08-and-foot.png","datePublished":"2024-05-28T07:09:06+00:00","dateModified":"2025-04-11T12:50:41+00:00","description":"Funktionen f\u00f6r energiklipp och akter \u00e4r utformad s\u00e5 att du sj\u00e4lv kan byta ut aktern till en annan maskintyp vid behov.","breadcrumb":{"@id":"https:\/\/jak.fi\/sv\/produkter\/tillbehor-for-energiklippar\/gravmaskin-bakre-ande\/#breadcrumb"},"inLanguage":"sv-SE","potentialAction":[{"@type":"ReadAction","target":["https:\/\/jak.fi\/sv\/produkter\/tillbehor-for-energiklippar\/gravmaskin-bakre-ande\/"]}]},{"@type":"ImageObject","inLanguage":"sv-SE","@id":"https:\/\/jak.fi\/sv\/produkter\/tillbehor-for-energiklippar\/gravmaskin-bakre-ande\/#primaryimage","url":"https:\/\/jak.fi\/wp-content\/uploads\/2024\/05\/tree-shear-excavator-adapter-with-ms08-and-foot.png","contentUrl":"https:\/\/jak.fi\/wp-content\/uploads\/2024\/05\/tree-shear-excavator-adapter-with-ms08-and-foot.png","width":1000,"height":666,"caption":"Energiklipp bakre \u00e4nde f\u00f6r gr\u00e4vmaskin"},{"@type":"BreadcrumbList","@id":"https:\/\/jak.fi\/sv\/produkter\/tillbehor-for-energiklippar\/gravmaskin-bakre-ande\/#breadcrumb","itemListElement":[{"@type":"ListItem","position":1,"name":"Etusivu","item":"https:\/\/jak.fi\/sv\/"},{"@type":"ListItem","position":2,"name":"Produkter","item":"https:\/\/jak.fi\/sv\/produkter\/"},{"@type":"ListItem","position":3,"name":"Gr\u00e4vmaskin bakre \u00e4nde"}]},{"@type":"WebSite","@id":"https:\/\/jak.fi\/sv\/#website","url":"https:\/\/jak.fi\/sv\/","name":"JAK-Metalli Oy","description":"","publisher":{"@id":"https:\/\/jak.fi\/sv\/#organization"},"alternateName":"JAK Tree shears","potentialAction":[{"@type":"SearchAction","target":{"@type":"EntryPoint","urlTemplate":"https:\/\/jak.fi\/sv\/?s={search_term_string}"},"query-input":{"@type":"PropertyValueSpecification","valueRequired":true,"valueName":"search_term_string"}}],"inLanguage":"sv-SE"},{"@type":"Organization","@id":"https:\/\/jak.fi\/sv\/#organization","name":"JAK-Metalli Oy","alternateName":"JAK Tree shears","url":"https:\/\/jak.fi\/sv\/","logo":{"@type":"ImageObject","inLanguage":"sv-SE","@id":"https:\/\/jak.fi\/sv\/#\/schema\/logo\/image\/","url":"https:\/\/jak.fi\/wp-content\/uploads\/2024\/09\/JAK-logo-696x696-1.jpg","contentUrl":"https:\/\/jak.fi\/wp-content\/uploads\/2024\/09\/JAK-logo-696x696-1.jpg","width":696,"height":696,"caption":"JAK-Metalli Oy"},"image":{"@id":"https:\/\/jak.fi\/sv\/#\/schema\/logo\/image\/"},"sameAs":["https:\/\/www.facebook.com\/jaktreeshears","https:\/\/www.instagram.com\/jaktreeshears\/","https:\/\/www.youtube.com\/channel\/UCAwvaVhBBkPie8MeAGbdY1w"]}]}},"_links":{"self":[{"href":"https:\/\/jak.fi\/sv\/wp-json\/wp\/v2\/product\/5938","targetHints":{"allow":["GET"]}}],"collection":[{"href":"https:\/\/jak.fi\/sv\/wp-json\/wp\/v2\/product"}],"about":[{"href":"https:\/\/jak.fi\/sv\/wp-json\/wp\/v2\/types\/product"}],"wp:featuredmedia":[{"embeddable":true,"href":"https:\/\/jak.fi\/sv\/wp-json\/wp\/v2\/media\/5939"}],"wp:attachment":[{"href":"https:\/\/jak.fi\/sv\/wp-json\/wp\/v2\/media?parent=5938"}],"wp:term":[{"taxonomy":"product_brand","embeddable":true,"href":"https:\/\/jak.fi\/sv\/wp-json\/wp\/v2\/product_brand?post=5938"},{"taxonomy":"product_cat","embeddable":true,"href":"https:\/\/jak.fi\/sv\/wp-json\/wp\/v2\/product_cat?post=5938"},{"taxonomy":"product_tag","embeddable":true,"href":"https:\/\/jak.fi\/sv\/wp-json\/wp\/v2\/product_tag?post=5938"}],"curies":[{"name":"wp","href":"https:\/\/api.w.org\/{rel}","templated":true}]}}