{"id":5944,"date":"2024-05-28T10:09:49","date_gmt":"2024-05-28T07:09:49","guid":{"rendered":"https:\/\/jak.fi\/products\/okategoriserad\/redskap-for-gravmaskiner\/"},"modified":"2025-04-11T15:50:40","modified_gmt":"2025-04-11T12:50:40","slug":"redskap-for-gravmaskiner","status":"publish","type":"product","link":"https:\/\/jak.fi\/sv\/produkter\/tillbehor-for-energiklippar\/redskap-for-gravmaskiner\/","title":{"rendered":"Redskap f\u00f6r gr\u00e4vmaskiner"},"content":{"rendered":"<p>Alla de vanligaste gr\u00e4vmaskinsf\u00e4stena finns tillg\u00e4ngliga f\u00f6r energigripen. Mer specialiserade redskap finns tillg\u00e4ngliga p\u00e5 beg\u00e4ran, beroende p\u00e5 maskintyp. <\/p>\n<p>JAK Energy Grip kan utrustas med ett dikesfr\u00e4sredskap enligt kundens \u00f6nskem\u00e5l. Mer specifika redskap och l\u00f6sningar kan tillverkas p\u00e5 best\u00e4llning, beroende p\u00e5 maskintyp. <\/p>\n<p>Finns t.ex. i MS01, MS03, MS08, MS10, S30, S40, S45, S50, S60, S70, S60\/70 och CW30. Det \u00e4r enkelt att byta ut den l\u00f6sa kopplingen till en annan modell, \u00e4ven i efterhand. <\/p>\n","protected":false},"excerpt":{"rendered":"<p>Alla de vanligaste gr\u00e4vmaskinsf\u00e4stena finns tillg\u00e4ngliga f\u00f6r energigripen. Mer specialiserade redskap finns tillg\u00e4ngliga p\u00e5 beg\u00e4ran, beroende p\u00e5 maskintyp. JAK Energy Grip kan utrustas med ett dikesfr\u00e4sredskap enligt kundens \u00f6nskem\u00e5l. Mer specifika redskap och l\u00f6sningar kan tillverkas p\u00e5 best\u00e4llning, beroende p\u00e5 maskintyp. Finns t.ex. i MS01, MS03, MS08, MS10, S30, S40, S45, S50, S60, S70, S60\/70 [&hellip;]<\/p>\n","protected":false},"featured_media":5946,"template":"","meta":{"_acf_changed":false},"product_brand":[],"product_cat":[603],"product_tag":[],"class_list":{"0":"post-5944","1":"product","2":"type-product","3":"status-publish","4":"has-post-thumbnail","6":"product_cat-tillbehor-for-energiklippar","8":"first","9":"instock","10":"shipping-taxable","11":"product-type-simple"},"acf":[],"yoast_head":"<!-- This site is optimized with the Yoast SEO plugin v27.3 - https:\/\/yoast.com\/product\/yoast-seo-wordpress\/ -->\n<title>Redskap f\u00f6r gr\u00e4vmaskiner &#8211; JAK-Metalli Oy<\/title>\n<meta name=\"description\" content=\"JAK:s gr\u00e4vmaskinf\u00e4sten \u00e4r en p\u00e5litlig och robust l\u00f6sning f\u00f6r att f\u00e4sta energiklippet p\u00e5 gr\u00e4vmaskinen.\" \/>\n<meta name=\"robots\" content=\"index, follow, max-snippet:-1, max-image-preview:large, max-video-preview:-1\" \/>\n<link rel=\"canonical\" href=\"https:\/\/jak.fi\/sv\/produkter\/tillbehor-for-energiklippar\/redskap-for-gravmaskiner\/\" \/>\n<meta property=\"og:locale\" content=\"sv_SE\" \/>\n<meta property=\"og:type\" content=\"article\" \/>\n<meta property=\"og:title\" content=\"Redskap f\u00f6r gr\u00e4vmaskiner &#8211; JAK-Metalli Oy\" \/>\n<meta property=\"og:description\" content=\"JAK:s gr\u00e4vmaskinf\u00e4sten \u00e4r en p\u00e5litlig och robust l\u00f6sning f\u00f6r att f\u00e4sta energiklippet p\u00e5 gr\u00e4vmaskinen.\" \/>\n<meta property=\"og:url\" content=\"https:\/\/jak.fi\/sv\/produkter\/tillbehor-for-energiklippar\/redskap-for-gravmaskiner\/\" \/>\n<meta property=\"og:site_name\" content=\"JAK-Metalli Oy\" \/>\n<meta property=\"article:publisher\" content=\"https:\/\/www.facebook.com\/jaktreeshears\" \/>\n<meta property=\"article:modified_time\" content=\"2025-04-11T12:50:40+00:00\" \/>\n<meta property=\"og:image\" content=\"https:\/\/jak.fi\/wp-content\/uploads\/2024\/05\/tree-shear-excavator-coupling.png\" \/>\n\t<meta property=\"og:image:width\" content=\"1000\" \/>\n\t<meta property=\"og:image:height\" content=\"666\" \/>\n\t<meta property=\"og:image:type\" content=\"image\/png\" \/>\n<meta name=\"twitter:card\" content=\"summary_large_image\" \/>\n<meta name=\"twitter:label1\" content=\"Ber\u00e4knad l\u00e4stid\" \/>\n\t<meta name=\"twitter:data1\" content=\"1 minut\" \/>\n<script type=\"application\/ld+json\" class=\"yoast-schema-graph\">{\"@context\":\"https:\\\/\\\/schema.org\",\"@graph\":[{\"@type\":\"WebPage\",\"@id\":\"https:\\\/\\\/jak.fi\\\/sv\\\/produkter\\\/tillbehor-for-energiklippar\\\/redskap-for-gravmaskiner\\\/\",\"url\":\"https:\\\/\\\/jak.fi\\\/sv\\\/produkter\\\/tillbehor-for-energiklippar\\\/redskap-for-gravmaskiner\\\/\",\"name\":\"Redskap f\u00f6r gr\u00e4vmaskiner &#8211; JAK-Metalli Oy\",\"isPartOf\":{\"@id\":\"https:\\\/\\\/jak.fi\\\/sv\\\/#website\"},\"primaryImageOfPage\":{\"@id\":\"https:\\\/\\\/jak.fi\\\/sv\\\/produkter\\\/tillbehor-for-energiklippar\\\/redskap-for-gravmaskiner\\\/#primaryimage\"},\"image\":{\"@id\":\"https:\\\/\\\/jak.fi\\\/sv\\\/produkter\\\/tillbehor-for-energiklippar\\\/redskap-for-gravmaskiner\\\/#primaryimage\"},\"thumbnailUrl\":\"https:\\\/\\\/jak.fi\\\/wp-content\\\/uploads\\\/2024\\\/05\\\/tree-shear-excavator-coupling.png\",\"datePublished\":\"2024-05-28T07:09:49+00:00\",\"dateModified\":\"2025-04-11T12:50:40+00:00\",\"description\":\"JAK:s gr\u00e4vmaskinf\u00e4sten \u00e4r en p\u00e5litlig och robust l\u00f6sning f\u00f6r att f\u00e4sta energiklippet p\u00e5 gr\u00e4vmaskinen.\",\"breadcrumb\":{\"@id\":\"https:\\\/\\\/jak.fi\\\/sv\\\/produkter\\\/tillbehor-for-energiklippar\\\/redskap-for-gravmaskiner\\\/#breadcrumb\"},\"inLanguage\":\"sv-SE\",\"potentialAction\":[{\"@type\":\"ReadAction\",\"target\":[\"https:\\\/\\\/jak.fi\\\/sv\\\/produkter\\\/tillbehor-for-energiklippar\\\/redskap-for-gravmaskiner\\\/\"]}]},{\"@type\":\"ImageObject\",\"inLanguage\":\"sv-SE\",\"@id\":\"https:\\\/\\\/jak.fi\\\/sv\\\/produkter\\\/tillbehor-for-energiklippar\\\/redskap-for-gravmaskiner\\\/#primaryimage\",\"url\":\"https:\\\/\\\/jak.fi\\\/wp-content\\\/uploads\\\/2024\\\/05\\\/tree-shear-excavator-coupling.png\",\"contentUrl\":\"https:\\\/\\\/jak.fi\\\/wp-content\\\/uploads\\\/2024\\\/05\\\/tree-shear-excavator-coupling.png\",\"width\":1000,\"height\":666,\"caption\":\"F\u00e4sten f\u00f6r gr\u00e4vmaskiner f\u00f6r energiklipp\"},{\"@type\":\"BreadcrumbList\",\"@id\":\"https:\\\/\\\/jak.fi\\\/sv\\\/produkter\\\/tillbehor-for-energiklippar\\\/redskap-for-gravmaskiner\\\/#breadcrumb\",\"itemListElement\":[{\"@type\":\"ListItem\",\"position\":1,\"name\":\"Etusivu\",\"item\":\"https:\\\/\\\/jak.fi\\\/sv\\\/\"},{\"@type\":\"ListItem\",\"position\":2,\"name\":\"Produkter\",\"item\":\"https:\\\/\\\/jak.fi\\\/sv\\\/produkter\\\/\"},{\"@type\":\"ListItem\",\"position\":3,\"name\":\"Redskap f\u00f6r gr\u00e4vmaskiner\"}]},{\"@type\":\"WebSite\",\"@id\":\"https:\\\/\\\/jak.fi\\\/sv\\\/#website\",\"url\":\"https:\\\/\\\/jak.fi\\\/sv\\\/\",\"name\":\"JAK-Metalli Oy\",\"description\":\"\",\"publisher\":{\"@id\":\"https:\\\/\\\/jak.fi\\\/sv\\\/#organization\"},\"alternateName\":\"JAK Tree shears\",\"potentialAction\":[{\"@type\":\"SearchAction\",\"target\":{\"@type\":\"EntryPoint\",\"urlTemplate\":\"https:\\\/\\\/jak.fi\\\/sv\\\/?s={search_term_string}\"},\"query-input\":{\"@type\":\"PropertyValueSpecification\",\"valueRequired\":true,\"valueName\":\"search_term_string\"}}],\"inLanguage\":\"sv-SE\"},{\"@type\":\"Organization\",\"@id\":\"https:\\\/\\\/jak.fi\\\/sv\\\/#organization\",\"name\":\"JAK-Metalli Oy\",\"alternateName\":\"JAK Tree shears\",\"url\":\"https:\\\/\\\/jak.fi\\\/sv\\\/\",\"logo\":{\"@type\":\"ImageObject\",\"inLanguage\":\"sv-SE\",\"@id\":\"https:\\\/\\\/jak.fi\\\/sv\\\/#\\\/schema\\\/logo\\\/image\\\/\",\"url\":\"https:\\\/\\\/jak.fi\\\/wp-content\\\/uploads\\\/2024\\\/09\\\/JAK-logo-696x696-1.jpg\",\"contentUrl\":\"https:\\\/\\\/jak.fi\\\/wp-content\\\/uploads\\\/2024\\\/09\\\/JAK-logo-696x696-1.jpg\",\"width\":696,\"height\":696,\"caption\":\"JAK-Metalli Oy\"},\"image\":{\"@id\":\"https:\\\/\\\/jak.fi\\\/sv\\\/#\\\/schema\\\/logo\\\/image\\\/\"},\"sameAs\":[\"https:\\\/\\\/www.facebook.com\\\/jaktreeshears\",\"https:\\\/\\\/www.instagram.com\\\/jaktreeshears\\\/\",\"https:\\\/\\\/www.youtube.com\\\/channel\\\/UCAwvaVhBBkPie8MeAGbdY1w\"]}]}<\/script>\n<!-- \/ Yoast SEO plugin. -->","yoast_head_json":{"title":"Redskap f\u00f6r gr\u00e4vmaskiner &#8211; JAK-Metalli Oy","description":"JAK:s gr\u00e4vmaskinf\u00e4sten \u00e4r en p\u00e5litlig och robust l\u00f6sning f\u00f6r att f\u00e4sta energiklippet p\u00e5 gr\u00e4vmaskinen.","robots":{"index":"index","follow":"follow","max-snippet":"max-snippet:-1","max-image-preview":"max-image-preview:large","max-video-preview":"max-video-preview:-1"},"canonical":"https:\/\/jak.fi\/sv\/produkter\/tillbehor-for-energiklippar\/redskap-for-gravmaskiner\/","og_locale":"sv_SE","og_type":"article","og_title":"Redskap f\u00f6r gr\u00e4vmaskiner &#8211; JAK-Metalli Oy","og_description":"JAK:s gr\u00e4vmaskinf\u00e4sten \u00e4r en p\u00e5litlig och robust l\u00f6sning f\u00f6r att f\u00e4sta energiklippet p\u00e5 gr\u00e4vmaskinen.","og_url":"https:\/\/jak.fi\/sv\/produkter\/tillbehor-for-energiklippar\/redskap-for-gravmaskiner\/","og_site_name":"JAK-Metalli Oy","article_publisher":"https:\/\/www.facebook.com\/jaktreeshears","article_modified_time":"2025-04-11T12:50:40+00:00","og_image":[{"width":1000,"height":666,"url":"https:\/\/jak.fi\/wp-content\/uploads\/2024\/05\/tree-shear-excavator-coupling.png","type":"image\/png"}],"twitter_card":"summary_large_image","twitter_misc":{"Ber\u00e4knad l\u00e4stid":"1 minut"},"schema":{"@context":"https:\/\/schema.org","@graph":[{"@type":"WebPage","@id":"https:\/\/jak.fi\/sv\/produkter\/tillbehor-for-energiklippar\/redskap-for-gravmaskiner\/","url":"https:\/\/jak.fi\/sv\/produkter\/tillbehor-for-energiklippar\/redskap-for-gravmaskiner\/","name":"Redskap f\u00f6r gr\u00e4vmaskiner &#8211; JAK-Metalli Oy","isPartOf":{"@id":"https:\/\/jak.fi\/sv\/#website"},"primaryImageOfPage":{"@id":"https:\/\/jak.fi\/sv\/produkter\/tillbehor-for-energiklippar\/redskap-for-gravmaskiner\/#primaryimage"},"image":{"@id":"https:\/\/jak.fi\/sv\/produkter\/tillbehor-for-energiklippar\/redskap-for-gravmaskiner\/#primaryimage"},"thumbnailUrl":"https:\/\/jak.fi\/wp-content\/uploads\/2024\/05\/tree-shear-excavator-coupling.png","datePublished":"2024-05-28T07:09:49+00:00","dateModified":"2025-04-11T12:50:40+00:00","description":"JAK:s gr\u00e4vmaskinf\u00e4sten \u00e4r en p\u00e5litlig och robust l\u00f6sning f\u00f6r att f\u00e4sta energiklippet p\u00e5 gr\u00e4vmaskinen.","breadcrumb":{"@id":"https:\/\/jak.fi\/sv\/produkter\/tillbehor-for-energiklippar\/redskap-for-gravmaskiner\/#breadcrumb"},"inLanguage":"sv-SE","potentialAction":[{"@type":"ReadAction","target":["https:\/\/jak.fi\/sv\/produkter\/tillbehor-for-energiklippar\/redskap-for-gravmaskiner\/"]}]},{"@type":"ImageObject","inLanguage":"sv-SE","@id":"https:\/\/jak.fi\/sv\/produkter\/tillbehor-for-energiklippar\/redskap-for-gravmaskiner\/#primaryimage","url":"https:\/\/jak.fi\/wp-content\/uploads\/2024\/05\/tree-shear-excavator-coupling.png","contentUrl":"https:\/\/jak.fi\/wp-content\/uploads\/2024\/05\/tree-shear-excavator-coupling.png","width":1000,"height":666,"caption":"F\u00e4sten f\u00f6r gr\u00e4vmaskiner f\u00f6r energiklipp"},{"@type":"BreadcrumbList","@id":"https:\/\/jak.fi\/sv\/produkter\/tillbehor-for-energiklippar\/redskap-for-gravmaskiner\/#breadcrumb","itemListElement":[{"@type":"ListItem","position":1,"name":"Etusivu","item":"https:\/\/jak.fi\/sv\/"},{"@type":"ListItem","position":2,"name":"Produkter","item":"https:\/\/jak.fi\/sv\/produkter\/"},{"@type":"ListItem","position":3,"name":"Redskap f\u00f6r gr\u00e4vmaskiner"}]},{"@type":"WebSite","@id":"https:\/\/jak.fi\/sv\/#website","url":"https:\/\/jak.fi\/sv\/","name":"JAK-Metalli Oy","description":"","publisher":{"@id":"https:\/\/jak.fi\/sv\/#organization"},"alternateName":"JAK Tree shears","potentialAction":[{"@type":"SearchAction","target":{"@type":"EntryPoint","urlTemplate":"https:\/\/jak.fi\/sv\/?s={search_term_string}"},"query-input":{"@type":"PropertyValueSpecification","valueRequired":true,"valueName":"search_term_string"}}],"inLanguage":"sv-SE"},{"@type":"Organization","@id":"https:\/\/jak.fi\/sv\/#organization","name":"JAK-Metalli Oy","alternateName":"JAK Tree shears","url":"https:\/\/jak.fi\/sv\/","logo":{"@type":"ImageObject","inLanguage":"sv-SE","@id":"https:\/\/jak.fi\/sv\/#\/schema\/logo\/image\/","url":"https:\/\/jak.fi\/wp-content\/uploads\/2024\/09\/JAK-logo-696x696-1.jpg","contentUrl":"https:\/\/jak.fi\/wp-content\/uploads\/2024\/09\/JAK-logo-696x696-1.jpg","width":696,"height":696,"caption":"JAK-Metalli Oy"},"image":{"@id":"https:\/\/jak.fi\/sv\/#\/schema\/logo\/image\/"},"sameAs":["https:\/\/www.facebook.com\/jaktreeshears","https:\/\/www.instagram.com\/jaktreeshears\/","https:\/\/www.youtube.com\/channel\/UCAwvaVhBBkPie8MeAGbdY1w"]}]}},"_links":{"self":[{"href":"https:\/\/jak.fi\/sv\/wp-json\/wp\/v2\/product\/5944","targetHints":{"allow":["GET"]}}],"collection":[{"href":"https:\/\/jak.fi\/sv\/wp-json\/wp\/v2\/product"}],"about":[{"href":"https:\/\/jak.fi\/sv\/wp-json\/wp\/v2\/types\/product"}],"wp:featuredmedia":[{"embeddable":true,"href":"https:\/\/jak.fi\/sv\/wp-json\/wp\/v2\/media\/5946"}],"wp:attachment":[{"href":"https:\/\/jak.fi\/sv\/wp-json\/wp\/v2\/media?parent=5944"}],"wp:term":[{"taxonomy":"product_brand","embeddable":true,"href":"https:\/\/jak.fi\/sv\/wp-json\/wp\/v2\/product_brand?post=5944"},{"taxonomy":"product_cat","embeddable":true,"href":"https:\/\/jak.fi\/sv\/wp-json\/wp\/v2\/product_cat?post=5944"},{"taxonomy":"product_tag","embeddable":true,"href":"https:\/\/jak.fi\/sv\/wp-json\/wp\/v2\/product_tag?post=5944"}],"curies":[{"name":"wp","href":"https:\/\/api.w.org\/{rel}","templated":true}]}}