{"id":5949,"date":"2024-05-28T10:07:12","date_gmt":"2024-05-28T07:07:12","guid":{"rendered":"https:\/\/jak.fi\/products\/okategoriserad\/stod-for-overhead\/"},"modified":"2025-02-26T10:09:26","modified_gmt":"2025-02-26T07:09:26","slug":"fallstod","status":"publish","type":"product","link":"https:\/\/jak.fi\/sv\/produkter\/tillbehor-for-energiklippar\/fallstod\/","title":{"rendered":"F\u00e4llst\u00f6d"},"content":{"rendered":"<p>Det separat f\u00e4llst\u00f6d som f\u00e4sts p\u00e5 energiklippet g\u00f6r tr\u00e4dh\u00e5llningen enklare och s\u00e4krare. Som tillbeh\u00f6r \u00f6kar f\u00e4llst\u00f6det energiklippets krockpl\u00e5tens h\u00f6jd och s\u00e4kerst\u00e4ller p\u00e5 s\u00e5 s\u00e4tt ett stabilt grepp om tr\u00e4det.<\/p>\n<p>F\u00e4llst\u00f6det \u00e4r ett n\u00f6dv\u00e4ndigt tillbeh\u00f6r om det tr\u00e4 som ska r\u00f6jas \u00e4r mer br\u00e4ckligt, till exempel p\u00e5 grund av f\u00f6rruttnelse. Med f\u00e4llst\u00f6det h\u00e5ller mjukare tr\u00e4 sig l\u00e4ttare ihop, och f\u00f6rhindrar att det bryts av direkt ovanf\u00f6r k\u00e4ftarna p\u00e5 grund av gravitationen och r\u00f6relsen.<\/p>\n","protected":false},"excerpt":{"rendered":"<p>Det separat f\u00e4llst\u00f6d som f\u00e4sts p\u00e5 energiklippet g\u00f6r tr\u00e4dh\u00e5llningen enklare och s\u00e4krare. Som tillbeh\u00f6r \u00f6kar f\u00e4llst\u00f6det energiklippets krockpl\u00e5tens h\u00f6jd och s\u00e4kerst\u00e4ller p\u00e5 s\u00e5 s\u00e4tt ett stabilt grepp om tr\u00e4det. F\u00e4llst\u00f6det \u00e4r ett n\u00f6dv\u00e4ndigt tillbeh\u00f6r om det tr\u00e4 som ska r\u00f6jas \u00e4r mer br\u00e4ckligt, till exempel p\u00e5 grund av f\u00f6rruttnelse. Med f\u00e4llst\u00f6det h\u00e5ller mjukare tr\u00e4 sig [&hellip;]<\/p>\n","protected":false},"featured_media":5951,"template":"","meta":{"_acf_changed":false},"product_brand":[],"product_cat":[603],"product_tag":[],"class_list":{"0":"post-5949","1":"product","2":"type-product","3":"status-publish","4":"has-post-thumbnail","6":"product_cat-tillbehor-for-energiklippar","8":"first","9":"instock","10":"shipping-taxable","11":"product-type-simple"},"acf":[],"yoast_head":"<!-- This site is optimized with the Yoast SEO plugin v27.2 - https:\/\/yoast.com\/product\/yoast-seo-wordpress\/ -->\n<title>F\u00e4llst\u00f6d &#8211; JAK-Metalli Oy<\/title>\n<meta name=\"robots\" content=\"index, follow, max-snippet:-1, max-image-preview:large, max-video-preview:-1\" \/>\n<link rel=\"canonical\" href=\"https:\/\/jak.fi\/sv\/produkter\/tillbehor-for-energiklippar\/fallstod\/\" \/>\n<meta property=\"og:locale\" content=\"sv_SE\" \/>\n<meta property=\"og:type\" content=\"article\" \/>\n<meta property=\"og:title\" content=\"F\u00e4llst\u00f6d &#8211; JAK-Metalli Oy\" \/>\n<meta property=\"og:description\" content=\"Det separat f\u00e4llst\u00f6d som f\u00e4sts p\u00e5 energiklippet g\u00f6r tr\u00e4dh\u00e5llningen enklare och s\u00e4krare. Som tillbeh\u00f6r \u00f6kar f\u00e4llst\u00f6det energiklippets krockpl\u00e5tens h\u00f6jd och s\u00e4kerst\u00e4ller p\u00e5 s\u00e5 s\u00e4tt ett stabilt grepp om tr\u00e4det. F\u00e4llst\u00f6det \u00e4r ett n\u00f6dv\u00e4ndigt tillbeh\u00f6r om det tr\u00e4 som ska r\u00f6jas \u00e4r mer br\u00e4ckligt, till exempel p\u00e5 grund av f\u00f6rruttnelse. Med f\u00e4llst\u00f6det h\u00e5ller mjukare tr\u00e4 sig [&hellip;]\" \/>\n<meta property=\"og:url\" content=\"https:\/\/jak.fi\/sv\/produkter\/tillbehor-for-energiklippar\/fallstod\/\" \/>\n<meta property=\"og:site_name\" content=\"JAK-Metalli Oy\" \/>\n<meta property=\"article:publisher\" content=\"https:\/\/www.facebook.com\/jaktreeshears\" \/>\n<meta property=\"article:modified_time\" content=\"2025-02-26T07:09:26+00:00\" \/>\n<meta property=\"og:image\" content=\"https:\/\/jak.fi\/wp-content\/uploads\/2024\/05\/jak-200r-felling-support-small.png\" \/>\n\t<meta property=\"og:image:width\" content=\"1000\" \/>\n\t<meta property=\"og:image:height\" content=\"666\" \/>\n\t<meta property=\"og:image:type\" content=\"image\/png\" \/>\n<meta name=\"twitter:card\" content=\"summary_large_image\" \/>\n<meta name=\"twitter:label1\" content=\"Ber\u00e4knad l\u00e4stid\" \/>\n\t<meta name=\"twitter:data1\" content=\"1 minut\" \/>\n<script type=\"application\/ld+json\" class=\"yoast-schema-graph\">{\"@context\":\"https:\/\/schema.org\",\"@graph\":[{\"@type\":\"WebPage\",\"@id\":\"https:\/\/jak.fi\/sv\/produkter\/tillbehor-for-energiklippar\/fallstod\/\",\"url\":\"https:\/\/jak.fi\/sv\/produkter\/tillbehor-for-energiklippar\/fallstod\/\",\"name\":\"F\u00e4llst\u00f6d &#8211; JAK-Metalli Oy\",\"isPartOf\":{\"@id\":\"https:\/\/jak.fi\/sv\/#website\"},\"primaryImageOfPage\":{\"@id\":\"https:\/\/jak.fi\/sv\/produkter\/tillbehor-for-energiklippar\/fallstod\/#primaryimage\"},\"image\":{\"@id\":\"https:\/\/jak.fi\/sv\/produkter\/tillbehor-for-energiklippar\/fallstod\/#primaryimage\"},\"thumbnailUrl\":\"https:\/\/jak.fi\/wp-content\/uploads\/2024\/05\/jak-200r-felling-support-small.png\",\"datePublished\":\"2024-05-28T07:07:12+00:00\",\"dateModified\":\"2025-02-26T07:09:26+00:00\",\"breadcrumb\":{\"@id\":\"https:\/\/jak.fi\/sv\/produkter\/tillbehor-for-energiklippar\/fallstod\/#breadcrumb\"},\"inLanguage\":\"sv-SE\",\"potentialAction\":[{\"@type\":\"ReadAction\",\"target\":[\"https:\/\/jak.fi\/sv\/produkter\/tillbehor-for-energiklippar\/fallstod\/\"]}]},{\"@type\":\"ImageObject\",\"inLanguage\":\"sv-SE\",\"@id\":\"https:\/\/jak.fi\/sv\/produkter\/tillbehor-for-energiklippar\/fallstod\/#primaryimage\",\"url\":\"https:\/\/jak.fi\/wp-content\/uploads\/2024\/05\/jak-200r-felling-support-small.png\",\"contentUrl\":\"https:\/\/jak.fi\/wp-content\/uploads\/2024\/05\/jak-200r-felling-support-small.png\",\"width\":1000,\"height\":666,\"caption\":\"Kaatotuki energiakouralle\"},{\"@type\":\"BreadcrumbList\",\"@id\":\"https:\/\/jak.fi\/sv\/produkter\/tillbehor-for-energiklippar\/fallstod\/#breadcrumb\",\"itemListElement\":[{\"@type\":\"ListItem\",\"position\":1,\"name\":\"Etusivu\",\"item\":\"https:\/\/jak.fi\/sv\/\"},{\"@type\":\"ListItem\",\"position\":2,\"name\":\"Produkter\",\"item\":\"https:\/\/jak.fi\/sv\/produkter\/\"},{\"@type\":\"ListItem\",\"position\":3,\"name\":\"F\u00e4llst\u00f6d\"}]},{\"@type\":\"WebSite\",\"@id\":\"https:\/\/jak.fi\/sv\/#website\",\"url\":\"https:\/\/jak.fi\/sv\/\",\"name\":\"JAK-Metalli Oy\",\"description\":\"\",\"publisher\":{\"@id\":\"https:\/\/jak.fi\/sv\/#organization\"},\"alternateName\":\"JAK Tree shears\",\"potentialAction\":[{\"@type\":\"SearchAction\",\"target\":{\"@type\":\"EntryPoint\",\"urlTemplate\":\"https:\/\/jak.fi\/sv\/?s={search_term_string}\"},\"query-input\":{\"@type\":\"PropertyValueSpecification\",\"valueRequired\":true,\"valueName\":\"search_term_string\"}}],\"inLanguage\":\"sv-SE\"},{\"@type\":\"Organization\",\"@id\":\"https:\/\/jak.fi\/sv\/#organization\",\"name\":\"JAK-Metalli Oy\",\"alternateName\":\"JAK Tree shears\",\"url\":\"https:\/\/jak.fi\/sv\/\",\"logo\":{\"@type\":\"ImageObject\",\"inLanguage\":\"sv-SE\",\"@id\":\"https:\/\/jak.fi\/sv\/#\/schema\/logo\/image\/\",\"url\":\"https:\/\/jak.fi\/wp-content\/uploads\/2024\/09\/JAK-logo-696x696-1.jpg\",\"contentUrl\":\"https:\/\/jak.fi\/wp-content\/uploads\/2024\/09\/JAK-logo-696x696-1.jpg\",\"width\":696,\"height\":696,\"caption\":\"JAK-Metalli Oy\"},\"image\":{\"@id\":\"https:\/\/jak.fi\/sv\/#\/schema\/logo\/image\/\"},\"sameAs\":[\"https:\/\/www.facebook.com\/jaktreeshears\",\"https:\/\/www.instagram.com\/jaktreeshears\/\",\"https:\/\/www.youtube.com\/channel\/UCAwvaVhBBkPie8MeAGbdY1w\"]}]}<\/script>\n<!-- \/ Yoast SEO plugin. -->","yoast_head_json":{"title":"F\u00e4llst\u00f6d &#8211; JAK-Metalli Oy","robots":{"index":"index","follow":"follow","max-snippet":"max-snippet:-1","max-image-preview":"max-image-preview:large","max-video-preview":"max-video-preview:-1"},"canonical":"https:\/\/jak.fi\/sv\/produkter\/tillbehor-for-energiklippar\/fallstod\/","og_locale":"sv_SE","og_type":"article","og_title":"F\u00e4llst\u00f6d &#8211; JAK-Metalli Oy","og_description":"Det separat f\u00e4llst\u00f6d som f\u00e4sts p\u00e5 energiklippet g\u00f6r tr\u00e4dh\u00e5llningen enklare och s\u00e4krare. Som tillbeh\u00f6r \u00f6kar f\u00e4llst\u00f6det energiklippets krockpl\u00e5tens h\u00f6jd och s\u00e4kerst\u00e4ller p\u00e5 s\u00e5 s\u00e4tt ett stabilt grepp om tr\u00e4det. F\u00e4llst\u00f6det \u00e4r ett n\u00f6dv\u00e4ndigt tillbeh\u00f6r om det tr\u00e4 som ska r\u00f6jas \u00e4r mer br\u00e4ckligt, till exempel p\u00e5 grund av f\u00f6rruttnelse. Med f\u00e4llst\u00f6det h\u00e5ller mjukare tr\u00e4 sig [&hellip;]","og_url":"https:\/\/jak.fi\/sv\/produkter\/tillbehor-for-energiklippar\/fallstod\/","og_site_name":"JAK-Metalli Oy","article_publisher":"https:\/\/www.facebook.com\/jaktreeshears","article_modified_time":"2025-02-26T07:09:26+00:00","og_image":[{"width":1000,"height":666,"url":"https:\/\/jak.fi\/wp-content\/uploads\/2024\/05\/jak-200r-felling-support-small.png","type":"image\/png"}],"twitter_card":"summary_large_image","twitter_misc":{"Ber\u00e4knad l\u00e4stid":"1 minut"},"schema":{"@context":"https:\/\/schema.org","@graph":[{"@type":"WebPage","@id":"https:\/\/jak.fi\/sv\/produkter\/tillbehor-for-energiklippar\/fallstod\/","url":"https:\/\/jak.fi\/sv\/produkter\/tillbehor-for-energiklippar\/fallstod\/","name":"F\u00e4llst\u00f6d &#8211; JAK-Metalli Oy","isPartOf":{"@id":"https:\/\/jak.fi\/sv\/#website"},"primaryImageOfPage":{"@id":"https:\/\/jak.fi\/sv\/produkter\/tillbehor-for-energiklippar\/fallstod\/#primaryimage"},"image":{"@id":"https:\/\/jak.fi\/sv\/produkter\/tillbehor-for-energiklippar\/fallstod\/#primaryimage"},"thumbnailUrl":"https:\/\/jak.fi\/wp-content\/uploads\/2024\/05\/jak-200r-felling-support-small.png","datePublished":"2024-05-28T07:07:12+00:00","dateModified":"2025-02-26T07:09:26+00:00","breadcrumb":{"@id":"https:\/\/jak.fi\/sv\/produkter\/tillbehor-for-energiklippar\/fallstod\/#breadcrumb"},"inLanguage":"sv-SE","potentialAction":[{"@type":"ReadAction","target":["https:\/\/jak.fi\/sv\/produkter\/tillbehor-for-energiklippar\/fallstod\/"]}]},{"@type":"ImageObject","inLanguage":"sv-SE","@id":"https:\/\/jak.fi\/sv\/produkter\/tillbehor-for-energiklippar\/fallstod\/#primaryimage","url":"https:\/\/jak.fi\/wp-content\/uploads\/2024\/05\/jak-200r-felling-support-small.png","contentUrl":"https:\/\/jak.fi\/wp-content\/uploads\/2024\/05\/jak-200r-felling-support-small.png","width":1000,"height":666,"caption":"Kaatotuki energiakouralle"},{"@type":"BreadcrumbList","@id":"https:\/\/jak.fi\/sv\/produkter\/tillbehor-for-energiklippar\/fallstod\/#breadcrumb","itemListElement":[{"@type":"ListItem","position":1,"name":"Etusivu","item":"https:\/\/jak.fi\/sv\/"},{"@type":"ListItem","position":2,"name":"Produkter","item":"https:\/\/jak.fi\/sv\/produkter\/"},{"@type":"ListItem","position":3,"name":"F\u00e4llst\u00f6d"}]},{"@type":"WebSite","@id":"https:\/\/jak.fi\/sv\/#website","url":"https:\/\/jak.fi\/sv\/","name":"JAK-Metalli Oy","description":"","publisher":{"@id":"https:\/\/jak.fi\/sv\/#organization"},"alternateName":"JAK Tree shears","potentialAction":[{"@type":"SearchAction","target":{"@type":"EntryPoint","urlTemplate":"https:\/\/jak.fi\/sv\/?s={search_term_string}"},"query-input":{"@type":"PropertyValueSpecification","valueRequired":true,"valueName":"search_term_string"}}],"inLanguage":"sv-SE"},{"@type":"Organization","@id":"https:\/\/jak.fi\/sv\/#organization","name":"JAK-Metalli Oy","alternateName":"JAK Tree shears","url":"https:\/\/jak.fi\/sv\/","logo":{"@type":"ImageObject","inLanguage":"sv-SE","@id":"https:\/\/jak.fi\/sv\/#\/schema\/logo\/image\/","url":"https:\/\/jak.fi\/wp-content\/uploads\/2024\/09\/JAK-logo-696x696-1.jpg","contentUrl":"https:\/\/jak.fi\/wp-content\/uploads\/2024\/09\/JAK-logo-696x696-1.jpg","width":696,"height":696,"caption":"JAK-Metalli Oy"},"image":{"@id":"https:\/\/jak.fi\/sv\/#\/schema\/logo\/image\/"},"sameAs":["https:\/\/www.facebook.com\/jaktreeshears","https:\/\/www.instagram.com\/jaktreeshears\/","https:\/\/www.youtube.com\/channel\/UCAwvaVhBBkPie8MeAGbdY1w"]}]}},"_links":{"self":[{"href":"https:\/\/jak.fi\/sv\/wp-json\/wp\/v2\/product\/5949","targetHints":{"allow":["GET"]}}],"collection":[{"href":"https:\/\/jak.fi\/sv\/wp-json\/wp\/v2\/product"}],"about":[{"href":"https:\/\/jak.fi\/sv\/wp-json\/wp\/v2\/types\/product"}],"wp:featuredmedia":[{"embeddable":true,"href":"https:\/\/jak.fi\/sv\/wp-json\/wp\/v2\/media\/5951"}],"wp:attachment":[{"href":"https:\/\/jak.fi\/sv\/wp-json\/wp\/v2\/media?parent=5949"}],"wp:term":[{"taxonomy":"product_brand","embeddable":true,"href":"https:\/\/jak.fi\/sv\/wp-json\/wp\/v2\/product_brand?post=5949"},{"taxonomy":"product_cat","embeddable":true,"href":"https:\/\/jak.fi\/sv\/wp-json\/wp\/v2\/product_cat?post=5949"},{"taxonomy":"product_tag","embeddable":true,"href":"https:\/\/jak.fi\/sv\/wp-json\/wp\/v2\/product_tag?post=5949"}],"curies":[{"name":"wp","href":"https:\/\/api.w.org\/{rel}","templated":true}]}}