{"id":5963,"date":"2024-05-28T10:02:10","date_gmt":"2024-05-28T07:02:10","guid":{"rendered":"https:\/\/jak.fi\/products\/okategoriserad\/giljotinenhet\/"},"modified":"2025-08-21T15:32:47","modified_gmt":"2025-08-21T12:32:47","slug":"giljotin","status":"publish","type":"product","link":"https:\/\/jak.fi\/sv\/produkter\/tillbehor-for-energiklippar\/giljotin\/","title":{"rendered":"Giljotinenhet"},"content":{"rendered":"<h2 data-start=\"101\" data-end=\"167\">JAK Giljotinenhet &#8211; ett kraftfullt tillbeh\u00f6r f\u00f6r energiklipp<\/h2>\n<p data-start=\"169\" data-end=\"369\"><strong data-start=\"169\" data-end=\"194\">JAK:s giljotinenhet<\/strong> g\u00f6r anv\u00e4ndningen av energiklipp mer exakt, m\u00e5ngsidig och s\u00e4ker. Enheten m\u00f6jligg\u00f6r effektiv kapning och bearbetning av tr\u00e4d utan on\u00f6diga arbetsmoment. <\/p>\n<h3 data-start=\"371\" data-end=\"409\">Effektiv bortkoppling och kontrollerat grepp<\/h3>\n<p data-start=\"410\" data-end=\"746\"><strong data-start=\"410\" data-end=\"439\">Giljotinenheten JAK-350<\/strong> kapar stockar med en tjocklek p\u00e5 upp till 350 mm. De smala knivarna g\u00f6r det ocks\u00e5 enkelt att kapa sm\u00e5 och flexibla pilar. Energiklippens h\u00f6ga design, i kombination med kapfunktionen i tv\u00e5 steg, s\u00e4kerst\u00e4ller att \u00e4ven tjocka stammar h\u00e5lls fast i k\u00e4ftarnas grepp under hela arbetscykeln.  <\/p>\n<h3 data-start=\"748\" data-end=\"799\">M\u00e5ngsidig anv\u00e4ndning utan att ta bort knivarna<\/h3>\n<p data-start=\"800\" data-end=\"980\">N\u00e4r bladet \u00e4r \u00f6ppet kan energiklippen utan problem anv\u00e4ndas f\u00f6r lastning, hantering av h\u00f6gar och flyttning av tr\u00e4d. Detta ger dig flexibilitet att arbeta utan att beh\u00f6va ta bort knivarna. <\/p>\n<h3 data-start=\"982\" data-end=\"1013\">Enkel att installera och anv\u00e4nda<\/h3>\n<p data-start=\"1014\" data-end=\"1323\">Giljotinenheten \u00e4r ett extra tillbeh\u00f6r som enkelt kan installeras l\u00e4ngst ned p\u00e5 R-seriens energiklipp &#8211; \u00e4ven efter\u00e5t. Enheten anv\u00e4nder samma extra hydraulik som energiklippet och kr\u00e4ver ingen el. Om s\u00e5 \u00f6nskas kan den anslutas s\u00e5 att den arbetar automatiskt med k\u00e4ftarna p\u00e5 energiklippet med hj\u00e4lp av ett enda hydraulsystem.  <\/p>\n<h3 data-start=\"1325\" data-end=\"1375\">Enhetsblock f\u00f6r giljotin &#8211; mer flexibilitet<\/h3>\n<p data-start=\"1376\" data-end=\"1587\">F\u00f6r giljotinenheten finns \u00e4ven ett <strong data-start=\"1423\" data-end=\"1450\">giljotinenhetsblock<\/strong>, som g\u00f6r att energiklippet och giljotinenheten kan drivas fr\u00e5n en enda extra hydraulledning (retur\/retur) utan separata anslutningar.<\/p>\n<h3 data-start=\"1594\" data-end=\"1624\">F\u00f6rdelarna i korthet:<\/h3>\n<ul data-start=\"1625\" data-end=\"1977\">\n<li data-start=\"1625\" data-end=\"1672\">\n<p data-start=\"1627\" data-end=\"1672\">Kapar stammar med en tjocklek p\u00e5 upp till 350 mm p\u00e5 ett snyggt s\u00e4tt<\/p>\n<\/li>\n<li data-start=\"1673\" data-end=\"1746\">\n<p data-start=\"1675\" data-end=\"1746\">Smala blad f\u00f6r enkel hantering av pilar och kvistar<\/p>\n<\/li>\n<li data-start=\"1747\" data-end=\"1820\">\n<p data-start=\"1749\" data-end=\"1820\">M\u00f6jligg\u00f6r lastning och hantering av p\u00e5lar utan att ta bort knivarna<\/p>\n<\/li>\n<li data-start=\"1821\" data-end=\"1880\">\n<p data-start=\"1823\" data-end=\"1880\">Enkel eftermontering \u00e4ven f\u00f6r energiklipp i R-serien<\/p>\n<\/li>\n<li data-start=\"1881\" data-end=\"1923\">\n<p data-start=\"1883\" data-end=\"1923\">Kr\u00e4ver ingen elektricitet &#8211; fungerar hydrauliskt<\/p>\n<\/li>\n<li data-start=\"1924\" data-end=\"1977\">\n<p data-start=\"1926\" data-end=\"1977\">Tillg\u00e4nglig med valfritt giljotinblock<\/p>\n<\/li>\n<\/ul>\n<p data-start=\"1979\" data-end=\"2108\"><strong data-start=\"1979\" data-end=\"2004\">JAK:s giljotinenhet<\/strong> \u00e4r den perfekta l\u00f6sningen f\u00f6r s\u00e4krare, m\u00e5ngsidigare och effektivare skogssk\u00f6tsel.<\/p>\n","protected":false},"excerpt":{"rendered":"<p>JAK Giljotinenhet &#8211; ett kraftfullt tillbeh\u00f6r f\u00f6r energiklipp JAK:s giljotinenhet g\u00f6r anv\u00e4ndningen av energiklipp mer exakt, m\u00e5ngsidig och s\u00e4ker. Enheten m\u00f6jligg\u00f6r effektiv kapning och bearbetning av tr\u00e4d utan on\u00f6diga arbetsmoment. Effektiv bortkoppling och kontrollerat grepp Giljotinenheten JAK-350 kapar stockar med en tjocklek p\u00e5 upp till 350 mm. De smala knivarna g\u00f6r det ocks\u00e5 enkelt att [&hellip;]<\/p>\n","protected":false},"featured_media":5965,"template":"","meta":{"_acf_changed":false},"product_brand":[],"product_cat":[603],"product_tag":[],"class_list":{"0":"post-5963","1":"product","2":"type-product","3":"status-publish","4":"has-post-thumbnail","6":"product_cat-tillbehor-for-energiklippar","8":"first","9":"instock","10":"shipping-taxable","11":"product-type-simple"},"acf":[],"yoast_head":"<!-- This site is optimized with the Yoast SEO plugin v27.2 - https:\/\/yoast.com\/product\/yoast-seo-wordpress\/ -->\n<title>Giljotinenhet &#8211; JAK-Metalli Oy<\/title>\n<meta name=\"description\" content=\"Giljotinenheten f\u00f6rb\u00e4ttrar prestandan hos JAK Energy Wood Chipper och g\u00f6r tr\u00e4hanteringen mer exakt, m\u00e5ngsidig och s\u00e4ker.\" \/>\n<meta name=\"robots\" content=\"index, follow, max-snippet:-1, max-image-preview:large, max-video-preview:-1\" \/>\n<link rel=\"canonical\" href=\"https:\/\/jak.fi\/sv\/produkter\/tillbehor-for-energiklippar\/giljotin\/\" \/>\n<meta property=\"og:locale\" content=\"sv_SE\" \/>\n<meta property=\"og:type\" content=\"article\" \/>\n<meta property=\"og:title\" content=\"Giljotinenhet &#8211; JAK-Metalli Oy\" \/>\n<meta property=\"og:description\" content=\"Giljotinenheten f\u00f6rb\u00e4ttrar prestandan hos JAK Energy Wood Chipper och g\u00f6r tr\u00e4hanteringen mer exakt, m\u00e5ngsidig och s\u00e4ker.\" \/>\n<meta property=\"og:url\" content=\"https:\/\/jak.fi\/sv\/produkter\/tillbehor-for-energiklippar\/giljotin\/\" \/>\n<meta property=\"og:site_name\" content=\"JAK-Metalli Oy\" \/>\n<meta property=\"article:publisher\" content=\"https:\/\/www.facebook.com\/jaktreeshears\" \/>\n<meta property=\"article:modified_time\" content=\"2025-08-21T12:32:47+00:00\" \/>\n<meta property=\"og:image\" content=\"https:\/\/jak.fi\/wp-content\/uploads\/2024\/05\/JAK-350-Guillotine-Unit-web-2.png\" \/>\n\t<meta property=\"og:image:width\" content=\"1000\" \/>\n\t<meta property=\"og:image:height\" content=\"666\" \/>\n\t<meta property=\"og:image:type\" content=\"image\/png\" \/>\n<meta name=\"twitter:card\" content=\"summary_large_image\" \/>\n<meta name=\"twitter:label1\" content=\"Ber\u00e4knad l\u00e4stid\" \/>\n\t<meta name=\"twitter:data1\" content=\"2 minut\" \/>\n<script type=\"application\/ld+json\" class=\"yoast-schema-graph\">{\"@context\":\"https:\/\/schema.org\",\"@graph\":[{\"@type\":\"WebPage\",\"@id\":\"https:\/\/jak.fi\/sv\/produkter\/tillbehor-for-energiklippar\/giljotin\/\",\"url\":\"https:\/\/jak.fi\/sv\/produkter\/tillbehor-for-energiklippar\/giljotin\/\",\"name\":\"Giljotinenhet &#8211; JAK-Metalli Oy\",\"isPartOf\":{\"@id\":\"https:\/\/jak.fi\/sv\/#website\"},\"primaryImageOfPage\":{\"@id\":\"https:\/\/jak.fi\/sv\/produkter\/tillbehor-for-energiklippar\/giljotin\/#primaryimage\"},\"image\":{\"@id\":\"https:\/\/jak.fi\/sv\/produkter\/tillbehor-for-energiklippar\/giljotin\/#primaryimage\"},\"thumbnailUrl\":\"https:\/\/jak.fi\/wp-content\/uploads\/2024\/05\/JAK-350-Guillotine-Unit-web-2.png\",\"datePublished\":\"2024-05-28T07:02:10+00:00\",\"dateModified\":\"2025-08-21T12:32:47+00:00\",\"description\":\"Giljotinenheten f\u00f6rb\u00e4ttrar prestandan hos JAK Energy Wood Chipper och g\u00f6r tr\u00e4hanteringen mer exakt, m\u00e5ngsidig och s\u00e4ker.\",\"breadcrumb\":{\"@id\":\"https:\/\/jak.fi\/sv\/produkter\/tillbehor-for-energiklippar\/giljotin\/#breadcrumb\"},\"inLanguage\":\"sv-SE\",\"potentialAction\":[{\"@type\":\"ReadAction\",\"target\":[\"https:\/\/jak.fi\/sv\/produkter\/tillbehor-for-energiklippar\/giljotin\/\"]}]},{\"@type\":\"ImageObject\",\"inLanguage\":\"sv-SE\",\"@id\":\"https:\/\/jak.fi\/sv\/produkter\/tillbehor-for-energiklippar\/giljotin\/#primaryimage\",\"url\":\"https:\/\/jak.fi\/wp-content\/uploads\/2024\/05\/JAK-350-Guillotine-Unit-web-2.png\",\"contentUrl\":\"https:\/\/jak.fi\/wp-content\/uploads\/2024\/05\/JAK-350-Guillotine-Unit-web-2.png\",\"width\":1000,\"height\":666},{\"@type\":\"BreadcrumbList\",\"@id\":\"https:\/\/jak.fi\/sv\/produkter\/tillbehor-for-energiklippar\/giljotin\/#breadcrumb\",\"itemListElement\":[{\"@type\":\"ListItem\",\"position\":1,\"name\":\"Etusivu\",\"item\":\"https:\/\/jak.fi\/sv\/\"},{\"@type\":\"ListItem\",\"position\":2,\"name\":\"Produkter\",\"item\":\"https:\/\/jak.fi\/sv\/produkter\/\"},{\"@type\":\"ListItem\",\"position\":3,\"name\":\"Giljotinenhet\"}]},{\"@type\":\"WebSite\",\"@id\":\"https:\/\/jak.fi\/sv\/#website\",\"url\":\"https:\/\/jak.fi\/sv\/\",\"name\":\"JAK-Metalli Oy\",\"description\":\"\",\"publisher\":{\"@id\":\"https:\/\/jak.fi\/sv\/#organization\"},\"alternateName\":\"JAK Tree shears\",\"potentialAction\":[{\"@type\":\"SearchAction\",\"target\":{\"@type\":\"EntryPoint\",\"urlTemplate\":\"https:\/\/jak.fi\/sv\/?s={search_term_string}\"},\"query-input\":{\"@type\":\"PropertyValueSpecification\",\"valueRequired\":true,\"valueName\":\"search_term_string\"}}],\"inLanguage\":\"sv-SE\"},{\"@type\":\"Organization\",\"@id\":\"https:\/\/jak.fi\/sv\/#organization\",\"name\":\"JAK-Metalli Oy\",\"alternateName\":\"JAK Tree shears\",\"url\":\"https:\/\/jak.fi\/sv\/\",\"logo\":{\"@type\":\"ImageObject\",\"inLanguage\":\"sv-SE\",\"@id\":\"https:\/\/jak.fi\/sv\/#\/schema\/logo\/image\/\",\"url\":\"https:\/\/jak.fi\/wp-content\/uploads\/2024\/09\/JAK-logo-696x696-1.jpg\",\"contentUrl\":\"https:\/\/jak.fi\/wp-content\/uploads\/2024\/09\/JAK-logo-696x696-1.jpg\",\"width\":696,\"height\":696,\"caption\":\"JAK-Metalli Oy\"},\"image\":{\"@id\":\"https:\/\/jak.fi\/sv\/#\/schema\/logo\/image\/\"},\"sameAs\":[\"https:\/\/www.facebook.com\/jaktreeshears\",\"https:\/\/www.instagram.com\/jaktreeshears\/\",\"https:\/\/www.youtube.com\/channel\/UCAwvaVhBBkPie8MeAGbdY1w\"]}]}<\/script>\n<!-- \/ Yoast SEO plugin. -->","yoast_head_json":{"title":"Giljotinenhet &#8211; JAK-Metalli Oy","description":"Giljotinenheten f\u00f6rb\u00e4ttrar prestandan hos JAK Energy Wood Chipper och g\u00f6r tr\u00e4hanteringen mer exakt, m\u00e5ngsidig och s\u00e4ker.","robots":{"index":"index","follow":"follow","max-snippet":"max-snippet:-1","max-image-preview":"max-image-preview:large","max-video-preview":"max-video-preview:-1"},"canonical":"https:\/\/jak.fi\/sv\/produkter\/tillbehor-for-energiklippar\/giljotin\/","og_locale":"sv_SE","og_type":"article","og_title":"Giljotinenhet &#8211; JAK-Metalli Oy","og_description":"Giljotinenheten f\u00f6rb\u00e4ttrar prestandan hos JAK Energy Wood Chipper och g\u00f6r tr\u00e4hanteringen mer exakt, m\u00e5ngsidig och s\u00e4ker.","og_url":"https:\/\/jak.fi\/sv\/produkter\/tillbehor-for-energiklippar\/giljotin\/","og_site_name":"JAK-Metalli Oy","article_publisher":"https:\/\/www.facebook.com\/jaktreeshears","article_modified_time":"2025-08-21T12:32:47+00:00","og_image":[{"width":1000,"height":666,"url":"https:\/\/jak.fi\/wp-content\/uploads\/2024\/05\/JAK-350-Guillotine-Unit-web-2.png","type":"image\/png"}],"twitter_card":"summary_large_image","twitter_misc":{"Ber\u00e4knad l\u00e4stid":"2 minut"},"schema":{"@context":"https:\/\/schema.org","@graph":[{"@type":"WebPage","@id":"https:\/\/jak.fi\/sv\/produkter\/tillbehor-for-energiklippar\/giljotin\/","url":"https:\/\/jak.fi\/sv\/produkter\/tillbehor-for-energiklippar\/giljotin\/","name":"Giljotinenhet &#8211; JAK-Metalli Oy","isPartOf":{"@id":"https:\/\/jak.fi\/sv\/#website"},"primaryImageOfPage":{"@id":"https:\/\/jak.fi\/sv\/produkter\/tillbehor-for-energiklippar\/giljotin\/#primaryimage"},"image":{"@id":"https:\/\/jak.fi\/sv\/produkter\/tillbehor-for-energiklippar\/giljotin\/#primaryimage"},"thumbnailUrl":"https:\/\/jak.fi\/wp-content\/uploads\/2024\/05\/JAK-350-Guillotine-Unit-web-2.png","datePublished":"2024-05-28T07:02:10+00:00","dateModified":"2025-08-21T12:32:47+00:00","description":"Giljotinenheten f\u00f6rb\u00e4ttrar prestandan hos JAK Energy Wood Chipper och g\u00f6r tr\u00e4hanteringen mer exakt, m\u00e5ngsidig och s\u00e4ker.","breadcrumb":{"@id":"https:\/\/jak.fi\/sv\/produkter\/tillbehor-for-energiklippar\/giljotin\/#breadcrumb"},"inLanguage":"sv-SE","potentialAction":[{"@type":"ReadAction","target":["https:\/\/jak.fi\/sv\/produkter\/tillbehor-for-energiklippar\/giljotin\/"]}]},{"@type":"ImageObject","inLanguage":"sv-SE","@id":"https:\/\/jak.fi\/sv\/produkter\/tillbehor-for-energiklippar\/giljotin\/#primaryimage","url":"https:\/\/jak.fi\/wp-content\/uploads\/2024\/05\/JAK-350-Guillotine-Unit-web-2.png","contentUrl":"https:\/\/jak.fi\/wp-content\/uploads\/2024\/05\/JAK-350-Guillotine-Unit-web-2.png","width":1000,"height":666},{"@type":"BreadcrumbList","@id":"https:\/\/jak.fi\/sv\/produkter\/tillbehor-for-energiklippar\/giljotin\/#breadcrumb","itemListElement":[{"@type":"ListItem","position":1,"name":"Etusivu","item":"https:\/\/jak.fi\/sv\/"},{"@type":"ListItem","position":2,"name":"Produkter","item":"https:\/\/jak.fi\/sv\/produkter\/"},{"@type":"ListItem","position":3,"name":"Giljotinenhet"}]},{"@type":"WebSite","@id":"https:\/\/jak.fi\/sv\/#website","url":"https:\/\/jak.fi\/sv\/","name":"JAK-Metalli Oy","description":"","publisher":{"@id":"https:\/\/jak.fi\/sv\/#organization"},"alternateName":"JAK Tree shears","potentialAction":[{"@type":"SearchAction","target":{"@type":"EntryPoint","urlTemplate":"https:\/\/jak.fi\/sv\/?s={search_term_string}"},"query-input":{"@type":"PropertyValueSpecification","valueRequired":true,"valueName":"search_term_string"}}],"inLanguage":"sv-SE"},{"@type":"Organization","@id":"https:\/\/jak.fi\/sv\/#organization","name":"JAK-Metalli Oy","alternateName":"JAK Tree shears","url":"https:\/\/jak.fi\/sv\/","logo":{"@type":"ImageObject","inLanguage":"sv-SE","@id":"https:\/\/jak.fi\/sv\/#\/schema\/logo\/image\/","url":"https:\/\/jak.fi\/wp-content\/uploads\/2024\/09\/JAK-logo-696x696-1.jpg","contentUrl":"https:\/\/jak.fi\/wp-content\/uploads\/2024\/09\/JAK-logo-696x696-1.jpg","width":696,"height":696,"caption":"JAK-Metalli Oy"},"image":{"@id":"https:\/\/jak.fi\/sv\/#\/schema\/logo\/image\/"},"sameAs":["https:\/\/www.facebook.com\/jaktreeshears","https:\/\/www.instagram.com\/jaktreeshears\/","https:\/\/www.youtube.com\/channel\/UCAwvaVhBBkPie8MeAGbdY1w"]}]}},"_links":{"self":[{"href":"https:\/\/jak.fi\/sv\/wp-json\/wp\/v2\/product\/5963","targetHints":{"allow":["GET"]}}],"collection":[{"href":"https:\/\/jak.fi\/sv\/wp-json\/wp\/v2\/product"}],"about":[{"href":"https:\/\/jak.fi\/sv\/wp-json\/wp\/v2\/types\/product"}],"wp:featuredmedia":[{"embeddable":true,"href":"https:\/\/jak.fi\/sv\/wp-json\/wp\/v2\/media\/5965"}],"wp:attachment":[{"href":"https:\/\/jak.fi\/sv\/wp-json\/wp\/v2\/media?parent=5963"}],"wp:term":[{"taxonomy":"product_brand","embeddable":true,"href":"https:\/\/jak.fi\/sv\/wp-json\/wp\/v2\/product_brand?post=5963"},{"taxonomy":"product_cat","embeddable":true,"href":"https:\/\/jak.fi\/sv\/wp-json\/wp\/v2\/product_cat?post=5963"},{"taxonomy":"product_tag","embeddable":true,"href":"https:\/\/jak.fi\/sv\/wp-json\/wp\/v2\/product_tag?post=5963"}],"curies":[{"name":"wp","href":"https:\/\/api.w.org\/{rel}","templated":true}]}}