{"id":5989,"date":"2024-05-28T10:04:25","date_gmt":"2024-05-28T07:04:25","guid":{"rendered":"https:\/\/jak.fi\/products\/okategoriserad\/bunched-gen2-b-r-serie\/"},"modified":"2025-09-02T09:58:21","modified_gmt":"2025-09-02T06:58:21","slug":"samlare-gen2-b-r-serie","status":"publish","type":"product","link":"https:\/\/jak.fi\/sv\/produkter\/tillbehor-for-energiklippar\/samlare-gen2-b-r-serie\/","title":{"rendered":"Samlare Gen2 B\/R-serie"},"content":{"rendered":"<h3>\u00d6ka arbetseffektiviteten och spara tid!<\/h3>\n<p>Den nya generationen av B\/R-seriens samlare med tv\u00e5 klaffar \u00e4r ett innovativt tillbeh\u00f6r f\u00f6r energiklipp som \u00e4r utformat f\u00f6r att f\u00f6rb\u00e4ttra produktiviteten och minska arbetstiden. De kraftfulla och slitstarka k\u00e4ftarna ger snabbare och smidigare uppsamling, vilket g\u00f6r rensningen till en barnlek. <\/p>\n<p>Massinsamlarens kapacitet motsvarar storleken p\u00e5 bladet p\u00e5 den energigrip du anv\u00e4nder &#8211; s\u00e5 det du kan klippa med energigripen kan du samla med massinsamlaren.<\/p>\n<p>En massuppsamlare beh\u00f6ver sin egen hydraulik f\u00f6r att fungera. Den kan anslutas med en elektriskt man\u00f6vrerad 6\/2-ventil till energitr\u00e5gets hydraulsystem. <\/p>\n<p><strong>Obs!<\/strong>  Tack vare v\u00e5ra kunders \u00f6nskem\u00e5l \u00e4r det nu m\u00f6jligt att installera den nya Gen2-massuppsamlaren \u00e4ven p\u00e5 andra flishuggar f\u00f6r energitr\u00e4 samt p\u00e5 den \u00e4ldre modellen JAK Energy Chipper.<\/p>\n<p><strong>Fr\u00e5ga mer om v\u00e5r f\u00f6rs\u00e4ljning!<\/strong><\/p>\n","protected":false},"excerpt":{"rendered":"<p>\u00d6ka arbetseffektiviteten och spara tid! Den nya generationen av B\/R-seriens samlare med tv\u00e5 klaffar \u00e4r ett innovativt tillbeh\u00f6r f\u00f6r energiklipp som \u00e4r utformat f\u00f6r att f\u00f6rb\u00e4ttra produktiviteten och minska arbetstiden. De kraftfulla och slitstarka k\u00e4ftarna ger snabbare och smidigare uppsamling, vilket g\u00f6r rensningen till en barnlek. Massinsamlarens kapacitet motsvarar storleken p\u00e5 bladet p\u00e5 den energigrip [&hellip;]<\/p>\n","protected":false},"featured_media":5996,"template":"","meta":{"_acf_changed":false},"product_brand":[],"product_cat":[603],"product_tag":[],"class_list":{"0":"post-5989","1":"product","2":"type-product","3":"status-publish","4":"has-post-thumbnail","6":"product_cat-tillbehor-for-energiklippar","8":"first","9":"instock","10":"shipping-taxable","11":"product-type-simple"},"acf":[],"yoast_head":"<!-- This site is optimized with the Yoast SEO plugin v27.3 - https:\/\/yoast.com\/product\/yoast-seo-wordpress\/ -->\n<title>Samlare Gen2 B\/R-serie &#8211; JAK-Metalli Oy<\/title>\n<meta name=\"description\" content=\"B\/R-serien Gen2 \u00e4r ett tillbeh\u00f6r f\u00f6r energiklipp som \u00e4r utformat f\u00f6r att f\u00f6rb\u00e4ttra produktiviteten och minska arbetstiden.\" \/>\n<meta name=\"robots\" content=\"index, follow, max-snippet:-1, max-image-preview:large, max-video-preview:-1\" \/>\n<link rel=\"canonical\" href=\"https:\/\/jak.fi\/sv\/produkter\/tillbehor-for-energiklippar\/samlare-gen2-b-r-serie\/\" \/>\n<meta property=\"og:locale\" content=\"sv_SE\" \/>\n<meta property=\"og:type\" content=\"article\" \/>\n<meta property=\"og:title\" content=\"Samlare Gen2 B\/R-serie &#8211; JAK-Metalli Oy\" \/>\n<meta property=\"og:description\" content=\"B\/R-serien Gen2 \u00e4r ett tillbeh\u00f6r f\u00f6r energiklipp som \u00e4r utformat f\u00f6r att f\u00f6rb\u00e4ttra produktiviteten och minska arbetstiden.\" \/>\n<meta property=\"og:url\" content=\"https:\/\/jak.fi\/sv\/produkter\/tillbehor-for-energiklippar\/samlare-gen2-b-r-serie\/\" \/>\n<meta property=\"og:site_name\" content=\"JAK-Metalli Oy\" \/>\n<meta property=\"article:publisher\" content=\"https:\/\/www.facebook.com\/jaktreeshears\" \/>\n<meta property=\"article:modified_time\" content=\"2025-09-02T06:58:21+00:00\" \/>\n<meta property=\"og:image\" content=\"https:\/\/jak.fi\/wp-content\/uploads\/2024\/05\/Collector-gen2-for-B-R-series-01.png\" \/>\n\t<meta property=\"og:image:width\" content=\"1000\" \/>\n\t<meta property=\"og:image:height\" content=\"667\" \/>\n\t<meta property=\"og:image:type\" content=\"image\/png\" \/>\n<meta name=\"twitter:card\" content=\"summary_large_image\" \/>\n<meta name=\"twitter:label1\" content=\"Ber\u00e4knad l\u00e4stid\" \/>\n\t<meta name=\"twitter:data1\" content=\"1 minut\" \/>\n<script type=\"application\/ld+json\" class=\"yoast-schema-graph\">{\"@context\":\"https:\\\/\\\/schema.org\",\"@graph\":[{\"@type\":\"WebPage\",\"@id\":\"https:\\\/\\\/jak.fi\\\/sv\\\/produkter\\\/tillbehor-for-energiklippar\\\/samlare-gen2-b-r-serie\\\/\",\"url\":\"https:\\\/\\\/jak.fi\\\/sv\\\/produkter\\\/tillbehor-for-energiklippar\\\/samlare-gen2-b-r-serie\\\/\",\"name\":\"Samlare Gen2 B\\\/R-serie &#8211; JAK-Metalli Oy\",\"isPartOf\":{\"@id\":\"https:\\\/\\\/jak.fi\\\/sv\\\/#website\"},\"primaryImageOfPage\":{\"@id\":\"https:\\\/\\\/jak.fi\\\/sv\\\/produkter\\\/tillbehor-for-energiklippar\\\/samlare-gen2-b-r-serie\\\/#primaryimage\"},\"image\":{\"@id\":\"https:\\\/\\\/jak.fi\\\/sv\\\/produkter\\\/tillbehor-for-energiklippar\\\/samlare-gen2-b-r-serie\\\/#primaryimage\"},\"thumbnailUrl\":\"https:\\\/\\\/jak.fi\\\/wp-content\\\/uploads\\\/2024\\\/05\\\/Collector-gen2-for-B-R-series-01.png\",\"datePublished\":\"2024-05-28T07:04:25+00:00\",\"dateModified\":\"2025-09-02T06:58:21+00:00\",\"description\":\"B\\\/R-serien Gen2 \u00e4r ett tillbeh\u00f6r f\u00f6r energiklipp som \u00e4r utformat f\u00f6r att f\u00f6rb\u00e4ttra produktiviteten och minska arbetstiden.\",\"breadcrumb\":{\"@id\":\"https:\\\/\\\/jak.fi\\\/sv\\\/produkter\\\/tillbehor-for-energiklippar\\\/samlare-gen2-b-r-serie\\\/#breadcrumb\"},\"inLanguage\":\"sv-SE\",\"potentialAction\":[{\"@type\":\"ReadAction\",\"target\":[\"https:\\\/\\\/jak.fi\\\/sv\\\/produkter\\\/tillbehor-for-energiklippar\\\/samlare-gen2-b-r-serie\\\/\"]}]},{\"@type\":\"ImageObject\",\"inLanguage\":\"sv-SE\",\"@id\":\"https:\\\/\\\/jak.fi\\\/sv\\\/produkter\\\/tillbehor-for-energiklippar\\\/samlare-gen2-b-r-serie\\\/#primaryimage\",\"url\":\"https:\\\/\\\/jak.fi\\\/wp-content\\\/uploads\\\/2024\\\/05\\\/Collector-gen2-for-B-R-series-01.png\",\"contentUrl\":\"https:\\\/\\\/jak.fi\\\/wp-content\\\/uploads\\\/2024\\\/05\\\/Collector-gen2-for-B-R-series-01.png\",\"width\":1000,\"height\":667,\"caption\":\"JAK samlare f\u00f6r energiklipp - effektiv rensning.\"},{\"@type\":\"BreadcrumbList\",\"@id\":\"https:\\\/\\\/jak.fi\\\/sv\\\/produkter\\\/tillbehor-for-energiklippar\\\/samlare-gen2-b-r-serie\\\/#breadcrumb\",\"itemListElement\":[{\"@type\":\"ListItem\",\"position\":1,\"name\":\"Etusivu\",\"item\":\"https:\\\/\\\/jak.fi\\\/sv\\\/\"},{\"@type\":\"ListItem\",\"position\":2,\"name\":\"Produkter\",\"item\":\"https:\\\/\\\/jak.fi\\\/sv\\\/produkter\\\/\"},{\"@type\":\"ListItem\",\"position\":3,\"name\":\"Samlare Gen2 B\\\/R-serie\"}]},{\"@type\":\"WebSite\",\"@id\":\"https:\\\/\\\/jak.fi\\\/sv\\\/#website\",\"url\":\"https:\\\/\\\/jak.fi\\\/sv\\\/\",\"name\":\"JAK-Metalli Oy\",\"description\":\"\",\"publisher\":{\"@id\":\"https:\\\/\\\/jak.fi\\\/sv\\\/#organization\"},\"alternateName\":\"JAK Tree shears\",\"potentialAction\":[{\"@type\":\"SearchAction\",\"target\":{\"@type\":\"EntryPoint\",\"urlTemplate\":\"https:\\\/\\\/jak.fi\\\/sv\\\/?s={search_term_string}\"},\"query-input\":{\"@type\":\"PropertyValueSpecification\",\"valueRequired\":true,\"valueName\":\"search_term_string\"}}],\"inLanguage\":\"sv-SE\"},{\"@type\":\"Organization\",\"@id\":\"https:\\\/\\\/jak.fi\\\/sv\\\/#organization\",\"name\":\"JAK-Metalli Oy\",\"alternateName\":\"JAK Tree shears\",\"url\":\"https:\\\/\\\/jak.fi\\\/sv\\\/\",\"logo\":{\"@type\":\"ImageObject\",\"inLanguage\":\"sv-SE\",\"@id\":\"https:\\\/\\\/jak.fi\\\/sv\\\/#\\\/schema\\\/logo\\\/image\\\/\",\"url\":\"https:\\\/\\\/jak.fi\\\/wp-content\\\/uploads\\\/2024\\\/09\\\/JAK-logo-696x696-1.jpg\",\"contentUrl\":\"https:\\\/\\\/jak.fi\\\/wp-content\\\/uploads\\\/2024\\\/09\\\/JAK-logo-696x696-1.jpg\",\"width\":696,\"height\":696,\"caption\":\"JAK-Metalli Oy\"},\"image\":{\"@id\":\"https:\\\/\\\/jak.fi\\\/sv\\\/#\\\/schema\\\/logo\\\/image\\\/\"},\"sameAs\":[\"https:\\\/\\\/www.facebook.com\\\/jaktreeshears\",\"https:\\\/\\\/www.instagram.com\\\/jaktreeshears\\\/\",\"https:\\\/\\\/www.youtube.com\\\/channel\\\/UCAwvaVhBBkPie8MeAGbdY1w\"]}]}<\/script>\n<!-- \/ Yoast SEO plugin. -->","yoast_head_json":{"title":"Samlare Gen2 B\/R-serie &#8211; JAK-Metalli Oy","description":"B\/R-serien Gen2 \u00e4r ett tillbeh\u00f6r f\u00f6r energiklipp som \u00e4r utformat f\u00f6r att f\u00f6rb\u00e4ttra produktiviteten och minska arbetstiden.","robots":{"index":"index","follow":"follow","max-snippet":"max-snippet:-1","max-image-preview":"max-image-preview:large","max-video-preview":"max-video-preview:-1"},"canonical":"https:\/\/jak.fi\/sv\/produkter\/tillbehor-for-energiklippar\/samlare-gen2-b-r-serie\/","og_locale":"sv_SE","og_type":"article","og_title":"Samlare Gen2 B\/R-serie &#8211; JAK-Metalli Oy","og_description":"B\/R-serien Gen2 \u00e4r ett tillbeh\u00f6r f\u00f6r energiklipp som \u00e4r utformat f\u00f6r att f\u00f6rb\u00e4ttra produktiviteten och minska arbetstiden.","og_url":"https:\/\/jak.fi\/sv\/produkter\/tillbehor-for-energiklippar\/samlare-gen2-b-r-serie\/","og_site_name":"JAK-Metalli Oy","article_publisher":"https:\/\/www.facebook.com\/jaktreeshears","article_modified_time":"2025-09-02T06:58:21+00:00","og_image":[{"width":1000,"height":667,"url":"https:\/\/jak.fi\/wp-content\/uploads\/2024\/05\/Collector-gen2-for-B-R-series-01.png","type":"image\/png"}],"twitter_card":"summary_large_image","twitter_misc":{"Ber\u00e4knad l\u00e4stid":"1 minut"},"schema":{"@context":"https:\/\/schema.org","@graph":[{"@type":"WebPage","@id":"https:\/\/jak.fi\/sv\/produkter\/tillbehor-for-energiklippar\/samlare-gen2-b-r-serie\/","url":"https:\/\/jak.fi\/sv\/produkter\/tillbehor-for-energiklippar\/samlare-gen2-b-r-serie\/","name":"Samlare Gen2 B\/R-serie &#8211; JAK-Metalli Oy","isPartOf":{"@id":"https:\/\/jak.fi\/sv\/#website"},"primaryImageOfPage":{"@id":"https:\/\/jak.fi\/sv\/produkter\/tillbehor-for-energiklippar\/samlare-gen2-b-r-serie\/#primaryimage"},"image":{"@id":"https:\/\/jak.fi\/sv\/produkter\/tillbehor-for-energiklippar\/samlare-gen2-b-r-serie\/#primaryimage"},"thumbnailUrl":"https:\/\/jak.fi\/wp-content\/uploads\/2024\/05\/Collector-gen2-for-B-R-series-01.png","datePublished":"2024-05-28T07:04:25+00:00","dateModified":"2025-09-02T06:58:21+00:00","description":"B\/R-serien Gen2 \u00e4r ett tillbeh\u00f6r f\u00f6r energiklipp som \u00e4r utformat f\u00f6r att f\u00f6rb\u00e4ttra produktiviteten och minska arbetstiden.","breadcrumb":{"@id":"https:\/\/jak.fi\/sv\/produkter\/tillbehor-for-energiklippar\/samlare-gen2-b-r-serie\/#breadcrumb"},"inLanguage":"sv-SE","potentialAction":[{"@type":"ReadAction","target":["https:\/\/jak.fi\/sv\/produkter\/tillbehor-for-energiklippar\/samlare-gen2-b-r-serie\/"]}]},{"@type":"ImageObject","inLanguage":"sv-SE","@id":"https:\/\/jak.fi\/sv\/produkter\/tillbehor-for-energiklippar\/samlare-gen2-b-r-serie\/#primaryimage","url":"https:\/\/jak.fi\/wp-content\/uploads\/2024\/05\/Collector-gen2-for-B-R-series-01.png","contentUrl":"https:\/\/jak.fi\/wp-content\/uploads\/2024\/05\/Collector-gen2-for-B-R-series-01.png","width":1000,"height":667,"caption":"JAK samlare f\u00f6r energiklipp - effektiv rensning."},{"@type":"BreadcrumbList","@id":"https:\/\/jak.fi\/sv\/produkter\/tillbehor-for-energiklippar\/samlare-gen2-b-r-serie\/#breadcrumb","itemListElement":[{"@type":"ListItem","position":1,"name":"Etusivu","item":"https:\/\/jak.fi\/sv\/"},{"@type":"ListItem","position":2,"name":"Produkter","item":"https:\/\/jak.fi\/sv\/produkter\/"},{"@type":"ListItem","position":3,"name":"Samlare Gen2 B\/R-serie"}]},{"@type":"WebSite","@id":"https:\/\/jak.fi\/sv\/#website","url":"https:\/\/jak.fi\/sv\/","name":"JAK-Metalli Oy","description":"","publisher":{"@id":"https:\/\/jak.fi\/sv\/#organization"},"alternateName":"JAK Tree shears","potentialAction":[{"@type":"SearchAction","target":{"@type":"EntryPoint","urlTemplate":"https:\/\/jak.fi\/sv\/?s={search_term_string}"},"query-input":{"@type":"PropertyValueSpecification","valueRequired":true,"valueName":"search_term_string"}}],"inLanguage":"sv-SE"},{"@type":"Organization","@id":"https:\/\/jak.fi\/sv\/#organization","name":"JAK-Metalli Oy","alternateName":"JAK Tree shears","url":"https:\/\/jak.fi\/sv\/","logo":{"@type":"ImageObject","inLanguage":"sv-SE","@id":"https:\/\/jak.fi\/sv\/#\/schema\/logo\/image\/","url":"https:\/\/jak.fi\/wp-content\/uploads\/2024\/09\/JAK-logo-696x696-1.jpg","contentUrl":"https:\/\/jak.fi\/wp-content\/uploads\/2024\/09\/JAK-logo-696x696-1.jpg","width":696,"height":696,"caption":"JAK-Metalli Oy"},"image":{"@id":"https:\/\/jak.fi\/sv\/#\/schema\/logo\/image\/"},"sameAs":["https:\/\/www.facebook.com\/jaktreeshears","https:\/\/www.instagram.com\/jaktreeshears\/","https:\/\/www.youtube.com\/channel\/UCAwvaVhBBkPie8MeAGbdY1w"]}]}},"_links":{"self":[{"href":"https:\/\/jak.fi\/sv\/wp-json\/wp\/v2\/product\/5989","targetHints":{"allow":["GET"]}}],"collection":[{"href":"https:\/\/jak.fi\/sv\/wp-json\/wp\/v2\/product"}],"about":[{"href":"https:\/\/jak.fi\/sv\/wp-json\/wp\/v2\/types\/product"}],"wp:featuredmedia":[{"embeddable":true,"href":"https:\/\/jak.fi\/sv\/wp-json\/wp\/v2\/media\/5996"}],"wp:attachment":[{"href":"https:\/\/jak.fi\/sv\/wp-json\/wp\/v2\/media?parent=5989"}],"wp:term":[{"taxonomy":"product_brand","embeddable":true,"href":"https:\/\/jak.fi\/sv\/wp-json\/wp\/v2\/product_brand?post=5989"},{"taxonomy":"product_cat","embeddable":true,"href":"https:\/\/jak.fi\/sv\/wp-json\/wp\/v2\/product_cat?post=5989"},{"taxonomy":"product_tag","embeddable":true,"href":"https:\/\/jak.fi\/sv\/wp-json\/wp\/v2\/product_tag?post=5989"}],"curies":[{"name":"wp","href":"https:\/\/api.w.org\/{rel}","templated":true}]}}