{"id":6004,"date":"2024-05-28T10:03:49","date_gmt":"2024-05-28T07:03:49","guid":{"rendered":"https:\/\/jak.fi\/products\/okategoriserad\/360-rotator-system\/"},"modified":"2025-11-25T13:23:34","modified_gmt":"2025-11-25T10:23:34","slug":"360-rotator-system","status":"publish","type":"product","link":"https:\/\/jak.fi\/sv\/produkter\/tillbehor-for-energiklippar\/360-rotator-system\/","title":{"rendered":"360\u00b0 Rotator-system"},"content":{"rendered":"<h3 data-start=\"0\" data-end=\"105\">360\u00b0 rotatorsystem f\u00f6r JAK energiklipp &#8211; obegr\u00e4nsad rotation, mer r\u00e4ckvidd och effektivitet<\/h3>\n<p data-start=\"107\" data-end=\"530\">JAK 360\u00b0 Rotator System \u00e4r ett tillbeh\u00f6r som \u00e4r utformat f\u00f6r R-seriens energiklipp och som installeras mellan gripen och den bakre delen. Systemet m\u00f6jligg\u00f6r obegr\u00e4nsad 360\u00b0 rotation i b\u00e5da riktningarna l\u00e4ngs gripkroppens axel. Rotatorsystemet best\u00e5r av en slitstark bussningsenhet och en rotator, vilket g\u00f6r att hydrauliken fungerar tillf\u00f6rlitligt \u00e4ven vid kontinuerlig rotation.  <\/p>\n<h4 data-start=\"532\" data-end=\"577\">Varf\u00f6r v\u00e4lja 360\u00b0 Rotator-systemet?<\/h4>\n<ul data-start=\"578\" data-end=\"1299\">\n<li data-start=\"578\" data-end=\"769\">\n<p data-start=\"580\" data-end=\"769\"><strong data-start=\"580\" data-end=\"627\">Obegr\u00e4nsad rotation utan att slangarna vri<\/strong>ds: Backarnas hydraulsystem passerar genom en bussning, s\u00e5 att gripen kan roteras utan att man beh\u00f6ver oroa sig f\u00f6r att slangarna vrids eller skadas.<\/p>\n<\/li>\n<li data-start=\"770\" data-end=\"987\">\n<p data-start=\"772\" data-end=\"987\"><strong data-start=\"772\" data-end=\"812\">Snabbare och mer kontrollerad virkeshantering<\/strong>: Efter kapning av virket kan ramen vridas och s\u00e4nkas i \u00f6nskad riktning &#8211; t.ex. direkt till sidan av h\u00f6gen eller till kanten av uppfarten. Detta minskar antalet on\u00f6diga man\u00f6vrar under arbetet. <\/p>\n<\/li>\n<li data-start=\"988\" data-end=\"1177\">\n<p data-start=\"990\" data-end=\"1177\"><strong data-start=\"990\" data-end=\"1033\">F\u00f6rb\u00e4ttrad r\u00e4ckvidd och arbetsvinklar<\/strong>: rotationen g\u00f6r det l\u00e4ttare att r\u00f6ja och sk\u00f6rda energived, s\u00e4rskilt i oj\u00e4mn eller t\u00e4t terr\u00e4ng. Arbetsst\u00e4llningen \u00e4r alltid optimal. <\/p>\n<\/li>\n<li data-start=\"1178\" data-end=\"1299\">\n<p data-start=\"1180\" data-end=\"1299\"><strong data-start=\"1180\" data-end=\"1207\">\u00d6kad produktivitet<\/strong>: N\u00e4r gripdonet snabbt v\u00e4nder till r\u00e4tt position g\u00e5r arbetscykeln snabbare och maskinen blir effektivare.<\/p>\n<\/li>\n<\/ul>\n<h4 data-start=\"1301\" data-end=\"1319\">Platser f\u00f6r anv\u00e4ndning<\/h4>\n<p data-start=\"1320\" data-end=\"1374\">360\u00b0 Rotator-systemet \u00e4r till exempel ett utm\u00e4rkt val:<\/p>\n<ul data-start=\"1375\" data-end=\"1627\">\n<li data-start=\"1375\" data-end=\"1425\">\n<p data-start=\"1377\" data-end=\"1425\">energiskogsavverkning och sm\u00e5skalig tr\u00e4f\u00f6r\u00e4dling<\/p>\n<\/li>\n<li data-start=\"1426\" data-end=\"1462\">\n<p data-start=\"1428\" data-end=\"1462\">f\u00f6r gallring och sk\u00f6tsel av plantskolor<\/p>\n<\/li>\n<li data-start=\"1463\" data-end=\"1522\">\n<p data-start=\"1465\" data-end=\"1522\">f\u00f6r r\u00f6jning av kanter p\u00e5 kraftledningar, v\u00e4gar och \u00e5krar<\/p>\n<\/li>\n<li data-start=\"1523\" data-end=\"1627\">\n<p data-start=\"1525\" data-end=\"1627\">f\u00f6r arbete med gr\u00e4vmaskiner, hjullastare och traktorgr\u00e4vare d\u00e4r exakt kontroll av bom och grip kr\u00e4vs<\/p>\n<\/li>\n<\/ul>\n<h4 data-start=\"1982\" data-end=\"2001\">Kompatibilitet<\/h4>\n<p data-start=\"2002\" data-end=\"2175\">Systemet \u00e4r kompatibelt med energiklipparna JAK-200R, JAK-250R och JAK-300R i versioner f\u00f6r b\u00e5de gr\u00e4vmaskin, lastmaskin och teleskoplastare.<\/p>\n<p data-start=\"2177\" data-end=\"2314\">Vill du f\u00e5 ut mesta m\u00f6jliga av ditt energiklipp? L\u00e4gg till 360\u00b0 Rotating System i din offertf\u00f6rfr\u00e5gan och be om den modell som passar b\u00e4st f\u00f6r din maskin. <\/p>\n","protected":false},"excerpt":{"rendered":"<p>360\u00b0 rotatorsystem f\u00f6r JAK energiklipp &#8211; obegr\u00e4nsad rotation, mer r\u00e4ckvidd och effektivitet JAK 360\u00b0 Rotator System \u00e4r ett tillbeh\u00f6r som \u00e4r utformat f\u00f6r R-seriens energiklipp och som installeras mellan gripen och den bakre delen. Systemet m\u00f6jligg\u00f6r obegr\u00e4nsad 360\u00b0 rotation i b\u00e5da riktningarna l\u00e4ngs gripkroppens axel. Rotatorsystemet best\u00e5r av en slitstark bussningsenhet och en rotator, vilket [&hellip;]<\/p>\n","protected":false},"featured_media":6006,"template":"","meta":{"_acf_changed":false},"product_brand":[],"product_cat":[603],"product_tag":[],"class_list":{"0":"post-6004","1":"product","2":"type-product","3":"status-publish","4":"has-post-thumbnail","6":"product_cat-tillbehor-for-energiklippar","8":"first","9":"instock","10":"shipping-taxable","11":"product-type-simple"},"acf":[],"yoast_head":"<!-- This site is optimized with the Yoast SEO plugin v27.2 - https:\/\/yoast.com\/product\/yoast-seo-wordpress\/ -->\n<title>360\u00b0 Rotator-system &#8211; JAK-Metalli Oy<\/title>\n<meta name=\"description\" content=\"360\u00b0 Rotator System \u00e4r ett tillbeh\u00f6r som kan installeras mellan gripen och bakre delen f\u00f6r att m\u00f6jligg\u00f6ra obegr\u00e4nsad rotation av energiklippet.\" \/>\n<meta name=\"robots\" content=\"index, follow, max-snippet:-1, max-image-preview:large, max-video-preview:-1\" \/>\n<link rel=\"canonical\" href=\"https:\/\/jak.fi\/sv\/produkter\/tillbehor-for-energiklippar\/360-rotator-system\/\" \/>\n<meta property=\"og:locale\" content=\"sv_SE\" \/>\n<meta property=\"og:type\" content=\"article\" \/>\n<meta property=\"og:title\" content=\"360\u00b0 Rotator-system &#8211; JAK-Metalli Oy\" \/>\n<meta property=\"og:description\" content=\"360\u00b0 Rotator System \u00e4r ett tillbeh\u00f6r som kan installeras mellan gripen och bakre delen f\u00f6r att m\u00f6jligg\u00f6ra obegr\u00e4nsad rotation av energiklippet.\" \/>\n<meta property=\"og:url\" content=\"https:\/\/jak.fi\/sv\/produkter\/tillbehor-for-energiklippar\/360-rotator-system\/\" \/>\n<meta property=\"og:site_name\" content=\"JAK-Metalli Oy\" \/>\n<meta property=\"article:publisher\" content=\"https:\/\/www.facebook.com\/jaktreeshears\" \/>\n<meta property=\"article:modified_time\" content=\"2025-11-25T10:23:34+00:00\" \/>\n<meta property=\"og:image\" content=\"https:\/\/jak.fi\/wp-content\/uploads\/2024\/05\/jak-200r-for-excavator-rotator.png\" \/>\n\t<meta property=\"og:image:width\" content=\"1000\" \/>\n\t<meta property=\"og:image:height\" content=\"666\" \/>\n\t<meta property=\"og:image:type\" content=\"image\/png\" \/>\n<meta name=\"twitter:card\" content=\"summary_large_image\" \/>\n<meta name=\"twitter:label1\" content=\"Ber\u00e4knad l\u00e4stid\" \/>\n\t<meta name=\"twitter:data1\" content=\"2 minut\" \/>\n<script type=\"application\/ld+json\" class=\"yoast-schema-graph\">{\"@context\":\"https:\/\/schema.org\",\"@graph\":[{\"@type\":\"WebPage\",\"@id\":\"https:\/\/jak.fi\/sv\/produkter\/tillbehor-for-energiklippar\/360-rotator-system\/\",\"url\":\"https:\/\/jak.fi\/sv\/produkter\/tillbehor-for-energiklippar\/360-rotator-system\/\",\"name\":\"360\u00b0 Rotator-system &#8211; JAK-Metalli Oy\",\"isPartOf\":{\"@id\":\"https:\/\/jak.fi\/sv\/#website\"},\"primaryImageOfPage\":{\"@id\":\"https:\/\/jak.fi\/sv\/produkter\/tillbehor-for-energiklippar\/360-rotator-system\/#primaryimage\"},\"image\":{\"@id\":\"https:\/\/jak.fi\/sv\/produkter\/tillbehor-for-energiklippar\/360-rotator-system\/#primaryimage\"},\"thumbnailUrl\":\"https:\/\/jak.fi\/wp-content\/uploads\/2024\/05\/jak-200r-for-excavator-rotator.png\",\"datePublished\":\"2024-05-28T07:03:49+00:00\",\"dateModified\":\"2025-11-25T10:23:34+00:00\",\"description\":\"360\u00b0 Rotator System \u00e4r ett tillbeh\u00f6r som kan installeras mellan gripen och bakre delen f\u00f6r att m\u00f6jligg\u00f6ra obegr\u00e4nsad rotation av energiklippet.\",\"breadcrumb\":{\"@id\":\"https:\/\/jak.fi\/sv\/produkter\/tillbehor-for-energiklippar\/360-rotator-system\/#breadcrumb\"},\"inLanguage\":\"sv-SE\",\"potentialAction\":[{\"@type\":\"ReadAction\",\"target\":[\"https:\/\/jak.fi\/sv\/produkter\/tillbehor-for-energiklippar\/360-rotator-system\/\"]}]},{\"@type\":\"ImageObject\",\"inLanguage\":\"sv-SE\",\"@id\":\"https:\/\/jak.fi\/sv\/produkter\/tillbehor-for-energiklippar\/360-rotator-system\/#primaryimage\",\"url\":\"https:\/\/jak.fi\/wp-content\/uploads\/2024\/05\/jak-200r-for-excavator-rotator.png\",\"contentUrl\":\"https:\/\/jak.fi\/wp-content\/uploads\/2024\/05\/jak-200r-for-excavator-rotator.png\",\"width\":1000,\"height\":666,\"caption\":\"360 Roterande enhet snabbf\u00e4st vid energiklippet\"},{\"@type\":\"BreadcrumbList\",\"@id\":\"https:\/\/jak.fi\/sv\/produkter\/tillbehor-for-energiklippar\/360-rotator-system\/#breadcrumb\",\"itemListElement\":[{\"@type\":\"ListItem\",\"position\":1,\"name\":\"Etusivu\",\"item\":\"https:\/\/jak.fi\/sv\/\"},{\"@type\":\"ListItem\",\"position\":2,\"name\":\"Produkter\",\"item\":\"https:\/\/jak.fi\/sv\/produkter\/\"},{\"@type\":\"ListItem\",\"position\":3,\"name\":\"360\u00b0 Rotator-system\"}]},{\"@type\":\"WebSite\",\"@id\":\"https:\/\/jak.fi\/sv\/#website\",\"url\":\"https:\/\/jak.fi\/sv\/\",\"name\":\"JAK-Metalli Oy\",\"description\":\"\",\"publisher\":{\"@id\":\"https:\/\/jak.fi\/sv\/#organization\"},\"alternateName\":\"JAK Tree shears\",\"potentialAction\":[{\"@type\":\"SearchAction\",\"target\":{\"@type\":\"EntryPoint\",\"urlTemplate\":\"https:\/\/jak.fi\/sv\/?s={search_term_string}\"},\"query-input\":{\"@type\":\"PropertyValueSpecification\",\"valueRequired\":true,\"valueName\":\"search_term_string\"}}],\"inLanguage\":\"sv-SE\"},{\"@type\":\"Organization\",\"@id\":\"https:\/\/jak.fi\/sv\/#organization\",\"name\":\"JAK-Metalli Oy\",\"alternateName\":\"JAK Tree shears\",\"url\":\"https:\/\/jak.fi\/sv\/\",\"logo\":{\"@type\":\"ImageObject\",\"inLanguage\":\"sv-SE\",\"@id\":\"https:\/\/jak.fi\/sv\/#\/schema\/logo\/image\/\",\"url\":\"https:\/\/jak.fi\/wp-content\/uploads\/2024\/09\/JAK-logo-696x696-1.jpg\",\"contentUrl\":\"https:\/\/jak.fi\/wp-content\/uploads\/2024\/09\/JAK-logo-696x696-1.jpg\",\"width\":696,\"height\":696,\"caption\":\"JAK-Metalli Oy\"},\"image\":{\"@id\":\"https:\/\/jak.fi\/sv\/#\/schema\/logo\/image\/\"},\"sameAs\":[\"https:\/\/www.facebook.com\/jaktreeshears\",\"https:\/\/www.instagram.com\/jaktreeshears\/\",\"https:\/\/www.youtube.com\/channel\/UCAwvaVhBBkPie8MeAGbdY1w\"]}]}<\/script>\n<!-- \/ Yoast SEO plugin. -->","yoast_head_json":{"title":"360\u00b0 Rotator-system &#8211; JAK-Metalli Oy","description":"360\u00b0 Rotator System \u00e4r ett tillbeh\u00f6r som kan installeras mellan gripen och bakre delen f\u00f6r att m\u00f6jligg\u00f6ra obegr\u00e4nsad rotation av energiklippet.","robots":{"index":"index","follow":"follow","max-snippet":"max-snippet:-1","max-image-preview":"max-image-preview:large","max-video-preview":"max-video-preview:-1"},"canonical":"https:\/\/jak.fi\/sv\/produkter\/tillbehor-for-energiklippar\/360-rotator-system\/","og_locale":"sv_SE","og_type":"article","og_title":"360\u00b0 Rotator-system &#8211; JAK-Metalli Oy","og_description":"360\u00b0 Rotator System \u00e4r ett tillbeh\u00f6r som kan installeras mellan gripen och bakre delen f\u00f6r att m\u00f6jligg\u00f6ra obegr\u00e4nsad rotation av energiklippet.","og_url":"https:\/\/jak.fi\/sv\/produkter\/tillbehor-for-energiklippar\/360-rotator-system\/","og_site_name":"JAK-Metalli Oy","article_publisher":"https:\/\/www.facebook.com\/jaktreeshears","article_modified_time":"2025-11-25T10:23:34+00:00","og_image":[{"width":1000,"height":666,"url":"https:\/\/jak.fi\/wp-content\/uploads\/2024\/05\/jak-200r-for-excavator-rotator.png","type":"image\/png"}],"twitter_card":"summary_large_image","twitter_misc":{"Ber\u00e4knad l\u00e4stid":"2 minut"},"schema":{"@context":"https:\/\/schema.org","@graph":[{"@type":"WebPage","@id":"https:\/\/jak.fi\/sv\/produkter\/tillbehor-for-energiklippar\/360-rotator-system\/","url":"https:\/\/jak.fi\/sv\/produkter\/tillbehor-for-energiklippar\/360-rotator-system\/","name":"360\u00b0 Rotator-system &#8211; JAK-Metalli Oy","isPartOf":{"@id":"https:\/\/jak.fi\/sv\/#website"},"primaryImageOfPage":{"@id":"https:\/\/jak.fi\/sv\/produkter\/tillbehor-for-energiklippar\/360-rotator-system\/#primaryimage"},"image":{"@id":"https:\/\/jak.fi\/sv\/produkter\/tillbehor-for-energiklippar\/360-rotator-system\/#primaryimage"},"thumbnailUrl":"https:\/\/jak.fi\/wp-content\/uploads\/2024\/05\/jak-200r-for-excavator-rotator.png","datePublished":"2024-05-28T07:03:49+00:00","dateModified":"2025-11-25T10:23:34+00:00","description":"360\u00b0 Rotator System \u00e4r ett tillbeh\u00f6r som kan installeras mellan gripen och bakre delen f\u00f6r att m\u00f6jligg\u00f6ra obegr\u00e4nsad rotation av energiklippet.","breadcrumb":{"@id":"https:\/\/jak.fi\/sv\/produkter\/tillbehor-for-energiklippar\/360-rotator-system\/#breadcrumb"},"inLanguage":"sv-SE","potentialAction":[{"@type":"ReadAction","target":["https:\/\/jak.fi\/sv\/produkter\/tillbehor-for-energiklippar\/360-rotator-system\/"]}]},{"@type":"ImageObject","inLanguage":"sv-SE","@id":"https:\/\/jak.fi\/sv\/produkter\/tillbehor-for-energiklippar\/360-rotator-system\/#primaryimage","url":"https:\/\/jak.fi\/wp-content\/uploads\/2024\/05\/jak-200r-for-excavator-rotator.png","contentUrl":"https:\/\/jak.fi\/wp-content\/uploads\/2024\/05\/jak-200r-for-excavator-rotator.png","width":1000,"height":666,"caption":"360 Roterande enhet snabbf\u00e4st vid energiklippet"},{"@type":"BreadcrumbList","@id":"https:\/\/jak.fi\/sv\/produkter\/tillbehor-for-energiklippar\/360-rotator-system\/#breadcrumb","itemListElement":[{"@type":"ListItem","position":1,"name":"Etusivu","item":"https:\/\/jak.fi\/sv\/"},{"@type":"ListItem","position":2,"name":"Produkter","item":"https:\/\/jak.fi\/sv\/produkter\/"},{"@type":"ListItem","position":3,"name":"360\u00b0 Rotator-system"}]},{"@type":"WebSite","@id":"https:\/\/jak.fi\/sv\/#website","url":"https:\/\/jak.fi\/sv\/","name":"JAK-Metalli Oy","description":"","publisher":{"@id":"https:\/\/jak.fi\/sv\/#organization"},"alternateName":"JAK Tree shears","potentialAction":[{"@type":"SearchAction","target":{"@type":"EntryPoint","urlTemplate":"https:\/\/jak.fi\/sv\/?s={search_term_string}"},"query-input":{"@type":"PropertyValueSpecification","valueRequired":true,"valueName":"search_term_string"}}],"inLanguage":"sv-SE"},{"@type":"Organization","@id":"https:\/\/jak.fi\/sv\/#organization","name":"JAK-Metalli Oy","alternateName":"JAK Tree shears","url":"https:\/\/jak.fi\/sv\/","logo":{"@type":"ImageObject","inLanguage":"sv-SE","@id":"https:\/\/jak.fi\/sv\/#\/schema\/logo\/image\/","url":"https:\/\/jak.fi\/wp-content\/uploads\/2024\/09\/JAK-logo-696x696-1.jpg","contentUrl":"https:\/\/jak.fi\/wp-content\/uploads\/2024\/09\/JAK-logo-696x696-1.jpg","width":696,"height":696,"caption":"JAK-Metalli Oy"},"image":{"@id":"https:\/\/jak.fi\/sv\/#\/schema\/logo\/image\/"},"sameAs":["https:\/\/www.facebook.com\/jaktreeshears","https:\/\/www.instagram.com\/jaktreeshears\/","https:\/\/www.youtube.com\/channel\/UCAwvaVhBBkPie8MeAGbdY1w"]}]}},"_links":{"self":[{"href":"https:\/\/jak.fi\/sv\/wp-json\/wp\/v2\/product\/6004","targetHints":{"allow":["GET"]}}],"collection":[{"href":"https:\/\/jak.fi\/sv\/wp-json\/wp\/v2\/product"}],"about":[{"href":"https:\/\/jak.fi\/sv\/wp-json\/wp\/v2\/types\/product"}],"wp:featuredmedia":[{"embeddable":true,"href":"https:\/\/jak.fi\/sv\/wp-json\/wp\/v2\/media\/6006"}],"wp:attachment":[{"href":"https:\/\/jak.fi\/sv\/wp-json\/wp\/v2\/media?parent=6004"}],"wp:term":[{"taxonomy":"product_brand","embeddable":true,"href":"https:\/\/jak.fi\/sv\/wp-json\/wp\/v2\/product_brand?post=6004"},{"taxonomy":"product_cat","embeddable":true,"href":"https:\/\/jak.fi\/sv\/wp-json\/wp\/v2\/product_cat?post=6004"},{"taxonomy":"product_tag","embeddable":true,"href":"https:\/\/jak.fi\/sv\/wp-json\/wp\/v2\/product_tag?post=6004"}],"curies":[{"name":"wp","href":"https:\/\/api.w.org\/{rel}","templated":true}]}}