{"id":6041,"date":"2024-06-03T08:49:57","date_gmt":"2024-06-03T05:49:57","guid":{"rendered":"https:\/\/jak.fi\/products\/okategoriserad\/jak-400c-energigrepp-for-gravmaskin\/"},"modified":"2025-09-02T15:23:32","modified_gmt":"2025-09-02T12:23:32","slug":"jak-400c-energilklipp-for-gravmaskin","status":"publish","type":"product","link":"https:\/\/jak.fi\/sv\/produkter\/energiklipp-for-gravmaskiner\/jak-400c-energilklipp-for-gravmaskin\/","title":{"rendered":"JAK-400C Energiklipp f\u00f6r gr\u00e4vmaskin 14-30t"},"content":{"rendered":"<h2>JAK-400C Energilklipp f\u00f6r gr\u00e4vmaskin<\/h2>\n<p>JAK-400C energiklipp f\u00f6r gr\u00e4vmaskin, speciellt utformad f\u00f6r gr\u00e4vmaskiner p\u00e5 14-30 ton (30864-66138 lbs). Gripen koncentrerar sk\u00e4rkraften till en enda kl\u00e4mback, vilket m\u00f6jligg\u00f6r en l\u00e4ttare design och l\u00e4gre pris utan att kompromissa med prestandan. Tack vare sin stora storlek kapar JAK-400C effektivt tr\u00e4dstammar med en tjocklek p\u00e5 upp till 400 mm, vilket g\u00f6r den till ett utm\u00e4rkt val f\u00f6r kr\u00e4vande skogs- och r\u00f6jningsarbeten.<\/p>\n<p>Denna energiklipp med flera anv\u00e4ndningsomr\u00e5den \u00e4r resultatet av l\u00e5ngsiktig produktutveckling och forskning. Under utvecklingsprocessen har designen av gripdonet inspirerats av verkliga erfarenheter fr\u00e5n v\u00e5r egen gedigna erfarenhet av tr\u00e4bearbetning samt id\u00e9er fr\u00e5n anv\u00e4ndare. Denna energiklipp har genomg\u00e5tt en kr\u00e4vande testprocess under kr\u00e4vande f\u00f6rh\u00e5llanden.<\/p>\n<p>Vi anv\u00e4nder slitstarkt Hardox\u00ae-st\u00e5l med h\u00f6g h\u00e5llfasthetsklassning. Hemmam\u00e4ssigheten och anv\u00e4ndningen av material av h\u00f6gsta kvalitet bidrar ocks\u00e5 till en struktur och tillf\u00f6rlitlighet som klarar de tuffaste situationerna och f\u00f6rh\u00e5llandena.<\/p>\n<p>&nbsp;<\/p>\n<p><strong>Klipp<\/strong><\/p>\n<p>De vanligaste gr\u00e4vmaskinstillbeh\u00f6ren<\/p>\n<p>P\u00e5 beg\u00e4ran beroende p\u00e5 vilken typ av maskin som best\u00e4lls av kunden<\/p>\n","protected":false},"excerpt":{"rendered":"<ul>\n<li>Kapdiameter upp till 400 mm<\/li>\n<li>Tillg\u00e4nglig med en valfri hydraulledning<\/li>\n<li>Tillverkad av Hardox\u00ae slitstarkt st\u00e5l<\/li>\n<li>Ett billigare alternativ<\/li>\n<li>CE-godk\u00e4nd<\/li>\n<li>Tillverkad i Finland<\/li>\n<li>L\u00f6stagbart blad<\/li>\n<\/ul>\n","protected":false},"featured_media":6042,"template":"","meta":{"_acf_changed":false},"product_brand":[],"product_cat":[610],"product_tag":[],"class_list":{"0":"post-6041","1":"product","2":"type-product","3":"status-publish","4":"has-post-thumbnail","6":"product_cat-energiklipp-for-gravmaskiner","8":"first","9":"instock","10":"shipping-taxable","11":"product-type-simple"},"acf":[],"yoast_head":"<!-- This site is optimized with the Yoast SEO plugin v27.3 - https:\/\/yoast.com\/product\/yoast-seo-wordpress\/ -->\n<title>JAK-400C Energiklipp f\u00f6r gr\u00e4vmaskin 14-30t &#8211; JAK-Metalli Oy<\/title>\n<meta name=\"description\" content=\"JAK-400C energiklipp f\u00f6r gr\u00e4vmaskin, speciellt utformad f\u00f6r gr\u00e4vmaskiner fr\u00e5n 14 till 30 ton. Gripen koncentrerar sk\u00e4rkraften till en enda kl\u00e4mback\" \/>\n<meta name=\"robots\" content=\"index, follow, max-snippet:-1, max-image-preview:large, max-video-preview:-1\" \/>\n<link rel=\"canonical\" href=\"https:\/\/jak.fi\/sv\/produkter\/energiklipp-for-gravmaskiner\/jak-400c-energilklipp-for-gravmaskin\/\" \/>\n<meta property=\"og:locale\" content=\"sv_SE\" \/>\n<meta property=\"og:type\" content=\"article\" \/>\n<meta property=\"og:title\" content=\"JAK-400C Energiklipp f\u00f6r gr\u00e4vmaskin 14-30t &#8211; JAK-Metalli Oy\" \/>\n<meta property=\"og:description\" content=\"JAK-400C energiklipp f\u00f6r gr\u00e4vmaskin, speciellt utformad f\u00f6r gr\u00e4vmaskiner fr\u00e5n 14 till 30 ton. Gripen koncentrerar sk\u00e4rkraften till en enda kl\u00e4mback\" \/>\n<meta property=\"og:url\" content=\"https:\/\/jak.fi\/sv\/produkter\/energiklipp-for-gravmaskiner\/jak-400c-energilklipp-for-gravmaskin\/\" \/>\n<meta property=\"og:site_name\" content=\"JAK-Metalli Oy\" \/>\n<meta property=\"article:publisher\" content=\"https:\/\/www.facebook.com\/jaktreeshears\" \/>\n<meta property=\"article:modified_time\" content=\"2025-09-02T12:23:32+00:00\" \/>\n<meta property=\"og:image\" content=\"https:\/\/jak.fi\/wp-content\/uploads\/2024\/06\/JAK-400C-with-collector-left-1200x861.png\" \/>\n\t<meta property=\"og:image:width\" content=\"1200\" \/>\n\t<meta property=\"og:image:height\" content=\"861\" \/>\n\t<meta property=\"og:image:type\" content=\"image\/png\" \/>\n<meta name=\"twitter:card\" content=\"summary_large_image\" \/>\n<meta name=\"twitter:label1\" content=\"Ber\u00e4knad l\u00e4stid\" \/>\n\t<meta name=\"twitter:data1\" content=\"2 minut\" \/>\n<script type=\"application\/ld+json\" class=\"yoast-schema-graph\">{\"@context\":\"https:\\\/\\\/schema.org\",\"@graph\":[{\"@type\":\"WebPage\",\"@id\":\"https:\\\/\\\/jak.fi\\\/sv\\\/produkter\\\/energiklipp-for-gravmaskiner\\\/jak-400c-energilklipp-for-gravmaskin\\\/\",\"url\":\"https:\\\/\\\/jak.fi\\\/sv\\\/produkter\\\/energiklipp-for-gravmaskiner\\\/jak-400c-energilklipp-for-gravmaskin\\\/\",\"name\":\"JAK-400C Energiklipp f\u00f6r gr\u00e4vmaskin 14-30t &#8211; JAK-Metalli Oy\",\"isPartOf\":{\"@id\":\"https:\\\/\\\/jak.fi\\\/sv\\\/#website\"},\"primaryImageOfPage\":{\"@id\":\"https:\\\/\\\/jak.fi\\\/sv\\\/produkter\\\/energiklipp-for-gravmaskiner\\\/jak-400c-energilklipp-for-gravmaskin\\\/#primaryimage\"},\"image\":{\"@id\":\"https:\\\/\\\/jak.fi\\\/sv\\\/produkter\\\/energiklipp-for-gravmaskiner\\\/jak-400c-energilklipp-for-gravmaskin\\\/#primaryimage\"},\"thumbnailUrl\":\"https:\\\/\\\/jak.fi\\\/wp-content\\\/uploads\\\/2024\\\/06\\\/JAK-400C-with-collector-left.png\",\"datePublished\":\"2024-06-03T05:49:57+00:00\",\"dateModified\":\"2025-09-02T12:23:32+00:00\",\"description\":\"JAK-400C energiklipp f\u00f6r gr\u00e4vmaskin, speciellt utformad f\u00f6r gr\u00e4vmaskiner fr\u00e5n 14 till 30 ton. Gripen koncentrerar sk\u00e4rkraften till en enda kl\u00e4mback\",\"breadcrumb\":{\"@id\":\"https:\\\/\\\/jak.fi\\\/sv\\\/produkter\\\/energiklipp-for-gravmaskiner\\\/jak-400c-energilklipp-for-gravmaskin\\\/#breadcrumb\"},\"inLanguage\":\"sv-SE\",\"potentialAction\":[{\"@type\":\"ReadAction\",\"target\":[\"https:\\\/\\\/jak.fi\\\/sv\\\/produkter\\\/energiklipp-for-gravmaskiner\\\/jak-400c-energilklipp-for-gravmaskin\\\/\"]}]},{\"@type\":\"ImageObject\",\"inLanguage\":\"sv-SE\",\"@id\":\"https:\\\/\\\/jak.fi\\\/sv\\\/produkter\\\/energiklipp-for-gravmaskiner\\\/jak-400c-energilklipp-for-gravmaskin\\\/#primaryimage\",\"url\":\"https:\\\/\\\/jak.fi\\\/wp-content\\\/uploads\\\/2024\\\/06\\\/JAK-400C-with-collector-left.png\",\"contentUrl\":\"https:\\\/\\\/jak.fi\\\/wp-content\\\/uploads\\\/2024\\\/06\\\/JAK-400C-with-collector-left.png\",\"width\":1920,\"height\":1378,\"caption\":\"JAK-400C energiklipp - en mycket kraftfull och h\u00e5llbar energiklipp f\u00f6r stora gr\u00e4vmaskiner.\"},{\"@type\":\"BreadcrumbList\",\"@id\":\"https:\\\/\\\/jak.fi\\\/sv\\\/produkter\\\/energiklipp-for-gravmaskiner\\\/jak-400c-energilklipp-for-gravmaskin\\\/#breadcrumb\",\"itemListElement\":[{\"@type\":\"ListItem\",\"position\":1,\"name\":\"Etusivu\",\"item\":\"https:\\\/\\\/jak.fi\\\/sv\\\/\"},{\"@type\":\"ListItem\",\"position\":2,\"name\":\"Produkter\",\"item\":\"https:\\\/\\\/jak.fi\\\/sv\\\/produkter\\\/\"},{\"@type\":\"ListItem\",\"position\":3,\"name\":\"JAK-400C Energiklipp f\u00f6r gr\u00e4vmaskin 14-30t\"}]},{\"@type\":\"WebSite\",\"@id\":\"https:\\\/\\\/jak.fi\\\/sv\\\/#website\",\"url\":\"https:\\\/\\\/jak.fi\\\/sv\\\/\",\"name\":\"JAK-Metalli Oy\",\"description\":\"\",\"publisher\":{\"@id\":\"https:\\\/\\\/jak.fi\\\/sv\\\/#organization\"},\"alternateName\":\"JAK Tree shears\",\"potentialAction\":[{\"@type\":\"SearchAction\",\"target\":{\"@type\":\"EntryPoint\",\"urlTemplate\":\"https:\\\/\\\/jak.fi\\\/sv\\\/?s={search_term_string}\"},\"query-input\":{\"@type\":\"PropertyValueSpecification\",\"valueRequired\":true,\"valueName\":\"search_term_string\"}}],\"inLanguage\":\"sv-SE\"},{\"@type\":\"Organization\",\"@id\":\"https:\\\/\\\/jak.fi\\\/sv\\\/#organization\",\"name\":\"JAK-Metalli Oy\",\"alternateName\":\"JAK Tree shears\",\"url\":\"https:\\\/\\\/jak.fi\\\/sv\\\/\",\"logo\":{\"@type\":\"ImageObject\",\"inLanguage\":\"sv-SE\",\"@id\":\"https:\\\/\\\/jak.fi\\\/sv\\\/#\\\/schema\\\/logo\\\/image\\\/\",\"url\":\"https:\\\/\\\/jak.fi\\\/wp-content\\\/uploads\\\/2024\\\/09\\\/JAK-logo-696x696-1.jpg\",\"contentUrl\":\"https:\\\/\\\/jak.fi\\\/wp-content\\\/uploads\\\/2024\\\/09\\\/JAK-logo-696x696-1.jpg\",\"width\":696,\"height\":696,\"caption\":\"JAK-Metalli Oy\"},\"image\":{\"@id\":\"https:\\\/\\\/jak.fi\\\/sv\\\/#\\\/schema\\\/logo\\\/image\\\/\"},\"sameAs\":[\"https:\\\/\\\/www.facebook.com\\\/jaktreeshears\",\"https:\\\/\\\/www.instagram.com\\\/jaktreeshears\\\/\",\"https:\\\/\\\/www.youtube.com\\\/channel\\\/UCAwvaVhBBkPie8MeAGbdY1w\"]}]}<\/script>\n<!-- \/ Yoast SEO plugin. -->","yoast_head_json":{"title":"JAK-400C Energiklipp f\u00f6r gr\u00e4vmaskin 14-30t &#8211; JAK-Metalli Oy","description":"JAK-400C energiklipp f\u00f6r gr\u00e4vmaskin, speciellt utformad f\u00f6r gr\u00e4vmaskiner fr\u00e5n 14 till 30 ton. Gripen koncentrerar sk\u00e4rkraften till en enda kl\u00e4mback","robots":{"index":"index","follow":"follow","max-snippet":"max-snippet:-1","max-image-preview":"max-image-preview:large","max-video-preview":"max-video-preview:-1"},"canonical":"https:\/\/jak.fi\/sv\/produkter\/energiklipp-for-gravmaskiner\/jak-400c-energilklipp-for-gravmaskin\/","og_locale":"sv_SE","og_type":"article","og_title":"JAK-400C Energiklipp f\u00f6r gr\u00e4vmaskin 14-30t &#8211; JAK-Metalli Oy","og_description":"JAK-400C energiklipp f\u00f6r gr\u00e4vmaskin, speciellt utformad f\u00f6r gr\u00e4vmaskiner fr\u00e5n 14 till 30 ton. Gripen koncentrerar sk\u00e4rkraften till en enda kl\u00e4mback","og_url":"https:\/\/jak.fi\/sv\/produkter\/energiklipp-for-gravmaskiner\/jak-400c-energilklipp-for-gravmaskin\/","og_site_name":"JAK-Metalli Oy","article_publisher":"https:\/\/www.facebook.com\/jaktreeshears","article_modified_time":"2025-09-02T12:23:32+00:00","og_image":[{"width":1200,"height":861,"url":"https:\/\/jak.fi\/wp-content\/uploads\/2024\/06\/JAK-400C-with-collector-left-1200x861.png","type":"image\/png"}],"twitter_card":"summary_large_image","twitter_misc":{"Ber\u00e4knad l\u00e4stid":"2 minut"},"schema":{"@context":"https:\/\/schema.org","@graph":[{"@type":"WebPage","@id":"https:\/\/jak.fi\/sv\/produkter\/energiklipp-for-gravmaskiner\/jak-400c-energilklipp-for-gravmaskin\/","url":"https:\/\/jak.fi\/sv\/produkter\/energiklipp-for-gravmaskiner\/jak-400c-energilklipp-for-gravmaskin\/","name":"JAK-400C Energiklipp f\u00f6r gr\u00e4vmaskin 14-30t &#8211; JAK-Metalli Oy","isPartOf":{"@id":"https:\/\/jak.fi\/sv\/#website"},"primaryImageOfPage":{"@id":"https:\/\/jak.fi\/sv\/produkter\/energiklipp-for-gravmaskiner\/jak-400c-energilklipp-for-gravmaskin\/#primaryimage"},"image":{"@id":"https:\/\/jak.fi\/sv\/produkter\/energiklipp-for-gravmaskiner\/jak-400c-energilklipp-for-gravmaskin\/#primaryimage"},"thumbnailUrl":"https:\/\/jak.fi\/wp-content\/uploads\/2024\/06\/JAK-400C-with-collector-left.png","datePublished":"2024-06-03T05:49:57+00:00","dateModified":"2025-09-02T12:23:32+00:00","description":"JAK-400C energiklipp f\u00f6r gr\u00e4vmaskin, speciellt utformad f\u00f6r gr\u00e4vmaskiner fr\u00e5n 14 till 30 ton. Gripen koncentrerar sk\u00e4rkraften till en enda kl\u00e4mback","breadcrumb":{"@id":"https:\/\/jak.fi\/sv\/produkter\/energiklipp-for-gravmaskiner\/jak-400c-energilklipp-for-gravmaskin\/#breadcrumb"},"inLanguage":"sv-SE","potentialAction":[{"@type":"ReadAction","target":["https:\/\/jak.fi\/sv\/produkter\/energiklipp-for-gravmaskiner\/jak-400c-energilklipp-for-gravmaskin\/"]}]},{"@type":"ImageObject","inLanguage":"sv-SE","@id":"https:\/\/jak.fi\/sv\/produkter\/energiklipp-for-gravmaskiner\/jak-400c-energilklipp-for-gravmaskin\/#primaryimage","url":"https:\/\/jak.fi\/wp-content\/uploads\/2024\/06\/JAK-400C-with-collector-left.png","contentUrl":"https:\/\/jak.fi\/wp-content\/uploads\/2024\/06\/JAK-400C-with-collector-left.png","width":1920,"height":1378,"caption":"JAK-400C energiklipp - en mycket kraftfull och h\u00e5llbar energiklipp f\u00f6r stora gr\u00e4vmaskiner."},{"@type":"BreadcrumbList","@id":"https:\/\/jak.fi\/sv\/produkter\/energiklipp-for-gravmaskiner\/jak-400c-energilklipp-for-gravmaskin\/#breadcrumb","itemListElement":[{"@type":"ListItem","position":1,"name":"Etusivu","item":"https:\/\/jak.fi\/sv\/"},{"@type":"ListItem","position":2,"name":"Produkter","item":"https:\/\/jak.fi\/sv\/produkter\/"},{"@type":"ListItem","position":3,"name":"JAK-400C Energiklipp f\u00f6r gr\u00e4vmaskin 14-30t"}]},{"@type":"WebSite","@id":"https:\/\/jak.fi\/sv\/#website","url":"https:\/\/jak.fi\/sv\/","name":"JAK-Metalli Oy","description":"","publisher":{"@id":"https:\/\/jak.fi\/sv\/#organization"},"alternateName":"JAK Tree shears","potentialAction":[{"@type":"SearchAction","target":{"@type":"EntryPoint","urlTemplate":"https:\/\/jak.fi\/sv\/?s={search_term_string}"},"query-input":{"@type":"PropertyValueSpecification","valueRequired":true,"valueName":"search_term_string"}}],"inLanguage":"sv-SE"},{"@type":"Organization","@id":"https:\/\/jak.fi\/sv\/#organization","name":"JAK-Metalli Oy","alternateName":"JAK Tree shears","url":"https:\/\/jak.fi\/sv\/","logo":{"@type":"ImageObject","inLanguage":"sv-SE","@id":"https:\/\/jak.fi\/sv\/#\/schema\/logo\/image\/","url":"https:\/\/jak.fi\/wp-content\/uploads\/2024\/09\/JAK-logo-696x696-1.jpg","contentUrl":"https:\/\/jak.fi\/wp-content\/uploads\/2024\/09\/JAK-logo-696x696-1.jpg","width":696,"height":696,"caption":"JAK-Metalli Oy"},"image":{"@id":"https:\/\/jak.fi\/sv\/#\/schema\/logo\/image\/"},"sameAs":["https:\/\/www.facebook.com\/jaktreeshears","https:\/\/www.instagram.com\/jaktreeshears\/","https:\/\/www.youtube.com\/channel\/UCAwvaVhBBkPie8MeAGbdY1w"]}]}},"_links":{"self":[{"href":"https:\/\/jak.fi\/sv\/wp-json\/wp\/v2\/product\/6041","targetHints":{"allow":["GET"]}}],"collection":[{"href":"https:\/\/jak.fi\/sv\/wp-json\/wp\/v2\/product"}],"about":[{"href":"https:\/\/jak.fi\/sv\/wp-json\/wp\/v2\/types\/product"}],"wp:featuredmedia":[{"embeddable":true,"href":"https:\/\/jak.fi\/sv\/wp-json\/wp\/v2\/media\/6042"}],"wp:attachment":[{"href":"https:\/\/jak.fi\/sv\/wp-json\/wp\/v2\/media?parent=6041"}],"wp:term":[{"taxonomy":"product_brand","embeddable":true,"href":"https:\/\/jak.fi\/sv\/wp-json\/wp\/v2\/product_brand?post=6041"},{"taxonomy":"product_cat","embeddable":true,"href":"https:\/\/jak.fi\/sv\/wp-json\/wp\/v2\/product_cat?post=6041"},{"taxonomy":"product_tag","embeddable":true,"href":"https:\/\/jak.fi\/sv\/wp-json\/wp\/v2\/product_tag?post=6041"}],"curies":[{"name":"wp","href":"https:\/\/api.w.org\/{rel}","templated":true}]}}