{"id":6089,"date":"2024-05-30T09:11:48","date_gmt":"2024-05-30T06:11:48","guid":{"rendered":"https:\/\/jak.fi\/products\/okategoriserad\/jak-300c-energigrepp-for-gravmaskin\/"},"modified":"2025-08-18T15:07:53","modified_gmt":"2025-08-18T12:07:53","slug":"jak-300c-energiklipp-for-gravmaskin","status":"publish","type":"product","link":"https:\/\/jak.fi\/sv\/produkter\/energiklipp-for-gravmaskiner\/jak-300c-energiklipp-for-gravmaskin\/","title":{"rendered":"JAK-300C Energiklipp f\u00f6r gr\u00e4vmaskin 6-20t"},"content":{"rendered":"<h2 data-start=\"176\" data-end=\"274\">JAK-300C Energiklipp &#8211; l\u00e4tt, h\u00e5llbar och m\u00e5ngsidig<\/h2>\n<p data-start=\"276\" data-end=\"563\">JAK-300C energiklipp \u00e4r en l\u00e4tt och kraftfull timmergrip som \u00e4r tillr\u00e4ckligt m\u00e5ngsidig f\u00f6r gr\u00e4vmaskiner fr\u00e5n 6-20 ton (13227-44092 lbs). Sk\u00e4rkraften \u00e4r koncentrerad till ena sidan av kl\u00e4mk\u00e4ften, vilket ger en l\u00e4ttare design, sp\u00e5nstorlek och kostnadseffektivitet utan att kompromissa med prestandan. <\/p>\n<p data-start=\"565\" data-end=\"908\">Denna m\u00e5ngsidiga energiklipp \u00e4r resultatet av l\u00e5ngsiktig produktutveckling och praktisk erfarenhet. Designen bygger p\u00e5 v\u00e5r egen gedigna expertis inom loggning och v\u00e4rdefull feedback fr\u00e5n anv\u00e4ndare. Denna energiklipp har ocks\u00e5 testats under kr\u00e4vande f\u00f6rh\u00e5llanden, vilket s\u00e4kerst\u00e4ller dess tillf\u00f6rlitlighet och h\u00e5llbarhet under tung anv\u00e4ndning.  <\/p>\n<p data-start=\"910\" data-end=\"1132\">Vi anv\u00e4nder endast h\u00e5llfasthetsklassat Hardox\u00ae slitst\u00e5l i v\u00e5r tillverkning. Inhemsk design och material av h\u00f6gsta kvalitet s\u00e4kerst\u00e4ller att JAK:s energiklipp klarar de tuffaste f\u00f6rh\u00e5llandena p\u00e5 plats \u00e5r efter \u00e5r. <\/p>\n<p>&nbsp;<\/p>\n<p><strong>Klipp<\/strong><\/p>\n<p>De vanligaste gr\u00e4vmaskinstillbeh\u00f6ren<\/p>\n<p>P\u00e5 beg\u00e4ran beroende p\u00e5 vilken typ av maskin som best\u00e4lls av kunden<\/p>\n","protected":false},"excerpt":{"rendered":"<ul>\n<li>Tillverkad av Hardox\u00ae slitstarkt st\u00e5l<\/li>\n<li>Tillg\u00e4nglig med en valfri hydraulledning<\/li>\n<li>CE-godk\u00e4nd<\/li>\n<li>Ett billigare alternativ<\/li>\n<li>Tillverkad i Finland<\/li>\n<li>L\u00f6stagbart blad<\/li>\n<\/ul>\n","protected":false},"featured_media":6090,"template":"","meta":{"_acf_changed":false},"product_brand":[],"product_cat":[610],"product_tag":[],"class_list":{"0":"post-6089","1":"product","2":"type-product","3":"status-publish","4":"has-post-thumbnail","6":"product_cat-energiklipp-for-gravmaskiner","8":"first","9":"instock","10":"shipping-taxable","11":"product-type-simple"},"acf":[],"yoast_head":"<!-- This site is optimized with the Yoast SEO plugin v27.3 - https:\/\/yoast.com\/product\/yoast-seo-wordpress\/ -->\n<title>JAK-300C Energiklipp f\u00f6r gr\u00e4vmaskin 6-20t &#8211; JAK-Metalli Oy<\/title>\n<meta name=\"description\" content=\"JAK-300C \u00e4r en energiklipp d\u00e4r sk\u00e4rkraften \u00e4r koncentrerad till ena sidan av k\u00e4ken. Energiklippet JAK-300C har genomg\u00e5tt en kr\u00e4vande testprocess.\" \/>\n<meta name=\"robots\" content=\"index, follow, max-snippet:-1, max-image-preview:large, max-video-preview:-1\" \/>\n<link rel=\"canonical\" href=\"https:\/\/jak.fi\/sv\/produkter\/energiklipp-for-gravmaskiner\/jak-300c-energiklipp-for-gravmaskin\/\" \/>\n<meta property=\"og:locale\" content=\"sv_SE\" \/>\n<meta property=\"og:type\" content=\"article\" \/>\n<meta property=\"og:title\" content=\"JAK-300C Energiklipp f\u00f6r gr\u00e4vmaskin 6-20t &#8211; JAK-Metalli Oy\" \/>\n<meta property=\"og:description\" content=\"JAK-300C \u00e4r en energiklipp d\u00e4r sk\u00e4rkraften \u00e4r koncentrerad till ena sidan av k\u00e4ken. Energiklippet JAK-300C har genomg\u00e5tt en kr\u00e4vande testprocess.\" \/>\n<meta property=\"og:url\" content=\"https:\/\/jak.fi\/sv\/produkter\/energiklipp-for-gravmaskiner\/jak-300c-energiklipp-for-gravmaskin\/\" \/>\n<meta property=\"og:site_name\" content=\"JAK-Metalli Oy\" \/>\n<meta property=\"article:publisher\" content=\"https:\/\/www.facebook.com\/jaktreeshears\" \/>\n<meta property=\"article:modified_time\" content=\"2025-08-18T12:07:53+00:00\" \/>\n<meta property=\"og:image\" content=\"https:\/\/jak.fi\/wp-content\/uploads\/2024\/05\/jak-300c-tree-shear-with-collector-1-1.png\" \/>\n\t<meta property=\"og:image:width\" content=\"1000\" \/>\n\t<meta property=\"og:image:height\" content=\"666\" \/>\n\t<meta property=\"og:image:type\" content=\"image\/png\" \/>\n<meta name=\"twitter:card\" content=\"summary_large_image\" \/>\n<meta name=\"twitter:label1\" content=\"Ber\u00e4knad l\u00e4stid\" \/>\n\t<meta name=\"twitter:data1\" content=\"2 minut\" \/>\n<script type=\"application\/ld+json\" class=\"yoast-schema-graph\">{\"@context\":\"https:\\\/\\\/schema.org\",\"@graph\":[{\"@type\":\"WebPage\",\"@id\":\"https:\\\/\\\/jak.fi\\\/sv\\\/produkter\\\/energiklipp-for-gravmaskiner\\\/jak-300c-energiklipp-for-gravmaskin\\\/\",\"url\":\"https:\\\/\\\/jak.fi\\\/sv\\\/produkter\\\/energiklipp-for-gravmaskiner\\\/jak-300c-energiklipp-for-gravmaskin\\\/\",\"name\":\"JAK-300C Energiklipp f\u00f6r gr\u00e4vmaskin 6-20t &#8211; JAK-Metalli Oy\",\"isPartOf\":{\"@id\":\"https:\\\/\\\/jak.fi\\\/sv\\\/#website\"},\"primaryImageOfPage\":{\"@id\":\"https:\\\/\\\/jak.fi\\\/sv\\\/produkter\\\/energiklipp-for-gravmaskiner\\\/jak-300c-energiklipp-for-gravmaskin\\\/#primaryimage\"},\"image\":{\"@id\":\"https:\\\/\\\/jak.fi\\\/sv\\\/produkter\\\/energiklipp-for-gravmaskiner\\\/jak-300c-energiklipp-for-gravmaskin\\\/#primaryimage\"},\"thumbnailUrl\":\"https:\\\/\\\/jak.fi\\\/wp-content\\\/uploads\\\/2024\\\/05\\\/jak-300c-tree-shear-with-collector-1-1.png\",\"datePublished\":\"2024-05-30T06:11:48+00:00\",\"dateModified\":\"2025-08-18T12:07:53+00:00\",\"description\":\"JAK-300C \u00e4r en energiklipp d\u00e4r sk\u00e4rkraften \u00e4r koncentrerad till ena sidan av k\u00e4ken. Energiklippet JAK-300C har genomg\u00e5tt en kr\u00e4vande testprocess.\",\"breadcrumb\":{\"@id\":\"https:\\\/\\\/jak.fi\\\/sv\\\/produkter\\\/energiklipp-for-gravmaskiner\\\/jak-300c-energiklipp-for-gravmaskin\\\/#breadcrumb\"},\"inLanguage\":\"sv-SE\",\"potentialAction\":[{\"@type\":\"ReadAction\",\"target\":[\"https:\\\/\\\/jak.fi\\\/sv\\\/produkter\\\/energiklipp-for-gravmaskiner\\\/jak-300c-energiklipp-for-gravmaskin\\\/\"]}]},{\"@type\":\"ImageObject\",\"inLanguage\":\"sv-SE\",\"@id\":\"https:\\\/\\\/jak.fi\\\/sv\\\/produkter\\\/energiklipp-for-gravmaskiner\\\/jak-300c-energiklipp-for-gravmaskin\\\/#primaryimage\",\"url\":\"https:\\\/\\\/jak.fi\\\/wp-content\\\/uploads\\\/2024\\\/05\\\/jak-300c-tree-shear-with-collector-1-1.png\",\"contentUrl\":\"https:\\\/\\\/jak.fi\\\/wp-content\\\/uploads\\\/2024\\\/05\\\/jak-300c-tree-shear-with-collector-1-1.png\",\"width\":1000,\"height\":666,\"caption\":\"JAK-300C energiklipp - en kraftfull och h\u00e5llbar energiklipp f\u00f6r gr\u00e4vmaskiner. Utformad f\u00f6r effektiv avverkning under kr\u00e4vande f\u00f6rh\u00e5llanden.\"},{\"@type\":\"BreadcrumbList\",\"@id\":\"https:\\\/\\\/jak.fi\\\/sv\\\/produkter\\\/energiklipp-for-gravmaskiner\\\/jak-300c-energiklipp-for-gravmaskin\\\/#breadcrumb\",\"itemListElement\":[{\"@type\":\"ListItem\",\"position\":1,\"name\":\"Etusivu\",\"item\":\"https:\\\/\\\/jak.fi\\\/sv\\\/\"},{\"@type\":\"ListItem\",\"position\":2,\"name\":\"Produkter\",\"item\":\"https:\\\/\\\/jak.fi\\\/sv\\\/produkter\\\/\"},{\"@type\":\"ListItem\",\"position\":3,\"name\":\"JAK-300C Energiklipp f\u00f6r gr\u00e4vmaskin 6-20t\"}]},{\"@type\":\"WebSite\",\"@id\":\"https:\\\/\\\/jak.fi\\\/sv\\\/#website\",\"url\":\"https:\\\/\\\/jak.fi\\\/sv\\\/\",\"name\":\"JAK-Metalli Oy\",\"description\":\"\",\"publisher\":{\"@id\":\"https:\\\/\\\/jak.fi\\\/sv\\\/#organization\"},\"alternateName\":\"JAK Tree shears\",\"potentialAction\":[{\"@type\":\"SearchAction\",\"target\":{\"@type\":\"EntryPoint\",\"urlTemplate\":\"https:\\\/\\\/jak.fi\\\/sv\\\/?s={search_term_string}\"},\"query-input\":{\"@type\":\"PropertyValueSpecification\",\"valueRequired\":true,\"valueName\":\"search_term_string\"}}],\"inLanguage\":\"sv-SE\"},{\"@type\":\"Organization\",\"@id\":\"https:\\\/\\\/jak.fi\\\/sv\\\/#organization\",\"name\":\"JAK-Metalli Oy\",\"alternateName\":\"JAK Tree shears\",\"url\":\"https:\\\/\\\/jak.fi\\\/sv\\\/\",\"logo\":{\"@type\":\"ImageObject\",\"inLanguage\":\"sv-SE\",\"@id\":\"https:\\\/\\\/jak.fi\\\/sv\\\/#\\\/schema\\\/logo\\\/image\\\/\",\"url\":\"https:\\\/\\\/jak.fi\\\/wp-content\\\/uploads\\\/2024\\\/09\\\/JAK-logo-696x696-1.jpg\",\"contentUrl\":\"https:\\\/\\\/jak.fi\\\/wp-content\\\/uploads\\\/2024\\\/09\\\/JAK-logo-696x696-1.jpg\",\"width\":696,\"height\":696,\"caption\":\"JAK-Metalli Oy\"},\"image\":{\"@id\":\"https:\\\/\\\/jak.fi\\\/sv\\\/#\\\/schema\\\/logo\\\/image\\\/\"},\"sameAs\":[\"https:\\\/\\\/www.facebook.com\\\/jaktreeshears\",\"https:\\\/\\\/www.instagram.com\\\/jaktreeshears\\\/\",\"https:\\\/\\\/www.youtube.com\\\/channel\\\/UCAwvaVhBBkPie8MeAGbdY1w\"]}]}<\/script>\n<!-- \/ Yoast SEO plugin. -->","yoast_head_json":{"title":"JAK-300C Energiklipp f\u00f6r gr\u00e4vmaskin 6-20t &#8211; JAK-Metalli Oy","description":"JAK-300C \u00e4r en energiklipp d\u00e4r sk\u00e4rkraften \u00e4r koncentrerad till ena sidan av k\u00e4ken. Energiklippet JAK-300C har genomg\u00e5tt en kr\u00e4vande testprocess.","robots":{"index":"index","follow":"follow","max-snippet":"max-snippet:-1","max-image-preview":"max-image-preview:large","max-video-preview":"max-video-preview:-1"},"canonical":"https:\/\/jak.fi\/sv\/produkter\/energiklipp-for-gravmaskiner\/jak-300c-energiklipp-for-gravmaskin\/","og_locale":"sv_SE","og_type":"article","og_title":"JAK-300C Energiklipp f\u00f6r gr\u00e4vmaskin 6-20t &#8211; JAK-Metalli Oy","og_description":"JAK-300C \u00e4r en energiklipp d\u00e4r sk\u00e4rkraften \u00e4r koncentrerad till ena sidan av k\u00e4ken. Energiklippet JAK-300C har genomg\u00e5tt en kr\u00e4vande testprocess.","og_url":"https:\/\/jak.fi\/sv\/produkter\/energiklipp-for-gravmaskiner\/jak-300c-energiklipp-for-gravmaskin\/","og_site_name":"JAK-Metalli Oy","article_publisher":"https:\/\/www.facebook.com\/jaktreeshears","article_modified_time":"2025-08-18T12:07:53+00:00","og_image":[{"width":1000,"height":666,"url":"https:\/\/jak.fi\/wp-content\/uploads\/2024\/05\/jak-300c-tree-shear-with-collector-1-1.png","type":"image\/png"}],"twitter_card":"summary_large_image","twitter_misc":{"Ber\u00e4knad l\u00e4stid":"2 minut"},"schema":{"@context":"https:\/\/schema.org","@graph":[{"@type":"WebPage","@id":"https:\/\/jak.fi\/sv\/produkter\/energiklipp-for-gravmaskiner\/jak-300c-energiklipp-for-gravmaskin\/","url":"https:\/\/jak.fi\/sv\/produkter\/energiklipp-for-gravmaskiner\/jak-300c-energiklipp-for-gravmaskin\/","name":"JAK-300C Energiklipp f\u00f6r gr\u00e4vmaskin 6-20t &#8211; JAK-Metalli Oy","isPartOf":{"@id":"https:\/\/jak.fi\/sv\/#website"},"primaryImageOfPage":{"@id":"https:\/\/jak.fi\/sv\/produkter\/energiklipp-for-gravmaskiner\/jak-300c-energiklipp-for-gravmaskin\/#primaryimage"},"image":{"@id":"https:\/\/jak.fi\/sv\/produkter\/energiklipp-for-gravmaskiner\/jak-300c-energiklipp-for-gravmaskin\/#primaryimage"},"thumbnailUrl":"https:\/\/jak.fi\/wp-content\/uploads\/2024\/05\/jak-300c-tree-shear-with-collector-1-1.png","datePublished":"2024-05-30T06:11:48+00:00","dateModified":"2025-08-18T12:07:53+00:00","description":"JAK-300C \u00e4r en energiklipp d\u00e4r sk\u00e4rkraften \u00e4r koncentrerad till ena sidan av k\u00e4ken. Energiklippet JAK-300C har genomg\u00e5tt en kr\u00e4vande testprocess.","breadcrumb":{"@id":"https:\/\/jak.fi\/sv\/produkter\/energiklipp-for-gravmaskiner\/jak-300c-energiklipp-for-gravmaskin\/#breadcrumb"},"inLanguage":"sv-SE","potentialAction":[{"@type":"ReadAction","target":["https:\/\/jak.fi\/sv\/produkter\/energiklipp-for-gravmaskiner\/jak-300c-energiklipp-for-gravmaskin\/"]}]},{"@type":"ImageObject","inLanguage":"sv-SE","@id":"https:\/\/jak.fi\/sv\/produkter\/energiklipp-for-gravmaskiner\/jak-300c-energiklipp-for-gravmaskin\/#primaryimage","url":"https:\/\/jak.fi\/wp-content\/uploads\/2024\/05\/jak-300c-tree-shear-with-collector-1-1.png","contentUrl":"https:\/\/jak.fi\/wp-content\/uploads\/2024\/05\/jak-300c-tree-shear-with-collector-1-1.png","width":1000,"height":666,"caption":"JAK-300C energiklipp - en kraftfull och h\u00e5llbar energiklipp f\u00f6r gr\u00e4vmaskiner. Utformad f\u00f6r effektiv avverkning under kr\u00e4vande f\u00f6rh\u00e5llanden."},{"@type":"BreadcrumbList","@id":"https:\/\/jak.fi\/sv\/produkter\/energiklipp-for-gravmaskiner\/jak-300c-energiklipp-for-gravmaskin\/#breadcrumb","itemListElement":[{"@type":"ListItem","position":1,"name":"Etusivu","item":"https:\/\/jak.fi\/sv\/"},{"@type":"ListItem","position":2,"name":"Produkter","item":"https:\/\/jak.fi\/sv\/produkter\/"},{"@type":"ListItem","position":3,"name":"JAK-300C Energiklipp f\u00f6r gr\u00e4vmaskin 6-20t"}]},{"@type":"WebSite","@id":"https:\/\/jak.fi\/sv\/#website","url":"https:\/\/jak.fi\/sv\/","name":"JAK-Metalli Oy","description":"","publisher":{"@id":"https:\/\/jak.fi\/sv\/#organization"},"alternateName":"JAK Tree shears","potentialAction":[{"@type":"SearchAction","target":{"@type":"EntryPoint","urlTemplate":"https:\/\/jak.fi\/sv\/?s={search_term_string}"},"query-input":{"@type":"PropertyValueSpecification","valueRequired":true,"valueName":"search_term_string"}}],"inLanguage":"sv-SE"},{"@type":"Organization","@id":"https:\/\/jak.fi\/sv\/#organization","name":"JAK-Metalli Oy","alternateName":"JAK Tree shears","url":"https:\/\/jak.fi\/sv\/","logo":{"@type":"ImageObject","inLanguage":"sv-SE","@id":"https:\/\/jak.fi\/sv\/#\/schema\/logo\/image\/","url":"https:\/\/jak.fi\/wp-content\/uploads\/2024\/09\/JAK-logo-696x696-1.jpg","contentUrl":"https:\/\/jak.fi\/wp-content\/uploads\/2024\/09\/JAK-logo-696x696-1.jpg","width":696,"height":696,"caption":"JAK-Metalli Oy"},"image":{"@id":"https:\/\/jak.fi\/sv\/#\/schema\/logo\/image\/"},"sameAs":["https:\/\/www.facebook.com\/jaktreeshears","https:\/\/www.instagram.com\/jaktreeshears\/","https:\/\/www.youtube.com\/channel\/UCAwvaVhBBkPie8MeAGbdY1w"]}]}},"_links":{"self":[{"href":"https:\/\/jak.fi\/sv\/wp-json\/wp\/v2\/product\/6089","targetHints":{"allow":["GET"]}}],"collection":[{"href":"https:\/\/jak.fi\/sv\/wp-json\/wp\/v2\/product"}],"about":[{"href":"https:\/\/jak.fi\/sv\/wp-json\/wp\/v2\/types\/product"}],"wp:featuredmedia":[{"embeddable":true,"href":"https:\/\/jak.fi\/sv\/wp-json\/wp\/v2\/media\/6090"}],"wp:attachment":[{"href":"https:\/\/jak.fi\/sv\/wp-json\/wp\/v2\/media?parent=6089"}],"wp:term":[{"taxonomy":"product_brand","embeddable":true,"href":"https:\/\/jak.fi\/sv\/wp-json\/wp\/v2\/product_brand?post=6089"},{"taxonomy":"product_cat","embeddable":true,"href":"https:\/\/jak.fi\/sv\/wp-json\/wp\/v2\/product_cat?post=6089"},{"taxonomy":"product_tag","embeddable":true,"href":"https:\/\/jak.fi\/sv\/wp-json\/wp\/v2\/product_tag?post=6089"}],"curies":[{"name":"wp","href":"https:\/\/api.w.org\/{rel}","templated":true}]}}