{"id":6125,"date":"2024-05-28T10:06:32","date_gmt":"2024-05-28T07:06:32","guid":{"rendered":"https:\/\/jak.fi\/products\/okategoriserad\/kabelkontroll\/"},"modified":"2025-02-26T10:04:29","modified_gmt":"2025-02-26T07:04:29","slug":"kabelstyrning","status":"publish","type":"product","link":"https:\/\/jak.fi\/sv\/produkter\/tillbehor-for-energiklippar\/kabelstyrning\/","title":{"rendered":"Kabelstyrning"},"content":{"rendered":"<p>Kabelstyrning anv\u00e4nds f\u00f6r att styra den elektroniskt styrda 6\/2-ventilen. N\u00e4r exempelvis JAK-Energiklipp \u00e4r utrustad med en samlare, guillotin eller roterare f\u00f6r att fungera med extra hydraulik via den elektroniskt styrda 6\/2-ventilen, beh\u00f6vs en kontrollenhet f\u00f6r att styra systemet.<\/p>\n<p>Kabelstyrningssystemet levereras med en styrenhet som inneh\u00e5ller en kontroll med tre knappar. Alternativt kan styrningen kopplas till redan existerande knappar. Dessutom ing\u00e5r en 10 m f\u00f6rl\u00e4ngningskabel f\u00f6r att ansluta s\u00e4ndaren till den elektroniskt styrda 6\/2-ventilen. Str\u00f6mf\u00f6rs\u00f6rjningen till kabelstyrningsenheten kan tas fr\u00e5n basmaskinens batteri.<\/p>\n<p>&nbsp;<\/p>\n<p><img loading=\"lazy\" decoding=\"async\" class=\"alignnone size-medium wp-image-586\" src=\"https:\/\/jak.fi\/wp-content\/uploads\/2024\/05\/Cable-Control-Pallukat-2-700x467.png\" alt=\"\" width=\"700\" height=\"467\" srcset=\"https:\/\/jak.fi\/wp-content\/uploads\/2024\/05\/Cable-Control-Pallukat-2-700x467.png 700w, https:\/\/jak.fi\/wp-content\/uploads\/2024\/05\/Cable-Control-Pallukat-2-768x512.png 768w, https:\/\/jak.fi\/wp-content\/uploads\/2024\/05\/Cable-Control-Pallukat-2-800x534.png 800w, https:\/\/jak.fi\/wp-content\/uploads\/2024\/05\/Cable-Control-Pallukat-2.png 1000w\" sizes=\"auto, (max-width: 700px) 100vw, 700px\" \/><\/p>\n<p><strong>Komponenter f\u00f6r kabelstyrning<\/strong><\/p>\n<p>1 &#8211; Styrenhet 12V och 24V<\/p>\n<p>2 &#8211; F\u00f6rl\u00e4ngningskabel f\u00f6r anslutningskabel (10 m)<\/p>\n<p>3 &#8211; Styrkabel (1,5 m)<\/p>\n<p>4 &#8211; Styrkabel med tre knappar (1,5 m)<\/p>\n<p>5 &#8211; Anslutningskabel (3m)<\/p>\n","protected":false},"excerpt":{"rendered":"<p>Kabelstyrning anv\u00e4nds f\u00f6r att styra den elektroniskt styrda 6\/2-ventilen. N\u00e4r exempelvis JAK-Energiklipp \u00e4r utrustad med en samlare, guillotin eller roterare f\u00f6r att fungera med extra hydraulik via den elektroniskt styrda 6\/2-ventilen, beh\u00f6vs en kontrollenhet f\u00f6r att styra systemet. Kabelstyrningssystemet levereras med en styrenhet som inneh\u00e5ller en kontroll med tre knappar. Alternativt kan styrningen kopplas till [&hellip;]<\/p>\n","protected":false},"featured_media":6126,"template":"","meta":{"_acf_changed":false},"product_brand":[],"product_cat":[603],"product_tag":[],"class_list":{"0":"post-6125","1":"product","2":"type-product","3":"status-publish","4":"has-post-thumbnail","6":"product_cat-tillbehor-for-energiklippar","8":"first","9":"instock","10":"shipping-taxable","11":"product-type-simple"},"acf":[],"yoast_head":"<!-- This site is optimized with the Yoast SEO plugin v27.3 - https:\/\/yoast.com\/product\/yoast-seo-wordpress\/ -->\n<title>Kabelstyrning &#8211; JAK-Metalli Oy<\/title>\n<meta name=\"robots\" content=\"index, follow, max-snippet:-1, max-image-preview:large, max-video-preview:-1\" \/>\n<link rel=\"canonical\" href=\"https:\/\/jak.fi\/sv\/produkter\/tillbehor-for-energiklippar\/kabelstyrning\/\" \/>\n<meta property=\"og:locale\" content=\"sv_SE\" \/>\n<meta property=\"og:type\" content=\"article\" \/>\n<meta property=\"og:title\" content=\"Kabelstyrning &#8211; JAK-Metalli Oy\" \/>\n<meta property=\"og:description\" content=\"Kabelstyrning anv\u00e4nds f\u00f6r att styra den elektroniskt styrda 6\/2-ventilen. N\u00e4r exempelvis JAK-Energiklipp \u00e4r utrustad med en samlare, guillotin eller roterare f\u00f6r att fungera med extra hydraulik via den elektroniskt styrda 6\/2-ventilen, beh\u00f6vs en kontrollenhet f\u00f6r att styra systemet. Kabelstyrningssystemet levereras med en styrenhet som inneh\u00e5ller en kontroll med tre knappar. Alternativt kan styrningen kopplas till [&hellip;]\" \/>\n<meta property=\"og:url\" content=\"https:\/\/jak.fi\/sv\/produkter\/tillbehor-for-energiklippar\/kabelstyrning\/\" \/>\n<meta property=\"og:site_name\" content=\"JAK-Metalli Oy\" \/>\n<meta property=\"article:publisher\" content=\"https:\/\/www.facebook.com\/jaktreeshears\" \/>\n<meta property=\"article:modified_time\" content=\"2025-02-26T07:04:29+00:00\" \/>\n<meta property=\"og:image\" content=\"https:\/\/jak.fi\/wp-content\/uploads\/2024\/05\/JAK-cable-control01.png\" \/>\n\t<meta property=\"og:image:width\" content=\"1000\" \/>\n\t<meta property=\"og:image:height\" content=\"667\" \/>\n\t<meta property=\"og:image:type\" content=\"image\/png\" \/>\n<meta name=\"twitter:card\" content=\"summary_large_image\" \/>\n<meta name=\"twitter:label1\" content=\"Ber\u00e4knad l\u00e4stid\" \/>\n\t<meta name=\"twitter:data1\" content=\"2 minut\" \/>\n<script type=\"application\/ld+json\" class=\"yoast-schema-graph\">{\"@context\":\"https:\\\/\\\/schema.org\",\"@graph\":[{\"@type\":\"WebPage\",\"@id\":\"https:\\\/\\\/jak.fi\\\/sv\\\/produkter\\\/tillbehor-for-energiklippar\\\/kabelstyrning\\\/\",\"url\":\"https:\\\/\\\/jak.fi\\\/sv\\\/produkter\\\/tillbehor-for-energiklippar\\\/kabelstyrning\\\/\",\"name\":\"Kabelstyrning &#8211; JAK-Metalli Oy\",\"isPartOf\":{\"@id\":\"https:\\\/\\\/jak.fi\\\/sv\\\/#website\"},\"primaryImageOfPage\":{\"@id\":\"https:\\\/\\\/jak.fi\\\/sv\\\/produkter\\\/tillbehor-for-energiklippar\\\/kabelstyrning\\\/#primaryimage\"},\"image\":{\"@id\":\"https:\\\/\\\/jak.fi\\\/sv\\\/produkter\\\/tillbehor-for-energiklippar\\\/kabelstyrning\\\/#primaryimage\"},\"thumbnailUrl\":\"https:\\\/\\\/jak.fi\\\/wp-content\\\/uploads\\\/2024\\\/05\\\/JAK-cable-control01.png\",\"datePublished\":\"2024-05-28T07:06:32+00:00\",\"dateModified\":\"2025-02-26T07:04:29+00:00\",\"breadcrumb\":{\"@id\":\"https:\\\/\\\/jak.fi\\\/sv\\\/produkter\\\/tillbehor-for-energiklippar\\\/kabelstyrning\\\/#breadcrumb\"},\"inLanguage\":\"sv-SE\",\"potentialAction\":[{\"@type\":\"ReadAction\",\"target\":[\"https:\\\/\\\/jak.fi\\\/sv\\\/produkter\\\/tillbehor-for-energiklippar\\\/kabelstyrning\\\/\"]}]},{\"@type\":\"ImageObject\",\"inLanguage\":\"sv-SE\",\"@id\":\"https:\\\/\\\/jak.fi\\\/sv\\\/produkter\\\/tillbehor-for-energiklippar\\\/kabelstyrning\\\/#primaryimage\",\"url\":\"https:\\\/\\\/jak.fi\\\/wp-content\\\/uploads\\\/2024\\\/05\\\/JAK-cable-control01.png\",\"contentUrl\":\"https:\\\/\\\/jak.fi\\\/wp-content\\\/uploads\\\/2024\\\/05\\\/JAK-cable-control01.png\",\"width\":1000,\"height\":667,\"caption\":\"Kaapeliohjaus energiakouralle\"},{\"@type\":\"BreadcrumbList\",\"@id\":\"https:\\\/\\\/jak.fi\\\/sv\\\/produkter\\\/tillbehor-for-energiklippar\\\/kabelstyrning\\\/#breadcrumb\",\"itemListElement\":[{\"@type\":\"ListItem\",\"position\":1,\"name\":\"Etusivu\",\"item\":\"https:\\\/\\\/jak.fi\\\/sv\\\/\"},{\"@type\":\"ListItem\",\"position\":2,\"name\":\"Produkter\",\"item\":\"https:\\\/\\\/jak.fi\\\/sv\\\/produkter\\\/\"},{\"@type\":\"ListItem\",\"position\":3,\"name\":\"Kabelstyrning\"}]},{\"@type\":\"WebSite\",\"@id\":\"https:\\\/\\\/jak.fi\\\/sv\\\/#website\",\"url\":\"https:\\\/\\\/jak.fi\\\/sv\\\/\",\"name\":\"JAK-Metalli Oy\",\"description\":\"\",\"publisher\":{\"@id\":\"https:\\\/\\\/jak.fi\\\/sv\\\/#organization\"},\"alternateName\":\"JAK Tree shears\",\"potentialAction\":[{\"@type\":\"SearchAction\",\"target\":{\"@type\":\"EntryPoint\",\"urlTemplate\":\"https:\\\/\\\/jak.fi\\\/sv\\\/?s={search_term_string}\"},\"query-input\":{\"@type\":\"PropertyValueSpecification\",\"valueRequired\":true,\"valueName\":\"search_term_string\"}}],\"inLanguage\":\"sv-SE\"},{\"@type\":\"Organization\",\"@id\":\"https:\\\/\\\/jak.fi\\\/sv\\\/#organization\",\"name\":\"JAK-Metalli Oy\",\"alternateName\":\"JAK Tree shears\",\"url\":\"https:\\\/\\\/jak.fi\\\/sv\\\/\",\"logo\":{\"@type\":\"ImageObject\",\"inLanguage\":\"sv-SE\",\"@id\":\"https:\\\/\\\/jak.fi\\\/sv\\\/#\\\/schema\\\/logo\\\/image\\\/\",\"url\":\"https:\\\/\\\/jak.fi\\\/wp-content\\\/uploads\\\/2024\\\/09\\\/JAK-logo-696x696-1.jpg\",\"contentUrl\":\"https:\\\/\\\/jak.fi\\\/wp-content\\\/uploads\\\/2024\\\/09\\\/JAK-logo-696x696-1.jpg\",\"width\":696,\"height\":696,\"caption\":\"JAK-Metalli Oy\"},\"image\":{\"@id\":\"https:\\\/\\\/jak.fi\\\/sv\\\/#\\\/schema\\\/logo\\\/image\\\/\"},\"sameAs\":[\"https:\\\/\\\/www.facebook.com\\\/jaktreeshears\",\"https:\\\/\\\/www.instagram.com\\\/jaktreeshears\\\/\",\"https:\\\/\\\/www.youtube.com\\\/channel\\\/UCAwvaVhBBkPie8MeAGbdY1w\"]}]}<\/script>\n<!-- \/ Yoast SEO plugin. -->","yoast_head_json":{"title":"Kabelstyrning &#8211; JAK-Metalli Oy","robots":{"index":"index","follow":"follow","max-snippet":"max-snippet:-1","max-image-preview":"max-image-preview:large","max-video-preview":"max-video-preview:-1"},"canonical":"https:\/\/jak.fi\/sv\/produkter\/tillbehor-for-energiklippar\/kabelstyrning\/","og_locale":"sv_SE","og_type":"article","og_title":"Kabelstyrning &#8211; JAK-Metalli Oy","og_description":"Kabelstyrning anv\u00e4nds f\u00f6r att styra den elektroniskt styrda 6\/2-ventilen. N\u00e4r exempelvis JAK-Energiklipp \u00e4r utrustad med en samlare, guillotin eller roterare f\u00f6r att fungera med extra hydraulik via den elektroniskt styrda 6\/2-ventilen, beh\u00f6vs en kontrollenhet f\u00f6r att styra systemet. Kabelstyrningssystemet levereras med en styrenhet som inneh\u00e5ller en kontroll med tre knappar. Alternativt kan styrningen kopplas till [&hellip;]","og_url":"https:\/\/jak.fi\/sv\/produkter\/tillbehor-for-energiklippar\/kabelstyrning\/","og_site_name":"JAK-Metalli Oy","article_publisher":"https:\/\/www.facebook.com\/jaktreeshears","article_modified_time":"2025-02-26T07:04:29+00:00","og_image":[{"width":1000,"height":667,"url":"https:\/\/jak.fi\/wp-content\/uploads\/2024\/05\/JAK-cable-control01.png","type":"image\/png"}],"twitter_card":"summary_large_image","twitter_misc":{"Ber\u00e4knad l\u00e4stid":"2 minut"},"schema":{"@context":"https:\/\/schema.org","@graph":[{"@type":"WebPage","@id":"https:\/\/jak.fi\/sv\/produkter\/tillbehor-for-energiklippar\/kabelstyrning\/","url":"https:\/\/jak.fi\/sv\/produkter\/tillbehor-for-energiklippar\/kabelstyrning\/","name":"Kabelstyrning &#8211; JAK-Metalli Oy","isPartOf":{"@id":"https:\/\/jak.fi\/sv\/#website"},"primaryImageOfPage":{"@id":"https:\/\/jak.fi\/sv\/produkter\/tillbehor-for-energiklippar\/kabelstyrning\/#primaryimage"},"image":{"@id":"https:\/\/jak.fi\/sv\/produkter\/tillbehor-for-energiklippar\/kabelstyrning\/#primaryimage"},"thumbnailUrl":"https:\/\/jak.fi\/wp-content\/uploads\/2024\/05\/JAK-cable-control01.png","datePublished":"2024-05-28T07:06:32+00:00","dateModified":"2025-02-26T07:04:29+00:00","breadcrumb":{"@id":"https:\/\/jak.fi\/sv\/produkter\/tillbehor-for-energiklippar\/kabelstyrning\/#breadcrumb"},"inLanguage":"sv-SE","potentialAction":[{"@type":"ReadAction","target":["https:\/\/jak.fi\/sv\/produkter\/tillbehor-for-energiklippar\/kabelstyrning\/"]}]},{"@type":"ImageObject","inLanguage":"sv-SE","@id":"https:\/\/jak.fi\/sv\/produkter\/tillbehor-for-energiklippar\/kabelstyrning\/#primaryimage","url":"https:\/\/jak.fi\/wp-content\/uploads\/2024\/05\/JAK-cable-control01.png","contentUrl":"https:\/\/jak.fi\/wp-content\/uploads\/2024\/05\/JAK-cable-control01.png","width":1000,"height":667,"caption":"Kaapeliohjaus energiakouralle"},{"@type":"BreadcrumbList","@id":"https:\/\/jak.fi\/sv\/produkter\/tillbehor-for-energiklippar\/kabelstyrning\/#breadcrumb","itemListElement":[{"@type":"ListItem","position":1,"name":"Etusivu","item":"https:\/\/jak.fi\/sv\/"},{"@type":"ListItem","position":2,"name":"Produkter","item":"https:\/\/jak.fi\/sv\/produkter\/"},{"@type":"ListItem","position":3,"name":"Kabelstyrning"}]},{"@type":"WebSite","@id":"https:\/\/jak.fi\/sv\/#website","url":"https:\/\/jak.fi\/sv\/","name":"JAK-Metalli Oy","description":"","publisher":{"@id":"https:\/\/jak.fi\/sv\/#organization"},"alternateName":"JAK Tree shears","potentialAction":[{"@type":"SearchAction","target":{"@type":"EntryPoint","urlTemplate":"https:\/\/jak.fi\/sv\/?s={search_term_string}"},"query-input":{"@type":"PropertyValueSpecification","valueRequired":true,"valueName":"search_term_string"}}],"inLanguage":"sv-SE"},{"@type":"Organization","@id":"https:\/\/jak.fi\/sv\/#organization","name":"JAK-Metalli Oy","alternateName":"JAK Tree shears","url":"https:\/\/jak.fi\/sv\/","logo":{"@type":"ImageObject","inLanguage":"sv-SE","@id":"https:\/\/jak.fi\/sv\/#\/schema\/logo\/image\/","url":"https:\/\/jak.fi\/wp-content\/uploads\/2024\/09\/JAK-logo-696x696-1.jpg","contentUrl":"https:\/\/jak.fi\/wp-content\/uploads\/2024\/09\/JAK-logo-696x696-1.jpg","width":696,"height":696,"caption":"JAK-Metalli Oy"},"image":{"@id":"https:\/\/jak.fi\/sv\/#\/schema\/logo\/image\/"},"sameAs":["https:\/\/www.facebook.com\/jaktreeshears","https:\/\/www.instagram.com\/jaktreeshears\/","https:\/\/www.youtube.com\/channel\/UCAwvaVhBBkPie8MeAGbdY1w"]}]}},"_links":{"self":[{"href":"https:\/\/jak.fi\/sv\/wp-json\/wp\/v2\/product\/6125","targetHints":{"allow":["GET"]}}],"collection":[{"href":"https:\/\/jak.fi\/sv\/wp-json\/wp\/v2\/product"}],"about":[{"href":"https:\/\/jak.fi\/sv\/wp-json\/wp\/v2\/types\/product"}],"wp:featuredmedia":[{"embeddable":true,"href":"https:\/\/jak.fi\/sv\/wp-json\/wp\/v2\/media\/6126"}],"wp:attachment":[{"href":"https:\/\/jak.fi\/sv\/wp-json\/wp\/v2\/media?parent=6125"}],"wp:term":[{"taxonomy":"product_brand","embeddable":true,"href":"https:\/\/jak.fi\/sv\/wp-json\/wp\/v2\/product_brand?post=6125"},{"taxonomy":"product_cat","embeddable":true,"href":"https:\/\/jak.fi\/sv\/wp-json\/wp\/v2\/product_cat?post=6125"},{"taxonomy":"product_tag","embeddable":true,"href":"https:\/\/jak.fi\/sv\/wp-json\/wp\/v2\/product_tag?post=6125"}],"curies":[{"name":"wp","href":"https:\/\/api.w.org\/{rel}","templated":true}]}}